{"id":7687,"date":"2025-12-15T21:50:12","date_gmt":"2025-12-15T21:50:12","guid":{"rendered":"https:\/\/happyinaknit.com\/?post_type=product&#038;p=7687"},"modified":"2026-03-16T09:03:01","modified_gmt":"2026-03-16T09:03:01","slug":"lana-grossa-cosmo","status":"publish","type":"product","link":"https:\/\/happyinaknit.com\/lt\/produktas\/lana-grossa-cosmo\/","title":{"rendered":"Lana Grossa Cosmo"},"content":{"rendered":"<p><b>Lana Grossa Cosmo<\/b> \u2013 tai dekoratyv\u016bs medvilniniai si\u016blai su dideliais ir ma\u017eais \u017evyneliais, suteikiantys mezginiams subtil\u0173, kosmin\u012f \u017evilges\u012f. Puikiai tinka kaip papildomi si\u016blai prie pagrindinio si\u016blo arba akcentams i\u0161skirtiniuose projektuose.<\/p>\n<p><b>Sud\u0117tis: <\/b><b><\/b>100 % medviln\u0117<\/p>\n<p><b>Svoris \/ ilgis: <\/b><b><\/b>100 g &#8211; 260 m<\/p>\n<p><b>Apytikris sunaudojimas: <\/b><b><\/b>Naudojami kaip papildomi (kompanioniniai) si\u016blai \u2013 sunaudojimas priklauso nuo projekto ir pasirinkto pagrindinio si\u016blo<\/p>\n<p><b>Prie\u017ei\u016bra: <\/b><b><\/b>Rekomenduojamas \u0161velnus rankinis skalbimas. D\u017eiovinti patiesus, nelyginti<\/p>\n<p><strong>Pastaba<\/strong>: spalv\u0173 atspalviai gali \u0161iek tiek skirtis priklausomai nuo \u012frenginio ekrano.<\/p>\n","protected":false},"excerpt":{"rendered":"<p>Lana Grossa Cosmo \u2013 tai dekoratyv\u016bs medvilniniai si\u016blai su dideliais ir ma\u017eais \u017evyneliais, suteikiantys mezginiams subtil\u0173, kosmin\u012f \u017evilges\u012f. Puikiai tinka kaip papildomi si\u016blai prie pagrindinio si\u016blo arba akcentams i\u0161skirtiniuose projektuose. Sud\u0117tis: 100 % medviln\u0117 Svoris \/ ilgis: 100 g &#8211; 260 m Apytikris sunaudojimas: Naudojami kaip papildomi (kompanioniniai) si\u016blai \u2013 sunaudojimas priklauso nuo projekto ir [&hellip;]<\/p>\n","protected":false},"featured_media":7681,"comment_status":"open","ping_status":"closed","template":"","meta":{"_acf_changed":false},"product_brand":[67],"product_cat":[15,18,323],"product_tag":[],"pro-kategorijos":[55,81],"class_list":{"0":"post-7687","1":"product","2":"type-product","3":"status-publish","4":"has-post-thumbnail","6":"product_brand-lana-grossa","7":"product_cat-visi-produktai","8":"product_cat-siulai","9":"product_cat-siulai-su-lureksu-ir-zvyneliais","10":"pro-kategorijos-medvilne","11":"pro-kategorijos-poliamidas-zvyneliai","13":"first","14":"instock","15":"shipping-taxable","16":"purchasable","17":"product-type-variable"},"acf":[],"yoast_head":"<!-- This site is optimized with the Yoast SEO plugin v26.8 - https:\/\/yoast.com\/product\/yoast-seo-wordpress\/ -->\n<title>Lana Grossa Cosmo - Happyinaknit.com<\/title>\n<meta name=\"robots\" content=\"index, follow, max-snippet:-1, max-image-preview:large, max-video-preview:-1\" \/>\n<link rel=\"canonical\" href=\"https:\/\/happyinaknit.com\/lt\/produktas\/lana-grossa-cosmo\/\" \/>\n<meta property=\"og:locale\" content=\"lt_LT\" \/>\n<meta property=\"og:type\" content=\"article\" \/>\n<meta property=\"og:title\" content=\"Lana Grossa Cosmo - Happyinaknit.com\" \/>\n<meta property=\"og:description\" content=\"Lana Grossa Cosmo \u2013 tai dekoratyv\u016bs medvilniniai si\u016blai su dideliais ir ma\u017eais \u017evyneliais, suteikiantys mezginiams subtil\u0173, kosmin\u012f \u017evilges\u012f. Puikiai tinka kaip papildomi si\u016blai prie pagrindinio si\u016blo arba akcentams i\u0161skirtiniuose projektuose. Sud\u0117tis: 100 % medviln\u0117 Svoris \/ ilgis: 100 g &#8211; 260 m Apytikris sunaudojimas: Naudojami kaip papildomi (kompanioniniai) si\u016blai \u2013 sunaudojimas priklauso nuo projekto ir [&hellip;]\" \/>\n<meta property=\"og:url\" content=\"https:\/\/happyinaknit.com\/lt\/produktas\/lana-grossa-cosmo\/\" \/>\n<meta property=\"og:site_name\" content=\"Happyinaknit.com\" \/>\n<meta property=\"article:modified_time\" content=\"2026-03-16T09:03:01+00:00\" \/>\n<meta property=\"og:image\" content=\"https:\/\/happyinaknit.com\/wp-content\/uploads\/2025\/12\/IMG_3223.jpg\" \/>\n\t<meta property=\"og:image:width\" content=\"1289\" \/>\n\t<meta property=\"og:image:height\" content=\"1390\" \/>\n\t<meta property=\"og:image:type\" content=\"image\/jpeg\" \/>\n<meta name=\"twitter:card\" content=\"summary_large_image\" \/>\n<script type=\"application\/ld+json\" class=\"yoast-schema-graph\">{\"@context\":\"https:\/\/schema.org\",\"@graph\":[{\"@type\":\"WebPage\",\"@id\":\"https:\/\/happyinaknit.com\/produktas\/lana-grossa-cosmo\/\",\"url\":\"https:\/\/happyinaknit.com\/produktas\/lana-grossa-cosmo\/\",\"name\":\"Lana Grossa Cosmo - Happyinaknit.com\",\"isPartOf\":{\"@id\":\"https:\/\/happyinaknit.com\/lt\/#website\"},\"primaryImageOfPage\":{\"@id\":\"https:\/\/happyinaknit.com\/produktas\/lana-grossa-cosmo\/#primaryimage\"},\"image\":{\"@id\":\"https:\/\/happyinaknit.com\/produktas\/lana-grossa-cosmo\/#primaryimage\"},\"thumbnailUrl\":\"https:\/\/happyinaknit.com\/wp-content\/uploads\/2025\/12\/IMG_3223.jpg\",\"datePublished\":\"2025-12-15T21:50:12+00:00\",\"dateModified\":\"2026-03-16T09:03:01+00:00\",\"breadcrumb\":{\"@id\":\"https:\/\/happyinaknit.com\/produktas\/lana-grossa-cosmo\/#breadcrumb\"},\"inLanguage\":\"lt-LT\",\"potentialAction\":[{\"@type\":\"ReadAction\",\"target\":[\"https:\/\/happyinaknit.com\/produktas\/lana-grossa-cosmo\/\"]}]},{\"@type\":\"ImageObject\",\"inLanguage\":\"lt-LT\",\"@id\":\"https:\/\/happyinaknit.com\/produktas\/lana-grossa-cosmo\/#primaryimage\",\"url\":\"https:\/\/happyinaknit.com\/wp-content\/uploads\/2025\/12\/IMG_3223.jpg\",\"contentUrl\":\"https:\/\/happyinaknit.com\/wp-content\/uploads\/2025\/12\/IMG_3223.jpg\",\"width\":1289,\"height\":1390,\"caption\":\"Screenshot\"},{\"@type\":\"BreadcrumbList\",\"@id\":\"https:\/\/happyinaknit.com\/produktas\/lana-grossa-cosmo\/#breadcrumb\",\"itemListElement\":[{\"@type\":\"ListItem\",\"position\":1,\"name\":\"Home\",\"item\":\"https:\/\/happyinaknit.com\/lt\/\"},{\"@type\":\"ListItem\",\"position\":2,\"name\":\"Parduotuv\u0117\",\"item\":\"https:\/\/happyinaknit.com\/lt\/parduotuve\/\"},{\"@type\":\"ListItem\",\"position\":3,\"name\":\"Lana Grossa Cosmo\"}]},{\"@type\":\"WebSite\",\"@id\":\"https:\/\/happyinaknit.com\/lt\/#website\",\"url\":\"https:\/\/happyinaknit.com\/lt\/\",\"name\":\"Happyinaknit.com\",\"description\":\"\",\"potentialAction\":[{\"@type\":\"SearchAction\",\"target\":{\"@type\":\"EntryPoint\",\"urlTemplate\":\"https:\/\/happyinaknit.com\/lt\/?s={search_term_string}\"},\"query-input\":{\"@type\":\"PropertyValueSpecification\",\"valueRequired\":true,\"valueName\":\"search_term_string\"}}],\"inLanguage\":\"lt-LT\"}]}<\/script>\n<!-- \/ Yoast SEO plugin. -->","yoast_head_json":{"title":"Lana Grossa Cosmo - Happyinaknit.com","robots":{"index":"index","follow":"follow","max-snippet":"max-snippet:-1","max-image-preview":"max-image-preview:large","max-video-preview":"max-video-preview:-1"},"canonical":"https:\/\/happyinaknit.com\/lt\/produktas\/lana-grossa-cosmo\/","og_locale":"lt_LT","og_type":"article","og_title":"Lana Grossa Cosmo - Happyinaknit.com","og_description":"Lana Grossa Cosmo \u2013 tai dekoratyv\u016bs medvilniniai si\u016blai su dideliais ir ma\u017eais \u017evyneliais, suteikiantys mezginiams subtil\u0173, kosmin\u012f \u017evilges\u012f. Puikiai tinka kaip papildomi si\u016blai prie pagrindinio si\u016blo arba akcentams i\u0161skirtiniuose projektuose. Sud\u0117tis: 100 % medviln\u0117 Svoris \/ ilgis: 100 g &#8211; 260 m Apytikris sunaudojimas: Naudojami kaip papildomi (kompanioniniai) si\u016blai \u2013 sunaudojimas priklauso nuo projekto ir [&hellip;]","og_url":"https:\/\/happyinaknit.com\/lt\/produktas\/lana-grossa-cosmo\/","og_site_name":"Happyinaknit.com","article_modified_time":"2026-03-16T09:03:01+00:00","og_image":[{"width":1289,"height":1390,"url":"https:\/\/happyinaknit.com\/wp-content\/uploads\/2025\/12\/IMG_3223.jpg","type":"image\/jpeg"}],"twitter_card":"summary_large_image","schema":{"@context":"https:\/\/schema.org","@graph":[{"@type":"WebPage","@id":"https:\/\/happyinaknit.com\/produktas\/lana-grossa-cosmo\/","url":"https:\/\/happyinaknit.com\/produktas\/lana-grossa-cosmo\/","name":"Lana Grossa Cosmo - Happyinaknit.com","isPartOf":{"@id":"https:\/\/happyinaknit.com\/lt\/#website"},"primaryImageOfPage":{"@id":"https:\/\/happyinaknit.com\/produktas\/lana-grossa-cosmo\/#primaryimage"},"image":{"@id":"https:\/\/happyinaknit.com\/produktas\/lana-grossa-cosmo\/#primaryimage"},"thumbnailUrl":"https:\/\/happyinaknit.com\/wp-content\/uploads\/2025\/12\/IMG_3223.jpg","datePublished":"2025-12-15T21:50:12+00:00","dateModified":"2026-03-16T09:03:01+00:00","breadcrumb":{"@id":"https:\/\/happyinaknit.com\/produktas\/lana-grossa-cosmo\/#breadcrumb"},"inLanguage":"lt-LT","potentialAction":[{"@type":"ReadAction","target":["https:\/\/happyinaknit.com\/produktas\/lana-grossa-cosmo\/"]}]},{"@type":"ImageObject","inLanguage":"lt-LT","@id":"https:\/\/happyinaknit.com\/produktas\/lana-grossa-cosmo\/#primaryimage","url":"https:\/\/happyinaknit.com\/wp-content\/uploads\/2025\/12\/IMG_3223.jpg","contentUrl":"https:\/\/happyinaknit.com\/wp-content\/uploads\/2025\/12\/IMG_3223.jpg","width":1289,"height":1390,"caption":"Screenshot"},{"@type":"BreadcrumbList","@id":"https:\/\/happyinaknit.com\/produktas\/lana-grossa-cosmo\/#breadcrumb","itemListElement":[{"@type":"ListItem","position":1,"name":"Home","item":"https:\/\/happyinaknit.com\/lt\/"},{"@type":"ListItem","position":2,"name":"Parduotuv\u0117","item":"https:\/\/happyinaknit.com\/lt\/parduotuve\/"},{"@type":"ListItem","position":3,"name":"Lana Grossa Cosmo"}]},{"@type":"WebSite","@id":"https:\/\/happyinaknit.com\/lt\/#website","url":"https:\/\/happyinaknit.com\/lt\/","name":"Happyinaknit.com","description":"","potentialAction":[{"@type":"SearchAction","target":{"@type":"EntryPoint","urlTemplate":"https:\/\/happyinaknit.com\/lt\/?s={search_term_string}"},"query-input":{"@type":"PropertyValueSpecification","valueRequired":true,"valueName":"search_term_string"}}],"inLanguage":"lt-LT"}]}},"_links":{"self":[{"href":"https:\/\/happyinaknit.com\/lt\/wp-json\/wp\/v2\/product\/7687","targetHints":{"allow":["GET"]}}],"collection":[{"href":"https:\/\/happyinaknit.com\/lt\/wp-json\/wp\/v2\/product"}],"about":[{"href":"https:\/\/happyinaknit.com\/lt\/wp-json\/wp\/v2\/types\/product"}],"replies":[{"embeddable":true,"href":"https:\/\/happyinaknit.com\/lt\/wp-json\/wp\/v2\/comments?post=7687"}],"wp:featuredmedia":[{"embeddable":true,"href":"https:\/\/happyinaknit.com\/lt\/wp-json\/wp\/v2\/media\/7681"}],"wp:attachment":[{"href":"https:\/\/happyinaknit.com\/lt\/wp-json\/wp\/v2\/media?parent=7687"}],"wp:term":[{"taxonomy":"product_brand","embeddable":true,"href":"https:\/\/happyinaknit.com\/lt\/wp-json\/wp\/v2\/product_brand?post=7687"},{"taxonomy":"product_cat","embeddable":true,"href":"https:\/\/happyinaknit.com\/lt\/wp-json\/wp\/v2\/product_cat?post=7687"},{"taxonomy":"product_tag","embeddable":true,"href":"https:\/\/happyinaknit.com\/lt\/wp-json\/wp\/v2\/product_tag?post=7687"},{"taxonomy":"pro-kategorijos","embeddable":true,"href":"https:\/\/happyinaknit.com\/lt\/wp-json\/wp\/v2\/pro-kategorijos?post=7687"}],"curies":[{"name":"wp","href":"https:\/\/api.w.org\/{rel}","templated":true}]}}