{"id":7583,"date":"2025-12-04T20:15:04","date_gmt":"2025-12-04T20:15:04","guid":{"rendered":"https:\/\/happyinaknit.com\/?post_type=product&#038;p=7583"},"modified":"2026-01-06T07:01:10","modified_gmt":"2026-01-06T07:01:10","slug":"orphea-salvalana-lakstai-su-geliu-kvapu","status":"publish","type":"product","link":"https:\/\/happyinaknit.com\/lt\/produktas\/orphea-salvalana-lakstai-su-geliu-kvapu\/","title":{"rendered":"Orphea Salvalana lak\u0161tai su g\u0117li\u0173 kvapu"},"content":{"rendered":"<p><b>Orphea Salvalana<\/b> apsauginiai lak\u0161tai su g\u0117li\u0173 aromatu \u2013 puikus sprendimas vilnos ir jautri\u0173 audini\u0173 apsaugai. \u0160velniai kvepiantys lak\u0161tai veiksmingai atbaido kandis, o drabu\u017eiams ir spintos erdvei suteikia malon\u0173 aromat\u0105. Nat\u016brali sud\u0117tis yra saugi audiniams, tod\u0117l galite juos naudoti tiek sezoniniam laikymui, tiek kasdien\u0117je spintoje.<\/p>\n<p><b>Sud\u0117tis<\/b><b><\/b><\/p>\n<p>Nat\u016bralios kilm\u0117s veikliosios med\u017eiagos, g\u0117li\u0173 aromato kvapiosios esencijos.<\/p>\n<p><b>Kiekis<\/b><b><\/b><\/p>\n<p>12 aromatizuot\u0173 apsaugini\u0173 lak\u0161t\u0173 pakuot\u0117je.<\/p>\n<p><b>Savyb\u0117s<\/b><b><\/b><\/p>\n<p>\u2022Apsaugo vilnos ir kitus jautrius audinius nuo kand\u017ei\u0173.<\/p>\n<p>\u2022Maloniai kvepia g\u0117l\u0117mis.<\/p>\n<p>\u2022Saug\u016bs ir nedarantys \u017ealos audiniams.<\/p>\n<p>\u2022Ilgalaikis poveikis \u2013 tinka sezoni\u0161kai laikomiems drabu\u017eiams.<\/p>\n<p>\u2022Patog\u016bs naudoti spintose, stal\u010diuose, laikymo d\u0117\u017e\u0117se.<\/p>\n<p><b>Naudojimas<\/b><b><\/b><\/p>\n<p>\u012ed\u0117kite 1\u20132 lak\u0161tus \u012f spint\u0105, stal\u010di\u0173 ar drabu\u017ei\u0173 laikymo d\u0117\u017e\u0119. Pakeiskite, kai kvapas susilpn\u0117ja.<\/p>\n<p><b>Pastaba<\/b><b><\/b><\/p>\n<p>Spalv\u0173 atspalviai gali \u0161iek tiek skirtis priklausomai nuo \u012frenginio ekrano.<\/p>\n","protected":false},"excerpt":{"rendered":"<p>Orphea Salvalana apsauginiai lak\u0161tai su g\u0117li\u0173 aromatu \u2013 puikus sprendimas vilnos ir jautri\u0173 audini\u0173 apsaugai. \u0160velniai kvepiantys lak\u0161tai veiksmingai atbaido kandis, o drabu\u017eiams ir spintos erdvei suteikia malon\u0173 aromat\u0105. Nat\u016brali sud\u0117tis yra saugi audiniams, tod\u0117l galite juos naudoti tiek sezoniniam laikymui, tiek kasdien\u0117je spintoje. Sud\u0117tis Nat\u016bralios kilm\u0117s veikliosios med\u017eiagos, g\u0117li\u0173 aromato kvapiosios esencijos. Kiekis 12 [&hellip;]<\/p>\n","protected":false},"featured_media":7584,"comment_status":"open","ping_status":"closed","template":"","meta":{"_acf_changed":false},"product_brand":[1480],"product_cat":[15,20,91],"product_tag":[],"pro-kategorijos":[],"class_list":{"0":"post-7583","1":"product","2":"type-product","3":"status-publish","4":"has-post-thumbnail","6":"product_brand-orphea","7":"product_cat-visi-produktai","8":"product_cat-priedai-mezgimui","9":"product_cat-skalbimo-priemones","11":"first","12":"outofstock","13":"shipping-taxable","14":"purchasable","15":"product-type-simple"},"acf":[],"yoast_head":"<!-- This site is optimized with the Yoast SEO plugin v26.8 - https:\/\/yoast.com\/product\/yoast-seo-wordpress\/ -->\n<title>Orphea Salvalana lak\u0161tai su g\u0117li\u0173 kvapu - Happyinaknit.com<\/title>\n<meta name=\"robots\" content=\"index, follow, max-snippet:-1, max-image-preview:large, max-video-preview:-1\" \/>\n<link rel=\"canonical\" href=\"https:\/\/happyinaknit.com\/lt\/produktas\/orphea-salvalana-lakstai-su-geliu-kvapu\/\" \/>\n<meta property=\"og:locale\" content=\"lt_LT\" \/>\n<meta property=\"og:type\" content=\"article\" \/>\n<meta property=\"og:title\" content=\"Orphea Salvalana lak\u0161tai su g\u0117li\u0173 kvapu - Happyinaknit.com\" \/>\n<meta property=\"og:description\" content=\"Orphea Salvalana apsauginiai lak\u0161tai su g\u0117li\u0173 aromatu \u2013 puikus sprendimas vilnos ir jautri\u0173 audini\u0173 apsaugai. \u0160velniai kvepiantys lak\u0161tai veiksmingai atbaido kandis, o drabu\u017eiams ir spintos erdvei suteikia malon\u0173 aromat\u0105. Nat\u016brali sud\u0117tis yra saugi audiniams, tod\u0117l galite juos naudoti tiek sezoniniam laikymui, tiek kasdien\u0117je spintoje. Sud\u0117tis Nat\u016bralios kilm\u0117s veikliosios med\u017eiagos, g\u0117li\u0173 aromato kvapiosios esencijos. Kiekis 12 [&hellip;]\" \/>\n<meta property=\"og:url\" content=\"https:\/\/happyinaknit.com\/lt\/produktas\/orphea-salvalana-lakstai-su-geliu-kvapu\/\" \/>\n<meta property=\"og:site_name\" content=\"Happyinaknit.com\" \/>\n<meta property=\"article:modified_time\" content=\"2026-01-06T07:01:10+00:00\" \/>\n<meta property=\"og:image\" content=\"https:\/\/happyinaknit.com\/wp-content\/uploads\/2025\/12\/orphea-salvalana-flower-scented-leaves-12-sheets.jpg.png\" \/>\n\t<meta property=\"og:image:width\" content=\"1000\" \/>\n\t<meta property=\"og:image:height\" content=\"1000\" \/>\n\t<meta property=\"og:image:type\" content=\"image\/png\" \/>\n<meta name=\"twitter:card\" content=\"summary_large_image\" \/>\n<meta name=\"twitter:label1\" content=\"Est. reading time\" \/>\n\t<meta name=\"twitter:data1\" content=\"1 minut\u0117\" \/>\n<script type=\"application\/ld+json\" class=\"yoast-schema-graph\">{\"@context\":\"https:\/\/schema.org\",\"@graph\":[{\"@type\":\"WebPage\",\"@id\":\"https:\/\/happyinaknit.com\/produktas\/orphea-salvalana-lakstai-su-geliu-kvapu\/\",\"url\":\"https:\/\/happyinaknit.com\/produktas\/orphea-salvalana-lakstai-su-geliu-kvapu\/\",\"name\":\"Orphea Salvalana lak\u0161tai su g\u0117li\u0173 kvapu - Happyinaknit.com\",\"isPartOf\":{\"@id\":\"https:\/\/happyinaknit.com\/lt\/#website\"},\"primaryImageOfPage\":{\"@id\":\"https:\/\/happyinaknit.com\/produktas\/orphea-salvalana-lakstai-su-geliu-kvapu\/#primaryimage\"},\"image\":{\"@id\":\"https:\/\/happyinaknit.com\/produktas\/orphea-salvalana-lakstai-su-geliu-kvapu\/#primaryimage\"},\"thumbnailUrl\":\"https:\/\/happyinaknit.com\/wp-content\/uploads\/2025\/12\/orphea-salvalana-flower-scented-leaves-12-sheets.jpg.png\",\"datePublished\":\"2025-12-04T20:15:04+00:00\",\"dateModified\":\"2026-01-06T07:01:10+00:00\",\"breadcrumb\":{\"@id\":\"https:\/\/happyinaknit.com\/produktas\/orphea-salvalana-lakstai-su-geliu-kvapu\/#breadcrumb\"},\"inLanguage\":\"lt-LT\",\"potentialAction\":[{\"@type\":\"ReadAction\",\"target\":[\"https:\/\/happyinaknit.com\/produktas\/orphea-salvalana-lakstai-su-geliu-kvapu\/\"]}]},{\"@type\":\"ImageObject\",\"inLanguage\":\"lt-LT\",\"@id\":\"https:\/\/happyinaknit.com\/produktas\/orphea-salvalana-lakstai-su-geliu-kvapu\/#primaryimage\",\"url\":\"https:\/\/happyinaknit.com\/wp-content\/uploads\/2025\/12\/orphea-salvalana-flower-scented-leaves-12-sheets.jpg.png\",\"contentUrl\":\"https:\/\/happyinaknit.com\/wp-content\/uploads\/2025\/12\/orphea-salvalana-flower-scented-leaves-12-sheets.jpg.png\",\"width\":1000,\"height\":1000},{\"@type\":\"BreadcrumbList\",\"@id\":\"https:\/\/happyinaknit.com\/produktas\/orphea-salvalana-lakstai-su-geliu-kvapu\/#breadcrumb\",\"itemListElement\":[{\"@type\":\"ListItem\",\"position\":1,\"name\":\"Home\",\"item\":\"https:\/\/happyinaknit.com\/lt\/\"},{\"@type\":\"ListItem\",\"position\":2,\"name\":\"Parduotuv\u0117\",\"item\":\"https:\/\/happyinaknit.com\/lt\/parduotuve\/\"},{\"@type\":\"ListItem\",\"position\":3,\"name\":\"Orphea Salvalana lak\u0161tai su g\u0117li\u0173 kvapu\"}]},{\"@type\":\"WebSite\",\"@id\":\"https:\/\/happyinaknit.com\/lt\/#website\",\"url\":\"https:\/\/happyinaknit.com\/lt\/\",\"name\":\"Happyinaknit.com\",\"description\":\"\",\"potentialAction\":[{\"@type\":\"SearchAction\",\"target\":{\"@type\":\"EntryPoint\",\"urlTemplate\":\"https:\/\/happyinaknit.com\/lt\/?s={search_term_string}\"},\"query-input\":{\"@type\":\"PropertyValueSpecification\",\"valueRequired\":true,\"valueName\":\"search_term_string\"}}],\"inLanguage\":\"lt-LT\"}]}<\/script>\n<!-- \/ Yoast SEO plugin. -->","yoast_head_json":{"title":"Orphea Salvalana lak\u0161tai su g\u0117li\u0173 kvapu - Happyinaknit.com","robots":{"index":"index","follow":"follow","max-snippet":"max-snippet:-1","max-image-preview":"max-image-preview:large","max-video-preview":"max-video-preview:-1"},"canonical":"https:\/\/happyinaknit.com\/lt\/produktas\/orphea-salvalana-lakstai-su-geliu-kvapu\/","og_locale":"lt_LT","og_type":"article","og_title":"Orphea Salvalana lak\u0161tai su g\u0117li\u0173 kvapu - Happyinaknit.com","og_description":"Orphea Salvalana apsauginiai lak\u0161tai su g\u0117li\u0173 aromatu \u2013 puikus sprendimas vilnos ir jautri\u0173 audini\u0173 apsaugai. \u0160velniai kvepiantys lak\u0161tai veiksmingai atbaido kandis, o drabu\u017eiams ir spintos erdvei suteikia malon\u0173 aromat\u0105. Nat\u016brali sud\u0117tis yra saugi audiniams, tod\u0117l galite juos naudoti tiek sezoniniam laikymui, tiek kasdien\u0117je spintoje. Sud\u0117tis Nat\u016bralios kilm\u0117s veikliosios med\u017eiagos, g\u0117li\u0173 aromato kvapiosios esencijos. Kiekis 12 [&hellip;]","og_url":"https:\/\/happyinaknit.com\/lt\/produktas\/orphea-salvalana-lakstai-su-geliu-kvapu\/","og_site_name":"Happyinaknit.com","article_modified_time":"2026-01-06T07:01:10+00:00","og_image":[{"width":1000,"height":1000,"url":"https:\/\/happyinaknit.com\/wp-content\/uploads\/2025\/12\/orphea-salvalana-flower-scented-leaves-12-sheets.jpg.png","type":"image\/png"}],"twitter_card":"summary_large_image","twitter_misc":{"Est. reading time":"1 minut\u0117"},"schema":{"@context":"https:\/\/schema.org","@graph":[{"@type":"WebPage","@id":"https:\/\/happyinaknit.com\/produktas\/orphea-salvalana-lakstai-su-geliu-kvapu\/","url":"https:\/\/happyinaknit.com\/produktas\/orphea-salvalana-lakstai-su-geliu-kvapu\/","name":"Orphea Salvalana lak\u0161tai su g\u0117li\u0173 kvapu - Happyinaknit.com","isPartOf":{"@id":"https:\/\/happyinaknit.com\/lt\/#website"},"primaryImageOfPage":{"@id":"https:\/\/happyinaknit.com\/produktas\/orphea-salvalana-lakstai-su-geliu-kvapu\/#primaryimage"},"image":{"@id":"https:\/\/happyinaknit.com\/produktas\/orphea-salvalana-lakstai-su-geliu-kvapu\/#primaryimage"},"thumbnailUrl":"https:\/\/happyinaknit.com\/wp-content\/uploads\/2025\/12\/orphea-salvalana-flower-scented-leaves-12-sheets.jpg.png","datePublished":"2025-12-04T20:15:04+00:00","dateModified":"2026-01-06T07:01:10+00:00","breadcrumb":{"@id":"https:\/\/happyinaknit.com\/produktas\/orphea-salvalana-lakstai-su-geliu-kvapu\/#breadcrumb"},"inLanguage":"lt-LT","potentialAction":[{"@type":"ReadAction","target":["https:\/\/happyinaknit.com\/produktas\/orphea-salvalana-lakstai-su-geliu-kvapu\/"]}]},{"@type":"ImageObject","inLanguage":"lt-LT","@id":"https:\/\/happyinaknit.com\/produktas\/orphea-salvalana-lakstai-su-geliu-kvapu\/#primaryimage","url":"https:\/\/happyinaknit.com\/wp-content\/uploads\/2025\/12\/orphea-salvalana-flower-scented-leaves-12-sheets.jpg.png","contentUrl":"https:\/\/happyinaknit.com\/wp-content\/uploads\/2025\/12\/orphea-salvalana-flower-scented-leaves-12-sheets.jpg.png","width":1000,"height":1000},{"@type":"BreadcrumbList","@id":"https:\/\/happyinaknit.com\/produktas\/orphea-salvalana-lakstai-su-geliu-kvapu\/#breadcrumb","itemListElement":[{"@type":"ListItem","position":1,"name":"Home","item":"https:\/\/happyinaknit.com\/lt\/"},{"@type":"ListItem","position":2,"name":"Parduotuv\u0117","item":"https:\/\/happyinaknit.com\/lt\/parduotuve\/"},{"@type":"ListItem","position":3,"name":"Orphea Salvalana lak\u0161tai su g\u0117li\u0173 kvapu"}]},{"@type":"WebSite","@id":"https:\/\/happyinaknit.com\/lt\/#website","url":"https:\/\/happyinaknit.com\/lt\/","name":"Happyinaknit.com","description":"","potentialAction":[{"@type":"SearchAction","target":{"@type":"EntryPoint","urlTemplate":"https:\/\/happyinaknit.com\/lt\/?s={search_term_string}"},"query-input":{"@type":"PropertyValueSpecification","valueRequired":true,"valueName":"search_term_string"}}],"inLanguage":"lt-LT"}]}},"_links":{"self":[{"href":"https:\/\/happyinaknit.com\/lt\/wp-json\/wp\/v2\/product\/7583","targetHints":{"allow":["GET"]}}],"collection":[{"href":"https:\/\/happyinaknit.com\/lt\/wp-json\/wp\/v2\/product"}],"about":[{"href":"https:\/\/happyinaknit.com\/lt\/wp-json\/wp\/v2\/types\/product"}],"replies":[{"embeddable":true,"href":"https:\/\/happyinaknit.com\/lt\/wp-json\/wp\/v2\/comments?post=7583"}],"wp:featuredmedia":[{"embeddable":true,"href":"https:\/\/happyinaknit.com\/lt\/wp-json\/wp\/v2\/media\/7584"}],"wp:attachment":[{"href":"https:\/\/happyinaknit.com\/lt\/wp-json\/wp\/v2\/media?parent=7583"}],"wp:term":[{"taxonomy":"product_brand","embeddable":true,"href":"https:\/\/happyinaknit.com\/lt\/wp-json\/wp\/v2\/product_brand?post=7583"},{"taxonomy":"product_cat","embeddable":true,"href":"https:\/\/happyinaknit.com\/lt\/wp-json\/wp\/v2\/product_cat?post=7583"},{"taxonomy":"product_tag","embeddable":true,"href":"https:\/\/happyinaknit.com\/lt\/wp-json\/wp\/v2\/product_tag?post=7583"},{"taxonomy":"pro-kategorijos","embeddable":true,"href":"https:\/\/happyinaknit.com\/lt\/wp-json\/wp\/v2\/pro-kategorijos?post=7583"}],"curies":[{"name":"wp","href":"https:\/\/api.w.org\/{rel}","templated":true}]}}