{"id":7305,"date":"2025-11-12T08:49:35","date_gmt":"2025-11-12T08:49:35","guid":{"rendered":"https:\/\/happyinaknit.com\/?post_type=product&#038;p=7305"},"modified":"2026-01-02T18:01:29","modified_gmt":"2026-01-02T18:01:29","slug":"muud-betina-rich-brown","status":"publish","type":"product","link":"https:\/\/happyinaknit.com\/lt\/produktas\/muud-betina-rich-brown\/","title":{"rendered":"Muud Betina Rich Brown"},"content":{"rendered":"<p><i>Betina<\/i> \u2013 tai eleganti\u0161kas ir prakti\u0161kas <i>muud<\/i> d\u0117klas, sukurtas toms, kurios nori tvarkingai laikyti prisukamus virbalus ir valus prisukamiems virbalams tiek namuose, tiek kelion\u0117je. \u0160is d\u0117klas pad\u0117s i\u0161laikyti visus reikmenis tvarkingus ir lengvai pasiekiamus, o jo i\u0161skirtinis dizainas leis m\u0117gautis funkcionalumu neprarandant stiliaus.<\/p>\n<p>Pagamintas rankomis i\u0161 mink\u0161tos, auk\u0161tos kokyb\u0117s nat\u016bralios odos, d\u0117klas laikui b\u0117gant \u012fgauna dar daugiau \u017eavesio. Viduje \u2013 9 prakti\u0161ki skyriai, suteikiantys pakankamai vietos j\u016bs\u0173 virbal\u0173 antgaliams ir valams. D\u0117klas u\u017esegamas mygtuku, kur\u012f galima u\u017edaryti dviem pad\u0117timis, kad patogiai pritaikytum\u0117te pagal turin\u012f.<\/p>\n<p><b>Savyb\u0117s:<\/b><b><\/b><\/p>\n<p>\u2022Auk\u0161tos kokyb\u0117s nat\u016brali oda<\/p>\n<p>\u202214 ma\u017eesni\u0173 skyri\u0173 prisukamiems virbalams<\/p>\n<p>\u202211 didesni\u0173 skyri\u0173 valams prisukamiems virbalams<\/p>\n<p>\u2022U\u017esegimas mygtuku (2 pad\u0117tys)<\/p>\n<p>\u2022Kompakti\u0161kas, patogus kelion\u0117ms<\/p>\n<p><b>I\u0161matavimai:<\/b><b><\/b><\/p>\n<p>Auk\u0161tis \u2013 15 cm<\/p>\n<p>Ilgis \u2013 13 cm<\/p>\n<p>Ki\u0161eni\u0173 auk\u0161tis \u2013 11 cm<\/p>\n<p><b>Med\u017eiaga:<\/b> nat\u016brali oda<\/p>\n<p><b>Pamu\u0161alas:<\/b> polydrill audinys su lygiu pavir\u0161iumi, lengvai pri\u017ei\u016brimas<\/p>\n<p><b>Pastaba:<\/b> spalv\u0173 atspalviai gali \u0161iek tiek skirtis priklausomai nuo \u012frenginio ekrano.<\/p>\n","protected":false},"excerpt":{"rendered":"<p>Betina \u2013 tai eleganti\u0161kas ir prakti\u0161kas muud d\u0117klas, sukurtas toms, kurios nori tvarkingai laikyti prisukamus virbalus ir valus prisukamiems virbalams tiek namuose, tiek kelion\u0117je. \u0160is d\u0117klas pad\u0117s i\u0161laikyti visus reikmenis tvarkingus ir lengvai pasiekiamus, o jo i\u0161skirtinis dizainas leis m\u0117gautis funkcionalumu neprarandant stiliaus. Pagamintas rankomis i\u0161 mink\u0161tos, auk\u0161tos kokyb\u0117s nat\u016bralios odos, d\u0117klas laikui b\u0117gant \u012fgauna [&hellip;]<\/p>\n","protected":false},"featured_media":7300,"comment_status":"open","ping_status":"closed","template":"","meta":{"_acf_changed":false},"product_brand":[613],"product_cat":[15,1079,20],"product_tag":[],"pro-kategorijos":[],"class_list":{"0":"post-7305","1":"product","2":"type-product","3":"status-publish","4":"has-post-thumbnail","6":"product_brand-muud","7":"product_cat-visi-produktai","8":"product_cat-deklai","9":"product_cat-priedai-mezgimui","11":"first","12":"outofstock","13":"shipping-taxable","14":"purchasable","15":"product-type-simple"},"acf":[],"yoast_head":"<!-- This site is optimized with the Yoast SEO plugin v26.8 - https:\/\/yoast.com\/product\/yoast-seo-wordpress\/ -->\n<title>Muud Betina Rich Brown - Happyinaknit.com<\/title>\n<meta name=\"robots\" content=\"index, follow, max-snippet:-1, max-image-preview:large, max-video-preview:-1\" \/>\n<link rel=\"canonical\" href=\"https:\/\/happyinaknit.com\/lt\/produktas\/muud-betina-rich-brown\/\" \/>\n<meta property=\"og:locale\" content=\"lt_LT\" \/>\n<meta property=\"og:type\" content=\"article\" \/>\n<meta property=\"og:title\" content=\"Muud Betina Rich Brown - Happyinaknit.com\" \/>\n<meta property=\"og:description\" content=\"Betina \u2013 tai eleganti\u0161kas ir prakti\u0161kas muud d\u0117klas, sukurtas toms, kurios nori tvarkingai laikyti prisukamus virbalus ir valus prisukamiems virbalams tiek namuose, tiek kelion\u0117je. \u0160is d\u0117klas pad\u0117s i\u0161laikyti visus reikmenis tvarkingus ir lengvai pasiekiamus, o jo i\u0161skirtinis dizainas leis m\u0117gautis funkcionalumu neprarandant stiliaus. Pagamintas rankomis i\u0161 mink\u0161tos, auk\u0161tos kokyb\u0117s nat\u016bralios odos, d\u0117klas laikui b\u0117gant \u012fgauna [&hellip;]\" \/>\n<meta property=\"og:url\" content=\"https:\/\/happyinaknit.com\/lt\/produktas\/muud-betina-rich-brown\/\" \/>\n<meta property=\"og:site_name\" content=\"Happyinaknit.com\" \/>\n<meta property=\"article:modified_time\" content=\"2026-01-02T18:01:29+00:00\" \/>\n<meta property=\"og:image\" content=\"https:\/\/happyinaknit.com\/wp-content\/uploads\/2025\/11\/Betina_RichBrown_AFront_1080x.jpg.webp\" \/>\n\t<meta property=\"og:image:width\" content=\"1080\" \/>\n\t<meta property=\"og:image:height\" content=\"1620\" \/>\n\t<meta property=\"og:image:type\" content=\"image\/webp\" \/>\n<meta name=\"twitter:card\" content=\"summary_large_image\" \/>\n<meta name=\"twitter:label1\" content=\"Est. reading time\" \/>\n\t<meta name=\"twitter:data1\" content=\"1 minut\u0117\" \/>\n<script type=\"application\/ld+json\" class=\"yoast-schema-graph\">{\"@context\":\"https:\/\/schema.org\",\"@graph\":[{\"@type\":\"WebPage\",\"@id\":\"https:\/\/happyinaknit.com\/produktas\/muud-betina-rich-brown\/\",\"url\":\"https:\/\/happyinaknit.com\/produktas\/muud-betina-rich-brown\/\",\"name\":\"Muud Betina Rich Brown - Happyinaknit.com\",\"isPartOf\":{\"@id\":\"https:\/\/happyinaknit.com\/lt\/#website\"},\"primaryImageOfPage\":{\"@id\":\"https:\/\/happyinaknit.com\/produktas\/muud-betina-rich-brown\/#primaryimage\"},\"image\":{\"@id\":\"https:\/\/happyinaknit.com\/produktas\/muud-betina-rich-brown\/#primaryimage\"},\"thumbnailUrl\":\"https:\/\/happyinaknit.com\/wp-content\/uploads\/2025\/11\/Betina_RichBrown_AFront_1080x.jpg.webp\",\"datePublished\":\"2025-11-12T08:49:35+00:00\",\"dateModified\":\"2026-01-02T18:01:29+00:00\",\"breadcrumb\":{\"@id\":\"https:\/\/happyinaknit.com\/produktas\/muud-betina-rich-brown\/#breadcrumb\"},\"inLanguage\":\"lt-LT\",\"potentialAction\":[{\"@type\":\"ReadAction\",\"target\":[\"https:\/\/happyinaknit.com\/produktas\/muud-betina-rich-brown\/\"]}]},{\"@type\":\"ImageObject\",\"inLanguage\":\"lt-LT\",\"@id\":\"https:\/\/happyinaknit.com\/produktas\/muud-betina-rich-brown\/#primaryimage\",\"url\":\"https:\/\/happyinaknit.com\/wp-content\/uploads\/2025\/11\/Betina_RichBrown_AFront_1080x.jpg.webp\",\"contentUrl\":\"https:\/\/happyinaknit.com\/wp-content\/uploads\/2025\/11\/Betina_RichBrown_AFront_1080x.jpg.webp\",\"width\":1080,\"height\":1620},{\"@type\":\"BreadcrumbList\",\"@id\":\"https:\/\/happyinaknit.com\/produktas\/muud-betina-rich-brown\/#breadcrumb\",\"itemListElement\":[{\"@type\":\"ListItem\",\"position\":1,\"name\":\"Home\",\"item\":\"https:\/\/happyinaknit.com\/lt\/\"},{\"@type\":\"ListItem\",\"position\":2,\"name\":\"Parduotuv\u0117\",\"item\":\"https:\/\/happyinaknit.com\/lt\/parduotuve\/\"},{\"@type\":\"ListItem\",\"position\":3,\"name\":\"Muud Betina Rich Brown\"}]},{\"@type\":\"WebSite\",\"@id\":\"https:\/\/happyinaknit.com\/lt\/#website\",\"url\":\"https:\/\/happyinaknit.com\/lt\/\",\"name\":\"Happyinaknit.com\",\"description\":\"\",\"potentialAction\":[{\"@type\":\"SearchAction\",\"target\":{\"@type\":\"EntryPoint\",\"urlTemplate\":\"https:\/\/happyinaknit.com\/lt\/?s={search_term_string}\"},\"query-input\":{\"@type\":\"PropertyValueSpecification\",\"valueRequired\":true,\"valueName\":\"search_term_string\"}}],\"inLanguage\":\"lt-LT\"}]}<\/script>\n<!-- \/ Yoast SEO plugin. -->","yoast_head_json":{"title":"Muud Betina Rich Brown - Happyinaknit.com","robots":{"index":"index","follow":"follow","max-snippet":"max-snippet:-1","max-image-preview":"max-image-preview:large","max-video-preview":"max-video-preview:-1"},"canonical":"https:\/\/happyinaknit.com\/lt\/produktas\/muud-betina-rich-brown\/","og_locale":"lt_LT","og_type":"article","og_title":"Muud Betina Rich Brown - Happyinaknit.com","og_description":"Betina \u2013 tai eleganti\u0161kas ir prakti\u0161kas muud d\u0117klas, sukurtas toms, kurios nori tvarkingai laikyti prisukamus virbalus ir valus prisukamiems virbalams tiek namuose, tiek kelion\u0117je. \u0160is d\u0117klas pad\u0117s i\u0161laikyti visus reikmenis tvarkingus ir lengvai pasiekiamus, o jo i\u0161skirtinis dizainas leis m\u0117gautis funkcionalumu neprarandant stiliaus. Pagamintas rankomis i\u0161 mink\u0161tos, auk\u0161tos kokyb\u0117s nat\u016bralios odos, d\u0117klas laikui b\u0117gant \u012fgauna [&hellip;]","og_url":"https:\/\/happyinaknit.com\/lt\/produktas\/muud-betina-rich-brown\/","og_site_name":"Happyinaknit.com","article_modified_time":"2026-01-02T18:01:29+00:00","og_image":[{"width":1080,"height":1620,"url":"https:\/\/happyinaknit.com\/wp-content\/uploads\/2025\/11\/Betina_RichBrown_AFront_1080x.jpg.webp","type":"image\/webp"}],"twitter_card":"summary_large_image","twitter_misc":{"Est. reading time":"1 minut\u0117"},"schema":{"@context":"https:\/\/schema.org","@graph":[{"@type":"WebPage","@id":"https:\/\/happyinaknit.com\/produktas\/muud-betina-rich-brown\/","url":"https:\/\/happyinaknit.com\/produktas\/muud-betina-rich-brown\/","name":"Muud Betina Rich Brown - Happyinaknit.com","isPartOf":{"@id":"https:\/\/happyinaknit.com\/lt\/#website"},"primaryImageOfPage":{"@id":"https:\/\/happyinaknit.com\/produktas\/muud-betina-rich-brown\/#primaryimage"},"image":{"@id":"https:\/\/happyinaknit.com\/produktas\/muud-betina-rich-brown\/#primaryimage"},"thumbnailUrl":"https:\/\/happyinaknit.com\/wp-content\/uploads\/2025\/11\/Betina_RichBrown_AFront_1080x.jpg.webp","datePublished":"2025-11-12T08:49:35+00:00","dateModified":"2026-01-02T18:01:29+00:00","breadcrumb":{"@id":"https:\/\/happyinaknit.com\/produktas\/muud-betina-rich-brown\/#breadcrumb"},"inLanguage":"lt-LT","potentialAction":[{"@type":"ReadAction","target":["https:\/\/happyinaknit.com\/produktas\/muud-betina-rich-brown\/"]}]},{"@type":"ImageObject","inLanguage":"lt-LT","@id":"https:\/\/happyinaknit.com\/produktas\/muud-betina-rich-brown\/#primaryimage","url":"https:\/\/happyinaknit.com\/wp-content\/uploads\/2025\/11\/Betina_RichBrown_AFront_1080x.jpg.webp","contentUrl":"https:\/\/happyinaknit.com\/wp-content\/uploads\/2025\/11\/Betina_RichBrown_AFront_1080x.jpg.webp","width":1080,"height":1620},{"@type":"BreadcrumbList","@id":"https:\/\/happyinaknit.com\/produktas\/muud-betina-rich-brown\/#breadcrumb","itemListElement":[{"@type":"ListItem","position":1,"name":"Home","item":"https:\/\/happyinaknit.com\/lt\/"},{"@type":"ListItem","position":2,"name":"Parduotuv\u0117","item":"https:\/\/happyinaknit.com\/lt\/parduotuve\/"},{"@type":"ListItem","position":3,"name":"Muud Betina Rich Brown"}]},{"@type":"WebSite","@id":"https:\/\/happyinaknit.com\/lt\/#website","url":"https:\/\/happyinaknit.com\/lt\/","name":"Happyinaknit.com","description":"","potentialAction":[{"@type":"SearchAction","target":{"@type":"EntryPoint","urlTemplate":"https:\/\/happyinaknit.com\/lt\/?s={search_term_string}"},"query-input":{"@type":"PropertyValueSpecification","valueRequired":true,"valueName":"search_term_string"}}],"inLanguage":"lt-LT"}]}},"_links":{"self":[{"href":"https:\/\/happyinaknit.com\/lt\/wp-json\/wp\/v2\/product\/7305","targetHints":{"allow":["GET"]}}],"collection":[{"href":"https:\/\/happyinaknit.com\/lt\/wp-json\/wp\/v2\/product"}],"about":[{"href":"https:\/\/happyinaknit.com\/lt\/wp-json\/wp\/v2\/types\/product"}],"replies":[{"embeddable":true,"href":"https:\/\/happyinaknit.com\/lt\/wp-json\/wp\/v2\/comments?post=7305"}],"wp:featuredmedia":[{"embeddable":true,"href":"https:\/\/happyinaknit.com\/lt\/wp-json\/wp\/v2\/media\/7300"}],"wp:attachment":[{"href":"https:\/\/happyinaknit.com\/lt\/wp-json\/wp\/v2\/media?parent=7305"}],"wp:term":[{"taxonomy":"product_brand","embeddable":true,"href":"https:\/\/happyinaknit.com\/lt\/wp-json\/wp\/v2\/product_brand?post=7305"},{"taxonomy":"product_cat","embeddable":true,"href":"https:\/\/happyinaknit.com\/lt\/wp-json\/wp\/v2\/product_cat?post=7305"},{"taxonomy":"product_tag","embeddable":true,"href":"https:\/\/happyinaknit.com\/lt\/wp-json\/wp\/v2\/product_tag?post=7305"},{"taxonomy":"pro-kategorijos","embeddable":true,"href":"https:\/\/happyinaknit.com\/lt\/wp-json\/wp\/v2\/pro-kategorijos?post=7305"}],"curies":[{"name":"wp","href":"https:\/\/api.w.org\/{rel}","templated":true}]}}