{"id":7295,"date":"2025-11-12T08:37:01","date_gmt":"2025-11-12T08:37:01","guid":{"rendered":"https:\/\/happyinaknit.com\/?post_type=product&#038;p=7295"},"modified":"2025-11-17T15:26:26","modified_gmt":"2025-11-17T15:26:26","slug":"muud-billie-whisky","status":"publish","type":"product","link":"https:\/\/happyinaknit.com\/lt\/produktas\/muud-billie-whisky\/","title":{"rendered":"Muud Billie Whisky"},"content":{"rendered":"<p>Billie \u2013 tai stilingas ir funkcionalus d\u0117klas i\u0161 <i>muud<\/i>, skirtas megz\u0117joms ir n\u0117r\u0117joms, kurios vertina tvark\u0105, kokyb\u0119 ir estetik\u0105. Pagamintas i\u0161 auk\u0161tos kokyb\u0117s nat\u016bralios odos, \u0161is d\u0117klas pad\u0117s patogiai ir eleganti\u0161kai laikyti visus svarbiausius \u012frankius \u2013 nuo virbal\u0173 iki ma\u017e\u0173 pried\u0173.<\/p>\n<p>Viduje rasite daugyb\u0119 prakti\u0161k\u0173 skyri\u0173 ir ki\u0161en\u0117li\u0173, kurie leis patogiai susid\u0117ti mezgimo virbalus, v\u0105\u0161elius, valus prisukamiems virbalams, \u017eirkles, centimetrin\u0119 juostel\u0119, \u017eymeklius ir kitus smulkius reikmenis. Dvi u\u017etrauktuku u\u017esegamos ki\u0161en\u0117s suteikia papildomos vietos didesniems \u012frankiams.<\/p>\n<p>Atidarius d\u0117klas matuoja 38 \u00d7 28 cm, o u\u017esegamas dailiu mygtuku dviejose pad\u0117tyse.<\/p>\n<p><b>Savyb\u0117s:<\/b><b><\/b><\/p>\n<p>\u2022Auk\u0161tos kokyb\u0117s nat\u016brali oda<\/p>\n<p>\u2022U\u017esegimas mygtuku<\/p>\n<p>\u202219 skyri\u0173 virbalams ir v\u0105\u0161eliams<\/p>\n<p>\u2022Tinka virbalams nuo 3 mm iki 15 mm<\/p>\n<p>\u20222 vidin\u0117s ki\u0161en\u0117s su mygtuku<\/p>\n<p>\u2022Ma\u017eos skylut\u0117s adatoms<\/p>\n<p>\u20222 didesn\u0117s ki\u0161en\u0117s su u\u017etrauktuku<\/p>\n<p><b>I\u0161matavimai:<\/b><b><\/b><\/p>\n<p><b>Atidarius:<\/b> auk\u0161tis \u2013 38 cm, ilgis \u2013 28 cm<\/p>\n<p><b>U\u017edarius:<\/b> auk\u0161tis \u2013 19 cm, ilgis \u2013 14 cm<\/p>\n<p><b>Peties dir\u017eelis:<\/b> n\u0117ra<\/p>\n<p><b>Med\u017eiaga:<\/b> nat\u016brali oda<\/p>\n<p><b>Pastaba:<\/b> spalv\u0173 atspalviai gali \u0161iek tiek skirtis priklausomai nuo \u012frenginio ekrano.<\/p>\n","protected":false},"excerpt":{"rendered":"<p>Billie \u2013 tai stilingas ir funkcionalus d\u0117klas i\u0161 muud, skirtas megz\u0117joms ir n\u0117r\u0117joms, kurios vertina tvark\u0105, kokyb\u0119 ir estetik\u0105. Pagamintas i\u0161 auk\u0161tos kokyb\u0117s nat\u016bralios odos, \u0161is d\u0117klas pad\u0117s patogiai ir eleganti\u0161kai laikyti visus svarbiausius \u012frankius \u2013 nuo virbal\u0173 iki ma\u017e\u0173 pried\u0173. Viduje rasite daugyb\u0119 prakti\u0161k\u0173 skyri\u0173 ir ki\u0161en\u0117li\u0173, kurie leis patogiai susid\u0117ti mezgimo virbalus, v\u0105\u0161elius, [&hellip;]<\/p>\n","protected":false},"featured_media":7301,"comment_status":"open","ping_status":"closed","template":"","meta":{"_acf_changed":false},"product_brand":[613],"product_cat":[15,1079,20],"product_tag":[],"pro-kategorijos":[],"class_list":{"0":"post-7295","1":"product","2":"type-product","3":"status-publish","4":"has-post-thumbnail","6":"product_brand-muud","7":"product_cat-visi-produktai","8":"product_cat-deklai","9":"product_cat-priedai-mezgimui","11":"first","12":"outofstock","13":"shipping-taxable","14":"purchasable","15":"product-type-simple"},"acf":[],"yoast_head":"<!-- This site is optimized with the Yoast SEO plugin v26.8 - https:\/\/yoast.com\/product\/yoast-seo-wordpress\/ -->\n<title>Muud Billie Whisky - Happyinaknit.com<\/title>\n<meta name=\"robots\" content=\"index, follow, max-snippet:-1, max-image-preview:large, max-video-preview:-1\" \/>\n<link rel=\"canonical\" href=\"https:\/\/happyinaknit.com\/lt\/produktas\/muud-billie-whisky\/\" \/>\n<meta property=\"og:locale\" content=\"lt_LT\" \/>\n<meta property=\"og:type\" content=\"article\" \/>\n<meta property=\"og:title\" content=\"Muud Billie Whisky - Happyinaknit.com\" \/>\n<meta property=\"og:description\" content=\"Billie \u2013 tai stilingas ir funkcionalus d\u0117klas i\u0161 muud, skirtas megz\u0117joms ir n\u0117r\u0117joms, kurios vertina tvark\u0105, kokyb\u0119 ir estetik\u0105. Pagamintas i\u0161 auk\u0161tos kokyb\u0117s nat\u016bralios odos, \u0161is d\u0117klas pad\u0117s patogiai ir eleganti\u0161kai laikyti visus svarbiausius \u012frankius \u2013 nuo virbal\u0173 iki ma\u017e\u0173 pried\u0173. Viduje rasite daugyb\u0119 prakti\u0161k\u0173 skyri\u0173 ir ki\u0161en\u0117li\u0173, kurie leis patogiai susid\u0117ti mezgimo virbalus, v\u0105\u0161elius, [&hellip;]\" \/>\n<meta property=\"og:url\" content=\"https:\/\/happyinaknit.com\/lt\/produktas\/muud-billie-whisky\/\" \/>\n<meta property=\"og:site_name\" content=\"Happyinaknit.com\" \/>\n<meta property=\"article:modified_time\" content=\"2025-11-17T15:26:26+00:00\" \/>\n<meta property=\"og:image\" content=\"https:\/\/happyinaknit.com\/wp-content\/uploads\/2025\/11\/Billie-News-QB-4442R1-Whisky_1800x1800_c24313dc-bdf8-4120-b425-d7b2f26e18ef.webp.jpeg\" \/>\n\t<meta property=\"og:image:width\" content=\"1200\" \/>\n\t<meta property=\"og:image:height\" content=\"1800\" \/>\n\t<meta property=\"og:image:type\" content=\"image\/jpeg\" \/>\n<meta name=\"twitter:card\" content=\"summary_large_image\" \/>\n<meta name=\"twitter:label1\" content=\"Est. reading time\" \/>\n\t<meta name=\"twitter:data1\" content=\"1 minut\u0117\" \/>\n<script type=\"application\/ld+json\" class=\"yoast-schema-graph\">{\"@context\":\"https:\/\/schema.org\",\"@graph\":[{\"@type\":\"WebPage\",\"@id\":\"https:\/\/happyinaknit.com\/produktas\/muud-billie-whisky\/\",\"url\":\"https:\/\/happyinaknit.com\/produktas\/muud-billie-whisky\/\",\"name\":\"Muud Billie Whisky - Happyinaknit.com\",\"isPartOf\":{\"@id\":\"https:\/\/happyinaknit.com\/lt\/#website\"},\"primaryImageOfPage\":{\"@id\":\"https:\/\/happyinaknit.com\/produktas\/muud-billie-whisky\/#primaryimage\"},\"image\":{\"@id\":\"https:\/\/happyinaknit.com\/produktas\/muud-billie-whisky\/#primaryimage\"},\"thumbnailUrl\":\"https:\/\/happyinaknit.com\/wp-content\/uploads\/2025\/11\/Billie-News-QB-4442R1-Whisky_1800x1800_c24313dc-bdf8-4120-b425-d7b2f26e18ef.webp.jpeg\",\"datePublished\":\"2025-11-12T08:37:01+00:00\",\"dateModified\":\"2025-11-17T15:26:26+00:00\",\"breadcrumb\":{\"@id\":\"https:\/\/happyinaknit.com\/produktas\/muud-billie-whisky\/#breadcrumb\"},\"inLanguage\":\"lt-LT\",\"potentialAction\":[{\"@type\":\"ReadAction\",\"target\":[\"https:\/\/happyinaknit.com\/produktas\/muud-billie-whisky\/\"]}]},{\"@type\":\"ImageObject\",\"inLanguage\":\"lt-LT\",\"@id\":\"https:\/\/happyinaknit.com\/produktas\/muud-billie-whisky\/#primaryimage\",\"url\":\"https:\/\/happyinaknit.com\/wp-content\/uploads\/2025\/11\/Billie-News-QB-4442R1-Whisky_1800x1800_c24313dc-bdf8-4120-b425-d7b2f26e18ef.webp.jpeg\",\"contentUrl\":\"https:\/\/happyinaknit.com\/wp-content\/uploads\/2025\/11\/Billie-News-QB-4442R1-Whisky_1800x1800_c24313dc-bdf8-4120-b425-d7b2f26e18ef.webp.jpeg\",\"width\":1200,\"height\":1800},{\"@type\":\"BreadcrumbList\",\"@id\":\"https:\/\/happyinaknit.com\/produktas\/muud-billie-whisky\/#breadcrumb\",\"itemListElement\":[{\"@type\":\"ListItem\",\"position\":1,\"name\":\"Home\",\"item\":\"https:\/\/happyinaknit.com\/lt\/\"},{\"@type\":\"ListItem\",\"position\":2,\"name\":\"Parduotuv\u0117\",\"item\":\"https:\/\/happyinaknit.com\/lt\/parduotuve\/\"},{\"@type\":\"ListItem\",\"position\":3,\"name\":\"Muud Billie Whisky\"}]},{\"@type\":\"WebSite\",\"@id\":\"https:\/\/happyinaknit.com\/lt\/#website\",\"url\":\"https:\/\/happyinaknit.com\/lt\/\",\"name\":\"Happyinaknit.com\",\"description\":\"\",\"potentialAction\":[{\"@type\":\"SearchAction\",\"target\":{\"@type\":\"EntryPoint\",\"urlTemplate\":\"https:\/\/happyinaknit.com\/lt\/?s={search_term_string}\"},\"query-input\":{\"@type\":\"PropertyValueSpecification\",\"valueRequired\":true,\"valueName\":\"search_term_string\"}}],\"inLanguage\":\"lt-LT\"}]}<\/script>\n<!-- \/ Yoast SEO plugin. -->","yoast_head_json":{"title":"Muud Billie Whisky - Happyinaknit.com","robots":{"index":"index","follow":"follow","max-snippet":"max-snippet:-1","max-image-preview":"max-image-preview:large","max-video-preview":"max-video-preview:-1"},"canonical":"https:\/\/happyinaknit.com\/lt\/produktas\/muud-billie-whisky\/","og_locale":"lt_LT","og_type":"article","og_title":"Muud Billie Whisky - Happyinaknit.com","og_description":"Billie \u2013 tai stilingas ir funkcionalus d\u0117klas i\u0161 muud, skirtas megz\u0117joms ir n\u0117r\u0117joms, kurios vertina tvark\u0105, kokyb\u0119 ir estetik\u0105. Pagamintas i\u0161 auk\u0161tos kokyb\u0117s nat\u016bralios odos, \u0161is d\u0117klas pad\u0117s patogiai ir eleganti\u0161kai laikyti visus svarbiausius \u012frankius \u2013 nuo virbal\u0173 iki ma\u017e\u0173 pried\u0173. Viduje rasite daugyb\u0119 prakti\u0161k\u0173 skyri\u0173 ir ki\u0161en\u0117li\u0173, kurie leis patogiai susid\u0117ti mezgimo virbalus, v\u0105\u0161elius, [&hellip;]","og_url":"https:\/\/happyinaknit.com\/lt\/produktas\/muud-billie-whisky\/","og_site_name":"Happyinaknit.com","article_modified_time":"2025-11-17T15:26:26+00:00","og_image":[{"width":1200,"height":1800,"url":"https:\/\/happyinaknit.com\/wp-content\/uploads\/2025\/11\/Billie-News-QB-4442R1-Whisky_1800x1800_c24313dc-bdf8-4120-b425-d7b2f26e18ef.webp.jpeg","type":"image\/jpeg"}],"twitter_card":"summary_large_image","twitter_misc":{"Est. reading time":"1 minut\u0117"},"schema":{"@context":"https:\/\/schema.org","@graph":[{"@type":"WebPage","@id":"https:\/\/happyinaknit.com\/produktas\/muud-billie-whisky\/","url":"https:\/\/happyinaknit.com\/produktas\/muud-billie-whisky\/","name":"Muud Billie Whisky - Happyinaknit.com","isPartOf":{"@id":"https:\/\/happyinaknit.com\/lt\/#website"},"primaryImageOfPage":{"@id":"https:\/\/happyinaknit.com\/produktas\/muud-billie-whisky\/#primaryimage"},"image":{"@id":"https:\/\/happyinaknit.com\/produktas\/muud-billie-whisky\/#primaryimage"},"thumbnailUrl":"https:\/\/happyinaknit.com\/wp-content\/uploads\/2025\/11\/Billie-News-QB-4442R1-Whisky_1800x1800_c24313dc-bdf8-4120-b425-d7b2f26e18ef.webp.jpeg","datePublished":"2025-11-12T08:37:01+00:00","dateModified":"2025-11-17T15:26:26+00:00","breadcrumb":{"@id":"https:\/\/happyinaknit.com\/produktas\/muud-billie-whisky\/#breadcrumb"},"inLanguage":"lt-LT","potentialAction":[{"@type":"ReadAction","target":["https:\/\/happyinaknit.com\/produktas\/muud-billie-whisky\/"]}]},{"@type":"ImageObject","inLanguage":"lt-LT","@id":"https:\/\/happyinaknit.com\/produktas\/muud-billie-whisky\/#primaryimage","url":"https:\/\/happyinaknit.com\/wp-content\/uploads\/2025\/11\/Billie-News-QB-4442R1-Whisky_1800x1800_c24313dc-bdf8-4120-b425-d7b2f26e18ef.webp.jpeg","contentUrl":"https:\/\/happyinaknit.com\/wp-content\/uploads\/2025\/11\/Billie-News-QB-4442R1-Whisky_1800x1800_c24313dc-bdf8-4120-b425-d7b2f26e18ef.webp.jpeg","width":1200,"height":1800},{"@type":"BreadcrumbList","@id":"https:\/\/happyinaknit.com\/produktas\/muud-billie-whisky\/#breadcrumb","itemListElement":[{"@type":"ListItem","position":1,"name":"Home","item":"https:\/\/happyinaknit.com\/lt\/"},{"@type":"ListItem","position":2,"name":"Parduotuv\u0117","item":"https:\/\/happyinaknit.com\/lt\/parduotuve\/"},{"@type":"ListItem","position":3,"name":"Muud Billie Whisky"}]},{"@type":"WebSite","@id":"https:\/\/happyinaknit.com\/lt\/#website","url":"https:\/\/happyinaknit.com\/lt\/","name":"Happyinaknit.com","description":"","potentialAction":[{"@type":"SearchAction","target":{"@type":"EntryPoint","urlTemplate":"https:\/\/happyinaknit.com\/lt\/?s={search_term_string}"},"query-input":{"@type":"PropertyValueSpecification","valueRequired":true,"valueName":"search_term_string"}}],"inLanguage":"lt-LT"}]}},"_links":{"self":[{"href":"https:\/\/happyinaknit.com\/lt\/wp-json\/wp\/v2\/product\/7295","targetHints":{"allow":["GET"]}}],"collection":[{"href":"https:\/\/happyinaknit.com\/lt\/wp-json\/wp\/v2\/product"}],"about":[{"href":"https:\/\/happyinaknit.com\/lt\/wp-json\/wp\/v2\/types\/product"}],"replies":[{"embeddable":true,"href":"https:\/\/happyinaknit.com\/lt\/wp-json\/wp\/v2\/comments?post=7295"}],"wp:featuredmedia":[{"embeddable":true,"href":"https:\/\/happyinaknit.com\/lt\/wp-json\/wp\/v2\/media\/7301"}],"wp:attachment":[{"href":"https:\/\/happyinaknit.com\/lt\/wp-json\/wp\/v2\/media?parent=7295"}],"wp:term":[{"taxonomy":"product_brand","embeddable":true,"href":"https:\/\/happyinaknit.com\/lt\/wp-json\/wp\/v2\/product_brand?post=7295"},{"taxonomy":"product_cat","embeddable":true,"href":"https:\/\/happyinaknit.com\/lt\/wp-json\/wp\/v2\/product_cat?post=7295"},{"taxonomy":"product_tag","embeddable":true,"href":"https:\/\/happyinaknit.com\/lt\/wp-json\/wp\/v2\/product_tag?post=7295"},{"taxonomy":"pro-kategorijos","embeddable":true,"href":"https:\/\/happyinaknit.com\/lt\/wp-json\/wp\/v2\/pro-kategorijos?post=7295"}],"curies":[{"name":"wp","href":"https:\/\/api.w.org\/{rel}","templated":true}]}}