{"id":7151,"date":"2025-10-30T19:46:21","date_gmt":"2025-10-30T19:46:21","guid":{"rendered":"https:\/\/happyinaknit.com\/?post_type=product&#038;p=7151"},"modified":"2026-03-16T09:03:00","modified_gmt":"2026-03-16T09:03:00","slug":"addi-mystic-lace-virbalai-su-valu-100-cm","status":"publish","type":"product","link":"https:\/\/happyinaknit.com\/lt\/produktas\/addi-mystic-lace-virbalai-su-valu-100-cm\/","title":{"rendered":"Addi Mystic Lace virbalai su valu  100 cm"},"content":{"rendered":"<p data-start=\"181\" data-end=\"636\"><strong data-start=\"181\" data-end=\"200\">Addi Mystic Lace<\/strong> \u2013 tai naujiena i\u0161 garsiojo voki\u0161ko prek\u0117s \u017eenklo <em data-start=\"250\" data-end=\"256\">Addi<\/em>, sukurta tiems, kas vertina med\u017eio \u0161velnum\u0105 ir metalo precizi\u0161kum\u0105. \u0160ie virbalai turi \u0161veln\u0173 matin\u012f pavir\u0161i\u0173, kuris malonus lietimui ir suteikia puik\u0173 slydim\u0105, tod\u0117l jie yra tobula alternatyva mediniams virbalams, kai norisi plonesni\u0173, tikslesni\u0173 ir lygesni\u0173 galiuk\u0173.<br data-start=\"524\" data-end=\"527\" \/>Tinka tiek pradedantiesiems, tiek patyrusiems mezg\u0117jams, ypa\u010d m\u0117gstantiems plonus si\u016blus ir a\u017e\u016brinius ra\u0161tus.<\/p>\n<p data-start=\"638\" data-end=\"650\"><strong data-start=\"638\" data-end=\"650\">Savyb\u0117s:<\/strong><\/p>\n<ul data-start=\"651\" data-end=\"982\">\n<li data-start=\"651\" data-end=\"711\">\n<p data-start=\"653\" data-end=\"711\">Idealiai tinka plonai si\u016bl\u0173 grupei ir subtiliems ra\u0161tams<\/p>\n<\/li>\n<li data-start=\"712\" data-end=\"777\">\n<p data-start=\"714\" data-end=\"777\">Matinis, neslystantis pavir\u0161ius u\u017etikrina komforti\u0161k\u0105 mezgim\u0105<\/p>\n<\/li>\n<li data-start=\"778\" data-end=\"859\">\n<p data-start=\"780\" data-end=\"859\">Ploni, tiksl\u016bs galiukai leid\u017eia lengvai megzti kiaurara\u0161\u010dius, kasas ir aranus<\/p>\n<\/li>\n<li data-start=\"860\" data-end=\"914\">\n<p data-start=\"862\" data-end=\"914\">Patog\u016bs tiek pradedantiesiems, tiek profesionalams<\/p>\n<\/li>\n<li data-start=\"915\" data-end=\"982\">\n<p data-start=\"917\" data-end=\"982\">Lankstus, tvirtas troselis u\u017etikrina patog\u0173 darb\u0105 be susisukim\u0173<\/p>\n<\/li>\n<\/ul>\n","protected":false},"excerpt":{"rendered":"<p>Addi Mystic Lace \u2013 tai naujiena i\u0161 garsiojo voki\u0161ko prek\u0117s \u017eenklo Addi, sukurta tiems, kas vertina med\u017eio \u0161velnum\u0105 ir metalo precizi\u0161kum\u0105. \u0160ie virbalai turi \u0161veln\u0173 matin\u012f pavir\u0161i\u0173, kuris malonus lietimui ir suteikia puik\u0173 slydim\u0105, tod\u0117l jie yra tobula alternatyva mediniams virbalams, kai norisi plonesni\u0173, tikslesni\u0173 ir lygesni\u0173 galiuk\u0173.Tinka tiek pradedantiesiems, tiek patyrusiems mezg\u0117jams, ypa\u010d m\u0117gstantiems [&hellip;]<\/p>\n","protected":false},"featured_media":5539,"comment_status":"open","ping_status":"closed","template":"","meta":{"_acf_changed":false},"product_brand":[786],"product_cat":[15,19,862],"product_tag":[],"pro-kategorijos":[],"class_list":{"0":"post-7151","1":"product","2":"type-product","3":"status-publish","4":"has-post-thumbnail","6":"product_brand-addi","7":"product_cat-visi-produktai","8":"product_cat-mezgimo-priemones","9":"product_cat-virbalai-su-valu","11":"first","12":"instock","13":"shipping-taxable","14":"purchasable","15":"product-type-variable"},"acf":[],"yoast_head":"<!-- This site is optimized with the Yoast SEO plugin v26.8 - https:\/\/yoast.com\/product\/yoast-seo-wordpress\/ -->\n<title>Addi Mystic Lace virbalai su valu 100 cm - Happyinaknit.com<\/title>\n<meta name=\"robots\" content=\"index, follow, max-snippet:-1, max-image-preview:large, max-video-preview:-1\" \/>\n<link rel=\"canonical\" href=\"https:\/\/happyinaknit.com\/lt\/produktas\/addi-mystic-lace-virbalai-su-valu-100-cm\/\" \/>\n<meta property=\"og:locale\" content=\"lt_LT\" \/>\n<meta property=\"og:type\" content=\"article\" \/>\n<meta property=\"og:title\" content=\"Addi Mystic Lace virbalai su valu 100 cm - Happyinaknit.com\" \/>\n<meta property=\"og:description\" content=\"Addi Mystic Lace \u2013 tai naujiena i\u0161 garsiojo voki\u0161ko prek\u0117s \u017eenklo Addi, sukurta tiems, kas vertina med\u017eio \u0161velnum\u0105 ir metalo precizi\u0161kum\u0105. \u0160ie virbalai turi \u0161veln\u0173 matin\u012f pavir\u0161i\u0173, kuris malonus lietimui ir suteikia puik\u0173 slydim\u0105, tod\u0117l jie yra tobula alternatyva mediniams virbalams, kai norisi plonesni\u0173, tikslesni\u0173 ir lygesni\u0173 galiuk\u0173.Tinka tiek pradedantiesiems, tiek patyrusiems mezg\u0117jams, ypa\u010d m\u0117gstantiems [&hellip;]\" \/>\n<meta property=\"og:url\" content=\"https:\/\/happyinaknit.com\/lt\/produktas\/addi-mystic-lace-virbalai-su-valu-100-cm\/\" \/>\n<meta property=\"og:site_name\" content=\"Happyinaknit.com\" \/>\n<meta property=\"article:modified_time\" content=\"2026-03-16T09:03:00+00:00\" \/>\n<meta property=\"og:image\" content=\"https:\/\/happyinaknit.com\/wp-content\/uploads\/2025\/10\/41sp-QZZJ2L.jpg\" \/>\n\t<meta property=\"og:image:width\" content=\"1000\" \/>\n\t<meta property=\"og:image:height\" content=\"1000\" \/>\n\t<meta property=\"og:image:type\" content=\"image\/jpeg\" \/>\n<meta name=\"twitter:card\" content=\"summary_large_image\" \/>\n<meta name=\"twitter:label1\" content=\"Est. reading time\" \/>\n\t<meta name=\"twitter:data1\" content=\"1 minut\u0117\" \/>\n<script type=\"application\/ld+json\" class=\"yoast-schema-graph\">{\"@context\":\"https:\/\/schema.org\",\"@graph\":[{\"@type\":\"WebPage\",\"@id\":\"https:\/\/happyinaknit.com\/produktas\/addi-mystic-lace-virbalai-su-valu-100-cm\/\",\"url\":\"https:\/\/happyinaknit.com\/produktas\/addi-mystic-lace-virbalai-su-valu-100-cm\/\",\"name\":\"Addi Mystic Lace virbalai su valu 100 cm - Happyinaknit.com\",\"isPartOf\":{\"@id\":\"https:\/\/happyinaknit.com\/lt\/#website\"},\"primaryImageOfPage\":{\"@id\":\"https:\/\/happyinaknit.com\/produktas\/addi-mystic-lace-virbalai-su-valu-100-cm\/#primaryimage\"},\"image\":{\"@id\":\"https:\/\/happyinaknit.com\/produktas\/addi-mystic-lace-virbalai-su-valu-100-cm\/#primaryimage\"},\"thumbnailUrl\":\"https:\/\/happyinaknit.com\/wp-content\/uploads\/2025\/10\/41sp-QZZJ2L.jpg\",\"datePublished\":\"2025-10-30T19:46:21+00:00\",\"dateModified\":\"2026-03-16T09:03:00+00:00\",\"breadcrumb\":{\"@id\":\"https:\/\/happyinaknit.com\/produktas\/addi-mystic-lace-virbalai-su-valu-100-cm\/#breadcrumb\"},\"inLanguage\":\"lt-LT\",\"potentialAction\":[{\"@type\":\"ReadAction\",\"target\":[\"https:\/\/happyinaknit.com\/produktas\/addi-mystic-lace-virbalai-su-valu-100-cm\/\"]}]},{\"@type\":\"ImageObject\",\"inLanguage\":\"lt-LT\",\"@id\":\"https:\/\/happyinaknit.com\/produktas\/addi-mystic-lace-virbalai-su-valu-100-cm\/#primaryimage\",\"url\":\"https:\/\/happyinaknit.com\/wp-content\/uploads\/2025\/10\/41sp-QZZJ2L.jpg\",\"contentUrl\":\"https:\/\/happyinaknit.com\/wp-content\/uploads\/2025\/10\/41sp-QZZJ2L.jpg\",\"width\":1000,\"height\":1000},{\"@type\":\"BreadcrumbList\",\"@id\":\"https:\/\/happyinaknit.com\/produktas\/addi-mystic-lace-virbalai-su-valu-100-cm\/#breadcrumb\",\"itemListElement\":[{\"@type\":\"ListItem\",\"position\":1,\"name\":\"Home\",\"item\":\"https:\/\/happyinaknit.com\/lt\/\"},{\"@type\":\"ListItem\",\"position\":2,\"name\":\"Parduotuv\u0117\",\"item\":\"https:\/\/happyinaknit.com\/lt\/parduotuve\/\"},{\"@type\":\"ListItem\",\"position\":3,\"name\":\"Addi Mystic Lace virbalai su valu 100 cm\"}]},{\"@type\":\"WebSite\",\"@id\":\"https:\/\/happyinaknit.com\/lt\/#website\",\"url\":\"https:\/\/happyinaknit.com\/lt\/\",\"name\":\"Happyinaknit.com\",\"description\":\"\",\"potentialAction\":[{\"@type\":\"SearchAction\",\"target\":{\"@type\":\"EntryPoint\",\"urlTemplate\":\"https:\/\/happyinaknit.com\/lt\/?s={search_term_string}\"},\"query-input\":{\"@type\":\"PropertyValueSpecification\",\"valueRequired\":true,\"valueName\":\"search_term_string\"}}],\"inLanguage\":\"lt-LT\"}]}<\/script>\n<!-- \/ Yoast SEO plugin. -->","yoast_head_json":{"title":"Addi Mystic Lace virbalai su valu 100 cm - Happyinaknit.com","robots":{"index":"index","follow":"follow","max-snippet":"max-snippet:-1","max-image-preview":"max-image-preview:large","max-video-preview":"max-video-preview:-1"},"canonical":"https:\/\/happyinaknit.com\/lt\/produktas\/addi-mystic-lace-virbalai-su-valu-100-cm\/","og_locale":"lt_LT","og_type":"article","og_title":"Addi Mystic Lace virbalai su valu 100 cm - Happyinaknit.com","og_description":"Addi Mystic Lace \u2013 tai naujiena i\u0161 garsiojo voki\u0161ko prek\u0117s \u017eenklo Addi, sukurta tiems, kas vertina med\u017eio \u0161velnum\u0105 ir metalo precizi\u0161kum\u0105. \u0160ie virbalai turi \u0161veln\u0173 matin\u012f pavir\u0161i\u0173, kuris malonus lietimui ir suteikia puik\u0173 slydim\u0105, tod\u0117l jie yra tobula alternatyva mediniams virbalams, kai norisi plonesni\u0173, tikslesni\u0173 ir lygesni\u0173 galiuk\u0173.Tinka tiek pradedantiesiems, tiek patyrusiems mezg\u0117jams, ypa\u010d m\u0117gstantiems [&hellip;]","og_url":"https:\/\/happyinaknit.com\/lt\/produktas\/addi-mystic-lace-virbalai-su-valu-100-cm\/","og_site_name":"Happyinaknit.com","article_modified_time":"2026-03-16T09:03:00+00:00","og_image":[{"width":1000,"height":1000,"url":"https:\/\/happyinaknit.com\/wp-content\/uploads\/2025\/10\/41sp-QZZJ2L.jpg","type":"image\/jpeg"}],"twitter_card":"summary_large_image","twitter_misc":{"Est. reading time":"1 minut\u0117"},"schema":{"@context":"https:\/\/schema.org","@graph":[{"@type":"WebPage","@id":"https:\/\/happyinaknit.com\/produktas\/addi-mystic-lace-virbalai-su-valu-100-cm\/","url":"https:\/\/happyinaknit.com\/produktas\/addi-mystic-lace-virbalai-su-valu-100-cm\/","name":"Addi Mystic Lace virbalai su valu 100 cm - Happyinaknit.com","isPartOf":{"@id":"https:\/\/happyinaknit.com\/lt\/#website"},"primaryImageOfPage":{"@id":"https:\/\/happyinaknit.com\/produktas\/addi-mystic-lace-virbalai-su-valu-100-cm\/#primaryimage"},"image":{"@id":"https:\/\/happyinaknit.com\/produktas\/addi-mystic-lace-virbalai-su-valu-100-cm\/#primaryimage"},"thumbnailUrl":"https:\/\/happyinaknit.com\/wp-content\/uploads\/2025\/10\/41sp-QZZJ2L.jpg","datePublished":"2025-10-30T19:46:21+00:00","dateModified":"2026-03-16T09:03:00+00:00","breadcrumb":{"@id":"https:\/\/happyinaknit.com\/produktas\/addi-mystic-lace-virbalai-su-valu-100-cm\/#breadcrumb"},"inLanguage":"lt-LT","potentialAction":[{"@type":"ReadAction","target":["https:\/\/happyinaknit.com\/produktas\/addi-mystic-lace-virbalai-su-valu-100-cm\/"]}]},{"@type":"ImageObject","inLanguage":"lt-LT","@id":"https:\/\/happyinaknit.com\/produktas\/addi-mystic-lace-virbalai-su-valu-100-cm\/#primaryimage","url":"https:\/\/happyinaknit.com\/wp-content\/uploads\/2025\/10\/41sp-QZZJ2L.jpg","contentUrl":"https:\/\/happyinaknit.com\/wp-content\/uploads\/2025\/10\/41sp-QZZJ2L.jpg","width":1000,"height":1000},{"@type":"BreadcrumbList","@id":"https:\/\/happyinaknit.com\/produktas\/addi-mystic-lace-virbalai-su-valu-100-cm\/#breadcrumb","itemListElement":[{"@type":"ListItem","position":1,"name":"Home","item":"https:\/\/happyinaknit.com\/lt\/"},{"@type":"ListItem","position":2,"name":"Parduotuv\u0117","item":"https:\/\/happyinaknit.com\/lt\/parduotuve\/"},{"@type":"ListItem","position":3,"name":"Addi Mystic Lace virbalai su valu 100 cm"}]},{"@type":"WebSite","@id":"https:\/\/happyinaknit.com\/lt\/#website","url":"https:\/\/happyinaknit.com\/lt\/","name":"Happyinaknit.com","description":"","potentialAction":[{"@type":"SearchAction","target":{"@type":"EntryPoint","urlTemplate":"https:\/\/happyinaknit.com\/lt\/?s={search_term_string}"},"query-input":{"@type":"PropertyValueSpecification","valueRequired":true,"valueName":"search_term_string"}}],"inLanguage":"lt-LT"}]}},"_links":{"self":[{"href":"https:\/\/happyinaknit.com\/lt\/wp-json\/wp\/v2\/product\/7151","targetHints":{"allow":["GET"]}}],"collection":[{"href":"https:\/\/happyinaknit.com\/lt\/wp-json\/wp\/v2\/product"}],"about":[{"href":"https:\/\/happyinaknit.com\/lt\/wp-json\/wp\/v2\/types\/product"}],"replies":[{"embeddable":true,"href":"https:\/\/happyinaknit.com\/lt\/wp-json\/wp\/v2\/comments?post=7151"}],"wp:featuredmedia":[{"embeddable":true,"href":"https:\/\/happyinaknit.com\/lt\/wp-json\/wp\/v2\/media\/5539"}],"wp:attachment":[{"href":"https:\/\/happyinaknit.com\/lt\/wp-json\/wp\/v2\/media?parent=7151"}],"wp:term":[{"taxonomy":"product_brand","embeddable":true,"href":"https:\/\/happyinaknit.com\/lt\/wp-json\/wp\/v2\/product_brand?post=7151"},{"taxonomy":"product_cat","embeddable":true,"href":"https:\/\/happyinaknit.com\/lt\/wp-json\/wp\/v2\/product_cat?post=7151"},{"taxonomy":"product_tag","embeddable":true,"href":"https:\/\/happyinaknit.com\/lt\/wp-json\/wp\/v2\/product_tag?post=7151"},{"taxonomy":"pro-kategorijos","embeddable":true,"href":"https:\/\/happyinaknit.com\/lt\/wp-json\/wp\/v2\/pro-kategorijos?post=7151"}],"curies":[{"name":"wp","href":"https:\/\/api.w.org\/{rel}","templated":true}]}}