{"id":7127,"date":"2025-10-28T22:50:26","date_gmt":"2025-10-28T22:50:26","guid":{"rendered":"https:\/\/happyinaknit.com\/?post_type=product&#038;p=7127"},"modified":"2025-11-26T11:32:59","modified_gmt":"2025-11-26T11:32:59","slug":"wool-and-the-gang-kojiniu-virbalai","status":"publish","type":"product","link":"https:\/\/happyinaknit.com\/lt\/produktas\/wool-and-the-gang-kojiniu-virbalai\/","title":{"rendered":"Wool and the Gang kojini\u0173 virbalai 15 cm"},"content":{"rendered":"<p>Klasikiniai kojini\u0173 virbalai, skirti kojin\u0117ms, rankov\u0117ms, pir\u0161tin\u0117ms ar kitiems smulkiems gaminiams megzti ratu. Lengvi ir patog\u016bs, jie leid\u017eia megzti tolygiai be si\u016bli\u0173, o lygus pavir\u0161ius u\u017etikrina skland\u0173 si\u016bl\u0173 slydim\u0105.<\/p>\n<p><b>Savyb\u0117s:<\/b><b><\/b><\/p>\n<p>\u2022Rinkinyje: <b>5 virbalai<\/b>.<\/p>\n<p>\u2022Tinka kojin\u0117ms ir kitiems apvaliems mezginiams.<\/p>\n<p>\u2022Lygus pavir\u0161ius \u2013 si\u016blai slysta lengvai ir tolygiai.<\/p>\n<p>\u2022Patog\u016bs naudoti ilgesniems mezgimo darbams.<\/p>\n<p><b>Pastaba:<\/b> spalv\u0173 atspalviai gali \u0161iek tiek skirtis priklausomai nuo \u012frenginio ekrano.<\/p>\n","protected":false},"excerpt":{"rendered":"<p>Klasikiniai kojini\u0173 virbalai, skirti kojin\u0117ms, rankov\u0117ms, pir\u0161tin\u0117ms ar kitiems smulkiems gaminiams megzti ratu. Lengvi ir patog\u016bs, jie leid\u017eia megzti tolygiai be si\u016bli\u0173, o lygus pavir\u0161ius u\u017etikrina skland\u0173 si\u016bl\u0173 slydim\u0105. Savyb\u0117s: \u2022Rinkinyje: 5 virbalai. \u2022Tinka kojin\u0117ms ir kitiems apvaliems mezginiams. \u2022Lygus pavir\u0161ius \u2013 si\u016blai slysta lengvai ir tolygiai. \u2022Patog\u016bs naudoti ilgesniems mezgimo darbams. Pastaba: spalv\u0173 atspalviai [&hellip;]<\/p>\n","protected":false},"featured_media":7128,"comment_status":"open","ping_status":"closed","template":"","meta":{"_acf_changed":false},"product_brand":[61],"product_cat":[15,19,865],"product_tag":[],"pro-kategorijos":[],"class_list":{"0":"post-7127","1":"product","2":"type-product","3":"status-publish","4":"has-post-thumbnail","6":"product_brand-wool-and-the-gang","7":"product_cat-visi-produktai","8":"product_cat-mezgimo-priemones","9":"product_cat-virbalai-kojinems","11":"first","12":"instock","13":"shipping-taxable","14":"purchasable","15":"product-type-variable"},"acf":[],"yoast_head":"<!-- This site is optimized with the Yoast SEO plugin v26.8 - https:\/\/yoast.com\/product\/yoast-seo-wordpress\/ -->\n<title>Wool and the Gang kojini\u0173 virbalai 15 cm - Happyinaknit.com<\/title>\n<meta name=\"robots\" content=\"index, follow, max-snippet:-1, max-image-preview:large, max-video-preview:-1\" \/>\n<link rel=\"canonical\" href=\"https:\/\/happyinaknit.com\/lt\/produktas\/wool-and-the-gang-kojiniu-virbalai\/\" \/>\n<meta property=\"og:locale\" content=\"lt_LT\" \/>\n<meta property=\"og:type\" content=\"article\" \/>\n<meta property=\"og:title\" content=\"Wool and the Gang kojini\u0173 virbalai 15 cm - Happyinaknit.com\" \/>\n<meta property=\"og:description\" content=\"Klasikiniai kojini\u0173 virbalai, skirti kojin\u0117ms, rankov\u0117ms, pir\u0161tin\u0117ms ar kitiems smulkiems gaminiams megzti ratu. Lengvi ir patog\u016bs, jie leid\u017eia megzti tolygiai be si\u016bli\u0173, o lygus pavir\u0161ius u\u017etikrina skland\u0173 si\u016bl\u0173 slydim\u0105. Savyb\u0117s: \u2022Rinkinyje: 5 virbalai. \u2022Tinka kojin\u0117ms ir kitiems apvaliems mezginiams. \u2022Lygus pavir\u0161ius \u2013 si\u016blai slysta lengvai ir tolygiai. \u2022Patog\u016bs naudoti ilgesniems mezgimo darbams. Pastaba: spalv\u0173 atspalviai [&hellip;]\" \/>\n<meta property=\"og:url\" content=\"https:\/\/happyinaknit.com\/lt\/produktas\/wool-and-the-gang-kojiniu-virbalai\/\" \/>\n<meta property=\"og:site_name\" content=\"Happyinaknit.com\" \/>\n<meta property=\"article:modified_time\" content=\"2025-11-26T11:32:59+00:00\" \/>\n<meta property=\"og:image\" content=\"https:\/\/happyinaknit.com\/wp-content\/uploads\/2025\/10\/IMG_0880.jpg\" \/>\n\t<meta property=\"og:image:width\" content=\"940\" \/>\n\t<meta property=\"og:image:height\" content=\"1200\" \/>\n\t<meta property=\"og:image:type\" content=\"image\/jpeg\" \/>\n<meta name=\"twitter:card\" content=\"summary_large_image\" \/>\n<script type=\"application\/ld+json\" class=\"yoast-schema-graph\">{\"@context\":\"https:\/\/schema.org\",\"@graph\":[{\"@type\":\"WebPage\",\"@id\":\"https:\/\/happyinaknit.com\/produktas\/wool-and-the-gang-kojiniu-virbalai\/\",\"url\":\"https:\/\/happyinaknit.com\/produktas\/wool-and-the-gang-kojiniu-virbalai\/\",\"name\":\"Wool and the Gang kojini\u0173 virbalai 15 cm - Happyinaknit.com\",\"isPartOf\":{\"@id\":\"https:\/\/happyinaknit.com\/lt\/#website\"},\"primaryImageOfPage\":{\"@id\":\"https:\/\/happyinaknit.com\/produktas\/wool-and-the-gang-kojiniu-virbalai\/#primaryimage\"},\"image\":{\"@id\":\"https:\/\/happyinaknit.com\/produktas\/wool-and-the-gang-kojiniu-virbalai\/#primaryimage\"},\"thumbnailUrl\":\"https:\/\/happyinaknit.com\/wp-content\/uploads\/2025\/10\/IMG_0880.jpg\",\"datePublished\":\"2025-10-28T22:50:26+00:00\",\"dateModified\":\"2025-11-26T11:32:59+00:00\",\"breadcrumb\":{\"@id\":\"https:\/\/happyinaknit.com\/produktas\/wool-and-the-gang-kojiniu-virbalai\/#breadcrumb\"},\"inLanguage\":\"lt-LT\",\"potentialAction\":[{\"@type\":\"ReadAction\",\"target\":[\"https:\/\/happyinaknit.com\/produktas\/wool-and-the-gang-kojiniu-virbalai\/\"]}]},{\"@type\":\"ImageObject\",\"inLanguage\":\"lt-LT\",\"@id\":\"https:\/\/happyinaknit.com\/produktas\/wool-and-the-gang-kojiniu-virbalai\/#primaryimage\",\"url\":\"https:\/\/happyinaknit.com\/wp-content\/uploads\/2025\/10\/IMG_0880.jpg\",\"contentUrl\":\"https:\/\/happyinaknit.com\/wp-content\/uploads\/2025\/10\/IMG_0880.jpg\",\"width\":940,\"height\":1200},{\"@type\":\"BreadcrumbList\",\"@id\":\"https:\/\/happyinaknit.com\/produktas\/wool-and-the-gang-kojiniu-virbalai\/#breadcrumb\",\"itemListElement\":[{\"@type\":\"ListItem\",\"position\":1,\"name\":\"Home\",\"item\":\"https:\/\/happyinaknit.com\/lt\/\"},{\"@type\":\"ListItem\",\"position\":2,\"name\":\"Parduotuv\u0117\",\"item\":\"https:\/\/happyinaknit.com\/lt\/parduotuve\/\"},{\"@type\":\"ListItem\",\"position\":3,\"name\":\"Wool and the Gang kojini\u0173 virbalai 15 cm\"}]},{\"@type\":\"WebSite\",\"@id\":\"https:\/\/happyinaknit.com\/lt\/#website\",\"url\":\"https:\/\/happyinaknit.com\/lt\/\",\"name\":\"Happyinaknit.com\",\"description\":\"\",\"potentialAction\":[{\"@type\":\"SearchAction\",\"target\":{\"@type\":\"EntryPoint\",\"urlTemplate\":\"https:\/\/happyinaknit.com\/lt\/?s={search_term_string}\"},\"query-input\":{\"@type\":\"PropertyValueSpecification\",\"valueRequired\":true,\"valueName\":\"search_term_string\"}}],\"inLanguage\":\"lt-LT\"}]}<\/script>\n<!-- \/ Yoast SEO plugin. -->","yoast_head_json":{"title":"Wool and the Gang kojini\u0173 virbalai 15 cm - Happyinaknit.com","robots":{"index":"index","follow":"follow","max-snippet":"max-snippet:-1","max-image-preview":"max-image-preview:large","max-video-preview":"max-video-preview:-1"},"canonical":"https:\/\/happyinaknit.com\/lt\/produktas\/wool-and-the-gang-kojiniu-virbalai\/","og_locale":"lt_LT","og_type":"article","og_title":"Wool and the Gang kojini\u0173 virbalai 15 cm - Happyinaknit.com","og_description":"Klasikiniai kojini\u0173 virbalai, skirti kojin\u0117ms, rankov\u0117ms, pir\u0161tin\u0117ms ar kitiems smulkiems gaminiams megzti ratu. Lengvi ir patog\u016bs, jie leid\u017eia megzti tolygiai be si\u016bli\u0173, o lygus pavir\u0161ius u\u017etikrina skland\u0173 si\u016bl\u0173 slydim\u0105. Savyb\u0117s: \u2022Rinkinyje: 5 virbalai. \u2022Tinka kojin\u0117ms ir kitiems apvaliems mezginiams. \u2022Lygus pavir\u0161ius \u2013 si\u016blai slysta lengvai ir tolygiai. \u2022Patog\u016bs naudoti ilgesniems mezgimo darbams. Pastaba: spalv\u0173 atspalviai [&hellip;]","og_url":"https:\/\/happyinaknit.com\/lt\/produktas\/wool-and-the-gang-kojiniu-virbalai\/","og_site_name":"Happyinaknit.com","article_modified_time":"2025-11-26T11:32:59+00:00","og_image":[{"width":940,"height":1200,"url":"https:\/\/happyinaknit.com\/wp-content\/uploads\/2025\/10\/IMG_0880.jpg","type":"image\/jpeg"}],"twitter_card":"summary_large_image","schema":{"@context":"https:\/\/schema.org","@graph":[{"@type":"WebPage","@id":"https:\/\/happyinaknit.com\/produktas\/wool-and-the-gang-kojiniu-virbalai\/","url":"https:\/\/happyinaknit.com\/produktas\/wool-and-the-gang-kojiniu-virbalai\/","name":"Wool and the Gang kojini\u0173 virbalai 15 cm - Happyinaknit.com","isPartOf":{"@id":"https:\/\/happyinaknit.com\/lt\/#website"},"primaryImageOfPage":{"@id":"https:\/\/happyinaknit.com\/produktas\/wool-and-the-gang-kojiniu-virbalai\/#primaryimage"},"image":{"@id":"https:\/\/happyinaknit.com\/produktas\/wool-and-the-gang-kojiniu-virbalai\/#primaryimage"},"thumbnailUrl":"https:\/\/happyinaknit.com\/wp-content\/uploads\/2025\/10\/IMG_0880.jpg","datePublished":"2025-10-28T22:50:26+00:00","dateModified":"2025-11-26T11:32:59+00:00","breadcrumb":{"@id":"https:\/\/happyinaknit.com\/produktas\/wool-and-the-gang-kojiniu-virbalai\/#breadcrumb"},"inLanguage":"lt-LT","potentialAction":[{"@type":"ReadAction","target":["https:\/\/happyinaknit.com\/produktas\/wool-and-the-gang-kojiniu-virbalai\/"]}]},{"@type":"ImageObject","inLanguage":"lt-LT","@id":"https:\/\/happyinaknit.com\/produktas\/wool-and-the-gang-kojiniu-virbalai\/#primaryimage","url":"https:\/\/happyinaknit.com\/wp-content\/uploads\/2025\/10\/IMG_0880.jpg","contentUrl":"https:\/\/happyinaknit.com\/wp-content\/uploads\/2025\/10\/IMG_0880.jpg","width":940,"height":1200},{"@type":"BreadcrumbList","@id":"https:\/\/happyinaknit.com\/produktas\/wool-and-the-gang-kojiniu-virbalai\/#breadcrumb","itemListElement":[{"@type":"ListItem","position":1,"name":"Home","item":"https:\/\/happyinaknit.com\/lt\/"},{"@type":"ListItem","position":2,"name":"Parduotuv\u0117","item":"https:\/\/happyinaknit.com\/lt\/parduotuve\/"},{"@type":"ListItem","position":3,"name":"Wool and the Gang kojini\u0173 virbalai 15 cm"}]},{"@type":"WebSite","@id":"https:\/\/happyinaknit.com\/lt\/#website","url":"https:\/\/happyinaknit.com\/lt\/","name":"Happyinaknit.com","description":"","potentialAction":[{"@type":"SearchAction","target":{"@type":"EntryPoint","urlTemplate":"https:\/\/happyinaknit.com\/lt\/?s={search_term_string}"},"query-input":{"@type":"PropertyValueSpecification","valueRequired":true,"valueName":"search_term_string"}}],"inLanguage":"lt-LT"}]}},"_links":{"self":[{"href":"https:\/\/happyinaknit.com\/lt\/wp-json\/wp\/v2\/product\/7127","targetHints":{"allow":["GET"]}}],"collection":[{"href":"https:\/\/happyinaknit.com\/lt\/wp-json\/wp\/v2\/product"}],"about":[{"href":"https:\/\/happyinaknit.com\/lt\/wp-json\/wp\/v2\/types\/product"}],"replies":[{"embeddable":true,"href":"https:\/\/happyinaknit.com\/lt\/wp-json\/wp\/v2\/comments?post=7127"}],"wp:featuredmedia":[{"embeddable":true,"href":"https:\/\/happyinaknit.com\/lt\/wp-json\/wp\/v2\/media\/7128"}],"wp:attachment":[{"href":"https:\/\/happyinaknit.com\/lt\/wp-json\/wp\/v2\/media?parent=7127"}],"wp:term":[{"taxonomy":"product_brand","embeddable":true,"href":"https:\/\/happyinaknit.com\/lt\/wp-json\/wp\/v2\/product_brand?post=7127"},{"taxonomy":"product_cat","embeddable":true,"href":"https:\/\/happyinaknit.com\/lt\/wp-json\/wp\/v2\/product_cat?post=7127"},{"taxonomy":"product_tag","embeddable":true,"href":"https:\/\/happyinaknit.com\/lt\/wp-json\/wp\/v2\/product_tag?post=7127"},{"taxonomy":"pro-kategorijos","embeddable":true,"href":"https:\/\/happyinaknit.com\/lt\/wp-json\/wp\/v2\/pro-kategorijos?post=7127"}],"curies":[{"name":"wp","href":"https:\/\/api.w.org\/{rel}","templated":true}]}}