{"id":7123,"date":"2025-10-28T22:23:38","date_gmt":"2025-10-28T22:23:38","guid":{"rendered":"https:\/\/happyinaknit.com\/?post_type=product&#038;p=7123"},"modified":"2025-10-28T22:27:32","modified_gmt":"2025-10-28T22:27:32","slug":"prym-adatu-rinkinys-610-291","status":"publish","type":"product","link":"https:\/\/happyinaknit.com\/lt\/produktas\/prym-adatu-rinkinys-610-291\/","title":{"rendered":"Prym Magnetinis Adat\u0173 Rinkinys 610 291"},"content":{"rendered":"<p>Patogus ir stilingas <b>Prym<\/b> magnetinis adat\u0173 rinkinys su i\u0161sukamu d\u0117klu \u2013 puikus pasirinkimas kiekvienai rankdarbi\u0173 m\u0117g\u0117jai. D\u0117klas ne tik saugiai laiko adatas, bet ir leid\u017eia jas patogiai i\u0161sukti po vien\u0105. Magnetinis pagrindas apsaugo nuo adat\u0173 i\u0161kritimo, tod\u0117l \u0161is rinkinys ypa\u010d prakti\u0161kas kelion\u0117se ar kasdieniam naudojimui.<\/p>\n<p><b>Savyb\u0117s:<\/b><b><\/b><\/p>\n<p>\u2022Komplekte \u012fvairaus dyd\u017eio adatos.<\/p>\n<p>\u2022Magnetinis pagrindas \u2013 adatos tvirtai laikosi viduje.<\/p>\n<p>\u2022I\u0161sukamas d\u0117klas \u2013 lengva paimti adatas po vien\u0105.<\/p>\n<p>\u2022Kompakti\u0161kas ir saugus laikymui ar kelion\u0117ms.<\/p>\n<p><b>Pastaba:<\/b> spalv\u0173 atspalviai gali \u0161iek tiek skirtis priklausomai nuo \u012frenginio ekrano.<\/p>\n","protected":false},"excerpt":{"rendered":"<p>Patogus ir stilingas Prym magnetinis adat\u0173 rinkinys su i\u0161sukamu d\u0117klu \u2013 puikus pasirinkimas kiekvienai rankdarbi\u0173 m\u0117g\u0117jai. D\u0117klas ne tik saugiai laiko adatas, bet ir leid\u017eia jas patogiai i\u0161sukti po vien\u0105. Magnetinis pagrindas apsaugo nuo adat\u0173 i\u0161kritimo, tod\u0117l \u0161is rinkinys ypa\u010d prakti\u0161kas kelion\u0117se ar kasdieniam naudojimui. Savyb\u0117s: \u2022Komplekte \u012fvairaus dyd\u017eio adatos. \u2022Magnetinis pagrindas \u2013 adatos tvirtai [&hellip;]<\/p>\n","protected":false},"featured_media":7124,"comment_status":"open","ping_status":"closed","template":"","meta":{"_acf_changed":false},"product_brand":[1072],"product_cat":[15,1080,20],"product_tag":[],"pro-kategorijos":[],"class_list":{"0":"post-7123","1":"product","2":"type-product","3":"status-publish","4":"has-post-thumbnail","6":"product_brand-prym","7":"product_cat-visi-produktai","8":"product_cat-adatos","9":"product_cat-priedai-mezgimui","11":"first","12":"instock","13":"shipping-taxable","14":"purchasable","15":"product-type-simple"},"acf":[],"yoast_head":"<!-- This site is optimized with the Yoast SEO plugin v26.8 - https:\/\/yoast.com\/product\/yoast-seo-wordpress\/ -->\n<title>Prym Magnetinis Adat\u0173 Rinkinys 610 291 - Happyinaknit.com<\/title>\n<meta name=\"robots\" content=\"index, follow, max-snippet:-1, max-image-preview:large, max-video-preview:-1\" \/>\n<link rel=\"canonical\" href=\"https:\/\/happyinaknit.com\/lt\/produktas\/prym-adatu-rinkinys-610-291\/\" \/>\n<meta property=\"og:locale\" content=\"lt_LT\" \/>\n<meta property=\"og:type\" content=\"article\" \/>\n<meta property=\"og:title\" content=\"Prym Magnetinis Adat\u0173 Rinkinys 610 291 - Happyinaknit.com\" \/>\n<meta property=\"og:description\" content=\"Patogus ir stilingas Prym magnetinis adat\u0173 rinkinys su i\u0161sukamu d\u0117klu \u2013 puikus pasirinkimas kiekvienai rankdarbi\u0173 m\u0117g\u0117jai. D\u0117klas ne tik saugiai laiko adatas, bet ir leid\u017eia jas patogiai i\u0161sukti po vien\u0105. Magnetinis pagrindas apsaugo nuo adat\u0173 i\u0161kritimo, tod\u0117l \u0161is rinkinys ypa\u010d prakti\u0161kas kelion\u0117se ar kasdieniam naudojimui. Savyb\u0117s: \u2022Komplekte \u012fvairaus dyd\u017eio adatos. \u2022Magnetinis pagrindas \u2013 adatos tvirtai [&hellip;]\" \/>\n<meta property=\"og:url\" content=\"https:\/\/happyinaknit.com\/lt\/produktas\/prym-adatu-rinkinys-610-291\/\" \/>\n<meta property=\"og:site_name\" content=\"Happyinaknit.com\" \/>\n<meta property=\"article:modified_time\" content=\"2025-10-28T22:27:32+00:00\" \/>\n<meta property=\"og:image\" content=\"https:\/\/happyinaknit.com\/wp-content\/uploads\/2025\/10\/prym-610291-adatine-magnetinis-suktuvas-600x600-1.jpg\" \/>\n\t<meta property=\"og:image:width\" content=\"600\" \/>\n\t<meta property=\"og:image:height\" content=\"600\" \/>\n\t<meta property=\"og:image:type\" content=\"image\/jpeg\" \/>\n<meta name=\"twitter:card\" content=\"summary_large_image\" \/>\n<script type=\"application\/ld+json\" class=\"yoast-schema-graph\">{\"@context\":\"https:\/\/schema.org\",\"@graph\":[{\"@type\":\"WebPage\",\"@id\":\"https:\/\/happyinaknit.com\/produktas\/prym-adatu-rinkinys-610-291\/\",\"url\":\"https:\/\/happyinaknit.com\/produktas\/prym-adatu-rinkinys-610-291\/\",\"name\":\"Prym Magnetinis Adat\u0173 Rinkinys 610 291 - Happyinaknit.com\",\"isPartOf\":{\"@id\":\"https:\/\/happyinaknit.com\/lt\/#website\"},\"primaryImageOfPage\":{\"@id\":\"https:\/\/happyinaknit.com\/produktas\/prym-adatu-rinkinys-610-291\/#primaryimage\"},\"image\":{\"@id\":\"https:\/\/happyinaknit.com\/produktas\/prym-adatu-rinkinys-610-291\/#primaryimage\"},\"thumbnailUrl\":\"https:\/\/happyinaknit.com\/wp-content\/uploads\/2025\/10\/prym-610291-adatine-magnetinis-suktuvas-600x600-1.jpg\",\"datePublished\":\"2025-10-28T22:23:38+00:00\",\"dateModified\":\"2025-10-28T22:27:32+00:00\",\"breadcrumb\":{\"@id\":\"https:\/\/happyinaknit.com\/produktas\/prym-adatu-rinkinys-610-291\/#breadcrumb\"},\"inLanguage\":\"lt-LT\",\"potentialAction\":[{\"@type\":\"ReadAction\",\"target\":[\"https:\/\/happyinaknit.com\/produktas\/prym-adatu-rinkinys-610-291\/\"]}]},{\"@type\":\"ImageObject\",\"inLanguage\":\"lt-LT\",\"@id\":\"https:\/\/happyinaknit.com\/produktas\/prym-adatu-rinkinys-610-291\/#primaryimage\",\"url\":\"https:\/\/happyinaknit.com\/wp-content\/uploads\/2025\/10\/prym-610291-adatine-magnetinis-suktuvas-600x600-1.jpg\",\"contentUrl\":\"https:\/\/happyinaknit.com\/wp-content\/uploads\/2025\/10\/prym-610291-adatine-magnetinis-suktuvas-600x600-1.jpg\",\"width\":600,\"height\":600},{\"@type\":\"BreadcrumbList\",\"@id\":\"https:\/\/happyinaknit.com\/produktas\/prym-adatu-rinkinys-610-291\/#breadcrumb\",\"itemListElement\":[{\"@type\":\"ListItem\",\"position\":1,\"name\":\"Home\",\"item\":\"https:\/\/happyinaknit.com\/lt\/\"},{\"@type\":\"ListItem\",\"position\":2,\"name\":\"Parduotuv\u0117\",\"item\":\"https:\/\/happyinaknit.com\/lt\/parduotuve\/\"},{\"@type\":\"ListItem\",\"position\":3,\"name\":\"Prym Magnetinis Adat\u0173 Rinkinys 610 291\"}]},{\"@type\":\"WebSite\",\"@id\":\"https:\/\/happyinaknit.com\/lt\/#website\",\"url\":\"https:\/\/happyinaknit.com\/lt\/\",\"name\":\"Happyinaknit.com\",\"description\":\"\",\"potentialAction\":[{\"@type\":\"SearchAction\",\"target\":{\"@type\":\"EntryPoint\",\"urlTemplate\":\"https:\/\/happyinaknit.com\/lt\/?s={search_term_string}\"},\"query-input\":{\"@type\":\"PropertyValueSpecification\",\"valueRequired\":true,\"valueName\":\"search_term_string\"}}],\"inLanguage\":\"lt-LT\"}]}<\/script>\n<!-- \/ Yoast SEO plugin. -->","yoast_head_json":{"title":"Prym Magnetinis Adat\u0173 Rinkinys 610 291 - Happyinaknit.com","robots":{"index":"index","follow":"follow","max-snippet":"max-snippet:-1","max-image-preview":"max-image-preview:large","max-video-preview":"max-video-preview:-1"},"canonical":"https:\/\/happyinaknit.com\/lt\/produktas\/prym-adatu-rinkinys-610-291\/","og_locale":"lt_LT","og_type":"article","og_title":"Prym Magnetinis Adat\u0173 Rinkinys 610 291 - Happyinaknit.com","og_description":"Patogus ir stilingas Prym magnetinis adat\u0173 rinkinys su i\u0161sukamu d\u0117klu \u2013 puikus pasirinkimas kiekvienai rankdarbi\u0173 m\u0117g\u0117jai. D\u0117klas ne tik saugiai laiko adatas, bet ir leid\u017eia jas patogiai i\u0161sukti po vien\u0105. Magnetinis pagrindas apsaugo nuo adat\u0173 i\u0161kritimo, tod\u0117l \u0161is rinkinys ypa\u010d prakti\u0161kas kelion\u0117se ar kasdieniam naudojimui. Savyb\u0117s: \u2022Komplekte \u012fvairaus dyd\u017eio adatos. \u2022Magnetinis pagrindas \u2013 adatos tvirtai [&hellip;]","og_url":"https:\/\/happyinaknit.com\/lt\/produktas\/prym-adatu-rinkinys-610-291\/","og_site_name":"Happyinaknit.com","article_modified_time":"2025-10-28T22:27:32+00:00","og_image":[{"width":600,"height":600,"url":"https:\/\/happyinaknit.com\/wp-content\/uploads\/2025\/10\/prym-610291-adatine-magnetinis-suktuvas-600x600-1.jpg","type":"image\/jpeg"}],"twitter_card":"summary_large_image","schema":{"@context":"https:\/\/schema.org","@graph":[{"@type":"WebPage","@id":"https:\/\/happyinaknit.com\/produktas\/prym-adatu-rinkinys-610-291\/","url":"https:\/\/happyinaknit.com\/produktas\/prym-adatu-rinkinys-610-291\/","name":"Prym Magnetinis Adat\u0173 Rinkinys 610 291 - Happyinaknit.com","isPartOf":{"@id":"https:\/\/happyinaknit.com\/lt\/#website"},"primaryImageOfPage":{"@id":"https:\/\/happyinaknit.com\/produktas\/prym-adatu-rinkinys-610-291\/#primaryimage"},"image":{"@id":"https:\/\/happyinaknit.com\/produktas\/prym-adatu-rinkinys-610-291\/#primaryimage"},"thumbnailUrl":"https:\/\/happyinaknit.com\/wp-content\/uploads\/2025\/10\/prym-610291-adatine-magnetinis-suktuvas-600x600-1.jpg","datePublished":"2025-10-28T22:23:38+00:00","dateModified":"2025-10-28T22:27:32+00:00","breadcrumb":{"@id":"https:\/\/happyinaknit.com\/produktas\/prym-adatu-rinkinys-610-291\/#breadcrumb"},"inLanguage":"lt-LT","potentialAction":[{"@type":"ReadAction","target":["https:\/\/happyinaknit.com\/produktas\/prym-adatu-rinkinys-610-291\/"]}]},{"@type":"ImageObject","inLanguage":"lt-LT","@id":"https:\/\/happyinaknit.com\/produktas\/prym-adatu-rinkinys-610-291\/#primaryimage","url":"https:\/\/happyinaknit.com\/wp-content\/uploads\/2025\/10\/prym-610291-adatine-magnetinis-suktuvas-600x600-1.jpg","contentUrl":"https:\/\/happyinaknit.com\/wp-content\/uploads\/2025\/10\/prym-610291-adatine-magnetinis-suktuvas-600x600-1.jpg","width":600,"height":600},{"@type":"BreadcrumbList","@id":"https:\/\/happyinaknit.com\/produktas\/prym-adatu-rinkinys-610-291\/#breadcrumb","itemListElement":[{"@type":"ListItem","position":1,"name":"Home","item":"https:\/\/happyinaknit.com\/lt\/"},{"@type":"ListItem","position":2,"name":"Parduotuv\u0117","item":"https:\/\/happyinaknit.com\/lt\/parduotuve\/"},{"@type":"ListItem","position":3,"name":"Prym Magnetinis Adat\u0173 Rinkinys 610 291"}]},{"@type":"WebSite","@id":"https:\/\/happyinaknit.com\/lt\/#website","url":"https:\/\/happyinaknit.com\/lt\/","name":"Happyinaknit.com","description":"","potentialAction":[{"@type":"SearchAction","target":{"@type":"EntryPoint","urlTemplate":"https:\/\/happyinaknit.com\/lt\/?s={search_term_string}"},"query-input":{"@type":"PropertyValueSpecification","valueRequired":true,"valueName":"search_term_string"}}],"inLanguage":"lt-LT"}]}},"_links":{"self":[{"href":"https:\/\/happyinaknit.com\/lt\/wp-json\/wp\/v2\/product\/7123","targetHints":{"allow":["GET"]}}],"collection":[{"href":"https:\/\/happyinaknit.com\/lt\/wp-json\/wp\/v2\/product"}],"about":[{"href":"https:\/\/happyinaknit.com\/lt\/wp-json\/wp\/v2\/types\/product"}],"replies":[{"embeddable":true,"href":"https:\/\/happyinaknit.com\/lt\/wp-json\/wp\/v2\/comments?post=7123"}],"wp:featuredmedia":[{"embeddable":true,"href":"https:\/\/happyinaknit.com\/lt\/wp-json\/wp\/v2\/media\/7124"}],"wp:attachment":[{"href":"https:\/\/happyinaknit.com\/lt\/wp-json\/wp\/v2\/media?parent=7123"}],"wp:term":[{"taxonomy":"product_brand","embeddable":true,"href":"https:\/\/happyinaknit.com\/lt\/wp-json\/wp\/v2\/product_brand?post=7123"},{"taxonomy":"product_cat","embeddable":true,"href":"https:\/\/happyinaknit.com\/lt\/wp-json\/wp\/v2\/product_cat?post=7123"},{"taxonomy":"product_tag","embeddable":true,"href":"https:\/\/happyinaknit.com\/lt\/wp-json\/wp\/v2\/product_tag?post=7123"},{"taxonomy":"pro-kategorijos","embeddable":true,"href":"https:\/\/happyinaknit.com\/lt\/wp-json\/wp\/v2\/pro-kategorijos?post=7123"}],"curies":[{"name":"wp","href":"https:\/\/api.w.org\/{rel}","templated":true}]}}