{"id":7120,"date":"2025-10-28T22:13:22","date_gmt":"2025-10-28T22:13:22","guid":{"rendered":"https:\/\/happyinaknit.com\/?post_type=product&#038;p=7120"},"modified":"2025-10-28T22:19:34","modified_gmt":"2025-10-28T22:19:34","slug":"prym-adatu-rinkinys-121-442","status":"publish","type":"product","link":"https:\/\/happyinaknit.com\/lt\/produktas\/prym-adatu-rinkinys-121-442\/","title":{"rendered":"Prym adat\u0173 rinkinys 121 442"},"content":{"rendered":"<p>Auk\u0161tos kokyb\u0117s <b>Prym<\/b> adatos skirtos quiltui ir siuvin\u0117jimui. Plonos, tvirtos ir itin a\u0161trios adatos u\u017etikrina lengv\u0105 \u012fsiskverbim\u0105 \u012f audin\u012f, tod\u0117l si\u016blas slysta tolygiai ir nepa\u017eeid\u017eia med\u017eiagos. Puikiai tinka kruop\u0161tiems rankdarbiams, quiltingui ir dekoratyviniam siuvin\u0117jimui.<\/p>\n<p><b>Savyb\u0117s:<\/b><b><\/b><\/p>\n<p>\u2022Rinkin\u012f sudaro 20 itin plon\u0173 adat\u0173 su sidabriniu aku\u010diu 26 mm ilgio<\/p>\n<p>\u2022Itin a\u0161tr\u016bs antgaliai \u2013 patogiam ir tiksliam darbui.<\/p>\n<p>\u2022Pagamintos i\u0161 auk\u0161tos kokyb\u0117s plieno.<\/p>\n<p>\u2022Patogiai supakuotos d\u0117\u017eut\u0117je<\/p>\n<p><b>Pastaba:<\/b> spalv\u0173 atspalviai gali \u0161iek tiek skirtis priklausomai nuo \u012frenginio ekrano.<\/p>\n","protected":false},"excerpt":{"rendered":"<p>Auk\u0161tos kokyb\u0117s Prym adatos skirtos quiltui ir siuvin\u0117jimui. Plonos, tvirtos ir itin a\u0161trios adatos u\u017etikrina lengv\u0105 \u012fsiskverbim\u0105 \u012f audin\u012f, tod\u0117l si\u016blas slysta tolygiai ir nepa\u017eeid\u017eia med\u017eiagos. Puikiai tinka kruop\u0161tiems rankdarbiams, quiltingui ir dekoratyviniam siuvin\u0117jimui. Savyb\u0117s: \u2022Rinkin\u012f sudaro 20 itin plon\u0173 adat\u0173 su sidabriniu aku\u010diu 26 mm ilgio \u2022Itin a\u0161tr\u016bs antgaliai \u2013 patogiam ir tiksliam darbui. [&hellip;]<\/p>\n","protected":false},"featured_media":7122,"comment_status":"open","ping_status":"closed","template":"","meta":{"_acf_changed":false},"product_brand":[1072],"product_cat":[15,1080,20],"product_tag":[],"pro-kategorijos":[],"class_list":{"0":"post-7120","1":"product","2":"type-product","3":"status-publish","4":"has-post-thumbnail","6":"product_brand-prym","7":"product_cat-visi-produktai","8":"product_cat-adatos","9":"product_cat-priedai-mezgimui","11":"first","12":"instock","13":"shipping-taxable","14":"purchasable","15":"product-type-simple"},"acf":[],"yoast_head":"<!-- This site is optimized with the Yoast SEO plugin v26.8 - https:\/\/yoast.com\/product\/yoast-seo-wordpress\/ -->\n<title>Prym adat\u0173 rinkinys 121 442 - Happyinaknit.com<\/title>\n<meta name=\"robots\" content=\"index, follow, max-snippet:-1, max-image-preview:large, max-video-preview:-1\" \/>\n<link rel=\"canonical\" href=\"https:\/\/happyinaknit.com\/lt\/produktas\/prym-adatu-rinkinys-121-442\/\" \/>\n<meta property=\"og:locale\" content=\"lt_LT\" \/>\n<meta property=\"og:type\" content=\"article\" \/>\n<meta property=\"og:title\" content=\"Prym adat\u0173 rinkinys 121 442 - Happyinaknit.com\" \/>\n<meta property=\"og:description\" content=\"Auk\u0161tos kokyb\u0117s Prym adatos skirtos quiltui ir siuvin\u0117jimui. Plonos, tvirtos ir itin a\u0161trios adatos u\u017etikrina lengv\u0105 \u012fsiskverbim\u0105 \u012f audin\u012f, tod\u0117l si\u016blas slysta tolygiai ir nepa\u017eeid\u017eia med\u017eiagos. Puikiai tinka kruop\u0161tiems rankdarbiams, quiltingui ir dekoratyviniam siuvin\u0117jimui. Savyb\u0117s: \u2022Rinkin\u012f sudaro 20 itin plon\u0173 adat\u0173 su sidabriniu aku\u010diu 26 mm ilgio \u2022Itin a\u0161tr\u016bs antgaliai \u2013 patogiam ir tiksliam darbui. [&hellip;]\" \/>\n<meta property=\"og:url\" content=\"https:\/\/happyinaknit.com\/lt\/produktas\/prym-adatu-rinkinys-121-442\/\" \/>\n<meta property=\"og:site_name\" content=\"Happyinaknit.com\" \/>\n<meta property=\"article:modified_time\" content=\"2025-10-28T22:19:34+00:00\" \/>\n<meta property=\"og:image\" content=\"https:\/\/happyinaknit.com\/wp-content\/uploads\/2025\/10\/c7e0ec20716dc369e85e55008604089c.jpg\" \/>\n\t<meta property=\"og:image:width\" content=\"1000\" \/>\n\t<meta property=\"og:image:height\" content=\"1000\" \/>\n\t<meta property=\"og:image:type\" content=\"image\/jpeg\" \/>\n<meta name=\"twitter:card\" content=\"summary_large_image\" \/>\n<script type=\"application\/ld+json\" class=\"yoast-schema-graph\">{\"@context\":\"https:\/\/schema.org\",\"@graph\":[{\"@type\":\"WebPage\",\"@id\":\"https:\/\/happyinaknit.com\/produktas\/prym-adatu-rinkinys-121-442\/\",\"url\":\"https:\/\/happyinaknit.com\/produktas\/prym-adatu-rinkinys-121-442\/\",\"name\":\"Prym adat\u0173 rinkinys 121 442 - Happyinaknit.com\",\"isPartOf\":{\"@id\":\"https:\/\/happyinaknit.com\/lt\/#website\"},\"primaryImageOfPage\":{\"@id\":\"https:\/\/happyinaknit.com\/produktas\/prym-adatu-rinkinys-121-442\/#primaryimage\"},\"image\":{\"@id\":\"https:\/\/happyinaknit.com\/produktas\/prym-adatu-rinkinys-121-442\/#primaryimage\"},\"thumbnailUrl\":\"https:\/\/happyinaknit.com\/wp-content\/uploads\/2025\/10\/c7e0ec20716dc369e85e55008604089c.jpg\",\"datePublished\":\"2025-10-28T22:13:22+00:00\",\"dateModified\":\"2025-10-28T22:19:34+00:00\",\"breadcrumb\":{\"@id\":\"https:\/\/happyinaknit.com\/produktas\/prym-adatu-rinkinys-121-442\/#breadcrumb\"},\"inLanguage\":\"lt-LT\",\"potentialAction\":[{\"@type\":\"ReadAction\",\"target\":[\"https:\/\/happyinaknit.com\/produktas\/prym-adatu-rinkinys-121-442\/\"]}]},{\"@type\":\"ImageObject\",\"inLanguage\":\"lt-LT\",\"@id\":\"https:\/\/happyinaknit.com\/produktas\/prym-adatu-rinkinys-121-442\/#primaryimage\",\"url\":\"https:\/\/happyinaknit.com\/wp-content\/uploads\/2025\/10\/c7e0ec20716dc369e85e55008604089c.jpg\",\"contentUrl\":\"https:\/\/happyinaknit.com\/wp-content\/uploads\/2025\/10\/c7e0ec20716dc369e85e55008604089c.jpg\",\"width\":1000,\"height\":1000},{\"@type\":\"BreadcrumbList\",\"@id\":\"https:\/\/happyinaknit.com\/produktas\/prym-adatu-rinkinys-121-442\/#breadcrumb\",\"itemListElement\":[{\"@type\":\"ListItem\",\"position\":1,\"name\":\"Home\",\"item\":\"https:\/\/happyinaknit.com\/lt\/\"},{\"@type\":\"ListItem\",\"position\":2,\"name\":\"Parduotuv\u0117\",\"item\":\"https:\/\/happyinaknit.com\/lt\/parduotuve\/\"},{\"@type\":\"ListItem\",\"position\":3,\"name\":\"Prym adat\u0173 rinkinys 121 442\"}]},{\"@type\":\"WebSite\",\"@id\":\"https:\/\/happyinaknit.com\/lt\/#website\",\"url\":\"https:\/\/happyinaknit.com\/lt\/\",\"name\":\"Happyinaknit.com\",\"description\":\"\",\"potentialAction\":[{\"@type\":\"SearchAction\",\"target\":{\"@type\":\"EntryPoint\",\"urlTemplate\":\"https:\/\/happyinaknit.com\/lt\/?s={search_term_string}\"},\"query-input\":{\"@type\":\"PropertyValueSpecification\",\"valueRequired\":true,\"valueName\":\"search_term_string\"}}],\"inLanguage\":\"lt-LT\"}]}<\/script>\n<!-- \/ Yoast SEO plugin. -->","yoast_head_json":{"title":"Prym adat\u0173 rinkinys 121 442 - Happyinaknit.com","robots":{"index":"index","follow":"follow","max-snippet":"max-snippet:-1","max-image-preview":"max-image-preview:large","max-video-preview":"max-video-preview:-1"},"canonical":"https:\/\/happyinaknit.com\/lt\/produktas\/prym-adatu-rinkinys-121-442\/","og_locale":"lt_LT","og_type":"article","og_title":"Prym adat\u0173 rinkinys 121 442 - Happyinaknit.com","og_description":"Auk\u0161tos kokyb\u0117s Prym adatos skirtos quiltui ir siuvin\u0117jimui. Plonos, tvirtos ir itin a\u0161trios adatos u\u017etikrina lengv\u0105 \u012fsiskverbim\u0105 \u012f audin\u012f, tod\u0117l si\u016blas slysta tolygiai ir nepa\u017eeid\u017eia med\u017eiagos. Puikiai tinka kruop\u0161tiems rankdarbiams, quiltingui ir dekoratyviniam siuvin\u0117jimui. Savyb\u0117s: \u2022Rinkin\u012f sudaro 20 itin plon\u0173 adat\u0173 su sidabriniu aku\u010diu 26 mm ilgio \u2022Itin a\u0161tr\u016bs antgaliai \u2013 patogiam ir tiksliam darbui. [&hellip;]","og_url":"https:\/\/happyinaknit.com\/lt\/produktas\/prym-adatu-rinkinys-121-442\/","og_site_name":"Happyinaknit.com","article_modified_time":"2025-10-28T22:19:34+00:00","og_image":[{"width":1000,"height":1000,"url":"https:\/\/happyinaknit.com\/wp-content\/uploads\/2025\/10\/c7e0ec20716dc369e85e55008604089c.jpg","type":"image\/jpeg"}],"twitter_card":"summary_large_image","schema":{"@context":"https:\/\/schema.org","@graph":[{"@type":"WebPage","@id":"https:\/\/happyinaknit.com\/produktas\/prym-adatu-rinkinys-121-442\/","url":"https:\/\/happyinaknit.com\/produktas\/prym-adatu-rinkinys-121-442\/","name":"Prym adat\u0173 rinkinys 121 442 - Happyinaknit.com","isPartOf":{"@id":"https:\/\/happyinaknit.com\/lt\/#website"},"primaryImageOfPage":{"@id":"https:\/\/happyinaknit.com\/produktas\/prym-adatu-rinkinys-121-442\/#primaryimage"},"image":{"@id":"https:\/\/happyinaknit.com\/produktas\/prym-adatu-rinkinys-121-442\/#primaryimage"},"thumbnailUrl":"https:\/\/happyinaknit.com\/wp-content\/uploads\/2025\/10\/c7e0ec20716dc369e85e55008604089c.jpg","datePublished":"2025-10-28T22:13:22+00:00","dateModified":"2025-10-28T22:19:34+00:00","breadcrumb":{"@id":"https:\/\/happyinaknit.com\/produktas\/prym-adatu-rinkinys-121-442\/#breadcrumb"},"inLanguage":"lt-LT","potentialAction":[{"@type":"ReadAction","target":["https:\/\/happyinaknit.com\/produktas\/prym-adatu-rinkinys-121-442\/"]}]},{"@type":"ImageObject","inLanguage":"lt-LT","@id":"https:\/\/happyinaknit.com\/produktas\/prym-adatu-rinkinys-121-442\/#primaryimage","url":"https:\/\/happyinaknit.com\/wp-content\/uploads\/2025\/10\/c7e0ec20716dc369e85e55008604089c.jpg","contentUrl":"https:\/\/happyinaknit.com\/wp-content\/uploads\/2025\/10\/c7e0ec20716dc369e85e55008604089c.jpg","width":1000,"height":1000},{"@type":"BreadcrumbList","@id":"https:\/\/happyinaknit.com\/produktas\/prym-adatu-rinkinys-121-442\/#breadcrumb","itemListElement":[{"@type":"ListItem","position":1,"name":"Home","item":"https:\/\/happyinaknit.com\/lt\/"},{"@type":"ListItem","position":2,"name":"Parduotuv\u0117","item":"https:\/\/happyinaknit.com\/lt\/parduotuve\/"},{"@type":"ListItem","position":3,"name":"Prym adat\u0173 rinkinys 121 442"}]},{"@type":"WebSite","@id":"https:\/\/happyinaknit.com\/lt\/#website","url":"https:\/\/happyinaknit.com\/lt\/","name":"Happyinaknit.com","description":"","potentialAction":[{"@type":"SearchAction","target":{"@type":"EntryPoint","urlTemplate":"https:\/\/happyinaknit.com\/lt\/?s={search_term_string}"},"query-input":{"@type":"PropertyValueSpecification","valueRequired":true,"valueName":"search_term_string"}}],"inLanguage":"lt-LT"}]}},"_links":{"self":[{"href":"https:\/\/happyinaknit.com\/lt\/wp-json\/wp\/v2\/product\/7120","targetHints":{"allow":["GET"]}}],"collection":[{"href":"https:\/\/happyinaknit.com\/lt\/wp-json\/wp\/v2\/product"}],"about":[{"href":"https:\/\/happyinaknit.com\/lt\/wp-json\/wp\/v2\/types\/product"}],"replies":[{"embeddable":true,"href":"https:\/\/happyinaknit.com\/lt\/wp-json\/wp\/v2\/comments?post=7120"}],"wp:featuredmedia":[{"embeddable":true,"href":"https:\/\/happyinaknit.com\/lt\/wp-json\/wp\/v2\/media\/7122"}],"wp:attachment":[{"href":"https:\/\/happyinaknit.com\/lt\/wp-json\/wp\/v2\/media?parent=7120"}],"wp:term":[{"taxonomy":"product_brand","embeddable":true,"href":"https:\/\/happyinaknit.com\/lt\/wp-json\/wp\/v2\/product_brand?post=7120"},{"taxonomy":"product_cat","embeddable":true,"href":"https:\/\/happyinaknit.com\/lt\/wp-json\/wp\/v2\/product_cat?post=7120"},{"taxonomy":"product_tag","embeddable":true,"href":"https:\/\/happyinaknit.com\/lt\/wp-json\/wp\/v2\/product_tag?post=7120"},{"taxonomy":"pro-kategorijos","embeddable":true,"href":"https:\/\/happyinaknit.com\/lt\/wp-json\/wp\/v2\/pro-kategorijos?post=7120"}],"curies":[{"name":"wp","href":"https:\/\/api.w.org\/{rel}","templated":true}]}}