{"id":7112,"date":"2025-10-28T21:42:18","date_gmt":"2025-10-28T21:42:18","guid":{"rendered":"https:\/\/happyinaknit.com\/?post_type=product&#038;p=7112"},"modified":"2026-03-20T05:42:46","modified_gmt":"2026-03-20T05:42:46","slug":"addi-vaseliu-ir-virbalu-matuoklis-sirdele-409-7","status":"publish","type":"product","link":"https:\/\/happyinaknit.com\/lt\/produktas\/addi-vaseliu-ir-virbalu-matuoklis-sirdele-409-7\/","title":{"rendered":"ADDI v\u0105\u0161eli\u0173 ir virbal\u0173 matuoklis \u201e\u0160irdel\u0117\u201d 409-7"},"content":{"rendered":"<p>Patogus <b>Addi<\/b> matuoklis pad\u0117s greitai ir tiksliai nustatyti virbal\u0173 ar v\u0105\u0161elio dyd\u012f. Kompakti\u0161kas ir lengvas \u012frankis taps nepakei\u010diamu pagalbininku kiekvienai mezg\u0117jai.<\/p>\n<p><b>Savyb\u0117s:<\/b><b><\/b><\/p>\n<p>\u2022Tinka virbalams ir v\u0105\u0161eliams, kuri\u0173 dydis nuo <b>1,5 iki 15 mm<\/b>.<\/p>\n<p>\u2022Pagamintas i\u0161 tvirto plastiko.<\/p>\n<p>\u2022Kompakti\u0161kas dydis \u2013 patogu pasiimti su savimi.<\/p>\n<p>\u2022Auk\u0161ta <b>Addi (Vokietija)<\/b> kokyb\u0117.<\/p>\n<p><b>Pastaba:<\/b> spalv\u0173 atspalviai gali \u0161iek tiek skirtis priklausomai nuo \u012frenginio ekrano.<\/p>\n","protected":false},"excerpt":{"rendered":"<p>Patogus Addi matuoklis pad\u0117s greitai ir tiksliai nustatyti virbal\u0173 ar v\u0105\u0161elio dyd\u012f. Kompakti\u0161kas ir lengvas \u012frankis taps nepakei\u010diamu pagalbininku kiekvienai mezg\u0117jai. Savyb\u0117s: \u2022Tinka virbalams ir v\u0105\u0161eliams, kuri\u0173 dydis nuo 1,5 iki 15 mm. \u2022Pagamintas i\u0161 tvirto plastiko. \u2022Kompakti\u0161kas dydis \u2013 patogu pasiimti su savimi. \u2022Auk\u0161ta Addi (Vokietija) kokyb\u0117. Pastaba: spalv\u0173 atspalviai gali \u0161iek tiek skirtis [&hellip;]<\/p>\n","protected":false},"featured_media":7113,"comment_status":"open","ping_status":"closed","template":"","meta":{"_acf_changed":false},"product_brand":[786],"product_cat":[15,92,20],"product_tag":[],"pro-kategorijos":[],"class_list":{"0":"post-7112","1":"product","2":"type-product","3":"status-publish","4":"has-post-thumbnail","6":"product_brand-addi","7":"product_cat-visi-produktai","8":"product_cat-matavimo-priemones","9":"product_cat-priedai-mezgimui","11":"first","12":"instock","13":"shipping-taxable","14":"purchasable","15":"product-type-simple"},"acf":[],"yoast_head":"<!-- This site is optimized with the Yoast SEO plugin v26.8 - https:\/\/yoast.com\/product\/yoast-seo-wordpress\/ -->\n<title>ADDI v\u0105\u0161eli\u0173 ir virbal\u0173 matuoklis \u201e\u0160irdel\u0117\u201d 409-7 - Happyinaknit.com<\/title>\n<meta name=\"robots\" content=\"index, follow, max-snippet:-1, max-image-preview:large, max-video-preview:-1\" \/>\n<link rel=\"canonical\" href=\"https:\/\/happyinaknit.com\/lt\/produktas\/addi-vaseliu-ir-virbalu-matuoklis-sirdele-409-7\/\" \/>\n<meta property=\"og:locale\" content=\"lt_LT\" \/>\n<meta property=\"og:type\" content=\"article\" \/>\n<meta property=\"og:title\" content=\"ADDI v\u0105\u0161eli\u0173 ir virbal\u0173 matuoklis \u201e\u0160irdel\u0117\u201d 409-7 - Happyinaknit.com\" \/>\n<meta property=\"og:description\" content=\"Patogus Addi matuoklis pad\u0117s greitai ir tiksliai nustatyti virbal\u0173 ar v\u0105\u0161elio dyd\u012f. Kompakti\u0161kas ir lengvas \u012frankis taps nepakei\u010diamu pagalbininku kiekvienai mezg\u0117jai. Savyb\u0117s: \u2022Tinka virbalams ir v\u0105\u0161eliams, kuri\u0173 dydis nuo 1,5 iki 15 mm. \u2022Pagamintas i\u0161 tvirto plastiko. \u2022Kompakti\u0161kas dydis \u2013 patogu pasiimti su savimi. \u2022Auk\u0161ta Addi (Vokietija) kokyb\u0117. Pastaba: spalv\u0173 atspalviai gali \u0161iek tiek skirtis [&hellip;]\" \/>\n<meta property=\"og:url\" content=\"https:\/\/happyinaknit.com\/lt\/produktas\/addi-vaseliu-ir-virbalu-matuoklis-sirdele-409-7\/\" \/>\n<meta property=\"og:site_name\" content=\"Happyinaknit.com\" \/>\n<meta property=\"article:modified_time\" content=\"2026-03-20T05:42:46+00:00\" \/>\n<meta property=\"og:image\" content=\"https:\/\/happyinaknit.com\/wp-content\/uploads\/2025\/10\/addi-409-7.jpg\" \/>\n\t<meta property=\"og:image:width\" content=\"600\" \/>\n\t<meta property=\"og:image:height\" content=\"600\" \/>\n\t<meta property=\"og:image:type\" content=\"image\/jpeg\" \/>\n<meta name=\"twitter:card\" content=\"summary_large_image\" \/>\n<script type=\"application\/ld+json\" class=\"yoast-schema-graph\">{\"@context\":\"https:\/\/schema.org\",\"@graph\":[{\"@type\":\"WebPage\",\"@id\":\"https:\/\/happyinaknit.com\/produktas\/addi-vaseliu-ir-virbalu-matuoklis-sirdele-409-7\/\",\"url\":\"https:\/\/happyinaknit.com\/produktas\/addi-vaseliu-ir-virbalu-matuoklis-sirdele-409-7\/\",\"name\":\"ADDI v\u0105\u0161eli\u0173 ir virbal\u0173 matuoklis \u201e\u0160irdel\u0117\u201d 409-7 - Happyinaknit.com\",\"isPartOf\":{\"@id\":\"https:\/\/happyinaknit.com\/lt\/#website\"},\"primaryImageOfPage\":{\"@id\":\"https:\/\/happyinaknit.com\/produktas\/addi-vaseliu-ir-virbalu-matuoklis-sirdele-409-7\/#primaryimage\"},\"image\":{\"@id\":\"https:\/\/happyinaknit.com\/produktas\/addi-vaseliu-ir-virbalu-matuoklis-sirdele-409-7\/#primaryimage\"},\"thumbnailUrl\":\"https:\/\/happyinaknit.com\/wp-content\/uploads\/2025\/10\/addi-409-7.jpg\",\"datePublished\":\"2025-10-28T21:42:18+00:00\",\"dateModified\":\"2026-03-20T05:42:46+00:00\",\"breadcrumb\":{\"@id\":\"https:\/\/happyinaknit.com\/produktas\/addi-vaseliu-ir-virbalu-matuoklis-sirdele-409-7\/#breadcrumb\"},\"inLanguage\":\"lt-LT\",\"potentialAction\":[{\"@type\":\"ReadAction\",\"target\":[\"https:\/\/happyinaknit.com\/produktas\/addi-vaseliu-ir-virbalu-matuoklis-sirdele-409-7\/\"]}]},{\"@type\":\"ImageObject\",\"inLanguage\":\"lt-LT\",\"@id\":\"https:\/\/happyinaknit.com\/produktas\/addi-vaseliu-ir-virbalu-matuoklis-sirdele-409-7\/#primaryimage\",\"url\":\"https:\/\/happyinaknit.com\/wp-content\/uploads\/2025\/10\/addi-409-7.jpg\",\"contentUrl\":\"https:\/\/happyinaknit.com\/wp-content\/uploads\/2025\/10\/addi-409-7.jpg\",\"width\":600,\"height\":600},{\"@type\":\"BreadcrumbList\",\"@id\":\"https:\/\/happyinaknit.com\/produktas\/addi-vaseliu-ir-virbalu-matuoklis-sirdele-409-7\/#breadcrumb\",\"itemListElement\":[{\"@type\":\"ListItem\",\"position\":1,\"name\":\"Home\",\"item\":\"https:\/\/happyinaknit.com\/lt\/\"},{\"@type\":\"ListItem\",\"position\":2,\"name\":\"Parduotuv\u0117\",\"item\":\"https:\/\/happyinaknit.com\/lt\/parduotuve\/\"},{\"@type\":\"ListItem\",\"position\":3,\"name\":\"ADDI v\u0105\u0161eli\u0173 ir virbal\u0173 matuoklis \u201e\u0160irdel\u0117\u201d 409-7\"}]},{\"@type\":\"WebSite\",\"@id\":\"https:\/\/happyinaknit.com\/lt\/#website\",\"url\":\"https:\/\/happyinaknit.com\/lt\/\",\"name\":\"Happyinaknit.com\",\"description\":\"\",\"potentialAction\":[{\"@type\":\"SearchAction\",\"target\":{\"@type\":\"EntryPoint\",\"urlTemplate\":\"https:\/\/happyinaknit.com\/lt\/?s={search_term_string}\"},\"query-input\":{\"@type\":\"PropertyValueSpecification\",\"valueRequired\":true,\"valueName\":\"search_term_string\"}}],\"inLanguage\":\"lt-LT\"}]}<\/script>\n<!-- \/ Yoast SEO plugin. -->","yoast_head_json":{"title":"ADDI v\u0105\u0161eli\u0173 ir virbal\u0173 matuoklis \u201e\u0160irdel\u0117\u201d 409-7 - Happyinaknit.com","robots":{"index":"index","follow":"follow","max-snippet":"max-snippet:-1","max-image-preview":"max-image-preview:large","max-video-preview":"max-video-preview:-1"},"canonical":"https:\/\/happyinaknit.com\/lt\/produktas\/addi-vaseliu-ir-virbalu-matuoklis-sirdele-409-7\/","og_locale":"lt_LT","og_type":"article","og_title":"ADDI v\u0105\u0161eli\u0173 ir virbal\u0173 matuoklis \u201e\u0160irdel\u0117\u201d 409-7 - Happyinaknit.com","og_description":"Patogus Addi matuoklis pad\u0117s greitai ir tiksliai nustatyti virbal\u0173 ar v\u0105\u0161elio dyd\u012f. Kompakti\u0161kas ir lengvas \u012frankis taps nepakei\u010diamu pagalbininku kiekvienai mezg\u0117jai. Savyb\u0117s: \u2022Tinka virbalams ir v\u0105\u0161eliams, kuri\u0173 dydis nuo 1,5 iki 15 mm. \u2022Pagamintas i\u0161 tvirto plastiko. \u2022Kompakti\u0161kas dydis \u2013 patogu pasiimti su savimi. \u2022Auk\u0161ta Addi (Vokietija) kokyb\u0117. Pastaba: spalv\u0173 atspalviai gali \u0161iek tiek skirtis [&hellip;]","og_url":"https:\/\/happyinaknit.com\/lt\/produktas\/addi-vaseliu-ir-virbalu-matuoklis-sirdele-409-7\/","og_site_name":"Happyinaknit.com","article_modified_time":"2026-03-20T05:42:46+00:00","og_image":[{"width":600,"height":600,"url":"https:\/\/happyinaknit.com\/wp-content\/uploads\/2025\/10\/addi-409-7.jpg","type":"image\/jpeg"}],"twitter_card":"summary_large_image","schema":{"@context":"https:\/\/schema.org","@graph":[{"@type":"WebPage","@id":"https:\/\/happyinaknit.com\/produktas\/addi-vaseliu-ir-virbalu-matuoklis-sirdele-409-7\/","url":"https:\/\/happyinaknit.com\/produktas\/addi-vaseliu-ir-virbalu-matuoklis-sirdele-409-7\/","name":"ADDI v\u0105\u0161eli\u0173 ir virbal\u0173 matuoklis \u201e\u0160irdel\u0117\u201d 409-7 - Happyinaknit.com","isPartOf":{"@id":"https:\/\/happyinaknit.com\/lt\/#website"},"primaryImageOfPage":{"@id":"https:\/\/happyinaknit.com\/produktas\/addi-vaseliu-ir-virbalu-matuoklis-sirdele-409-7\/#primaryimage"},"image":{"@id":"https:\/\/happyinaknit.com\/produktas\/addi-vaseliu-ir-virbalu-matuoklis-sirdele-409-7\/#primaryimage"},"thumbnailUrl":"https:\/\/happyinaknit.com\/wp-content\/uploads\/2025\/10\/addi-409-7.jpg","datePublished":"2025-10-28T21:42:18+00:00","dateModified":"2026-03-20T05:42:46+00:00","breadcrumb":{"@id":"https:\/\/happyinaknit.com\/produktas\/addi-vaseliu-ir-virbalu-matuoklis-sirdele-409-7\/#breadcrumb"},"inLanguage":"lt-LT","potentialAction":[{"@type":"ReadAction","target":["https:\/\/happyinaknit.com\/produktas\/addi-vaseliu-ir-virbalu-matuoklis-sirdele-409-7\/"]}]},{"@type":"ImageObject","inLanguage":"lt-LT","@id":"https:\/\/happyinaknit.com\/produktas\/addi-vaseliu-ir-virbalu-matuoklis-sirdele-409-7\/#primaryimage","url":"https:\/\/happyinaknit.com\/wp-content\/uploads\/2025\/10\/addi-409-7.jpg","contentUrl":"https:\/\/happyinaknit.com\/wp-content\/uploads\/2025\/10\/addi-409-7.jpg","width":600,"height":600},{"@type":"BreadcrumbList","@id":"https:\/\/happyinaknit.com\/produktas\/addi-vaseliu-ir-virbalu-matuoklis-sirdele-409-7\/#breadcrumb","itemListElement":[{"@type":"ListItem","position":1,"name":"Home","item":"https:\/\/happyinaknit.com\/lt\/"},{"@type":"ListItem","position":2,"name":"Parduotuv\u0117","item":"https:\/\/happyinaknit.com\/lt\/parduotuve\/"},{"@type":"ListItem","position":3,"name":"ADDI v\u0105\u0161eli\u0173 ir virbal\u0173 matuoklis \u201e\u0160irdel\u0117\u201d 409-7"}]},{"@type":"WebSite","@id":"https:\/\/happyinaknit.com\/lt\/#website","url":"https:\/\/happyinaknit.com\/lt\/","name":"Happyinaknit.com","description":"","potentialAction":[{"@type":"SearchAction","target":{"@type":"EntryPoint","urlTemplate":"https:\/\/happyinaknit.com\/lt\/?s={search_term_string}"},"query-input":{"@type":"PropertyValueSpecification","valueRequired":true,"valueName":"search_term_string"}}],"inLanguage":"lt-LT"}]}},"_links":{"self":[{"href":"https:\/\/happyinaknit.com\/lt\/wp-json\/wp\/v2\/product\/7112","targetHints":{"allow":["GET"]}}],"collection":[{"href":"https:\/\/happyinaknit.com\/lt\/wp-json\/wp\/v2\/product"}],"about":[{"href":"https:\/\/happyinaknit.com\/lt\/wp-json\/wp\/v2\/types\/product"}],"replies":[{"embeddable":true,"href":"https:\/\/happyinaknit.com\/lt\/wp-json\/wp\/v2\/comments?post=7112"}],"wp:featuredmedia":[{"embeddable":true,"href":"https:\/\/happyinaknit.com\/lt\/wp-json\/wp\/v2\/media\/7113"}],"wp:attachment":[{"href":"https:\/\/happyinaknit.com\/lt\/wp-json\/wp\/v2\/media?parent=7112"}],"wp:term":[{"taxonomy":"product_brand","embeddable":true,"href":"https:\/\/happyinaknit.com\/lt\/wp-json\/wp\/v2\/product_brand?post=7112"},{"taxonomy":"product_cat","embeddable":true,"href":"https:\/\/happyinaknit.com\/lt\/wp-json\/wp\/v2\/product_cat?post=7112"},{"taxonomy":"product_tag","embeddable":true,"href":"https:\/\/happyinaknit.com\/lt\/wp-json\/wp\/v2\/product_tag?post=7112"},{"taxonomy":"pro-kategorijos","embeddable":true,"href":"https:\/\/happyinaknit.com\/lt\/wp-json\/wp\/v2\/pro-kategorijos?post=7112"}],"curies":[{"name":"wp","href":"https:\/\/api.w.org\/{rel}","templated":true}]}}