{"id":7073,"date":"2025-10-28T09:59:33","date_gmt":"2025-10-28T09:59:33","guid":{"rendered":"https:\/\/happyinaknit.com\/?post_type=product&#038;p=7073"},"modified":"2026-03-11T12:27:10","modified_gmt":"2026-03-11T12:27:10","slug":"muud-helsinki-whisky","status":"publish","type":"product","link":"https:\/\/happyinaknit.com\/lt\/produktas\/muud-helsinki-whisky\/","title":{"rendered":"Muud Helsinki Whisky"},"content":{"rendered":"<p data-start=\"99\" data-end=\"432\"><strong data-start=\"163\" data-end=\"175\">Helsinki<\/strong> \u2013 tai kompakti\u0161kas, rank\u0173 darbo odinis d\u0117klas, sukurtas mezg\u0117jams, vertinantiems tvark\u0105 ir estetik\u0105. Jis puikiai tinka laikyti \u017eymeklius, stabd\u017eiukus, sagas ar kitas ma\u017eas smulkmenas, kurios da\u017enai pasimeta mai\u0161elyje ar stal\u010diuje.<\/p>\n<p data-start=\"434\" data-end=\"737\">Pagamintas i\u0161 auk\u0161tos kokyb\u0117s nat\u016bralios odos, \u201eHelsinki\u201c sujungia funkcionalum\u0105 ir eleganti\u0161k\u0105 dizain\u0105. Mink\u0161ta oda suteikia d\u0117klui i\u0161skirtinumo ir autenti\u0161kumo poj\u016bt\u012f, tod\u0117l jis puikiai dera su kitais <em data-start=\"637\" data-end=\"643\">muud<\/em> kolekcijos gaminiais. D\u0117l savo formos \u0161\u012f d\u0117kl\u0105 galima naudoti ir kaip <strong data-start=\"714\" data-end=\"734\">papuo\u0161al\u0173 d\u0117\u017eut\u0119<\/strong>.<\/p>\n<ul data-start=\"739\" data-end=\"973\">\n<li data-start=\"739\" data-end=\"876\">\n<p data-start=\"741\" data-end=\"755\"><strong data-start=\"741\" data-end=\"753\">Savyb\u0117s:<\/strong><\/p>\n<ul data-start=\"758\" data-end=\"876\">\n<li data-start=\"758\" data-end=\"804\">\n<p data-start=\"760\" data-end=\"804\">Rank\u0173 darbo, pagamintas i\u0161 nat\u016bralios odos<\/p>\n<\/li>\n<li data-start=\"807\" data-end=\"845\">\n<p data-start=\"809\" data-end=\"845\">Vidin\u0117 ki\u0161en\u0117l\u0117 smulkiems priedams<\/p>\n<\/li>\n<li data-start=\"848\" data-end=\"876\">\n<p data-start=\"850\" data-end=\"876\">U\u017edarymas su u\u017etrauktuku<\/p>\n<\/li>\n<\/ul>\n<\/li>\n<li data-start=\"877\" data-end=\"942\">\n<p data-start=\"879\" data-end=\"897\"><strong data-start=\"879\" data-end=\"895\">I\u0161matavimai:<\/strong><\/p>\n<ul data-start=\"900\" data-end=\"942\">\n<li data-start=\"900\" data-end=\"919\">\n<p data-start=\"902\" data-end=\"919\">Auk\u0161tis: 5,5 cm<\/p>\n<\/li>\n<li data-start=\"922\" data-end=\"942\">\n<p data-start=\"924\" data-end=\"942\">Skersmuo: 7,5 cm<\/p>\n<\/li>\n<\/ul>\n<\/li>\n<li data-start=\"943\" data-end=\"973\">\n<p data-start=\"945\" data-end=\"973\"><strong data-start=\"945\" data-end=\"958\">Med\u017eiaga:<\/strong> nat\u016brali oda<\/p>\n<\/li>\n<\/ul>\n","protected":false},"excerpt":{"rendered":"<p>Helsinki \u2013 tai kompakti\u0161kas, rank\u0173 darbo odinis d\u0117klas, sukurtas mezg\u0117jams, vertinantiems tvark\u0105 ir estetik\u0105. Jis puikiai tinka laikyti \u017eymeklius, stabd\u017eiukus, sagas ar kitas ma\u017eas smulkmenas, kurios da\u017enai pasimeta mai\u0161elyje ar stal\u010diuje. Pagamintas i\u0161 auk\u0161tos kokyb\u0117s nat\u016bralios odos, \u201eHelsinki\u201c sujungia funkcionalum\u0105 ir eleganti\u0161k\u0105 dizain\u0105. Mink\u0161ta oda suteikia d\u0117klui i\u0161skirtinumo ir autenti\u0161kumo poj\u016bt\u012f, tod\u0117l jis puikiai dera [&hellip;]<\/p>\n","protected":false},"featured_media":7075,"comment_status":"open","ping_status":"closed","template":"","meta":{"_acf_changed":false},"product_brand":[613],"product_cat":[15,1079,20],"product_tag":[],"pro-kategorijos":[],"class_list":{"0":"post-7073","1":"product","2":"type-product","3":"status-publish","4":"has-post-thumbnail","6":"product_brand-muud","7":"product_cat-visi-produktai","8":"product_cat-deklai","9":"product_cat-priedai-mezgimui","11":"first","12":"instock","13":"shipping-taxable","14":"purchasable","15":"product-type-simple"},"acf":[],"yoast_head":"<!-- This site is optimized with the Yoast SEO plugin v26.8 - https:\/\/yoast.com\/product\/yoast-seo-wordpress\/ -->\n<title>Muud Helsinki Whisky - Happyinaknit.com<\/title>\n<meta name=\"robots\" content=\"index, follow, max-snippet:-1, max-image-preview:large, max-video-preview:-1\" \/>\n<link rel=\"canonical\" href=\"https:\/\/happyinaknit.com\/lt\/produktas\/muud-helsinki-whisky\/\" \/>\n<meta property=\"og:locale\" content=\"lt_LT\" \/>\n<meta property=\"og:type\" content=\"article\" \/>\n<meta property=\"og:title\" content=\"Muud Helsinki Whisky - Happyinaknit.com\" \/>\n<meta property=\"og:description\" content=\"Helsinki \u2013 tai kompakti\u0161kas, rank\u0173 darbo odinis d\u0117klas, sukurtas mezg\u0117jams, vertinantiems tvark\u0105 ir estetik\u0105. Jis puikiai tinka laikyti \u017eymeklius, stabd\u017eiukus, sagas ar kitas ma\u017eas smulkmenas, kurios da\u017enai pasimeta mai\u0161elyje ar stal\u010diuje. Pagamintas i\u0161 auk\u0161tos kokyb\u0117s nat\u016bralios odos, \u201eHelsinki\u201c sujungia funkcionalum\u0105 ir eleganti\u0161k\u0105 dizain\u0105. Mink\u0161ta oda suteikia d\u0117klui i\u0161skirtinumo ir autenti\u0161kumo poj\u016bt\u012f, tod\u0117l jis puikiai dera [&hellip;]\" \/>\n<meta property=\"og:url\" content=\"https:\/\/happyinaknit.com\/lt\/produktas\/muud-helsinki-whisky\/\" \/>\n<meta property=\"og:site_name\" content=\"Happyinaknit.com\" \/>\n<meta property=\"article:modified_time\" content=\"2026-03-11T12:27:10+00:00\" \/>\n<meta property=\"og:image\" content=\"https:\/\/happyinaknit.com\/wp-content\/uploads\/2025\/10\/Helsinki_Case-Knit-QB-4190-Whisky-1_1400x.jpg.webp\" \/>\n\t<meta property=\"og:image:width\" content=\"1400\" \/>\n\t<meta property=\"og:image:height\" content=\"2100\" \/>\n\t<meta property=\"og:image:type\" content=\"image\/webp\" \/>\n<meta name=\"twitter:card\" content=\"summary_large_image\" \/>\n<meta name=\"twitter:label1\" content=\"Est. reading time\" \/>\n\t<meta name=\"twitter:data1\" content=\"1 minut\u0117\" \/>\n<script type=\"application\/ld+json\" class=\"yoast-schema-graph\">{\"@context\":\"https:\/\/schema.org\",\"@graph\":[{\"@type\":\"WebPage\",\"@id\":\"https:\/\/happyinaknit.com\/produktas\/muud-helsinki-whisky\/\",\"url\":\"https:\/\/happyinaknit.com\/produktas\/muud-helsinki-whisky\/\",\"name\":\"Muud Helsinki Whisky - Happyinaknit.com\",\"isPartOf\":{\"@id\":\"https:\/\/happyinaknit.com\/lt\/#website\"},\"primaryImageOfPage\":{\"@id\":\"https:\/\/happyinaknit.com\/produktas\/muud-helsinki-whisky\/#primaryimage\"},\"image\":{\"@id\":\"https:\/\/happyinaknit.com\/produktas\/muud-helsinki-whisky\/#primaryimage\"},\"thumbnailUrl\":\"https:\/\/happyinaknit.com\/wp-content\/uploads\/2025\/10\/Helsinki_Case-Knit-QB-4190-Whisky-1_1400x.jpg.webp\",\"datePublished\":\"2025-10-28T09:59:33+00:00\",\"dateModified\":\"2026-03-11T12:27:10+00:00\",\"breadcrumb\":{\"@id\":\"https:\/\/happyinaknit.com\/produktas\/muud-helsinki-whisky\/#breadcrumb\"},\"inLanguage\":\"lt-LT\",\"potentialAction\":[{\"@type\":\"ReadAction\",\"target\":[\"https:\/\/happyinaknit.com\/produktas\/muud-helsinki-whisky\/\"]}]},{\"@type\":\"ImageObject\",\"inLanguage\":\"lt-LT\",\"@id\":\"https:\/\/happyinaknit.com\/produktas\/muud-helsinki-whisky\/#primaryimage\",\"url\":\"https:\/\/happyinaknit.com\/wp-content\/uploads\/2025\/10\/Helsinki_Case-Knit-QB-4190-Whisky-1_1400x.jpg.webp\",\"contentUrl\":\"https:\/\/happyinaknit.com\/wp-content\/uploads\/2025\/10\/Helsinki_Case-Knit-QB-4190-Whisky-1_1400x.jpg.webp\",\"width\":1400,\"height\":2100},{\"@type\":\"BreadcrumbList\",\"@id\":\"https:\/\/happyinaknit.com\/produktas\/muud-helsinki-whisky\/#breadcrumb\",\"itemListElement\":[{\"@type\":\"ListItem\",\"position\":1,\"name\":\"Home\",\"item\":\"https:\/\/happyinaknit.com\/lt\/\"},{\"@type\":\"ListItem\",\"position\":2,\"name\":\"Parduotuv\u0117\",\"item\":\"https:\/\/happyinaknit.com\/lt\/parduotuve\/\"},{\"@type\":\"ListItem\",\"position\":3,\"name\":\"Muud Helsinki Whisky\"}]},{\"@type\":\"WebSite\",\"@id\":\"https:\/\/happyinaknit.com\/lt\/#website\",\"url\":\"https:\/\/happyinaknit.com\/lt\/\",\"name\":\"Happyinaknit.com\",\"description\":\"\",\"potentialAction\":[{\"@type\":\"SearchAction\",\"target\":{\"@type\":\"EntryPoint\",\"urlTemplate\":\"https:\/\/happyinaknit.com\/lt\/?s={search_term_string}\"},\"query-input\":{\"@type\":\"PropertyValueSpecification\",\"valueRequired\":true,\"valueName\":\"search_term_string\"}}],\"inLanguage\":\"lt-LT\"}]}<\/script>\n<!-- \/ Yoast SEO plugin. -->","yoast_head_json":{"title":"Muud Helsinki Whisky - Happyinaknit.com","robots":{"index":"index","follow":"follow","max-snippet":"max-snippet:-1","max-image-preview":"max-image-preview:large","max-video-preview":"max-video-preview:-1"},"canonical":"https:\/\/happyinaknit.com\/lt\/produktas\/muud-helsinki-whisky\/","og_locale":"lt_LT","og_type":"article","og_title":"Muud Helsinki Whisky - Happyinaknit.com","og_description":"Helsinki \u2013 tai kompakti\u0161kas, rank\u0173 darbo odinis d\u0117klas, sukurtas mezg\u0117jams, vertinantiems tvark\u0105 ir estetik\u0105. Jis puikiai tinka laikyti \u017eymeklius, stabd\u017eiukus, sagas ar kitas ma\u017eas smulkmenas, kurios da\u017enai pasimeta mai\u0161elyje ar stal\u010diuje. Pagamintas i\u0161 auk\u0161tos kokyb\u0117s nat\u016bralios odos, \u201eHelsinki\u201c sujungia funkcionalum\u0105 ir eleganti\u0161k\u0105 dizain\u0105. Mink\u0161ta oda suteikia d\u0117klui i\u0161skirtinumo ir autenti\u0161kumo poj\u016bt\u012f, tod\u0117l jis puikiai dera [&hellip;]","og_url":"https:\/\/happyinaknit.com\/lt\/produktas\/muud-helsinki-whisky\/","og_site_name":"Happyinaknit.com","article_modified_time":"2026-03-11T12:27:10+00:00","og_image":[{"width":1400,"height":2100,"url":"https:\/\/happyinaknit.com\/wp-content\/uploads\/2025\/10\/Helsinki_Case-Knit-QB-4190-Whisky-1_1400x.jpg.webp","type":"image\/webp"}],"twitter_card":"summary_large_image","twitter_misc":{"Est. reading time":"1 minut\u0117"},"schema":{"@context":"https:\/\/schema.org","@graph":[{"@type":"WebPage","@id":"https:\/\/happyinaknit.com\/produktas\/muud-helsinki-whisky\/","url":"https:\/\/happyinaknit.com\/produktas\/muud-helsinki-whisky\/","name":"Muud Helsinki Whisky - Happyinaknit.com","isPartOf":{"@id":"https:\/\/happyinaknit.com\/lt\/#website"},"primaryImageOfPage":{"@id":"https:\/\/happyinaknit.com\/produktas\/muud-helsinki-whisky\/#primaryimage"},"image":{"@id":"https:\/\/happyinaknit.com\/produktas\/muud-helsinki-whisky\/#primaryimage"},"thumbnailUrl":"https:\/\/happyinaknit.com\/wp-content\/uploads\/2025\/10\/Helsinki_Case-Knit-QB-4190-Whisky-1_1400x.jpg.webp","datePublished":"2025-10-28T09:59:33+00:00","dateModified":"2026-03-11T12:27:10+00:00","breadcrumb":{"@id":"https:\/\/happyinaknit.com\/produktas\/muud-helsinki-whisky\/#breadcrumb"},"inLanguage":"lt-LT","potentialAction":[{"@type":"ReadAction","target":["https:\/\/happyinaknit.com\/produktas\/muud-helsinki-whisky\/"]}]},{"@type":"ImageObject","inLanguage":"lt-LT","@id":"https:\/\/happyinaknit.com\/produktas\/muud-helsinki-whisky\/#primaryimage","url":"https:\/\/happyinaknit.com\/wp-content\/uploads\/2025\/10\/Helsinki_Case-Knit-QB-4190-Whisky-1_1400x.jpg.webp","contentUrl":"https:\/\/happyinaknit.com\/wp-content\/uploads\/2025\/10\/Helsinki_Case-Knit-QB-4190-Whisky-1_1400x.jpg.webp","width":1400,"height":2100},{"@type":"BreadcrumbList","@id":"https:\/\/happyinaknit.com\/produktas\/muud-helsinki-whisky\/#breadcrumb","itemListElement":[{"@type":"ListItem","position":1,"name":"Home","item":"https:\/\/happyinaknit.com\/lt\/"},{"@type":"ListItem","position":2,"name":"Parduotuv\u0117","item":"https:\/\/happyinaknit.com\/lt\/parduotuve\/"},{"@type":"ListItem","position":3,"name":"Muud Helsinki Whisky"}]},{"@type":"WebSite","@id":"https:\/\/happyinaknit.com\/lt\/#website","url":"https:\/\/happyinaknit.com\/lt\/","name":"Happyinaknit.com","description":"","potentialAction":[{"@type":"SearchAction","target":{"@type":"EntryPoint","urlTemplate":"https:\/\/happyinaknit.com\/lt\/?s={search_term_string}"},"query-input":{"@type":"PropertyValueSpecification","valueRequired":true,"valueName":"search_term_string"}}],"inLanguage":"lt-LT"}]}},"_links":{"self":[{"href":"https:\/\/happyinaknit.com\/lt\/wp-json\/wp\/v2\/product\/7073","targetHints":{"allow":["GET"]}}],"collection":[{"href":"https:\/\/happyinaknit.com\/lt\/wp-json\/wp\/v2\/product"}],"about":[{"href":"https:\/\/happyinaknit.com\/lt\/wp-json\/wp\/v2\/types\/product"}],"replies":[{"embeddable":true,"href":"https:\/\/happyinaknit.com\/lt\/wp-json\/wp\/v2\/comments?post=7073"}],"wp:featuredmedia":[{"embeddable":true,"href":"https:\/\/happyinaknit.com\/lt\/wp-json\/wp\/v2\/media\/7075"}],"wp:attachment":[{"href":"https:\/\/happyinaknit.com\/lt\/wp-json\/wp\/v2\/media?parent=7073"}],"wp:term":[{"taxonomy":"product_brand","embeddable":true,"href":"https:\/\/happyinaknit.com\/lt\/wp-json\/wp\/v2\/product_brand?post=7073"},{"taxonomy":"product_cat","embeddable":true,"href":"https:\/\/happyinaknit.com\/lt\/wp-json\/wp\/v2\/product_cat?post=7073"},{"taxonomy":"product_tag","embeddable":true,"href":"https:\/\/happyinaknit.com\/lt\/wp-json\/wp\/v2\/product_tag?post=7073"},{"taxonomy":"pro-kategorijos","embeddable":true,"href":"https:\/\/happyinaknit.com\/lt\/wp-json\/wp\/v2\/pro-kategorijos?post=7073"}],"curies":[{"name":"wp","href":"https:\/\/api.w.org\/{rel}","templated":true}]}}