{"id":7067,"date":"2025-10-28T09:39:08","date_gmt":"2025-10-28T09:39:08","guid":{"rendered":"https:\/\/happyinaknit.com\/?post_type=product&#038;p=7067"},"modified":"2025-10-28T09:39:09","modified_gmt":"2025-10-28T09:39:09","slug":"muud-sandnes-whisky","status":"publish","type":"product","link":"https:\/\/happyinaknit.com\/lt\/produktas\/muud-sandnes-whisky\/","title":{"rendered":"Muud Sandnes Whisky"},"content":{"rendered":"<p data-start=\"96\" data-end=\"374\">Sandnes \u2013 tai itin prakti\u0161kas ir stilingas odinis d\u0117klas, pasi\u017eymintis funkcionalumu ir minimalistiniu dani\u0161ko dizaino \u017eavesiu. J\u012f galima naudoti \u012fvairiai \u2013 kaip kosmetin\u0119, kelionin\u012f d\u0117kl\u0105 ar \u012franki\u0173 krep\u0161el\u012frankdarbiams.<\/p>\n<p data-start=\"376\" data-end=\"609\">Pagamintas i\u0161 auk\u0161tos kokyb\u0117s odos, kuri yra tvirta, ilgaam\u017e\u0117 ir atspari dr\u0117gmei, \u0161is d\u0117klas patikimai saugo j\u016bs\u0173 daiktus. Vidus i\u0161 poliesterio \u2013 lengvai valomas ir prakti\u0161kas, ypa\u010d jei viduje nety\u010dia i\u0161siliet\u0173 skystis.<\/p>\n<p data-start=\"611\" data-end=\"861\">D\u0117kle yra daugyb\u0117 patogi\u0173 skyreli\u0173:<br data-start=\"646\" data-end=\"649\" \/>\u2013 viduje: viena u\u017esegama ki\u0161en\u0117 ir dvi atviros pertvaros;<br data-start=\"710\" data-end=\"713\" \/>\u2013 i\u0161or\u0117je: dvi ki\u0161en\u0117s su u\u017etrauktukais.<br data-start=\"757\" data-end=\"760\" \/>\u0160is universalus d\u0117klas lengvai telpa \u012f krep\u0161\u012f ir tampa puikiu kasdieniu ar kelioniniu pagalbininku.<\/p>\n<ul data-start=\"863\" data-end=\"1185\">\n<li data-start=\"863\" data-end=\"1070\">\n<p data-start=\"865\" data-end=\"879\"><strong data-start=\"865\" data-end=\"877\">Savyb\u0117s:<\/strong><\/p>\n<ul data-start=\"882\" data-end=\"1070\">\n<li data-start=\"882\" data-end=\"924\">\n<p data-start=\"884\" data-end=\"924\">Vidus i\u0161 poliesterio \u2013 lengvai valomas<\/p>\n<\/li>\n<li data-start=\"927\" data-end=\"969\">\n<p data-start=\"929\" data-end=\"969\">1 u\u017esegama ir 2 atviros ki\u0161en\u0117s viduje<\/p>\n<\/li>\n<li data-start=\"972\" data-end=\"1011\">\n<p data-start=\"974\" data-end=\"1011\">2 i\u0161orin\u0117s ki\u0161en\u0117s su u\u017etrauktukais<\/p>\n<\/li>\n<li data-start=\"1014\" data-end=\"1039\">\n<p data-start=\"1016\" data-end=\"1039\">Atspari vandeniui oda<\/p>\n<\/li>\n<li data-start=\"1042\" data-end=\"1070\">\n<p data-start=\"1044\" data-end=\"1070\">U\u017edarymas su u\u017etrauktuku<\/p>\n<\/li>\n<\/ul>\n<\/li>\n<li data-start=\"1071\" data-end=\"1131\">\n<p data-start=\"1073\" data-end=\"1091\"><strong data-start=\"1073\" data-end=\"1089\">I\u0161matavimai:<\/strong><\/p>\n<ul data-start=\"1094\" data-end=\"1131\">\n<li data-start=\"1094\" data-end=\"1110\">\n<p data-start=\"1096\" data-end=\"1110\">Ilgis: 22 cm<\/p>\n<\/li>\n<li data-start=\"1113\" data-end=\"1131\">\n<p data-start=\"1115\" data-end=\"1131\">Auk\u0161tis: 15 cm<\/p>\n<\/li>\n<\/ul>\n<\/li>\n<li data-start=\"1132\" data-end=\"1185\">\n<p data-start=\"1134\" data-end=\"1185\"><strong data-start=\"1134\" data-end=\"1147\">Med\u017eiaga:<\/strong> nat\u016brali oda, poliesterio pamu\u0161alas<\/p>\n<\/li>\n<\/ul>\n","protected":false},"excerpt":{"rendered":"<p>Sandnes \u2013 tai itin prakti\u0161kas ir stilingas odinis d\u0117klas, pasi\u017eymintis funkcionalumu ir minimalistiniu dani\u0161ko dizaino \u017eavesiu. J\u012f galima naudoti \u012fvairiai \u2013 kaip kosmetin\u0119, kelionin\u012f d\u0117kl\u0105 ar \u012franki\u0173 krep\u0161el\u012frankdarbiams. Pagamintas i\u0161 auk\u0161tos kokyb\u0117s odos, kuri yra tvirta, ilgaam\u017e\u0117 ir atspari dr\u0117gmei, \u0161is d\u0117klas patikimai saugo j\u016bs\u0173 daiktus. Vidus i\u0161 poliesterio \u2013 lengvai valomas ir prakti\u0161kas, ypa\u010d [&hellip;]<\/p>\n","protected":false},"featured_media":7072,"comment_status":"open","ping_status":"closed","template":"","meta":{"_acf_changed":false},"product_brand":[613],"product_cat":[15,1079,20],"product_tag":[],"pro-kategorijos":[],"class_list":{"0":"post-7067","1":"product","2":"type-product","3":"status-publish","4":"has-post-thumbnail","6":"product_brand-muud","7":"product_cat-visi-produktai","8":"product_cat-deklai","9":"product_cat-priedai-mezgimui","11":"first","12":"instock","13":"shipping-taxable","14":"purchasable","15":"product-type-simple"},"acf":[],"yoast_head":"<!-- This site is optimized with the Yoast SEO plugin v26.8 - https:\/\/yoast.com\/product\/yoast-seo-wordpress\/ -->\n<title>Muud Sandnes Whisky - Happyinaknit.com<\/title>\n<meta name=\"robots\" content=\"index, follow, max-snippet:-1, max-image-preview:large, max-video-preview:-1\" \/>\n<link rel=\"canonical\" href=\"https:\/\/happyinaknit.com\/lt\/produktas\/muud-sandnes-whisky\/\" \/>\n<meta property=\"og:locale\" content=\"lt_LT\" \/>\n<meta property=\"og:type\" content=\"article\" \/>\n<meta property=\"og:title\" content=\"Muud Sandnes Whisky - Happyinaknit.com\" \/>\n<meta property=\"og:description\" content=\"Sandnes \u2013 tai itin prakti\u0161kas ir stilingas odinis d\u0117klas, pasi\u017eymintis funkcionalumu ir minimalistiniu dani\u0161ko dizaino \u017eavesiu. J\u012f galima naudoti \u012fvairiai \u2013 kaip kosmetin\u0119, kelionin\u012f d\u0117kl\u0105 ar \u012franki\u0173 krep\u0161el\u012frankdarbiams. Pagamintas i\u0161 auk\u0161tos kokyb\u0117s odos, kuri yra tvirta, ilgaam\u017e\u0117 ir atspari dr\u0117gmei, \u0161is d\u0117klas patikimai saugo j\u016bs\u0173 daiktus. Vidus i\u0161 poliesterio \u2013 lengvai valomas ir prakti\u0161kas, ypa\u010d [&hellip;]\" \/>\n<meta property=\"og:url\" content=\"https:\/\/happyinaknit.com\/lt\/produktas\/muud-sandnes-whisky\/\" \/>\n<meta property=\"og:site_name\" content=\"Happyinaknit.com\" \/>\n<meta property=\"article:modified_time\" content=\"2025-10-28T09:39:09+00:00\" \/>\n<meta property=\"og:image\" content=\"https:\/\/happyinaknit.com\/wp-content\/uploads\/2025\/10\/sandnes.jpeg\" \/>\n\t<meta property=\"og:image:width\" content=\"183\" \/>\n\t<meta property=\"og:image:height\" content=\"275\" \/>\n\t<meta property=\"og:image:type\" content=\"image\/jpeg\" \/>\n<meta name=\"twitter:card\" content=\"summary_large_image\" \/>\n<meta name=\"twitter:label1\" content=\"Est. reading time\" \/>\n\t<meta name=\"twitter:data1\" content=\"1 minut\u0117\" \/>\n<script type=\"application\/ld+json\" class=\"yoast-schema-graph\">{\"@context\":\"https:\/\/schema.org\",\"@graph\":[{\"@type\":\"WebPage\",\"@id\":\"https:\/\/happyinaknit.com\/produktas\/muud-sandnes-whisky\/\",\"url\":\"https:\/\/happyinaknit.com\/produktas\/muud-sandnes-whisky\/\",\"name\":\"Muud Sandnes Whisky - Happyinaknit.com\",\"isPartOf\":{\"@id\":\"https:\/\/happyinaknit.com\/lt\/#website\"},\"primaryImageOfPage\":{\"@id\":\"https:\/\/happyinaknit.com\/produktas\/muud-sandnes-whisky\/#primaryimage\"},\"image\":{\"@id\":\"https:\/\/happyinaknit.com\/produktas\/muud-sandnes-whisky\/#primaryimage\"},\"thumbnailUrl\":\"https:\/\/happyinaknit.com\/wp-content\/uploads\/2025\/10\/sandnes.jpeg\",\"datePublished\":\"2025-10-28T09:39:08+00:00\",\"dateModified\":\"2025-10-28T09:39:09+00:00\",\"breadcrumb\":{\"@id\":\"https:\/\/happyinaknit.com\/produktas\/muud-sandnes-whisky\/#breadcrumb\"},\"inLanguage\":\"lt-LT\",\"potentialAction\":[{\"@type\":\"ReadAction\",\"target\":[\"https:\/\/happyinaknit.com\/produktas\/muud-sandnes-whisky\/\"]}]},{\"@type\":\"ImageObject\",\"inLanguage\":\"lt-LT\",\"@id\":\"https:\/\/happyinaknit.com\/produktas\/muud-sandnes-whisky\/#primaryimage\",\"url\":\"https:\/\/happyinaknit.com\/wp-content\/uploads\/2025\/10\/sandnes.jpeg\",\"contentUrl\":\"https:\/\/happyinaknit.com\/wp-content\/uploads\/2025\/10\/sandnes.jpeg\",\"width\":183,\"height\":275},{\"@type\":\"BreadcrumbList\",\"@id\":\"https:\/\/happyinaknit.com\/produktas\/muud-sandnes-whisky\/#breadcrumb\",\"itemListElement\":[{\"@type\":\"ListItem\",\"position\":1,\"name\":\"Home\",\"item\":\"https:\/\/happyinaknit.com\/lt\/\"},{\"@type\":\"ListItem\",\"position\":2,\"name\":\"Parduotuv\u0117\",\"item\":\"https:\/\/happyinaknit.com\/lt\/parduotuve\/\"},{\"@type\":\"ListItem\",\"position\":3,\"name\":\"Muud Sandnes Whisky\"}]},{\"@type\":\"WebSite\",\"@id\":\"https:\/\/happyinaknit.com\/lt\/#website\",\"url\":\"https:\/\/happyinaknit.com\/lt\/\",\"name\":\"Happyinaknit.com\",\"description\":\"\",\"potentialAction\":[{\"@type\":\"SearchAction\",\"target\":{\"@type\":\"EntryPoint\",\"urlTemplate\":\"https:\/\/happyinaknit.com\/lt\/?s={search_term_string}\"},\"query-input\":{\"@type\":\"PropertyValueSpecification\",\"valueRequired\":true,\"valueName\":\"search_term_string\"}}],\"inLanguage\":\"lt-LT\"}]}<\/script>\n<!-- \/ Yoast SEO plugin. -->","yoast_head_json":{"title":"Muud Sandnes Whisky - Happyinaknit.com","robots":{"index":"index","follow":"follow","max-snippet":"max-snippet:-1","max-image-preview":"max-image-preview:large","max-video-preview":"max-video-preview:-1"},"canonical":"https:\/\/happyinaknit.com\/lt\/produktas\/muud-sandnes-whisky\/","og_locale":"lt_LT","og_type":"article","og_title":"Muud Sandnes Whisky - Happyinaknit.com","og_description":"Sandnes \u2013 tai itin prakti\u0161kas ir stilingas odinis d\u0117klas, pasi\u017eymintis funkcionalumu ir minimalistiniu dani\u0161ko dizaino \u017eavesiu. J\u012f galima naudoti \u012fvairiai \u2013 kaip kosmetin\u0119, kelionin\u012f d\u0117kl\u0105 ar \u012franki\u0173 krep\u0161el\u012frankdarbiams. Pagamintas i\u0161 auk\u0161tos kokyb\u0117s odos, kuri yra tvirta, ilgaam\u017e\u0117 ir atspari dr\u0117gmei, \u0161is d\u0117klas patikimai saugo j\u016bs\u0173 daiktus. Vidus i\u0161 poliesterio \u2013 lengvai valomas ir prakti\u0161kas, ypa\u010d [&hellip;]","og_url":"https:\/\/happyinaknit.com\/lt\/produktas\/muud-sandnes-whisky\/","og_site_name":"Happyinaknit.com","article_modified_time":"2025-10-28T09:39:09+00:00","og_image":[{"width":183,"height":275,"url":"https:\/\/happyinaknit.com\/wp-content\/uploads\/2025\/10\/sandnes.jpeg","type":"image\/jpeg"}],"twitter_card":"summary_large_image","twitter_misc":{"Est. reading time":"1 minut\u0117"},"schema":{"@context":"https:\/\/schema.org","@graph":[{"@type":"WebPage","@id":"https:\/\/happyinaknit.com\/produktas\/muud-sandnes-whisky\/","url":"https:\/\/happyinaknit.com\/produktas\/muud-sandnes-whisky\/","name":"Muud Sandnes Whisky - Happyinaknit.com","isPartOf":{"@id":"https:\/\/happyinaknit.com\/lt\/#website"},"primaryImageOfPage":{"@id":"https:\/\/happyinaknit.com\/produktas\/muud-sandnes-whisky\/#primaryimage"},"image":{"@id":"https:\/\/happyinaknit.com\/produktas\/muud-sandnes-whisky\/#primaryimage"},"thumbnailUrl":"https:\/\/happyinaknit.com\/wp-content\/uploads\/2025\/10\/sandnes.jpeg","datePublished":"2025-10-28T09:39:08+00:00","dateModified":"2025-10-28T09:39:09+00:00","breadcrumb":{"@id":"https:\/\/happyinaknit.com\/produktas\/muud-sandnes-whisky\/#breadcrumb"},"inLanguage":"lt-LT","potentialAction":[{"@type":"ReadAction","target":["https:\/\/happyinaknit.com\/produktas\/muud-sandnes-whisky\/"]}]},{"@type":"ImageObject","inLanguage":"lt-LT","@id":"https:\/\/happyinaknit.com\/produktas\/muud-sandnes-whisky\/#primaryimage","url":"https:\/\/happyinaknit.com\/wp-content\/uploads\/2025\/10\/sandnes.jpeg","contentUrl":"https:\/\/happyinaknit.com\/wp-content\/uploads\/2025\/10\/sandnes.jpeg","width":183,"height":275},{"@type":"BreadcrumbList","@id":"https:\/\/happyinaknit.com\/produktas\/muud-sandnes-whisky\/#breadcrumb","itemListElement":[{"@type":"ListItem","position":1,"name":"Home","item":"https:\/\/happyinaknit.com\/lt\/"},{"@type":"ListItem","position":2,"name":"Parduotuv\u0117","item":"https:\/\/happyinaknit.com\/lt\/parduotuve\/"},{"@type":"ListItem","position":3,"name":"Muud Sandnes Whisky"}]},{"@type":"WebSite","@id":"https:\/\/happyinaknit.com\/lt\/#website","url":"https:\/\/happyinaknit.com\/lt\/","name":"Happyinaknit.com","description":"","potentialAction":[{"@type":"SearchAction","target":{"@type":"EntryPoint","urlTemplate":"https:\/\/happyinaknit.com\/lt\/?s={search_term_string}"},"query-input":{"@type":"PropertyValueSpecification","valueRequired":true,"valueName":"search_term_string"}}],"inLanguage":"lt-LT"}]}},"_links":{"self":[{"href":"https:\/\/happyinaknit.com\/lt\/wp-json\/wp\/v2\/product\/7067","targetHints":{"allow":["GET"]}}],"collection":[{"href":"https:\/\/happyinaknit.com\/lt\/wp-json\/wp\/v2\/product"}],"about":[{"href":"https:\/\/happyinaknit.com\/lt\/wp-json\/wp\/v2\/types\/product"}],"replies":[{"embeddable":true,"href":"https:\/\/happyinaknit.com\/lt\/wp-json\/wp\/v2\/comments?post=7067"}],"wp:featuredmedia":[{"embeddable":true,"href":"https:\/\/happyinaknit.com\/lt\/wp-json\/wp\/v2\/media\/7072"}],"wp:attachment":[{"href":"https:\/\/happyinaknit.com\/lt\/wp-json\/wp\/v2\/media?parent=7067"}],"wp:term":[{"taxonomy":"product_brand","embeddable":true,"href":"https:\/\/happyinaknit.com\/lt\/wp-json\/wp\/v2\/product_brand?post=7067"},{"taxonomy":"product_cat","embeddable":true,"href":"https:\/\/happyinaknit.com\/lt\/wp-json\/wp\/v2\/product_cat?post=7067"},{"taxonomy":"product_tag","embeddable":true,"href":"https:\/\/happyinaknit.com\/lt\/wp-json\/wp\/v2\/product_tag?post=7067"},{"taxonomy":"pro-kategorijos","embeddable":true,"href":"https:\/\/happyinaknit.com\/lt\/wp-json\/wp\/v2\/pro-kategorijos?post=7067"}],"curies":[{"name":"wp","href":"https:\/\/api.w.org\/{rel}","templated":true}]}}