{"id":6881,"date":"2025-10-19T21:55:23","date_gmt":"2025-10-19T21:55:23","guid":{"rendered":"https:\/\/happyinaknit.com\/?post_type=product&#038;p=6881"},"modified":"2025-10-19T21:55:24","modified_gmt":"2025-10-19T21:55:24","slug":"chiaogoo-twist-lace-prisukami-virbalai-8-cm","status":"publish","type":"product","link":"https:\/\/happyinaknit.com\/lt\/produktas\/chiaogoo-twist-lace-prisukami-virbalai-8-cm\/","title":{"rendered":"ChiaoGoo TWIST Lace  Prisukami Virbalai 8 cm"},"content":{"rendered":"<p><b>ChiaoGoo TWIST Lace 8 cm<\/b> prisukami virbalai \u2013 trumpiausi i\u0161 \u0161ios serijos, idealiai tinkantys ma\u017eiems apskritiems mezginiams, pavyzd\u017eiui, kojin\u0117ms, rankov\u0117ms ar kepur\u0117ms. Pagaminti i\u0161 <b>ner\u016bdijan\u010dio plieno<\/b>, turin\u010dio <b>itin glotn\u0173, blizg\u0173 pavir\u0161i\u0173<\/b>, u\u017etikrinant\u012f, kad akys slyst\u0173 be pasiprie\u0161inimo.<\/p>\n<p>Ant kiekvieno virbalo \u2013 <b>lazeriu i\u0161graviruotas dydis<\/b>, jungtys tvirtos ir ypa\u010d lygios.<\/p>\n<p><b>Tinka tik ChiaoGoo sistemoms.<\/b><b><\/b><\/p>\n<p><b>Tinka sistemoms:<\/b><b><\/b><\/p>\n<p>\u2022Virbalai <b>1,5\u20132,5 mm<\/b> \u2013 su <b>Mini (M)<\/b> valais<\/p>\n<p>\u2022Virbalai <b>2,75\u20135,0 mm<\/b> \u2013 su <b>Small (S)<\/b> valais<\/p>\n<p>\u2022Virbalai <b>5,5\u201310,0 mm<\/b> \u2013 su <b>Large (L)<\/b> valais<\/p>\n<p><b>Ilgis:<\/b> 8 cm<\/p>\n<p><b>Pastaba:<\/b> spalv\u0173 atspalviai gali \u0161iek tiek skirtis priklausomai nuo \u012frenginio ekrano.<\/p>\n","protected":false},"excerpt":{"rendered":"<p>ChiaoGoo TWIST Lace 8 cm prisukami virbalai \u2013 trumpiausi i\u0161 \u0161ios serijos, idealiai tinkantys ma\u017eiems apskritiems mezginiams, pavyzd\u017eiui, kojin\u0117ms, rankov\u0117ms ar kepur\u0117ms. Pagaminti i\u0161 ner\u016bdijan\u010dio plieno, turin\u010dio itin glotn\u0173, blizg\u0173 pavir\u0161i\u0173, u\u017etikrinant\u012f, kad akys slyst\u0173 be pasiprie\u0161inimo. Ant kiekvieno virbalo \u2013 lazeriu i\u0161graviruotas dydis, jungtys tvirtos ir ypa\u010d lygios. Tinka tik ChiaoGoo sistemoms. Tinka sistemoms: [&hellip;]<\/p>\n","protected":false},"featured_media":6842,"comment_status":"open","ping_status":"closed","template":"","meta":{"_acf_changed":false},"product_brand":[166],"product_cat":[15,19,863],"product_tag":[],"pro-kategorijos":[],"class_list":{"0":"post-6881","1":"product","2":"type-product","3":"status-publish","4":"has-post-thumbnail","6":"product_brand-chiaogoo","7":"product_cat-visi-produktai","8":"product_cat-mezgimo-priemones","9":"product_cat-prisukami-virbalai","11":"first","12":"instock","13":"shipping-taxable","14":"purchasable","15":"product-type-variable"},"acf":[],"yoast_head":"<!-- This site is optimized with the Yoast SEO plugin v26.8 - https:\/\/yoast.com\/product\/yoast-seo-wordpress\/ -->\n<title>ChiaoGoo TWIST Lace Prisukami Virbalai 8 cm - Happyinaknit.com<\/title>\n<meta name=\"robots\" content=\"index, follow, max-snippet:-1, max-image-preview:large, max-video-preview:-1\" \/>\n<link rel=\"canonical\" href=\"https:\/\/happyinaknit.com\/lt\/produktas\/chiaogoo-twist-lace-prisukami-virbalai-8-cm\/\" \/>\n<meta property=\"og:locale\" content=\"lt_LT\" \/>\n<meta property=\"og:type\" content=\"article\" \/>\n<meta property=\"og:title\" content=\"ChiaoGoo TWIST Lace Prisukami Virbalai 8 cm - Happyinaknit.com\" \/>\n<meta property=\"og:description\" content=\"ChiaoGoo TWIST Lace 8 cm prisukami virbalai \u2013 trumpiausi i\u0161 \u0161ios serijos, idealiai tinkantys ma\u017eiems apskritiems mezginiams, pavyzd\u017eiui, kojin\u0117ms, rankov\u0117ms ar kepur\u0117ms. Pagaminti i\u0161 ner\u016bdijan\u010dio plieno, turin\u010dio itin glotn\u0173, blizg\u0173 pavir\u0161i\u0173, u\u017etikrinant\u012f, kad akys slyst\u0173 be pasiprie\u0161inimo. Ant kiekvieno virbalo \u2013 lazeriu i\u0161graviruotas dydis, jungtys tvirtos ir ypa\u010d lygios. Tinka tik ChiaoGoo sistemoms. Tinka sistemoms: [&hellip;]\" \/>\n<meta property=\"og:url\" content=\"https:\/\/happyinaknit.com\/lt\/produktas\/chiaogoo-twist-lace-prisukami-virbalai-8-cm\/\" \/>\n<meta property=\"og:site_name\" content=\"Happyinaknit.com\" \/>\n<meta property=\"article:modified_time\" content=\"2025-10-19T21:55:24+00:00\" \/>\n<meta property=\"og:image\" content=\"https:\/\/happyinaknit.com\/wp-content\/uploads\/2025\/10\/cg7505_6.jpg\" \/>\n\t<meta property=\"og:image:width\" content=\"1000\" \/>\n\t<meta property=\"og:image:height\" content=\"1000\" \/>\n\t<meta property=\"og:image:type\" content=\"image\/jpeg\" \/>\n<meta name=\"twitter:card\" content=\"summary_large_image\" \/>\n<script type=\"application\/ld+json\" class=\"yoast-schema-graph\">{\"@context\":\"https:\/\/schema.org\",\"@graph\":[{\"@type\":\"WebPage\",\"@id\":\"https:\/\/happyinaknit.com\/produktas\/chiaogoo-twist-lace-prisukami-virbalai-8-cm\/\",\"url\":\"https:\/\/happyinaknit.com\/produktas\/chiaogoo-twist-lace-prisukami-virbalai-8-cm\/\",\"name\":\"ChiaoGoo TWIST Lace Prisukami Virbalai 8 cm - Happyinaknit.com\",\"isPartOf\":{\"@id\":\"https:\/\/happyinaknit.com\/lt\/#website\"},\"primaryImageOfPage\":{\"@id\":\"https:\/\/happyinaknit.com\/produktas\/chiaogoo-twist-lace-prisukami-virbalai-8-cm\/#primaryimage\"},\"image\":{\"@id\":\"https:\/\/happyinaknit.com\/produktas\/chiaogoo-twist-lace-prisukami-virbalai-8-cm\/#primaryimage\"},\"thumbnailUrl\":\"https:\/\/happyinaknit.com\/wp-content\/uploads\/2025\/10\/cg7505_6.jpg\",\"datePublished\":\"2025-10-19T21:55:23+00:00\",\"dateModified\":\"2025-10-19T21:55:24+00:00\",\"breadcrumb\":{\"@id\":\"https:\/\/happyinaknit.com\/produktas\/chiaogoo-twist-lace-prisukami-virbalai-8-cm\/#breadcrumb\"},\"inLanguage\":\"lt-LT\",\"potentialAction\":[{\"@type\":\"ReadAction\",\"target\":[\"https:\/\/happyinaknit.com\/produktas\/chiaogoo-twist-lace-prisukami-virbalai-8-cm\/\"]}]},{\"@type\":\"ImageObject\",\"inLanguage\":\"lt-LT\",\"@id\":\"https:\/\/happyinaknit.com\/produktas\/chiaogoo-twist-lace-prisukami-virbalai-8-cm\/#primaryimage\",\"url\":\"https:\/\/happyinaknit.com\/wp-content\/uploads\/2025\/10\/cg7505_6.jpg\",\"contentUrl\":\"https:\/\/happyinaknit.com\/wp-content\/uploads\/2025\/10\/cg7505_6.jpg\",\"width\":1000,\"height\":1000},{\"@type\":\"BreadcrumbList\",\"@id\":\"https:\/\/happyinaknit.com\/produktas\/chiaogoo-twist-lace-prisukami-virbalai-8-cm\/#breadcrumb\",\"itemListElement\":[{\"@type\":\"ListItem\",\"position\":1,\"name\":\"Home\",\"item\":\"https:\/\/happyinaknit.com\/lt\/\"},{\"@type\":\"ListItem\",\"position\":2,\"name\":\"Parduotuv\u0117\",\"item\":\"https:\/\/happyinaknit.com\/lt\/parduotuve\/\"},{\"@type\":\"ListItem\",\"position\":3,\"name\":\"ChiaoGoo TWIST Lace Prisukami Virbalai 8 cm\"}]},{\"@type\":\"WebSite\",\"@id\":\"https:\/\/happyinaknit.com\/lt\/#website\",\"url\":\"https:\/\/happyinaknit.com\/lt\/\",\"name\":\"Happyinaknit.com\",\"description\":\"\",\"potentialAction\":[{\"@type\":\"SearchAction\",\"target\":{\"@type\":\"EntryPoint\",\"urlTemplate\":\"https:\/\/happyinaknit.com\/lt\/?s={search_term_string}\"},\"query-input\":{\"@type\":\"PropertyValueSpecification\",\"valueRequired\":true,\"valueName\":\"search_term_string\"}}],\"inLanguage\":\"lt-LT\"}]}<\/script>\n<!-- \/ Yoast SEO plugin. -->","yoast_head_json":{"title":"ChiaoGoo TWIST Lace Prisukami Virbalai 8 cm - Happyinaknit.com","robots":{"index":"index","follow":"follow","max-snippet":"max-snippet:-1","max-image-preview":"max-image-preview:large","max-video-preview":"max-video-preview:-1"},"canonical":"https:\/\/happyinaknit.com\/lt\/produktas\/chiaogoo-twist-lace-prisukami-virbalai-8-cm\/","og_locale":"lt_LT","og_type":"article","og_title":"ChiaoGoo TWIST Lace Prisukami Virbalai 8 cm - Happyinaknit.com","og_description":"ChiaoGoo TWIST Lace 8 cm prisukami virbalai \u2013 trumpiausi i\u0161 \u0161ios serijos, idealiai tinkantys ma\u017eiems apskritiems mezginiams, pavyzd\u017eiui, kojin\u0117ms, rankov\u0117ms ar kepur\u0117ms. Pagaminti i\u0161 ner\u016bdijan\u010dio plieno, turin\u010dio itin glotn\u0173, blizg\u0173 pavir\u0161i\u0173, u\u017etikrinant\u012f, kad akys slyst\u0173 be pasiprie\u0161inimo. Ant kiekvieno virbalo \u2013 lazeriu i\u0161graviruotas dydis, jungtys tvirtos ir ypa\u010d lygios. Tinka tik ChiaoGoo sistemoms. Tinka sistemoms: [&hellip;]","og_url":"https:\/\/happyinaknit.com\/lt\/produktas\/chiaogoo-twist-lace-prisukami-virbalai-8-cm\/","og_site_name":"Happyinaknit.com","article_modified_time":"2025-10-19T21:55:24+00:00","og_image":[{"width":1000,"height":1000,"url":"https:\/\/happyinaknit.com\/wp-content\/uploads\/2025\/10\/cg7505_6.jpg","type":"image\/jpeg"}],"twitter_card":"summary_large_image","schema":{"@context":"https:\/\/schema.org","@graph":[{"@type":"WebPage","@id":"https:\/\/happyinaknit.com\/produktas\/chiaogoo-twist-lace-prisukami-virbalai-8-cm\/","url":"https:\/\/happyinaknit.com\/produktas\/chiaogoo-twist-lace-prisukami-virbalai-8-cm\/","name":"ChiaoGoo TWIST Lace Prisukami Virbalai 8 cm - Happyinaknit.com","isPartOf":{"@id":"https:\/\/happyinaknit.com\/lt\/#website"},"primaryImageOfPage":{"@id":"https:\/\/happyinaknit.com\/produktas\/chiaogoo-twist-lace-prisukami-virbalai-8-cm\/#primaryimage"},"image":{"@id":"https:\/\/happyinaknit.com\/produktas\/chiaogoo-twist-lace-prisukami-virbalai-8-cm\/#primaryimage"},"thumbnailUrl":"https:\/\/happyinaknit.com\/wp-content\/uploads\/2025\/10\/cg7505_6.jpg","datePublished":"2025-10-19T21:55:23+00:00","dateModified":"2025-10-19T21:55:24+00:00","breadcrumb":{"@id":"https:\/\/happyinaknit.com\/produktas\/chiaogoo-twist-lace-prisukami-virbalai-8-cm\/#breadcrumb"},"inLanguage":"lt-LT","potentialAction":[{"@type":"ReadAction","target":["https:\/\/happyinaknit.com\/produktas\/chiaogoo-twist-lace-prisukami-virbalai-8-cm\/"]}]},{"@type":"ImageObject","inLanguage":"lt-LT","@id":"https:\/\/happyinaknit.com\/produktas\/chiaogoo-twist-lace-prisukami-virbalai-8-cm\/#primaryimage","url":"https:\/\/happyinaknit.com\/wp-content\/uploads\/2025\/10\/cg7505_6.jpg","contentUrl":"https:\/\/happyinaknit.com\/wp-content\/uploads\/2025\/10\/cg7505_6.jpg","width":1000,"height":1000},{"@type":"BreadcrumbList","@id":"https:\/\/happyinaknit.com\/produktas\/chiaogoo-twist-lace-prisukami-virbalai-8-cm\/#breadcrumb","itemListElement":[{"@type":"ListItem","position":1,"name":"Home","item":"https:\/\/happyinaknit.com\/lt\/"},{"@type":"ListItem","position":2,"name":"Parduotuv\u0117","item":"https:\/\/happyinaknit.com\/lt\/parduotuve\/"},{"@type":"ListItem","position":3,"name":"ChiaoGoo TWIST Lace Prisukami Virbalai 8 cm"}]},{"@type":"WebSite","@id":"https:\/\/happyinaknit.com\/lt\/#website","url":"https:\/\/happyinaknit.com\/lt\/","name":"Happyinaknit.com","description":"","potentialAction":[{"@type":"SearchAction","target":{"@type":"EntryPoint","urlTemplate":"https:\/\/happyinaknit.com\/lt\/?s={search_term_string}"},"query-input":{"@type":"PropertyValueSpecification","valueRequired":true,"valueName":"search_term_string"}}],"inLanguage":"lt-LT"}]}},"_links":{"self":[{"href":"https:\/\/happyinaknit.com\/lt\/wp-json\/wp\/v2\/product\/6881","targetHints":{"allow":["GET"]}}],"collection":[{"href":"https:\/\/happyinaknit.com\/lt\/wp-json\/wp\/v2\/product"}],"about":[{"href":"https:\/\/happyinaknit.com\/lt\/wp-json\/wp\/v2\/types\/product"}],"replies":[{"embeddable":true,"href":"https:\/\/happyinaknit.com\/lt\/wp-json\/wp\/v2\/comments?post=6881"}],"wp:featuredmedia":[{"embeddable":true,"href":"https:\/\/happyinaknit.com\/lt\/wp-json\/wp\/v2\/media\/6842"}],"wp:attachment":[{"href":"https:\/\/happyinaknit.com\/lt\/wp-json\/wp\/v2\/media?parent=6881"}],"wp:term":[{"taxonomy":"product_brand","embeddable":true,"href":"https:\/\/happyinaknit.com\/lt\/wp-json\/wp\/v2\/product_brand?post=6881"},{"taxonomy":"product_cat","embeddable":true,"href":"https:\/\/happyinaknit.com\/lt\/wp-json\/wp\/v2\/product_cat?post=6881"},{"taxonomy":"product_tag","embeddable":true,"href":"https:\/\/happyinaknit.com\/lt\/wp-json\/wp\/v2\/product_tag?post=6881"},{"taxonomy":"pro-kategorijos","embeddable":true,"href":"https:\/\/happyinaknit.com\/lt\/wp-json\/wp\/v2\/pro-kategorijos?post=6881"}],"curies":[{"name":"wp","href":"https:\/\/api.w.org\/{rel}","templated":true}]}}