{"id":6727,"date":"2025-10-19T20:02:37","date_gmt":"2025-10-19T20:02:37","guid":{"rendered":"https:\/\/happyinaknit.com\/?post_type=product&#038;p=6727"},"modified":"2026-04-06T17:06:15","modified_gmt":"2026-04-06T17:06:15","slug":"chiaogoo-jungtys-valams-prisukamiems-virbalams","status":"publish","type":"product","link":"https:\/\/happyinaknit.com\/lt\/produktas\/chiaogoo-jungtys-valams-prisukamiems-virbalams\/","title":{"rendered":"ChiaoGoo Jungtys Valams Prisukamiems Virbalams"},"content":{"rendered":"<p>ChiaoGoo jungtys skirtos sujungti valus prisukamiems virbalams, kad b\u016bt\u0173 galima juos pailginti ar sukurti norimo ilgio val\u0105. Jungtys tvirtai prisukamos, sujungimas lygus, negaudo aki\u0173 ir u\u017etikrina patog\u0173 mezgim\u0105.<\/p>\n<p><b>Tinka tik ChiaoGoo sistemoms.<\/b><b><\/b><\/p>\n<p><b>Paskirtis:<\/b> sujungti du valus tarpusavyje, norint gauti ilgesn\u012f val\u0105<\/p>\n<p><b>Kiekis:<\/b> 2 vnt.<\/p>\n<p><b>Pastaba:<\/b> spalv\u0173 atspalviai gali \u0161iek tiek skirtis priklausomai nuo \u012frenginio ekrano.<\/p>\n","protected":false},"excerpt":{"rendered":"<p>ChiaoGoo jungtys skirtos sujungti valus prisukamiems virbalams, kad b\u016bt\u0173 galima juos pailginti ar sukurti norimo ilgio val\u0105. Jungtys tvirtai prisukamos, sujungimas lygus, negaudo aki\u0173 ir u\u017etikrina patog\u0173 mezgim\u0105. Tinka tik ChiaoGoo sistemoms. Paskirtis: sujungti du valus tarpusavyje, norint gauti ilgesn\u012f val\u0105 Kiekis: 2 vnt. Pastaba: spalv\u0173 atspalviai gali \u0161iek tiek skirtis priklausomai nuo \u012frenginio ekrano.<\/p>\n","protected":false},"featured_media":6731,"comment_status":"open","ping_status":"closed","template":"","meta":{"_acf_changed":false},"product_brand":[166],"product_cat":[15,867,19],"product_tag":[],"pro-kategorijos":[],"class_list":{"0":"post-6727","1":"product","2":"type-product","3":"status-publish","4":"has-post-thumbnail","6":"product_brand-chiaogoo","7":"product_cat-visi-produktai","8":"product_cat-jungtys-ir-kt-priedai","9":"product_cat-mezgimo-priemones","11":"first","12":"instock","13":"shipping-taxable","14":"purchasable","15":"product-type-variable"},"acf":[],"yoast_head":"<!-- This site is optimized with the Yoast SEO plugin v26.8 - https:\/\/yoast.com\/product\/yoast-seo-wordpress\/ -->\n<title>ChiaoGoo Jungtys Valams Prisukamiems Virbalams - Happyinaknit.com<\/title>\n<meta name=\"robots\" content=\"index, follow, max-snippet:-1, max-image-preview:large, max-video-preview:-1\" \/>\n<link rel=\"canonical\" href=\"https:\/\/happyinaknit.com\/lt\/produktas\/chiaogoo-jungtys-valams-prisukamiems-virbalams\/\" \/>\n<meta property=\"og:locale\" content=\"lt_LT\" \/>\n<meta property=\"og:type\" content=\"article\" \/>\n<meta property=\"og:title\" content=\"ChiaoGoo Jungtys Valams Prisukamiems Virbalams - Happyinaknit.com\" \/>\n<meta property=\"og:description\" content=\"ChiaoGoo jungtys skirtos sujungti valus prisukamiems virbalams, kad b\u016bt\u0173 galima juos pailginti ar sukurti norimo ilgio val\u0105. Jungtys tvirtai prisukamos, sujungimas lygus, negaudo aki\u0173 ir u\u017etikrina patog\u0173 mezgim\u0105. Tinka tik ChiaoGoo sistemoms. Paskirtis: sujungti du valus tarpusavyje, norint gauti ilgesn\u012f val\u0105 Kiekis: 2 vnt. Pastaba: spalv\u0173 atspalviai gali \u0161iek tiek skirtis priklausomai nuo \u012frenginio ekrano.\" \/>\n<meta property=\"og:url\" content=\"https:\/\/happyinaknit.com\/lt\/produktas\/chiaogoo-jungtys-valams-prisukamiems-virbalams\/\" \/>\n<meta property=\"og:site_name\" content=\"Happyinaknit.com\" \/>\n<meta property=\"article:modified_time\" content=\"2026-04-06T17:06:15+00:00\" \/>\n<meta property=\"og:image\" content=\"https:\/\/happyinaknit.com\/wp-content\/uploads\/2025\/10\/valo-sujungejai.png.webp\" \/>\n\t<meta property=\"og:image:width\" content=\"497\" \/>\n\t<meta property=\"og:image:height\" content=\"485\" \/>\n\t<meta property=\"og:image:type\" content=\"image\/webp\" \/>\n<meta name=\"twitter:card\" content=\"summary_large_image\" \/>\n<script type=\"application\/ld+json\" class=\"yoast-schema-graph\">{\"@context\":\"https:\/\/schema.org\",\"@graph\":[{\"@type\":\"WebPage\",\"@id\":\"https:\/\/happyinaknit.com\/produktas\/chiaogoo-jungtys-valams-prisukamiems-virbalams\/\",\"url\":\"https:\/\/happyinaknit.com\/produktas\/chiaogoo-jungtys-valams-prisukamiems-virbalams\/\",\"name\":\"ChiaoGoo Jungtys Valams Prisukamiems Virbalams - Happyinaknit.com\",\"isPartOf\":{\"@id\":\"https:\/\/happyinaknit.com\/lt\/#website\"},\"primaryImageOfPage\":{\"@id\":\"https:\/\/happyinaknit.com\/produktas\/chiaogoo-jungtys-valams-prisukamiems-virbalams\/#primaryimage\"},\"image\":{\"@id\":\"https:\/\/happyinaknit.com\/produktas\/chiaogoo-jungtys-valams-prisukamiems-virbalams\/#primaryimage\"},\"thumbnailUrl\":\"https:\/\/happyinaknit.com\/wp-content\/uploads\/2025\/10\/valo-sujungejai.png.webp\",\"datePublished\":\"2025-10-19T20:02:37+00:00\",\"dateModified\":\"2026-04-06T17:06:15+00:00\",\"breadcrumb\":{\"@id\":\"https:\/\/happyinaknit.com\/produktas\/chiaogoo-jungtys-valams-prisukamiems-virbalams\/#breadcrumb\"},\"inLanguage\":\"lt-LT\",\"potentialAction\":[{\"@type\":\"ReadAction\",\"target\":[\"https:\/\/happyinaknit.com\/produktas\/chiaogoo-jungtys-valams-prisukamiems-virbalams\/\"]}]},{\"@type\":\"ImageObject\",\"inLanguage\":\"lt-LT\",\"@id\":\"https:\/\/happyinaknit.com\/produktas\/chiaogoo-jungtys-valams-prisukamiems-virbalams\/#primaryimage\",\"url\":\"https:\/\/happyinaknit.com\/wp-content\/uploads\/2025\/10\/valo-sujungejai.png.webp\",\"contentUrl\":\"https:\/\/happyinaknit.com\/wp-content\/uploads\/2025\/10\/valo-sujungejai.png.webp\",\"width\":497,\"height\":485},{\"@type\":\"BreadcrumbList\",\"@id\":\"https:\/\/happyinaknit.com\/produktas\/chiaogoo-jungtys-valams-prisukamiems-virbalams\/#breadcrumb\",\"itemListElement\":[{\"@type\":\"ListItem\",\"position\":1,\"name\":\"Home\",\"item\":\"https:\/\/happyinaknit.com\/lt\/\"},{\"@type\":\"ListItem\",\"position\":2,\"name\":\"Parduotuv\u0117\",\"item\":\"https:\/\/happyinaknit.com\/lt\/parduotuve\/\"},{\"@type\":\"ListItem\",\"position\":3,\"name\":\"ChiaoGoo Jungtys Valams Prisukamiems Virbalams\"}]},{\"@type\":\"WebSite\",\"@id\":\"https:\/\/happyinaknit.com\/lt\/#website\",\"url\":\"https:\/\/happyinaknit.com\/lt\/\",\"name\":\"Happyinaknit.com\",\"description\":\"\",\"potentialAction\":[{\"@type\":\"SearchAction\",\"target\":{\"@type\":\"EntryPoint\",\"urlTemplate\":\"https:\/\/happyinaknit.com\/lt\/?s={search_term_string}\"},\"query-input\":{\"@type\":\"PropertyValueSpecification\",\"valueRequired\":true,\"valueName\":\"search_term_string\"}}],\"inLanguage\":\"lt-LT\"}]}<\/script>\n<!-- \/ Yoast SEO plugin. -->","yoast_head_json":{"title":"ChiaoGoo Jungtys Valams Prisukamiems Virbalams - Happyinaknit.com","robots":{"index":"index","follow":"follow","max-snippet":"max-snippet:-1","max-image-preview":"max-image-preview:large","max-video-preview":"max-video-preview:-1"},"canonical":"https:\/\/happyinaknit.com\/lt\/produktas\/chiaogoo-jungtys-valams-prisukamiems-virbalams\/","og_locale":"lt_LT","og_type":"article","og_title":"ChiaoGoo Jungtys Valams Prisukamiems Virbalams - Happyinaknit.com","og_description":"ChiaoGoo jungtys skirtos sujungti valus prisukamiems virbalams, kad b\u016bt\u0173 galima juos pailginti ar sukurti norimo ilgio val\u0105. Jungtys tvirtai prisukamos, sujungimas lygus, negaudo aki\u0173 ir u\u017etikrina patog\u0173 mezgim\u0105. Tinka tik ChiaoGoo sistemoms. Paskirtis: sujungti du valus tarpusavyje, norint gauti ilgesn\u012f val\u0105 Kiekis: 2 vnt. Pastaba: spalv\u0173 atspalviai gali \u0161iek tiek skirtis priklausomai nuo \u012frenginio ekrano.","og_url":"https:\/\/happyinaknit.com\/lt\/produktas\/chiaogoo-jungtys-valams-prisukamiems-virbalams\/","og_site_name":"Happyinaknit.com","article_modified_time":"2026-04-06T17:06:15+00:00","og_image":[{"width":497,"height":485,"url":"https:\/\/happyinaknit.com\/wp-content\/uploads\/2025\/10\/valo-sujungejai.png.webp","type":"image\/webp"}],"twitter_card":"summary_large_image","schema":{"@context":"https:\/\/schema.org","@graph":[{"@type":"WebPage","@id":"https:\/\/happyinaknit.com\/produktas\/chiaogoo-jungtys-valams-prisukamiems-virbalams\/","url":"https:\/\/happyinaknit.com\/produktas\/chiaogoo-jungtys-valams-prisukamiems-virbalams\/","name":"ChiaoGoo Jungtys Valams Prisukamiems Virbalams - Happyinaknit.com","isPartOf":{"@id":"https:\/\/happyinaknit.com\/lt\/#website"},"primaryImageOfPage":{"@id":"https:\/\/happyinaknit.com\/produktas\/chiaogoo-jungtys-valams-prisukamiems-virbalams\/#primaryimage"},"image":{"@id":"https:\/\/happyinaknit.com\/produktas\/chiaogoo-jungtys-valams-prisukamiems-virbalams\/#primaryimage"},"thumbnailUrl":"https:\/\/happyinaknit.com\/wp-content\/uploads\/2025\/10\/valo-sujungejai.png.webp","datePublished":"2025-10-19T20:02:37+00:00","dateModified":"2026-04-06T17:06:15+00:00","breadcrumb":{"@id":"https:\/\/happyinaknit.com\/produktas\/chiaogoo-jungtys-valams-prisukamiems-virbalams\/#breadcrumb"},"inLanguage":"lt-LT","potentialAction":[{"@type":"ReadAction","target":["https:\/\/happyinaknit.com\/produktas\/chiaogoo-jungtys-valams-prisukamiems-virbalams\/"]}]},{"@type":"ImageObject","inLanguage":"lt-LT","@id":"https:\/\/happyinaknit.com\/produktas\/chiaogoo-jungtys-valams-prisukamiems-virbalams\/#primaryimage","url":"https:\/\/happyinaknit.com\/wp-content\/uploads\/2025\/10\/valo-sujungejai.png.webp","contentUrl":"https:\/\/happyinaknit.com\/wp-content\/uploads\/2025\/10\/valo-sujungejai.png.webp","width":497,"height":485},{"@type":"BreadcrumbList","@id":"https:\/\/happyinaknit.com\/produktas\/chiaogoo-jungtys-valams-prisukamiems-virbalams\/#breadcrumb","itemListElement":[{"@type":"ListItem","position":1,"name":"Home","item":"https:\/\/happyinaknit.com\/lt\/"},{"@type":"ListItem","position":2,"name":"Parduotuv\u0117","item":"https:\/\/happyinaknit.com\/lt\/parduotuve\/"},{"@type":"ListItem","position":3,"name":"ChiaoGoo Jungtys Valams Prisukamiems Virbalams"}]},{"@type":"WebSite","@id":"https:\/\/happyinaknit.com\/lt\/#website","url":"https:\/\/happyinaknit.com\/lt\/","name":"Happyinaknit.com","description":"","potentialAction":[{"@type":"SearchAction","target":{"@type":"EntryPoint","urlTemplate":"https:\/\/happyinaknit.com\/lt\/?s={search_term_string}"},"query-input":{"@type":"PropertyValueSpecification","valueRequired":true,"valueName":"search_term_string"}}],"inLanguage":"lt-LT"}]}},"_links":{"self":[{"href":"https:\/\/happyinaknit.com\/lt\/wp-json\/wp\/v2\/product\/6727","targetHints":{"allow":["GET"]}}],"collection":[{"href":"https:\/\/happyinaknit.com\/lt\/wp-json\/wp\/v2\/product"}],"about":[{"href":"https:\/\/happyinaknit.com\/lt\/wp-json\/wp\/v2\/types\/product"}],"replies":[{"embeddable":true,"href":"https:\/\/happyinaknit.com\/lt\/wp-json\/wp\/v2\/comments?post=6727"}],"wp:featuredmedia":[{"embeddable":true,"href":"https:\/\/happyinaknit.com\/lt\/wp-json\/wp\/v2\/media\/6731"}],"wp:attachment":[{"href":"https:\/\/happyinaknit.com\/lt\/wp-json\/wp\/v2\/media?parent=6727"}],"wp:term":[{"taxonomy":"product_brand","embeddable":true,"href":"https:\/\/happyinaknit.com\/lt\/wp-json\/wp\/v2\/product_brand?post=6727"},{"taxonomy":"product_cat","embeddable":true,"href":"https:\/\/happyinaknit.com\/lt\/wp-json\/wp\/v2\/product_cat?post=6727"},{"taxonomy":"product_tag","embeddable":true,"href":"https:\/\/happyinaknit.com\/lt\/wp-json\/wp\/v2\/product_tag?post=6727"},{"taxonomy":"pro-kategorijos","embeddable":true,"href":"https:\/\/happyinaknit.com\/lt\/wp-json\/wp\/v2\/pro-kategorijos?post=6727"}],"curies":[{"name":"wp","href":"https:\/\/api.w.org\/{rel}","templated":true}]}}