{"id":6696,"date":"2025-10-19T19:34:01","date_gmt":"2025-10-19T19:34:01","guid":{"rendered":"https:\/\/happyinaknit.com\/?post_type=product&#038;p=6696"},"modified":"2026-04-15T10:54:18","modified_gmt":"2026-04-15T10:54:18","slug":"chiaogoo-rotacinis-valas-prisukamiems-virbalams-360","status":"publish","type":"product","link":"https:\/\/happyinaknit.com\/lt\/produktas\/chiaogoo-rotacinis-valas-prisukamiems-virbalams-360\/","title":{"rendered":"ChiaoGoo  Rotacinis Valas Prisukamiems Virbalams 360\u00b0"},"content":{"rendered":"<p><b>ChiaoGoo rotacinis valas prisukamiems virbalams 360\u00b0<\/b> \u2013 itin patogus valas su besisukan\u010diu sujungimu, leid\u017eian\u010diu valui laisvai suktis aplink savo a\u0161\u012f. Tai padeda i\u0161vengti susisukimo ir u\u017etikrina skland\u0173 bei malon\u0173 mezgim\u0105.<\/p>\n<p>Pagamintas i\u0161 tvirto, ta\u010diau lankstaus med\u017eiaginio plieno valo, padengto permatomu nailonu. Kiekvienas valas turi <b>360\u00b0 rotacin\u012f mechanizm\u0105<\/b>, kuris leid\u017eia prisukamiems virbalams jud\u0117ti laisvai, be \u012ftampos.<\/p>\n<p>\u0160ie valai idealiai dera <strong>tik<\/strong> \u00a0su <b>ChiaoGoo TWIST<\/b> prisukamais virbalais.<\/p>\n<p><b>Tinka sistemoms:<\/b><b><\/b><\/p>\n<p>\u2022<b>Small (S)<\/b> \u2013 tinka virbalams 2,75\u20135,0 mm<\/p>\n<p>\u2022<b>Large (L)<\/b> \u2013 tinka virbalams nuo 5,5 mm ir didesniems<\/p>\n<p><b>Paskirtis:<\/b> naudojamas su prisukamais virbalais, siekiant sujungti abu galus ir u\u017etikrinti lankst\u0173, nesusisukant\u012f mezgim\u0105<\/p>\n<p><b>Med\u017eiaga:<\/b> plieninis valas su nailono danga<\/p>\n<p><b>Pagaminta:<\/b> JAV<\/p>\n<p><b>Pastaba:<\/b> spalv\u0173 atspalviai gali \u0161iek tiek skirtis priklausomai nuo \u012frenginio ekrano.<\/p>\n","protected":false},"excerpt":{"rendered":"<p>ChiaoGoo rotacinis valas prisukamiems virbalams 360\u00b0 \u2013 itin patogus valas su besisukan\u010diu sujungimu, leid\u017eian\u010diu valui laisvai suktis aplink savo a\u0161\u012f. Tai padeda i\u0161vengti susisukimo ir u\u017etikrina skland\u0173 bei malon\u0173 mezgim\u0105. Pagamintas i\u0161 tvirto, ta\u010diau lankstaus med\u017eiaginio plieno valo, padengto permatomu nailonu. Kiekvienas valas turi 360\u00b0 rotacin\u012f mechanizm\u0105, kuris leid\u017eia prisukamiems virbalams jud\u0117ti laisvai, be \u012ftampos. [&hellip;]<\/p>\n","protected":false},"featured_media":6698,"comment_status":"open","ping_status":"closed","template":"","meta":{"_acf_changed":false},"product_brand":[166],"product_cat":[15,19,864],"product_tag":[],"pro-kategorijos":[],"class_list":{"0":"post-6696","1":"product","2":"type-product","3":"status-publish","4":"has-post-thumbnail","6":"product_brand-chiaogoo","7":"product_cat-visi-produktai","8":"product_cat-mezgimo-priemones","9":"product_cat-valai-virbalams","11":"first","12":"instock","13":"shipping-taxable","14":"purchasable","15":"product-type-variable"},"acf":[],"yoast_head":"<!-- This site is optimized with the Yoast SEO plugin v26.8 - https:\/\/yoast.com\/product\/yoast-seo-wordpress\/ -->\n<title>ChiaoGoo Rotacinis Valas Prisukamiems Virbalams 360\u00b0 - Happyinaknit.com<\/title>\n<meta name=\"robots\" content=\"index, follow, max-snippet:-1, max-image-preview:large, max-video-preview:-1\" \/>\n<link rel=\"canonical\" href=\"https:\/\/happyinaknit.com\/lt\/produktas\/chiaogoo-rotacinis-valas-prisukamiems-virbalams-360\/\" \/>\n<meta property=\"og:locale\" content=\"lt_LT\" \/>\n<meta property=\"og:type\" content=\"article\" \/>\n<meta property=\"og:title\" content=\"ChiaoGoo Rotacinis Valas Prisukamiems Virbalams 360\u00b0 - Happyinaknit.com\" \/>\n<meta property=\"og:description\" content=\"ChiaoGoo rotacinis valas prisukamiems virbalams 360\u00b0 \u2013 itin patogus valas su besisukan\u010diu sujungimu, leid\u017eian\u010diu valui laisvai suktis aplink savo a\u0161\u012f. Tai padeda i\u0161vengti susisukimo ir u\u017etikrina skland\u0173 bei malon\u0173 mezgim\u0105. Pagamintas i\u0161 tvirto, ta\u010diau lankstaus med\u017eiaginio plieno valo, padengto permatomu nailonu. Kiekvienas valas turi 360\u00b0 rotacin\u012f mechanizm\u0105, kuris leid\u017eia prisukamiems virbalams jud\u0117ti laisvai, be \u012ftampos. [&hellip;]\" \/>\n<meta property=\"og:url\" content=\"https:\/\/happyinaknit.com\/lt\/produktas\/chiaogoo-rotacinis-valas-prisukamiems-virbalams-360\/\" \/>\n<meta property=\"og:site_name\" content=\"Happyinaknit.com\" \/>\n<meta property=\"article:modified_time\" content=\"2026-04-15T10:54:18+00:00\" \/>\n<meta property=\"og:image\" content=\"https:\/\/happyinaknit.com\/wp-content\/uploads\/2025\/10\/7708-L.webp\" \/>\n\t<meta property=\"og:image:width\" content=\"900\" \/>\n\t<meta property=\"og:image:height\" content=\"900\" \/>\n\t<meta property=\"og:image:type\" content=\"image\/webp\" \/>\n<meta name=\"twitter:card\" content=\"summary_large_image\" \/>\n<meta name=\"twitter:label1\" content=\"Est. reading time\" \/>\n\t<meta name=\"twitter:data1\" content=\"1 minut\u0117\" \/>\n<script type=\"application\/ld+json\" class=\"yoast-schema-graph\">{\"@context\":\"https:\/\/schema.org\",\"@graph\":[{\"@type\":\"WebPage\",\"@id\":\"https:\/\/happyinaknit.com\/produktas\/chiaogoo-rotacinis-valas-prisukamiems-virbalams-360\/\",\"url\":\"https:\/\/happyinaknit.com\/produktas\/chiaogoo-rotacinis-valas-prisukamiems-virbalams-360\/\",\"name\":\"ChiaoGoo Rotacinis Valas Prisukamiems Virbalams 360\u00b0 - Happyinaknit.com\",\"isPartOf\":{\"@id\":\"https:\/\/happyinaknit.com\/lt\/#website\"},\"primaryImageOfPage\":{\"@id\":\"https:\/\/happyinaknit.com\/produktas\/chiaogoo-rotacinis-valas-prisukamiems-virbalams-360\/#primaryimage\"},\"image\":{\"@id\":\"https:\/\/happyinaknit.com\/produktas\/chiaogoo-rotacinis-valas-prisukamiems-virbalams-360\/#primaryimage\"},\"thumbnailUrl\":\"https:\/\/happyinaknit.com\/wp-content\/uploads\/2025\/10\/7708-L.webp\",\"datePublished\":\"2025-10-19T19:34:01+00:00\",\"dateModified\":\"2026-04-15T10:54:18+00:00\",\"breadcrumb\":{\"@id\":\"https:\/\/happyinaknit.com\/produktas\/chiaogoo-rotacinis-valas-prisukamiems-virbalams-360\/#breadcrumb\"},\"inLanguage\":\"lt-LT\",\"potentialAction\":[{\"@type\":\"ReadAction\",\"target\":[\"https:\/\/happyinaknit.com\/produktas\/chiaogoo-rotacinis-valas-prisukamiems-virbalams-360\/\"]}]},{\"@type\":\"ImageObject\",\"inLanguage\":\"lt-LT\",\"@id\":\"https:\/\/happyinaknit.com\/produktas\/chiaogoo-rotacinis-valas-prisukamiems-virbalams-360\/#primaryimage\",\"url\":\"https:\/\/happyinaknit.com\/wp-content\/uploads\/2025\/10\/7708-L.webp\",\"contentUrl\":\"https:\/\/happyinaknit.com\/wp-content\/uploads\/2025\/10\/7708-L.webp\",\"width\":900,\"height\":900},{\"@type\":\"BreadcrumbList\",\"@id\":\"https:\/\/happyinaknit.com\/produktas\/chiaogoo-rotacinis-valas-prisukamiems-virbalams-360\/#breadcrumb\",\"itemListElement\":[{\"@type\":\"ListItem\",\"position\":1,\"name\":\"Home\",\"item\":\"https:\/\/happyinaknit.com\/lt\/\"},{\"@type\":\"ListItem\",\"position\":2,\"name\":\"Parduotuv\u0117\",\"item\":\"https:\/\/happyinaknit.com\/lt\/parduotuve\/\"},{\"@type\":\"ListItem\",\"position\":3,\"name\":\"ChiaoGoo Rotacinis Valas Prisukamiems Virbalams 360\u00b0\"}]},{\"@type\":\"WebSite\",\"@id\":\"https:\/\/happyinaknit.com\/lt\/#website\",\"url\":\"https:\/\/happyinaknit.com\/lt\/\",\"name\":\"Happyinaknit.com\",\"description\":\"\",\"potentialAction\":[{\"@type\":\"SearchAction\",\"target\":{\"@type\":\"EntryPoint\",\"urlTemplate\":\"https:\/\/happyinaknit.com\/lt\/?s={search_term_string}\"},\"query-input\":{\"@type\":\"PropertyValueSpecification\",\"valueRequired\":true,\"valueName\":\"search_term_string\"}}],\"inLanguage\":\"lt-LT\"}]}<\/script>\n<!-- \/ Yoast SEO plugin. -->","yoast_head_json":{"title":"ChiaoGoo Rotacinis Valas Prisukamiems Virbalams 360\u00b0 - Happyinaknit.com","robots":{"index":"index","follow":"follow","max-snippet":"max-snippet:-1","max-image-preview":"max-image-preview:large","max-video-preview":"max-video-preview:-1"},"canonical":"https:\/\/happyinaknit.com\/lt\/produktas\/chiaogoo-rotacinis-valas-prisukamiems-virbalams-360\/","og_locale":"lt_LT","og_type":"article","og_title":"ChiaoGoo Rotacinis Valas Prisukamiems Virbalams 360\u00b0 - Happyinaknit.com","og_description":"ChiaoGoo rotacinis valas prisukamiems virbalams 360\u00b0 \u2013 itin patogus valas su besisukan\u010diu sujungimu, leid\u017eian\u010diu valui laisvai suktis aplink savo a\u0161\u012f. Tai padeda i\u0161vengti susisukimo ir u\u017etikrina skland\u0173 bei malon\u0173 mezgim\u0105. Pagamintas i\u0161 tvirto, ta\u010diau lankstaus med\u017eiaginio plieno valo, padengto permatomu nailonu. Kiekvienas valas turi 360\u00b0 rotacin\u012f mechanizm\u0105, kuris leid\u017eia prisukamiems virbalams jud\u0117ti laisvai, be \u012ftampos. [&hellip;]","og_url":"https:\/\/happyinaknit.com\/lt\/produktas\/chiaogoo-rotacinis-valas-prisukamiems-virbalams-360\/","og_site_name":"Happyinaknit.com","article_modified_time":"2026-04-15T10:54:18+00:00","og_image":[{"width":900,"height":900,"url":"https:\/\/happyinaknit.com\/wp-content\/uploads\/2025\/10\/7708-L.webp","type":"image\/webp"}],"twitter_card":"summary_large_image","twitter_misc":{"Est. reading time":"1 minut\u0117"},"schema":{"@context":"https:\/\/schema.org","@graph":[{"@type":"WebPage","@id":"https:\/\/happyinaknit.com\/produktas\/chiaogoo-rotacinis-valas-prisukamiems-virbalams-360\/","url":"https:\/\/happyinaknit.com\/produktas\/chiaogoo-rotacinis-valas-prisukamiems-virbalams-360\/","name":"ChiaoGoo Rotacinis Valas Prisukamiems Virbalams 360\u00b0 - Happyinaknit.com","isPartOf":{"@id":"https:\/\/happyinaknit.com\/lt\/#website"},"primaryImageOfPage":{"@id":"https:\/\/happyinaknit.com\/produktas\/chiaogoo-rotacinis-valas-prisukamiems-virbalams-360\/#primaryimage"},"image":{"@id":"https:\/\/happyinaknit.com\/produktas\/chiaogoo-rotacinis-valas-prisukamiems-virbalams-360\/#primaryimage"},"thumbnailUrl":"https:\/\/happyinaknit.com\/wp-content\/uploads\/2025\/10\/7708-L.webp","datePublished":"2025-10-19T19:34:01+00:00","dateModified":"2026-04-15T10:54:18+00:00","breadcrumb":{"@id":"https:\/\/happyinaknit.com\/produktas\/chiaogoo-rotacinis-valas-prisukamiems-virbalams-360\/#breadcrumb"},"inLanguage":"lt-LT","potentialAction":[{"@type":"ReadAction","target":["https:\/\/happyinaknit.com\/produktas\/chiaogoo-rotacinis-valas-prisukamiems-virbalams-360\/"]}]},{"@type":"ImageObject","inLanguage":"lt-LT","@id":"https:\/\/happyinaknit.com\/produktas\/chiaogoo-rotacinis-valas-prisukamiems-virbalams-360\/#primaryimage","url":"https:\/\/happyinaknit.com\/wp-content\/uploads\/2025\/10\/7708-L.webp","contentUrl":"https:\/\/happyinaknit.com\/wp-content\/uploads\/2025\/10\/7708-L.webp","width":900,"height":900},{"@type":"BreadcrumbList","@id":"https:\/\/happyinaknit.com\/produktas\/chiaogoo-rotacinis-valas-prisukamiems-virbalams-360\/#breadcrumb","itemListElement":[{"@type":"ListItem","position":1,"name":"Home","item":"https:\/\/happyinaknit.com\/lt\/"},{"@type":"ListItem","position":2,"name":"Parduotuv\u0117","item":"https:\/\/happyinaknit.com\/lt\/parduotuve\/"},{"@type":"ListItem","position":3,"name":"ChiaoGoo Rotacinis Valas Prisukamiems Virbalams 360\u00b0"}]},{"@type":"WebSite","@id":"https:\/\/happyinaknit.com\/lt\/#website","url":"https:\/\/happyinaknit.com\/lt\/","name":"Happyinaknit.com","description":"","potentialAction":[{"@type":"SearchAction","target":{"@type":"EntryPoint","urlTemplate":"https:\/\/happyinaknit.com\/lt\/?s={search_term_string}"},"query-input":{"@type":"PropertyValueSpecification","valueRequired":true,"valueName":"search_term_string"}}],"inLanguage":"lt-LT"}]}},"_links":{"self":[{"href":"https:\/\/happyinaknit.com\/lt\/wp-json\/wp\/v2\/product\/6696","targetHints":{"allow":["GET"]}}],"collection":[{"href":"https:\/\/happyinaknit.com\/lt\/wp-json\/wp\/v2\/product"}],"about":[{"href":"https:\/\/happyinaknit.com\/lt\/wp-json\/wp\/v2\/types\/product"}],"replies":[{"embeddable":true,"href":"https:\/\/happyinaknit.com\/lt\/wp-json\/wp\/v2\/comments?post=6696"}],"wp:featuredmedia":[{"embeddable":true,"href":"https:\/\/happyinaknit.com\/lt\/wp-json\/wp\/v2\/media\/6698"}],"wp:attachment":[{"href":"https:\/\/happyinaknit.com\/lt\/wp-json\/wp\/v2\/media?parent=6696"}],"wp:term":[{"taxonomy":"product_brand","embeddable":true,"href":"https:\/\/happyinaknit.com\/lt\/wp-json\/wp\/v2\/product_brand?post=6696"},{"taxonomy":"product_cat","embeddable":true,"href":"https:\/\/happyinaknit.com\/lt\/wp-json\/wp\/v2\/product_cat?post=6696"},{"taxonomy":"product_tag","embeddable":true,"href":"https:\/\/happyinaknit.com\/lt\/wp-json\/wp\/v2\/product_tag?post=6696"},{"taxonomy":"pro-kategorijos","embeddable":true,"href":"https:\/\/happyinaknit.com\/lt\/wp-json\/wp\/v2\/pro-kategorijos?post=6696"}],"curies":[{"name":"wp","href":"https:\/\/api.w.org\/{rel}","templated":true}]}}