{"id":6684,"date":"2025-10-19T19:09:03","date_gmt":"2025-10-19T19:09:03","guid":{"rendered":"https:\/\/happyinaknit.com\/?post_type=product&#038;p=6684"},"modified":"2026-03-17T13:08:55","modified_gmt":"2026-03-17T13:08:55","slug":"chiaogoo-antgaliai-prisukamiems-pirbalams-stopperiai","status":"publish","type":"product","link":"https:\/\/happyinaknit.com\/lt\/produktas\/chiaogoo-antgaliai-prisukamiems-pirbalams-stopperiai\/","title":{"rendered":"ChiaoGoo Antgaliai Prisukamiems Virbalams (Stopperiai)"},"content":{"rendered":"<p>Patikimi <b>ChiaoGoo antgaliai (stoppperiai)<\/b> \u2013 b\u016btinas priedas mezgant su <b>prisukamais virbalais<\/b>. Jie leid\u017eia <b>saugiai u\u017edaryti val\u0105<\/b>, kai virbalai nuimami, kad akys nenuslyst\u0173 nuo mezginio. Tai idealus sprendimas pertraukiant darb\u0105 ar kei\u010diant virbal\u0173 dyd\u012f.<\/p>\n<p>Pagaminti i\u0161 <b>auk\u0161tos kokyb\u0117s metalo<\/b>, \u0161ie antgaliai tvirtai prisukami prie valo ir yra visi\u0161kai suderinami su atitinkama <b>ChiaoGoo TWIST<\/b> sistema.<\/p>\n<p><b>Tinka sistemoms:<\/b><b><\/b><\/p>\n<p>\u2022<b>Mini (M)<\/b> \u2013 raudoni antgaliai \u2013 tinka tik Mini valams ir virbalams<\/p>\n<p>\u2022<b>Small (S)<\/b> \u2013 balti antgaliai \u2013 tinka tik S valams ir virbalams<\/p>\n<p>\u2022<b>Large (L)<\/b> \u2013 juodi antgaliai \u2013 tinka tik L valams ir virbalams<\/p>\n<p><b>Paskirtis:<\/b> u\u017esukti val\u0105, kad mezginys nei\u0161siskleist\u0173 be virbal\u0173<\/p>\n<p><b>Kiekis:<\/b> 2 vnt.<\/p>\n<p><b>Pastaba:<\/b> spalv\u0173 atspalviai gali \u0161iek tiek skirtis priklausomai nuo \u012frenginio ekrano.<\/p>\n","protected":false},"excerpt":{"rendered":"<p>Patikimi ChiaoGoo antgaliai (stoppperiai) \u2013 b\u016btinas priedas mezgant su prisukamais virbalais. Jie leid\u017eia saugiai u\u017edaryti val\u0105, kai virbalai nuimami, kad akys nenuslyst\u0173 nuo mezginio. Tai idealus sprendimas pertraukiant darb\u0105 ar kei\u010diant virbal\u0173 dyd\u012f. Pagaminti i\u0161 auk\u0161tos kokyb\u0117s metalo, \u0161ie antgaliai tvirtai prisukami prie valo ir yra visi\u0161kai suderinami su atitinkama ChiaoGoo TWIST sistema. Tinka sistemoms: [&hellip;]<\/p>\n","protected":false},"featured_media":6687,"comment_status":"open","ping_status":"closed","template":"","meta":{"_acf_changed":false},"product_brand":[166],"product_cat":[15,868,19],"product_tag":[],"pro-kategorijos":[],"class_list":{"0":"post-6684","1":"product","2":"type-product","3":"status-publish","4":"has-post-thumbnail","6":"product_brand-chiaogoo","7":"product_cat-visi-produktai","8":"product_cat-antgaliaistabdziukai","9":"product_cat-mezgimo-priemones","11":"first","12":"instock","13":"shipping-taxable","14":"purchasable","15":"product-type-variable"},"acf":[],"yoast_head":"<!-- This site is optimized with the Yoast SEO plugin v26.8 - https:\/\/yoast.com\/product\/yoast-seo-wordpress\/ -->\n<title>ChiaoGoo Antgaliai Prisukamiems Virbalams (Stopperiai) - Happyinaknit.com<\/title>\n<meta name=\"robots\" content=\"index, follow, max-snippet:-1, max-image-preview:large, max-video-preview:-1\" \/>\n<link rel=\"canonical\" href=\"https:\/\/happyinaknit.com\/lt\/produktas\/chiaogoo-antgaliai-prisukamiems-pirbalams-stopperiai\/\" \/>\n<meta property=\"og:locale\" content=\"lt_LT\" \/>\n<meta property=\"og:type\" content=\"article\" \/>\n<meta property=\"og:title\" content=\"ChiaoGoo Antgaliai Prisukamiems Virbalams (Stopperiai) - Happyinaknit.com\" \/>\n<meta property=\"og:description\" content=\"Patikimi ChiaoGoo antgaliai (stoppperiai) \u2013 b\u016btinas priedas mezgant su prisukamais virbalais. Jie leid\u017eia saugiai u\u017edaryti val\u0105, kai virbalai nuimami, kad akys nenuslyst\u0173 nuo mezginio. Tai idealus sprendimas pertraukiant darb\u0105 ar kei\u010diant virbal\u0173 dyd\u012f. Pagaminti i\u0161 auk\u0161tos kokyb\u0117s metalo, \u0161ie antgaliai tvirtai prisukami prie valo ir yra visi\u0161kai suderinami su atitinkama ChiaoGoo TWIST sistema. Tinka sistemoms: [&hellip;]\" \/>\n<meta property=\"og:url\" content=\"https:\/\/happyinaknit.com\/lt\/produktas\/chiaogoo-antgaliai-prisukamiems-pirbalams-stopperiai\/\" \/>\n<meta property=\"og:site_name\" content=\"Happyinaknit.com\" \/>\n<meta property=\"article:modified_time\" content=\"2026-03-17T13:08:55+00:00\" \/>\n<meta property=\"og:image\" content=\"https:\/\/happyinaknit.com\/wp-content\/uploads\/2025\/10\/endstoppers.jpg\" \/>\n\t<meta property=\"og:image:width\" content=\"600\" \/>\n\t<meta property=\"og:image:height\" content=\"600\" \/>\n\t<meta property=\"og:image:type\" content=\"image\/jpeg\" \/>\n<meta name=\"twitter:card\" content=\"summary_large_image\" \/>\n<meta name=\"twitter:label1\" content=\"Est. reading time\" \/>\n\t<meta name=\"twitter:data1\" content=\"1 minut\u0117\" \/>\n<script type=\"application\/ld+json\" class=\"yoast-schema-graph\">{\"@context\":\"https:\/\/schema.org\",\"@graph\":[{\"@type\":\"WebPage\",\"@id\":\"https:\/\/happyinaknit.com\/produktas\/chiaogoo-antgaliai-prisukamiems-pirbalams-stopperiai\/\",\"url\":\"https:\/\/happyinaknit.com\/produktas\/chiaogoo-antgaliai-prisukamiems-pirbalams-stopperiai\/\",\"name\":\"ChiaoGoo Antgaliai Prisukamiems Virbalams (Stopperiai) - Happyinaknit.com\",\"isPartOf\":{\"@id\":\"https:\/\/happyinaknit.com\/lt\/#website\"},\"primaryImageOfPage\":{\"@id\":\"https:\/\/happyinaknit.com\/produktas\/chiaogoo-antgaliai-prisukamiems-pirbalams-stopperiai\/#primaryimage\"},\"image\":{\"@id\":\"https:\/\/happyinaknit.com\/produktas\/chiaogoo-antgaliai-prisukamiems-pirbalams-stopperiai\/#primaryimage\"},\"thumbnailUrl\":\"https:\/\/happyinaknit.com\/wp-content\/uploads\/2025\/10\/endstoppers.jpg\",\"datePublished\":\"2025-10-19T19:09:03+00:00\",\"dateModified\":\"2026-03-17T13:08:55+00:00\",\"breadcrumb\":{\"@id\":\"https:\/\/happyinaknit.com\/produktas\/chiaogoo-antgaliai-prisukamiems-pirbalams-stopperiai\/#breadcrumb\"},\"inLanguage\":\"lt-LT\",\"potentialAction\":[{\"@type\":\"ReadAction\",\"target\":[\"https:\/\/happyinaknit.com\/produktas\/chiaogoo-antgaliai-prisukamiems-pirbalams-stopperiai\/\"]}]},{\"@type\":\"ImageObject\",\"inLanguage\":\"lt-LT\",\"@id\":\"https:\/\/happyinaknit.com\/produktas\/chiaogoo-antgaliai-prisukamiems-pirbalams-stopperiai\/#primaryimage\",\"url\":\"https:\/\/happyinaknit.com\/wp-content\/uploads\/2025\/10\/endstoppers.jpg\",\"contentUrl\":\"https:\/\/happyinaknit.com\/wp-content\/uploads\/2025\/10\/endstoppers.jpg\",\"width\":600,\"height\":600},{\"@type\":\"BreadcrumbList\",\"@id\":\"https:\/\/happyinaknit.com\/produktas\/chiaogoo-antgaliai-prisukamiems-pirbalams-stopperiai\/#breadcrumb\",\"itemListElement\":[{\"@type\":\"ListItem\",\"position\":1,\"name\":\"Home\",\"item\":\"https:\/\/happyinaknit.com\/lt\/\"},{\"@type\":\"ListItem\",\"position\":2,\"name\":\"Parduotuv\u0117\",\"item\":\"https:\/\/happyinaknit.com\/lt\/parduotuve\/\"},{\"@type\":\"ListItem\",\"position\":3,\"name\":\"ChiaoGoo Antgaliai Prisukamiems Virbalams (Stopperiai)\"}]},{\"@type\":\"WebSite\",\"@id\":\"https:\/\/happyinaknit.com\/lt\/#website\",\"url\":\"https:\/\/happyinaknit.com\/lt\/\",\"name\":\"Happyinaknit.com\",\"description\":\"\",\"potentialAction\":[{\"@type\":\"SearchAction\",\"target\":{\"@type\":\"EntryPoint\",\"urlTemplate\":\"https:\/\/happyinaknit.com\/lt\/?s={search_term_string}\"},\"query-input\":{\"@type\":\"PropertyValueSpecification\",\"valueRequired\":true,\"valueName\":\"search_term_string\"}}],\"inLanguage\":\"lt-LT\"}]}<\/script>\n<!-- \/ Yoast SEO plugin. -->","yoast_head_json":{"title":"ChiaoGoo Antgaliai Prisukamiems Virbalams (Stopperiai) - Happyinaknit.com","robots":{"index":"index","follow":"follow","max-snippet":"max-snippet:-1","max-image-preview":"max-image-preview:large","max-video-preview":"max-video-preview:-1"},"canonical":"https:\/\/happyinaknit.com\/lt\/produktas\/chiaogoo-antgaliai-prisukamiems-pirbalams-stopperiai\/","og_locale":"lt_LT","og_type":"article","og_title":"ChiaoGoo Antgaliai Prisukamiems Virbalams (Stopperiai) - Happyinaknit.com","og_description":"Patikimi ChiaoGoo antgaliai (stoppperiai) \u2013 b\u016btinas priedas mezgant su prisukamais virbalais. Jie leid\u017eia saugiai u\u017edaryti val\u0105, kai virbalai nuimami, kad akys nenuslyst\u0173 nuo mezginio. Tai idealus sprendimas pertraukiant darb\u0105 ar kei\u010diant virbal\u0173 dyd\u012f. Pagaminti i\u0161 auk\u0161tos kokyb\u0117s metalo, \u0161ie antgaliai tvirtai prisukami prie valo ir yra visi\u0161kai suderinami su atitinkama ChiaoGoo TWIST sistema. Tinka sistemoms: [&hellip;]","og_url":"https:\/\/happyinaknit.com\/lt\/produktas\/chiaogoo-antgaliai-prisukamiems-pirbalams-stopperiai\/","og_site_name":"Happyinaknit.com","article_modified_time":"2026-03-17T13:08:55+00:00","og_image":[{"width":600,"height":600,"url":"https:\/\/happyinaknit.com\/wp-content\/uploads\/2025\/10\/endstoppers.jpg","type":"image\/jpeg"}],"twitter_card":"summary_large_image","twitter_misc":{"Est. reading time":"1 minut\u0117"},"schema":{"@context":"https:\/\/schema.org","@graph":[{"@type":"WebPage","@id":"https:\/\/happyinaknit.com\/produktas\/chiaogoo-antgaliai-prisukamiems-pirbalams-stopperiai\/","url":"https:\/\/happyinaknit.com\/produktas\/chiaogoo-antgaliai-prisukamiems-pirbalams-stopperiai\/","name":"ChiaoGoo Antgaliai Prisukamiems Virbalams (Stopperiai) - Happyinaknit.com","isPartOf":{"@id":"https:\/\/happyinaknit.com\/lt\/#website"},"primaryImageOfPage":{"@id":"https:\/\/happyinaknit.com\/produktas\/chiaogoo-antgaliai-prisukamiems-pirbalams-stopperiai\/#primaryimage"},"image":{"@id":"https:\/\/happyinaknit.com\/produktas\/chiaogoo-antgaliai-prisukamiems-pirbalams-stopperiai\/#primaryimage"},"thumbnailUrl":"https:\/\/happyinaknit.com\/wp-content\/uploads\/2025\/10\/endstoppers.jpg","datePublished":"2025-10-19T19:09:03+00:00","dateModified":"2026-03-17T13:08:55+00:00","breadcrumb":{"@id":"https:\/\/happyinaknit.com\/produktas\/chiaogoo-antgaliai-prisukamiems-pirbalams-stopperiai\/#breadcrumb"},"inLanguage":"lt-LT","potentialAction":[{"@type":"ReadAction","target":["https:\/\/happyinaknit.com\/produktas\/chiaogoo-antgaliai-prisukamiems-pirbalams-stopperiai\/"]}]},{"@type":"ImageObject","inLanguage":"lt-LT","@id":"https:\/\/happyinaknit.com\/produktas\/chiaogoo-antgaliai-prisukamiems-pirbalams-stopperiai\/#primaryimage","url":"https:\/\/happyinaknit.com\/wp-content\/uploads\/2025\/10\/endstoppers.jpg","contentUrl":"https:\/\/happyinaknit.com\/wp-content\/uploads\/2025\/10\/endstoppers.jpg","width":600,"height":600},{"@type":"BreadcrumbList","@id":"https:\/\/happyinaknit.com\/produktas\/chiaogoo-antgaliai-prisukamiems-pirbalams-stopperiai\/#breadcrumb","itemListElement":[{"@type":"ListItem","position":1,"name":"Home","item":"https:\/\/happyinaknit.com\/lt\/"},{"@type":"ListItem","position":2,"name":"Parduotuv\u0117","item":"https:\/\/happyinaknit.com\/lt\/parduotuve\/"},{"@type":"ListItem","position":3,"name":"ChiaoGoo Antgaliai Prisukamiems Virbalams (Stopperiai)"}]},{"@type":"WebSite","@id":"https:\/\/happyinaknit.com\/lt\/#website","url":"https:\/\/happyinaknit.com\/lt\/","name":"Happyinaknit.com","description":"","potentialAction":[{"@type":"SearchAction","target":{"@type":"EntryPoint","urlTemplate":"https:\/\/happyinaknit.com\/lt\/?s={search_term_string}"},"query-input":{"@type":"PropertyValueSpecification","valueRequired":true,"valueName":"search_term_string"}}],"inLanguage":"lt-LT"}]}},"_links":{"self":[{"href":"https:\/\/happyinaknit.com\/lt\/wp-json\/wp\/v2\/product\/6684","targetHints":{"allow":["GET"]}}],"collection":[{"href":"https:\/\/happyinaknit.com\/lt\/wp-json\/wp\/v2\/product"}],"about":[{"href":"https:\/\/happyinaknit.com\/lt\/wp-json\/wp\/v2\/types\/product"}],"replies":[{"embeddable":true,"href":"https:\/\/happyinaknit.com\/lt\/wp-json\/wp\/v2\/comments?post=6684"}],"wp:featuredmedia":[{"embeddable":true,"href":"https:\/\/happyinaknit.com\/lt\/wp-json\/wp\/v2\/media\/6687"}],"wp:attachment":[{"href":"https:\/\/happyinaknit.com\/lt\/wp-json\/wp\/v2\/media?parent=6684"}],"wp:term":[{"taxonomy":"product_brand","embeddable":true,"href":"https:\/\/happyinaknit.com\/lt\/wp-json\/wp\/v2\/product_brand?post=6684"},{"taxonomy":"product_cat","embeddable":true,"href":"https:\/\/happyinaknit.com\/lt\/wp-json\/wp\/v2\/product_cat?post=6684"},{"taxonomy":"product_tag","embeddable":true,"href":"https:\/\/happyinaknit.com\/lt\/wp-json\/wp\/v2\/product_tag?post=6684"},{"taxonomy":"pro-kategorijos","embeddable":true,"href":"https:\/\/happyinaknit.com\/lt\/wp-json\/wp\/v2\/pro-kategorijos?post=6684"}],"curies":[{"name":"wp","href":"https:\/\/api.w.org\/{rel}","templated":true}]}}