{"id":6681,"date":"2025-10-19T19:01:07","date_gmt":"2025-10-19T19:01:07","guid":{"rendered":"https:\/\/happyinaknit.com\/?post_type=product&#038;p=6681"},"modified":"2025-10-19T19:01:07","modified_gmt":"2025-10-19T19:01:07","slug":"chiaogoo-twist-short-combo-blue-trumpu-prisukamu-virbalu-rinkinys","status":"publish","type":"product","link":"https:\/\/happyinaknit.com\/lt\/produktas\/chiaogoo-twist-short-combo-blue-trumpu-prisukamu-virbalu-rinkinys\/","title":{"rendered":"ChiaoGoo TWIST Short Combo Blue Trump\u0173 Prisukam\u0173 Virbal\u0173 Rinkinys"},"content":{"rendered":"<p>Kompakti\u0161kas <b>ChiaoGoo TWIST Short Combo Blue<\/b> rinkinys \u2013 idealus pasirinkimas mezgant <b>ma\u017eus apvalius gaminius<\/b>, tokius kaip rankov\u0117s, kepur\u0117s, kaklo apykakl\u0117s, vaiki\u0161ki drabu\u017e\u0117liai ar kojin\u0117s. \u0160is rinkinys yra <b>puiki alternatyva kojininiams virbalams<\/b>, u\u017etikrinanti patogum\u0105 ir tikslum\u0105 net ma\u017eiausiose detal\u0117se.<\/p>\n<p>Rinkinyje esan\u010dios <b>m\u0117lynos X-Flex<\/b> serijos valai yra ypa\u010d lankst\u016bs ir patvar\u016bs, o trumpi metaliniai virbalai suteikia puik\u0173 valdym\u0105 bei lengv\u0105 slydim\u0105.<\/p>\n<p>Pagaminta JAV.<\/p>\n<p><b>Komplekte:<\/b><b><\/b><\/p>\n<p>\u20221 pora virbal\u0173 po 5 cm,<\/p>\n<p>\u20221 pora virbal\u0173 po 8 cm,<\/p>\n<p>\u20222 valai (13 cm ir 15 cm) \u2013 bendra ilgis nuo 23 iki 31 cm,<\/p>\n<p>\u20222 rakteliai jung\u010di\u0173 tvirtinimui.<\/p>\n<p><b>Med\u017eiaga:<\/b> chirurginis plienas<\/p>\n<p><b>Valo tipas:<\/b> TWIST Blue X-Flex (ypa\u010d lankstus)<\/p>\n<p><b>Pastaba:<\/b> spalv\u0173 atspalviai gali \u0161iek tiek skirtis priklausomai nuo \u012frenginio ekrano.<\/p>\n","protected":false},"excerpt":{"rendered":"<p>Kompakti\u0161kas ChiaoGoo TWIST Short Combo Blue rinkinys \u2013 idealus pasirinkimas mezgant ma\u017eus apvalius gaminius, tokius kaip rankov\u0117s, kepur\u0117s, kaklo apykakl\u0117s, vaiki\u0161ki drabu\u017e\u0117liai ar kojin\u0117s. \u0160is rinkinys yra puiki alternatyva kojininiams virbalams, u\u017etikrinanti patogum\u0105 ir tikslum\u0105 net ma\u017eiausiose detal\u0117se. Rinkinyje esan\u010dios m\u0117lynos X-Flex serijos valai yra ypa\u010d lankst\u016bs ir patvar\u016bs, o trumpi metaliniai virbalai suteikia puik\u0173 [&hellip;]<\/p>\n","protected":false},"featured_media":6682,"comment_status":"open","ping_status":"closed","template":"","meta":{"_acf_changed":false},"product_brand":[166],"product_cat":[15,19,863,861],"product_tag":[],"pro-kategorijos":[],"class_list":{"0":"post-6681","1":"product","2":"type-product","3":"status-publish","4":"has-post-thumbnail","6":"product_brand-chiaogoo","7":"product_cat-visi-produktai","8":"product_cat-mezgimo-priemones","9":"product_cat-prisukami-virbalai","10":"product_cat-virbalu-rinkiniai","12":"first","13":"instock","14":"shipping-taxable","15":"purchasable","16":"product-type-variable"},"acf":[],"yoast_head":"<!-- This site is optimized with the Yoast SEO plugin v26.8 - https:\/\/yoast.com\/product\/yoast-seo-wordpress\/ -->\n<title>ChiaoGoo TWIST Short Combo Blue Trump\u0173 Prisukam\u0173 Virbal\u0173 Rinkinys - Happyinaknit.com<\/title>\n<meta name=\"robots\" content=\"index, follow, max-snippet:-1, max-image-preview:large, max-video-preview:-1\" \/>\n<link rel=\"canonical\" href=\"https:\/\/happyinaknit.com\/lt\/produktas\/chiaogoo-twist-short-combo-blue-trumpu-prisukamu-virbalu-rinkinys\/\" \/>\n<meta property=\"og:locale\" content=\"lt_LT\" \/>\n<meta property=\"og:type\" content=\"article\" \/>\n<meta property=\"og:title\" content=\"ChiaoGoo TWIST Short Combo Blue Trump\u0173 Prisukam\u0173 Virbal\u0173 Rinkinys - Happyinaknit.com\" \/>\n<meta property=\"og:description\" content=\"Kompakti\u0161kas ChiaoGoo TWIST Short Combo Blue rinkinys \u2013 idealus pasirinkimas mezgant ma\u017eus apvalius gaminius, tokius kaip rankov\u0117s, kepur\u0117s, kaklo apykakl\u0117s, vaiki\u0161ki drabu\u017e\u0117liai ar kojin\u0117s. \u0160is rinkinys yra puiki alternatyva kojininiams virbalams, u\u017etikrinanti patogum\u0105 ir tikslum\u0105 net ma\u017eiausiose detal\u0117se. Rinkinyje esan\u010dios m\u0117lynos X-Flex serijos valai yra ypa\u010d lankst\u016bs ir patvar\u016bs, o trumpi metaliniai virbalai suteikia puik\u0173 [&hellip;]\" \/>\n<meta property=\"og:url\" content=\"https:\/\/happyinaknit.com\/lt\/produktas\/chiaogoo-twist-short-combo-blue-trumpu-prisukamu-virbalu-rinkinys\/\" \/>\n<meta property=\"og:site_name\" content=\"Happyinaknit.com\" \/>\n<meta property=\"og:image\" content=\"https:\/\/happyinaknit.com\/wp-content\/uploads\/2025\/10\/cmb.png\" \/>\n\t<meta property=\"og:image:width\" content=\"443\" \/>\n\t<meta property=\"og:image:height\" content=\"491\" \/>\n\t<meta property=\"og:image:type\" content=\"image\/png\" \/>\n<meta name=\"twitter:card\" content=\"summary_large_image\" \/>\n<meta name=\"twitter:label1\" content=\"Est. reading time\" \/>\n\t<meta name=\"twitter:data1\" content=\"1 minut\u0117\" \/>\n<script type=\"application\/ld+json\" class=\"yoast-schema-graph\">{\"@context\":\"https:\/\/schema.org\",\"@graph\":[{\"@type\":\"WebPage\",\"@id\":\"https:\/\/happyinaknit.com\/produktas\/chiaogoo-twist-short-combo-blue-trumpu-prisukamu-virbalu-rinkinys\/\",\"url\":\"https:\/\/happyinaknit.com\/produktas\/chiaogoo-twist-short-combo-blue-trumpu-prisukamu-virbalu-rinkinys\/\",\"name\":\"ChiaoGoo TWIST Short Combo Blue Trump\u0173 Prisukam\u0173 Virbal\u0173 Rinkinys - Happyinaknit.com\",\"isPartOf\":{\"@id\":\"https:\/\/happyinaknit.com\/lt\/#website\"},\"primaryImageOfPage\":{\"@id\":\"https:\/\/happyinaknit.com\/produktas\/chiaogoo-twist-short-combo-blue-trumpu-prisukamu-virbalu-rinkinys\/#primaryimage\"},\"image\":{\"@id\":\"https:\/\/happyinaknit.com\/produktas\/chiaogoo-twist-short-combo-blue-trumpu-prisukamu-virbalu-rinkinys\/#primaryimage\"},\"thumbnailUrl\":\"https:\/\/happyinaknit.com\/wp-content\/uploads\/2025\/10\/cmb.png\",\"datePublished\":\"2025-10-19T19:01:07+00:00\",\"breadcrumb\":{\"@id\":\"https:\/\/happyinaknit.com\/produktas\/chiaogoo-twist-short-combo-blue-trumpu-prisukamu-virbalu-rinkinys\/#breadcrumb\"},\"inLanguage\":\"lt-LT\",\"potentialAction\":[{\"@type\":\"ReadAction\",\"target\":[\"https:\/\/happyinaknit.com\/produktas\/chiaogoo-twist-short-combo-blue-trumpu-prisukamu-virbalu-rinkinys\/\"]}]},{\"@type\":\"ImageObject\",\"inLanguage\":\"lt-LT\",\"@id\":\"https:\/\/happyinaknit.com\/produktas\/chiaogoo-twist-short-combo-blue-trumpu-prisukamu-virbalu-rinkinys\/#primaryimage\",\"url\":\"https:\/\/happyinaknit.com\/wp-content\/uploads\/2025\/10\/cmb.png\",\"contentUrl\":\"https:\/\/happyinaknit.com\/wp-content\/uploads\/2025\/10\/cmb.png\",\"width\":443,\"height\":491},{\"@type\":\"BreadcrumbList\",\"@id\":\"https:\/\/happyinaknit.com\/produktas\/chiaogoo-twist-short-combo-blue-trumpu-prisukamu-virbalu-rinkinys\/#breadcrumb\",\"itemListElement\":[{\"@type\":\"ListItem\",\"position\":1,\"name\":\"Home\",\"item\":\"https:\/\/happyinaknit.com\/lt\/\"},{\"@type\":\"ListItem\",\"position\":2,\"name\":\"Parduotuv\u0117\",\"item\":\"https:\/\/happyinaknit.com\/lt\/parduotuve\/\"},{\"@type\":\"ListItem\",\"position\":3,\"name\":\"ChiaoGoo TWIST Short Combo Blue Trump\u0173 Prisukam\u0173 Virbal\u0173 Rinkinys\"}]},{\"@type\":\"WebSite\",\"@id\":\"https:\/\/happyinaknit.com\/lt\/#website\",\"url\":\"https:\/\/happyinaknit.com\/lt\/\",\"name\":\"Happyinaknit.com\",\"description\":\"\",\"potentialAction\":[{\"@type\":\"SearchAction\",\"target\":{\"@type\":\"EntryPoint\",\"urlTemplate\":\"https:\/\/happyinaknit.com\/lt\/?s={search_term_string}\"},\"query-input\":{\"@type\":\"PropertyValueSpecification\",\"valueRequired\":true,\"valueName\":\"search_term_string\"}}],\"inLanguage\":\"lt-LT\"}]}<\/script>\n<!-- \/ Yoast SEO plugin. -->","yoast_head_json":{"title":"ChiaoGoo TWIST Short Combo Blue Trump\u0173 Prisukam\u0173 Virbal\u0173 Rinkinys - Happyinaknit.com","robots":{"index":"index","follow":"follow","max-snippet":"max-snippet:-1","max-image-preview":"max-image-preview:large","max-video-preview":"max-video-preview:-1"},"canonical":"https:\/\/happyinaknit.com\/lt\/produktas\/chiaogoo-twist-short-combo-blue-trumpu-prisukamu-virbalu-rinkinys\/","og_locale":"lt_LT","og_type":"article","og_title":"ChiaoGoo TWIST Short Combo Blue Trump\u0173 Prisukam\u0173 Virbal\u0173 Rinkinys - Happyinaknit.com","og_description":"Kompakti\u0161kas ChiaoGoo TWIST Short Combo Blue rinkinys \u2013 idealus pasirinkimas mezgant ma\u017eus apvalius gaminius, tokius kaip rankov\u0117s, kepur\u0117s, kaklo apykakl\u0117s, vaiki\u0161ki drabu\u017e\u0117liai ar kojin\u0117s. \u0160is rinkinys yra puiki alternatyva kojininiams virbalams, u\u017etikrinanti patogum\u0105 ir tikslum\u0105 net ma\u017eiausiose detal\u0117se. Rinkinyje esan\u010dios m\u0117lynos X-Flex serijos valai yra ypa\u010d lankst\u016bs ir patvar\u016bs, o trumpi metaliniai virbalai suteikia puik\u0173 [&hellip;]","og_url":"https:\/\/happyinaknit.com\/lt\/produktas\/chiaogoo-twist-short-combo-blue-trumpu-prisukamu-virbalu-rinkinys\/","og_site_name":"Happyinaknit.com","og_image":[{"width":443,"height":491,"url":"https:\/\/happyinaknit.com\/wp-content\/uploads\/2025\/10\/cmb.png","type":"image\/png"}],"twitter_card":"summary_large_image","twitter_misc":{"Est. reading time":"1 minut\u0117"},"schema":{"@context":"https:\/\/schema.org","@graph":[{"@type":"WebPage","@id":"https:\/\/happyinaknit.com\/produktas\/chiaogoo-twist-short-combo-blue-trumpu-prisukamu-virbalu-rinkinys\/","url":"https:\/\/happyinaknit.com\/produktas\/chiaogoo-twist-short-combo-blue-trumpu-prisukamu-virbalu-rinkinys\/","name":"ChiaoGoo TWIST Short Combo Blue Trump\u0173 Prisukam\u0173 Virbal\u0173 Rinkinys - Happyinaknit.com","isPartOf":{"@id":"https:\/\/happyinaknit.com\/lt\/#website"},"primaryImageOfPage":{"@id":"https:\/\/happyinaknit.com\/produktas\/chiaogoo-twist-short-combo-blue-trumpu-prisukamu-virbalu-rinkinys\/#primaryimage"},"image":{"@id":"https:\/\/happyinaknit.com\/produktas\/chiaogoo-twist-short-combo-blue-trumpu-prisukamu-virbalu-rinkinys\/#primaryimage"},"thumbnailUrl":"https:\/\/happyinaknit.com\/wp-content\/uploads\/2025\/10\/cmb.png","datePublished":"2025-10-19T19:01:07+00:00","breadcrumb":{"@id":"https:\/\/happyinaknit.com\/produktas\/chiaogoo-twist-short-combo-blue-trumpu-prisukamu-virbalu-rinkinys\/#breadcrumb"},"inLanguage":"lt-LT","potentialAction":[{"@type":"ReadAction","target":["https:\/\/happyinaknit.com\/produktas\/chiaogoo-twist-short-combo-blue-trumpu-prisukamu-virbalu-rinkinys\/"]}]},{"@type":"ImageObject","inLanguage":"lt-LT","@id":"https:\/\/happyinaknit.com\/produktas\/chiaogoo-twist-short-combo-blue-trumpu-prisukamu-virbalu-rinkinys\/#primaryimage","url":"https:\/\/happyinaknit.com\/wp-content\/uploads\/2025\/10\/cmb.png","contentUrl":"https:\/\/happyinaknit.com\/wp-content\/uploads\/2025\/10\/cmb.png","width":443,"height":491},{"@type":"BreadcrumbList","@id":"https:\/\/happyinaknit.com\/produktas\/chiaogoo-twist-short-combo-blue-trumpu-prisukamu-virbalu-rinkinys\/#breadcrumb","itemListElement":[{"@type":"ListItem","position":1,"name":"Home","item":"https:\/\/happyinaknit.com\/lt\/"},{"@type":"ListItem","position":2,"name":"Parduotuv\u0117","item":"https:\/\/happyinaknit.com\/lt\/parduotuve\/"},{"@type":"ListItem","position":3,"name":"ChiaoGoo TWIST Short Combo Blue Trump\u0173 Prisukam\u0173 Virbal\u0173 Rinkinys"}]},{"@type":"WebSite","@id":"https:\/\/happyinaknit.com\/lt\/#website","url":"https:\/\/happyinaknit.com\/lt\/","name":"Happyinaknit.com","description":"","potentialAction":[{"@type":"SearchAction","target":{"@type":"EntryPoint","urlTemplate":"https:\/\/happyinaknit.com\/lt\/?s={search_term_string}"},"query-input":{"@type":"PropertyValueSpecification","valueRequired":true,"valueName":"search_term_string"}}],"inLanguage":"lt-LT"}]}},"_links":{"self":[{"href":"https:\/\/happyinaknit.com\/lt\/wp-json\/wp\/v2\/product\/6681","targetHints":{"allow":["GET"]}}],"collection":[{"href":"https:\/\/happyinaknit.com\/lt\/wp-json\/wp\/v2\/product"}],"about":[{"href":"https:\/\/happyinaknit.com\/lt\/wp-json\/wp\/v2\/types\/product"}],"replies":[{"embeddable":true,"href":"https:\/\/happyinaknit.com\/lt\/wp-json\/wp\/v2\/comments?post=6681"}],"wp:featuredmedia":[{"embeddable":true,"href":"https:\/\/happyinaknit.com\/lt\/wp-json\/wp\/v2\/media\/6682"}],"wp:attachment":[{"href":"https:\/\/happyinaknit.com\/lt\/wp-json\/wp\/v2\/media?parent=6681"}],"wp:term":[{"taxonomy":"product_brand","embeddable":true,"href":"https:\/\/happyinaknit.com\/lt\/wp-json\/wp\/v2\/product_brand?post=6681"},{"taxonomy":"product_cat","embeddable":true,"href":"https:\/\/happyinaknit.com\/lt\/wp-json\/wp\/v2\/product_cat?post=6681"},{"taxonomy":"product_tag","embeddable":true,"href":"https:\/\/happyinaknit.com\/lt\/wp-json\/wp\/v2\/product_tag?post=6681"},{"taxonomy":"pro-kategorijos","embeddable":true,"href":"https:\/\/happyinaknit.com\/lt\/wp-json\/wp\/v2\/pro-kategorijos?post=6681"}],"curies":[{"name":"wp","href":"https:\/\/api.w.org\/{rel}","templated":true}]}}