{"id":6668,"date":"2025-10-19T16:52:32","date_gmt":"2025-10-19T16:52:32","guid":{"rendered":"https:\/\/happyinaknit.com\/?post_type=product&#038;p=6668"},"modified":"2026-03-26T14:43:43","modified_gmt":"2026-03-26T14:43:43","slug":"knitpro-karbonz-kojininiai-virbalai-15-cm","status":"publish","type":"product","link":"https:\/\/happyinaknit.com\/lt\/produktas\/knitpro-karbonz-kojininiai-virbalai-15-cm\/","title":{"rendered":"KnitPro Karbonz  Kojininiai Virbalai 15 cm"},"content":{"rendered":"<p>Auk\u0161tos kokyb\u0117s <b>KnitPro Karbonz<\/b> kojininiai virbalai \u2013 tai inovatyvus derinys i\u0161 <b>anglies pluo\u0161to<\/b> ir <b>metalini\u0173 antgali\u0173<\/b>. Anglies pluo\u0161tas suteikia virbalams ypating\u0105 lengvum\u0105 ir tvirtum\u0105, o a\u0161tr\u016bs metaliniai galiukai leid\u017eia lengvai pagauti si\u016bl\u0105, tod\u0117l mezgimas tampa sklandus ir tikslus.<\/p>\n<p>\u0160ie virbalai \u2013 m\u0117gstamiausias pasirinkimas patyrusiems mezg\u0117jams, vertinantiems kokyb\u0119 ir patogum\u0105.<\/p>\n<p>Pagaminta Indijoje.<\/p>\n<p><b>Med\u017eiaga:<\/b> anglies pluo\u0161tas + metaliniai antgaliai<\/p>\n<p><b>Virbalo ilgis:<\/b> 15 cm<\/p>\n<p><b>Kiekis rinkinyje:<\/b> 5 virbalai<\/p>\n<p><b>Ypatyb\u0117s:<\/b> lengvi, tvirti, glotn\u016bs, a\u0161tr\u016bs galiukai, ergonomi\u0161ki<\/p>\n<p><b>Pastaba:<\/b> spalv\u0173 atspalviai gali \u0161iek tiek skirtis priklausomai nuo \u012frenginio ekrano.<\/p>\n","protected":false},"excerpt":{"rendered":"<p>Auk\u0161tos kokyb\u0117s KnitPro Karbonz kojininiai virbalai \u2013 tai inovatyvus derinys i\u0161 anglies pluo\u0161to ir metalini\u0173 antgali\u0173. Anglies pluo\u0161tas suteikia virbalams ypating\u0105 lengvum\u0105 ir tvirtum\u0105, o a\u0161tr\u016bs metaliniai galiukai leid\u017eia lengvai pagauti si\u016bl\u0105, tod\u0117l mezgimas tampa sklandus ir tikslus. \u0160ie virbalai \u2013 m\u0117gstamiausias pasirinkimas patyrusiems mezg\u0117jams, vertinantiems kokyb\u0119 ir patogum\u0105. Pagaminta Indijoje. Med\u017eiaga: anglies pluo\u0161tas + [&hellip;]<\/p>\n","protected":false},"featured_media":6670,"comment_status":"open","ping_status":"closed","template":"","meta":{"_acf_changed":false},"product_brand":[1069],"product_cat":[15,19,865],"product_tag":[],"pro-kategorijos":[],"class_list":{"0":"post-6668","1":"product","2":"type-product","3":"status-publish","4":"has-post-thumbnail","6":"product_brand-knitpro","7":"product_cat-visi-produktai","8":"product_cat-mezgimo-priemones","9":"product_cat-virbalai-kojinems","11":"first","12":"instock","13":"shipping-taxable","14":"purchasable","15":"product-type-variable"},"acf":[],"yoast_head":"<!-- This site is optimized with the Yoast SEO plugin v26.8 - https:\/\/yoast.com\/product\/yoast-seo-wordpress\/ -->\n<title>KnitPro Karbonz Kojininiai Virbalai 15 cm - Happyinaknit.com<\/title>\n<meta name=\"robots\" content=\"index, follow, max-snippet:-1, max-image-preview:large, max-video-preview:-1\" \/>\n<link rel=\"canonical\" href=\"https:\/\/happyinaknit.com\/lt\/produktas\/knitpro-karbonz-kojininiai-virbalai-15-cm\/\" \/>\n<meta property=\"og:locale\" content=\"lt_LT\" \/>\n<meta property=\"og:type\" content=\"article\" \/>\n<meta property=\"og:title\" content=\"KnitPro Karbonz Kojininiai Virbalai 15 cm - Happyinaknit.com\" \/>\n<meta property=\"og:description\" content=\"Auk\u0161tos kokyb\u0117s KnitPro Karbonz kojininiai virbalai \u2013 tai inovatyvus derinys i\u0161 anglies pluo\u0161to ir metalini\u0173 antgali\u0173. Anglies pluo\u0161tas suteikia virbalams ypating\u0105 lengvum\u0105 ir tvirtum\u0105, o a\u0161tr\u016bs metaliniai galiukai leid\u017eia lengvai pagauti si\u016bl\u0105, tod\u0117l mezgimas tampa sklandus ir tikslus. \u0160ie virbalai \u2013 m\u0117gstamiausias pasirinkimas patyrusiems mezg\u0117jams, vertinantiems kokyb\u0119 ir patogum\u0105. Pagaminta Indijoje. Med\u017eiaga: anglies pluo\u0161tas + [&hellip;]\" \/>\n<meta property=\"og:url\" content=\"https:\/\/happyinaknit.com\/lt\/produktas\/knitpro-karbonz-kojininiai-virbalai-15-cm\/\" \/>\n<meta property=\"og:site_name\" content=\"Happyinaknit.com\" \/>\n<meta property=\"article:modified_time\" content=\"2026-03-26T14:43:43+00:00\" \/>\n<meta property=\"og:image\" content=\"https:\/\/happyinaknit.com\/wp-content\/uploads\/2025\/10\/s-l120023.png\" \/>\n\t<meta property=\"og:image:width\" content=\"1200\" \/>\n\t<meta property=\"og:image:height\" content=\"1200\" \/>\n\t<meta property=\"og:image:type\" content=\"image\/png\" \/>\n<meta name=\"twitter:card\" content=\"summary_large_image\" \/>\n<script type=\"application\/ld+json\" class=\"yoast-schema-graph\">{\"@context\":\"https:\/\/schema.org\",\"@graph\":[{\"@type\":\"WebPage\",\"@id\":\"https:\/\/happyinaknit.com\/produktas\/knitpro-karbonz-kojininiai-virbalai-15-cm\/\",\"url\":\"https:\/\/happyinaknit.com\/produktas\/knitpro-karbonz-kojininiai-virbalai-15-cm\/\",\"name\":\"KnitPro Karbonz Kojininiai Virbalai 15 cm - Happyinaknit.com\",\"isPartOf\":{\"@id\":\"https:\/\/happyinaknit.com\/lt\/#website\"},\"primaryImageOfPage\":{\"@id\":\"https:\/\/happyinaknit.com\/produktas\/knitpro-karbonz-kojininiai-virbalai-15-cm\/#primaryimage\"},\"image\":{\"@id\":\"https:\/\/happyinaknit.com\/produktas\/knitpro-karbonz-kojininiai-virbalai-15-cm\/#primaryimage\"},\"thumbnailUrl\":\"https:\/\/happyinaknit.com\/wp-content\/uploads\/2025\/10\/s-l120023.png\",\"datePublished\":\"2025-10-19T16:52:32+00:00\",\"dateModified\":\"2026-03-26T14:43:43+00:00\",\"breadcrumb\":{\"@id\":\"https:\/\/happyinaknit.com\/produktas\/knitpro-karbonz-kojininiai-virbalai-15-cm\/#breadcrumb\"},\"inLanguage\":\"lt-LT\",\"potentialAction\":[{\"@type\":\"ReadAction\",\"target\":[\"https:\/\/happyinaknit.com\/produktas\/knitpro-karbonz-kojininiai-virbalai-15-cm\/\"]}]},{\"@type\":\"ImageObject\",\"inLanguage\":\"lt-LT\",\"@id\":\"https:\/\/happyinaknit.com\/produktas\/knitpro-karbonz-kojininiai-virbalai-15-cm\/#primaryimage\",\"url\":\"https:\/\/happyinaknit.com\/wp-content\/uploads\/2025\/10\/s-l120023.png\",\"contentUrl\":\"https:\/\/happyinaknit.com\/wp-content\/uploads\/2025\/10\/s-l120023.png\",\"width\":1200,\"height\":1200},{\"@type\":\"BreadcrumbList\",\"@id\":\"https:\/\/happyinaknit.com\/produktas\/knitpro-karbonz-kojininiai-virbalai-15-cm\/#breadcrumb\",\"itemListElement\":[{\"@type\":\"ListItem\",\"position\":1,\"name\":\"Home\",\"item\":\"https:\/\/happyinaknit.com\/lt\/\"},{\"@type\":\"ListItem\",\"position\":2,\"name\":\"Parduotuv\u0117\",\"item\":\"https:\/\/happyinaknit.com\/lt\/parduotuve\/\"},{\"@type\":\"ListItem\",\"position\":3,\"name\":\"KnitPro Karbonz Kojininiai Virbalai 15 cm\"}]},{\"@type\":\"WebSite\",\"@id\":\"https:\/\/happyinaknit.com\/lt\/#website\",\"url\":\"https:\/\/happyinaknit.com\/lt\/\",\"name\":\"Happyinaknit.com\",\"description\":\"\",\"potentialAction\":[{\"@type\":\"SearchAction\",\"target\":{\"@type\":\"EntryPoint\",\"urlTemplate\":\"https:\/\/happyinaknit.com\/lt\/?s={search_term_string}\"},\"query-input\":{\"@type\":\"PropertyValueSpecification\",\"valueRequired\":true,\"valueName\":\"search_term_string\"}}],\"inLanguage\":\"lt-LT\"}]}<\/script>\n<!-- \/ Yoast SEO plugin. -->","yoast_head_json":{"title":"KnitPro Karbonz Kojininiai Virbalai 15 cm - Happyinaknit.com","robots":{"index":"index","follow":"follow","max-snippet":"max-snippet:-1","max-image-preview":"max-image-preview:large","max-video-preview":"max-video-preview:-1"},"canonical":"https:\/\/happyinaknit.com\/lt\/produktas\/knitpro-karbonz-kojininiai-virbalai-15-cm\/","og_locale":"lt_LT","og_type":"article","og_title":"KnitPro Karbonz Kojininiai Virbalai 15 cm - Happyinaknit.com","og_description":"Auk\u0161tos kokyb\u0117s KnitPro Karbonz kojininiai virbalai \u2013 tai inovatyvus derinys i\u0161 anglies pluo\u0161to ir metalini\u0173 antgali\u0173. Anglies pluo\u0161tas suteikia virbalams ypating\u0105 lengvum\u0105 ir tvirtum\u0105, o a\u0161tr\u016bs metaliniai galiukai leid\u017eia lengvai pagauti si\u016bl\u0105, tod\u0117l mezgimas tampa sklandus ir tikslus. \u0160ie virbalai \u2013 m\u0117gstamiausias pasirinkimas patyrusiems mezg\u0117jams, vertinantiems kokyb\u0119 ir patogum\u0105. Pagaminta Indijoje. Med\u017eiaga: anglies pluo\u0161tas + [&hellip;]","og_url":"https:\/\/happyinaknit.com\/lt\/produktas\/knitpro-karbonz-kojininiai-virbalai-15-cm\/","og_site_name":"Happyinaknit.com","article_modified_time":"2026-03-26T14:43:43+00:00","og_image":[{"width":1200,"height":1200,"url":"https:\/\/happyinaknit.com\/wp-content\/uploads\/2025\/10\/s-l120023.png","type":"image\/png"}],"twitter_card":"summary_large_image","schema":{"@context":"https:\/\/schema.org","@graph":[{"@type":"WebPage","@id":"https:\/\/happyinaknit.com\/produktas\/knitpro-karbonz-kojininiai-virbalai-15-cm\/","url":"https:\/\/happyinaknit.com\/produktas\/knitpro-karbonz-kojininiai-virbalai-15-cm\/","name":"KnitPro Karbonz Kojininiai Virbalai 15 cm - Happyinaknit.com","isPartOf":{"@id":"https:\/\/happyinaknit.com\/lt\/#website"},"primaryImageOfPage":{"@id":"https:\/\/happyinaknit.com\/produktas\/knitpro-karbonz-kojininiai-virbalai-15-cm\/#primaryimage"},"image":{"@id":"https:\/\/happyinaknit.com\/produktas\/knitpro-karbonz-kojininiai-virbalai-15-cm\/#primaryimage"},"thumbnailUrl":"https:\/\/happyinaknit.com\/wp-content\/uploads\/2025\/10\/s-l120023.png","datePublished":"2025-10-19T16:52:32+00:00","dateModified":"2026-03-26T14:43:43+00:00","breadcrumb":{"@id":"https:\/\/happyinaknit.com\/produktas\/knitpro-karbonz-kojininiai-virbalai-15-cm\/#breadcrumb"},"inLanguage":"lt-LT","potentialAction":[{"@type":"ReadAction","target":["https:\/\/happyinaknit.com\/produktas\/knitpro-karbonz-kojininiai-virbalai-15-cm\/"]}]},{"@type":"ImageObject","inLanguage":"lt-LT","@id":"https:\/\/happyinaknit.com\/produktas\/knitpro-karbonz-kojininiai-virbalai-15-cm\/#primaryimage","url":"https:\/\/happyinaknit.com\/wp-content\/uploads\/2025\/10\/s-l120023.png","contentUrl":"https:\/\/happyinaknit.com\/wp-content\/uploads\/2025\/10\/s-l120023.png","width":1200,"height":1200},{"@type":"BreadcrumbList","@id":"https:\/\/happyinaknit.com\/produktas\/knitpro-karbonz-kojininiai-virbalai-15-cm\/#breadcrumb","itemListElement":[{"@type":"ListItem","position":1,"name":"Home","item":"https:\/\/happyinaknit.com\/lt\/"},{"@type":"ListItem","position":2,"name":"Parduotuv\u0117","item":"https:\/\/happyinaknit.com\/lt\/parduotuve\/"},{"@type":"ListItem","position":3,"name":"KnitPro Karbonz Kojininiai Virbalai 15 cm"}]},{"@type":"WebSite","@id":"https:\/\/happyinaknit.com\/lt\/#website","url":"https:\/\/happyinaknit.com\/lt\/","name":"Happyinaknit.com","description":"","potentialAction":[{"@type":"SearchAction","target":{"@type":"EntryPoint","urlTemplate":"https:\/\/happyinaknit.com\/lt\/?s={search_term_string}"},"query-input":{"@type":"PropertyValueSpecification","valueRequired":true,"valueName":"search_term_string"}}],"inLanguage":"lt-LT"}]}},"_links":{"self":[{"href":"https:\/\/happyinaknit.com\/lt\/wp-json\/wp\/v2\/product\/6668","targetHints":{"allow":["GET"]}}],"collection":[{"href":"https:\/\/happyinaknit.com\/lt\/wp-json\/wp\/v2\/product"}],"about":[{"href":"https:\/\/happyinaknit.com\/lt\/wp-json\/wp\/v2\/types\/product"}],"replies":[{"embeddable":true,"href":"https:\/\/happyinaknit.com\/lt\/wp-json\/wp\/v2\/comments?post=6668"}],"wp:featuredmedia":[{"embeddable":true,"href":"https:\/\/happyinaknit.com\/lt\/wp-json\/wp\/v2\/media\/6670"}],"wp:attachment":[{"href":"https:\/\/happyinaknit.com\/lt\/wp-json\/wp\/v2\/media?parent=6668"}],"wp:term":[{"taxonomy":"product_brand","embeddable":true,"href":"https:\/\/happyinaknit.com\/lt\/wp-json\/wp\/v2\/product_brand?post=6668"},{"taxonomy":"product_cat","embeddable":true,"href":"https:\/\/happyinaknit.com\/lt\/wp-json\/wp\/v2\/product_cat?post=6668"},{"taxonomy":"product_tag","embeddable":true,"href":"https:\/\/happyinaknit.com\/lt\/wp-json\/wp\/v2\/product_tag?post=6668"},{"taxonomy":"pro-kategorijos","embeddable":true,"href":"https:\/\/happyinaknit.com\/lt\/wp-json\/wp\/v2\/pro-kategorijos?post=6668"}],"curies":[{"name":"wp","href":"https:\/\/api.w.org\/{rel}","templated":true}]}}