{"id":6641,"date":"2025-10-19T16:14:24","date_gmt":"2025-10-19T16:14:24","guid":{"rendered":"https:\/\/happyinaknit.com\/?post_type=product&#038;p=6641"},"modified":"2025-10-28T13:13:27","modified_gmt":"2025-10-28T13:13:27","slug":"knitpro-drambliukas-liniuote-virbalu-dydziui-ir-tankumui-matuoti","status":"publish","type":"product","link":"https:\/\/happyinaknit.com\/lt\/produktas\/knitpro-drambliukas-liniuote-virbalu-dydziui-ir-tankumui-matuoti\/","title":{"rendered":"KnitPro \u201eDrambliukas\u201c  Liniuot\u0117 Virbal\u0173 Dyd\u017eiui Ir Tankumui Matuoti"},"content":{"rendered":"<p>\u017daisminga ir funkcionali <b>KnitPro \u201eDrambliukas\u201c<\/b> liniuot\u0117 \u2013 puikus \u012frankis kiekvienai mezg\u0117jai! Ji leid\u017eia <b>nustatyti virbal\u0173 dyd\u012f<\/b> ir <b>i\u0161matuoti mezgimo tankum\u0105<\/b>, o integruotas <b>si\u016bl\u0173 pjaustytuvas<\/b> suteikia dar daugiau patogumo darbui.<\/p>\n<p>Pagaminta i\u0161 tvirto plastiko su metaliniu pjovimo elementu, \u0161i liniuot\u0117 yra lengva, patvari ir maloni naudoti.<\/p>\n<p>Galimi du spalv\u0173 variantai \u2013 <b>ro\u017ein\u0117<\/b> ir <b>levand\u0173<\/b>.<\/p>\n<p>Pagaminta Indijoje.<\/p>\n<p><b>Med\u017eiaga:<\/b> plastikas + metalas<\/p>\n<p><b>Funkcijos:<\/b> virbal\u0173 dyd\u017eio matavimas, tankumo skai\u010diavimas, si\u016bl\u0173 pjaustytuvas<\/p>\n<p><b>Pastaba:<\/b> spalv\u0173 atspalviai gali \u0161iek tiek skirtis priklausomai nuo \u012frenginio ekrano.<\/p>\n","protected":false},"excerpt":{"rendered":"<p>\u017daisminga ir funkcionali KnitPro \u201eDrambliukas\u201c liniuot\u0117 \u2013 puikus \u012frankis kiekvienai mezg\u0117jai! Ji leid\u017eia nustatyti virbal\u0173 dyd\u012f ir i\u0161matuoti mezgimo tankum\u0105, o integruotas si\u016bl\u0173 pjaustytuvas suteikia dar daugiau patogumo darbui. Pagaminta i\u0161 tvirto plastiko su metaliniu pjovimo elementu, \u0161i liniuot\u0117 yra lengva, patvari ir maloni naudoti. Galimi du spalv\u0173 variantai \u2013 ro\u017ein\u0117 ir levand\u0173. Pagaminta Indijoje. [&hellip;]<\/p>\n","protected":false},"featured_media":6637,"comment_status":"open","ping_status":"closed","template":"","meta":{"_acf_changed":false},"product_brand":[1069],"product_cat":[15,92,20],"product_tag":[],"pro-kategorijos":[],"class_list":{"0":"post-6641","1":"product","2":"type-product","3":"status-publish","4":"has-post-thumbnail","6":"product_brand-knitpro","7":"product_cat-visi-produktai","8":"product_cat-matavimo-priemones","9":"product_cat-priedai-mezgimui","11":"first","12":"instock","13":"shipping-taxable","14":"purchasable","15":"product-type-variable"},"acf":[],"yoast_head":"<!-- This site is optimized with the Yoast SEO plugin v26.8 - https:\/\/yoast.com\/product\/yoast-seo-wordpress\/ -->\n<title>KnitPro \u201eDrambliukas\u201c Liniuot\u0117 Virbal\u0173 Dyd\u017eiui Ir Tankumui Matuoti - Happyinaknit.com<\/title>\n<meta name=\"robots\" content=\"index, follow, max-snippet:-1, max-image-preview:large, max-video-preview:-1\" \/>\n<link rel=\"canonical\" href=\"https:\/\/happyinaknit.com\/lt\/produktas\/knitpro-drambliukas-liniuote-virbalu-dydziui-ir-tankumui-matuoti\/\" \/>\n<meta property=\"og:locale\" content=\"lt_LT\" \/>\n<meta property=\"og:type\" content=\"article\" \/>\n<meta property=\"og:title\" content=\"KnitPro \u201eDrambliukas\u201c Liniuot\u0117 Virbal\u0173 Dyd\u017eiui Ir Tankumui Matuoti - Happyinaknit.com\" \/>\n<meta property=\"og:description\" content=\"\u017daisminga ir funkcionali KnitPro \u201eDrambliukas\u201c liniuot\u0117 \u2013 puikus \u012frankis kiekvienai mezg\u0117jai! Ji leid\u017eia nustatyti virbal\u0173 dyd\u012f ir i\u0161matuoti mezgimo tankum\u0105, o integruotas si\u016bl\u0173 pjaustytuvas suteikia dar daugiau patogumo darbui. Pagaminta i\u0161 tvirto plastiko su metaliniu pjovimo elementu, \u0161i liniuot\u0117 yra lengva, patvari ir maloni naudoti. Galimi du spalv\u0173 variantai \u2013 ro\u017ein\u0117 ir levand\u0173. Pagaminta Indijoje. [&hellip;]\" \/>\n<meta property=\"og:url\" content=\"https:\/\/happyinaknit.com\/lt\/produktas\/knitpro-drambliukas-liniuote-virbalu-dydziui-ir-tankumui-matuoti\/\" \/>\n<meta property=\"og:site_name\" content=\"Happyinaknit.com\" \/>\n<meta property=\"article:modified_time\" content=\"2025-10-28T13:13:27+00:00\" \/>\n<meta property=\"og:image\" content=\"https:\/\/happyinaknit.com\/wp-content\/uploads\/2025\/10\/knitters-pride-knitters-pride-needle-and-crochet-g.jpg\" \/>\n\t<meta property=\"og:image:width\" content=\"1652\" \/>\n\t<meta property=\"og:image:height\" content=\"1652\" \/>\n\t<meta property=\"og:image:type\" content=\"image\/jpeg\" \/>\n<meta name=\"twitter:card\" content=\"summary_large_image\" \/>\n<script type=\"application\/ld+json\" class=\"yoast-schema-graph\">{\"@context\":\"https:\/\/schema.org\",\"@graph\":[{\"@type\":\"WebPage\",\"@id\":\"https:\/\/happyinaknit.com\/produktas\/knitpro-drambliukas-liniuote-virbalu-dydziui-ir-tankumui-matuoti\/\",\"url\":\"https:\/\/happyinaknit.com\/produktas\/knitpro-drambliukas-liniuote-virbalu-dydziui-ir-tankumui-matuoti\/\",\"name\":\"KnitPro \u201eDrambliukas\u201c Liniuot\u0117 Virbal\u0173 Dyd\u017eiui Ir Tankumui Matuoti - Happyinaknit.com\",\"isPartOf\":{\"@id\":\"https:\/\/happyinaknit.com\/lt\/#website\"},\"primaryImageOfPage\":{\"@id\":\"https:\/\/happyinaknit.com\/produktas\/knitpro-drambliukas-liniuote-virbalu-dydziui-ir-tankumui-matuoti\/#primaryimage\"},\"image\":{\"@id\":\"https:\/\/happyinaknit.com\/produktas\/knitpro-drambliukas-liniuote-virbalu-dydziui-ir-tankumui-matuoti\/#primaryimage\"},\"thumbnailUrl\":\"https:\/\/happyinaknit.com\/wp-content\/uploads\/2025\/10\/knitters-pride-knitters-pride-needle-and-crochet-g.jpg\",\"datePublished\":\"2025-10-19T16:14:24+00:00\",\"dateModified\":\"2025-10-28T13:13:27+00:00\",\"breadcrumb\":{\"@id\":\"https:\/\/happyinaknit.com\/produktas\/knitpro-drambliukas-liniuote-virbalu-dydziui-ir-tankumui-matuoti\/#breadcrumb\"},\"inLanguage\":\"lt-LT\",\"potentialAction\":[{\"@type\":\"ReadAction\",\"target\":[\"https:\/\/happyinaknit.com\/produktas\/knitpro-drambliukas-liniuote-virbalu-dydziui-ir-tankumui-matuoti\/\"]}]},{\"@type\":\"ImageObject\",\"inLanguage\":\"lt-LT\",\"@id\":\"https:\/\/happyinaknit.com\/produktas\/knitpro-drambliukas-liniuote-virbalu-dydziui-ir-tankumui-matuoti\/#primaryimage\",\"url\":\"https:\/\/happyinaknit.com\/wp-content\/uploads\/2025\/10\/knitters-pride-knitters-pride-needle-and-crochet-g.jpg\",\"contentUrl\":\"https:\/\/happyinaknit.com\/wp-content\/uploads\/2025\/10\/knitters-pride-knitters-pride-needle-and-crochet-g.jpg\",\"width\":1652,\"height\":1652},{\"@type\":\"BreadcrumbList\",\"@id\":\"https:\/\/happyinaknit.com\/produktas\/knitpro-drambliukas-liniuote-virbalu-dydziui-ir-tankumui-matuoti\/#breadcrumb\",\"itemListElement\":[{\"@type\":\"ListItem\",\"position\":1,\"name\":\"Home\",\"item\":\"https:\/\/happyinaknit.com\/lt\/\"},{\"@type\":\"ListItem\",\"position\":2,\"name\":\"Parduotuv\u0117\",\"item\":\"https:\/\/happyinaknit.com\/lt\/parduotuve\/\"},{\"@type\":\"ListItem\",\"position\":3,\"name\":\"KnitPro \u201eDrambliukas\u201c Liniuot\u0117 Virbal\u0173 Dyd\u017eiui Ir Tankumui Matuoti\"}]},{\"@type\":\"WebSite\",\"@id\":\"https:\/\/happyinaknit.com\/lt\/#website\",\"url\":\"https:\/\/happyinaknit.com\/lt\/\",\"name\":\"Happyinaknit.com\",\"description\":\"\",\"potentialAction\":[{\"@type\":\"SearchAction\",\"target\":{\"@type\":\"EntryPoint\",\"urlTemplate\":\"https:\/\/happyinaknit.com\/lt\/?s={search_term_string}\"},\"query-input\":{\"@type\":\"PropertyValueSpecification\",\"valueRequired\":true,\"valueName\":\"search_term_string\"}}],\"inLanguage\":\"lt-LT\"}]}<\/script>\n<!-- \/ Yoast SEO plugin. -->","yoast_head_json":{"title":"KnitPro \u201eDrambliukas\u201c Liniuot\u0117 Virbal\u0173 Dyd\u017eiui Ir Tankumui Matuoti - Happyinaknit.com","robots":{"index":"index","follow":"follow","max-snippet":"max-snippet:-1","max-image-preview":"max-image-preview:large","max-video-preview":"max-video-preview:-1"},"canonical":"https:\/\/happyinaknit.com\/lt\/produktas\/knitpro-drambliukas-liniuote-virbalu-dydziui-ir-tankumui-matuoti\/","og_locale":"lt_LT","og_type":"article","og_title":"KnitPro \u201eDrambliukas\u201c Liniuot\u0117 Virbal\u0173 Dyd\u017eiui Ir Tankumui Matuoti - Happyinaknit.com","og_description":"\u017daisminga ir funkcionali KnitPro \u201eDrambliukas\u201c liniuot\u0117 \u2013 puikus \u012frankis kiekvienai mezg\u0117jai! Ji leid\u017eia nustatyti virbal\u0173 dyd\u012f ir i\u0161matuoti mezgimo tankum\u0105, o integruotas si\u016bl\u0173 pjaustytuvas suteikia dar daugiau patogumo darbui. Pagaminta i\u0161 tvirto plastiko su metaliniu pjovimo elementu, \u0161i liniuot\u0117 yra lengva, patvari ir maloni naudoti. Galimi du spalv\u0173 variantai \u2013 ro\u017ein\u0117 ir levand\u0173. Pagaminta Indijoje. [&hellip;]","og_url":"https:\/\/happyinaknit.com\/lt\/produktas\/knitpro-drambliukas-liniuote-virbalu-dydziui-ir-tankumui-matuoti\/","og_site_name":"Happyinaknit.com","article_modified_time":"2025-10-28T13:13:27+00:00","og_image":[{"width":1652,"height":1652,"url":"https:\/\/happyinaknit.com\/wp-content\/uploads\/2025\/10\/knitters-pride-knitters-pride-needle-and-crochet-g.jpg","type":"image\/jpeg"}],"twitter_card":"summary_large_image","schema":{"@context":"https:\/\/schema.org","@graph":[{"@type":"WebPage","@id":"https:\/\/happyinaknit.com\/produktas\/knitpro-drambliukas-liniuote-virbalu-dydziui-ir-tankumui-matuoti\/","url":"https:\/\/happyinaknit.com\/produktas\/knitpro-drambliukas-liniuote-virbalu-dydziui-ir-tankumui-matuoti\/","name":"KnitPro \u201eDrambliukas\u201c Liniuot\u0117 Virbal\u0173 Dyd\u017eiui Ir Tankumui Matuoti - Happyinaknit.com","isPartOf":{"@id":"https:\/\/happyinaknit.com\/lt\/#website"},"primaryImageOfPage":{"@id":"https:\/\/happyinaknit.com\/produktas\/knitpro-drambliukas-liniuote-virbalu-dydziui-ir-tankumui-matuoti\/#primaryimage"},"image":{"@id":"https:\/\/happyinaknit.com\/produktas\/knitpro-drambliukas-liniuote-virbalu-dydziui-ir-tankumui-matuoti\/#primaryimage"},"thumbnailUrl":"https:\/\/happyinaknit.com\/wp-content\/uploads\/2025\/10\/knitters-pride-knitters-pride-needle-and-crochet-g.jpg","datePublished":"2025-10-19T16:14:24+00:00","dateModified":"2025-10-28T13:13:27+00:00","breadcrumb":{"@id":"https:\/\/happyinaknit.com\/produktas\/knitpro-drambliukas-liniuote-virbalu-dydziui-ir-tankumui-matuoti\/#breadcrumb"},"inLanguage":"lt-LT","potentialAction":[{"@type":"ReadAction","target":["https:\/\/happyinaknit.com\/produktas\/knitpro-drambliukas-liniuote-virbalu-dydziui-ir-tankumui-matuoti\/"]}]},{"@type":"ImageObject","inLanguage":"lt-LT","@id":"https:\/\/happyinaknit.com\/produktas\/knitpro-drambliukas-liniuote-virbalu-dydziui-ir-tankumui-matuoti\/#primaryimage","url":"https:\/\/happyinaknit.com\/wp-content\/uploads\/2025\/10\/knitters-pride-knitters-pride-needle-and-crochet-g.jpg","contentUrl":"https:\/\/happyinaknit.com\/wp-content\/uploads\/2025\/10\/knitters-pride-knitters-pride-needle-and-crochet-g.jpg","width":1652,"height":1652},{"@type":"BreadcrumbList","@id":"https:\/\/happyinaknit.com\/produktas\/knitpro-drambliukas-liniuote-virbalu-dydziui-ir-tankumui-matuoti\/#breadcrumb","itemListElement":[{"@type":"ListItem","position":1,"name":"Home","item":"https:\/\/happyinaknit.com\/lt\/"},{"@type":"ListItem","position":2,"name":"Parduotuv\u0117","item":"https:\/\/happyinaknit.com\/lt\/parduotuve\/"},{"@type":"ListItem","position":3,"name":"KnitPro \u201eDrambliukas\u201c Liniuot\u0117 Virbal\u0173 Dyd\u017eiui Ir Tankumui Matuoti"}]},{"@type":"WebSite","@id":"https:\/\/happyinaknit.com\/lt\/#website","url":"https:\/\/happyinaknit.com\/lt\/","name":"Happyinaknit.com","description":"","potentialAction":[{"@type":"SearchAction","target":{"@type":"EntryPoint","urlTemplate":"https:\/\/happyinaknit.com\/lt\/?s={search_term_string}"},"query-input":{"@type":"PropertyValueSpecification","valueRequired":true,"valueName":"search_term_string"}}],"inLanguage":"lt-LT"}]}},"_links":{"self":[{"href":"https:\/\/happyinaknit.com\/lt\/wp-json\/wp\/v2\/product\/6641","targetHints":{"allow":["GET"]}}],"collection":[{"href":"https:\/\/happyinaknit.com\/lt\/wp-json\/wp\/v2\/product"}],"about":[{"href":"https:\/\/happyinaknit.com\/lt\/wp-json\/wp\/v2\/types\/product"}],"replies":[{"embeddable":true,"href":"https:\/\/happyinaknit.com\/lt\/wp-json\/wp\/v2\/comments?post=6641"}],"wp:featuredmedia":[{"embeddable":true,"href":"https:\/\/happyinaknit.com\/lt\/wp-json\/wp\/v2\/media\/6637"}],"wp:attachment":[{"href":"https:\/\/happyinaknit.com\/lt\/wp-json\/wp\/v2\/media?parent=6641"}],"wp:term":[{"taxonomy":"product_brand","embeddable":true,"href":"https:\/\/happyinaknit.com\/lt\/wp-json\/wp\/v2\/product_brand?post=6641"},{"taxonomy":"product_cat","embeddable":true,"href":"https:\/\/happyinaknit.com\/lt\/wp-json\/wp\/v2\/product_cat?post=6641"},{"taxonomy":"product_tag","embeddable":true,"href":"https:\/\/happyinaknit.com\/lt\/wp-json\/wp\/v2\/product_tag?post=6641"},{"taxonomy":"pro-kategorijos","embeddable":true,"href":"https:\/\/happyinaknit.com\/lt\/wp-json\/wp\/v2\/pro-kategorijos?post=6641"}],"curies":[{"name":"wp","href":"https:\/\/api.w.org\/{rel}","templated":true}]}}