{"id":6636,"date":"2025-10-19T16:12:13","date_gmt":"2025-10-19T16:12:13","guid":{"rendered":"https:\/\/happyinaknit.com\/?post_type=product&#038;p=6636"},"modified":"2025-10-28T13:13:57","modified_gmt":"2025-10-28T13:13:57","slug":"knitpro-nadelmass-liniuote-matuoklis-virbalu-dydziui","status":"publish","type":"product","link":"https:\/\/happyinaknit.com\/lt\/produktas\/knitpro-nadelmass-liniuote-matuoklis-virbalu-dydziui\/","title":{"rendered":"KnitPro Nadelmass  liniuot\u0117 \/ matuoklis virbal\u0173 dyd\u017eiui"},"content":{"rendered":"<p>Prakti\u0161ka <b>KnitPro Nadelmass<\/b> liniuot\u0117\u2013matuoklis \u2013 nepakei\u010diamas \u012frankis kiekvienai mezg\u0117jai! Ji padeda <b>nustatyti virbal\u0173 dyd\u012f<\/b>, kai ant j\u0173 jau nusitrynusi gamyklin\u0117 \u017eym\u0117jimo spalva ar numeris.<\/p>\n<p>Tiesiog \u012fstatykite virbal\u0105 \u012f atitinkam\u0105 skylut\u0119 \u2013 ir akimirksniu su\u017einosite jo tiksl\u0173 dyd\u012f milimetrais.<\/p>\n<p>Kompakti\u0161ka, lengva ir patogi pasiimti su savimi \u012f mezgimo kelion\u0119.<\/p>\n<p>Pagaminta Indijoje.<\/p>\n<p><b>Med\u017eiaga:<\/b> plastikas<\/p>\n<p><b>Funkcija:<\/b> virbal\u0173 dyd\u017eio matavimas<\/p>\n<p><b>Pastaba:<\/b> spalv\u0173 atspalviai gali \u0161iek tiek skirtis priklausomai nuo \u012frenginio ekrano.<\/p>\n","protected":false},"excerpt":{"rendered":"<p>Prakti\u0161ka KnitPro Nadelmass liniuot\u0117\u2013matuoklis \u2013 nepakei\u010diamas \u012frankis kiekvienai mezg\u0117jai! Ji padeda nustatyti virbal\u0173 dyd\u012f, kai ant j\u0173 jau nusitrynusi gamyklin\u0117 \u017eym\u0117jimo spalva ar numeris. Tiesiog \u012fstatykite virbal\u0105 \u012f atitinkam\u0105 skylut\u0119 \u2013 ir akimirksniu su\u017einosite jo tiksl\u0173 dyd\u012f milimetrais. Kompakti\u0161ka, lengva ir patogi pasiimti su savimi \u012f mezgimo kelion\u0119. Pagaminta Indijoje. Med\u017eiaga: plastikas Funkcija: virbal\u0173 dyd\u017eio [&hellip;]<\/p>\n","protected":false},"featured_media":6640,"comment_status":"open","ping_status":"closed","template":"","meta":{"_acf_changed":false},"product_brand":[1069],"product_cat":[15,92,20],"product_tag":[],"pro-kategorijos":[],"class_list":{"0":"post-6636","1":"product","2":"type-product","3":"status-publish","4":"has-post-thumbnail","6":"product_brand-knitpro","7":"product_cat-visi-produktai","8":"product_cat-matavimo-priemones","9":"product_cat-priedai-mezgimui","11":"first","12":"instock","13":"shipping-taxable","14":"purchasable","15":"product-type-simple"},"acf":[],"yoast_head":"<!-- This site is optimized with the Yoast SEO plugin v26.8 - https:\/\/yoast.com\/product\/yoast-seo-wordpress\/ -->\n<title>KnitPro Nadelmass liniuot\u0117 \/ matuoklis virbal\u0173 dyd\u017eiui - Happyinaknit.com<\/title>\n<meta name=\"robots\" content=\"index, follow, max-snippet:-1, max-image-preview:large, max-video-preview:-1\" \/>\n<link rel=\"canonical\" href=\"https:\/\/happyinaknit.com\/lt\/produktas\/knitpro-nadelmass-liniuote-matuoklis-virbalu-dydziui\/\" \/>\n<meta property=\"og:locale\" content=\"lt_LT\" \/>\n<meta property=\"og:type\" content=\"article\" \/>\n<meta property=\"og:title\" content=\"KnitPro Nadelmass liniuot\u0117 \/ matuoklis virbal\u0173 dyd\u017eiui - Happyinaknit.com\" \/>\n<meta property=\"og:description\" content=\"Prakti\u0161ka KnitPro Nadelmass liniuot\u0117\u2013matuoklis \u2013 nepakei\u010diamas \u012frankis kiekvienai mezg\u0117jai! Ji padeda nustatyti virbal\u0173 dyd\u012f, kai ant j\u0173 jau nusitrynusi gamyklin\u0117 \u017eym\u0117jimo spalva ar numeris. Tiesiog \u012fstatykite virbal\u0105 \u012f atitinkam\u0105 skylut\u0119 \u2013 ir akimirksniu su\u017einosite jo tiksl\u0173 dyd\u012f milimetrais. Kompakti\u0161ka, lengva ir patogi pasiimti su savimi \u012f mezgimo kelion\u0119. Pagaminta Indijoje. Med\u017eiaga: plastikas Funkcija: virbal\u0173 dyd\u017eio [&hellip;]\" \/>\n<meta property=\"og:url\" content=\"https:\/\/happyinaknit.com\/lt\/produktas\/knitpro-nadelmass-liniuote-matuoklis-virbalu-dydziui\/\" \/>\n<meta property=\"og:site_name\" content=\"Happyinaknit.com\" \/>\n<meta property=\"article:modified_time\" content=\"2025-10-28T13:13:57+00:00\" \/>\n<meta property=\"og:image\" content=\"https:\/\/happyinaknit.com\/wp-content\/uploads\/2025\/10\/pindemaaler-gr_n1551147417.8511.webp\" \/>\n\t<meta property=\"og:image:width\" content=\"800\" \/>\n\t<meta property=\"og:image:height\" content=\"800\" \/>\n\t<meta property=\"og:image:type\" content=\"image\/webp\" \/>\n<meta name=\"twitter:card\" content=\"summary_large_image\" \/>\n<script type=\"application\/ld+json\" class=\"yoast-schema-graph\">{\"@context\":\"https:\/\/schema.org\",\"@graph\":[{\"@type\":\"WebPage\",\"@id\":\"https:\/\/happyinaknit.com\/produktas\/knitpro-nadelmass-liniuote-matuoklis-virbalu-dydziui\/\",\"url\":\"https:\/\/happyinaknit.com\/produktas\/knitpro-nadelmass-liniuote-matuoklis-virbalu-dydziui\/\",\"name\":\"KnitPro Nadelmass liniuot\u0117 \/ matuoklis virbal\u0173 dyd\u017eiui - Happyinaknit.com\",\"isPartOf\":{\"@id\":\"https:\/\/happyinaknit.com\/lt\/#website\"},\"primaryImageOfPage\":{\"@id\":\"https:\/\/happyinaknit.com\/produktas\/knitpro-nadelmass-liniuote-matuoklis-virbalu-dydziui\/#primaryimage\"},\"image\":{\"@id\":\"https:\/\/happyinaknit.com\/produktas\/knitpro-nadelmass-liniuote-matuoklis-virbalu-dydziui\/#primaryimage\"},\"thumbnailUrl\":\"https:\/\/happyinaknit.com\/wp-content\/uploads\/2025\/10\/pindemaaler-gr_n1551147417.8511.webp\",\"datePublished\":\"2025-10-19T16:12:13+00:00\",\"dateModified\":\"2025-10-28T13:13:57+00:00\",\"breadcrumb\":{\"@id\":\"https:\/\/happyinaknit.com\/produktas\/knitpro-nadelmass-liniuote-matuoklis-virbalu-dydziui\/#breadcrumb\"},\"inLanguage\":\"lt-LT\",\"potentialAction\":[{\"@type\":\"ReadAction\",\"target\":[\"https:\/\/happyinaknit.com\/produktas\/knitpro-nadelmass-liniuote-matuoklis-virbalu-dydziui\/\"]}]},{\"@type\":\"ImageObject\",\"inLanguage\":\"lt-LT\",\"@id\":\"https:\/\/happyinaknit.com\/produktas\/knitpro-nadelmass-liniuote-matuoklis-virbalu-dydziui\/#primaryimage\",\"url\":\"https:\/\/happyinaknit.com\/wp-content\/uploads\/2025\/10\/pindemaaler-gr_n1551147417.8511.webp\",\"contentUrl\":\"https:\/\/happyinaknit.com\/wp-content\/uploads\/2025\/10\/pindemaaler-gr_n1551147417.8511.webp\",\"width\":800,\"height\":800},{\"@type\":\"BreadcrumbList\",\"@id\":\"https:\/\/happyinaknit.com\/produktas\/knitpro-nadelmass-liniuote-matuoklis-virbalu-dydziui\/#breadcrumb\",\"itemListElement\":[{\"@type\":\"ListItem\",\"position\":1,\"name\":\"Home\",\"item\":\"https:\/\/happyinaknit.com\/lt\/\"},{\"@type\":\"ListItem\",\"position\":2,\"name\":\"Parduotuv\u0117\",\"item\":\"https:\/\/happyinaknit.com\/lt\/parduotuve\/\"},{\"@type\":\"ListItem\",\"position\":3,\"name\":\"KnitPro Nadelmass liniuot\u0117 \/ matuoklis virbal\u0173 dyd\u017eiui\"}]},{\"@type\":\"WebSite\",\"@id\":\"https:\/\/happyinaknit.com\/lt\/#website\",\"url\":\"https:\/\/happyinaknit.com\/lt\/\",\"name\":\"Happyinaknit.com\",\"description\":\"\",\"potentialAction\":[{\"@type\":\"SearchAction\",\"target\":{\"@type\":\"EntryPoint\",\"urlTemplate\":\"https:\/\/happyinaknit.com\/lt\/?s={search_term_string}\"},\"query-input\":{\"@type\":\"PropertyValueSpecification\",\"valueRequired\":true,\"valueName\":\"search_term_string\"}}],\"inLanguage\":\"lt-LT\"}]}<\/script>\n<!-- \/ Yoast SEO plugin. -->","yoast_head_json":{"title":"KnitPro Nadelmass liniuot\u0117 \/ matuoklis virbal\u0173 dyd\u017eiui - Happyinaknit.com","robots":{"index":"index","follow":"follow","max-snippet":"max-snippet:-1","max-image-preview":"max-image-preview:large","max-video-preview":"max-video-preview:-1"},"canonical":"https:\/\/happyinaknit.com\/lt\/produktas\/knitpro-nadelmass-liniuote-matuoklis-virbalu-dydziui\/","og_locale":"lt_LT","og_type":"article","og_title":"KnitPro Nadelmass liniuot\u0117 \/ matuoklis virbal\u0173 dyd\u017eiui - Happyinaknit.com","og_description":"Prakti\u0161ka KnitPro Nadelmass liniuot\u0117\u2013matuoklis \u2013 nepakei\u010diamas \u012frankis kiekvienai mezg\u0117jai! Ji padeda nustatyti virbal\u0173 dyd\u012f, kai ant j\u0173 jau nusitrynusi gamyklin\u0117 \u017eym\u0117jimo spalva ar numeris. Tiesiog \u012fstatykite virbal\u0105 \u012f atitinkam\u0105 skylut\u0119 \u2013 ir akimirksniu su\u017einosite jo tiksl\u0173 dyd\u012f milimetrais. Kompakti\u0161ka, lengva ir patogi pasiimti su savimi \u012f mezgimo kelion\u0119. Pagaminta Indijoje. Med\u017eiaga: plastikas Funkcija: virbal\u0173 dyd\u017eio [&hellip;]","og_url":"https:\/\/happyinaknit.com\/lt\/produktas\/knitpro-nadelmass-liniuote-matuoklis-virbalu-dydziui\/","og_site_name":"Happyinaknit.com","article_modified_time":"2025-10-28T13:13:57+00:00","og_image":[{"width":800,"height":800,"url":"https:\/\/happyinaknit.com\/wp-content\/uploads\/2025\/10\/pindemaaler-gr_n1551147417.8511.webp","type":"image\/webp"}],"twitter_card":"summary_large_image","schema":{"@context":"https:\/\/schema.org","@graph":[{"@type":"WebPage","@id":"https:\/\/happyinaknit.com\/produktas\/knitpro-nadelmass-liniuote-matuoklis-virbalu-dydziui\/","url":"https:\/\/happyinaknit.com\/produktas\/knitpro-nadelmass-liniuote-matuoklis-virbalu-dydziui\/","name":"KnitPro Nadelmass liniuot\u0117 \/ matuoklis virbal\u0173 dyd\u017eiui - Happyinaknit.com","isPartOf":{"@id":"https:\/\/happyinaknit.com\/lt\/#website"},"primaryImageOfPage":{"@id":"https:\/\/happyinaknit.com\/produktas\/knitpro-nadelmass-liniuote-matuoklis-virbalu-dydziui\/#primaryimage"},"image":{"@id":"https:\/\/happyinaknit.com\/produktas\/knitpro-nadelmass-liniuote-matuoklis-virbalu-dydziui\/#primaryimage"},"thumbnailUrl":"https:\/\/happyinaknit.com\/wp-content\/uploads\/2025\/10\/pindemaaler-gr_n1551147417.8511.webp","datePublished":"2025-10-19T16:12:13+00:00","dateModified":"2025-10-28T13:13:57+00:00","breadcrumb":{"@id":"https:\/\/happyinaknit.com\/produktas\/knitpro-nadelmass-liniuote-matuoklis-virbalu-dydziui\/#breadcrumb"},"inLanguage":"lt-LT","potentialAction":[{"@type":"ReadAction","target":["https:\/\/happyinaknit.com\/produktas\/knitpro-nadelmass-liniuote-matuoklis-virbalu-dydziui\/"]}]},{"@type":"ImageObject","inLanguage":"lt-LT","@id":"https:\/\/happyinaknit.com\/produktas\/knitpro-nadelmass-liniuote-matuoklis-virbalu-dydziui\/#primaryimage","url":"https:\/\/happyinaknit.com\/wp-content\/uploads\/2025\/10\/pindemaaler-gr_n1551147417.8511.webp","contentUrl":"https:\/\/happyinaknit.com\/wp-content\/uploads\/2025\/10\/pindemaaler-gr_n1551147417.8511.webp","width":800,"height":800},{"@type":"BreadcrumbList","@id":"https:\/\/happyinaknit.com\/produktas\/knitpro-nadelmass-liniuote-matuoklis-virbalu-dydziui\/#breadcrumb","itemListElement":[{"@type":"ListItem","position":1,"name":"Home","item":"https:\/\/happyinaknit.com\/lt\/"},{"@type":"ListItem","position":2,"name":"Parduotuv\u0117","item":"https:\/\/happyinaknit.com\/lt\/parduotuve\/"},{"@type":"ListItem","position":3,"name":"KnitPro Nadelmass liniuot\u0117 \/ matuoklis virbal\u0173 dyd\u017eiui"}]},{"@type":"WebSite","@id":"https:\/\/happyinaknit.com\/lt\/#website","url":"https:\/\/happyinaknit.com\/lt\/","name":"Happyinaknit.com","description":"","potentialAction":[{"@type":"SearchAction","target":{"@type":"EntryPoint","urlTemplate":"https:\/\/happyinaknit.com\/lt\/?s={search_term_string}"},"query-input":{"@type":"PropertyValueSpecification","valueRequired":true,"valueName":"search_term_string"}}],"inLanguage":"lt-LT"}]}},"_links":{"self":[{"href":"https:\/\/happyinaknit.com\/lt\/wp-json\/wp\/v2\/product\/6636","targetHints":{"allow":["GET"]}}],"collection":[{"href":"https:\/\/happyinaknit.com\/lt\/wp-json\/wp\/v2\/product"}],"about":[{"href":"https:\/\/happyinaknit.com\/lt\/wp-json\/wp\/v2\/types\/product"}],"replies":[{"embeddable":true,"href":"https:\/\/happyinaknit.com\/lt\/wp-json\/wp\/v2\/comments?post=6636"}],"wp:featuredmedia":[{"embeddable":true,"href":"https:\/\/happyinaknit.com\/lt\/wp-json\/wp\/v2\/media\/6640"}],"wp:attachment":[{"href":"https:\/\/happyinaknit.com\/lt\/wp-json\/wp\/v2\/media?parent=6636"}],"wp:term":[{"taxonomy":"product_brand","embeddable":true,"href":"https:\/\/happyinaknit.com\/lt\/wp-json\/wp\/v2\/product_brand?post=6636"},{"taxonomy":"product_cat","embeddable":true,"href":"https:\/\/happyinaknit.com\/lt\/wp-json\/wp\/v2\/product_cat?post=6636"},{"taxonomy":"product_tag","embeddable":true,"href":"https:\/\/happyinaknit.com\/lt\/wp-json\/wp\/v2\/product_tag?post=6636"},{"taxonomy":"pro-kategorijos","embeddable":true,"href":"https:\/\/happyinaknit.com\/lt\/wp-json\/wp\/v2\/pro-kategorijos?post=6636"}],"curies":[{"name":"wp","href":"https:\/\/api.w.org\/{rel}","templated":true}]}}