{"id":6627,"date":"2025-10-19T15:47:37","date_gmt":"2025-10-19T15:47:37","guid":{"rendered":"https:\/\/happyinaknit.com\/?post_type=product&#038;p=6627"},"modified":"2025-10-19T15:47:37","modified_gmt":"2025-10-19T15:47:37","slug":"knitpro-ginger-trumpi-prisukami-virbalai","status":"publish","type":"product","link":"https:\/\/happyinaknit.com\/lt\/produktas\/knitpro-ginger-trumpi-prisukami-virbalai\/","title":{"rendered":"KnitPro Ginger Trumpi Prisukami Virbalai"},"content":{"rendered":"<p><b>KnitPro Ginger<\/b> trumpi prisukami virbalai \u2013 pagaminti i\u0161 <b>auk\u0161tos kokyb\u0117s poliruotos medienos<\/b>, pasi\u017eymin\u010dios lengvumu, \u0161iluma ir nat\u016braliu poj\u016b\u010diu. \u0160ie virbalai idealiai tinka <b>kompaktiniams mezgimo projektams<\/b>, kai reikia trumpesni\u0173 antgali\u0173 \u2013 pavyzd\u017eiui, kepur\u0117ms, rankov\u0117ms ar vaik\u0173 drabu\u017e\u0117liams.<\/p>\n<p>Siaur\u0117jantys antgaliai u\u017etikrina tiksl\u0173 aki\u0173 su\u0117mim\u0105, o lygus pavir\u0161ius leid\u017eia si\u016blams slysti be pastang\u0173.<\/p>\n<p>Pagaminta Indijoje.<\/p>\n<p><b>Med\u017eiaga:<\/b> poliruota mediena<\/p>\n<p><b>Virbalo ilgis:<\/b> trumpas (apie 10 cm)<\/p>\n<p><b>Tinka sistemai:<\/b> <i>KnitPro prisukami valai<\/i><i><\/i><\/p>\n<p><b>Pastaba:<\/b> spalv\u0173 atspalviai gali \u0161iek tiek skirtis priklausomai nuo \u012frenginio ekrano.<\/p>\n","protected":false},"excerpt":{"rendered":"<p>KnitPro Ginger trumpi prisukami virbalai \u2013 pagaminti i\u0161 auk\u0161tos kokyb\u0117s poliruotos medienos, pasi\u017eymin\u010dios lengvumu, \u0161iluma ir nat\u016braliu poj\u016b\u010diu. \u0160ie virbalai idealiai tinka kompaktiniams mezgimo projektams, kai reikia trumpesni\u0173 antgali\u0173 \u2013 pavyzd\u017eiui, kepur\u0117ms, rankov\u0117ms ar vaik\u0173 drabu\u017e\u0117liams. Siaur\u0117jantys antgaliai u\u017etikrina tiksl\u0173 aki\u0173 su\u0117mim\u0105, o lygus pavir\u0161ius leid\u017eia si\u016blams slysti be pastang\u0173. Pagaminta Indijoje. Med\u017eiaga: poliruota mediena [&hellip;]<\/p>\n","protected":false},"featured_media":6628,"comment_status":"open","ping_status":"closed","template":"","meta":{"_acf_changed":false},"product_brand":[1069],"product_cat":[15,19,863],"product_tag":[],"pro-kategorijos":[],"class_list":{"0":"post-6627","1":"product","2":"type-product","3":"status-publish","4":"has-post-thumbnail","6":"product_brand-knitpro","7":"product_cat-visi-produktai","8":"product_cat-mezgimo-priemones","9":"product_cat-prisukami-virbalai","11":"first","12":"instock","13":"shipping-taxable","14":"purchasable","15":"product-type-variable"},"acf":[],"yoast_head":"<!-- This site is optimized with the Yoast SEO plugin v26.8 - https:\/\/yoast.com\/product\/yoast-seo-wordpress\/ -->\n<title>KnitPro Ginger Trumpi Prisukami Virbalai - Happyinaknit.com<\/title>\n<meta name=\"robots\" content=\"index, follow, max-snippet:-1, max-image-preview:large, max-video-preview:-1\" \/>\n<link rel=\"canonical\" href=\"https:\/\/happyinaknit.com\/lt\/produktas\/knitpro-ginger-trumpi-prisukami-virbalai\/\" \/>\n<meta property=\"og:locale\" content=\"lt_LT\" \/>\n<meta property=\"og:type\" content=\"article\" \/>\n<meta property=\"og:title\" content=\"KnitPro Ginger Trumpi Prisukami Virbalai - Happyinaknit.com\" \/>\n<meta property=\"og:description\" content=\"KnitPro Ginger trumpi prisukami virbalai \u2013 pagaminti i\u0161 auk\u0161tos kokyb\u0117s poliruotos medienos, pasi\u017eymin\u010dios lengvumu, \u0161iluma ir nat\u016braliu poj\u016b\u010diu. \u0160ie virbalai idealiai tinka kompaktiniams mezgimo projektams, kai reikia trumpesni\u0173 antgali\u0173 \u2013 pavyzd\u017eiui, kepur\u0117ms, rankov\u0117ms ar vaik\u0173 drabu\u017e\u0117liams. Siaur\u0117jantys antgaliai u\u017etikrina tiksl\u0173 aki\u0173 su\u0117mim\u0105, o lygus pavir\u0161ius leid\u017eia si\u016blams slysti be pastang\u0173. Pagaminta Indijoje. Med\u017eiaga: poliruota mediena [&hellip;]\" \/>\n<meta property=\"og:url\" content=\"https:\/\/happyinaknit.com\/lt\/produktas\/knitpro-ginger-trumpi-prisukami-virbalai\/\" \/>\n<meta property=\"og:site_name\" content=\"Happyinaknit.com\" \/>\n<meta property=\"og:image\" content=\"https:\/\/happyinaknit.com\/wp-content\/uploads\/2025\/10\/agujas-circulares-intercambiables-special-10-cm-ginger-knitpro.jpg.webp\" \/>\n\t<meta property=\"og:image:width\" content=\"800\" \/>\n\t<meta property=\"og:image:height\" content=\"800\" \/>\n\t<meta property=\"og:image:type\" content=\"image\/webp\" \/>\n<meta name=\"twitter:card\" content=\"summary_large_image\" \/>\n<script type=\"application\/ld+json\" class=\"yoast-schema-graph\">{\"@context\":\"https:\/\/schema.org\",\"@graph\":[{\"@type\":\"WebPage\",\"@id\":\"https:\/\/happyinaknit.com\/produktas\/knitpro-ginger-trumpi-prisukami-virbalai\/\",\"url\":\"https:\/\/happyinaknit.com\/produktas\/knitpro-ginger-trumpi-prisukami-virbalai\/\",\"name\":\"KnitPro Ginger Trumpi Prisukami Virbalai - Happyinaknit.com\",\"isPartOf\":{\"@id\":\"https:\/\/happyinaknit.com\/lt\/#website\"},\"primaryImageOfPage\":{\"@id\":\"https:\/\/happyinaknit.com\/produktas\/knitpro-ginger-trumpi-prisukami-virbalai\/#primaryimage\"},\"image\":{\"@id\":\"https:\/\/happyinaknit.com\/produktas\/knitpro-ginger-trumpi-prisukami-virbalai\/#primaryimage\"},\"thumbnailUrl\":\"https:\/\/happyinaknit.com\/wp-content\/uploads\/2025\/10\/agujas-circulares-intercambiables-special-10-cm-ginger-knitpro.jpg.webp\",\"datePublished\":\"2025-10-19T15:47:37+00:00\",\"breadcrumb\":{\"@id\":\"https:\/\/happyinaknit.com\/produktas\/knitpro-ginger-trumpi-prisukami-virbalai\/#breadcrumb\"},\"inLanguage\":\"lt-LT\",\"potentialAction\":[{\"@type\":\"ReadAction\",\"target\":[\"https:\/\/happyinaknit.com\/produktas\/knitpro-ginger-trumpi-prisukami-virbalai\/\"]}]},{\"@type\":\"ImageObject\",\"inLanguage\":\"lt-LT\",\"@id\":\"https:\/\/happyinaknit.com\/produktas\/knitpro-ginger-trumpi-prisukami-virbalai\/#primaryimage\",\"url\":\"https:\/\/happyinaknit.com\/wp-content\/uploads\/2025\/10\/agujas-circulares-intercambiables-special-10-cm-ginger-knitpro.jpg.webp\",\"contentUrl\":\"https:\/\/happyinaknit.com\/wp-content\/uploads\/2025\/10\/agujas-circulares-intercambiables-special-10-cm-ginger-knitpro.jpg.webp\",\"width\":800,\"height\":800},{\"@type\":\"BreadcrumbList\",\"@id\":\"https:\/\/happyinaknit.com\/produktas\/knitpro-ginger-trumpi-prisukami-virbalai\/#breadcrumb\",\"itemListElement\":[{\"@type\":\"ListItem\",\"position\":1,\"name\":\"Home\",\"item\":\"https:\/\/happyinaknit.com\/lt\/\"},{\"@type\":\"ListItem\",\"position\":2,\"name\":\"Parduotuv\u0117\",\"item\":\"https:\/\/happyinaknit.com\/lt\/parduotuve\/\"},{\"@type\":\"ListItem\",\"position\":3,\"name\":\"KnitPro Ginger Trumpi Prisukami Virbalai\"}]},{\"@type\":\"WebSite\",\"@id\":\"https:\/\/happyinaknit.com\/lt\/#website\",\"url\":\"https:\/\/happyinaknit.com\/lt\/\",\"name\":\"Happyinaknit.com\",\"description\":\"\",\"potentialAction\":[{\"@type\":\"SearchAction\",\"target\":{\"@type\":\"EntryPoint\",\"urlTemplate\":\"https:\/\/happyinaknit.com\/lt\/?s={search_term_string}\"},\"query-input\":{\"@type\":\"PropertyValueSpecification\",\"valueRequired\":true,\"valueName\":\"search_term_string\"}}],\"inLanguage\":\"lt-LT\"}]}<\/script>\n<!-- \/ Yoast SEO plugin. -->","yoast_head_json":{"title":"KnitPro Ginger Trumpi Prisukami Virbalai - Happyinaknit.com","robots":{"index":"index","follow":"follow","max-snippet":"max-snippet:-1","max-image-preview":"max-image-preview:large","max-video-preview":"max-video-preview:-1"},"canonical":"https:\/\/happyinaknit.com\/lt\/produktas\/knitpro-ginger-trumpi-prisukami-virbalai\/","og_locale":"lt_LT","og_type":"article","og_title":"KnitPro Ginger Trumpi Prisukami Virbalai - Happyinaknit.com","og_description":"KnitPro Ginger trumpi prisukami virbalai \u2013 pagaminti i\u0161 auk\u0161tos kokyb\u0117s poliruotos medienos, pasi\u017eymin\u010dios lengvumu, \u0161iluma ir nat\u016braliu poj\u016b\u010diu. \u0160ie virbalai idealiai tinka kompaktiniams mezgimo projektams, kai reikia trumpesni\u0173 antgali\u0173 \u2013 pavyzd\u017eiui, kepur\u0117ms, rankov\u0117ms ar vaik\u0173 drabu\u017e\u0117liams. Siaur\u0117jantys antgaliai u\u017etikrina tiksl\u0173 aki\u0173 su\u0117mim\u0105, o lygus pavir\u0161ius leid\u017eia si\u016blams slysti be pastang\u0173. Pagaminta Indijoje. Med\u017eiaga: poliruota mediena [&hellip;]","og_url":"https:\/\/happyinaknit.com\/lt\/produktas\/knitpro-ginger-trumpi-prisukami-virbalai\/","og_site_name":"Happyinaknit.com","og_image":[{"width":800,"height":800,"url":"https:\/\/happyinaknit.com\/wp-content\/uploads\/2025\/10\/agujas-circulares-intercambiables-special-10-cm-ginger-knitpro.jpg.webp","type":"image\/webp"}],"twitter_card":"summary_large_image","schema":{"@context":"https:\/\/schema.org","@graph":[{"@type":"WebPage","@id":"https:\/\/happyinaknit.com\/produktas\/knitpro-ginger-trumpi-prisukami-virbalai\/","url":"https:\/\/happyinaknit.com\/produktas\/knitpro-ginger-trumpi-prisukami-virbalai\/","name":"KnitPro Ginger Trumpi Prisukami Virbalai - Happyinaknit.com","isPartOf":{"@id":"https:\/\/happyinaknit.com\/lt\/#website"},"primaryImageOfPage":{"@id":"https:\/\/happyinaknit.com\/produktas\/knitpro-ginger-trumpi-prisukami-virbalai\/#primaryimage"},"image":{"@id":"https:\/\/happyinaknit.com\/produktas\/knitpro-ginger-trumpi-prisukami-virbalai\/#primaryimage"},"thumbnailUrl":"https:\/\/happyinaknit.com\/wp-content\/uploads\/2025\/10\/agujas-circulares-intercambiables-special-10-cm-ginger-knitpro.jpg.webp","datePublished":"2025-10-19T15:47:37+00:00","breadcrumb":{"@id":"https:\/\/happyinaknit.com\/produktas\/knitpro-ginger-trumpi-prisukami-virbalai\/#breadcrumb"},"inLanguage":"lt-LT","potentialAction":[{"@type":"ReadAction","target":["https:\/\/happyinaknit.com\/produktas\/knitpro-ginger-trumpi-prisukami-virbalai\/"]}]},{"@type":"ImageObject","inLanguage":"lt-LT","@id":"https:\/\/happyinaknit.com\/produktas\/knitpro-ginger-trumpi-prisukami-virbalai\/#primaryimage","url":"https:\/\/happyinaknit.com\/wp-content\/uploads\/2025\/10\/agujas-circulares-intercambiables-special-10-cm-ginger-knitpro.jpg.webp","contentUrl":"https:\/\/happyinaknit.com\/wp-content\/uploads\/2025\/10\/agujas-circulares-intercambiables-special-10-cm-ginger-knitpro.jpg.webp","width":800,"height":800},{"@type":"BreadcrumbList","@id":"https:\/\/happyinaknit.com\/produktas\/knitpro-ginger-trumpi-prisukami-virbalai\/#breadcrumb","itemListElement":[{"@type":"ListItem","position":1,"name":"Home","item":"https:\/\/happyinaknit.com\/lt\/"},{"@type":"ListItem","position":2,"name":"Parduotuv\u0117","item":"https:\/\/happyinaknit.com\/lt\/parduotuve\/"},{"@type":"ListItem","position":3,"name":"KnitPro Ginger Trumpi Prisukami Virbalai"}]},{"@type":"WebSite","@id":"https:\/\/happyinaknit.com\/lt\/#website","url":"https:\/\/happyinaknit.com\/lt\/","name":"Happyinaknit.com","description":"","potentialAction":[{"@type":"SearchAction","target":{"@type":"EntryPoint","urlTemplate":"https:\/\/happyinaknit.com\/lt\/?s={search_term_string}"},"query-input":{"@type":"PropertyValueSpecification","valueRequired":true,"valueName":"search_term_string"}}],"inLanguage":"lt-LT"}]}},"_links":{"self":[{"href":"https:\/\/happyinaknit.com\/lt\/wp-json\/wp\/v2\/product\/6627","targetHints":{"allow":["GET"]}}],"collection":[{"href":"https:\/\/happyinaknit.com\/lt\/wp-json\/wp\/v2\/product"}],"about":[{"href":"https:\/\/happyinaknit.com\/lt\/wp-json\/wp\/v2\/types\/product"}],"replies":[{"embeddable":true,"href":"https:\/\/happyinaknit.com\/lt\/wp-json\/wp\/v2\/comments?post=6627"}],"wp:featuredmedia":[{"embeddable":true,"href":"https:\/\/happyinaknit.com\/lt\/wp-json\/wp\/v2\/media\/6628"}],"wp:attachment":[{"href":"https:\/\/happyinaknit.com\/lt\/wp-json\/wp\/v2\/media?parent=6627"}],"wp:term":[{"taxonomy":"product_brand","embeddable":true,"href":"https:\/\/happyinaknit.com\/lt\/wp-json\/wp\/v2\/product_brand?post=6627"},{"taxonomy":"product_cat","embeddable":true,"href":"https:\/\/happyinaknit.com\/lt\/wp-json\/wp\/v2\/product_cat?post=6627"},{"taxonomy":"product_tag","embeddable":true,"href":"https:\/\/happyinaknit.com\/lt\/wp-json\/wp\/v2\/product_tag?post=6627"},{"taxonomy":"pro-kategorijos","embeddable":true,"href":"https:\/\/happyinaknit.com\/lt\/wp-json\/wp\/v2\/pro-kategorijos?post=6627"}],"curies":[{"name":"wp","href":"https:\/\/api.w.org\/{rel}","templated":true}]}}