{"id":6604,"date":"2025-10-19T15:35:48","date_gmt":"2025-10-19T15:35:48","guid":{"rendered":"https:\/\/happyinaknit.com\/?post_type=product&#038;p=6604"},"modified":"2025-10-28T13:24:07","modified_gmt":"2025-10-28T13:24:07","slug":"knitpro-lace-valas-prisukamiems-virbalams","status":"publish","type":"product","link":"https:\/\/happyinaknit.com\/lt\/produktas\/knitpro-lace-valas-prisukamiems-virbalams\/","title":{"rendered":"KnitPro Lace Valas Prisukamiems Virbalams"},"content":{"rendered":"<p><b>KnitPro Lace <\/b>\u00a0valas prisukamiems virbalams \u2013 tai patikimas ir stilingas pasirinkimas j\u016bs\u0173 mezgimo projektams. <b>\u00a0Valas<\/b> yra lankstus, tvirtas ir u\u017etikrina skland\u0173 si\u016bl\u0173 slydim\u0105 bei stabil\u0173 sujungim\u0105 su virbalais.<\/p>\n<p>Kiekvienas valas komplektuojamas su <b>dviem antgaliais<\/b> ir <b>vienu rakteliu<\/b>, kad gal\u0117tum\u0117te saugiai pritvirtinti virbalus.<\/p>\n<p>Tinka visoms <b>KnitPro prisukam\u0173 virbal\u0173<\/b> serijoms (<i>Symfonie, Zing, Nova, Karbonz, Royale<\/i> ir kt.).<\/p>\n<p>Pagaminta Indijoje.<\/p>\n<p><b>Med\u017eiaga:<\/b> plastikas + metaliniai sujungimai<\/p>\n<p><b>Spalva:<\/b> lila (\u0161viesiai violetin\u0117)<\/p>\n<p><b>Komplekte:<\/b> 1 valas, 2 antgaliai, 1 raktelis<\/p>\n<p><b>Pastaba:<\/b> nurodytas ilgis \u2013 <b>bendras su prijungtais virbalais<\/b>. Naudojant trumpus virbalus, bendras ilgis bus ma\u017eesnis ma\u017edaug 3\u20135 cm.<\/p>\n<p><b>Pastaba:<\/b> spalv\u0173 atspalviai gali \u0161iek tiek skirtis priklausomai nuo \u012frenginio ekrano.<\/p>\n","protected":false},"excerpt":{"rendered":"<p>KnitPro Lace \u00a0valas prisukamiems virbalams \u2013 tai patikimas ir stilingas pasirinkimas j\u016bs\u0173 mezgimo projektams. \u00a0Valas yra lankstus, tvirtas ir u\u017etikrina skland\u0173 si\u016bl\u0173 slydim\u0105 bei stabil\u0173 sujungim\u0105 su virbalais. Kiekvienas valas komplektuojamas su dviem antgaliais ir vienu rakteliu, kad gal\u0117tum\u0117te saugiai pritvirtinti virbalus. Tinka visoms KnitPro prisukam\u0173 virbal\u0173 serijoms (Symfonie, Zing, Nova, Karbonz, Royale ir kt.). [&hellip;]<\/p>\n","protected":false},"featured_media":6587,"comment_status":"open","ping_status":"closed","template":"","meta":{"_acf_changed":false},"product_brand":[1069],"product_cat":[15,19,864],"product_tag":[],"pro-kategorijos":[],"class_list":{"0":"post-6604","1":"product","2":"type-product","3":"status-publish","4":"has-post-thumbnail","6":"product_brand-knitpro","7":"product_cat-visi-produktai","8":"product_cat-mezgimo-priemones","9":"product_cat-valai-virbalams","11":"first","12":"instock","13":"shipping-taxable","14":"purchasable","15":"product-type-variable"},"acf":[],"yoast_head":"<!-- This site is optimized with the Yoast SEO plugin v26.8 - https:\/\/yoast.com\/product\/yoast-seo-wordpress\/ -->\n<title>KnitPro Lace Valas Prisukamiems Virbalams - Happyinaknit.com<\/title>\n<meta name=\"robots\" content=\"index, follow, max-snippet:-1, max-image-preview:large, max-video-preview:-1\" \/>\n<link rel=\"canonical\" href=\"https:\/\/happyinaknit.com\/lt\/produktas\/knitpro-lace-valas-prisukamiems-virbalams\/\" \/>\n<meta property=\"og:locale\" content=\"lt_LT\" \/>\n<meta property=\"og:type\" content=\"article\" \/>\n<meta property=\"og:title\" content=\"KnitPro Lace Valas Prisukamiems Virbalams - Happyinaknit.com\" \/>\n<meta property=\"og:description\" content=\"KnitPro Lace \u00a0valas prisukamiems virbalams \u2013 tai patikimas ir stilingas pasirinkimas j\u016bs\u0173 mezgimo projektams. \u00a0Valas yra lankstus, tvirtas ir u\u017etikrina skland\u0173 si\u016bl\u0173 slydim\u0105 bei stabil\u0173 sujungim\u0105 su virbalais. Kiekvienas valas komplektuojamas su dviem antgaliais ir vienu rakteliu, kad gal\u0117tum\u0117te saugiai pritvirtinti virbalus. Tinka visoms KnitPro prisukam\u0173 virbal\u0173 serijoms (Symfonie, Zing, Nova, Karbonz, Royale ir kt.). [&hellip;]\" \/>\n<meta property=\"og:url\" content=\"https:\/\/happyinaknit.com\/lt\/produktas\/knitpro-lace-valas-prisukamiems-virbalams\/\" \/>\n<meta property=\"og:site_name\" content=\"Happyinaknit.com\" \/>\n<meta property=\"article:modified_time\" content=\"2025-10-28T13:24:07+00:00\" \/>\n<meta property=\"og:image\" content=\"https:\/\/happyinaknit.com\/wp-content\/uploads\/2025\/10\/02dbf965-6248-436a-b71f-a29db87609e0__30212.jpg\" \/>\n\t<meta property=\"og:image:width\" content=\"1280\" \/>\n\t<meta property=\"og:image:height\" content=\"1275\" \/>\n\t<meta property=\"og:image:type\" content=\"image\/jpeg\" \/>\n<meta name=\"twitter:card\" content=\"summary_large_image\" \/>\n<meta name=\"twitter:label1\" content=\"Est. reading time\" \/>\n\t<meta name=\"twitter:data1\" content=\"1 minut\u0117\" \/>\n<script type=\"application\/ld+json\" class=\"yoast-schema-graph\">{\"@context\":\"https:\/\/schema.org\",\"@graph\":[{\"@type\":\"WebPage\",\"@id\":\"https:\/\/happyinaknit.com\/produktas\/knitpro-lace-valas-prisukamiems-virbalams\/\",\"url\":\"https:\/\/happyinaknit.com\/produktas\/knitpro-lace-valas-prisukamiems-virbalams\/\",\"name\":\"KnitPro Lace Valas Prisukamiems Virbalams - Happyinaknit.com\",\"isPartOf\":{\"@id\":\"https:\/\/happyinaknit.com\/lt\/#website\"},\"primaryImageOfPage\":{\"@id\":\"https:\/\/happyinaknit.com\/produktas\/knitpro-lace-valas-prisukamiems-virbalams\/#primaryimage\"},\"image\":{\"@id\":\"https:\/\/happyinaknit.com\/produktas\/knitpro-lace-valas-prisukamiems-virbalams\/#primaryimage\"},\"thumbnailUrl\":\"https:\/\/happyinaknit.com\/wp-content\/uploads\/2025\/10\/02dbf965-6248-436a-b71f-a29db87609e0__30212.jpg\",\"datePublished\":\"2025-10-19T15:35:48+00:00\",\"dateModified\":\"2025-10-28T13:24:07+00:00\",\"breadcrumb\":{\"@id\":\"https:\/\/happyinaknit.com\/produktas\/knitpro-lace-valas-prisukamiems-virbalams\/#breadcrumb\"},\"inLanguage\":\"lt-LT\",\"potentialAction\":[{\"@type\":\"ReadAction\",\"target\":[\"https:\/\/happyinaknit.com\/produktas\/knitpro-lace-valas-prisukamiems-virbalams\/\"]}]},{\"@type\":\"ImageObject\",\"inLanguage\":\"lt-LT\",\"@id\":\"https:\/\/happyinaknit.com\/produktas\/knitpro-lace-valas-prisukamiems-virbalams\/#primaryimage\",\"url\":\"https:\/\/happyinaknit.com\/wp-content\/uploads\/2025\/10\/02dbf965-6248-436a-b71f-a29db87609e0__30212.jpg\",\"contentUrl\":\"https:\/\/happyinaknit.com\/wp-content\/uploads\/2025\/10\/02dbf965-6248-436a-b71f-a29db87609e0__30212.jpg\",\"width\":1280,\"height\":1275},{\"@type\":\"BreadcrumbList\",\"@id\":\"https:\/\/happyinaknit.com\/produktas\/knitpro-lace-valas-prisukamiems-virbalams\/#breadcrumb\",\"itemListElement\":[{\"@type\":\"ListItem\",\"position\":1,\"name\":\"Home\",\"item\":\"https:\/\/happyinaknit.com\/lt\/\"},{\"@type\":\"ListItem\",\"position\":2,\"name\":\"Parduotuv\u0117\",\"item\":\"https:\/\/happyinaknit.com\/lt\/parduotuve\/\"},{\"@type\":\"ListItem\",\"position\":3,\"name\":\"KnitPro Lace Valas Prisukamiems Virbalams\"}]},{\"@type\":\"WebSite\",\"@id\":\"https:\/\/happyinaknit.com\/lt\/#website\",\"url\":\"https:\/\/happyinaknit.com\/lt\/\",\"name\":\"Happyinaknit.com\",\"description\":\"\",\"potentialAction\":[{\"@type\":\"SearchAction\",\"target\":{\"@type\":\"EntryPoint\",\"urlTemplate\":\"https:\/\/happyinaknit.com\/lt\/?s={search_term_string}\"},\"query-input\":{\"@type\":\"PropertyValueSpecification\",\"valueRequired\":true,\"valueName\":\"search_term_string\"}}],\"inLanguage\":\"lt-LT\"}]}<\/script>\n<!-- \/ Yoast SEO plugin. -->","yoast_head_json":{"title":"KnitPro Lace Valas Prisukamiems Virbalams - Happyinaknit.com","robots":{"index":"index","follow":"follow","max-snippet":"max-snippet:-1","max-image-preview":"max-image-preview:large","max-video-preview":"max-video-preview:-1"},"canonical":"https:\/\/happyinaknit.com\/lt\/produktas\/knitpro-lace-valas-prisukamiems-virbalams\/","og_locale":"lt_LT","og_type":"article","og_title":"KnitPro Lace Valas Prisukamiems Virbalams - Happyinaknit.com","og_description":"KnitPro Lace \u00a0valas prisukamiems virbalams \u2013 tai patikimas ir stilingas pasirinkimas j\u016bs\u0173 mezgimo projektams. \u00a0Valas yra lankstus, tvirtas ir u\u017etikrina skland\u0173 si\u016bl\u0173 slydim\u0105 bei stabil\u0173 sujungim\u0105 su virbalais. Kiekvienas valas komplektuojamas su dviem antgaliais ir vienu rakteliu, kad gal\u0117tum\u0117te saugiai pritvirtinti virbalus. Tinka visoms KnitPro prisukam\u0173 virbal\u0173 serijoms (Symfonie, Zing, Nova, Karbonz, Royale ir kt.). [&hellip;]","og_url":"https:\/\/happyinaknit.com\/lt\/produktas\/knitpro-lace-valas-prisukamiems-virbalams\/","og_site_name":"Happyinaknit.com","article_modified_time":"2025-10-28T13:24:07+00:00","og_image":[{"width":1280,"height":1275,"url":"https:\/\/happyinaknit.com\/wp-content\/uploads\/2025\/10\/02dbf965-6248-436a-b71f-a29db87609e0__30212.jpg","type":"image\/jpeg"}],"twitter_card":"summary_large_image","twitter_misc":{"Est. reading time":"1 minut\u0117"},"schema":{"@context":"https:\/\/schema.org","@graph":[{"@type":"WebPage","@id":"https:\/\/happyinaknit.com\/produktas\/knitpro-lace-valas-prisukamiems-virbalams\/","url":"https:\/\/happyinaknit.com\/produktas\/knitpro-lace-valas-prisukamiems-virbalams\/","name":"KnitPro Lace Valas Prisukamiems Virbalams - Happyinaknit.com","isPartOf":{"@id":"https:\/\/happyinaknit.com\/lt\/#website"},"primaryImageOfPage":{"@id":"https:\/\/happyinaknit.com\/produktas\/knitpro-lace-valas-prisukamiems-virbalams\/#primaryimage"},"image":{"@id":"https:\/\/happyinaknit.com\/produktas\/knitpro-lace-valas-prisukamiems-virbalams\/#primaryimage"},"thumbnailUrl":"https:\/\/happyinaknit.com\/wp-content\/uploads\/2025\/10\/02dbf965-6248-436a-b71f-a29db87609e0__30212.jpg","datePublished":"2025-10-19T15:35:48+00:00","dateModified":"2025-10-28T13:24:07+00:00","breadcrumb":{"@id":"https:\/\/happyinaknit.com\/produktas\/knitpro-lace-valas-prisukamiems-virbalams\/#breadcrumb"},"inLanguage":"lt-LT","potentialAction":[{"@type":"ReadAction","target":["https:\/\/happyinaknit.com\/produktas\/knitpro-lace-valas-prisukamiems-virbalams\/"]}]},{"@type":"ImageObject","inLanguage":"lt-LT","@id":"https:\/\/happyinaknit.com\/produktas\/knitpro-lace-valas-prisukamiems-virbalams\/#primaryimage","url":"https:\/\/happyinaknit.com\/wp-content\/uploads\/2025\/10\/02dbf965-6248-436a-b71f-a29db87609e0__30212.jpg","contentUrl":"https:\/\/happyinaknit.com\/wp-content\/uploads\/2025\/10\/02dbf965-6248-436a-b71f-a29db87609e0__30212.jpg","width":1280,"height":1275},{"@type":"BreadcrumbList","@id":"https:\/\/happyinaknit.com\/produktas\/knitpro-lace-valas-prisukamiems-virbalams\/#breadcrumb","itemListElement":[{"@type":"ListItem","position":1,"name":"Home","item":"https:\/\/happyinaknit.com\/lt\/"},{"@type":"ListItem","position":2,"name":"Parduotuv\u0117","item":"https:\/\/happyinaknit.com\/lt\/parduotuve\/"},{"@type":"ListItem","position":3,"name":"KnitPro Lace Valas Prisukamiems Virbalams"}]},{"@type":"WebSite","@id":"https:\/\/happyinaknit.com\/lt\/#website","url":"https:\/\/happyinaknit.com\/lt\/","name":"Happyinaknit.com","description":"","potentialAction":[{"@type":"SearchAction","target":{"@type":"EntryPoint","urlTemplate":"https:\/\/happyinaknit.com\/lt\/?s={search_term_string}"},"query-input":{"@type":"PropertyValueSpecification","valueRequired":true,"valueName":"search_term_string"}}],"inLanguage":"lt-LT"}]}},"_links":{"self":[{"href":"https:\/\/happyinaknit.com\/lt\/wp-json\/wp\/v2\/product\/6604","targetHints":{"allow":["GET"]}}],"collection":[{"href":"https:\/\/happyinaknit.com\/lt\/wp-json\/wp\/v2\/product"}],"about":[{"href":"https:\/\/happyinaknit.com\/lt\/wp-json\/wp\/v2\/types\/product"}],"replies":[{"embeddable":true,"href":"https:\/\/happyinaknit.com\/lt\/wp-json\/wp\/v2\/comments?post=6604"}],"wp:featuredmedia":[{"embeddable":true,"href":"https:\/\/happyinaknit.com\/lt\/wp-json\/wp\/v2\/media\/6587"}],"wp:attachment":[{"href":"https:\/\/happyinaknit.com\/lt\/wp-json\/wp\/v2\/media?parent=6604"}],"wp:term":[{"taxonomy":"product_brand","embeddable":true,"href":"https:\/\/happyinaknit.com\/lt\/wp-json\/wp\/v2\/product_brand?post=6604"},{"taxonomy":"product_cat","embeddable":true,"href":"https:\/\/happyinaknit.com\/lt\/wp-json\/wp\/v2\/product_cat?post=6604"},{"taxonomy":"product_tag","embeddable":true,"href":"https:\/\/happyinaknit.com\/lt\/wp-json\/wp\/v2\/product_tag?post=6604"},{"taxonomy":"pro-kategorijos","embeddable":true,"href":"https:\/\/happyinaknit.com\/lt\/wp-json\/wp\/v2\/pro-kategorijos?post=6604"}],"curies":[{"name":"wp","href":"https:\/\/api.w.org\/{rel}","templated":true}]}}