{"id":6586,"date":"2025-10-19T15:23:06","date_gmt":"2025-10-19T15:23:06","guid":{"rendered":"https:\/\/happyinaknit.com\/?post_type=product&#038;p=6586"},"modified":"2025-10-19T15:23:07","modified_gmt":"2025-10-19T15:23:07","slug":"knitpro-360-swivel-valas-prisukamiems-virbalams","status":"publish","type":"product","link":"https:\/\/happyinaknit.com\/lt\/produktas\/knitpro-360-swivel-valas-prisukamiems-virbalams\/","title":{"rendered":"KnitPro 360\u00b0 Swivel  Valas Prisukamiems Virbalams"},"content":{"rendered":"<p>Patogus ir lankstus <b>KnitPro 360\u00b0 Swivel<\/b> valas prisukamiems virbalams \u2013 tai puikus pasirinkimas tiems, kurie vertina komfort\u0105 ir laisv\u0105 jud\u0117jim\u0105 mezgant. \u0160is <b>rotacinis valas<\/b> gali suktis aplink savo a\u0161\u012f 360\u00b0, tod\u0117l jis <b>nesusisuka ir netempia mezginio<\/b>, u\u017etikrindamas ypa\u010d skland\u0173 darb\u0105.<\/p>\n<p>Tinka visoms <b>KnitPro prisukam\u0173 virbal\u0173 sistemoms<\/b> (<i>Symfonie, Zing, Nova, Karbonz<\/i> ir kt.).<\/p>\n<p>Pagaminta Indijoje.<\/p>\n<p><b>Med\u017eiaga:<\/b> metalas + plastikas<\/p>\n<p><b>Tipas:<\/b> rotacinis valas (360\u00b0)<\/p>\n<p><b>Tinka sistemai:<\/b> <i>KnitPro prisukami virbalai<\/i><i><\/i><\/p>\n<p><b>Pastaba:<\/b> nurodytas bendras ilgis <b>\u012fskaitant virbalus<\/b>, tod\u0117l faktinis valo ilgis bus trumpesnis.<\/p>\n<p><b>Pastaba:<\/b> spalv\u0173 atspalviai gali \u0161iek tiek skirtis priklausomai nuo \u012frenginio ekrano.<\/p>\n","protected":false},"excerpt":{"rendered":"<p>Patogus ir lankstus KnitPro 360\u00b0 Swivel valas prisukamiems virbalams \u2013 tai puikus pasirinkimas tiems, kurie vertina komfort\u0105 ir laisv\u0105 jud\u0117jim\u0105 mezgant. \u0160is rotacinis valas gali suktis aplink savo a\u0161\u012f 360\u00b0, tod\u0117l jis nesusisuka ir netempia mezginio, u\u017etikrindamas ypa\u010d skland\u0173 darb\u0105. Tinka visoms KnitPro prisukam\u0173 virbal\u0173 sistemoms (Symfonie, Zing, Nova, Karbonz ir kt.). Pagaminta Indijoje. Med\u017eiaga: [&hellip;]<\/p>\n","protected":false},"featured_media":6588,"comment_status":"open","ping_status":"closed","template":"","meta":{"_acf_changed":false},"product_brand":[1069],"product_cat":[15,19,864],"product_tag":[],"pro-kategorijos":[],"class_list":{"0":"post-6586","1":"product","2":"type-product","3":"status-publish","4":"has-post-thumbnail","6":"product_brand-knitpro","7":"product_cat-visi-produktai","8":"product_cat-mezgimo-priemones","9":"product_cat-valai-virbalams","11":"first","12":"instock","13":"shipping-taxable","14":"purchasable","15":"product-type-variable"},"acf":[],"yoast_head":"<!-- This site is optimized with the Yoast SEO plugin v26.8 - https:\/\/yoast.com\/product\/yoast-seo-wordpress\/ -->\n<title>KnitPro 360\u00b0 Swivel Valas Prisukamiems Virbalams - Happyinaknit.com<\/title>\n<meta name=\"robots\" content=\"index, follow, max-snippet:-1, max-image-preview:large, max-video-preview:-1\" \/>\n<link rel=\"canonical\" href=\"https:\/\/happyinaknit.com\/lt\/produktas\/knitpro-360-swivel-valas-prisukamiems-virbalams\/\" \/>\n<meta property=\"og:locale\" content=\"lt_LT\" \/>\n<meta property=\"og:type\" content=\"article\" \/>\n<meta property=\"og:title\" content=\"KnitPro 360\u00b0 Swivel Valas Prisukamiems Virbalams - Happyinaknit.com\" \/>\n<meta property=\"og:description\" content=\"Patogus ir lankstus KnitPro 360\u00b0 Swivel valas prisukamiems virbalams \u2013 tai puikus pasirinkimas tiems, kurie vertina komfort\u0105 ir laisv\u0105 jud\u0117jim\u0105 mezgant. \u0160is rotacinis valas gali suktis aplink savo a\u0161\u012f 360\u00b0, tod\u0117l jis nesusisuka ir netempia mezginio, u\u017etikrindamas ypa\u010d skland\u0173 darb\u0105. Tinka visoms KnitPro prisukam\u0173 virbal\u0173 sistemoms (Symfonie, Zing, Nova, Karbonz ir kt.). Pagaminta Indijoje. Med\u017eiaga: [&hellip;]\" \/>\n<meta property=\"og:url\" content=\"https:\/\/happyinaknit.com\/lt\/produktas\/knitpro-360-swivel-valas-prisukamiems-virbalams\/\" \/>\n<meta property=\"og:site_name\" content=\"Happyinaknit.com\" \/>\n<meta property=\"article:modified_time\" content=\"2025-10-19T15:23:07+00:00\" \/>\n<meta property=\"og:image\" content=\"https:\/\/happyinaknit.com\/wp-content\/uploads\/2025\/10\/KnitPro-Swivel-Cables.jpg\" \/>\n\t<meta property=\"og:image:width\" content=\"500\" \/>\n\t<meta property=\"og:image:height\" content=\"500\" \/>\n\t<meta property=\"og:image:type\" content=\"image\/jpeg\" \/>\n<meta name=\"twitter:card\" content=\"summary_large_image\" \/>\n<script type=\"application\/ld+json\" class=\"yoast-schema-graph\">{\"@context\":\"https:\/\/schema.org\",\"@graph\":[{\"@type\":\"WebPage\",\"@id\":\"https:\/\/happyinaknit.com\/produktas\/knitpro-360-swivel-valas-prisukamiems-virbalams\/\",\"url\":\"https:\/\/happyinaknit.com\/produktas\/knitpro-360-swivel-valas-prisukamiems-virbalams\/\",\"name\":\"KnitPro 360\u00b0 Swivel Valas Prisukamiems Virbalams - Happyinaknit.com\",\"isPartOf\":{\"@id\":\"https:\/\/happyinaknit.com\/lt\/#website\"},\"primaryImageOfPage\":{\"@id\":\"https:\/\/happyinaknit.com\/produktas\/knitpro-360-swivel-valas-prisukamiems-virbalams\/#primaryimage\"},\"image\":{\"@id\":\"https:\/\/happyinaknit.com\/produktas\/knitpro-360-swivel-valas-prisukamiems-virbalams\/#primaryimage\"},\"thumbnailUrl\":\"https:\/\/happyinaknit.com\/wp-content\/uploads\/2025\/10\/KnitPro-Swivel-Cables.jpg\",\"datePublished\":\"2025-10-19T15:23:06+00:00\",\"dateModified\":\"2025-10-19T15:23:07+00:00\",\"breadcrumb\":{\"@id\":\"https:\/\/happyinaknit.com\/produktas\/knitpro-360-swivel-valas-prisukamiems-virbalams\/#breadcrumb\"},\"inLanguage\":\"lt-LT\",\"potentialAction\":[{\"@type\":\"ReadAction\",\"target\":[\"https:\/\/happyinaknit.com\/produktas\/knitpro-360-swivel-valas-prisukamiems-virbalams\/\"]}]},{\"@type\":\"ImageObject\",\"inLanguage\":\"lt-LT\",\"@id\":\"https:\/\/happyinaknit.com\/produktas\/knitpro-360-swivel-valas-prisukamiems-virbalams\/#primaryimage\",\"url\":\"https:\/\/happyinaknit.com\/wp-content\/uploads\/2025\/10\/KnitPro-Swivel-Cables.jpg\",\"contentUrl\":\"https:\/\/happyinaknit.com\/wp-content\/uploads\/2025\/10\/KnitPro-Swivel-Cables.jpg\",\"width\":500,\"height\":500},{\"@type\":\"BreadcrumbList\",\"@id\":\"https:\/\/happyinaknit.com\/produktas\/knitpro-360-swivel-valas-prisukamiems-virbalams\/#breadcrumb\",\"itemListElement\":[{\"@type\":\"ListItem\",\"position\":1,\"name\":\"Home\",\"item\":\"https:\/\/happyinaknit.com\/lt\/\"},{\"@type\":\"ListItem\",\"position\":2,\"name\":\"Parduotuv\u0117\",\"item\":\"https:\/\/happyinaknit.com\/lt\/parduotuve\/\"},{\"@type\":\"ListItem\",\"position\":3,\"name\":\"KnitPro 360\u00b0 Swivel Valas Prisukamiems Virbalams\"}]},{\"@type\":\"WebSite\",\"@id\":\"https:\/\/happyinaknit.com\/lt\/#website\",\"url\":\"https:\/\/happyinaknit.com\/lt\/\",\"name\":\"Happyinaknit.com\",\"description\":\"\",\"potentialAction\":[{\"@type\":\"SearchAction\",\"target\":{\"@type\":\"EntryPoint\",\"urlTemplate\":\"https:\/\/happyinaknit.com\/lt\/?s={search_term_string}\"},\"query-input\":{\"@type\":\"PropertyValueSpecification\",\"valueRequired\":true,\"valueName\":\"search_term_string\"}}],\"inLanguage\":\"lt-LT\"}]}<\/script>\n<!-- \/ Yoast SEO plugin. -->","yoast_head_json":{"title":"KnitPro 360\u00b0 Swivel Valas Prisukamiems Virbalams - Happyinaknit.com","robots":{"index":"index","follow":"follow","max-snippet":"max-snippet:-1","max-image-preview":"max-image-preview:large","max-video-preview":"max-video-preview:-1"},"canonical":"https:\/\/happyinaknit.com\/lt\/produktas\/knitpro-360-swivel-valas-prisukamiems-virbalams\/","og_locale":"lt_LT","og_type":"article","og_title":"KnitPro 360\u00b0 Swivel Valas Prisukamiems Virbalams - Happyinaknit.com","og_description":"Patogus ir lankstus KnitPro 360\u00b0 Swivel valas prisukamiems virbalams \u2013 tai puikus pasirinkimas tiems, kurie vertina komfort\u0105 ir laisv\u0105 jud\u0117jim\u0105 mezgant. \u0160is rotacinis valas gali suktis aplink savo a\u0161\u012f 360\u00b0, tod\u0117l jis nesusisuka ir netempia mezginio, u\u017etikrindamas ypa\u010d skland\u0173 darb\u0105. Tinka visoms KnitPro prisukam\u0173 virbal\u0173 sistemoms (Symfonie, Zing, Nova, Karbonz ir kt.). Pagaminta Indijoje. Med\u017eiaga: [&hellip;]","og_url":"https:\/\/happyinaknit.com\/lt\/produktas\/knitpro-360-swivel-valas-prisukamiems-virbalams\/","og_site_name":"Happyinaknit.com","article_modified_time":"2025-10-19T15:23:07+00:00","og_image":[{"width":500,"height":500,"url":"https:\/\/happyinaknit.com\/wp-content\/uploads\/2025\/10\/KnitPro-Swivel-Cables.jpg","type":"image\/jpeg"}],"twitter_card":"summary_large_image","schema":{"@context":"https:\/\/schema.org","@graph":[{"@type":"WebPage","@id":"https:\/\/happyinaknit.com\/produktas\/knitpro-360-swivel-valas-prisukamiems-virbalams\/","url":"https:\/\/happyinaknit.com\/produktas\/knitpro-360-swivel-valas-prisukamiems-virbalams\/","name":"KnitPro 360\u00b0 Swivel Valas Prisukamiems Virbalams - Happyinaknit.com","isPartOf":{"@id":"https:\/\/happyinaknit.com\/lt\/#website"},"primaryImageOfPage":{"@id":"https:\/\/happyinaknit.com\/produktas\/knitpro-360-swivel-valas-prisukamiems-virbalams\/#primaryimage"},"image":{"@id":"https:\/\/happyinaknit.com\/produktas\/knitpro-360-swivel-valas-prisukamiems-virbalams\/#primaryimage"},"thumbnailUrl":"https:\/\/happyinaknit.com\/wp-content\/uploads\/2025\/10\/KnitPro-Swivel-Cables.jpg","datePublished":"2025-10-19T15:23:06+00:00","dateModified":"2025-10-19T15:23:07+00:00","breadcrumb":{"@id":"https:\/\/happyinaknit.com\/produktas\/knitpro-360-swivel-valas-prisukamiems-virbalams\/#breadcrumb"},"inLanguage":"lt-LT","potentialAction":[{"@type":"ReadAction","target":["https:\/\/happyinaknit.com\/produktas\/knitpro-360-swivel-valas-prisukamiems-virbalams\/"]}]},{"@type":"ImageObject","inLanguage":"lt-LT","@id":"https:\/\/happyinaknit.com\/produktas\/knitpro-360-swivel-valas-prisukamiems-virbalams\/#primaryimage","url":"https:\/\/happyinaknit.com\/wp-content\/uploads\/2025\/10\/KnitPro-Swivel-Cables.jpg","contentUrl":"https:\/\/happyinaknit.com\/wp-content\/uploads\/2025\/10\/KnitPro-Swivel-Cables.jpg","width":500,"height":500},{"@type":"BreadcrumbList","@id":"https:\/\/happyinaknit.com\/produktas\/knitpro-360-swivel-valas-prisukamiems-virbalams\/#breadcrumb","itemListElement":[{"@type":"ListItem","position":1,"name":"Home","item":"https:\/\/happyinaknit.com\/lt\/"},{"@type":"ListItem","position":2,"name":"Parduotuv\u0117","item":"https:\/\/happyinaknit.com\/lt\/parduotuve\/"},{"@type":"ListItem","position":3,"name":"KnitPro 360\u00b0 Swivel Valas Prisukamiems Virbalams"}]},{"@type":"WebSite","@id":"https:\/\/happyinaknit.com\/lt\/#website","url":"https:\/\/happyinaknit.com\/lt\/","name":"Happyinaknit.com","description":"","potentialAction":[{"@type":"SearchAction","target":{"@type":"EntryPoint","urlTemplate":"https:\/\/happyinaknit.com\/lt\/?s={search_term_string}"},"query-input":{"@type":"PropertyValueSpecification","valueRequired":true,"valueName":"search_term_string"}}],"inLanguage":"lt-LT"}]}},"_links":{"self":[{"href":"https:\/\/happyinaknit.com\/lt\/wp-json\/wp\/v2\/product\/6586","targetHints":{"allow":["GET"]}}],"collection":[{"href":"https:\/\/happyinaknit.com\/lt\/wp-json\/wp\/v2\/product"}],"about":[{"href":"https:\/\/happyinaknit.com\/lt\/wp-json\/wp\/v2\/types\/product"}],"replies":[{"embeddable":true,"href":"https:\/\/happyinaknit.com\/lt\/wp-json\/wp\/v2\/comments?post=6586"}],"wp:featuredmedia":[{"embeddable":true,"href":"https:\/\/happyinaknit.com\/lt\/wp-json\/wp\/v2\/media\/6588"}],"wp:attachment":[{"href":"https:\/\/happyinaknit.com\/lt\/wp-json\/wp\/v2\/media?parent=6586"}],"wp:term":[{"taxonomy":"product_brand","embeddable":true,"href":"https:\/\/happyinaknit.com\/lt\/wp-json\/wp\/v2\/product_brand?post=6586"},{"taxonomy":"product_cat","embeddable":true,"href":"https:\/\/happyinaknit.com\/lt\/wp-json\/wp\/v2\/product_cat?post=6586"},{"taxonomy":"product_tag","embeddable":true,"href":"https:\/\/happyinaknit.com\/lt\/wp-json\/wp\/v2\/product_tag?post=6586"},{"taxonomy":"pro-kategorijos","embeddable":true,"href":"https:\/\/happyinaknit.com\/lt\/wp-json\/wp\/v2\/pro-kategorijos?post=6586"}],"curies":[{"name":"wp","href":"https:\/\/api.w.org\/{rel}","templated":true}]}}