{"id":6572,"date":"2025-10-19T15:10:59","date_gmt":"2025-10-19T15:10:59","guid":{"rendered":"https:\/\/happyinaknit.com\/?post_type=product&#038;p=6572"},"modified":"2025-10-28T13:31:24","modified_gmt":"2025-10-28T13:31:24","slug":"knitpro-nova-metal-virbalai-su-valu-50-cm","status":"publish","type":"product","link":"https:\/\/happyinaknit.com\/lt\/produktas\/knitpro-nova-metal-virbalai-su-valu-50-cm\/","title":{"rendered":"KnitPro Nova Metal Virbalai Su Valu 50 cm"},"content":{"rendered":"<p>Klasikiniai <b>KnitPro Nova Metal<\/b>\u00a0 \u2013 tai patikimi ir universal\u016bs metaliniai virbalai, pasi\u017eymintys <b>itin lygiu slydimu<\/b> ir tvirtumu. Jie puikiai tinka tiek smulkiems, tiek vidutinio dyd\u017eio mezginiams, suteikdami maksimal\u0173 komfort\u0105 mezgant.<\/p>\n<p>Virbalai pagaminti i\u0161 auk\u0161tos kokyb\u0117s metalo, padengto <b>nikelio danga<\/b>, kuri u\u017etikrina glotn\u0173 pavir\u0161i\u0173 ir malon\u0173 lietimui \u0161altuk\u0105. Valas yra lankstus ir patvarus, o jungtis tarp virbalo ir valo \u2013 idealiai lygi.<\/p>\n<p>Pagaminta Indijoje.<\/p>\n<p><b>Med\u017eiaga:<\/b> metalas su nikeliuota danga<\/p>\n<p><b>Bendras ilgis:<\/b> 50 cm<\/p>\n<p><b>Valas:<\/b> lankstus plastikinis valas<\/p>\n<p><b>Pastaba:<\/b> spalv\u0173 atspalviai gali \u0161iek tiek skirtis priklausomai nuo \u012frenginio ekrano.<\/p>\n","protected":false},"excerpt":{"rendered":"<p>Klasikiniai KnitPro Nova Metal\u00a0 \u2013 tai patikimi ir universal\u016bs metaliniai virbalai, pasi\u017eymintys itin lygiu slydimu ir tvirtumu. Jie puikiai tinka tiek smulkiems, tiek vidutinio dyd\u017eio mezginiams, suteikdami maksimal\u0173 komfort\u0105 mezgant. Virbalai pagaminti i\u0161 auk\u0161tos kokyb\u0117s metalo, padengto nikelio danga, kuri u\u017etikrina glotn\u0173 pavir\u0161i\u0173 ir malon\u0173 lietimui \u0161altuk\u0105. Valas yra lankstus ir patvarus, o jungtis tarp [&hellip;]<\/p>\n","protected":false},"featured_media":6573,"comment_status":"open","ping_status":"closed","template":"","meta":{"_acf_changed":false},"product_brand":[1069],"product_cat":[15,19,862],"product_tag":[],"pro-kategorijos":[],"class_list":{"0":"post-6572","1":"product","2":"type-product","3":"status-publish","4":"has-post-thumbnail","6":"product_brand-knitpro","7":"product_cat-visi-produktai","8":"product_cat-mezgimo-priemones","9":"product_cat-virbalai-su-valu","11":"first","12":"instock","13":"shipping-taxable","14":"purchasable","15":"product-type-variable"},"acf":[],"yoast_head":"<!-- This site is optimized with the Yoast SEO plugin v26.8 - https:\/\/yoast.com\/product\/yoast-seo-wordpress\/ -->\n<title>KnitPro Nova Metal Virbalai Su Valu 50 cm - Happyinaknit.com<\/title>\n<meta name=\"robots\" content=\"index, follow, max-snippet:-1, max-image-preview:large, max-video-preview:-1\" \/>\n<link rel=\"canonical\" href=\"https:\/\/happyinaknit.com\/lt\/produktas\/knitpro-nova-metal-virbalai-su-valu-50-cm\/\" \/>\n<meta property=\"og:locale\" content=\"lt_LT\" \/>\n<meta property=\"og:type\" content=\"article\" \/>\n<meta property=\"og:title\" content=\"KnitPro Nova Metal Virbalai Su Valu 50 cm - Happyinaknit.com\" \/>\n<meta property=\"og:description\" content=\"Klasikiniai KnitPro Nova Metal\u00a0 \u2013 tai patikimi ir universal\u016bs metaliniai virbalai, pasi\u017eymintys itin lygiu slydimu ir tvirtumu. Jie puikiai tinka tiek smulkiems, tiek vidutinio dyd\u017eio mezginiams, suteikdami maksimal\u0173 komfort\u0105 mezgant. Virbalai pagaminti i\u0161 auk\u0161tos kokyb\u0117s metalo, padengto nikelio danga, kuri u\u017etikrina glotn\u0173 pavir\u0161i\u0173 ir malon\u0173 lietimui \u0161altuk\u0105. Valas yra lankstus ir patvarus, o jungtis tarp [&hellip;]\" \/>\n<meta property=\"og:url\" content=\"https:\/\/happyinaknit.com\/lt\/produktas\/knitpro-nova-metal-virbalai-su-valu-50-cm\/\" \/>\n<meta property=\"og:site_name\" content=\"Happyinaknit.com\" \/>\n<meta property=\"article:modified_time\" content=\"2025-10-28T13:31:24+00:00\" \/>\n<meta property=\"og:image\" content=\"https:\/\/happyinaknit.com\/wp-content\/uploads\/2025\/10\/11392-12mm.150cm.jpg\" \/>\n\t<meta property=\"og:image:width\" content=\"540\" \/>\n\t<meta property=\"og:image:height\" content=\"540\" \/>\n\t<meta property=\"og:image:type\" content=\"image\/jpeg\" \/>\n<meta name=\"twitter:card\" content=\"summary_large_image\" \/>\n<script type=\"application\/ld+json\" class=\"yoast-schema-graph\">{\"@context\":\"https:\/\/schema.org\",\"@graph\":[{\"@type\":\"WebPage\",\"@id\":\"https:\/\/happyinaknit.com\/produktas\/knitpro-nova-metal-virbalai-su-valu-50-cm\/\",\"url\":\"https:\/\/happyinaknit.com\/produktas\/knitpro-nova-metal-virbalai-su-valu-50-cm\/\",\"name\":\"KnitPro Nova Metal Virbalai Su Valu 50 cm - Happyinaknit.com\",\"isPartOf\":{\"@id\":\"https:\/\/happyinaknit.com\/lt\/#website\"},\"primaryImageOfPage\":{\"@id\":\"https:\/\/happyinaknit.com\/produktas\/knitpro-nova-metal-virbalai-su-valu-50-cm\/#primaryimage\"},\"image\":{\"@id\":\"https:\/\/happyinaknit.com\/produktas\/knitpro-nova-metal-virbalai-su-valu-50-cm\/#primaryimage\"},\"thumbnailUrl\":\"https:\/\/happyinaknit.com\/wp-content\/uploads\/2025\/10\/11392-12mm.150cm.jpg\",\"datePublished\":\"2025-10-19T15:10:59+00:00\",\"dateModified\":\"2025-10-28T13:31:24+00:00\",\"breadcrumb\":{\"@id\":\"https:\/\/happyinaknit.com\/produktas\/knitpro-nova-metal-virbalai-su-valu-50-cm\/#breadcrumb\"},\"inLanguage\":\"lt-LT\",\"potentialAction\":[{\"@type\":\"ReadAction\",\"target\":[\"https:\/\/happyinaknit.com\/produktas\/knitpro-nova-metal-virbalai-su-valu-50-cm\/\"]}]},{\"@type\":\"ImageObject\",\"inLanguage\":\"lt-LT\",\"@id\":\"https:\/\/happyinaknit.com\/produktas\/knitpro-nova-metal-virbalai-su-valu-50-cm\/#primaryimage\",\"url\":\"https:\/\/happyinaknit.com\/wp-content\/uploads\/2025\/10\/11392-12mm.150cm.jpg\",\"contentUrl\":\"https:\/\/happyinaknit.com\/wp-content\/uploads\/2025\/10\/11392-12mm.150cm.jpg\",\"width\":540,\"height\":540},{\"@type\":\"BreadcrumbList\",\"@id\":\"https:\/\/happyinaknit.com\/produktas\/knitpro-nova-metal-virbalai-su-valu-50-cm\/#breadcrumb\",\"itemListElement\":[{\"@type\":\"ListItem\",\"position\":1,\"name\":\"Home\",\"item\":\"https:\/\/happyinaknit.com\/lt\/\"},{\"@type\":\"ListItem\",\"position\":2,\"name\":\"Parduotuv\u0117\",\"item\":\"https:\/\/happyinaknit.com\/lt\/parduotuve\/\"},{\"@type\":\"ListItem\",\"position\":3,\"name\":\"KnitPro Nova Metal Virbalai Su Valu 50 cm\"}]},{\"@type\":\"WebSite\",\"@id\":\"https:\/\/happyinaknit.com\/lt\/#website\",\"url\":\"https:\/\/happyinaknit.com\/lt\/\",\"name\":\"Happyinaknit.com\",\"description\":\"\",\"potentialAction\":[{\"@type\":\"SearchAction\",\"target\":{\"@type\":\"EntryPoint\",\"urlTemplate\":\"https:\/\/happyinaknit.com\/lt\/?s={search_term_string}\"},\"query-input\":{\"@type\":\"PropertyValueSpecification\",\"valueRequired\":true,\"valueName\":\"search_term_string\"}}],\"inLanguage\":\"lt-LT\"}]}<\/script>\n<!-- \/ Yoast SEO plugin. -->","yoast_head_json":{"title":"KnitPro Nova Metal Virbalai Su Valu 50 cm - Happyinaknit.com","robots":{"index":"index","follow":"follow","max-snippet":"max-snippet:-1","max-image-preview":"max-image-preview:large","max-video-preview":"max-video-preview:-1"},"canonical":"https:\/\/happyinaknit.com\/lt\/produktas\/knitpro-nova-metal-virbalai-su-valu-50-cm\/","og_locale":"lt_LT","og_type":"article","og_title":"KnitPro Nova Metal Virbalai Su Valu 50 cm - Happyinaknit.com","og_description":"Klasikiniai KnitPro Nova Metal\u00a0 \u2013 tai patikimi ir universal\u016bs metaliniai virbalai, pasi\u017eymintys itin lygiu slydimu ir tvirtumu. Jie puikiai tinka tiek smulkiems, tiek vidutinio dyd\u017eio mezginiams, suteikdami maksimal\u0173 komfort\u0105 mezgant. Virbalai pagaminti i\u0161 auk\u0161tos kokyb\u0117s metalo, padengto nikelio danga, kuri u\u017etikrina glotn\u0173 pavir\u0161i\u0173 ir malon\u0173 lietimui \u0161altuk\u0105. Valas yra lankstus ir patvarus, o jungtis tarp [&hellip;]","og_url":"https:\/\/happyinaknit.com\/lt\/produktas\/knitpro-nova-metal-virbalai-su-valu-50-cm\/","og_site_name":"Happyinaknit.com","article_modified_time":"2025-10-28T13:31:24+00:00","og_image":[{"width":540,"height":540,"url":"https:\/\/happyinaknit.com\/wp-content\/uploads\/2025\/10\/11392-12mm.150cm.jpg","type":"image\/jpeg"}],"twitter_card":"summary_large_image","schema":{"@context":"https:\/\/schema.org","@graph":[{"@type":"WebPage","@id":"https:\/\/happyinaknit.com\/produktas\/knitpro-nova-metal-virbalai-su-valu-50-cm\/","url":"https:\/\/happyinaknit.com\/produktas\/knitpro-nova-metal-virbalai-su-valu-50-cm\/","name":"KnitPro Nova Metal Virbalai Su Valu 50 cm - Happyinaknit.com","isPartOf":{"@id":"https:\/\/happyinaknit.com\/lt\/#website"},"primaryImageOfPage":{"@id":"https:\/\/happyinaknit.com\/produktas\/knitpro-nova-metal-virbalai-su-valu-50-cm\/#primaryimage"},"image":{"@id":"https:\/\/happyinaknit.com\/produktas\/knitpro-nova-metal-virbalai-su-valu-50-cm\/#primaryimage"},"thumbnailUrl":"https:\/\/happyinaknit.com\/wp-content\/uploads\/2025\/10\/11392-12mm.150cm.jpg","datePublished":"2025-10-19T15:10:59+00:00","dateModified":"2025-10-28T13:31:24+00:00","breadcrumb":{"@id":"https:\/\/happyinaknit.com\/produktas\/knitpro-nova-metal-virbalai-su-valu-50-cm\/#breadcrumb"},"inLanguage":"lt-LT","potentialAction":[{"@type":"ReadAction","target":["https:\/\/happyinaknit.com\/produktas\/knitpro-nova-metal-virbalai-su-valu-50-cm\/"]}]},{"@type":"ImageObject","inLanguage":"lt-LT","@id":"https:\/\/happyinaknit.com\/produktas\/knitpro-nova-metal-virbalai-su-valu-50-cm\/#primaryimage","url":"https:\/\/happyinaknit.com\/wp-content\/uploads\/2025\/10\/11392-12mm.150cm.jpg","contentUrl":"https:\/\/happyinaknit.com\/wp-content\/uploads\/2025\/10\/11392-12mm.150cm.jpg","width":540,"height":540},{"@type":"BreadcrumbList","@id":"https:\/\/happyinaknit.com\/produktas\/knitpro-nova-metal-virbalai-su-valu-50-cm\/#breadcrumb","itemListElement":[{"@type":"ListItem","position":1,"name":"Home","item":"https:\/\/happyinaknit.com\/lt\/"},{"@type":"ListItem","position":2,"name":"Parduotuv\u0117","item":"https:\/\/happyinaknit.com\/lt\/parduotuve\/"},{"@type":"ListItem","position":3,"name":"KnitPro Nova Metal Virbalai Su Valu 50 cm"}]},{"@type":"WebSite","@id":"https:\/\/happyinaknit.com\/lt\/#website","url":"https:\/\/happyinaknit.com\/lt\/","name":"Happyinaknit.com","description":"","potentialAction":[{"@type":"SearchAction","target":{"@type":"EntryPoint","urlTemplate":"https:\/\/happyinaknit.com\/lt\/?s={search_term_string}"},"query-input":{"@type":"PropertyValueSpecification","valueRequired":true,"valueName":"search_term_string"}}],"inLanguage":"lt-LT"}]}},"_links":{"self":[{"href":"https:\/\/happyinaknit.com\/lt\/wp-json\/wp\/v2\/product\/6572","targetHints":{"allow":["GET"]}}],"collection":[{"href":"https:\/\/happyinaknit.com\/lt\/wp-json\/wp\/v2\/product"}],"about":[{"href":"https:\/\/happyinaknit.com\/lt\/wp-json\/wp\/v2\/types\/product"}],"replies":[{"embeddable":true,"href":"https:\/\/happyinaknit.com\/lt\/wp-json\/wp\/v2\/comments?post=6572"}],"wp:featuredmedia":[{"embeddable":true,"href":"https:\/\/happyinaknit.com\/lt\/wp-json\/wp\/v2\/media\/6573"}],"wp:attachment":[{"href":"https:\/\/happyinaknit.com\/lt\/wp-json\/wp\/v2\/media?parent=6572"}],"wp:term":[{"taxonomy":"product_brand","embeddable":true,"href":"https:\/\/happyinaknit.com\/lt\/wp-json\/wp\/v2\/product_brand?post=6572"},{"taxonomy":"product_cat","embeddable":true,"href":"https:\/\/happyinaknit.com\/lt\/wp-json\/wp\/v2\/product_cat?post=6572"},{"taxonomy":"product_tag","embeddable":true,"href":"https:\/\/happyinaknit.com\/lt\/wp-json\/wp\/v2\/product_tag?post=6572"},{"taxonomy":"pro-kategorijos","embeddable":true,"href":"https:\/\/happyinaknit.com\/lt\/wp-json\/wp\/v2\/pro-kategorijos?post=6572"}],"curies":[{"name":"wp","href":"https:\/\/api.w.org\/{rel}","templated":true}]}}