{"id":6530,"date":"2025-10-19T14:38:39","date_gmt":"2025-10-19T14:38:39","guid":{"rendered":"https:\/\/happyinaknit.com\/?post_type=product&#038;p=6530"},"modified":"2026-01-15T14:33:10","modified_gmt":"2026-01-15T14:33:10","slug":"knitpro-symfonie-kojininiai-mediniai-virbalai-15-cm","status":"publish","type":"product","link":"https:\/\/happyinaknit.com\/lt\/produktas\/knitpro-symfonie-kojininiai-mediniai-virbalai-15-cm\/","title":{"rendered":"KnitPro Symfonie Kojininiai Mediniai Virbalai 15 cm"},"content":{"rendered":"<p>Auk\u0161tos kokyb\u0117s <b>KnitPro Symfonie<\/b> mediniai virbalai \u2013 puikus pasirinkimas mezgant <b>kojines, pir\u0161tines, kepures ar kitus ma\u017eos apimties gaminius<\/b>. Rinkinyje yra <b>5 virbalai<\/b>, pagaminti i\u0161 kruop\u0161\u010diai nu\u0161lifuoto <b>ber\u017eo med\u017eio<\/b>, kuris yra \u0161iltas, lengvas ir malonus rankai.<\/p>\n<p>\u0160ie virbalai u\u017etikrina skland\u0173 si\u016bl\u0173 slydim\u0105, ta\u010diau neleid\u017eia jiems slysti per greitai \u2013 tod\u0117l mezgimas i\u0161lieka tolygus ir patogus net ilgesn\u012f laik\u0105.<\/p>\n<p>Pagaminta Indijoje.<\/p>\n<p><b>Med\u017eiaga:<\/b> ber\u017eas<\/p>\n<p><b>Virbal\u0173 ilgis:<\/b> 15 cm<\/p>\n<p><b>Kiekis rinkinyje:<\/b> 5 virbalai<\/p>\n<p><b>Ypatyb\u0117s:<\/b> \u0161ilti, lengvi, nat\u016bral\u016bs, lygiai nu\u0161lifuoti<\/p>\n<p><b>Pastaba:<\/b> spalv\u0173 atspalviai gali \u0161iek tiek skirtis priklausomai nuo \u012frenginio ekrano.<\/p>\n","protected":false},"excerpt":{"rendered":"<p>Auk\u0161tos kokyb\u0117s KnitPro Symfonie mediniai virbalai \u2013 puikus pasirinkimas mezgant kojines, pir\u0161tines, kepures ar kitus ma\u017eos apimties gaminius. Rinkinyje yra 5 virbalai, pagaminti i\u0161 kruop\u0161\u010diai nu\u0161lifuoto ber\u017eo med\u017eio, kuris yra \u0161iltas, lengvas ir malonus rankai. \u0160ie virbalai u\u017etikrina skland\u0173 si\u016bl\u0173 slydim\u0105, ta\u010diau neleid\u017eia jiems slysti per greitai \u2013 tod\u0117l mezgimas i\u0161lieka tolygus ir patogus net [&hellip;]<\/p>\n","protected":false},"featured_media":6531,"comment_status":"open","ping_status":"closed","template":"","meta":{"_acf_changed":false},"product_brand":[1069],"product_cat":[15,19,865],"product_tag":[],"pro-kategorijos":[],"class_list":{"0":"post-6530","1":"product","2":"type-product","3":"status-publish","4":"has-post-thumbnail","6":"product_brand-knitpro","7":"product_cat-visi-produktai","8":"product_cat-mezgimo-priemones","9":"product_cat-virbalai-kojinems","11":"first","12":"instock","13":"shipping-taxable","14":"purchasable","15":"product-type-variable"},"acf":[],"yoast_head":"<!-- This site is optimized with the Yoast SEO plugin v26.8 - https:\/\/yoast.com\/product\/yoast-seo-wordpress\/ -->\n<title>KnitPro Symfonie Kojininiai Mediniai Virbalai 15 cm - Happyinaknit.com<\/title>\n<meta name=\"robots\" content=\"index, follow, max-snippet:-1, max-image-preview:large, max-video-preview:-1\" \/>\n<link rel=\"canonical\" href=\"https:\/\/happyinaknit.com\/lt\/produktas\/knitpro-symfonie-kojininiai-mediniai-virbalai-15-cm\/\" \/>\n<meta property=\"og:locale\" content=\"lt_LT\" \/>\n<meta property=\"og:type\" content=\"article\" \/>\n<meta property=\"og:title\" content=\"KnitPro Symfonie Kojininiai Mediniai Virbalai 15 cm - Happyinaknit.com\" \/>\n<meta property=\"og:description\" content=\"Auk\u0161tos kokyb\u0117s KnitPro Symfonie mediniai virbalai \u2013 puikus pasirinkimas mezgant kojines, pir\u0161tines, kepures ar kitus ma\u017eos apimties gaminius. Rinkinyje yra 5 virbalai, pagaminti i\u0161 kruop\u0161\u010diai nu\u0161lifuoto ber\u017eo med\u017eio, kuris yra \u0161iltas, lengvas ir malonus rankai. \u0160ie virbalai u\u017etikrina skland\u0173 si\u016bl\u0173 slydim\u0105, ta\u010diau neleid\u017eia jiems slysti per greitai \u2013 tod\u0117l mezgimas i\u0161lieka tolygus ir patogus net [&hellip;]\" \/>\n<meta property=\"og:url\" content=\"https:\/\/happyinaknit.com\/lt\/produktas\/knitpro-symfonie-kojininiai-mediniai-virbalai-15-cm\/\" \/>\n<meta property=\"og:site_name\" content=\"Happyinaknit.com\" \/>\n<meta property=\"article:modified_time\" content=\"2026-01-15T14:33:10+00:00\" \/>\n<meta property=\"og:image\" content=\"https:\/\/happyinaknit.com\/wp-content\/uploads\/2025\/10\/1573751396.jpg\" \/>\n\t<meta property=\"og:image:width\" content=\"1200\" \/>\n\t<meta property=\"og:image:height\" content=\"1200\" \/>\n\t<meta property=\"og:image:type\" content=\"image\/jpeg\" \/>\n<meta name=\"twitter:card\" content=\"summary_large_image\" \/>\n<meta name=\"twitter:label1\" content=\"Est. reading time\" \/>\n\t<meta name=\"twitter:data1\" content=\"1 minut\u0117\" \/>\n<script type=\"application\/ld+json\" class=\"yoast-schema-graph\">{\"@context\":\"https:\/\/schema.org\",\"@graph\":[{\"@type\":\"WebPage\",\"@id\":\"https:\/\/happyinaknit.com\/produktas\/knitpro-symfonie-kojininiai-mediniai-virbalai-15-cm\/\",\"url\":\"https:\/\/happyinaknit.com\/produktas\/knitpro-symfonie-kojininiai-mediniai-virbalai-15-cm\/\",\"name\":\"KnitPro Symfonie Kojininiai Mediniai Virbalai 15 cm - Happyinaknit.com\",\"isPartOf\":{\"@id\":\"https:\/\/happyinaknit.com\/lt\/#website\"},\"primaryImageOfPage\":{\"@id\":\"https:\/\/happyinaknit.com\/produktas\/knitpro-symfonie-kojininiai-mediniai-virbalai-15-cm\/#primaryimage\"},\"image\":{\"@id\":\"https:\/\/happyinaknit.com\/produktas\/knitpro-symfonie-kojininiai-mediniai-virbalai-15-cm\/#primaryimage\"},\"thumbnailUrl\":\"https:\/\/happyinaknit.com\/wp-content\/uploads\/2025\/10\/1573751396.jpg\",\"datePublished\":\"2025-10-19T14:38:39+00:00\",\"dateModified\":\"2026-01-15T14:33:10+00:00\",\"breadcrumb\":{\"@id\":\"https:\/\/happyinaknit.com\/produktas\/knitpro-symfonie-kojininiai-mediniai-virbalai-15-cm\/#breadcrumb\"},\"inLanguage\":\"lt-LT\",\"potentialAction\":[{\"@type\":\"ReadAction\",\"target\":[\"https:\/\/happyinaknit.com\/produktas\/knitpro-symfonie-kojininiai-mediniai-virbalai-15-cm\/\"]}]},{\"@type\":\"ImageObject\",\"inLanguage\":\"lt-LT\",\"@id\":\"https:\/\/happyinaknit.com\/produktas\/knitpro-symfonie-kojininiai-mediniai-virbalai-15-cm\/#primaryimage\",\"url\":\"https:\/\/happyinaknit.com\/wp-content\/uploads\/2025\/10\/1573751396.jpg\",\"contentUrl\":\"https:\/\/happyinaknit.com\/wp-content\/uploads\/2025\/10\/1573751396.jpg\",\"width\":1200,\"height\":1200},{\"@type\":\"BreadcrumbList\",\"@id\":\"https:\/\/happyinaknit.com\/produktas\/knitpro-symfonie-kojininiai-mediniai-virbalai-15-cm\/#breadcrumb\",\"itemListElement\":[{\"@type\":\"ListItem\",\"position\":1,\"name\":\"Home\",\"item\":\"https:\/\/happyinaknit.com\/lt\/\"},{\"@type\":\"ListItem\",\"position\":2,\"name\":\"Parduotuv\u0117\",\"item\":\"https:\/\/happyinaknit.com\/lt\/parduotuve\/\"},{\"@type\":\"ListItem\",\"position\":3,\"name\":\"KnitPro Symfonie Kojininiai Mediniai Virbalai 15 cm\"}]},{\"@type\":\"WebSite\",\"@id\":\"https:\/\/happyinaknit.com\/lt\/#website\",\"url\":\"https:\/\/happyinaknit.com\/lt\/\",\"name\":\"Happyinaknit.com\",\"description\":\"\",\"potentialAction\":[{\"@type\":\"SearchAction\",\"target\":{\"@type\":\"EntryPoint\",\"urlTemplate\":\"https:\/\/happyinaknit.com\/lt\/?s={search_term_string}\"},\"query-input\":{\"@type\":\"PropertyValueSpecification\",\"valueRequired\":true,\"valueName\":\"search_term_string\"}}],\"inLanguage\":\"lt-LT\"}]}<\/script>\n<!-- \/ Yoast SEO plugin. -->","yoast_head_json":{"title":"KnitPro Symfonie Kojininiai Mediniai Virbalai 15 cm - Happyinaknit.com","robots":{"index":"index","follow":"follow","max-snippet":"max-snippet:-1","max-image-preview":"max-image-preview:large","max-video-preview":"max-video-preview:-1"},"canonical":"https:\/\/happyinaknit.com\/lt\/produktas\/knitpro-symfonie-kojininiai-mediniai-virbalai-15-cm\/","og_locale":"lt_LT","og_type":"article","og_title":"KnitPro Symfonie Kojininiai Mediniai Virbalai 15 cm - Happyinaknit.com","og_description":"Auk\u0161tos kokyb\u0117s KnitPro Symfonie mediniai virbalai \u2013 puikus pasirinkimas mezgant kojines, pir\u0161tines, kepures ar kitus ma\u017eos apimties gaminius. Rinkinyje yra 5 virbalai, pagaminti i\u0161 kruop\u0161\u010diai nu\u0161lifuoto ber\u017eo med\u017eio, kuris yra \u0161iltas, lengvas ir malonus rankai. \u0160ie virbalai u\u017etikrina skland\u0173 si\u016bl\u0173 slydim\u0105, ta\u010diau neleid\u017eia jiems slysti per greitai \u2013 tod\u0117l mezgimas i\u0161lieka tolygus ir patogus net [&hellip;]","og_url":"https:\/\/happyinaknit.com\/lt\/produktas\/knitpro-symfonie-kojininiai-mediniai-virbalai-15-cm\/","og_site_name":"Happyinaknit.com","article_modified_time":"2026-01-15T14:33:10+00:00","og_image":[{"width":1200,"height":1200,"url":"https:\/\/happyinaknit.com\/wp-content\/uploads\/2025\/10\/1573751396.jpg","type":"image\/jpeg"}],"twitter_card":"summary_large_image","twitter_misc":{"Est. reading time":"1 minut\u0117"},"schema":{"@context":"https:\/\/schema.org","@graph":[{"@type":"WebPage","@id":"https:\/\/happyinaknit.com\/produktas\/knitpro-symfonie-kojininiai-mediniai-virbalai-15-cm\/","url":"https:\/\/happyinaknit.com\/produktas\/knitpro-symfonie-kojininiai-mediniai-virbalai-15-cm\/","name":"KnitPro Symfonie Kojininiai Mediniai Virbalai 15 cm - Happyinaknit.com","isPartOf":{"@id":"https:\/\/happyinaknit.com\/lt\/#website"},"primaryImageOfPage":{"@id":"https:\/\/happyinaknit.com\/produktas\/knitpro-symfonie-kojininiai-mediniai-virbalai-15-cm\/#primaryimage"},"image":{"@id":"https:\/\/happyinaknit.com\/produktas\/knitpro-symfonie-kojininiai-mediniai-virbalai-15-cm\/#primaryimage"},"thumbnailUrl":"https:\/\/happyinaknit.com\/wp-content\/uploads\/2025\/10\/1573751396.jpg","datePublished":"2025-10-19T14:38:39+00:00","dateModified":"2026-01-15T14:33:10+00:00","breadcrumb":{"@id":"https:\/\/happyinaknit.com\/produktas\/knitpro-symfonie-kojininiai-mediniai-virbalai-15-cm\/#breadcrumb"},"inLanguage":"lt-LT","potentialAction":[{"@type":"ReadAction","target":["https:\/\/happyinaknit.com\/produktas\/knitpro-symfonie-kojininiai-mediniai-virbalai-15-cm\/"]}]},{"@type":"ImageObject","inLanguage":"lt-LT","@id":"https:\/\/happyinaknit.com\/produktas\/knitpro-symfonie-kojininiai-mediniai-virbalai-15-cm\/#primaryimage","url":"https:\/\/happyinaknit.com\/wp-content\/uploads\/2025\/10\/1573751396.jpg","contentUrl":"https:\/\/happyinaknit.com\/wp-content\/uploads\/2025\/10\/1573751396.jpg","width":1200,"height":1200},{"@type":"BreadcrumbList","@id":"https:\/\/happyinaknit.com\/produktas\/knitpro-symfonie-kojininiai-mediniai-virbalai-15-cm\/#breadcrumb","itemListElement":[{"@type":"ListItem","position":1,"name":"Home","item":"https:\/\/happyinaknit.com\/lt\/"},{"@type":"ListItem","position":2,"name":"Parduotuv\u0117","item":"https:\/\/happyinaknit.com\/lt\/parduotuve\/"},{"@type":"ListItem","position":3,"name":"KnitPro Symfonie Kojininiai Mediniai Virbalai 15 cm"}]},{"@type":"WebSite","@id":"https:\/\/happyinaknit.com\/lt\/#website","url":"https:\/\/happyinaknit.com\/lt\/","name":"Happyinaknit.com","description":"","potentialAction":[{"@type":"SearchAction","target":{"@type":"EntryPoint","urlTemplate":"https:\/\/happyinaknit.com\/lt\/?s={search_term_string}"},"query-input":{"@type":"PropertyValueSpecification","valueRequired":true,"valueName":"search_term_string"}}],"inLanguage":"lt-LT"}]}},"_links":{"self":[{"href":"https:\/\/happyinaknit.com\/lt\/wp-json\/wp\/v2\/product\/6530","targetHints":{"allow":["GET"]}}],"collection":[{"href":"https:\/\/happyinaknit.com\/lt\/wp-json\/wp\/v2\/product"}],"about":[{"href":"https:\/\/happyinaknit.com\/lt\/wp-json\/wp\/v2\/types\/product"}],"replies":[{"embeddable":true,"href":"https:\/\/happyinaknit.com\/lt\/wp-json\/wp\/v2\/comments?post=6530"}],"wp:featuredmedia":[{"embeddable":true,"href":"https:\/\/happyinaknit.com\/lt\/wp-json\/wp\/v2\/media\/6531"}],"wp:attachment":[{"href":"https:\/\/happyinaknit.com\/lt\/wp-json\/wp\/v2\/media?parent=6530"}],"wp:term":[{"taxonomy":"product_brand","embeddable":true,"href":"https:\/\/happyinaknit.com\/lt\/wp-json\/wp\/v2\/product_brand?post=6530"},{"taxonomy":"product_cat","embeddable":true,"href":"https:\/\/happyinaknit.com\/lt\/wp-json\/wp\/v2\/product_cat?post=6530"},{"taxonomy":"product_tag","embeddable":true,"href":"https:\/\/happyinaknit.com\/lt\/wp-json\/wp\/v2\/product_tag?post=6530"},{"taxonomy":"pro-kategorijos","embeddable":true,"href":"https:\/\/happyinaknit.com\/lt\/wp-json\/wp\/v2\/pro-kategorijos?post=6530"}],"curies":[{"name":"wp","href":"https:\/\/api.w.org\/{rel}","templated":true}]}}