{"id":6452,"date":"2025-10-19T13:26:01","date_gmt":"2025-10-19T13:26:01","guid":{"rendered":"https:\/\/happyinaknit.com\/?post_type=product&#038;p=6452"},"modified":"2025-10-26T19:37:51","modified_gmt":"2025-10-26T19:37:51","slug":"addi-unicorn-%f0%9f%a6%84-valas-prisukamiems-virbalams","status":"publish","type":"product","link":"https:\/\/happyinaknit.com\/lt\/produktas\/addi-unicorn-%f0%9f%a6%84-valas-prisukamiems-virbalams\/","title":{"rendered":"Addi Unicorn \ud83e\udd84  Valas prisukamiems virbalams"},"content":{"rendered":"<p>Ro\u017einis \u201eAddi Unicorn\u201c valas prisukamiems virbalams \u2013 stilingas ir patikimas pasirinkimas mezgimo m\u0117g\u0117jams. Pagamintas i\u0161 tvirto plastiko su metaliniais sujungimais, \u0161is valas u\u017etikrina skland\u0173 si\u016bl\u0173 slydim\u0105 ir stabil\u0173 sujungim\u0105 su virbalais. Tinka visiems virbalams i\u0161 <b>Addi Click<\/b> sistemos \u2013 galima derinti su \u012fvairiomis serijomis, \u012fskaitant <b>Unicorn<\/b>, <b>Novel<\/b>, <b>Lace<\/b> ir kt.<\/p>\n<p>Pagaminta Vokietijoje.<\/p>\n<p><b>Med\u017eiaga:<\/b> metalas + plastikas<\/p>\n<p><b>Spalva:<\/b> ro\u017ein\u0117<\/p>\n<p><b>Tinka sistemai:<\/b> <i>Addi Click<\/i> (visoms suderinamoms serijoms)<\/p>\n<p><b>Pastaba:<\/b> spalv\u0173 atspalviai gali \u0161iek tiek skirtis priklausomai nuo \u012frenginio ekrano.<\/p>\n","protected":false},"excerpt":{"rendered":"<p>Ro\u017einis \u201eAddi Unicorn\u201c valas prisukamiems virbalams \u2013 stilingas ir patikimas pasirinkimas mezgimo m\u0117g\u0117jams. Pagamintas i\u0161 tvirto plastiko su metaliniais sujungimais, \u0161is valas u\u017etikrina skland\u0173 si\u016bl\u0173 slydim\u0105 ir stabil\u0173 sujungim\u0105 su virbalais. Tinka visiems virbalams i\u0161 Addi Click sistemos \u2013 galima derinti su \u012fvairiomis serijomis, \u012fskaitant Unicorn, Novel, Lace ir kt. Pagaminta Vokietijoje. Med\u017eiaga: metalas + [&hellip;]<\/p>\n","protected":false},"featured_media":6453,"comment_status":"open","ping_status":"closed","template":"","meta":{"_acf_changed":false},"product_brand":[786],"product_cat":[15,19,864],"product_tag":[],"pro-kategorijos":[],"class_list":{"0":"post-6452","1":"product","2":"type-product","3":"status-publish","4":"has-post-thumbnail","6":"product_brand-addi","7":"product_cat-visi-produktai","8":"product_cat-mezgimo-priemones","9":"product_cat-valai-virbalams","11":"first","12":"instock","13":"shipping-taxable","14":"purchasable","15":"product-type-variable"},"acf":[],"yoast_head":"<!-- This site is optimized with the Yoast SEO plugin v26.8 - https:\/\/yoast.com\/product\/yoast-seo-wordpress\/ -->\n<title>Addi Unicorn \ud83e\udd84 Valas prisukamiems virbalams - Happyinaknit.com<\/title>\n<meta name=\"robots\" content=\"index, follow, max-snippet:-1, max-image-preview:large, max-video-preview:-1\" \/>\n<link rel=\"canonical\" href=\"https:\/\/happyinaknit.com\/lt\/produktas\/addi-unicorn-\ud83e\udd84-valas-prisukamiems-virbalams\/\" \/>\n<meta property=\"og:locale\" content=\"lt_LT\" \/>\n<meta property=\"og:type\" content=\"article\" \/>\n<meta property=\"og:title\" content=\"Addi Unicorn \ud83e\udd84 Valas prisukamiems virbalams - Happyinaknit.com\" \/>\n<meta property=\"og:description\" content=\"Ro\u017einis \u201eAddi Unicorn\u201c valas prisukamiems virbalams \u2013 stilingas ir patikimas pasirinkimas mezgimo m\u0117g\u0117jams. Pagamintas i\u0161 tvirto plastiko su metaliniais sujungimais, \u0161is valas u\u017etikrina skland\u0173 si\u016bl\u0173 slydim\u0105 ir stabil\u0173 sujungim\u0105 su virbalais. Tinka visiems virbalams i\u0161 Addi Click sistemos \u2013 galima derinti su \u012fvairiomis serijomis, \u012fskaitant Unicorn, Novel, Lace ir kt. Pagaminta Vokietijoje. Med\u017eiaga: metalas + [&hellip;]\" \/>\n<meta property=\"og:url\" content=\"https:\/\/happyinaknit.com\/lt\/produktas\/addi-unicorn-\ud83e\udd84-valas-prisukamiems-virbalams\/\" \/>\n<meta property=\"og:site_name\" content=\"Happyinaknit.com\" \/>\n<meta property=\"article:modified_time\" content=\"2025-10-26T19:37:51+00:00\" \/>\n<meta property=\"og:image\" content=\"https:\/\/happyinaknit.com\/wp-content\/uploads\/2025\/10\/AD7297080-1.jpg.webp\" \/>\n\t<meta property=\"og:image:width\" content=\"1000\" \/>\n\t<meta property=\"og:image:height\" content=\"1000\" \/>\n\t<meta property=\"og:image:type\" content=\"image\/webp\" \/>\n<meta name=\"twitter:card\" content=\"summary_large_image\" \/>\n<script type=\"application\/ld+json\" class=\"yoast-schema-graph\">{\"@context\":\"https:\/\/schema.org\",\"@graph\":[{\"@type\":\"WebPage\",\"@id\":\"https:\/\/happyinaknit.com\/produktas\/addi-unicorn-%f0%9f%a6%84-valas-prisukamiems-virbalams\/\",\"url\":\"https:\/\/happyinaknit.com\/produktas\/addi-unicorn-%f0%9f%a6%84-valas-prisukamiems-virbalams\/\",\"name\":\"Addi Unicorn \ud83e\udd84 Valas prisukamiems virbalams - Happyinaknit.com\",\"isPartOf\":{\"@id\":\"https:\/\/happyinaknit.com\/lt\/#website\"},\"primaryImageOfPage\":{\"@id\":\"https:\/\/happyinaknit.com\/produktas\/addi-unicorn-%f0%9f%a6%84-valas-prisukamiems-virbalams\/#primaryimage\"},\"image\":{\"@id\":\"https:\/\/happyinaknit.com\/produktas\/addi-unicorn-%f0%9f%a6%84-valas-prisukamiems-virbalams\/#primaryimage\"},\"thumbnailUrl\":\"https:\/\/happyinaknit.com\/wp-content\/uploads\/2025\/10\/AD7297080-1.jpg.webp\",\"datePublished\":\"2025-10-19T13:26:01+00:00\",\"dateModified\":\"2025-10-26T19:37:51+00:00\",\"breadcrumb\":{\"@id\":\"https:\/\/happyinaknit.com\/produktas\/addi-unicorn-%f0%9f%a6%84-valas-prisukamiems-virbalams\/#breadcrumb\"},\"inLanguage\":\"lt-LT\",\"potentialAction\":[{\"@type\":\"ReadAction\",\"target\":[\"https:\/\/happyinaknit.com\/produktas\/addi-unicorn-%f0%9f%a6%84-valas-prisukamiems-virbalams\/\"]}]},{\"@type\":\"ImageObject\",\"inLanguage\":\"lt-LT\",\"@id\":\"https:\/\/happyinaknit.com\/produktas\/addi-unicorn-%f0%9f%a6%84-valas-prisukamiems-virbalams\/#primaryimage\",\"url\":\"https:\/\/happyinaknit.com\/wp-content\/uploads\/2025\/10\/AD7297080-1.jpg.webp\",\"contentUrl\":\"https:\/\/happyinaknit.com\/wp-content\/uploads\/2025\/10\/AD7297080-1.jpg.webp\",\"width\":1000,\"height\":1000},{\"@type\":\"BreadcrumbList\",\"@id\":\"https:\/\/happyinaknit.com\/produktas\/addi-unicorn-%f0%9f%a6%84-valas-prisukamiems-virbalams\/#breadcrumb\",\"itemListElement\":[{\"@type\":\"ListItem\",\"position\":1,\"name\":\"Home\",\"item\":\"https:\/\/happyinaknit.com\/lt\/\"},{\"@type\":\"ListItem\",\"position\":2,\"name\":\"Parduotuv\u0117\",\"item\":\"https:\/\/happyinaknit.com\/lt\/parduotuve\/\"},{\"@type\":\"ListItem\",\"position\":3,\"name\":\"Addi Unicorn \ud83e\udd84 Valas prisukamiems virbalams\"}]},{\"@type\":\"WebSite\",\"@id\":\"https:\/\/happyinaknit.com\/lt\/#website\",\"url\":\"https:\/\/happyinaknit.com\/lt\/\",\"name\":\"Happyinaknit.com\",\"description\":\"\",\"potentialAction\":[{\"@type\":\"SearchAction\",\"target\":{\"@type\":\"EntryPoint\",\"urlTemplate\":\"https:\/\/happyinaknit.com\/lt\/?s={search_term_string}\"},\"query-input\":{\"@type\":\"PropertyValueSpecification\",\"valueRequired\":true,\"valueName\":\"search_term_string\"}}],\"inLanguage\":\"lt-LT\"}]}<\/script>\n<!-- \/ Yoast SEO plugin. -->","yoast_head_json":{"title":"Addi Unicorn \ud83e\udd84 Valas prisukamiems virbalams - Happyinaknit.com","robots":{"index":"index","follow":"follow","max-snippet":"max-snippet:-1","max-image-preview":"max-image-preview:large","max-video-preview":"max-video-preview:-1"},"canonical":"https:\/\/happyinaknit.com\/lt\/produktas\/addi-unicorn-\ud83e\udd84-valas-prisukamiems-virbalams\/","og_locale":"lt_LT","og_type":"article","og_title":"Addi Unicorn \ud83e\udd84 Valas prisukamiems virbalams - Happyinaknit.com","og_description":"Ro\u017einis \u201eAddi Unicorn\u201c valas prisukamiems virbalams \u2013 stilingas ir patikimas pasirinkimas mezgimo m\u0117g\u0117jams. Pagamintas i\u0161 tvirto plastiko su metaliniais sujungimais, \u0161is valas u\u017etikrina skland\u0173 si\u016bl\u0173 slydim\u0105 ir stabil\u0173 sujungim\u0105 su virbalais. Tinka visiems virbalams i\u0161 Addi Click sistemos \u2013 galima derinti su \u012fvairiomis serijomis, \u012fskaitant Unicorn, Novel, Lace ir kt. Pagaminta Vokietijoje. Med\u017eiaga: metalas + [&hellip;]","og_url":"https:\/\/happyinaknit.com\/lt\/produktas\/addi-unicorn-\ud83e\udd84-valas-prisukamiems-virbalams\/","og_site_name":"Happyinaknit.com","article_modified_time":"2025-10-26T19:37:51+00:00","og_image":[{"width":1000,"height":1000,"url":"https:\/\/happyinaknit.com\/wp-content\/uploads\/2025\/10\/AD7297080-1.jpg.webp","type":"image\/webp"}],"twitter_card":"summary_large_image","schema":{"@context":"https:\/\/schema.org","@graph":[{"@type":"WebPage","@id":"https:\/\/happyinaknit.com\/produktas\/addi-unicorn-%f0%9f%a6%84-valas-prisukamiems-virbalams\/","url":"https:\/\/happyinaknit.com\/produktas\/addi-unicorn-%f0%9f%a6%84-valas-prisukamiems-virbalams\/","name":"Addi Unicorn \ud83e\udd84 Valas prisukamiems virbalams - Happyinaknit.com","isPartOf":{"@id":"https:\/\/happyinaknit.com\/lt\/#website"},"primaryImageOfPage":{"@id":"https:\/\/happyinaknit.com\/produktas\/addi-unicorn-%f0%9f%a6%84-valas-prisukamiems-virbalams\/#primaryimage"},"image":{"@id":"https:\/\/happyinaknit.com\/produktas\/addi-unicorn-%f0%9f%a6%84-valas-prisukamiems-virbalams\/#primaryimage"},"thumbnailUrl":"https:\/\/happyinaknit.com\/wp-content\/uploads\/2025\/10\/AD7297080-1.jpg.webp","datePublished":"2025-10-19T13:26:01+00:00","dateModified":"2025-10-26T19:37:51+00:00","breadcrumb":{"@id":"https:\/\/happyinaknit.com\/produktas\/addi-unicorn-%f0%9f%a6%84-valas-prisukamiems-virbalams\/#breadcrumb"},"inLanguage":"lt-LT","potentialAction":[{"@type":"ReadAction","target":["https:\/\/happyinaknit.com\/produktas\/addi-unicorn-%f0%9f%a6%84-valas-prisukamiems-virbalams\/"]}]},{"@type":"ImageObject","inLanguage":"lt-LT","@id":"https:\/\/happyinaknit.com\/produktas\/addi-unicorn-%f0%9f%a6%84-valas-prisukamiems-virbalams\/#primaryimage","url":"https:\/\/happyinaknit.com\/wp-content\/uploads\/2025\/10\/AD7297080-1.jpg.webp","contentUrl":"https:\/\/happyinaknit.com\/wp-content\/uploads\/2025\/10\/AD7297080-1.jpg.webp","width":1000,"height":1000},{"@type":"BreadcrumbList","@id":"https:\/\/happyinaknit.com\/produktas\/addi-unicorn-%f0%9f%a6%84-valas-prisukamiems-virbalams\/#breadcrumb","itemListElement":[{"@type":"ListItem","position":1,"name":"Home","item":"https:\/\/happyinaknit.com\/lt\/"},{"@type":"ListItem","position":2,"name":"Parduotuv\u0117","item":"https:\/\/happyinaknit.com\/lt\/parduotuve\/"},{"@type":"ListItem","position":3,"name":"Addi Unicorn \ud83e\udd84 Valas prisukamiems virbalams"}]},{"@type":"WebSite","@id":"https:\/\/happyinaknit.com\/lt\/#website","url":"https:\/\/happyinaknit.com\/lt\/","name":"Happyinaknit.com","description":"","potentialAction":[{"@type":"SearchAction","target":{"@type":"EntryPoint","urlTemplate":"https:\/\/happyinaknit.com\/lt\/?s={search_term_string}"},"query-input":{"@type":"PropertyValueSpecification","valueRequired":true,"valueName":"search_term_string"}}],"inLanguage":"lt-LT"}]}},"_links":{"self":[{"href":"https:\/\/happyinaknit.com\/lt\/wp-json\/wp\/v2\/product\/6452","targetHints":{"allow":["GET"]}}],"collection":[{"href":"https:\/\/happyinaknit.com\/lt\/wp-json\/wp\/v2\/product"}],"about":[{"href":"https:\/\/happyinaknit.com\/lt\/wp-json\/wp\/v2\/types\/product"}],"replies":[{"embeddable":true,"href":"https:\/\/happyinaknit.com\/lt\/wp-json\/wp\/v2\/comments?post=6452"}],"wp:featuredmedia":[{"embeddable":true,"href":"https:\/\/happyinaknit.com\/lt\/wp-json\/wp\/v2\/media\/6453"}],"wp:attachment":[{"href":"https:\/\/happyinaknit.com\/lt\/wp-json\/wp\/v2\/media?parent=6452"}],"wp:term":[{"taxonomy":"product_brand","embeddable":true,"href":"https:\/\/happyinaknit.com\/lt\/wp-json\/wp\/v2\/product_brand?post=6452"},{"taxonomy":"product_cat","embeddable":true,"href":"https:\/\/happyinaknit.com\/lt\/wp-json\/wp\/v2\/product_cat?post=6452"},{"taxonomy":"product_tag","embeddable":true,"href":"https:\/\/happyinaknit.com\/lt\/wp-json\/wp\/v2\/product_tag?post=6452"},{"taxonomy":"pro-kategorijos","embeddable":true,"href":"https:\/\/happyinaknit.com\/lt\/wp-json\/wp\/v2\/pro-kategorijos?post=6452"}],"curies":[{"name":"wp","href":"https:\/\/api.w.org\/{rel}","templated":true}]}}