{"id":6350,"date":"2025-10-19T11:37:09","date_gmt":"2025-10-19T11:37:09","guid":{"rendered":"https:\/\/happyinaknit.com\/?post_type=product&#038;p=6350"},"modified":"2025-12-29T21:11:13","modified_gmt":"2025-12-29T21:11:13","slug":"wolle-rodel-valas-prisukamiems-virbalams","status":"publish","type":"product","link":"https:\/\/happyinaknit.com\/lt\/produktas\/wolle-rodel-valas-prisukamiems-virbalams\/","title":{"rendered":"Wolle R\u00f6del Valas Prisukamiems Virbalams"},"content":{"rendered":"<p>Patikimas <b>prisukam\u0173 virbal\u0173 jungiamasis valas<\/b> i\u0161 <b>Wolle R\u00f6del<\/b>, pagamintas i\u0161 <b>tvirto nailono<\/b>. Lankstus ir patvarus, \u0161is valas u\u017etikrina patog\u0173 mezgim\u0105 be susisukim\u0173 ir skland\u017eiai jungiasi su \u012fvairi\u0173 gamintoj\u0173 virbalais.<\/p>\n<p>Tinka naudoti su <b>KnitPro<\/b>, <b>LYKKE<\/b>, <b>The Mindful Collection<\/b> ir <b>Lantern Moon<\/b> prisukamais virbalais.<\/p>\n<p><b>Svarbu:<\/b> nurodytas ilgis pateiktas <b>\u012fskaitant virbalus<\/b>, tod\u0117l <b>faktinis valo ilgis bus trumpesnis<\/b>.<\/p>\n<p><b>Med\u017eiaga:<\/b> nailonas<\/p>\n<p><b>Suderinamumas:<\/b> KnitPro, LYKKE, The Mindful Collection, Lantern Moon<\/p>\n<p><b>Pastaba:<\/b> spalv\u0173 atspalviai gali \u0161iek tiek skirtis priklausomai nuo \u012frenginio ekrano.<\/p>\n","protected":false},"excerpt":{"rendered":"<p>Patikimas prisukam\u0173 virbal\u0173 jungiamasis valas i\u0161 Wolle R\u00f6del, pagamintas i\u0161 tvirto nailono. Lankstus ir patvarus, \u0161is valas u\u017etikrina patog\u0173 mezgim\u0105 be susisukim\u0173 ir skland\u017eiai jungiasi su \u012fvairi\u0173 gamintoj\u0173 virbalais. Tinka naudoti su KnitPro, LYKKE, The Mindful Collection ir Lantern Moon prisukamais virbalais. Svarbu: nurodytas ilgis pateiktas \u012fskaitant virbalus, tod\u0117l faktinis valo ilgis bus trumpesnis. Med\u017eiaga: [&hellip;]<\/p>\n","protected":false},"featured_media":6336,"comment_status":"open","ping_status":"closed","template":"","meta":{"_acf_changed":false},"product_brand":[68,1070],"product_cat":[15,19,864],"product_tag":[],"pro-kategorijos":[],"class_list":{"0":"post-6350","1":"product","2":"type-product","3":"status-publish","4":"has-post-thumbnail","6":"product_brand-rico-design","7":"product_brand-wolle-rodel","8":"product_cat-visi-produktai","9":"product_cat-mezgimo-priemones","10":"product_cat-valai-virbalams","12":"first","13":"instock","14":"shipping-taxable","15":"purchasable","16":"product-type-variable"},"acf":[],"yoast_head":"<!-- This site is optimized with the Yoast SEO plugin v26.8 - https:\/\/yoast.com\/product\/yoast-seo-wordpress\/ -->\n<title>Wolle R\u00f6del Valas Prisukamiems Virbalams - Happyinaknit.com<\/title>\n<meta name=\"robots\" content=\"index, follow, max-snippet:-1, max-image-preview:large, max-video-preview:-1\" \/>\n<link rel=\"canonical\" href=\"https:\/\/happyinaknit.com\/lt\/produktas\/wolle-rodel-valas-prisukamiems-virbalams\/\" \/>\n<meta property=\"og:locale\" content=\"lt_LT\" \/>\n<meta property=\"og:type\" content=\"article\" \/>\n<meta property=\"og:title\" content=\"Wolle R\u00f6del Valas Prisukamiems Virbalams - Happyinaknit.com\" \/>\n<meta property=\"og:description\" content=\"Patikimas prisukam\u0173 virbal\u0173 jungiamasis valas i\u0161 Wolle R\u00f6del, pagamintas i\u0161 tvirto nailono. Lankstus ir patvarus, \u0161is valas u\u017etikrina patog\u0173 mezgim\u0105 be susisukim\u0173 ir skland\u017eiai jungiasi su \u012fvairi\u0173 gamintoj\u0173 virbalais. Tinka naudoti su KnitPro, LYKKE, The Mindful Collection ir Lantern Moon prisukamais virbalais. Svarbu: nurodytas ilgis pateiktas \u012fskaitant virbalus, tod\u0117l faktinis valo ilgis bus trumpesnis. Med\u017eiaga: [&hellip;]\" \/>\n<meta property=\"og:url\" content=\"https:\/\/happyinaknit.com\/lt\/produktas\/wolle-rodel-valas-prisukamiems-virbalams\/\" \/>\n<meta property=\"og:site_name\" content=\"Happyinaknit.com\" \/>\n<meta property=\"article:modified_time\" content=\"2025-12-29T21:11:13+00:00\" \/>\n<meta property=\"og:image\" content=\"https:\/\/happyinaknit.com\/wp-content\/uploads\/2025\/10\/562503-3024.60.00_2.jpg\" \/>\n\t<meta property=\"og:image:width\" content=\"1500\" \/>\n\t<meta property=\"og:image:height\" content=\"1500\" \/>\n\t<meta property=\"og:image:type\" content=\"image\/jpeg\" \/>\n<meta name=\"twitter:card\" content=\"summary_large_image\" \/>\n<script type=\"application\/ld+json\" class=\"yoast-schema-graph\">{\"@context\":\"https:\/\/schema.org\",\"@graph\":[{\"@type\":\"WebPage\",\"@id\":\"https:\/\/happyinaknit.com\/produktas\/wolle-rodel-valas-prisukamiems-virbalams\/\",\"url\":\"https:\/\/happyinaknit.com\/produktas\/wolle-rodel-valas-prisukamiems-virbalams\/\",\"name\":\"Wolle R\u00f6del Valas Prisukamiems Virbalams - Happyinaknit.com\",\"isPartOf\":{\"@id\":\"https:\/\/happyinaknit.com\/lt\/#website\"},\"primaryImageOfPage\":{\"@id\":\"https:\/\/happyinaknit.com\/produktas\/wolle-rodel-valas-prisukamiems-virbalams\/#primaryimage\"},\"image\":{\"@id\":\"https:\/\/happyinaknit.com\/produktas\/wolle-rodel-valas-prisukamiems-virbalams\/#primaryimage\"},\"thumbnailUrl\":\"https:\/\/happyinaknit.com\/wp-content\/uploads\/2025\/10\/562503-3024.60.00_2.jpg\",\"datePublished\":\"2025-10-19T11:37:09+00:00\",\"dateModified\":\"2025-12-29T21:11:13+00:00\",\"breadcrumb\":{\"@id\":\"https:\/\/happyinaknit.com\/produktas\/wolle-rodel-valas-prisukamiems-virbalams\/#breadcrumb\"},\"inLanguage\":\"lt-LT\",\"potentialAction\":[{\"@type\":\"ReadAction\",\"target\":[\"https:\/\/happyinaknit.com\/produktas\/wolle-rodel-valas-prisukamiems-virbalams\/\"]}]},{\"@type\":\"ImageObject\",\"inLanguage\":\"lt-LT\",\"@id\":\"https:\/\/happyinaknit.com\/produktas\/wolle-rodel-valas-prisukamiems-virbalams\/#primaryimage\",\"url\":\"https:\/\/happyinaknit.com\/wp-content\/uploads\/2025\/10\/562503-3024.60.00_2.jpg\",\"contentUrl\":\"https:\/\/happyinaknit.com\/wp-content\/uploads\/2025\/10\/562503-3024.60.00_2.jpg\",\"width\":1500,\"height\":1500},{\"@type\":\"BreadcrumbList\",\"@id\":\"https:\/\/happyinaknit.com\/produktas\/wolle-rodel-valas-prisukamiems-virbalams\/#breadcrumb\",\"itemListElement\":[{\"@type\":\"ListItem\",\"position\":1,\"name\":\"Home\",\"item\":\"https:\/\/happyinaknit.com\/lt\/\"},{\"@type\":\"ListItem\",\"position\":2,\"name\":\"Parduotuv\u0117\",\"item\":\"https:\/\/happyinaknit.com\/lt\/parduotuve\/\"},{\"@type\":\"ListItem\",\"position\":3,\"name\":\"Wolle R\u00f6del Valas Prisukamiems Virbalams\"}]},{\"@type\":\"WebSite\",\"@id\":\"https:\/\/happyinaknit.com\/lt\/#website\",\"url\":\"https:\/\/happyinaknit.com\/lt\/\",\"name\":\"Happyinaknit.com\",\"description\":\"\",\"potentialAction\":[{\"@type\":\"SearchAction\",\"target\":{\"@type\":\"EntryPoint\",\"urlTemplate\":\"https:\/\/happyinaknit.com\/lt\/?s={search_term_string}\"},\"query-input\":{\"@type\":\"PropertyValueSpecification\",\"valueRequired\":true,\"valueName\":\"search_term_string\"}}],\"inLanguage\":\"lt-LT\"}]}<\/script>\n<!-- \/ Yoast SEO plugin. -->","yoast_head_json":{"title":"Wolle R\u00f6del Valas Prisukamiems Virbalams - Happyinaknit.com","robots":{"index":"index","follow":"follow","max-snippet":"max-snippet:-1","max-image-preview":"max-image-preview:large","max-video-preview":"max-video-preview:-1"},"canonical":"https:\/\/happyinaknit.com\/lt\/produktas\/wolle-rodel-valas-prisukamiems-virbalams\/","og_locale":"lt_LT","og_type":"article","og_title":"Wolle R\u00f6del Valas Prisukamiems Virbalams - Happyinaknit.com","og_description":"Patikimas prisukam\u0173 virbal\u0173 jungiamasis valas i\u0161 Wolle R\u00f6del, pagamintas i\u0161 tvirto nailono. Lankstus ir patvarus, \u0161is valas u\u017etikrina patog\u0173 mezgim\u0105 be susisukim\u0173 ir skland\u017eiai jungiasi su \u012fvairi\u0173 gamintoj\u0173 virbalais. Tinka naudoti su KnitPro, LYKKE, The Mindful Collection ir Lantern Moon prisukamais virbalais. Svarbu: nurodytas ilgis pateiktas \u012fskaitant virbalus, tod\u0117l faktinis valo ilgis bus trumpesnis. Med\u017eiaga: [&hellip;]","og_url":"https:\/\/happyinaknit.com\/lt\/produktas\/wolle-rodel-valas-prisukamiems-virbalams\/","og_site_name":"Happyinaknit.com","article_modified_time":"2025-12-29T21:11:13+00:00","og_image":[{"width":1500,"height":1500,"url":"https:\/\/happyinaknit.com\/wp-content\/uploads\/2025\/10\/562503-3024.60.00_2.jpg","type":"image\/jpeg"}],"twitter_card":"summary_large_image","schema":{"@context":"https:\/\/schema.org","@graph":[{"@type":"WebPage","@id":"https:\/\/happyinaknit.com\/produktas\/wolle-rodel-valas-prisukamiems-virbalams\/","url":"https:\/\/happyinaknit.com\/produktas\/wolle-rodel-valas-prisukamiems-virbalams\/","name":"Wolle R\u00f6del Valas Prisukamiems Virbalams - Happyinaknit.com","isPartOf":{"@id":"https:\/\/happyinaknit.com\/lt\/#website"},"primaryImageOfPage":{"@id":"https:\/\/happyinaknit.com\/produktas\/wolle-rodel-valas-prisukamiems-virbalams\/#primaryimage"},"image":{"@id":"https:\/\/happyinaknit.com\/produktas\/wolle-rodel-valas-prisukamiems-virbalams\/#primaryimage"},"thumbnailUrl":"https:\/\/happyinaknit.com\/wp-content\/uploads\/2025\/10\/562503-3024.60.00_2.jpg","datePublished":"2025-10-19T11:37:09+00:00","dateModified":"2025-12-29T21:11:13+00:00","breadcrumb":{"@id":"https:\/\/happyinaknit.com\/produktas\/wolle-rodel-valas-prisukamiems-virbalams\/#breadcrumb"},"inLanguage":"lt-LT","potentialAction":[{"@type":"ReadAction","target":["https:\/\/happyinaknit.com\/produktas\/wolle-rodel-valas-prisukamiems-virbalams\/"]}]},{"@type":"ImageObject","inLanguage":"lt-LT","@id":"https:\/\/happyinaknit.com\/produktas\/wolle-rodel-valas-prisukamiems-virbalams\/#primaryimage","url":"https:\/\/happyinaknit.com\/wp-content\/uploads\/2025\/10\/562503-3024.60.00_2.jpg","contentUrl":"https:\/\/happyinaknit.com\/wp-content\/uploads\/2025\/10\/562503-3024.60.00_2.jpg","width":1500,"height":1500},{"@type":"BreadcrumbList","@id":"https:\/\/happyinaknit.com\/produktas\/wolle-rodel-valas-prisukamiems-virbalams\/#breadcrumb","itemListElement":[{"@type":"ListItem","position":1,"name":"Home","item":"https:\/\/happyinaknit.com\/lt\/"},{"@type":"ListItem","position":2,"name":"Parduotuv\u0117","item":"https:\/\/happyinaknit.com\/lt\/parduotuve\/"},{"@type":"ListItem","position":3,"name":"Wolle R\u00f6del Valas Prisukamiems Virbalams"}]},{"@type":"WebSite","@id":"https:\/\/happyinaknit.com\/lt\/#website","url":"https:\/\/happyinaknit.com\/lt\/","name":"Happyinaknit.com","description":"","potentialAction":[{"@type":"SearchAction","target":{"@type":"EntryPoint","urlTemplate":"https:\/\/happyinaknit.com\/lt\/?s={search_term_string}"},"query-input":{"@type":"PropertyValueSpecification","valueRequired":true,"valueName":"search_term_string"}}],"inLanguage":"lt-LT"}]}},"_links":{"self":[{"href":"https:\/\/happyinaknit.com\/lt\/wp-json\/wp\/v2\/product\/6350","targetHints":{"allow":["GET"]}}],"collection":[{"href":"https:\/\/happyinaknit.com\/lt\/wp-json\/wp\/v2\/product"}],"about":[{"href":"https:\/\/happyinaknit.com\/lt\/wp-json\/wp\/v2\/types\/product"}],"replies":[{"embeddable":true,"href":"https:\/\/happyinaknit.com\/lt\/wp-json\/wp\/v2\/comments?post=6350"}],"wp:featuredmedia":[{"embeddable":true,"href":"https:\/\/happyinaknit.com\/lt\/wp-json\/wp\/v2\/media\/6336"}],"wp:attachment":[{"href":"https:\/\/happyinaknit.com\/lt\/wp-json\/wp\/v2\/media?parent=6350"}],"wp:term":[{"taxonomy":"product_brand","embeddable":true,"href":"https:\/\/happyinaknit.com\/lt\/wp-json\/wp\/v2\/product_brand?post=6350"},{"taxonomy":"product_cat","embeddable":true,"href":"https:\/\/happyinaknit.com\/lt\/wp-json\/wp\/v2\/product_cat?post=6350"},{"taxonomy":"product_tag","embeddable":true,"href":"https:\/\/happyinaknit.com\/lt\/wp-json\/wp\/v2\/product_tag?post=6350"},{"taxonomy":"pro-kategorijos","embeddable":true,"href":"https:\/\/happyinaknit.com\/lt\/wp-json\/wp\/v2\/pro-kategorijos?post=6350"}],"curies":[{"name":"wp","href":"https:\/\/api.w.org\/{rel}","templated":true}]}}