{"id":6331,"date":"2025-10-19T11:22:58","date_gmt":"2025-10-19T11:22:58","guid":{"rendered":"https:\/\/happyinaknit.com\/?post_type=product&#038;p=6331"},"modified":"2025-10-19T11:23:17","modified_gmt":"2025-10-19T11:23:17","slug":"wolle-rodel-medinis-nerimo-vaselis","status":"publish","type":"product","link":"https:\/\/happyinaknit.com\/lt\/produktas\/wolle-rodel-medinis-nerimo-vaselis\/","title":{"rendered":"Wolle R\u00f6del  Medinis N\u0117rimo V\u0105\u0161elis"},"content":{"rendered":"<p>Klasikinis ir patogus <b>n\u0117rimo v\u0105\u0161elis<\/b> i\u0161 <b>Wolle R\u00f6del<\/b>, pagamintas i\u0161 <b>ber\u017eo medienos<\/b>. \u0160is v\u0105\u0161elis yra lengvas, \u0161iltas laikyti rankoje ir puikiai tinka tiek pradedantiesiems, tiek patyrusiems mezg\u0117jams.<\/p>\n<p>Nat\u016brali ber\u017eo tekst\u016bra suteikia malon\u0173 sukibim\u0105 ir u\u017etikrina patog\u0173 darb\u0105 net ilgesni\u0173 projekt\u0173 metu.<\/p>\n<p><b>Med\u017eiaga:<\/b> ber\u017eas<\/p>\n<p><b>Ilgis:<\/b> 15 cm<\/p>\n<p><b>Paskirtis:<\/b> n\u0117rimui ir smulkiems rankdarbiams<\/p>\n<p><b>Pastaba:<\/b> spalv\u0173 atspalviai gali \u0161iek tiek skirtis priklausomai nuo \u012frenginio ekrano.<\/p>\n","protected":false},"excerpt":{"rendered":"<p>Klasikinis ir patogus n\u0117rimo v\u0105\u0161elis i\u0161 Wolle R\u00f6del, pagamintas i\u0161 ber\u017eo medienos. \u0160is v\u0105\u0161elis yra lengvas, \u0161iltas laikyti rankoje ir puikiai tinka tiek pradedantiesiems, tiek patyrusiems mezg\u0117jams. Nat\u016brali ber\u017eo tekst\u016bra suteikia malon\u0173 sukibim\u0105 ir u\u017etikrina patog\u0173 darb\u0105 net ilgesni\u0173 projekt\u0173 metu. Med\u017eiaga: ber\u017eas Ilgis: 15 cm Paskirtis: n\u0117rimui ir smulkiems rankdarbiams Pastaba: spalv\u0173 atspalviai gali [&hellip;]<\/p>\n","protected":false},"featured_media":6338,"comment_status":"open","ping_status":"closed","template":"","meta":{"_acf_changed":false},"product_brand":[68,1070],"product_cat":[15,19,870],"product_tag":[],"pro-kategorijos":[],"class_list":{"0":"post-6331","1":"product","2":"type-product","3":"status-publish","4":"has-post-thumbnail","6":"product_brand-rico-design","7":"product_brand-wolle-rodel","8":"product_cat-visi-produktai","9":"product_cat-mezgimo-priemones","10":"product_cat-nerimo-vaseliai","12":"first","13":"instock","14":"shipping-taxable","15":"purchasable","16":"product-type-variable"},"acf":[],"yoast_head":"<!-- This site is optimized with the Yoast SEO plugin v26.8 - https:\/\/yoast.com\/product\/yoast-seo-wordpress\/ -->\n<title>Wolle R\u00f6del Medinis N\u0117rimo V\u0105\u0161elis - Happyinaknit.com<\/title>\n<meta name=\"robots\" content=\"index, follow, max-snippet:-1, max-image-preview:large, max-video-preview:-1\" \/>\n<link rel=\"canonical\" href=\"https:\/\/happyinaknit.com\/lt\/produktas\/wolle-rodel-medinis-nerimo-vaselis\/\" \/>\n<meta property=\"og:locale\" content=\"lt_LT\" \/>\n<meta property=\"og:type\" content=\"article\" \/>\n<meta property=\"og:title\" content=\"Wolle R\u00f6del Medinis N\u0117rimo V\u0105\u0161elis - Happyinaknit.com\" \/>\n<meta property=\"og:description\" content=\"Klasikinis ir patogus n\u0117rimo v\u0105\u0161elis i\u0161 Wolle R\u00f6del, pagamintas i\u0161 ber\u017eo medienos. \u0160is v\u0105\u0161elis yra lengvas, \u0161iltas laikyti rankoje ir puikiai tinka tiek pradedantiesiems, tiek patyrusiems mezg\u0117jams. Nat\u016brali ber\u017eo tekst\u016bra suteikia malon\u0173 sukibim\u0105 ir u\u017etikrina patog\u0173 darb\u0105 net ilgesni\u0173 projekt\u0173 metu. Med\u017eiaga: ber\u017eas Ilgis: 15 cm Paskirtis: n\u0117rimui ir smulkiems rankdarbiams Pastaba: spalv\u0173 atspalviai gali [&hellip;]\" \/>\n<meta property=\"og:url\" content=\"https:\/\/happyinaknit.com\/lt\/produktas\/wolle-rodel-medinis-nerimo-vaselis\/\" \/>\n<meta property=\"og:site_name\" content=\"Happyinaknit.com\" \/>\n<meta property=\"article:modified_time\" content=\"2025-10-19T11:23:17+00:00\" \/>\n<meta property=\"og:image\" content=\"https:\/\/happyinaknit.com\/wp-content\/uploads\/2025\/10\/562521-3025.15.70_2.jpg\" \/>\n\t<meta property=\"og:image:width\" content=\"1500\" \/>\n\t<meta property=\"og:image:height\" content=\"1500\" \/>\n\t<meta property=\"og:image:type\" content=\"image\/jpeg\" \/>\n<meta name=\"twitter:card\" content=\"summary_large_image\" \/>\n<script type=\"application\/ld+json\" class=\"yoast-schema-graph\">{\"@context\":\"https:\/\/schema.org\",\"@graph\":[{\"@type\":\"WebPage\",\"@id\":\"https:\/\/happyinaknit.com\/produktas\/wolle-rodel-medinis-nerimo-vaselis\/\",\"url\":\"https:\/\/happyinaknit.com\/produktas\/wolle-rodel-medinis-nerimo-vaselis\/\",\"name\":\"Wolle R\u00f6del Medinis N\u0117rimo V\u0105\u0161elis - Happyinaknit.com\",\"isPartOf\":{\"@id\":\"https:\/\/happyinaknit.com\/lt\/#website\"},\"primaryImageOfPage\":{\"@id\":\"https:\/\/happyinaknit.com\/produktas\/wolle-rodel-medinis-nerimo-vaselis\/#primaryimage\"},\"image\":{\"@id\":\"https:\/\/happyinaknit.com\/produktas\/wolle-rodel-medinis-nerimo-vaselis\/#primaryimage\"},\"thumbnailUrl\":\"https:\/\/happyinaknit.com\/wp-content\/uploads\/2025\/10\/562521-3025.15.70_2.jpg\",\"datePublished\":\"2025-10-19T11:22:58+00:00\",\"dateModified\":\"2025-10-19T11:23:17+00:00\",\"breadcrumb\":{\"@id\":\"https:\/\/happyinaknit.com\/produktas\/wolle-rodel-medinis-nerimo-vaselis\/#breadcrumb\"},\"inLanguage\":\"lt-LT\",\"potentialAction\":[{\"@type\":\"ReadAction\",\"target\":[\"https:\/\/happyinaknit.com\/produktas\/wolle-rodel-medinis-nerimo-vaselis\/\"]}]},{\"@type\":\"ImageObject\",\"inLanguage\":\"lt-LT\",\"@id\":\"https:\/\/happyinaknit.com\/produktas\/wolle-rodel-medinis-nerimo-vaselis\/#primaryimage\",\"url\":\"https:\/\/happyinaknit.com\/wp-content\/uploads\/2025\/10\/562521-3025.15.70_2.jpg\",\"contentUrl\":\"https:\/\/happyinaknit.com\/wp-content\/uploads\/2025\/10\/562521-3025.15.70_2.jpg\",\"width\":1500,\"height\":1500},{\"@type\":\"BreadcrumbList\",\"@id\":\"https:\/\/happyinaknit.com\/produktas\/wolle-rodel-medinis-nerimo-vaselis\/#breadcrumb\",\"itemListElement\":[{\"@type\":\"ListItem\",\"position\":1,\"name\":\"Home\",\"item\":\"https:\/\/happyinaknit.com\/lt\/\"},{\"@type\":\"ListItem\",\"position\":2,\"name\":\"Parduotuv\u0117\",\"item\":\"https:\/\/happyinaknit.com\/lt\/parduotuve\/\"},{\"@type\":\"ListItem\",\"position\":3,\"name\":\"Wolle R\u00f6del Medinis N\u0117rimo V\u0105\u0161elis\"}]},{\"@type\":\"WebSite\",\"@id\":\"https:\/\/happyinaknit.com\/lt\/#website\",\"url\":\"https:\/\/happyinaknit.com\/lt\/\",\"name\":\"Happyinaknit.com\",\"description\":\"\",\"potentialAction\":[{\"@type\":\"SearchAction\",\"target\":{\"@type\":\"EntryPoint\",\"urlTemplate\":\"https:\/\/happyinaknit.com\/lt\/?s={search_term_string}\"},\"query-input\":{\"@type\":\"PropertyValueSpecification\",\"valueRequired\":true,\"valueName\":\"search_term_string\"}}],\"inLanguage\":\"lt-LT\"}]}<\/script>\n<!-- \/ Yoast SEO plugin. -->","yoast_head_json":{"title":"Wolle R\u00f6del Medinis N\u0117rimo V\u0105\u0161elis - Happyinaknit.com","robots":{"index":"index","follow":"follow","max-snippet":"max-snippet:-1","max-image-preview":"max-image-preview:large","max-video-preview":"max-video-preview:-1"},"canonical":"https:\/\/happyinaknit.com\/lt\/produktas\/wolle-rodel-medinis-nerimo-vaselis\/","og_locale":"lt_LT","og_type":"article","og_title":"Wolle R\u00f6del Medinis N\u0117rimo V\u0105\u0161elis - Happyinaknit.com","og_description":"Klasikinis ir patogus n\u0117rimo v\u0105\u0161elis i\u0161 Wolle R\u00f6del, pagamintas i\u0161 ber\u017eo medienos. \u0160is v\u0105\u0161elis yra lengvas, \u0161iltas laikyti rankoje ir puikiai tinka tiek pradedantiesiems, tiek patyrusiems mezg\u0117jams. Nat\u016brali ber\u017eo tekst\u016bra suteikia malon\u0173 sukibim\u0105 ir u\u017etikrina patog\u0173 darb\u0105 net ilgesni\u0173 projekt\u0173 metu. Med\u017eiaga: ber\u017eas Ilgis: 15 cm Paskirtis: n\u0117rimui ir smulkiems rankdarbiams Pastaba: spalv\u0173 atspalviai gali [&hellip;]","og_url":"https:\/\/happyinaknit.com\/lt\/produktas\/wolle-rodel-medinis-nerimo-vaselis\/","og_site_name":"Happyinaknit.com","article_modified_time":"2025-10-19T11:23:17+00:00","og_image":[{"width":1500,"height":1500,"url":"https:\/\/happyinaknit.com\/wp-content\/uploads\/2025\/10\/562521-3025.15.70_2.jpg","type":"image\/jpeg"}],"twitter_card":"summary_large_image","schema":{"@context":"https:\/\/schema.org","@graph":[{"@type":"WebPage","@id":"https:\/\/happyinaknit.com\/produktas\/wolle-rodel-medinis-nerimo-vaselis\/","url":"https:\/\/happyinaknit.com\/produktas\/wolle-rodel-medinis-nerimo-vaselis\/","name":"Wolle R\u00f6del Medinis N\u0117rimo V\u0105\u0161elis - Happyinaknit.com","isPartOf":{"@id":"https:\/\/happyinaknit.com\/lt\/#website"},"primaryImageOfPage":{"@id":"https:\/\/happyinaknit.com\/produktas\/wolle-rodel-medinis-nerimo-vaselis\/#primaryimage"},"image":{"@id":"https:\/\/happyinaknit.com\/produktas\/wolle-rodel-medinis-nerimo-vaselis\/#primaryimage"},"thumbnailUrl":"https:\/\/happyinaknit.com\/wp-content\/uploads\/2025\/10\/562521-3025.15.70_2.jpg","datePublished":"2025-10-19T11:22:58+00:00","dateModified":"2025-10-19T11:23:17+00:00","breadcrumb":{"@id":"https:\/\/happyinaknit.com\/produktas\/wolle-rodel-medinis-nerimo-vaselis\/#breadcrumb"},"inLanguage":"lt-LT","potentialAction":[{"@type":"ReadAction","target":["https:\/\/happyinaknit.com\/produktas\/wolle-rodel-medinis-nerimo-vaselis\/"]}]},{"@type":"ImageObject","inLanguage":"lt-LT","@id":"https:\/\/happyinaknit.com\/produktas\/wolle-rodel-medinis-nerimo-vaselis\/#primaryimage","url":"https:\/\/happyinaknit.com\/wp-content\/uploads\/2025\/10\/562521-3025.15.70_2.jpg","contentUrl":"https:\/\/happyinaknit.com\/wp-content\/uploads\/2025\/10\/562521-3025.15.70_2.jpg","width":1500,"height":1500},{"@type":"BreadcrumbList","@id":"https:\/\/happyinaknit.com\/produktas\/wolle-rodel-medinis-nerimo-vaselis\/#breadcrumb","itemListElement":[{"@type":"ListItem","position":1,"name":"Home","item":"https:\/\/happyinaknit.com\/lt\/"},{"@type":"ListItem","position":2,"name":"Parduotuv\u0117","item":"https:\/\/happyinaknit.com\/lt\/parduotuve\/"},{"@type":"ListItem","position":3,"name":"Wolle R\u00f6del Medinis N\u0117rimo V\u0105\u0161elis"}]},{"@type":"WebSite","@id":"https:\/\/happyinaknit.com\/lt\/#website","url":"https:\/\/happyinaknit.com\/lt\/","name":"Happyinaknit.com","description":"","potentialAction":[{"@type":"SearchAction","target":{"@type":"EntryPoint","urlTemplate":"https:\/\/happyinaknit.com\/lt\/?s={search_term_string}"},"query-input":{"@type":"PropertyValueSpecification","valueRequired":true,"valueName":"search_term_string"}}],"inLanguage":"lt-LT"}]}},"_links":{"self":[{"href":"https:\/\/happyinaknit.com\/lt\/wp-json\/wp\/v2\/product\/6331","targetHints":{"allow":["GET"]}}],"collection":[{"href":"https:\/\/happyinaknit.com\/lt\/wp-json\/wp\/v2\/product"}],"about":[{"href":"https:\/\/happyinaknit.com\/lt\/wp-json\/wp\/v2\/types\/product"}],"replies":[{"embeddable":true,"href":"https:\/\/happyinaknit.com\/lt\/wp-json\/wp\/v2\/comments?post=6331"}],"wp:featuredmedia":[{"embeddable":true,"href":"https:\/\/happyinaknit.com\/lt\/wp-json\/wp\/v2\/media\/6338"}],"wp:attachment":[{"href":"https:\/\/happyinaknit.com\/lt\/wp-json\/wp\/v2\/media?parent=6331"}],"wp:term":[{"taxonomy":"product_brand","embeddable":true,"href":"https:\/\/happyinaknit.com\/lt\/wp-json\/wp\/v2\/product_brand?post=6331"},{"taxonomy":"product_cat","embeddable":true,"href":"https:\/\/happyinaknit.com\/lt\/wp-json\/wp\/v2\/product_cat?post=6331"},{"taxonomy":"product_tag","embeddable":true,"href":"https:\/\/happyinaknit.com\/lt\/wp-json\/wp\/v2\/product_tag?post=6331"},{"taxonomy":"pro-kategorijos","embeddable":true,"href":"https:\/\/happyinaknit.com\/lt\/wp-json\/wp\/v2\/pro-kategorijos?post=6331"}],"curies":[{"name":"wp","href":"https:\/\/api.w.org\/{rel}","templated":true}]}}