{"id":6321,"date":"2025-10-19T10:54:53","date_gmt":"2025-10-19T10:54:53","guid":{"rendered":"https:\/\/happyinaknit.com\/?post_type=product&#038;p=6321"},"modified":"2026-02-18T20:20:24","modified_gmt":"2026-02-18T20:20:24","slug":"knitpro-the-mindful-collection-rotacinis-valas-swivel-360","status":"publish","type":"product","link":"https:\/\/happyinaknit.com\/lt\/produktas\/knitpro-the-mindful-collection-rotacinis-valas-swivel-360\/","title":{"rendered":"KnitPro The Mindful Collection \u2013 rotacinis valas Swivel 360\u00b0"},"content":{"rendered":"<p>Auk\u0161tos kokyb\u0117s <b>rotacinis valas prisukamiems virbalams<\/b> i\u0161 <b>KnitPro \u201eThe Mindful Collection\u201c<\/b> \u2013 lankstus, patvarus ir sukurtas skland\u017eiam mezgimui be susisukim\u0173. D\u0117l <b>360\u00b0 besisukan\u010dio jungties mechanizmo<\/b> valas laisvai sukasi, tod\u0117l si\u016blai nejungiasi ir mezgimas tampa dar patogesnis.<\/p>\n<p><b>Svarbu:<\/b> nurodytas ilgis yra <b>\u012fskaitant virbalus<\/b>, tod\u0117l <b>faktinis valo ilgis yra trumpesnis<\/b>.<\/p>\n<p><b>Tipas:<\/b> rotacinis valas prisukamiems virbalams (Swivel 360\u00b0)<\/p>\n<p><b>Suderinamumas:<\/b> su visais \u201eThe Mindful Collection\u201c ir Knitpro \u00a0prisukamais virbalais<\/p>\n<p><b>Ypatyb\u0117s:<\/b> lankstus, nesusisukantis, su besisukan\u010dia jungtimi<\/p>\n<p><b>Pastaba:<\/b> spalv\u0173 atspalviai gali \u0161iek tiek skirtis priklausomai nuo \u012frenginio ekrano.<\/p>\n","protected":false},"excerpt":{"rendered":"<p>Auk\u0161tos kokyb\u0117s rotacinis valas prisukamiems virbalams i\u0161 KnitPro \u201eThe Mindful Collection\u201c \u2013 lankstus, patvarus ir sukurtas skland\u017eiam mezgimui be susisukim\u0173. D\u0117l 360\u00b0 besisukan\u010dio jungties mechanizmo valas laisvai sukasi, tod\u0117l si\u016blai nejungiasi ir mezgimas tampa dar patogesnis. Svarbu: nurodytas ilgis yra \u012fskaitant virbalus, tod\u0117l faktinis valo ilgis yra trumpesnis. Tipas: rotacinis valas prisukamiems virbalams (Swivel 360\u00b0) [&hellip;]<\/p>\n","protected":false},"featured_media":6322,"comment_status":"open","ping_status":"closed","template":"","meta":{"_acf_changed":false},"product_brand":[1069,1071],"product_cat":[15,19,864],"product_tag":[],"pro-kategorijos":[],"class_list":{"0":"post-6321","1":"product","2":"type-product","3":"status-publish","4":"has-post-thumbnail","6":"product_brand-knitpro","7":"product_brand-the-mindful-collection","8":"product_cat-visi-produktai","9":"product_cat-mezgimo-priemones","10":"product_cat-valai-virbalams","12":"first","13":"instock","14":"shipping-taxable","15":"purchasable","16":"product-type-variable"},"acf":[],"yoast_head":"<!-- This site is optimized with the Yoast SEO plugin v26.8 - https:\/\/yoast.com\/product\/yoast-seo-wordpress\/ -->\n<title>KnitPro The Mindful Collection \u2013 rotacinis valas Swivel 360\u00b0 - Happyinaknit.com<\/title>\n<meta name=\"robots\" content=\"index, follow, max-snippet:-1, max-image-preview:large, max-video-preview:-1\" \/>\n<link rel=\"canonical\" href=\"https:\/\/happyinaknit.com\/lt\/produktas\/knitpro-the-mindful-collection-rotacinis-valas-swivel-360\/\" \/>\n<meta property=\"og:locale\" content=\"lt_LT\" \/>\n<meta property=\"og:type\" content=\"article\" \/>\n<meta property=\"og:title\" content=\"KnitPro The Mindful Collection \u2013 rotacinis valas Swivel 360\u00b0 - Happyinaknit.com\" \/>\n<meta property=\"og:description\" content=\"Auk\u0161tos kokyb\u0117s rotacinis valas prisukamiems virbalams i\u0161 KnitPro \u201eThe Mindful Collection\u201c \u2013 lankstus, patvarus ir sukurtas skland\u017eiam mezgimui be susisukim\u0173. D\u0117l 360\u00b0 besisukan\u010dio jungties mechanizmo valas laisvai sukasi, tod\u0117l si\u016blai nejungiasi ir mezgimas tampa dar patogesnis. Svarbu: nurodytas ilgis yra \u012fskaitant virbalus, tod\u0117l faktinis valo ilgis yra trumpesnis. Tipas: rotacinis valas prisukamiems virbalams (Swivel 360\u00b0) [&hellip;]\" \/>\n<meta property=\"og:url\" content=\"https:\/\/happyinaknit.com\/lt\/produktas\/knitpro-the-mindful-collection-rotacinis-valas-swivel-360\/\" \/>\n<meta property=\"og:site_name\" content=\"Happyinaknit.com\" \/>\n<meta property=\"article:modified_time\" content=\"2026-02-18T20:20:24+00:00\" \/>\n<meta property=\"og:image\" content=\"https:\/\/happyinaknit.com\/wp-content\/uploads\/2025\/10\/cabo-agulha-trico-inter-360-knitpro.jpg.webp\" \/>\n\t<meta property=\"og:image:width\" content=\"450\" \/>\n\t<meta property=\"og:image:height\" content=\"450\" \/>\n\t<meta property=\"og:image:type\" content=\"image\/webp\" \/>\n<meta name=\"twitter:card\" content=\"summary_large_image\" \/>\n<script type=\"application\/ld+json\" class=\"yoast-schema-graph\">{\"@context\":\"https:\/\/schema.org\",\"@graph\":[{\"@type\":\"WebPage\",\"@id\":\"https:\/\/happyinaknit.com\/produktas\/knitpro-the-mindful-collection-rotacinis-valas-swivel-360\/\",\"url\":\"https:\/\/happyinaknit.com\/produktas\/knitpro-the-mindful-collection-rotacinis-valas-swivel-360\/\",\"name\":\"KnitPro The Mindful Collection \u2013 rotacinis valas Swivel 360\u00b0 - Happyinaknit.com\",\"isPartOf\":{\"@id\":\"https:\/\/happyinaknit.com\/lt\/#website\"},\"primaryImageOfPage\":{\"@id\":\"https:\/\/happyinaknit.com\/produktas\/knitpro-the-mindful-collection-rotacinis-valas-swivel-360\/#primaryimage\"},\"image\":{\"@id\":\"https:\/\/happyinaknit.com\/produktas\/knitpro-the-mindful-collection-rotacinis-valas-swivel-360\/#primaryimage\"},\"thumbnailUrl\":\"https:\/\/happyinaknit.com\/wp-content\/uploads\/2025\/10\/cabo-agulha-trico-inter-360-knitpro.jpg.webp\",\"datePublished\":\"2025-10-19T10:54:53+00:00\",\"dateModified\":\"2026-02-18T20:20:24+00:00\",\"breadcrumb\":{\"@id\":\"https:\/\/happyinaknit.com\/produktas\/knitpro-the-mindful-collection-rotacinis-valas-swivel-360\/#breadcrumb\"},\"inLanguage\":\"lt-LT\",\"potentialAction\":[{\"@type\":\"ReadAction\",\"target\":[\"https:\/\/happyinaknit.com\/produktas\/knitpro-the-mindful-collection-rotacinis-valas-swivel-360\/\"]}]},{\"@type\":\"ImageObject\",\"inLanguage\":\"lt-LT\",\"@id\":\"https:\/\/happyinaknit.com\/produktas\/knitpro-the-mindful-collection-rotacinis-valas-swivel-360\/#primaryimage\",\"url\":\"https:\/\/happyinaknit.com\/wp-content\/uploads\/2025\/10\/cabo-agulha-trico-inter-360-knitpro.jpg.webp\",\"contentUrl\":\"https:\/\/happyinaknit.com\/wp-content\/uploads\/2025\/10\/cabo-agulha-trico-inter-360-knitpro.jpg.webp\",\"width\":450,\"height\":450},{\"@type\":\"BreadcrumbList\",\"@id\":\"https:\/\/happyinaknit.com\/produktas\/knitpro-the-mindful-collection-rotacinis-valas-swivel-360\/#breadcrumb\",\"itemListElement\":[{\"@type\":\"ListItem\",\"position\":1,\"name\":\"Home\",\"item\":\"https:\/\/happyinaknit.com\/lt\/\"},{\"@type\":\"ListItem\",\"position\":2,\"name\":\"Parduotuv\u0117\",\"item\":\"https:\/\/happyinaknit.com\/lt\/parduotuve\/\"},{\"@type\":\"ListItem\",\"position\":3,\"name\":\"KnitPro The Mindful Collection \u2013 rotacinis valas Swivel 360\u00b0\"}]},{\"@type\":\"WebSite\",\"@id\":\"https:\/\/happyinaknit.com\/lt\/#website\",\"url\":\"https:\/\/happyinaknit.com\/lt\/\",\"name\":\"Happyinaknit.com\",\"description\":\"\",\"potentialAction\":[{\"@type\":\"SearchAction\",\"target\":{\"@type\":\"EntryPoint\",\"urlTemplate\":\"https:\/\/happyinaknit.com\/lt\/?s={search_term_string}\"},\"query-input\":{\"@type\":\"PropertyValueSpecification\",\"valueRequired\":true,\"valueName\":\"search_term_string\"}}],\"inLanguage\":\"lt-LT\"}]}<\/script>\n<!-- \/ Yoast SEO plugin. -->","yoast_head_json":{"title":"KnitPro The Mindful Collection \u2013 rotacinis valas Swivel 360\u00b0 - Happyinaknit.com","robots":{"index":"index","follow":"follow","max-snippet":"max-snippet:-1","max-image-preview":"max-image-preview:large","max-video-preview":"max-video-preview:-1"},"canonical":"https:\/\/happyinaknit.com\/lt\/produktas\/knitpro-the-mindful-collection-rotacinis-valas-swivel-360\/","og_locale":"lt_LT","og_type":"article","og_title":"KnitPro The Mindful Collection \u2013 rotacinis valas Swivel 360\u00b0 - Happyinaknit.com","og_description":"Auk\u0161tos kokyb\u0117s rotacinis valas prisukamiems virbalams i\u0161 KnitPro \u201eThe Mindful Collection\u201c \u2013 lankstus, patvarus ir sukurtas skland\u017eiam mezgimui be susisukim\u0173. D\u0117l 360\u00b0 besisukan\u010dio jungties mechanizmo valas laisvai sukasi, tod\u0117l si\u016blai nejungiasi ir mezgimas tampa dar patogesnis. Svarbu: nurodytas ilgis yra \u012fskaitant virbalus, tod\u0117l faktinis valo ilgis yra trumpesnis. Tipas: rotacinis valas prisukamiems virbalams (Swivel 360\u00b0) [&hellip;]","og_url":"https:\/\/happyinaknit.com\/lt\/produktas\/knitpro-the-mindful-collection-rotacinis-valas-swivel-360\/","og_site_name":"Happyinaknit.com","article_modified_time":"2026-02-18T20:20:24+00:00","og_image":[{"width":450,"height":450,"url":"https:\/\/happyinaknit.com\/wp-content\/uploads\/2025\/10\/cabo-agulha-trico-inter-360-knitpro.jpg.webp","type":"image\/webp"}],"twitter_card":"summary_large_image","schema":{"@context":"https:\/\/schema.org","@graph":[{"@type":"WebPage","@id":"https:\/\/happyinaknit.com\/produktas\/knitpro-the-mindful-collection-rotacinis-valas-swivel-360\/","url":"https:\/\/happyinaknit.com\/produktas\/knitpro-the-mindful-collection-rotacinis-valas-swivel-360\/","name":"KnitPro The Mindful Collection \u2013 rotacinis valas Swivel 360\u00b0 - Happyinaknit.com","isPartOf":{"@id":"https:\/\/happyinaknit.com\/lt\/#website"},"primaryImageOfPage":{"@id":"https:\/\/happyinaknit.com\/produktas\/knitpro-the-mindful-collection-rotacinis-valas-swivel-360\/#primaryimage"},"image":{"@id":"https:\/\/happyinaknit.com\/produktas\/knitpro-the-mindful-collection-rotacinis-valas-swivel-360\/#primaryimage"},"thumbnailUrl":"https:\/\/happyinaknit.com\/wp-content\/uploads\/2025\/10\/cabo-agulha-trico-inter-360-knitpro.jpg.webp","datePublished":"2025-10-19T10:54:53+00:00","dateModified":"2026-02-18T20:20:24+00:00","breadcrumb":{"@id":"https:\/\/happyinaknit.com\/produktas\/knitpro-the-mindful-collection-rotacinis-valas-swivel-360\/#breadcrumb"},"inLanguage":"lt-LT","potentialAction":[{"@type":"ReadAction","target":["https:\/\/happyinaknit.com\/produktas\/knitpro-the-mindful-collection-rotacinis-valas-swivel-360\/"]}]},{"@type":"ImageObject","inLanguage":"lt-LT","@id":"https:\/\/happyinaknit.com\/produktas\/knitpro-the-mindful-collection-rotacinis-valas-swivel-360\/#primaryimage","url":"https:\/\/happyinaknit.com\/wp-content\/uploads\/2025\/10\/cabo-agulha-trico-inter-360-knitpro.jpg.webp","contentUrl":"https:\/\/happyinaknit.com\/wp-content\/uploads\/2025\/10\/cabo-agulha-trico-inter-360-knitpro.jpg.webp","width":450,"height":450},{"@type":"BreadcrumbList","@id":"https:\/\/happyinaknit.com\/produktas\/knitpro-the-mindful-collection-rotacinis-valas-swivel-360\/#breadcrumb","itemListElement":[{"@type":"ListItem","position":1,"name":"Home","item":"https:\/\/happyinaknit.com\/lt\/"},{"@type":"ListItem","position":2,"name":"Parduotuv\u0117","item":"https:\/\/happyinaknit.com\/lt\/parduotuve\/"},{"@type":"ListItem","position":3,"name":"KnitPro The Mindful Collection \u2013 rotacinis valas Swivel 360\u00b0"}]},{"@type":"WebSite","@id":"https:\/\/happyinaknit.com\/lt\/#website","url":"https:\/\/happyinaknit.com\/lt\/","name":"Happyinaknit.com","description":"","potentialAction":[{"@type":"SearchAction","target":{"@type":"EntryPoint","urlTemplate":"https:\/\/happyinaknit.com\/lt\/?s={search_term_string}"},"query-input":{"@type":"PropertyValueSpecification","valueRequired":true,"valueName":"search_term_string"}}],"inLanguage":"lt-LT"}]}},"_links":{"self":[{"href":"https:\/\/happyinaknit.com\/lt\/wp-json\/wp\/v2\/product\/6321","targetHints":{"allow":["GET"]}}],"collection":[{"href":"https:\/\/happyinaknit.com\/lt\/wp-json\/wp\/v2\/product"}],"about":[{"href":"https:\/\/happyinaknit.com\/lt\/wp-json\/wp\/v2\/types\/product"}],"replies":[{"embeddable":true,"href":"https:\/\/happyinaknit.com\/lt\/wp-json\/wp\/v2\/comments?post=6321"}],"wp:featuredmedia":[{"embeddable":true,"href":"https:\/\/happyinaknit.com\/lt\/wp-json\/wp\/v2\/media\/6322"}],"wp:attachment":[{"href":"https:\/\/happyinaknit.com\/lt\/wp-json\/wp\/v2\/media?parent=6321"}],"wp:term":[{"taxonomy":"product_brand","embeddable":true,"href":"https:\/\/happyinaknit.com\/lt\/wp-json\/wp\/v2\/product_brand?post=6321"},{"taxonomy":"product_cat","embeddable":true,"href":"https:\/\/happyinaknit.com\/lt\/wp-json\/wp\/v2\/product_cat?post=6321"},{"taxonomy":"product_tag","embeddable":true,"href":"https:\/\/happyinaknit.com\/lt\/wp-json\/wp\/v2\/product_tag?post=6321"},{"taxonomy":"pro-kategorijos","embeddable":true,"href":"https:\/\/happyinaknit.com\/lt\/wp-json\/wp\/v2\/pro-kategorijos?post=6321"}],"curies":[{"name":"wp","href":"https:\/\/api.w.org\/{rel}","templated":true}]}}