{"id":6293,"date":"2025-10-19T10:22:05","date_gmt":"2025-10-19T10:22:05","guid":{"rendered":"https:\/\/happyinaknit.com\/?post_type=product&#038;p=6293"},"modified":"2025-10-28T13:08:17","modified_gmt":"2025-10-28T13:08:17","slug":"6293","status":"publish","type":"product","link":"https:\/\/happyinaknit.com\/lt\/produktas\/6293\/","title":{"rendered":"KnitPro The Mindful Collection \u2013 mezgimo \u017eymekliai \u201eChakra\u201c"},"content":{"rendered":"<p><b>KnitPro The Mindful Collection \u2013 mezgimo \u017eymekliai \u201eChakra\u201c<\/b><b><\/b><\/p>\n<p>I\u0161skirtinio dizaino <b>mezgimo \u017eymekliai su \u010dakr\u0173 simboliais<\/b> i\u0161 <b>KnitPro \u201eThe Mindful Collection\u201c<\/b> \u2013 eleganti\u0161kas ir funkcionalus aksesuaras, suteikiantis mezgimui harmonijos ir estetikos. Pagaminti i\u0161 <b>sterlingo sidabro su matine \u201epremium\u201c klas\u0117s danga<\/b>, jie yra lengvi, tvirti ir <b>nepe\u0161a si\u016bl\u0173<\/b>.<\/p>\n<p>\u017dymekliai pateikiami <b>audinio mai\u0161elyje<\/b>, tod\u0117l juos patogu laikyti ar pasiimti su savimi. \u012e komplekt\u0105 \u012feina <b>10 skirtingo dyd\u017eio \u017eymekli\u0173<\/b>, pritaikyt\u0173 \u012fvairaus storio virbalams.<\/p>\n<p><b>Rinkinyje:<\/b> 10 \u017eymekli\u0173 (skirting\u0173 diametr\u0173)<\/p>\n<p><b>Med\u017eiaga:<\/b> sterlingo sidabras su matine danga<\/p>\n<p><b>Pakuot\u0117:<\/b> audinio mai\u0161elis<\/p>\n<p><b>Paskirtis:<\/b> mezgimo eili\u0173, ra\u0161t\u0173 ir kilp\u0173 \u017eym\u0117jimui<\/p>\n<p><b>Pastaba:<\/b> spalv\u0173 atspalviai gali \u0161iek tiek skirtis priklausomai nuo \u012frenginio ekrano.<\/p>\n","protected":false},"excerpt":{"rendered":"<p>KnitPro The Mindful Collection \u2013 mezgimo \u017eymekliai \u201eChakra\u201c I\u0161skirtinio dizaino mezgimo \u017eymekliai su \u010dakr\u0173 simboliais i\u0161 KnitPro \u201eThe Mindful Collection\u201c \u2013 eleganti\u0161kas ir funkcionalus aksesuaras, suteikiantis mezgimui harmonijos ir estetikos. Pagaminti i\u0161 sterlingo sidabro su matine \u201epremium\u201c klas\u0117s danga, jie yra lengvi, tvirti ir nepe\u0161a si\u016bl\u0173. \u017dymekliai pateikiami audinio mai\u0161elyje, tod\u0117l juos patogu laikyti ar [&hellip;]<\/p>\n","protected":false},"featured_media":6291,"comment_status":"open","ping_status":"closed","template":"","meta":{"_acf_changed":false},"product_brand":[1069,1071],"product_cat":[15,20,1081],"product_tag":[],"pro-kategorijos":[],"class_list":{"0":"post-6293","1":"product","2":"type-product","3":"status-publish","4":"has-post-thumbnail","6":"product_brand-knitpro","7":"product_brand-the-mindful-collection","8":"product_cat-visi-produktai","9":"product_cat-priedai-mezgimui","10":"product_cat-zymekliai","12":"first","13":"outofstock","14":"shipping-taxable","15":"purchasable","16":"product-type-simple"},"acf":[],"yoast_head":"<!-- This site is optimized with the Yoast SEO plugin v26.8 - https:\/\/yoast.com\/product\/yoast-seo-wordpress\/ -->\n<title>KnitPro The Mindful Collection \u2013 mezgimo \u017eymekliai \u201eChakra\u201c - Happyinaknit.com<\/title>\n<meta name=\"robots\" content=\"index, follow, max-snippet:-1, max-image-preview:large, max-video-preview:-1\" \/>\n<link rel=\"canonical\" href=\"https:\/\/happyinaknit.com\/lt\/produktas\/6293\/\" \/>\n<meta property=\"og:locale\" content=\"lt_LT\" \/>\n<meta property=\"og:type\" content=\"article\" \/>\n<meta property=\"og:title\" content=\"KnitPro The Mindful Collection \u2013 mezgimo \u017eymekliai \u201eChakra\u201c - Happyinaknit.com\" \/>\n<meta property=\"og:description\" content=\"KnitPro The Mindful Collection \u2013 mezgimo \u017eymekliai \u201eChakra\u201c I\u0161skirtinio dizaino mezgimo \u017eymekliai su \u010dakr\u0173 simboliais i\u0161 KnitPro \u201eThe Mindful Collection\u201c \u2013 eleganti\u0161kas ir funkcionalus aksesuaras, suteikiantis mezgimui harmonijos ir estetikos. Pagaminti i\u0161 sterlingo sidabro su matine \u201epremium\u201c klas\u0117s danga, jie yra lengvi, tvirti ir nepe\u0161a si\u016bl\u0173. \u017dymekliai pateikiami audinio mai\u0161elyje, tod\u0117l juos patogu laikyti ar [&hellip;]\" \/>\n<meta property=\"og:url\" content=\"https:\/\/happyinaknit.com\/lt\/produktas\/6293\/\" \/>\n<meta property=\"og:site_name\" content=\"Happyinaknit.com\" \/>\n<meta property=\"article:modified_time\" content=\"2025-10-28T13:08:17+00:00\" \/>\n<meta property=\"og:image\" content=\"https:\/\/happyinaknit.com\/wp-content\/uploads\/2025\/10\/K36632-1.jpg\" \/>\n\t<meta property=\"og:image:width\" content=\"700\" \/>\n\t<meta property=\"og:image:height\" content=\"700\" \/>\n\t<meta property=\"og:image:type\" content=\"image\/jpeg\" \/>\n<meta name=\"twitter:card\" content=\"summary_large_image\" \/>\n<meta name=\"twitter:label1\" content=\"Est. reading time\" \/>\n\t<meta name=\"twitter:data1\" content=\"1 minut\u0117\" \/>\n<script type=\"application\/ld+json\" class=\"yoast-schema-graph\">{\"@context\":\"https:\/\/schema.org\",\"@graph\":[{\"@type\":\"WebPage\",\"@id\":\"https:\/\/happyinaknit.com\/produktas\/6293\/\",\"url\":\"https:\/\/happyinaknit.com\/produktas\/6293\/\",\"name\":\"KnitPro The Mindful Collection \u2013 mezgimo \u017eymekliai \u201eChakra\u201c - Happyinaknit.com\",\"isPartOf\":{\"@id\":\"https:\/\/happyinaknit.com\/lt\/#website\"},\"primaryImageOfPage\":{\"@id\":\"https:\/\/happyinaknit.com\/produktas\/6293\/#primaryimage\"},\"image\":{\"@id\":\"https:\/\/happyinaknit.com\/produktas\/6293\/#primaryimage\"},\"thumbnailUrl\":\"https:\/\/happyinaknit.com\/wp-content\/uploads\/2025\/10\/K36632-1.jpg\",\"datePublished\":\"2025-10-19T10:22:05+00:00\",\"dateModified\":\"2025-10-28T13:08:17+00:00\",\"breadcrumb\":{\"@id\":\"https:\/\/happyinaknit.com\/produktas\/6293\/#breadcrumb\"},\"inLanguage\":\"lt-LT\",\"potentialAction\":[{\"@type\":\"ReadAction\",\"target\":[\"https:\/\/happyinaknit.com\/produktas\/6293\/\"]}]},{\"@type\":\"ImageObject\",\"inLanguage\":\"lt-LT\",\"@id\":\"https:\/\/happyinaknit.com\/produktas\/6293\/#primaryimage\",\"url\":\"https:\/\/happyinaknit.com\/wp-content\/uploads\/2025\/10\/K36632-1.jpg\",\"contentUrl\":\"https:\/\/happyinaknit.com\/wp-content\/uploads\/2025\/10\/K36632-1.jpg\",\"width\":700,\"height\":700},{\"@type\":\"BreadcrumbList\",\"@id\":\"https:\/\/happyinaknit.com\/produktas\/6293\/#breadcrumb\",\"itemListElement\":[{\"@type\":\"ListItem\",\"position\":1,\"name\":\"Home\",\"item\":\"https:\/\/happyinaknit.com\/lt\/\"},{\"@type\":\"ListItem\",\"position\":2,\"name\":\"Parduotuv\u0117\",\"item\":\"https:\/\/happyinaknit.com\/lt\/parduotuve\/\"},{\"@type\":\"ListItem\",\"position\":3,\"name\":\"KnitPro The Mindful Collection \u2013 mezgimo \u017eymekliai \u201eChakra\u201c\"}]},{\"@type\":\"WebSite\",\"@id\":\"https:\/\/happyinaknit.com\/lt\/#website\",\"url\":\"https:\/\/happyinaknit.com\/lt\/\",\"name\":\"Happyinaknit.com\",\"description\":\"\",\"potentialAction\":[{\"@type\":\"SearchAction\",\"target\":{\"@type\":\"EntryPoint\",\"urlTemplate\":\"https:\/\/happyinaknit.com\/lt\/?s={search_term_string}\"},\"query-input\":{\"@type\":\"PropertyValueSpecification\",\"valueRequired\":true,\"valueName\":\"search_term_string\"}}],\"inLanguage\":\"lt-LT\"}]}<\/script>\n<!-- \/ Yoast SEO plugin. -->","yoast_head_json":{"title":"KnitPro The Mindful Collection \u2013 mezgimo \u017eymekliai \u201eChakra\u201c - Happyinaknit.com","robots":{"index":"index","follow":"follow","max-snippet":"max-snippet:-1","max-image-preview":"max-image-preview:large","max-video-preview":"max-video-preview:-1"},"canonical":"https:\/\/happyinaknit.com\/lt\/produktas\/6293\/","og_locale":"lt_LT","og_type":"article","og_title":"KnitPro The Mindful Collection \u2013 mezgimo \u017eymekliai \u201eChakra\u201c - Happyinaknit.com","og_description":"KnitPro The Mindful Collection \u2013 mezgimo \u017eymekliai \u201eChakra\u201c I\u0161skirtinio dizaino mezgimo \u017eymekliai su \u010dakr\u0173 simboliais i\u0161 KnitPro \u201eThe Mindful Collection\u201c \u2013 eleganti\u0161kas ir funkcionalus aksesuaras, suteikiantis mezgimui harmonijos ir estetikos. Pagaminti i\u0161 sterlingo sidabro su matine \u201epremium\u201c klas\u0117s danga, jie yra lengvi, tvirti ir nepe\u0161a si\u016bl\u0173. \u017dymekliai pateikiami audinio mai\u0161elyje, tod\u0117l juos patogu laikyti ar [&hellip;]","og_url":"https:\/\/happyinaknit.com\/lt\/produktas\/6293\/","og_site_name":"Happyinaknit.com","article_modified_time":"2025-10-28T13:08:17+00:00","og_image":[{"width":700,"height":700,"url":"https:\/\/happyinaknit.com\/wp-content\/uploads\/2025\/10\/K36632-1.jpg","type":"image\/jpeg"}],"twitter_card":"summary_large_image","twitter_misc":{"Est. reading time":"1 minut\u0117"},"schema":{"@context":"https:\/\/schema.org","@graph":[{"@type":"WebPage","@id":"https:\/\/happyinaknit.com\/produktas\/6293\/","url":"https:\/\/happyinaknit.com\/produktas\/6293\/","name":"KnitPro The Mindful Collection \u2013 mezgimo \u017eymekliai \u201eChakra\u201c - Happyinaknit.com","isPartOf":{"@id":"https:\/\/happyinaknit.com\/lt\/#website"},"primaryImageOfPage":{"@id":"https:\/\/happyinaknit.com\/produktas\/6293\/#primaryimage"},"image":{"@id":"https:\/\/happyinaknit.com\/produktas\/6293\/#primaryimage"},"thumbnailUrl":"https:\/\/happyinaknit.com\/wp-content\/uploads\/2025\/10\/K36632-1.jpg","datePublished":"2025-10-19T10:22:05+00:00","dateModified":"2025-10-28T13:08:17+00:00","breadcrumb":{"@id":"https:\/\/happyinaknit.com\/produktas\/6293\/#breadcrumb"},"inLanguage":"lt-LT","potentialAction":[{"@type":"ReadAction","target":["https:\/\/happyinaknit.com\/produktas\/6293\/"]}]},{"@type":"ImageObject","inLanguage":"lt-LT","@id":"https:\/\/happyinaknit.com\/produktas\/6293\/#primaryimage","url":"https:\/\/happyinaknit.com\/wp-content\/uploads\/2025\/10\/K36632-1.jpg","contentUrl":"https:\/\/happyinaknit.com\/wp-content\/uploads\/2025\/10\/K36632-1.jpg","width":700,"height":700},{"@type":"BreadcrumbList","@id":"https:\/\/happyinaknit.com\/produktas\/6293\/#breadcrumb","itemListElement":[{"@type":"ListItem","position":1,"name":"Home","item":"https:\/\/happyinaknit.com\/lt\/"},{"@type":"ListItem","position":2,"name":"Parduotuv\u0117","item":"https:\/\/happyinaknit.com\/lt\/parduotuve\/"},{"@type":"ListItem","position":3,"name":"KnitPro The Mindful Collection \u2013 mezgimo \u017eymekliai \u201eChakra\u201c"}]},{"@type":"WebSite","@id":"https:\/\/happyinaknit.com\/lt\/#website","url":"https:\/\/happyinaknit.com\/lt\/","name":"Happyinaknit.com","description":"","potentialAction":[{"@type":"SearchAction","target":{"@type":"EntryPoint","urlTemplate":"https:\/\/happyinaknit.com\/lt\/?s={search_term_string}"},"query-input":{"@type":"PropertyValueSpecification","valueRequired":true,"valueName":"search_term_string"}}],"inLanguage":"lt-LT"}]}},"_links":{"self":[{"href":"https:\/\/happyinaknit.com\/lt\/wp-json\/wp\/v2\/product\/6293","targetHints":{"allow":["GET"]}}],"collection":[{"href":"https:\/\/happyinaknit.com\/lt\/wp-json\/wp\/v2\/product"}],"about":[{"href":"https:\/\/happyinaknit.com\/lt\/wp-json\/wp\/v2\/types\/product"}],"replies":[{"embeddable":true,"href":"https:\/\/happyinaknit.com\/lt\/wp-json\/wp\/v2\/comments?post=6293"}],"wp:featuredmedia":[{"embeddable":true,"href":"https:\/\/happyinaknit.com\/lt\/wp-json\/wp\/v2\/media\/6291"}],"wp:attachment":[{"href":"https:\/\/happyinaknit.com\/lt\/wp-json\/wp\/v2\/media?parent=6293"}],"wp:term":[{"taxonomy":"product_brand","embeddable":true,"href":"https:\/\/happyinaknit.com\/lt\/wp-json\/wp\/v2\/product_brand?post=6293"},{"taxonomy":"product_cat","embeddable":true,"href":"https:\/\/happyinaknit.com\/lt\/wp-json\/wp\/v2\/product_cat?post=6293"},{"taxonomy":"product_tag","embeddable":true,"href":"https:\/\/happyinaknit.com\/lt\/wp-json\/wp\/v2\/product_tag?post=6293"},{"taxonomy":"pro-kategorijos","embeddable":true,"href":"https:\/\/happyinaknit.com\/lt\/wp-json\/wp\/v2\/pro-kategorijos?post=6293"}],"curies":[{"name":"wp","href":"https:\/\/api.w.org\/{rel}","templated":true}]}}