{"id":6285,"date":"2025-10-19T10:14:21","date_gmt":"2025-10-19T10:14:21","guid":{"rendered":"https:\/\/happyinaknit.com\/?post_type=product&#038;p=6285"},"modified":"2025-10-19T10:14:21","modified_gmt":"2025-10-19T10:14:21","slug":"knitpro-the-mindful-collection-adatu-rinkinys","status":"publish","type":"product","link":"https:\/\/happyinaknit.com\/lt\/produktas\/knitpro-the-mindful-collection-adatu-rinkinys\/","title":{"rendered":"KnitPro The Mindful Collection  Adat\u0173 Rinkinys"},"content":{"rendered":"<p>Eleganti\u0161kas ir prakti\u0161kas <b>siuvimo adat\u0173 rinkinys<\/b> i\u0161 <b>KnitPro \u201eThe Mindful Collection\u201c<\/b> \u2013 nepakei\u010diamas pagalbininkas mezgini\u0173 siuvimui ir surinkimui. Adatos pagamintos i\u0161 <b>laminuotos medienos<\/b>, pasi\u017eymin\u010dios tvirtumu ir \u0161velniu slydimu per si\u016blus.<\/p>\n<p>Rinkinys pateikiamas <b>cilindro formos d\u0117kle<\/b>, kuris ne tik saugo adatas, bet ir atrodo itin esteti\u0161kai \u2013 nat\u016bralaus ir turkio spalv\u0173 derinyje, b\u016bdingame visai \u201eMindful\u201c kolekcijai.<\/p>\n<p><b>Rinkinyje:<\/b><b><\/b><\/p>\n<p>\u2013 2 ma\u017eos adatos<\/p>\n<p>\u2013 2 didel\u0117s adatos<\/p>\n<p>\u2013 cilindrinis medinis d\u0117klas<\/p>\n<p><b>Med\u017eiaga:<\/b> laminuota mediena<\/p>\n<p><b>Spalva:<\/b> nat\u016brali \/ turkio (\u201eMindful\u201c tematika)<\/p>\n<p><b>Paskirtis:<\/b> trikota\u017eini\u0173 gamini\u0173 siuvimui ir surinkimui<\/p>\n<p><b>Pastaba:<\/b> spalv\u0173 atspalviai gali \u0161iek tiek skirtis priklausomai nuo \u012frenginio ekrano.<\/p>\n","protected":false},"excerpt":{"rendered":"<p>Eleganti\u0161kas ir prakti\u0161kas siuvimo adat\u0173 rinkinys i\u0161 KnitPro \u201eThe Mindful Collection\u201c \u2013 nepakei\u010diamas pagalbininkas mezgini\u0173 siuvimui ir surinkimui. Adatos pagamintos i\u0161 laminuotos medienos, pasi\u017eymin\u010dios tvirtumu ir \u0161velniu slydimu per si\u016blus. Rinkinys pateikiamas cilindro formos d\u0117kle, kuris ne tik saugo adatas, bet ir atrodo itin esteti\u0161kai \u2013 nat\u016bralaus ir turkio spalv\u0173 derinyje, b\u016bdingame visai \u201eMindful\u201c kolekcijai. [&hellip;]<\/p>\n","protected":false},"featured_media":6289,"comment_status":"open","ping_status":"closed","template":"","meta":{"_acf_changed":false},"product_brand":[1069,1071],"product_cat":[15,1080,20],"product_tag":[],"pro-kategorijos":[],"class_list":{"0":"post-6285","1":"product","2":"type-product","3":"status-publish","4":"has-post-thumbnail","6":"product_brand-knitpro","7":"product_brand-the-mindful-collection","8":"product_cat-visi-produktai","9":"product_cat-adatos","10":"product_cat-priedai-mezgimui","12":"first","13":"instock","14":"shipping-taxable","15":"purchasable","16":"product-type-simple"},"acf":[],"yoast_head":"<!-- This site is optimized with the Yoast SEO plugin v26.8 - https:\/\/yoast.com\/product\/yoast-seo-wordpress\/ -->\n<title>KnitPro The Mindful Collection Adat\u0173 Rinkinys - Happyinaknit.com<\/title>\n<meta name=\"robots\" content=\"index, follow, max-snippet:-1, max-image-preview:large, max-video-preview:-1\" \/>\n<link rel=\"canonical\" href=\"https:\/\/happyinaknit.com\/lt\/produktas\/knitpro-the-mindful-collection-adatu-rinkinys\/\" \/>\n<meta property=\"og:locale\" content=\"lt_LT\" \/>\n<meta property=\"og:type\" content=\"article\" \/>\n<meta property=\"og:title\" content=\"KnitPro The Mindful Collection Adat\u0173 Rinkinys - Happyinaknit.com\" \/>\n<meta property=\"og:description\" content=\"Eleganti\u0161kas ir prakti\u0161kas siuvimo adat\u0173 rinkinys i\u0161 KnitPro \u201eThe Mindful Collection\u201c \u2013 nepakei\u010diamas pagalbininkas mezgini\u0173 siuvimui ir surinkimui. Adatos pagamintos i\u0161 laminuotos medienos, pasi\u017eymin\u010dios tvirtumu ir \u0161velniu slydimu per si\u016blus. Rinkinys pateikiamas cilindro formos d\u0117kle, kuris ne tik saugo adatas, bet ir atrodo itin esteti\u0161kai \u2013 nat\u016bralaus ir turkio spalv\u0173 derinyje, b\u016bdingame visai \u201eMindful\u201c kolekcijai. [&hellip;]\" \/>\n<meta property=\"og:url\" content=\"https:\/\/happyinaknit.com\/lt\/produktas\/knitpro-the-mindful-collection-adatu-rinkinys\/\" \/>\n<meta property=\"og:site_name\" content=\"Happyinaknit.com\" \/>\n<meta property=\"og:image\" content=\"https:\/\/happyinaknit.com\/wp-content\/uploads\/2025\/10\/the-mindful-collection-teal-wooden-darning-needles-beech-wood-container-1_hclj2gsopfnke3fd.webp\" \/>\n\t<meta property=\"og:image:width\" content=\"500\" \/>\n\t<meta property=\"og:image:height\" content=\"500\" \/>\n\t<meta property=\"og:image:type\" content=\"image\/webp\" \/>\n<meta name=\"twitter:card\" content=\"summary_large_image\" \/>\n<meta name=\"twitter:label1\" content=\"Est. reading time\" \/>\n\t<meta name=\"twitter:data1\" content=\"1 minut\u0117\" \/>\n<script type=\"application\/ld+json\" class=\"yoast-schema-graph\">{\"@context\":\"https:\/\/schema.org\",\"@graph\":[{\"@type\":\"WebPage\",\"@id\":\"https:\/\/happyinaknit.com\/produktas\/knitpro-the-mindful-collection-adatu-rinkinys\/\",\"url\":\"https:\/\/happyinaknit.com\/produktas\/knitpro-the-mindful-collection-adatu-rinkinys\/\",\"name\":\"KnitPro The Mindful Collection Adat\u0173 Rinkinys - Happyinaknit.com\",\"isPartOf\":{\"@id\":\"https:\/\/happyinaknit.com\/lt\/#website\"},\"primaryImageOfPage\":{\"@id\":\"https:\/\/happyinaknit.com\/produktas\/knitpro-the-mindful-collection-adatu-rinkinys\/#primaryimage\"},\"image\":{\"@id\":\"https:\/\/happyinaknit.com\/produktas\/knitpro-the-mindful-collection-adatu-rinkinys\/#primaryimage\"},\"thumbnailUrl\":\"https:\/\/happyinaknit.com\/wp-content\/uploads\/2025\/10\/the-mindful-collection-teal-wooden-darning-needles-beech-wood-container-1_hclj2gsopfnke3fd.webp\",\"datePublished\":\"2025-10-19T10:14:21+00:00\",\"breadcrumb\":{\"@id\":\"https:\/\/happyinaknit.com\/produktas\/knitpro-the-mindful-collection-adatu-rinkinys\/#breadcrumb\"},\"inLanguage\":\"lt-LT\",\"potentialAction\":[{\"@type\":\"ReadAction\",\"target\":[\"https:\/\/happyinaknit.com\/produktas\/knitpro-the-mindful-collection-adatu-rinkinys\/\"]}]},{\"@type\":\"ImageObject\",\"inLanguage\":\"lt-LT\",\"@id\":\"https:\/\/happyinaknit.com\/produktas\/knitpro-the-mindful-collection-adatu-rinkinys\/#primaryimage\",\"url\":\"https:\/\/happyinaknit.com\/wp-content\/uploads\/2025\/10\/the-mindful-collection-teal-wooden-darning-needles-beech-wood-container-1_hclj2gsopfnke3fd.webp\",\"contentUrl\":\"https:\/\/happyinaknit.com\/wp-content\/uploads\/2025\/10\/the-mindful-collection-teal-wooden-darning-needles-beech-wood-container-1_hclj2gsopfnke3fd.webp\",\"width\":500,\"height\":500},{\"@type\":\"BreadcrumbList\",\"@id\":\"https:\/\/happyinaknit.com\/produktas\/knitpro-the-mindful-collection-adatu-rinkinys\/#breadcrumb\",\"itemListElement\":[{\"@type\":\"ListItem\",\"position\":1,\"name\":\"Home\",\"item\":\"https:\/\/happyinaknit.com\/lt\/\"},{\"@type\":\"ListItem\",\"position\":2,\"name\":\"Parduotuv\u0117\",\"item\":\"https:\/\/happyinaknit.com\/lt\/parduotuve\/\"},{\"@type\":\"ListItem\",\"position\":3,\"name\":\"KnitPro The Mindful Collection Adat\u0173 Rinkinys\"}]},{\"@type\":\"WebSite\",\"@id\":\"https:\/\/happyinaknit.com\/lt\/#website\",\"url\":\"https:\/\/happyinaknit.com\/lt\/\",\"name\":\"Happyinaknit.com\",\"description\":\"\",\"potentialAction\":[{\"@type\":\"SearchAction\",\"target\":{\"@type\":\"EntryPoint\",\"urlTemplate\":\"https:\/\/happyinaknit.com\/lt\/?s={search_term_string}\"},\"query-input\":{\"@type\":\"PropertyValueSpecification\",\"valueRequired\":true,\"valueName\":\"search_term_string\"}}],\"inLanguage\":\"lt-LT\"}]}<\/script>\n<!-- \/ Yoast SEO plugin. -->","yoast_head_json":{"title":"KnitPro The Mindful Collection Adat\u0173 Rinkinys - Happyinaknit.com","robots":{"index":"index","follow":"follow","max-snippet":"max-snippet:-1","max-image-preview":"max-image-preview:large","max-video-preview":"max-video-preview:-1"},"canonical":"https:\/\/happyinaknit.com\/lt\/produktas\/knitpro-the-mindful-collection-adatu-rinkinys\/","og_locale":"lt_LT","og_type":"article","og_title":"KnitPro The Mindful Collection Adat\u0173 Rinkinys - Happyinaknit.com","og_description":"Eleganti\u0161kas ir prakti\u0161kas siuvimo adat\u0173 rinkinys i\u0161 KnitPro \u201eThe Mindful Collection\u201c \u2013 nepakei\u010diamas pagalbininkas mezgini\u0173 siuvimui ir surinkimui. Adatos pagamintos i\u0161 laminuotos medienos, pasi\u017eymin\u010dios tvirtumu ir \u0161velniu slydimu per si\u016blus. Rinkinys pateikiamas cilindro formos d\u0117kle, kuris ne tik saugo adatas, bet ir atrodo itin esteti\u0161kai \u2013 nat\u016bralaus ir turkio spalv\u0173 derinyje, b\u016bdingame visai \u201eMindful\u201c kolekcijai. [&hellip;]","og_url":"https:\/\/happyinaknit.com\/lt\/produktas\/knitpro-the-mindful-collection-adatu-rinkinys\/","og_site_name":"Happyinaknit.com","og_image":[{"width":500,"height":500,"url":"https:\/\/happyinaknit.com\/wp-content\/uploads\/2025\/10\/the-mindful-collection-teal-wooden-darning-needles-beech-wood-container-1_hclj2gsopfnke3fd.webp","type":"image\/webp"}],"twitter_card":"summary_large_image","twitter_misc":{"Est. reading time":"1 minut\u0117"},"schema":{"@context":"https:\/\/schema.org","@graph":[{"@type":"WebPage","@id":"https:\/\/happyinaknit.com\/produktas\/knitpro-the-mindful-collection-adatu-rinkinys\/","url":"https:\/\/happyinaknit.com\/produktas\/knitpro-the-mindful-collection-adatu-rinkinys\/","name":"KnitPro The Mindful Collection Adat\u0173 Rinkinys - Happyinaknit.com","isPartOf":{"@id":"https:\/\/happyinaknit.com\/lt\/#website"},"primaryImageOfPage":{"@id":"https:\/\/happyinaknit.com\/produktas\/knitpro-the-mindful-collection-adatu-rinkinys\/#primaryimage"},"image":{"@id":"https:\/\/happyinaknit.com\/produktas\/knitpro-the-mindful-collection-adatu-rinkinys\/#primaryimage"},"thumbnailUrl":"https:\/\/happyinaknit.com\/wp-content\/uploads\/2025\/10\/the-mindful-collection-teal-wooden-darning-needles-beech-wood-container-1_hclj2gsopfnke3fd.webp","datePublished":"2025-10-19T10:14:21+00:00","breadcrumb":{"@id":"https:\/\/happyinaknit.com\/produktas\/knitpro-the-mindful-collection-adatu-rinkinys\/#breadcrumb"},"inLanguage":"lt-LT","potentialAction":[{"@type":"ReadAction","target":["https:\/\/happyinaknit.com\/produktas\/knitpro-the-mindful-collection-adatu-rinkinys\/"]}]},{"@type":"ImageObject","inLanguage":"lt-LT","@id":"https:\/\/happyinaknit.com\/produktas\/knitpro-the-mindful-collection-adatu-rinkinys\/#primaryimage","url":"https:\/\/happyinaknit.com\/wp-content\/uploads\/2025\/10\/the-mindful-collection-teal-wooden-darning-needles-beech-wood-container-1_hclj2gsopfnke3fd.webp","contentUrl":"https:\/\/happyinaknit.com\/wp-content\/uploads\/2025\/10\/the-mindful-collection-teal-wooden-darning-needles-beech-wood-container-1_hclj2gsopfnke3fd.webp","width":500,"height":500},{"@type":"BreadcrumbList","@id":"https:\/\/happyinaknit.com\/produktas\/knitpro-the-mindful-collection-adatu-rinkinys\/#breadcrumb","itemListElement":[{"@type":"ListItem","position":1,"name":"Home","item":"https:\/\/happyinaknit.com\/lt\/"},{"@type":"ListItem","position":2,"name":"Parduotuv\u0117","item":"https:\/\/happyinaknit.com\/lt\/parduotuve\/"},{"@type":"ListItem","position":3,"name":"KnitPro The Mindful Collection Adat\u0173 Rinkinys"}]},{"@type":"WebSite","@id":"https:\/\/happyinaknit.com\/lt\/#website","url":"https:\/\/happyinaknit.com\/lt\/","name":"Happyinaknit.com","description":"","potentialAction":[{"@type":"SearchAction","target":{"@type":"EntryPoint","urlTemplate":"https:\/\/happyinaknit.com\/lt\/?s={search_term_string}"},"query-input":{"@type":"PropertyValueSpecification","valueRequired":true,"valueName":"search_term_string"}}],"inLanguage":"lt-LT"}]}},"_links":{"self":[{"href":"https:\/\/happyinaknit.com\/lt\/wp-json\/wp\/v2\/product\/6285","targetHints":{"allow":["GET"]}}],"collection":[{"href":"https:\/\/happyinaknit.com\/lt\/wp-json\/wp\/v2\/product"}],"about":[{"href":"https:\/\/happyinaknit.com\/lt\/wp-json\/wp\/v2\/types\/product"}],"replies":[{"embeddable":true,"href":"https:\/\/happyinaknit.com\/lt\/wp-json\/wp\/v2\/comments?post=6285"}],"wp:featuredmedia":[{"embeddable":true,"href":"https:\/\/happyinaknit.com\/lt\/wp-json\/wp\/v2\/media\/6289"}],"wp:attachment":[{"href":"https:\/\/happyinaknit.com\/lt\/wp-json\/wp\/v2\/media?parent=6285"}],"wp:term":[{"taxonomy":"product_brand","embeddable":true,"href":"https:\/\/happyinaknit.com\/lt\/wp-json\/wp\/v2\/product_brand?post=6285"},{"taxonomy":"product_cat","embeddable":true,"href":"https:\/\/happyinaknit.com\/lt\/wp-json\/wp\/v2\/product_cat?post=6285"},{"taxonomy":"product_tag","embeddable":true,"href":"https:\/\/happyinaknit.com\/lt\/wp-json\/wp\/v2\/product_tag?post=6285"},{"taxonomy":"pro-kategorijos","embeddable":true,"href":"https:\/\/happyinaknit.com\/lt\/wp-json\/wp\/v2\/pro-kategorijos?post=6285"}],"curies":[{"name":"wp","href":"https:\/\/api.w.org\/{rel}","templated":true}]}}