{"id":6276,"date":"2025-10-19T10:09:36","date_gmt":"2025-10-19T10:09:36","guid":{"rendered":"https:\/\/happyinaknit.com\/?post_type=product&#038;p=6276"},"modified":"2025-10-19T10:09:37","modified_gmt":"2025-10-19T10:09:37","slug":"knitpro-the-mindful-collection-matavimo-juosta","status":"publish","type":"product","link":"https:\/\/happyinaknit.com\/lt\/produktas\/knitpro-the-mindful-collection-matavimo-juosta\/","title":{"rendered":"KnitPro The Mindful Collection \u2013 matavimo juosta"},"content":{"rendered":"<p>Stilinga ir patogi <b>matavimo juosta<\/b> i\u0161 <b>KnitPro \u201eThe Mindful Collection\u201c<\/b> \u2013 nepakei\u010diamas aksesuaras mezg\u0117joms ir rankdarbi\u0173 myl\u0117tojoms. Skirta <b>mezgini\u0173 matavimui ir k\u016bno i\u0161matavim\u0173 \u0117mimui<\/b>, ji derina estetik\u0105 ir prakti\u0161kum\u0105.<\/p>\n<p>Juostos korpusas pagamintas i\u0161 <b>med\u017eio<\/b>, kuris suteikia nat\u016brali\u0105 i\u0161vaizd\u0105 ir malon\u0173 poj\u016bt\u012f laikant rankoje. Mechanizmas veikia skland\u017eiai, o kompakti\u0161kas dydis leid\u017eia lengvai pasiimti j\u0105 su savimi.<\/p>\n<p><b>Serija:<\/b> \u201eThe Mindful Collection\u201c<\/p>\n<p><b>Med\u017eiaga:<\/b> medinis korpusas<\/p>\n<p><b>Juostos ilgis:<\/b> 150 cm<\/p>\n<p><b>Paskirtis:<\/b> mezgini\u0173 ir k\u016bno matavimui<\/p>\n<p><b>Pastaba:<\/b> spalv\u0173 atspalviai gali \u0161iek tiek skirtis priklausomai nuo \u012frenginio ekrano.<\/p>\n","protected":false},"excerpt":{"rendered":"<p>Stilinga ir patogi matavimo juosta i\u0161 KnitPro \u201eThe Mindful Collection\u201c \u2013 nepakei\u010diamas aksesuaras mezg\u0117joms ir rankdarbi\u0173 myl\u0117tojoms. Skirta mezgini\u0173 matavimui ir k\u016bno i\u0161matavim\u0173 \u0117mimui, ji derina estetik\u0105 ir prakti\u0161kum\u0105. Juostos korpusas pagamintas i\u0161 med\u017eio, kuris suteikia nat\u016brali\u0105 i\u0161vaizd\u0105 ir malon\u0173 poj\u016bt\u012f laikant rankoje. Mechanizmas veikia skland\u017eiai, o kompakti\u0161kas dydis leid\u017eia lengvai pasiimti j\u0105 su savimi. [&hellip;]<\/p>\n","protected":false},"featured_media":6278,"comment_status":"open","ping_status":"closed","template":"","meta":{"_acf_changed":false},"product_brand":[1071],"product_cat":[15,92,20],"product_tag":[],"pro-kategorijos":[],"class_list":{"0":"post-6276","1":"product","2":"type-product","3":"status-publish","4":"has-post-thumbnail","6":"product_brand-the-mindful-collection","7":"product_cat-visi-produktai","8":"product_cat-matavimo-priemones","9":"product_cat-priedai-mezgimui","11":"first","12":"instock","13":"shipping-taxable","14":"purchasable","15":"product-type-simple"},"acf":[],"yoast_head":"<!-- This site is optimized with the Yoast SEO plugin v26.8 - https:\/\/yoast.com\/product\/yoast-seo-wordpress\/ -->\n<title>KnitPro The Mindful Collection \u2013 matavimo juosta - Happyinaknit.com<\/title>\n<meta name=\"robots\" content=\"index, follow, max-snippet:-1, max-image-preview:large, max-video-preview:-1\" \/>\n<link rel=\"canonical\" href=\"https:\/\/happyinaknit.com\/lt\/produktas\/knitpro-the-mindful-collection-matavimo-juosta\/\" \/>\n<meta property=\"og:locale\" content=\"lt_LT\" \/>\n<meta property=\"og:type\" content=\"article\" \/>\n<meta property=\"og:title\" content=\"KnitPro The Mindful Collection \u2013 matavimo juosta - Happyinaknit.com\" \/>\n<meta property=\"og:description\" content=\"Stilinga ir patogi matavimo juosta i\u0161 KnitPro \u201eThe Mindful Collection\u201c \u2013 nepakei\u010diamas aksesuaras mezg\u0117joms ir rankdarbi\u0173 myl\u0117tojoms. Skirta mezgini\u0173 matavimui ir k\u016bno i\u0161matavim\u0173 \u0117mimui, ji derina estetik\u0105 ir prakti\u0161kum\u0105. Juostos korpusas pagamintas i\u0161 med\u017eio, kuris suteikia nat\u016brali\u0105 i\u0161vaizd\u0105 ir malon\u0173 poj\u016bt\u012f laikant rankoje. Mechanizmas veikia skland\u017eiai, o kompakti\u0161kas dydis leid\u017eia lengvai pasiimti j\u0105 su savimi. [&hellip;]\" \/>\n<meta property=\"og:url\" content=\"https:\/\/happyinaknit.com\/lt\/produktas\/knitpro-the-mindful-collection-matavimo-juosta\/\" \/>\n<meta property=\"og:site_name\" content=\"Happyinaknit.com\" \/>\n<meta property=\"article:modified_time\" content=\"2025-10-19T10:09:37+00:00\" \/>\n<meta property=\"og:image\" content=\"https:\/\/happyinaknit.com\/wp-content\/uploads\/2025\/10\/36024_tape-measure-2.jpg.webp\" \/>\n\t<meta property=\"og:image:width\" content=\"1024\" \/>\n\t<meta property=\"og:image:height\" content=\"768\" \/>\n\t<meta property=\"og:image:type\" content=\"image\/webp\" \/>\n<meta name=\"twitter:card\" content=\"summary_large_image\" \/>\n<script type=\"application\/ld+json\" class=\"yoast-schema-graph\">{\"@context\":\"https:\/\/schema.org\",\"@graph\":[{\"@type\":\"WebPage\",\"@id\":\"https:\/\/happyinaknit.com\/produktas\/knitpro-the-mindful-collection-matavimo-juosta\/\",\"url\":\"https:\/\/happyinaknit.com\/produktas\/knitpro-the-mindful-collection-matavimo-juosta\/\",\"name\":\"KnitPro The Mindful Collection \u2013 matavimo juosta - Happyinaknit.com\",\"isPartOf\":{\"@id\":\"https:\/\/happyinaknit.com\/lt\/#website\"},\"primaryImageOfPage\":{\"@id\":\"https:\/\/happyinaknit.com\/produktas\/knitpro-the-mindful-collection-matavimo-juosta\/#primaryimage\"},\"image\":{\"@id\":\"https:\/\/happyinaknit.com\/produktas\/knitpro-the-mindful-collection-matavimo-juosta\/#primaryimage\"},\"thumbnailUrl\":\"https:\/\/happyinaknit.com\/wp-content\/uploads\/2025\/10\/36024_tape-measure-2.jpg.webp\",\"datePublished\":\"2025-10-19T10:09:36+00:00\",\"dateModified\":\"2025-10-19T10:09:37+00:00\",\"breadcrumb\":{\"@id\":\"https:\/\/happyinaknit.com\/produktas\/knitpro-the-mindful-collection-matavimo-juosta\/#breadcrumb\"},\"inLanguage\":\"lt-LT\",\"potentialAction\":[{\"@type\":\"ReadAction\",\"target\":[\"https:\/\/happyinaknit.com\/produktas\/knitpro-the-mindful-collection-matavimo-juosta\/\"]}]},{\"@type\":\"ImageObject\",\"inLanguage\":\"lt-LT\",\"@id\":\"https:\/\/happyinaknit.com\/produktas\/knitpro-the-mindful-collection-matavimo-juosta\/#primaryimage\",\"url\":\"https:\/\/happyinaknit.com\/wp-content\/uploads\/2025\/10\/36024_tape-measure-2.jpg.webp\",\"contentUrl\":\"https:\/\/happyinaknit.com\/wp-content\/uploads\/2025\/10\/36024_tape-measure-2.jpg.webp\",\"width\":1024,\"height\":768},{\"@type\":\"BreadcrumbList\",\"@id\":\"https:\/\/happyinaknit.com\/produktas\/knitpro-the-mindful-collection-matavimo-juosta\/#breadcrumb\",\"itemListElement\":[{\"@type\":\"ListItem\",\"position\":1,\"name\":\"Home\",\"item\":\"https:\/\/happyinaknit.com\/lt\/\"},{\"@type\":\"ListItem\",\"position\":2,\"name\":\"Parduotuv\u0117\",\"item\":\"https:\/\/happyinaknit.com\/lt\/parduotuve\/\"},{\"@type\":\"ListItem\",\"position\":3,\"name\":\"KnitPro The Mindful Collection \u2013 matavimo juosta\"}]},{\"@type\":\"WebSite\",\"@id\":\"https:\/\/happyinaknit.com\/lt\/#website\",\"url\":\"https:\/\/happyinaknit.com\/lt\/\",\"name\":\"Happyinaknit.com\",\"description\":\"\",\"potentialAction\":[{\"@type\":\"SearchAction\",\"target\":{\"@type\":\"EntryPoint\",\"urlTemplate\":\"https:\/\/happyinaknit.com\/lt\/?s={search_term_string}\"},\"query-input\":{\"@type\":\"PropertyValueSpecification\",\"valueRequired\":true,\"valueName\":\"search_term_string\"}}],\"inLanguage\":\"lt-LT\"}]}<\/script>\n<!-- \/ Yoast SEO plugin. -->","yoast_head_json":{"title":"KnitPro The Mindful Collection \u2013 matavimo juosta - Happyinaknit.com","robots":{"index":"index","follow":"follow","max-snippet":"max-snippet:-1","max-image-preview":"max-image-preview:large","max-video-preview":"max-video-preview:-1"},"canonical":"https:\/\/happyinaknit.com\/lt\/produktas\/knitpro-the-mindful-collection-matavimo-juosta\/","og_locale":"lt_LT","og_type":"article","og_title":"KnitPro The Mindful Collection \u2013 matavimo juosta - Happyinaknit.com","og_description":"Stilinga ir patogi matavimo juosta i\u0161 KnitPro \u201eThe Mindful Collection\u201c \u2013 nepakei\u010diamas aksesuaras mezg\u0117joms ir rankdarbi\u0173 myl\u0117tojoms. Skirta mezgini\u0173 matavimui ir k\u016bno i\u0161matavim\u0173 \u0117mimui, ji derina estetik\u0105 ir prakti\u0161kum\u0105. Juostos korpusas pagamintas i\u0161 med\u017eio, kuris suteikia nat\u016brali\u0105 i\u0161vaizd\u0105 ir malon\u0173 poj\u016bt\u012f laikant rankoje. Mechanizmas veikia skland\u017eiai, o kompakti\u0161kas dydis leid\u017eia lengvai pasiimti j\u0105 su savimi. [&hellip;]","og_url":"https:\/\/happyinaknit.com\/lt\/produktas\/knitpro-the-mindful-collection-matavimo-juosta\/","og_site_name":"Happyinaknit.com","article_modified_time":"2025-10-19T10:09:37+00:00","og_image":[{"width":1024,"height":768,"url":"https:\/\/happyinaknit.com\/wp-content\/uploads\/2025\/10\/36024_tape-measure-2.jpg.webp","type":"image\/webp"}],"twitter_card":"summary_large_image","schema":{"@context":"https:\/\/schema.org","@graph":[{"@type":"WebPage","@id":"https:\/\/happyinaknit.com\/produktas\/knitpro-the-mindful-collection-matavimo-juosta\/","url":"https:\/\/happyinaknit.com\/produktas\/knitpro-the-mindful-collection-matavimo-juosta\/","name":"KnitPro The Mindful Collection \u2013 matavimo juosta - Happyinaknit.com","isPartOf":{"@id":"https:\/\/happyinaknit.com\/lt\/#website"},"primaryImageOfPage":{"@id":"https:\/\/happyinaknit.com\/produktas\/knitpro-the-mindful-collection-matavimo-juosta\/#primaryimage"},"image":{"@id":"https:\/\/happyinaknit.com\/produktas\/knitpro-the-mindful-collection-matavimo-juosta\/#primaryimage"},"thumbnailUrl":"https:\/\/happyinaknit.com\/wp-content\/uploads\/2025\/10\/36024_tape-measure-2.jpg.webp","datePublished":"2025-10-19T10:09:36+00:00","dateModified":"2025-10-19T10:09:37+00:00","breadcrumb":{"@id":"https:\/\/happyinaknit.com\/produktas\/knitpro-the-mindful-collection-matavimo-juosta\/#breadcrumb"},"inLanguage":"lt-LT","potentialAction":[{"@type":"ReadAction","target":["https:\/\/happyinaknit.com\/produktas\/knitpro-the-mindful-collection-matavimo-juosta\/"]}]},{"@type":"ImageObject","inLanguage":"lt-LT","@id":"https:\/\/happyinaknit.com\/produktas\/knitpro-the-mindful-collection-matavimo-juosta\/#primaryimage","url":"https:\/\/happyinaknit.com\/wp-content\/uploads\/2025\/10\/36024_tape-measure-2.jpg.webp","contentUrl":"https:\/\/happyinaknit.com\/wp-content\/uploads\/2025\/10\/36024_tape-measure-2.jpg.webp","width":1024,"height":768},{"@type":"BreadcrumbList","@id":"https:\/\/happyinaknit.com\/produktas\/knitpro-the-mindful-collection-matavimo-juosta\/#breadcrumb","itemListElement":[{"@type":"ListItem","position":1,"name":"Home","item":"https:\/\/happyinaknit.com\/lt\/"},{"@type":"ListItem","position":2,"name":"Parduotuv\u0117","item":"https:\/\/happyinaknit.com\/lt\/parduotuve\/"},{"@type":"ListItem","position":3,"name":"KnitPro The Mindful Collection \u2013 matavimo juosta"}]},{"@type":"WebSite","@id":"https:\/\/happyinaknit.com\/lt\/#website","url":"https:\/\/happyinaknit.com\/lt\/","name":"Happyinaknit.com","description":"","potentialAction":[{"@type":"SearchAction","target":{"@type":"EntryPoint","urlTemplate":"https:\/\/happyinaknit.com\/lt\/?s={search_term_string}"},"query-input":{"@type":"PropertyValueSpecification","valueRequired":true,"valueName":"search_term_string"}}],"inLanguage":"lt-LT"}]}},"_links":{"self":[{"href":"https:\/\/happyinaknit.com\/lt\/wp-json\/wp\/v2\/product\/6276","targetHints":{"allow":["GET"]}}],"collection":[{"href":"https:\/\/happyinaknit.com\/lt\/wp-json\/wp\/v2\/product"}],"about":[{"href":"https:\/\/happyinaknit.com\/lt\/wp-json\/wp\/v2\/types\/product"}],"replies":[{"embeddable":true,"href":"https:\/\/happyinaknit.com\/lt\/wp-json\/wp\/v2\/comments?post=6276"}],"wp:featuredmedia":[{"embeddable":true,"href":"https:\/\/happyinaknit.com\/lt\/wp-json\/wp\/v2\/media\/6278"}],"wp:attachment":[{"href":"https:\/\/happyinaknit.com\/lt\/wp-json\/wp\/v2\/media?parent=6276"}],"wp:term":[{"taxonomy":"product_brand","embeddable":true,"href":"https:\/\/happyinaknit.com\/lt\/wp-json\/wp\/v2\/product_brand?post=6276"},{"taxonomy":"product_cat","embeddable":true,"href":"https:\/\/happyinaknit.com\/lt\/wp-json\/wp\/v2\/product_cat?post=6276"},{"taxonomy":"product_tag","embeddable":true,"href":"https:\/\/happyinaknit.com\/lt\/wp-json\/wp\/v2\/product_tag?post=6276"},{"taxonomy":"pro-kategorijos","embeddable":true,"href":"https:\/\/happyinaknit.com\/lt\/wp-json\/wp\/v2\/pro-kategorijos?post=6276"}],"curies":[{"name":"wp","href":"https:\/\/api.w.org\/{rel}","templated":true}]}}