{"id":6250,"date":"2025-10-19T09:04:06","date_gmt":"2025-10-19T09:04:06","guid":{"rendered":"https:\/\/happyinaknit.com\/?post_type=product&#038;p=6250"},"modified":"2025-11-24T15:26:25","modified_gmt":"2025-11-24T15:26:25","slug":"lang-yarns-punto-%e2%84%9675-2","status":"publish","type":"product","link":"https:\/\/happyinaknit.com\/lt\/produktas\/lang-yarns-punto-%e2%84%9675-2\/","title":{"rendered":"Lang Yarns PUNTO \u211675"},"content":{"rendered":"<p>Kolekcija sukurta specialiai <b>si\u016blams \u201eKarma\u201c i\u0161 Lang Yarns<\/b> \u2013 tai \u012fkv\u0117pimo \u0161altinis mezg\u0117jams, ie\u0161kantiems nauj\u0173 id\u0117j\u0173 ir moderni\u0173 form\u0173. \u0160iame leidinyje rasite <b>13 kruop\u0161\u010diai atrinkt\u0173 modeli\u0173<\/b>, leid\u017eian\u010di\u0173 atskleisti \u201eKarma\u201c si\u016bl\u0173 tekst\u016br\u0105, lengvum\u0105 ir subtil\u0173 blizges\u012f.<\/p>\n<p><b>Kalba:<\/b> \u017eurnalas vokie\u010di\u0173 kalba, pridedamas vertimo \u012f rus\u0173 kalb\u0105 lapelis.<\/p>\n<p><b>Modeli\u0173 skai\u010dius:<\/b> 13 modeli\u0173 su vertimo priedu.<\/p>\n<p><b>Dovana:<\/b> perkant nuo <b>4 kamuoliuk\u0173 si\u016bl\u0173 \u201eKarma\u201c<\/b>, \u017eurnalas <b>nemokamai<\/b>.<\/p>\n<p><b>Pastaba:<\/b> spalv\u0173 atspalviai gali \u0161iek tiek skirtis priklausomai nuo \u012frenginio ekrano.<\/p>\n","protected":false},"excerpt":{"rendered":"<p>Kolekcija sukurta specialiai si\u016blams \u201eKarma\u201c i\u0161 Lang Yarns \u2013 tai \u012fkv\u0117pimo \u0161altinis mezg\u0117jams, ie\u0161kantiems nauj\u0173 id\u0117j\u0173 ir moderni\u0173 form\u0173. \u0160iame leidinyje rasite 13 kruop\u0161\u010diai atrinkt\u0173 modeli\u0173, leid\u017eian\u010di\u0173 atskleisti \u201eKarma\u201c si\u016bl\u0173 tekst\u016br\u0105, lengvum\u0105 ir subtil\u0173 blizges\u012f. Kalba: \u017eurnalas vokie\u010di\u0173 kalba, pridedamas vertimo \u012f rus\u0173 kalb\u0105 lapelis. Modeli\u0173 skai\u010dius: 13 modeli\u0173 su vertimo priedu. Dovana: perkant nuo [&hellip;]<\/p>\n","protected":false},"featured_media":6257,"comment_status":"open","ping_status":"closed","template":"","meta":{"_acf_changed":false},"product_brand":[70],"product_cat":[15,397],"product_tag":[],"pro-kategorijos":[],"class_list":{"0":"post-6250","1":"product","2":"type-product","3":"status-publish","4":"has-post-thumbnail","6":"product_brand-lang-yarns","7":"product_cat-visi-produktai","8":"product_cat-spauda","10":"first","11":"outofstock","12":"shipping-taxable","13":"purchasable","14":"product-type-simple"},"acf":[],"yoast_head":"<!-- This site is optimized with the Yoast SEO plugin v26.8 - https:\/\/yoast.com\/product\/yoast-seo-wordpress\/ -->\n<title>Lang Yarns PUNTO \u211675 - Happyinaknit.com<\/title>\n<meta name=\"robots\" content=\"index, follow, max-snippet:-1, max-image-preview:large, max-video-preview:-1\" \/>\n<link rel=\"canonical\" href=\"https:\/\/happyinaknit.com\/lt\/produktas\/lang-yarns-punto-\u211675-2\/\" \/>\n<meta property=\"og:locale\" content=\"lt_LT\" \/>\n<meta property=\"og:type\" content=\"article\" \/>\n<meta property=\"og:title\" content=\"Lang Yarns PUNTO \u211675 - Happyinaknit.com\" \/>\n<meta property=\"og:description\" content=\"Kolekcija sukurta specialiai si\u016blams \u201eKarma\u201c i\u0161 Lang Yarns \u2013 tai \u012fkv\u0117pimo \u0161altinis mezg\u0117jams, ie\u0161kantiems nauj\u0173 id\u0117j\u0173 ir moderni\u0173 form\u0173. \u0160iame leidinyje rasite 13 kruop\u0161\u010diai atrinkt\u0173 modeli\u0173, leid\u017eian\u010di\u0173 atskleisti \u201eKarma\u201c si\u016bl\u0173 tekst\u016br\u0105, lengvum\u0105 ir subtil\u0173 blizges\u012f. Kalba: \u017eurnalas vokie\u010di\u0173 kalba, pridedamas vertimo \u012f rus\u0173 kalb\u0105 lapelis. Modeli\u0173 skai\u010dius: 13 modeli\u0173 su vertimo priedu. Dovana: perkant nuo [&hellip;]\" \/>\n<meta property=\"og:url\" content=\"https:\/\/happyinaknit.com\/lt\/produktas\/lang-yarns-punto-\u211675-2\/\" \/>\n<meta property=\"og:site_name\" content=\"Happyinaknit.com\" \/>\n<meta property=\"article:modified_time\" content=\"2025-11-24T15:26:25+00:00\" \/>\n<meta property=\"og:image\" content=\"https:\/\/happyinaknit.com\/wp-content\/uploads\/2025\/10\/IMG_0187.jpg\" \/>\n\t<meta property=\"og:image:width\" content=\"800\" \/>\n\t<meta property=\"og:image:height\" content=\"1000\" \/>\n\t<meta property=\"og:image:type\" content=\"image\/jpeg\" \/>\n<meta name=\"twitter:card\" content=\"summary_large_image\" \/>\n<script type=\"application\/ld+json\" class=\"yoast-schema-graph\">{\"@context\":\"https:\/\/schema.org\",\"@graph\":[{\"@type\":\"WebPage\",\"@id\":\"https:\/\/happyinaknit.com\/produktas\/lang-yarns-punto-%e2%84%9675-2\/\",\"url\":\"https:\/\/happyinaknit.com\/produktas\/lang-yarns-punto-%e2%84%9675-2\/\",\"name\":\"Lang Yarns PUNTO \u211675 - Happyinaknit.com\",\"isPartOf\":{\"@id\":\"https:\/\/happyinaknit.com\/lt\/#website\"},\"primaryImageOfPage\":{\"@id\":\"https:\/\/happyinaknit.com\/produktas\/lang-yarns-punto-%e2%84%9675-2\/#primaryimage\"},\"image\":{\"@id\":\"https:\/\/happyinaknit.com\/produktas\/lang-yarns-punto-%e2%84%9675-2\/#primaryimage\"},\"thumbnailUrl\":\"https:\/\/happyinaknit.com\/wp-content\/uploads\/2025\/10\/IMG_0187.jpg\",\"datePublished\":\"2025-10-19T09:04:06+00:00\",\"dateModified\":\"2025-11-24T15:26:25+00:00\",\"breadcrumb\":{\"@id\":\"https:\/\/happyinaknit.com\/produktas\/lang-yarns-punto-%e2%84%9675-2\/#breadcrumb\"},\"inLanguage\":\"lt-LT\",\"potentialAction\":[{\"@type\":\"ReadAction\",\"target\":[\"https:\/\/happyinaknit.com\/produktas\/lang-yarns-punto-%e2%84%9675-2\/\"]}]},{\"@type\":\"ImageObject\",\"inLanguage\":\"lt-LT\",\"@id\":\"https:\/\/happyinaknit.com\/produktas\/lang-yarns-punto-%e2%84%9675-2\/#primaryimage\",\"url\":\"https:\/\/happyinaknit.com\/wp-content\/uploads\/2025\/10\/IMG_0187.jpg\",\"contentUrl\":\"https:\/\/happyinaknit.com\/wp-content\/uploads\/2025\/10\/IMG_0187.jpg\",\"width\":800,\"height\":1000},{\"@type\":\"BreadcrumbList\",\"@id\":\"https:\/\/happyinaknit.com\/produktas\/lang-yarns-punto-%e2%84%9675-2\/#breadcrumb\",\"itemListElement\":[{\"@type\":\"ListItem\",\"position\":1,\"name\":\"Home\",\"item\":\"https:\/\/happyinaknit.com\/lt\/\"},{\"@type\":\"ListItem\",\"position\":2,\"name\":\"Parduotuv\u0117\",\"item\":\"https:\/\/happyinaknit.com\/lt\/parduotuve\/\"},{\"@type\":\"ListItem\",\"position\":3,\"name\":\"Lang Yarns PUNTO \u211675\"}]},{\"@type\":\"WebSite\",\"@id\":\"https:\/\/happyinaknit.com\/lt\/#website\",\"url\":\"https:\/\/happyinaknit.com\/lt\/\",\"name\":\"Happyinaknit.com\",\"description\":\"\",\"potentialAction\":[{\"@type\":\"SearchAction\",\"target\":{\"@type\":\"EntryPoint\",\"urlTemplate\":\"https:\/\/happyinaknit.com\/lt\/?s={search_term_string}\"},\"query-input\":{\"@type\":\"PropertyValueSpecification\",\"valueRequired\":true,\"valueName\":\"search_term_string\"}}],\"inLanguage\":\"lt-LT\"}]}<\/script>\n<!-- \/ Yoast SEO plugin. -->","yoast_head_json":{"title":"Lang Yarns PUNTO \u211675 - Happyinaknit.com","robots":{"index":"index","follow":"follow","max-snippet":"max-snippet:-1","max-image-preview":"max-image-preview:large","max-video-preview":"max-video-preview:-1"},"canonical":"https:\/\/happyinaknit.com\/lt\/produktas\/lang-yarns-punto-\u211675-2\/","og_locale":"lt_LT","og_type":"article","og_title":"Lang Yarns PUNTO \u211675 - Happyinaknit.com","og_description":"Kolekcija sukurta specialiai si\u016blams \u201eKarma\u201c i\u0161 Lang Yarns \u2013 tai \u012fkv\u0117pimo \u0161altinis mezg\u0117jams, ie\u0161kantiems nauj\u0173 id\u0117j\u0173 ir moderni\u0173 form\u0173. \u0160iame leidinyje rasite 13 kruop\u0161\u010diai atrinkt\u0173 modeli\u0173, leid\u017eian\u010di\u0173 atskleisti \u201eKarma\u201c si\u016bl\u0173 tekst\u016br\u0105, lengvum\u0105 ir subtil\u0173 blizges\u012f. Kalba: \u017eurnalas vokie\u010di\u0173 kalba, pridedamas vertimo \u012f rus\u0173 kalb\u0105 lapelis. Modeli\u0173 skai\u010dius: 13 modeli\u0173 su vertimo priedu. Dovana: perkant nuo [&hellip;]","og_url":"https:\/\/happyinaknit.com\/lt\/produktas\/lang-yarns-punto-\u211675-2\/","og_site_name":"Happyinaknit.com","article_modified_time":"2025-11-24T15:26:25+00:00","og_image":[{"width":800,"height":1000,"url":"https:\/\/happyinaknit.com\/wp-content\/uploads\/2025\/10\/IMG_0187.jpg","type":"image\/jpeg"}],"twitter_card":"summary_large_image","schema":{"@context":"https:\/\/schema.org","@graph":[{"@type":"WebPage","@id":"https:\/\/happyinaknit.com\/produktas\/lang-yarns-punto-%e2%84%9675-2\/","url":"https:\/\/happyinaknit.com\/produktas\/lang-yarns-punto-%e2%84%9675-2\/","name":"Lang Yarns PUNTO \u211675 - Happyinaknit.com","isPartOf":{"@id":"https:\/\/happyinaknit.com\/lt\/#website"},"primaryImageOfPage":{"@id":"https:\/\/happyinaknit.com\/produktas\/lang-yarns-punto-%e2%84%9675-2\/#primaryimage"},"image":{"@id":"https:\/\/happyinaknit.com\/produktas\/lang-yarns-punto-%e2%84%9675-2\/#primaryimage"},"thumbnailUrl":"https:\/\/happyinaknit.com\/wp-content\/uploads\/2025\/10\/IMG_0187.jpg","datePublished":"2025-10-19T09:04:06+00:00","dateModified":"2025-11-24T15:26:25+00:00","breadcrumb":{"@id":"https:\/\/happyinaknit.com\/produktas\/lang-yarns-punto-%e2%84%9675-2\/#breadcrumb"},"inLanguage":"lt-LT","potentialAction":[{"@type":"ReadAction","target":["https:\/\/happyinaknit.com\/produktas\/lang-yarns-punto-%e2%84%9675-2\/"]}]},{"@type":"ImageObject","inLanguage":"lt-LT","@id":"https:\/\/happyinaknit.com\/produktas\/lang-yarns-punto-%e2%84%9675-2\/#primaryimage","url":"https:\/\/happyinaknit.com\/wp-content\/uploads\/2025\/10\/IMG_0187.jpg","contentUrl":"https:\/\/happyinaknit.com\/wp-content\/uploads\/2025\/10\/IMG_0187.jpg","width":800,"height":1000},{"@type":"BreadcrumbList","@id":"https:\/\/happyinaknit.com\/produktas\/lang-yarns-punto-%e2%84%9675-2\/#breadcrumb","itemListElement":[{"@type":"ListItem","position":1,"name":"Home","item":"https:\/\/happyinaknit.com\/lt\/"},{"@type":"ListItem","position":2,"name":"Parduotuv\u0117","item":"https:\/\/happyinaknit.com\/lt\/parduotuve\/"},{"@type":"ListItem","position":3,"name":"Lang Yarns PUNTO \u211675"}]},{"@type":"WebSite","@id":"https:\/\/happyinaknit.com\/lt\/#website","url":"https:\/\/happyinaknit.com\/lt\/","name":"Happyinaknit.com","description":"","potentialAction":[{"@type":"SearchAction","target":{"@type":"EntryPoint","urlTemplate":"https:\/\/happyinaknit.com\/lt\/?s={search_term_string}"},"query-input":{"@type":"PropertyValueSpecification","valueRequired":true,"valueName":"search_term_string"}}],"inLanguage":"lt-LT"}]}},"_links":{"self":[{"href":"https:\/\/happyinaknit.com\/lt\/wp-json\/wp\/v2\/product\/6250","targetHints":{"allow":["GET"]}}],"collection":[{"href":"https:\/\/happyinaknit.com\/lt\/wp-json\/wp\/v2\/product"}],"about":[{"href":"https:\/\/happyinaknit.com\/lt\/wp-json\/wp\/v2\/types\/product"}],"replies":[{"embeddable":true,"href":"https:\/\/happyinaknit.com\/lt\/wp-json\/wp\/v2\/comments?post=6250"}],"wp:featuredmedia":[{"embeddable":true,"href":"https:\/\/happyinaknit.com\/lt\/wp-json\/wp\/v2\/media\/6257"}],"wp:attachment":[{"href":"https:\/\/happyinaknit.com\/lt\/wp-json\/wp\/v2\/media?parent=6250"}],"wp:term":[{"taxonomy":"product_brand","embeddable":true,"href":"https:\/\/happyinaknit.com\/lt\/wp-json\/wp\/v2\/product_brand?post=6250"},{"taxonomy":"product_cat","embeddable":true,"href":"https:\/\/happyinaknit.com\/lt\/wp-json\/wp\/v2\/product_cat?post=6250"},{"taxonomy":"product_tag","embeddable":true,"href":"https:\/\/happyinaknit.com\/lt\/wp-json\/wp\/v2\/product_tag?post=6250"},{"taxonomy":"pro-kategorijos","embeddable":true,"href":"https:\/\/happyinaknit.com\/lt\/wp-json\/wp\/v2\/pro-kategorijos?post=6250"}],"curies":[{"name":"wp","href":"https:\/\/api.w.org\/{rel}","templated":true}]}}