{"id":6222,"date":"2025-10-19T00:30:29","date_gmt":"2025-10-19T00:30:29","guid":{"rendered":"https:\/\/happyinaknit.com\/?post_type=product&#038;p=6222"},"modified":"2025-10-21T18:27:03","modified_gmt":"2025-10-21T18:27:03","slug":"lykke-rotacinis-valas-prisukamiems-virbalams","status":"publish","type":"product","link":"https:\/\/happyinaknit.com\/lt\/produktas\/lykke-rotacinis-valas-prisukamiems-virbalams\/","title":{"rendered":"Lykke  Rotacinis Valas Prisukamiems Virbalams"},"content":{"rendered":"<p><i>M\u0117lynas Lykke<\/i> rotacinis valas puikiai dera su variniais virbalais bei su vis\u0173 atspalvi\u0173 ber\u017eo virbalais, \u012fskaitant ro\u017ein\u0119 <i>Blush<\/i> serij\u0105. Valas pagamintas i\u0161 mink\u0161to nailono ir turi 360\u00b0 rotacin\u012f sujungim\u0105, kuris leid\u017eia mezginiui nesusisukti ir i\u0161laikyti tobul\u0105 form\u0105 mezgant.<\/p>\n<p>Tinka <b>Lykke<\/b>, <b>KnitPro<\/b>, <b>Lantern Moon<\/b> ir <b>Wolle R\u00f6del<\/b> prisukamiems virbalams.<\/p>\n<p><b>Med\u017eiaga:<\/b> mink\u0161tas nailonas, rotacinis plieninis sujungimas<\/p>\n<p><b>Spalva:<\/b> m\u0117lyna<\/p>\n<p>Pastaba: spalv\u0173 atspalviai gali \u0161iek tiek skirtis priklausomai nuo \u012frenginio ekrano<\/p>\n","protected":false},"excerpt":{"rendered":"<p>M\u0117lynas Lykke rotacinis valas puikiai dera su variniais virbalais bei su vis\u0173 atspalvi\u0173 ber\u017eo virbalais, \u012fskaitant ro\u017ein\u0119 Blush serij\u0105. Valas pagamintas i\u0161 mink\u0161to nailono ir turi 360\u00b0 rotacin\u012f sujungim\u0105, kuris leid\u017eia mezginiui nesusisukti ir i\u0161laikyti tobul\u0105 form\u0105 mezgant. Tinka Lykke, KnitPro, Lantern Moon ir Wolle R\u00f6del prisukamiems virbalams. Med\u017eiaga: mink\u0161tas nailonas, rotacinis plieninis sujungimas Spalva: [&hellip;]<\/p>\n","protected":false},"featured_media":6227,"comment_status":"open","ping_status":"closed","template":"","meta":{"_acf_changed":false},"product_brand":[790],"product_cat":[15,19,864],"product_tag":[],"pro-kategorijos":[],"class_list":{"0":"post-6222","1":"product","2":"type-product","3":"status-publish","4":"has-post-thumbnail","6":"product_brand-lykke","7":"product_cat-visi-produktai","8":"product_cat-mezgimo-priemones","9":"product_cat-valai-virbalams","11":"first","12":"instock","13":"shipping-taxable","14":"purchasable","15":"product-type-variable"},"acf":[],"yoast_head":"<!-- This site is optimized with the Yoast SEO plugin v26.8 - https:\/\/yoast.com\/product\/yoast-seo-wordpress\/ -->\n<title>Lykke Rotacinis Valas Prisukamiems Virbalams - Happyinaknit.com<\/title>\n<meta name=\"robots\" content=\"index, follow, max-snippet:-1, max-image-preview:large, max-video-preview:-1\" \/>\n<link rel=\"canonical\" href=\"https:\/\/happyinaknit.com\/lt\/produktas\/lykke-rotacinis-valas-prisukamiems-virbalams\/\" \/>\n<meta property=\"og:locale\" content=\"lt_LT\" \/>\n<meta property=\"og:type\" content=\"article\" \/>\n<meta property=\"og:title\" content=\"Lykke Rotacinis Valas Prisukamiems Virbalams - Happyinaknit.com\" \/>\n<meta property=\"og:description\" content=\"M\u0117lynas Lykke rotacinis valas puikiai dera su variniais virbalais bei su vis\u0173 atspalvi\u0173 ber\u017eo virbalais, \u012fskaitant ro\u017ein\u0119 Blush serij\u0105. Valas pagamintas i\u0161 mink\u0161to nailono ir turi 360\u00b0 rotacin\u012f sujungim\u0105, kuris leid\u017eia mezginiui nesusisukti ir i\u0161laikyti tobul\u0105 form\u0105 mezgant. Tinka Lykke, KnitPro, Lantern Moon ir Wolle R\u00f6del prisukamiems virbalams. Med\u017eiaga: mink\u0161tas nailonas, rotacinis plieninis sujungimas Spalva: [&hellip;]\" \/>\n<meta property=\"og:url\" content=\"https:\/\/happyinaknit.com\/lt\/produktas\/lykke-rotacinis-valas-prisukamiems-virbalams\/\" \/>\n<meta property=\"og:site_name\" content=\"Happyinaknit.com\" \/>\n<meta property=\"article:modified_time\" content=\"2025-10-21T18:27:03+00:00\" \/>\n<meta name=\"twitter:card\" content=\"summary_large_image\" \/>\n<script type=\"application\/ld+json\" class=\"yoast-schema-graph\">{\"@context\":\"https:\/\/schema.org\",\"@graph\":[{\"@type\":\"WebPage\",\"@id\":\"https:\/\/happyinaknit.com\/produktas\/lykke-rotacinis-valas-prisukamiems-virbalams\/\",\"url\":\"https:\/\/happyinaknit.com\/produktas\/lykke-rotacinis-valas-prisukamiems-virbalams\/\",\"name\":\"Lykke Rotacinis Valas Prisukamiems Virbalams - Happyinaknit.com\",\"isPartOf\":{\"@id\":\"https:\/\/happyinaknit.com\/lt\/#website\"},\"primaryImageOfPage\":{\"@id\":\"https:\/\/happyinaknit.com\/produktas\/lykke-rotacinis-valas-prisukamiems-virbalams\/#primaryimage\"},\"image\":{\"@id\":\"https:\/\/happyinaknit.com\/produktas\/lykke-rotacinis-valas-prisukamiems-virbalams\/#primaryimage\"},\"thumbnailUrl\":\"https:\/\/happyinaknit.com\/wp-content\/uploads\/2025\/10\/ly-crb-000.1_2_grande.jpg.avif\",\"datePublished\":\"2025-10-19T00:30:29+00:00\",\"dateModified\":\"2025-10-21T18:27:03+00:00\",\"breadcrumb\":{\"@id\":\"https:\/\/happyinaknit.com\/produktas\/lykke-rotacinis-valas-prisukamiems-virbalams\/#breadcrumb\"},\"inLanguage\":\"lt-LT\",\"potentialAction\":[{\"@type\":\"ReadAction\",\"target\":[\"https:\/\/happyinaknit.com\/produktas\/lykke-rotacinis-valas-prisukamiems-virbalams\/\"]}]},{\"@type\":\"ImageObject\",\"inLanguage\":\"lt-LT\",\"@id\":\"https:\/\/happyinaknit.com\/produktas\/lykke-rotacinis-valas-prisukamiems-virbalams\/#primaryimage\",\"url\":\"https:\/\/happyinaknit.com\/wp-content\/uploads\/2025\/10\/ly-crb-000.1_2_grande.jpg.avif\",\"contentUrl\":\"https:\/\/happyinaknit.com\/wp-content\/uploads\/2025\/10\/ly-crb-000.1_2_grande.jpg.avif\",\"width\":300,\"height\":300},{\"@type\":\"BreadcrumbList\",\"@id\":\"https:\/\/happyinaknit.com\/produktas\/lykke-rotacinis-valas-prisukamiems-virbalams\/#breadcrumb\",\"itemListElement\":[{\"@type\":\"ListItem\",\"position\":1,\"name\":\"Home\",\"item\":\"https:\/\/happyinaknit.com\/lt\/\"},{\"@type\":\"ListItem\",\"position\":2,\"name\":\"Parduotuv\u0117\",\"item\":\"https:\/\/happyinaknit.com\/lt\/parduotuve\/\"},{\"@type\":\"ListItem\",\"position\":3,\"name\":\"Lykke Rotacinis Valas Prisukamiems Virbalams\"}]},{\"@type\":\"WebSite\",\"@id\":\"https:\/\/happyinaknit.com\/lt\/#website\",\"url\":\"https:\/\/happyinaknit.com\/lt\/\",\"name\":\"Happyinaknit.com\",\"description\":\"\",\"potentialAction\":[{\"@type\":\"SearchAction\",\"target\":{\"@type\":\"EntryPoint\",\"urlTemplate\":\"https:\/\/happyinaknit.com\/lt\/?s={search_term_string}\"},\"query-input\":{\"@type\":\"PropertyValueSpecification\",\"valueRequired\":true,\"valueName\":\"search_term_string\"}}],\"inLanguage\":\"lt-LT\"}]}<\/script>\n<!-- \/ Yoast SEO plugin. -->","yoast_head_json":{"title":"Lykke Rotacinis Valas Prisukamiems Virbalams - Happyinaknit.com","robots":{"index":"index","follow":"follow","max-snippet":"max-snippet:-1","max-image-preview":"max-image-preview:large","max-video-preview":"max-video-preview:-1"},"canonical":"https:\/\/happyinaknit.com\/lt\/produktas\/lykke-rotacinis-valas-prisukamiems-virbalams\/","og_locale":"lt_LT","og_type":"article","og_title":"Lykke Rotacinis Valas Prisukamiems Virbalams - Happyinaknit.com","og_description":"M\u0117lynas Lykke rotacinis valas puikiai dera su variniais virbalais bei su vis\u0173 atspalvi\u0173 ber\u017eo virbalais, \u012fskaitant ro\u017ein\u0119 Blush serij\u0105. Valas pagamintas i\u0161 mink\u0161to nailono ir turi 360\u00b0 rotacin\u012f sujungim\u0105, kuris leid\u017eia mezginiui nesusisukti ir i\u0161laikyti tobul\u0105 form\u0105 mezgant. Tinka Lykke, KnitPro, Lantern Moon ir Wolle R\u00f6del prisukamiems virbalams. Med\u017eiaga: mink\u0161tas nailonas, rotacinis plieninis sujungimas Spalva: [&hellip;]","og_url":"https:\/\/happyinaknit.com\/lt\/produktas\/lykke-rotacinis-valas-prisukamiems-virbalams\/","og_site_name":"Happyinaknit.com","article_modified_time":"2025-10-21T18:27:03+00:00","twitter_card":"summary_large_image","schema":{"@context":"https:\/\/schema.org","@graph":[{"@type":"WebPage","@id":"https:\/\/happyinaknit.com\/produktas\/lykke-rotacinis-valas-prisukamiems-virbalams\/","url":"https:\/\/happyinaknit.com\/produktas\/lykke-rotacinis-valas-prisukamiems-virbalams\/","name":"Lykke Rotacinis Valas Prisukamiems Virbalams - Happyinaknit.com","isPartOf":{"@id":"https:\/\/happyinaknit.com\/lt\/#website"},"primaryImageOfPage":{"@id":"https:\/\/happyinaknit.com\/produktas\/lykke-rotacinis-valas-prisukamiems-virbalams\/#primaryimage"},"image":{"@id":"https:\/\/happyinaknit.com\/produktas\/lykke-rotacinis-valas-prisukamiems-virbalams\/#primaryimage"},"thumbnailUrl":"https:\/\/happyinaknit.com\/wp-content\/uploads\/2025\/10\/ly-crb-000.1_2_grande.jpg.avif","datePublished":"2025-10-19T00:30:29+00:00","dateModified":"2025-10-21T18:27:03+00:00","breadcrumb":{"@id":"https:\/\/happyinaknit.com\/produktas\/lykke-rotacinis-valas-prisukamiems-virbalams\/#breadcrumb"},"inLanguage":"lt-LT","potentialAction":[{"@type":"ReadAction","target":["https:\/\/happyinaknit.com\/produktas\/lykke-rotacinis-valas-prisukamiems-virbalams\/"]}]},{"@type":"ImageObject","inLanguage":"lt-LT","@id":"https:\/\/happyinaknit.com\/produktas\/lykke-rotacinis-valas-prisukamiems-virbalams\/#primaryimage","url":"https:\/\/happyinaknit.com\/wp-content\/uploads\/2025\/10\/ly-crb-000.1_2_grande.jpg.avif","contentUrl":"https:\/\/happyinaknit.com\/wp-content\/uploads\/2025\/10\/ly-crb-000.1_2_grande.jpg.avif","width":300,"height":300},{"@type":"BreadcrumbList","@id":"https:\/\/happyinaknit.com\/produktas\/lykke-rotacinis-valas-prisukamiems-virbalams\/#breadcrumb","itemListElement":[{"@type":"ListItem","position":1,"name":"Home","item":"https:\/\/happyinaknit.com\/lt\/"},{"@type":"ListItem","position":2,"name":"Parduotuv\u0117","item":"https:\/\/happyinaknit.com\/lt\/parduotuve\/"},{"@type":"ListItem","position":3,"name":"Lykke Rotacinis Valas Prisukamiems Virbalams"}]},{"@type":"WebSite","@id":"https:\/\/happyinaknit.com\/lt\/#website","url":"https:\/\/happyinaknit.com\/lt\/","name":"Happyinaknit.com","description":"","potentialAction":[{"@type":"SearchAction","target":{"@type":"EntryPoint","urlTemplate":"https:\/\/happyinaknit.com\/lt\/?s={search_term_string}"},"query-input":{"@type":"PropertyValueSpecification","valueRequired":true,"valueName":"search_term_string"}}],"inLanguage":"lt-LT"}]}},"_links":{"self":[{"href":"https:\/\/happyinaknit.com\/lt\/wp-json\/wp\/v2\/product\/6222","targetHints":{"allow":["GET"]}}],"collection":[{"href":"https:\/\/happyinaknit.com\/lt\/wp-json\/wp\/v2\/product"}],"about":[{"href":"https:\/\/happyinaknit.com\/lt\/wp-json\/wp\/v2\/types\/product"}],"replies":[{"embeddable":true,"href":"https:\/\/happyinaknit.com\/lt\/wp-json\/wp\/v2\/comments?post=6222"}],"wp:featuredmedia":[{"embeddable":true,"href":"https:\/\/happyinaknit.com\/lt\/wp-json\/wp\/v2\/media\/6227"}],"wp:attachment":[{"href":"https:\/\/happyinaknit.com\/lt\/wp-json\/wp\/v2\/media?parent=6222"}],"wp:term":[{"taxonomy":"product_brand","embeddable":true,"href":"https:\/\/happyinaknit.com\/lt\/wp-json\/wp\/v2\/product_brand?post=6222"},{"taxonomy":"product_cat","embeddable":true,"href":"https:\/\/happyinaknit.com\/lt\/wp-json\/wp\/v2\/product_cat?post=6222"},{"taxonomy":"product_tag","embeddable":true,"href":"https:\/\/happyinaknit.com\/lt\/wp-json\/wp\/v2\/product_tag?post=6222"},{"taxonomy":"pro-kategorijos","embeddable":true,"href":"https:\/\/happyinaknit.com\/lt\/wp-json\/wp\/v2\/pro-kategorijos?post=6222"}],"curies":[{"name":"wp","href":"https:\/\/api.w.org\/{rel}","templated":true}]}}