{"id":6179,"date":"2025-10-18T23:50:23","date_gmt":"2025-10-18T23:50:23","guid":{"rendered":"https:\/\/happyinaknit.com\/?post_type=product&#038;p=6179"},"modified":"2025-10-18T23:50:24","modified_gmt":"2025-10-18T23:50:24","slug":"lantern-moon-jungtys-valams","status":"publish","type":"product","link":"https:\/\/happyinaknit.com\/lt\/produktas\/lantern-moon-jungtys-valams\/","title":{"rendered":"Lantern Moon  Jungtys Valams"},"content":{"rendered":"<p><i>Lantern Moon<\/i> jungtys skirtos val\u0173 pailginimui \u2013 jos leid\u017eia lengvai sujungti du valus tarpusavyje, kai reikia didesnio ilgio mezgimo projekto. Jungtys pagamintos i\u0161 tvirtos \u017ealvario su 24 karat\u0173 auksu padengtu pavir\u0161iumi, u\u017etikrinan\u010diu ilgaam\u017ei\u0161kum\u0105, skland\u0173 sukim\u0105si ir prabang\u0173 \u012fvaizd\u012f.<\/p>\n<p><b>Rinkinyje:<\/b> 2 jungtys<\/p>\n<p><b>Med\u017eiaga:<\/b> \u017ealvaris su 24K auksu<\/p>\n<p><b>Paskirtis:<\/b> val\u0173 pailginimui (nuo valo prie valo)<\/p>\n<p>Pastaba: spalv\u0173 atspalviai gali \u0161iek tiek skirtis priklausomai nuo \u012frenginio ekrano.<\/p>\n","protected":false},"excerpt":{"rendered":"<p>Lantern Moon jungtys skirtos val\u0173 pailginimui \u2013 jos leid\u017eia lengvai sujungti du valus tarpusavyje, kai reikia didesnio ilgio mezgimo projekto. Jungtys pagamintos i\u0161 tvirtos \u017ealvario su 24 karat\u0173 auksu padengtu pavir\u0161iumi, u\u017etikrinan\u010diu ilgaam\u017ei\u0161kum\u0105, skland\u0173 sukim\u0105si ir prabang\u0173 \u012fvaizd\u012f. Rinkinyje: 2 jungtys Med\u017eiaga: \u017ealvaris su 24K auksu Paskirtis: val\u0173 pailginimui (nuo valo prie valo) Pastaba: spalv\u0173 [&hellip;]<\/p>\n","protected":false},"featured_media":6181,"comment_status":"open","ping_status":"closed","template":"","meta":{"_acf_changed":false},"product_brand":[787],"product_cat":[15,867,19],"product_tag":[],"pro-kategorijos":[],"class_list":{"0":"post-6179","1":"product","2":"type-product","3":"status-publish","4":"has-post-thumbnail","6":"product_brand-lantern-moon","7":"product_cat-visi-produktai","8":"product_cat-jungtys-ir-kt-priedai","9":"product_cat-mezgimo-priemones","11":"first","12":"instock","13":"shipping-taxable","14":"purchasable","15":"product-type-simple"},"acf":[],"yoast_head":"<!-- This site is optimized with the Yoast SEO plugin v26.8 - https:\/\/yoast.com\/product\/yoast-seo-wordpress\/ -->\n<title>Lantern Moon Jungtys Valams - Happyinaknit.com<\/title>\n<meta name=\"robots\" content=\"index, follow, max-snippet:-1, max-image-preview:large, max-video-preview:-1\" \/>\n<link rel=\"canonical\" href=\"https:\/\/happyinaknit.com\/lt\/produktas\/lantern-moon-jungtys-valams\/\" \/>\n<meta property=\"og:locale\" content=\"lt_LT\" \/>\n<meta property=\"og:type\" content=\"article\" \/>\n<meta property=\"og:title\" content=\"Lantern Moon Jungtys Valams - Happyinaknit.com\" \/>\n<meta property=\"og:description\" content=\"Lantern Moon jungtys skirtos val\u0173 pailginimui \u2013 jos leid\u017eia lengvai sujungti du valus tarpusavyje, kai reikia didesnio ilgio mezgimo projekto. Jungtys pagamintos i\u0161 tvirtos \u017ealvario su 24 karat\u0173 auksu padengtu pavir\u0161iumi, u\u017etikrinan\u010diu ilgaam\u017ei\u0161kum\u0105, skland\u0173 sukim\u0105si ir prabang\u0173 \u012fvaizd\u012f. Rinkinyje: 2 jungtys Med\u017eiaga: \u017ealvaris su 24K auksu Paskirtis: val\u0173 pailginimui (nuo valo prie valo) Pastaba: spalv\u0173 [&hellip;]\" \/>\n<meta property=\"og:url\" content=\"https:\/\/happyinaknit.com\/lt\/produktas\/lantern-moon-jungtys-valams\/\" \/>\n<meta property=\"og:site_name\" content=\"Happyinaknit.com\" \/>\n<meta property=\"article:modified_time\" content=\"2025-10-18T23:50:24+00:00\" \/>\n<meta property=\"og:image\" content=\"https:\/\/happyinaknit.com\/wp-content\/uploads\/2025\/10\/il_570xN.3652123035_e42j.jpg\" \/>\n\t<meta property=\"og:image:width\" content=\"570\" \/>\n\t<meta property=\"og:image:height\" content=\"570\" \/>\n\t<meta property=\"og:image:type\" content=\"image\/jpeg\" \/>\n<meta name=\"twitter:card\" content=\"summary_large_image\" \/>\n<script type=\"application\/ld+json\" class=\"yoast-schema-graph\">{\"@context\":\"https:\/\/schema.org\",\"@graph\":[{\"@type\":\"WebPage\",\"@id\":\"https:\/\/happyinaknit.com\/produktas\/lantern-moon-jungtys-valams\/\",\"url\":\"https:\/\/happyinaknit.com\/produktas\/lantern-moon-jungtys-valams\/\",\"name\":\"Lantern Moon Jungtys Valams - Happyinaknit.com\",\"isPartOf\":{\"@id\":\"https:\/\/happyinaknit.com\/lt\/#website\"},\"primaryImageOfPage\":{\"@id\":\"https:\/\/happyinaknit.com\/produktas\/lantern-moon-jungtys-valams\/#primaryimage\"},\"image\":{\"@id\":\"https:\/\/happyinaknit.com\/produktas\/lantern-moon-jungtys-valams\/#primaryimage\"},\"thumbnailUrl\":\"https:\/\/happyinaknit.com\/wp-content\/uploads\/2025\/10\/il_570xN.3652123035_e42j.jpg\",\"datePublished\":\"2025-10-18T23:50:23+00:00\",\"dateModified\":\"2025-10-18T23:50:24+00:00\",\"breadcrumb\":{\"@id\":\"https:\/\/happyinaknit.com\/produktas\/lantern-moon-jungtys-valams\/#breadcrumb\"},\"inLanguage\":\"lt-LT\",\"potentialAction\":[{\"@type\":\"ReadAction\",\"target\":[\"https:\/\/happyinaknit.com\/produktas\/lantern-moon-jungtys-valams\/\"]}]},{\"@type\":\"ImageObject\",\"inLanguage\":\"lt-LT\",\"@id\":\"https:\/\/happyinaknit.com\/produktas\/lantern-moon-jungtys-valams\/#primaryimage\",\"url\":\"https:\/\/happyinaknit.com\/wp-content\/uploads\/2025\/10\/il_570xN.3652123035_e42j.jpg\",\"contentUrl\":\"https:\/\/happyinaknit.com\/wp-content\/uploads\/2025\/10\/il_570xN.3652123035_e42j.jpg\",\"width\":570,\"height\":570},{\"@type\":\"BreadcrumbList\",\"@id\":\"https:\/\/happyinaknit.com\/produktas\/lantern-moon-jungtys-valams\/#breadcrumb\",\"itemListElement\":[{\"@type\":\"ListItem\",\"position\":1,\"name\":\"Home\",\"item\":\"https:\/\/happyinaknit.com\/lt\/\"},{\"@type\":\"ListItem\",\"position\":2,\"name\":\"Parduotuv\u0117\",\"item\":\"https:\/\/happyinaknit.com\/lt\/parduotuve\/\"},{\"@type\":\"ListItem\",\"position\":3,\"name\":\"Lantern Moon Jungtys Valams\"}]},{\"@type\":\"WebSite\",\"@id\":\"https:\/\/happyinaknit.com\/lt\/#website\",\"url\":\"https:\/\/happyinaknit.com\/lt\/\",\"name\":\"Happyinaknit.com\",\"description\":\"\",\"potentialAction\":[{\"@type\":\"SearchAction\",\"target\":{\"@type\":\"EntryPoint\",\"urlTemplate\":\"https:\/\/happyinaknit.com\/lt\/?s={search_term_string}\"},\"query-input\":{\"@type\":\"PropertyValueSpecification\",\"valueRequired\":true,\"valueName\":\"search_term_string\"}}],\"inLanguage\":\"lt-LT\"}]}<\/script>\n<!-- \/ Yoast SEO plugin. -->","yoast_head_json":{"title":"Lantern Moon Jungtys Valams - Happyinaknit.com","robots":{"index":"index","follow":"follow","max-snippet":"max-snippet:-1","max-image-preview":"max-image-preview:large","max-video-preview":"max-video-preview:-1"},"canonical":"https:\/\/happyinaknit.com\/lt\/produktas\/lantern-moon-jungtys-valams\/","og_locale":"lt_LT","og_type":"article","og_title":"Lantern Moon Jungtys Valams - Happyinaknit.com","og_description":"Lantern Moon jungtys skirtos val\u0173 pailginimui \u2013 jos leid\u017eia lengvai sujungti du valus tarpusavyje, kai reikia didesnio ilgio mezgimo projekto. Jungtys pagamintos i\u0161 tvirtos \u017ealvario su 24 karat\u0173 auksu padengtu pavir\u0161iumi, u\u017etikrinan\u010diu ilgaam\u017ei\u0161kum\u0105, skland\u0173 sukim\u0105si ir prabang\u0173 \u012fvaizd\u012f. Rinkinyje: 2 jungtys Med\u017eiaga: \u017ealvaris su 24K auksu Paskirtis: val\u0173 pailginimui (nuo valo prie valo) Pastaba: spalv\u0173 [&hellip;]","og_url":"https:\/\/happyinaknit.com\/lt\/produktas\/lantern-moon-jungtys-valams\/","og_site_name":"Happyinaknit.com","article_modified_time":"2025-10-18T23:50:24+00:00","og_image":[{"width":570,"height":570,"url":"https:\/\/happyinaknit.com\/wp-content\/uploads\/2025\/10\/il_570xN.3652123035_e42j.jpg","type":"image\/jpeg"}],"twitter_card":"summary_large_image","schema":{"@context":"https:\/\/schema.org","@graph":[{"@type":"WebPage","@id":"https:\/\/happyinaknit.com\/produktas\/lantern-moon-jungtys-valams\/","url":"https:\/\/happyinaknit.com\/produktas\/lantern-moon-jungtys-valams\/","name":"Lantern Moon Jungtys Valams - Happyinaknit.com","isPartOf":{"@id":"https:\/\/happyinaknit.com\/lt\/#website"},"primaryImageOfPage":{"@id":"https:\/\/happyinaknit.com\/produktas\/lantern-moon-jungtys-valams\/#primaryimage"},"image":{"@id":"https:\/\/happyinaknit.com\/produktas\/lantern-moon-jungtys-valams\/#primaryimage"},"thumbnailUrl":"https:\/\/happyinaknit.com\/wp-content\/uploads\/2025\/10\/il_570xN.3652123035_e42j.jpg","datePublished":"2025-10-18T23:50:23+00:00","dateModified":"2025-10-18T23:50:24+00:00","breadcrumb":{"@id":"https:\/\/happyinaknit.com\/produktas\/lantern-moon-jungtys-valams\/#breadcrumb"},"inLanguage":"lt-LT","potentialAction":[{"@type":"ReadAction","target":["https:\/\/happyinaknit.com\/produktas\/lantern-moon-jungtys-valams\/"]}]},{"@type":"ImageObject","inLanguage":"lt-LT","@id":"https:\/\/happyinaknit.com\/produktas\/lantern-moon-jungtys-valams\/#primaryimage","url":"https:\/\/happyinaknit.com\/wp-content\/uploads\/2025\/10\/il_570xN.3652123035_e42j.jpg","contentUrl":"https:\/\/happyinaknit.com\/wp-content\/uploads\/2025\/10\/il_570xN.3652123035_e42j.jpg","width":570,"height":570},{"@type":"BreadcrumbList","@id":"https:\/\/happyinaknit.com\/produktas\/lantern-moon-jungtys-valams\/#breadcrumb","itemListElement":[{"@type":"ListItem","position":1,"name":"Home","item":"https:\/\/happyinaknit.com\/lt\/"},{"@type":"ListItem","position":2,"name":"Parduotuv\u0117","item":"https:\/\/happyinaknit.com\/lt\/parduotuve\/"},{"@type":"ListItem","position":3,"name":"Lantern Moon Jungtys Valams"}]},{"@type":"WebSite","@id":"https:\/\/happyinaknit.com\/lt\/#website","url":"https:\/\/happyinaknit.com\/lt\/","name":"Happyinaknit.com","description":"","potentialAction":[{"@type":"SearchAction","target":{"@type":"EntryPoint","urlTemplate":"https:\/\/happyinaknit.com\/lt\/?s={search_term_string}"},"query-input":{"@type":"PropertyValueSpecification","valueRequired":true,"valueName":"search_term_string"}}],"inLanguage":"lt-LT"}]}},"_links":{"self":[{"href":"https:\/\/happyinaknit.com\/lt\/wp-json\/wp\/v2\/product\/6179","targetHints":{"allow":["GET"]}}],"collection":[{"href":"https:\/\/happyinaknit.com\/lt\/wp-json\/wp\/v2\/product"}],"about":[{"href":"https:\/\/happyinaknit.com\/lt\/wp-json\/wp\/v2\/types\/product"}],"replies":[{"embeddable":true,"href":"https:\/\/happyinaknit.com\/lt\/wp-json\/wp\/v2\/comments?post=6179"}],"wp:featuredmedia":[{"embeddable":true,"href":"https:\/\/happyinaknit.com\/lt\/wp-json\/wp\/v2\/media\/6181"}],"wp:attachment":[{"href":"https:\/\/happyinaknit.com\/lt\/wp-json\/wp\/v2\/media?parent=6179"}],"wp:term":[{"taxonomy":"product_brand","embeddable":true,"href":"https:\/\/happyinaknit.com\/lt\/wp-json\/wp\/v2\/product_brand?post=6179"},{"taxonomy":"product_cat","embeddable":true,"href":"https:\/\/happyinaknit.com\/lt\/wp-json\/wp\/v2\/product_cat?post=6179"},{"taxonomy":"product_tag","embeddable":true,"href":"https:\/\/happyinaknit.com\/lt\/wp-json\/wp\/v2\/product_tag?post=6179"},{"taxonomy":"pro-kategorijos","embeddable":true,"href":"https:\/\/happyinaknit.com\/lt\/wp-json\/wp\/v2\/pro-kategorijos?post=6179"}],"curies":[{"name":"wp","href":"https:\/\/api.w.org\/{rel}","templated":true}]}}