{"id":6165,"date":"2025-10-18T23:23:26","date_gmt":"2025-10-18T23:23:26","guid":{"rendered":"https:\/\/happyinaknit.com\/?post_type=product&#038;p=6165"},"modified":"2025-11-02T07:13:48","modified_gmt":"2025-11-02T07:13:48","slug":"lantern-moon-matavimo-juosta-is-merino-vilnos","status":"publish","type":"product","link":"https:\/\/happyinaknit.com\/lt\/produktas\/lantern-moon-matavimo-juosta-is-merino-vilnos\/","title":{"rendered":"Lantern Moon Matavimo Juosta i\u0161 merino vilnos"},"content":{"rendered":"<p>I\u0161skirtin\u0117 <i>Lantern Moon<\/i> matavimo juostel\u0117 pagaminta i\u0161 \u0161velnios merino vilnos \u2013 tai prabangus ir malonus prisilietimui \u012frankis mezg\u0117joms bei siuv\u0117joms. Juostel\u0117 turi tiek centimetrin\u0119, tiek colin\u0119 skal\u0119, tod\u0117l patogu naudoti \u012fvairiems projektams.<\/p>\n<p><b>Ilgis:<\/b> 150 cm<\/p>\n<p><b>Med\u017eiaga:<\/b> merino vilna<\/p>\n<p><b>Skal\u0117:<\/b> centimetrai ir coliai<\/p>\n<p>Pastaba: spalv\u0173 atspalviai gali \u0161iek tiek skirtis priklausomai nuo \u012frenginio ekrano.<\/p>\n","protected":false},"excerpt":{"rendered":"<p>I\u0161skirtin\u0117 Lantern Moon matavimo juostel\u0117 pagaminta i\u0161 \u0161velnios merino vilnos \u2013 tai prabangus ir malonus prisilietimui \u012frankis mezg\u0117joms bei siuv\u0117joms. Juostel\u0117 turi tiek centimetrin\u0119, tiek colin\u0119 skal\u0119, tod\u0117l patogu naudoti \u012fvairiems projektams. Ilgis: 150 cm Med\u017eiaga: merino vilna Skal\u0117: centimetrai ir coliai Pastaba: spalv\u0173 atspalviai gali \u0161iek tiek skirtis priklausomai nuo \u012frenginio ekrano.<\/p>\n","protected":false},"featured_media":6167,"comment_status":"open","ping_status":"closed","template":"","meta":{"_acf_changed":false},"product_brand":[1069,787],"product_cat":[15,92,20],"product_tag":[],"pro-kategorijos":[],"class_list":{"0":"post-6165","1":"product","2":"type-product","3":"status-publish","4":"has-post-thumbnail","6":"product_brand-knitpro","7":"product_brand-lantern-moon","8":"product_cat-visi-produktai","9":"product_cat-matavimo-priemones","10":"product_cat-priedai-mezgimui","12":"first","13":"instock","14":"shipping-taxable","15":"purchasable","16":"product-type-variable"},"acf":[],"yoast_head":"<!-- This site is optimized with the Yoast SEO plugin v26.8 - https:\/\/yoast.com\/product\/yoast-seo-wordpress\/ -->\n<title>Lantern Moon Matavimo Juosta i\u0161 merino vilnos - Happyinaknit.com<\/title>\n<meta name=\"robots\" content=\"index, follow, max-snippet:-1, max-image-preview:large, max-video-preview:-1\" \/>\n<link rel=\"canonical\" href=\"https:\/\/happyinaknit.com\/lt\/produktas\/lantern-moon-matavimo-juosta-is-merino-vilnos\/\" \/>\n<meta property=\"og:locale\" content=\"lt_LT\" \/>\n<meta property=\"og:type\" content=\"article\" \/>\n<meta property=\"og:title\" content=\"Lantern Moon Matavimo Juosta i\u0161 merino vilnos - Happyinaknit.com\" \/>\n<meta property=\"og:description\" content=\"I\u0161skirtin\u0117 Lantern Moon matavimo juostel\u0117 pagaminta i\u0161 \u0161velnios merino vilnos \u2013 tai prabangus ir malonus prisilietimui \u012frankis mezg\u0117joms bei siuv\u0117joms. Juostel\u0117 turi tiek centimetrin\u0119, tiek colin\u0119 skal\u0119, tod\u0117l patogu naudoti \u012fvairiems projektams. Ilgis: 150 cm Med\u017eiaga: merino vilna Skal\u0117: centimetrai ir coliai Pastaba: spalv\u0173 atspalviai gali \u0161iek tiek skirtis priklausomai nuo \u012frenginio ekrano.\" \/>\n<meta property=\"og:url\" content=\"https:\/\/happyinaknit.com\/lt\/produktas\/lantern-moon-matavimo-juosta-is-merino-vilnos\/\" \/>\n<meta property=\"og:site_name\" content=\"Happyinaknit.com\" \/>\n<meta property=\"article:modified_time\" content=\"2025-11-02T07:13:48+00:00\" \/>\n<meta property=\"og:image\" content=\"https:\/\/happyinaknit.com\/wp-content\/uploads\/2025\/10\/Lantern_Moon_Merino_Tape_Measure_350632_c09f2043-230b-4df7-bd6f-4ca9fd117025.jpg.webp\" \/>\n\t<meta property=\"og:image:width\" content=\"1000\" \/>\n\t<meta property=\"og:image:height\" content=\"1000\" \/>\n\t<meta property=\"og:image:type\" content=\"image\/webp\" \/>\n<meta name=\"twitter:card\" content=\"summary_large_image\" \/>\n<script type=\"application\/ld+json\" class=\"yoast-schema-graph\">{\"@context\":\"https:\/\/schema.org\",\"@graph\":[{\"@type\":\"WebPage\",\"@id\":\"https:\/\/happyinaknit.com\/produktas\/lantern-moon-matavimo-juosta-is-merino-vilnos\/\",\"url\":\"https:\/\/happyinaknit.com\/produktas\/lantern-moon-matavimo-juosta-is-merino-vilnos\/\",\"name\":\"Lantern Moon Matavimo Juosta i\u0161 merino vilnos - Happyinaknit.com\",\"isPartOf\":{\"@id\":\"https:\/\/happyinaknit.com\/lt\/#website\"},\"primaryImageOfPage\":{\"@id\":\"https:\/\/happyinaknit.com\/produktas\/lantern-moon-matavimo-juosta-is-merino-vilnos\/#primaryimage\"},\"image\":{\"@id\":\"https:\/\/happyinaknit.com\/produktas\/lantern-moon-matavimo-juosta-is-merino-vilnos\/#primaryimage\"},\"thumbnailUrl\":\"https:\/\/happyinaknit.com\/wp-content\/uploads\/2025\/10\/Lantern_Moon_Merino_Tape_Measure_350632_c09f2043-230b-4df7-bd6f-4ca9fd117025.jpg.webp\",\"datePublished\":\"2025-10-18T23:23:26+00:00\",\"dateModified\":\"2025-11-02T07:13:48+00:00\",\"breadcrumb\":{\"@id\":\"https:\/\/happyinaknit.com\/produktas\/lantern-moon-matavimo-juosta-is-merino-vilnos\/#breadcrumb\"},\"inLanguage\":\"lt-LT\",\"potentialAction\":[{\"@type\":\"ReadAction\",\"target\":[\"https:\/\/happyinaknit.com\/produktas\/lantern-moon-matavimo-juosta-is-merino-vilnos\/\"]}]},{\"@type\":\"ImageObject\",\"inLanguage\":\"lt-LT\",\"@id\":\"https:\/\/happyinaknit.com\/produktas\/lantern-moon-matavimo-juosta-is-merino-vilnos\/#primaryimage\",\"url\":\"https:\/\/happyinaknit.com\/wp-content\/uploads\/2025\/10\/Lantern_Moon_Merino_Tape_Measure_350632_c09f2043-230b-4df7-bd6f-4ca9fd117025.jpg.webp\",\"contentUrl\":\"https:\/\/happyinaknit.com\/wp-content\/uploads\/2025\/10\/Lantern_Moon_Merino_Tape_Measure_350632_c09f2043-230b-4df7-bd6f-4ca9fd117025.jpg.webp\",\"width\":1000,\"height\":1000},{\"@type\":\"BreadcrumbList\",\"@id\":\"https:\/\/happyinaknit.com\/produktas\/lantern-moon-matavimo-juosta-is-merino-vilnos\/#breadcrumb\",\"itemListElement\":[{\"@type\":\"ListItem\",\"position\":1,\"name\":\"Home\",\"item\":\"https:\/\/happyinaknit.com\/lt\/\"},{\"@type\":\"ListItem\",\"position\":2,\"name\":\"Parduotuv\u0117\",\"item\":\"https:\/\/happyinaknit.com\/lt\/parduotuve\/\"},{\"@type\":\"ListItem\",\"position\":3,\"name\":\"Lantern Moon Matavimo Juosta i\u0161 merino vilnos\"}]},{\"@type\":\"WebSite\",\"@id\":\"https:\/\/happyinaknit.com\/lt\/#website\",\"url\":\"https:\/\/happyinaknit.com\/lt\/\",\"name\":\"Happyinaknit.com\",\"description\":\"\",\"potentialAction\":[{\"@type\":\"SearchAction\",\"target\":{\"@type\":\"EntryPoint\",\"urlTemplate\":\"https:\/\/happyinaknit.com\/lt\/?s={search_term_string}\"},\"query-input\":{\"@type\":\"PropertyValueSpecification\",\"valueRequired\":true,\"valueName\":\"search_term_string\"}}],\"inLanguage\":\"lt-LT\"}]}<\/script>\n<!-- \/ Yoast SEO plugin. -->","yoast_head_json":{"title":"Lantern Moon Matavimo Juosta i\u0161 merino vilnos - Happyinaknit.com","robots":{"index":"index","follow":"follow","max-snippet":"max-snippet:-1","max-image-preview":"max-image-preview:large","max-video-preview":"max-video-preview:-1"},"canonical":"https:\/\/happyinaknit.com\/lt\/produktas\/lantern-moon-matavimo-juosta-is-merino-vilnos\/","og_locale":"lt_LT","og_type":"article","og_title":"Lantern Moon Matavimo Juosta i\u0161 merino vilnos - Happyinaknit.com","og_description":"I\u0161skirtin\u0117 Lantern Moon matavimo juostel\u0117 pagaminta i\u0161 \u0161velnios merino vilnos \u2013 tai prabangus ir malonus prisilietimui \u012frankis mezg\u0117joms bei siuv\u0117joms. Juostel\u0117 turi tiek centimetrin\u0119, tiek colin\u0119 skal\u0119, tod\u0117l patogu naudoti \u012fvairiems projektams. Ilgis: 150 cm Med\u017eiaga: merino vilna Skal\u0117: centimetrai ir coliai Pastaba: spalv\u0173 atspalviai gali \u0161iek tiek skirtis priklausomai nuo \u012frenginio ekrano.","og_url":"https:\/\/happyinaknit.com\/lt\/produktas\/lantern-moon-matavimo-juosta-is-merino-vilnos\/","og_site_name":"Happyinaknit.com","article_modified_time":"2025-11-02T07:13:48+00:00","og_image":[{"width":1000,"height":1000,"url":"https:\/\/happyinaknit.com\/wp-content\/uploads\/2025\/10\/Lantern_Moon_Merino_Tape_Measure_350632_c09f2043-230b-4df7-bd6f-4ca9fd117025.jpg.webp","type":"image\/webp"}],"twitter_card":"summary_large_image","schema":{"@context":"https:\/\/schema.org","@graph":[{"@type":"WebPage","@id":"https:\/\/happyinaknit.com\/produktas\/lantern-moon-matavimo-juosta-is-merino-vilnos\/","url":"https:\/\/happyinaknit.com\/produktas\/lantern-moon-matavimo-juosta-is-merino-vilnos\/","name":"Lantern Moon Matavimo Juosta i\u0161 merino vilnos - Happyinaknit.com","isPartOf":{"@id":"https:\/\/happyinaknit.com\/lt\/#website"},"primaryImageOfPage":{"@id":"https:\/\/happyinaknit.com\/produktas\/lantern-moon-matavimo-juosta-is-merino-vilnos\/#primaryimage"},"image":{"@id":"https:\/\/happyinaknit.com\/produktas\/lantern-moon-matavimo-juosta-is-merino-vilnos\/#primaryimage"},"thumbnailUrl":"https:\/\/happyinaknit.com\/wp-content\/uploads\/2025\/10\/Lantern_Moon_Merino_Tape_Measure_350632_c09f2043-230b-4df7-bd6f-4ca9fd117025.jpg.webp","datePublished":"2025-10-18T23:23:26+00:00","dateModified":"2025-11-02T07:13:48+00:00","breadcrumb":{"@id":"https:\/\/happyinaknit.com\/produktas\/lantern-moon-matavimo-juosta-is-merino-vilnos\/#breadcrumb"},"inLanguage":"lt-LT","potentialAction":[{"@type":"ReadAction","target":["https:\/\/happyinaknit.com\/produktas\/lantern-moon-matavimo-juosta-is-merino-vilnos\/"]}]},{"@type":"ImageObject","inLanguage":"lt-LT","@id":"https:\/\/happyinaknit.com\/produktas\/lantern-moon-matavimo-juosta-is-merino-vilnos\/#primaryimage","url":"https:\/\/happyinaknit.com\/wp-content\/uploads\/2025\/10\/Lantern_Moon_Merino_Tape_Measure_350632_c09f2043-230b-4df7-bd6f-4ca9fd117025.jpg.webp","contentUrl":"https:\/\/happyinaknit.com\/wp-content\/uploads\/2025\/10\/Lantern_Moon_Merino_Tape_Measure_350632_c09f2043-230b-4df7-bd6f-4ca9fd117025.jpg.webp","width":1000,"height":1000},{"@type":"BreadcrumbList","@id":"https:\/\/happyinaknit.com\/produktas\/lantern-moon-matavimo-juosta-is-merino-vilnos\/#breadcrumb","itemListElement":[{"@type":"ListItem","position":1,"name":"Home","item":"https:\/\/happyinaknit.com\/lt\/"},{"@type":"ListItem","position":2,"name":"Parduotuv\u0117","item":"https:\/\/happyinaknit.com\/lt\/parduotuve\/"},{"@type":"ListItem","position":3,"name":"Lantern Moon Matavimo Juosta i\u0161 merino vilnos"}]},{"@type":"WebSite","@id":"https:\/\/happyinaknit.com\/lt\/#website","url":"https:\/\/happyinaknit.com\/lt\/","name":"Happyinaknit.com","description":"","potentialAction":[{"@type":"SearchAction","target":{"@type":"EntryPoint","urlTemplate":"https:\/\/happyinaknit.com\/lt\/?s={search_term_string}"},"query-input":{"@type":"PropertyValueSpecification","valueRequired":true,"valueName":"search_term_string"}}],"inLanguage":"lt-LT"}]}},"_links":{"self":[{"href":"https:\/\/happyinaknit.com\/lt\/wp-json\/wp\/v2\/product\/6165","targetHints":{"allow":["GET"]}}],"collection":[{"href":"https:\/\/happyinaknit.com\/lt\/wp-json\/wp\/v2\/product"}],"about":[{"href":"https:\/\/happyinaknit.com\/lt\/wp-json\/wp\/v2\/types\/product"}],"replies":[{"embeddable":true,"href":"https:\/\/happyinaknit.com\/lt\/wp-json\/wp\/v2\/comments?post=6165"}],"wp:featuredmedia":[{"embeddable":true,"href":"https:\/\/happyinaknit.com\/lt\/wp-json\/wp\/v2\/media\/6167"}],"wp:attachment":[{"href":"https:\/\/happyinaknit.com\/lt\/wp-json\/wp\/v2\/media?parent=6165"}],"wp:term":[{"taxonomy":"product_brand","embeddable":true,"href":"https:\/\/happyinaknit.com\/lt\/wp-json\/wp\/v2\/product_brand?post=6165"},{"taxonomy":"product_cat","embeddable":true,"href":"https:\/\/happyinaknit.com\/lt\/wp-json\/wp\/v2\/product_cat?post=6165"},{"taxonomy":"product_tag","embeddable":true,"href":"https:\/\/happyinaknit.com\/lt\/wp-json\/wp\/v2\/product_tag?post=6165"},{"taxonomy":"pro-kategorijos","embeddable":true,"href":"https:\/\/happyinaknit.com\/lt\/wp-json\/wp\/v2\/pro-kategorijos?post=6165"}],"curies":[{"name":"wp","href":"https:\/\/api.w.org\/{rel}","templated":true}]}}