{"id":6149,"date":"2025-10-18T23:02:25","date_gmt":"2025-10-18T23:02:25","guid":{"rendered":"https:\/\/happyinaknit.com\/?post_type=product&#038;p=6149"},"modified":"2026-03-09T11:29:31","modified_gmt":"2026-03-09T11:29:31","slug":"lantern-moon-silkinis-maiselis-zymekliams","status":"publish","type":"product","link":"https:\/\/happyinaknit.com\/lt\/produktas\/lantern-moon-silkinis-maiselis-zymekliams\/","title":{"rendered":"Lantern Moon  \u0161ilkinis mai\u0161elis \u017eymekliams"},"content":{"rendered":"<p>Eleganti\u0161ki <i>Lantern Moon<\/i> \u0161ilkiniai mai\u0161eliai su rai\u0161teliais \u2013 puikus pasirinkimas \u017eymekliams ar kitiems smulkiems mezgimo reikmenims laikyti. Mink\u0161tas \u0161ilkas suteikia prabangos poj\u016bt\u012f, o u\u017ever\u017eiamos juostel\u0117s saugiai laiko turin\u012f viduje. Kompakti\u0161kas ir stilingas aksesuaras kiekvienai mezg\u0117jai.<\/p>\n<p><b>Spalvos:<\/b> bordo, \u017ealia<\/p>\n<p><b>Med\u017eiaga:<\/b> \u0161ilkas<\/p>\n<p>Pastaba: spalv\u0173 atspalviai gali \u0161iek tiek skirtis priklausomai nuo \u012frenginio ekrano.<\/p>\n","protected":false},"excerpt":{"rendered":"<p>Eleganti\u0161ki Lantern Moon \u0161ilkiniai mai\u0161eliai su rai\u0161teliais \u2013 puikus pasirinkimas \u017eymekliams ar kitiems smulkiems mezgimo reikmenims laikyti. Mink\u0161tas \u0161ilkas suteikia prabangos poj\u016bt\u012f, o u\u017ever\u017eiamos juostel\u0117s saugiai laiko turin\u012f viduje. Kompakti\u0161kas ir stilingas aksesuaras kiekvienai mezg\u0117jai. Spalvos: bordo, \u017ealia Med\u017eiaga: \u0161ilkas Pastaba: spalv\u0173 atspalviai gali \u0161iek tiek skirtis priklausomai nuo \u012frenginio ekrano.<\/p>\n","protected":false},"featured_media":6152,"comment_status":"open","ping_status":"closed","template":"","meta":{"_acf_changed":false},"product_brand":[787],"product_cat":[15,1079,20],"product_tag":[],"pro-kategorijos":[],"class_list":{"0":"post-6149","1":"product","2":"type-product","3":"status-publish","4":"has-post-thumbnail","6":"product_brand-lantern-moon","7":"product_cat-visi-produktai","8":"product_cat-deklai","9":"product_cat-priedai-mezgimui","11":"first","12":"instock","13":"shipping-taxable","14":"purchasable","15":"product-type-variable"},"acf":[],"yoast_head":"<!-- This site is optimized with the Yoast SEO plugin v26.8 - https:\/\/yoast.com\/product\/yoast-seo-wordpress\/ -->\n<title>Lantern Moon \u0161ilkinis mai\u0161elis \u017eymekliams - Happyinaknit.com<\/title>\n<meta name=\"robots\" content=\"index, follow, max-snippet:-1, max-image-preview:large, max-video-preview:-1\" \/>\n<link rel=\"canonical\" href=\"https:\/\/happyinaknit.com\/lt\/produktas\/lantern-moon-silkinis-maiselis-zymekliams\/\" \/>\n<meta property=\"og:locale\" content=\"lt_LT\" \/>\n<meta property=\"og:type\" content=\"article\" \/>\n<meta property=\"og:title\" content=\"Lantern Moon \u0161ilkinis mai\u0161elis \u017eymekliams - Happyinaknit.com\" \/>\n<meta property=\"og:description\" content=\"Eleganti\u0161ki Lantern Moon \u0161ilkiniai mai\u0161eliai su rai\u0161teliais \u2013 puikus pasirinkimas \u017eymekliams ar kitiems smulkiems mezgimo reikmenims laikyti. Mink\u0161tas \u0161ilkas suteikia prabangos poj\u016bt\u012f, o u\u017ever\u017eiamos juostel\u0117s saugiai laiko turin\u012f viduje. Kompakti\u0161kas ir stilingas aksesuaras kiekvienai mezg\u0117jai. Spalvos: bordo, \u017ealia Med\u017eiaga: \u0161ilkas Pastaba: spalv\u0173 atspalviai gali \u0161iek tiek skirtis priklausomai nuo \u012frenginio ekrano.\" \/>\n<meta property=\"og:url\" content=\"https:\/\/happyinaknit.com\/lt\/produktas\/lantern-moon-silkinis-maiselis-zymekliams\/\" \/>\n<meta property=\"og:site_name\" content=\"Happyinaknit.com\" \/>\n<meta property=\"article:modified_time\" content=\"2026-03-09T11:29:31+00:00\" \/>\n<meta property=\"og:image\" content=\"https:\/\/happyinaknit.com\/wp-content\/uploads\/2025\/10\/stitch-markers-pouches-1_1000x.jpg.webp\" \/>\n\t<meta property=\"og:image:width\" content=\"1000\" \/>\n\t<meta property=\"og:image:height\" content=\"1000\" \/>\n\t<meta property=\"og:image:type\" content=\"image\/webp\" \/>\n<meta name=\"twitter:card\" content=\"summary_large_image\" \/>\n<script type=\"application\/ld+json\" class=\"yoast-schema-graph\">{\"@context\":\"https:\/\/schema.org\",\"@graph\":[{\"@type\":\"WebPage\",\"@id\":\"https:\/\/happyinaknit.com\/produktas\/lantern-moon-silkinis-maiselis-zymekliams\/\",\"url\":\"https:\/\/happyinaknit.com\/produktas\/lantern-moon-silkinis-maiselis-zymekliams\/\",\"name\":\"Lantern Moon \u0161ilkinis mai\u0161elis \u017eymekliams - Happyinaknit.com\",\"isPartOf\":{\"@id\":\"https:\/\/happyinaknit.com\/lt\/#website\"},\"primaryImageOfPage\":{\"@id\":\"https:\/\/happyinaknit.com\/produktas\/lantern-moon-silkinis-maiselis-zymekliams\/#primaryimage\"},\"image\":{\"@id\":\"https:\/\/happyinaknit.com\/produktas\/lantern-moon-silkinis-maiselis-zymekliams\/#primaryimage\"},\"thumbnailUrl\":\"https:\/\/happyinaknit.com\/wp-content\/uploads\/2025\/10\/stitch-markers-pouches-1_1000x.jpg.webp\",\"datePublished\":\"2025-10-18T23:02:25+00:00\",\"dateModified\":\"2026-03-09T11:29:31+00:00\",\"breadcrumb\":{\"@id\":\"https:\/\/happyinaknit.com\/produktas\/lantern-moon-silkinis-maiselis-zymekliams\/#breadcrumb\"},\"inLanguage\":\"lt-LT\",\"potentialAction\":[{\"@type\":\"ReadAction\",\"target\":[\"https:\/\/happyinaknit.com\/produktas\/lantern-moon-silkinis-maiselis-zymekliams\/\"]}]},{\"@type\":\"ImageObject\",\"inLanguage\":\"lt-LT\",\"@id\":\"https:\/\/happyinaknit.com\/produktas\/lantern-moon-silkinis-maiselis-zymekliams\/#primaryimage\",\"url\":\"https:\/\/happyinaknit.com\/wp-content\/uploads\/2025\/10\/stitch-markers-pouches-1_1000x.jpg.webp\",\"contentUrl\":\"https:\/\/happyinaknit.com\/wp-content\/uploads\/2025\/10\/stitch-markers-pouches-1_1000x.jpg.webp\",\"width\":1000,\"height\":1000},{\"@type\":\"BreadcrumbList\",\"@id\":\"https:\/\/happyinaknit.com\/produktas\/lantern-moon-silkinis-maiselis-zymekliams\/#breadcrumb\",\"itemListElement\":[{\"@type\":\"ListItem\",\"position\":1,\"name\":\"Home\",\"item\":\"https:\/\/happyinaknit.com\/lt\/\"},{\"@type\":\"ListItem\",\"position\":2,\"name\":\"Parduotuv\u0117\",\"item\":\"https:\/\/happyinaknit.com\/lt\/parduotuve\/\"},{\"@type\":\"ListItem\",\"position\":3,\"name\":\"Lantern Moon \u0161ilkinis mai\u0161elis \u017eymekliams\"}]},{\"@type\":\"WebSite\",\"@id\":\"https:\/\/happyinaknit.com\/lt\/#website\",\"url\":\"https:\/\/happyinaknit.com\/lt\/\",\"name\":\"Happyinaknit.com\",\"description\":\"\",\"potentialAction\":[{\"@type\":\"SearchAction\",\"target\":{\"@type\":\"EntryPoint\",\"urlTemplate\":\"https:\/\/happyinaknit.com\/lt\/?s={search_term_string}\"},\"query-input\":{\"@type\":\"PropertyValueSpecification\",\"valueRequired\":true,\"valueName\":\"search_term_string\"}}],\"inLanguage\":\"lt-LT\"}]}<\/script>\n<!-- \/ Yoast SEO plugin. -->","yoast_head_json":{"title":"Lantern Moon \u0161ilkinis mai\u0161elis \u017eymekliams - Happyinaknit.com","robots":{"index":"index","follow":"follow","max-snippet":"max-snippet:-1","max-image-preview":"max-image-preview:large","max-video-preview":"max-video-preview:-1"},"canonical":"https:\/\/happyinaknit.com\/lt\/produktas\/lantern-moon-silkinis-maiselis-zymekliams\/","og_locale":"lt_LT","og_type":"article","og_title":"Lantern Moon \u0161ilkinis mai\u0161elis \u017eymekliams - Happyinaknit.com","og_description":"Eleganti\u0161ki Lantern Moon \u0161ilkiniai mai\u0161eliai su rai\u0161teliais \u2013 puikus pasirinkimas \u017eymekliams ar kitiems smulkiems mezgimo reikmenims laikyti. Mink\u0161tas \u0161ilkas suteikia prabangos poj\u016bt\u012f, o u\u017ever\u017eiamos juostel\u0117s saugiai laiko turin\u012f viduje. Kompakti\u0161kas ir stilingas aksesuaras kiekvienai mezg\u0117jai. Spalvos: bordo, \u017ealia Med\u017eiaga: \u0161ilkas Pastaba: spalv\u0173 atspalviai gali \u0161iek tiek skirtis priklausomai nuo \u012frenginio ekrano.","og_url":"https:\/\/happyinaknit.com\/lt\/produktas\/lantern-moon-silkinis-maiselis-zymekliams\/","og_site_name":"Happyinaknit.com","article_modified_time":"2026-03-09T11:29:31+00:00","og_image":[{"width":1000,"height":1000,"url":"https:\/\/happyinaknit.com\/wp-content\/uploads\/2025\/10\/stitch-markers-pouches-1_1000x.jpg.webp","type":"image\/webp"}],"twitter_card":"summary_large_image","schema":{"@context":"https:\/\/schema.org","@graph":[{"@type":"WebPage","@id":"https:\/\/happyinaknit.com\/produktas\/lantern-moon-silkinis-maiselis-zymekliams\/","url":"https:\/\/happyinaknit.com\/produktas\/lantern-moon-silkinis-maiselis-zymekliams\/","name":"Lantern Moon \u0161ilkinis mai\u0161elis \u017eymekliams - Happyinaknit.com","isPartOf":{"@id":"https:\/\/happyinaknit.com\/lt\/#website"},"primaryImageOfPage":{"@id":"https:\/\/happyinaknit.com\/produktas\/lantern-moon-silkinis-maiselis-zymekliams\/#primaryimage"},"image":{"@id":"https:\/\/happyinaknit.com\/produktas\/lantern-moon-silkinis-maiselis-zymekliams\/#primaryimage"},"thumbnailUrl":"https:\/\/happyinaknit.com\/wp-content\/uploads\/2025\/10\/stitch-markers-pouches-1_1000x.jpg.webp","datePublished":"2025-10-18T23:02:25+00:00","dateModified":"2026-03-09T11:29:31+00:00","breadcrumb":{"@id":"https:\/\/happyinaknit.com\/produktas\/lantern-moon-silkinis-maiselis-zymekliams\/#breadcrumb"},"inLanguage":"lt-LT","potentialAction":[{"@type":"ReadAction","target":["https:\/\/happyinaknit.com\/produktas\/lantern-moon-silkinis-maiselis-zymekliams\/"]}]},{"@type":"ImageObject","inLanguage":"lt-LT","@id":"https:\/\/happyinaknit.com\/produktas\/lantern-moon-silkinis-maiselis-zymekliams\/#primaryimage","url":"https:\/\/happyinaknit.com\/wp-content\/uploads\/2025\/10\/stitch-markers-pouches-1_1000x.jpg.webp","contentUrl":"https:\/\/happyinaknit.com\/wp-content\/uploads\/2025\/10\/stitch-markers-pouches-1_1000x.jpg.webp","width":1000,"height":1000},{"@type":"BreadcrumbList","@id":"https:\/\/happyinaknit.com\/produktas\/lantern-moon-silkinis-maiselis-zymekliams\/#breadcrumb","itemListElement":[{"@type":"ListItem","position":1,"name":"Home","item":"https:\/\/happyinaknit.com\/lt\/"},{"@type":"ListItem","position":2,"name":"Parduotuv\u0117","item":"https:\/\/happyinaknit.com\/lt\/parduotuve\/"},{"@type":"ListItem","position":3,"name":"Lantern Moon \u0161ilkinis mai\u0161elis \u017eymekliams"}]},{"@type":"WebSite","@id":"https:\/\/happyinaknit.com\/lt\/#website","url":"https:\/\/happyinaknit.com\/lt\/","name":"Happyinaknit.com","description":"","potentialAction":[{"@type":"SearchAction","target":{"@type":"EntryPoint","urlTemplate":"https:\/\/happyinaknit.com\/lt\/?s={search_term_string}"},"query-input":{"@type":"PropertyValueSpecification","valueRequired":true,"valueName":"search_term_string"}}],"inLanguage":"lt-LT"}]}},"_links":{"self":[{"href":"https:\/\/happyinaknit.com\/lt\/wp-json\/wp\/v2\/product\/6149","targetHints":{"allow":["GET"]}}],"collection":[{"href":"https:\/\/happyinaknit.com\/lt\/wp-json\/wp\/v2\/product"}],"about":[{"href":"https:\/\/happyinaknit.com\/lt\/wp-json\/wp\/v2\/types\/product"}],"replies":[{"embeddable":true,"href":"https:\/\/happyinaknit.com\/lt\/wp-json\/wp\/v2\/comments?post=6149"}],"wp:featuredmedia":[{"embeddable":true,"href":"https:\/\/happyinaknit.com\/lt\/wp-json\/wp\/v2\/media\/6152"}],"wp:attachment":[{"href":"https:\/\/happyinaknit.com\/lt\/wp-json\/wp\/v2\/media?parent=6149"}],"wp:term":[{"taxonomy":"product_brand","embeddable":true,"href":"https:\/\/happyinaknit.com\/lt\/wp-json\/wp\/v2\/product_brand?post=6149"},{"taxonomy":"product_cat","embeddable":true,"href":"https:\/\/happyinaknit.com\/lt\/wp-json\/wp\/v2\/product_cat?post=6149"},{"taxonomy":"product_tag","embeddable":true,"href":"https:\/\/happyinaknit.com\/lt\/wp-json\/wp\/v2\/product_tag?post=6149"},{"taxonomy":"pro-kategorijos","embeddable":true,"href":"https:\/\/happyinaknit.com\/lt\/wp-json\/wp\/v2\/pro-kategorijos?post=6149"}],"curies":[{"name":"wp","href":"https:\/\/api.w.org\/{rel}","templated":true}]}}