{"id":6145,"date":"2025-10-18T22:56:22","date_gmt":"2025-10-18T22:56:22","guid":{"rendered":"https:\/\/happyinaknit.com\/?post_type=product&#038;p=6145"},"modified":"2026-02-17T07:55:56","modified_gmt":"2026-02-17T07:55:56","slug":"lantern-moon-ajrak-deklas-prisukamiems-virbalams","status":"publish","type":"product","link":"https:\/\/happyinaknit.com\/lt\/produktas\/lantern-moon-ajrak-deklas-prisukamiems-virbalams\/","title":{"rendered":"Lantern Moon  \u201eAjrak\u201c d\u0117klas prisukamiems virbalams"},"content":{"rendered":"<p>Prabangus <i>Lantern Moon<\/i> \u201eAjrak\u201c d\u0117klas pagamintas i\u0161 atlasin\u0117s audinio su tradiciniu \u201eAjrak\u201c ra\u0161tu \u2013 tai istorin\u0117 prabangi audimo technika, pasi\u017eyminti turtingais ornamentais ir i\u0161skirtiniu meistri\u0161kumu.<\/p>\n<p>D\u0117klas turi u\u017etrauktuk\u0105 ir mink\u0161t\u0105 pamu\u0161al\u0105, tod\u0117l idealiai tinka saugiam virbal\u0173 laikymui. Viduje yra 10 ki\u0161eni\u0173 kelioms poroms prisukam\u0173 virbal\u0173 bei 5 papildomos ki\u0161en\u0117s valams ar aksesuarams. Tai puikus pasirinkimas tiek kelion\u0117ms, tiek kasdieniam tvarkingam \u012franki\u0173 laikymui.<\/p>\n<p><b>Ypatyb\u0117s:<\/b><b><\/b><\/p>\n<p>\u202210 ki\u0161eni\u0173 prisukamiems virbalams<\/p>\n<p>\u20225 ki\u0161en\u0117s valams ar aksesuarams<\/p>\n<p>\u2022Mink\u0161tas pamu\u0161alas<\/p>\n<p>\u2022U\u017etrauktukas patogiam u\u017edarymui<\/p>\n<p><b>Med\u017eiaga:<\/b> atlasinis audinys su \u201eAjrak\u201c ra\u0161tu<\/p>\n<p>Pastaba: spalv\u0173 atspalviai gali \u0161iek tiek skirtis priklausomai nuo \u012frenginio ekrano.<\/p>\n","protected":false},"excerpt":{"rendered":"<p>Prabangus Lantern Moon \u201eAjrak\u201c d\u0117klas pagamintas i\u0161 atlasin\u0117s audinio su tradiciniu \u201eAjrak\u201c ra\u0161tu \u2013 tai istorin\u0117 prabangi audimo technika, pasi\u017eyminti turtingais ornamentais ir i\u0161skirtiniu meistri\u0161kumu. D\u0117klas turi u\u017etrauktuk\u0105 ir mink\u0161t\u0105 pamu\u0161al\u0105, tod\u0117l idealiai tinka saugiam virbal\u0173 laikymui. Viduje yra 10 ki\u0161eni\u0173 kelioms poroms prisukam\u0173 virbal\u0173 bei 5 papildomos ki\u0161en\u0117s valams ar aksesuarams. Tai puikus pasirinkimas [&hellip;]<\/p>\n","protected":false},"featured_media":6146,"comment_status":"open","ping_status":"closed","template":"","meta":{"_acf_changed":false},"product_brand":[787],"product_cat":[15,1079,20],"product_tag":[],"pro-kategorijos":[],"class_list":{"0":"post-6145","1":"product","2":"type-product","3":"status-publish","4":"has-post-thumbnail","6":"product_brand-lantern-moon","7":"product_cat-visi-produktai","8":"product_cat-deklai","9":"product_cat-priedai-mezgimui","11":"first","12":"outofstock","13":"shipping-taxable","14":"purchasable","15":"product-type-simple"},"acf":[],"yoast_head":"<!-- This site is optimized with the Yoast SEO plugin v26.8 - https:\/\/yoast.com\/product\/yoast-seo-wordpress\/ -->\n<title>Lantern Moon \u201eAjrak\u201c d\u0117klas prisukamiems virbalams - Happyinaknit.com<\/title>\n<meta name=\"robots\" content=\"index, follow, max-snippet:-1, max-image-preview:large, max-video-preview:-1\" \/>\n<link rel=\"canonical\" href=\"https:\/\/happyinaknit.com\/lt\/produktas\/lantern-moon-ajrak-deklas-prisukamiems-virbalams\/\" \/>\n<meta property=\"og:locale\" content=\"lt_LT\" \/>\n<meta property=\"og:type\" content=\"article\" \/>\n<meta property=\"og:title\" content=\"Lantern Moon \u201eAjrak\u201c d\u0117klas prisukamiems virbalams - Happyinaknit.com\" \/>\n<meta property=\"og:description\" content=\"Prabangus Lantern Moon \u201eAjrak\u201c d\u0117klas pagamintas i\u0161 atlasin\u0117s audinio su tradiciniu \u201eAjrak\u201c ra\u0161tu \u2013 tai istorin\u0117 prabangi audimo technika, pasi\u017eyminti turtingais ornamentais ir i\u0161skirtiniu meistri\u0161kumu. D\u0117klas turi u\u017etrauktuk\u0105 ir mink\u0161t\u0105 pamu\u0161al\u0105, tod\u0117l idealiai tinka saugiam virbal\u0173 laikymui. Viduje yra 10 ki\u0161eni\u0173 kelioms poroms prisukam\u0173 virbal\u0173 bei 5 papildomos ki\u0161en\u0117s valams ar aksesuarams. Tai puikus pasirinkimas [&hellip;]\" \/>\n<meta property=\"og:url\" content=\"https:\/\/happyinaknit.com\/lt\/produktas\/lantern-moon-ajrak-deklas-prisukamiems-virbalams\/\" \/>\n<meta property=\"og:site_name\" content=\"Happyinaknit.com\" \/>\n<meta property=\"article:modified_time\" content=\"2026-02-17T07:55:56+00:00\" \/>\n<meta property=\"og:image\" content=\"https:\/\/happyinaknit.com\/wp-content\/uploads\/2025\/10\/interchangeable-needles-empty-case-1.jpeg\" \/>\n\t<meta property=\"og:image:width\" content=\"1000\" \/>\n\t<meta property=\"og:image:height\" content=\"1000\" \/>\n\t<meta property=\"og:image:type\" content=\"image\/jpeg\" \/>\n<meta name=\"twitter:card\" content=\"summary_large_image\" \/>\n<meta name=\"twitter:label1\" content=\"Est. reading time\" \/>\n\t<meta name=\"twitter:data1\" content=\"1 minut\u0117\" \/>\n<script type=\"application\/ld+json\" class=\"yoast-schema-graph\">{\"@context\":\"https:\/\/schema.org\",\"@graph\":[{\"@type\":\"WebPage\",\"@id\":\"https:\/\/happyinaknit.com\/produktas\/lantern-moon-ajrak-deklas-prisukamiems-virbalams\/\",\"url\":\"https:\/\/happyinaknit.com\/produktas\/lantern-moon-ajrak-deklas-prisukamiems-virbalams\/\",\"name\":\"Lantern Moon \u201eAjrak\u201c d\u0117klas prisukamiems virbalams - Happyinaknit.com\",\"isPartOf\":{\"@id\":\"https:\/\/happyinaknit.com\/lt\/#website\"},\"primaryImageOfPage\":{\"@id\":\"https:\/\/happyinaknit.com\/produktas\/lantern-moon-ajrak-deklas-prisukamiems-virbalams\/#primaryimage\"},\"image\":{\"@id\":\"https:\/\/happyinaknit.com\/produktas\/lantern-moon-ajrak-deklas-prisukamiems-virbalams\/#primaryimage\"},\"thumbnailUrl\":\"https:\/\/happyinaknit.com\/wp-content\/uploads\/2025\/10\/interchangeable-needles-empty-case-1.jpeg\",\"datePublished\":\"2025-10-18T22:56:22+00:00\",\"dateModified\":\"2026-02-17T07:55:56+00:00\",\"breadcrumb\":{\"@id\":\"https:\/\/happyinaknit.com\/produktas\/lantern-moon-ajrak-deklas-prisukamiems-virbalams\/#breadcrumb\"},\"inLanguage\":\"lt-LT\",\"potentialAction\":[{\"@type\":\"ReadAction\",\"target\":[\"https:\/\/happyinaknit.com\/produktas\/lantern-moon-ajrak-deklas-prisukamiems-virbalams\/\"]}]},{\"@type\":\"ImageObject\",\"inLanguage\":\"lt-LT\",\"@id\":\"https:\/\/happyinaknit.com\/produktas\/lantern-moon-ajrak-deklas-prisukamiems-virbalams\/#primaryimage\",\"url\":\"https:\/\/happyinaknit.com\/wp-content\/uploads\/2025\/10\/interchangeable-needles-empty-case-1.jpeg\",\"contentUrl\":\"https:\/\/happyinaknit.com\/wp-content\/uploads\/2025\/10\/interchangeable-needles-empty-case-1.jpeg\",\"width\":1000,\"height\":1000},{\"@type\":\"BreadcrumbList\",\"@id\":\"https:\/\/happyinaknit.com\/produktas\/lantern-moon-ajrak-deklas-prisukamiems-virbalams\/#breadcrumb\",\"itemListElement\":[{\"@type\":\"ListItem\",\"position\":1,\"name\":\"Home\",\"item\":\"https:\/\/happyinaknit.com\/lt\/\"},{\"@type\":\"ListItem\",\"position\":2,\"name\":\"Parduotuv\u0117\",\"item\":\"https:\/\/happyinaknit.com\/lt\/parduotuve\/\"},{\"@type\":\"ListItem\",\"position\":3,\"name\":\"Lantern Moon \u201eAjrak\u201c d\u0117klas prisukamiems virbalams\"}]},{\"@type\":\"WebSite\",\"@id\":\"https:\/\/happyinaknit.com\/lt\/#website\",\"url\":\"https:\/\/happyinaknit.com\/lt\/\",\"name\":\"Happyinaknit.com\",\"description\":\"\",\"potentialAction\":[{\"@type\":\"SearchAction\",\"target\":{\"@type\":\"EntryPoint\",\"urlTemplate\":\"https:\/\/happyinaknit.com\/lt\/?s={search_term_string}\"},\"query-input\":{\"@type\":\"PropertyValueSpecification\",\"valueRequired\":true,\"valueName\":\"search_term_string\"}}],\"inLanguage\":\"lt-LT\"}]}<\/script>\n<!-- \/ Yoast SEO plugin. -->","yoast_head_json":{"title":"Lantern Moon \u201eAjrak\u201c d\u0117klas prisukamiems virbalams - Happyinaknit.com","robots":{"index":"index","follow":"follow","max-snippet":"max-snippet:-1","max-image-preview":"max-image-preview:large","max-video-preview":"max-video-preview:-1"},"canonical":"https:\/\/happyinaknit.com\/lt\/produktas\/lantern-moon-ajrak-deklas-prisukamiems-virbalams\/","og_locale":"lt_LT","og_type":"article","og_title":"Lantern Moon \u201eAjrak\u201c d\u0117klas prisukamiems virbalams - Happyinaknit.com","og_description":"Prabangus Lantern Moon \u201eAjrak\u201c d\u0117klas pagamintas i\u0161 atlasin\u0117s audinio su tradiciniu \u201eAjrak\u201c ra\u0161tu \u2013 tai istorin\u0117 prabangi audimo technika, pasi\u017eyminti turtingais ornamentais ir i\u0161skirtiniu meistri\u0161kumu. D\u0117klas turi u\u017etrauktuk\u0105 ir mink\u0161t\u0105 pamu\u0161al\u0105, tod\u0117l idealiai tinka saugiam virbal\u0173 laikymui. Viduje yra 10 ki\u0161eni\u0173 kelioms poroms prisukam\u0173 virbal\u0173 bei 5 papildomos ki\u0161en\u0117s valams ar aksesuarams. Tai puikus pasirinkimas [&hellip;]","og_url":"https:\/\/happyinaknit.com\/lt\/produktas\/lantern-moon-ajrak-deklas-prisukamiems-virbalams\/","og_site_name":"Happyinaknit.com","article_modified_time":"2026-02-17T07:55:56+00:00","og_image":[{"width":1000,"height":1000,"url":"https:\/\/happyinaknit.com\/wp-content\/uploads\/2025\/10\/interchangeable-needles-empty-case-1.jpeg","type":"image\/jpeg"}],"twitter_card":"summary_large_image","twitter_misc":{"Est. reading time":"1 minut\u0117"},"schema":{"@context":"https:\/\/schema.org","@graph":[{"@type":"WebPage","@id":"https:\/\/happyinaknit.com\/produktas\/lantern-moon-ajrak-deklas-prisukamiems-virbalams\/","url":"https:\/\/happyinaknit.com\/produktas\/lantern-moon-ajrak-deklas-prisukamiems-virbalams\/","name":"Lantern Moon \u201eAjrak\u201c d\u0117klas prisukamiems virbalams - Happyinaknit.com","isPartOf":{"@id":"https:\/\/happyinaknit.com\/lt\/#website"},"primaryImageOfPage":{"@id":"https:\/\/happyinaknit.com\/produktas\/lantern-moon-ajrak-deklas-prisukamiems-virbalams\/#primaryimage"},"image":{"@id":"https:\/\/happyinaknit.com\/produktas\/lantern-moon-ajrak-deklas-prisukamiems-virbalams\/#primaryimage"},"thumbnailUrl":"https:\/\/happyinaknit.com\/wp-content\/uploads\/2025\/10\/interchangeable-needles-empty-case-1.jpeg","datePublished":"2025-10-18T22:56:22+00:00","dateModified":"2026-02-17T07:55:56+00:00","breadcrumb":{"@id":"https:\/\/happyinaknit.com\/produktas\/lantern-moon-ajrak-deklas-prisukamiems-virbalams\/#breadcrumb"},"inLanguage":"lt-LT","potentialAction":[{"@type":"ReadAction","target":["https:\/\/happyinaknit.com\/produktas\/lantern-moon-ajrak-deklas-prisukamiems-virbalams\/"]}]},{"@type":"ImageObject","inLanguage":"lt-LT","@id":"https:\/\/happyinaknit.com\/produktas\/lantern-moon-ajrak-deklas-prisukamiems-virbalams\/#primaryimage","url":"https:\/\/happyinaknit.com\/wp-content\/uploads\/2025\/10\/interchangeable-needles-empty-case-1.jpeg","contentUrl":"https:\/\/happyinaknit.com\/wp-content\/uploads\/2025\/10\/interchangeable-needles-empty-case-1.jpeg","width":1000,"height":1000},{"@type":"BreadcrumbList","@id":"https:\/\/happyinaknit.com\/produktas\/lantern-moon-ajrak-deklas-prisukamiems-virbalams\/#breadcrumb","itemListElement":[{"@type":"ListItem","position":1,"name":"Home","item":"https:\/\/happyinaknit.com\/lt\/"},{"@type":"ListItem","position":2,"name":"Parduotuv\u0117","item":"https:\/\/happyinaknit.com\/lt\/parduotuve\/"},{"@type":"ListItem","position":3,"name":"Lantern Moon \u201eAjrak\u201c d\u0117klas prisukamiems virbalams"}]},{"@type":"WebSite","@id":"https:\/\/happyinaknit.com\/lt\/#website","url":"https:\/\/happyinaknit.com\/lt\/","name":"Happyinaknit.com","description":"","potentialAction":[{"@type":"SearchAction","target":{"@type":"EntryPoint","urlTemplate":"https:\/\/happyinaknit.com\/lt\/?s={search_term_string}"},"query-input":{"@type":"PropertyValueSpecification","valueRequired":true,"valueName":"search_term_string"}}],"inLanguage":"lt-LT"}]}},"_links":{"self":[{"href":"https:\/\/happyinaknit.com\/lt\/wp-json\/wp\/v2\/product\/6145","targetHints":{"allow":["GET"]}}],"collection":[{"href":"https:\/\/happyinaknit.com\/lt\/wp-json\/wp\/v2\/product"}],"about":[{"href":"https:\/\/happyinaknit.com\/lt\/wp-json\/wp\/v2\/types\/product"}],"replies":[{"embeddable":true,"href":"https:\/\/happyinaknit.com\/lt\/wp-json\/wp\/v2\/comments?post=6145"}],"wp:featuredmedia":[{"embeddable":true,"href":"https:\/\/happyinaknit.com\/lt\/wp-json\/wp\/v2\/media\/6146"}],"wp:attachment":[{"href":"https:\/\/happyinaknit.com\/lt\/wp-json\/wp\/v2\/media?parent=6145"}],"wp:term":[{"taxonomy":"product_brand","embeddable":true,"href":"https:\/\/happyinaknit.com\/lt\/wp-json\/wp\/v2\/product_brand?post=6145"},{"taxonomy":"product_cat","embeddable":true,"href":"https:\/\/happyinaknit.com\/lt\/wp-json\/wp\/v2\/product_cat?post=6145"},{"taxonomy":"product_tag","embeddable":true,"href":"https:\/\/happyinaknit.com\/lt\/wp-json\/wp\/v2\/product_tag?post=6145"},{"taxonomy":"pro-kategorijos","embeddable":true,"href":"https:\/\/happyinaknit.com\/lt\/wp-json\/wp\/v2\/pro-kategorijos?post=6145"}],"curies":[{"name":"wp","href":"https:\/\/api.w.org\/{rel}","templated":true}]}}