{"id":6090,"date":"2025-10-18T22:18:36","date_gmt":"2025-10-18T22:18:36","guid":{"rendered":"https:\/\/happyinaknit.com\/?post_type=product&#038;p=6090"},"modified":"2025-11-17T15:01:36","modified_gmt":"2025-11-17T15:01:36","slug":"lantern-moon-fiksuotas-valas-prisukamiems-virbalams","status":"publish","type":"product","link":"https:\/\/happyinaknit.com\/lt\/produktas\/lantern-moon-fiksuotas-valas-prisukamiems-virbalams\/","title":{"rendered":"Lantern Moon Valas  Prisukamiems Virbalams"},"content":{"rendered":"<p><i>Lantern Moon<\/i> valai pagaminti i\u0161 ner\u016bdijan\u010dio plieno su nailono danga \u2013 jie lengvai i\u0161sivynioja, nesusisuka ir u\u017etikrina tolyg\u0173 si\u016bl\u0173 slydim\u0105 mezgant. Jungtis i\u0161 tvirtos \u017ealvario su 24 karat\u0173 auksu padengtu pavir\u0161iumi turi srieg\u012f, kuris u\u017etikrina patikim\u0105 ir stabil\u0173 sujungim\u0105 su virbalais.<\/p>\n<p>Rinkin\u012f sudaro viskas, ko reikia patogiam naudojimui ir saugiam laikymui.<\/p>\n<p><b>Rinkinyje:<\/b><b><\/b><\/p>\n<p>\u20222 \u00a0valai<\/p>\n<p>\u20222 antgaliai<\/p>\n<p>\u20221 raktelis<\/p>\n<p><b>Med\u017eiaga:<\/b> ner\u016bdijantis plienas su nailono danga, \u017ealvaris su 24K auksu<\/p>\n<p><strong>Val\u0173 ilgis nurodytas bendras kartu su virbalais<\/strong><\/p>\n<p><b>Kilm\u0117s \u0161alis:<\/b> Indija<\/p>\n<p>Pastaba: spalv\u0173 atspalviai gali \u0161iek tiek skirtis priklausomai nuo \u012frenginio ekrano.<\/p>\n","protected":false},"excerpt":{"rendered":"<p>Lantern Moon valai pagaminti i\u0161 ner\u016bdijan\u010dio plieno su nailono danga \u2013 jie lengvai i\u0161sivynioja, nesusisuka ir u\u017etikrina tolyg\u0173 si\u016bl\u0173 slydim\u0105 mezgant. Jungtis i\u0161 tvirtos \u017ealvario su 24 karat\u0173 auksu padengtu pavir\u0161iumi turi srieg\u012f, kuris u\u017etikrina patikim\u0105 ir stabil\u0173 sujungim\u0105 su virbalais. Rinkin\u012f sudaro viskas, ko reikia patogiam naudojimui ir saugiam laikymui. Rinkinyje: \u20222 \u00a0valai \u20222 [&hellip;]<\/p>\n","protected":false},"featured_media":6095,"comment_status":"open","ping_status":"closed","template":"","meta":{"_acf_changed":false},"product_brand":[787],"product_cat":[15,19,864],"product_tag":[],"pro-kategorijos":[],"class_list":{"0":"post-6090","1":"product","2":"type-product","3":"status-publish","4":"has-post-thumbnail","6":"product_brand-lantern-moon","7":"product_cat-visi-produktai","8":"product_cat-mezgimo-priemones","9":"product_cat-valai-virbalams","11":"first","12":"instock","13":"shipping-taxable","14":"purchasable","15":"product-type-variable"},"acf":[],"yoast_head":"<!-- This site is optimized with the Yoast SEO plugin v26.8 - https:\/\/yoast.com\/product\/yoast-seo-wordpress\/ -->\n<title>Lantern Moon Valas Prisukamiems Virbalams - Happyinaknit.com<\/title>\n<meta name=\"robots\" content=\"index, follow, max-snippet:-1, max-image-preview:large, max-video-preview:-1\" \/>\n<link rel=\"canonical\" href=\"https:\/\/happyinaknit.com\/lt\/produktas\/lantern-moon-fiksuotas-valas-prisukamiems-virbalams\/\" \/>\n<meta property=\"og:locale\" content=\"lt_LT\" \/>\n<meta property=\"og:type\" content=\"article\" \/>\n<meta property=\"og:title\" content=\"Lantern Moon Valas Prisukamiems Virbalams - Happyinaknit.com\" \/>\n<meta property=\"og:description\" content=\"Lantern Moon valai pagaminti i\u0161 ner\u016bdijan\u010dio plieno su nailono danga \u2013 jie lengvai i\u0161sivynioja, nesusisuka ir u\u017etikrina tolyg\u0173 si\u016bl\u0173 slydim\u0105 mezgant. Jungtis i\u0161 tvirtos \u017ealvario su 24 karat\u0173 auksu padengtu pavir\u0161iumi turi srieg\u012f, kuris u\u017etikrina patikim\u0105 ir stabil\u0173 sujungim\u0105 su virbalais. Rinkin\u012f sudaro viskas, ko reikia patogiam naudojimui ir saugiam laikymui. Rinkinyje: \u20222 \u00a0valai \u20222 [&hellip;]\" \/>\n<meta property=\"og:url\" content=\"https:\/\/happyinaknit.com\/lt\/produktas\/lantern-moon-fiksuotas-valas-prisukamiems-virbalams\/\" \/>\n<meta property=\"og:site_name\" content=\"Happyinaknit.com\" \/>\n<meta property=\"article:modified_time\" content=\"2025-11-17T15:01:36+00:00\" \/>\n<meta property=\"og:image\" content=\"https:\/\/happyinaknit.com\/wp-content\/uploads\/2025\/10\/KP350601_800x800.jpg.webp\" \/>\n\t<meta property=\"og:image:width\" content=\"800\" \/>\n\t<meta property=\"og:image:height\" content=\"800\" \/>\n\t<meta property=\"og:image:type\" content=\"image\/webp\" \/>\n<meta name=\"twitter:card\" content=\"summary_large_image\" \/>\n<script type=\"application\/ld+json\" class=\"yoast-schema-graph\">{\"@context\":\"https:\/\/schema.org\",\"@graph\":[{\"@type\":\"WebPage\",\"@id\":\"https:\/\/happyinaknit.com\/produktas\/lantern-moon-fiksuotas-valas-prisukamiems-virbalams\/\",\"url\":\"https:\/\/happyinaknit.com\/produktas\/lantern-moon-fiksuotas-valas-prisukamiems-virbalams\/\",\"name\":\"Lantern Moon Valas Prisukamiems Virbalams - Happyinaknit.com\",\"isPartOf\":{\"@id\":\"https:\/\/happyinaknit.com\/lt\/#website\"},\"primaryImageOfPage\":{\"@id\":\"https:\/\/happyinaknit.com\/produktas\/lantern-moon-fiksuotas-valas-prisukamiems-virbalams\/#primaryimage\"},\"image\":{\"@id\":\"https:\/\/happyinaknit.com\/produktas\/lantern-moon-fiksuotas-valas-prisukamiems-virbalams\/#primaryimage\"},\"thumbnailUrl\":\"https:\/\/happyinaknit.com\/wp-content\/uploads\/2025\/10\/KP350601_800x800.jpg.webp\",\"datePublished\":\"2025-10-18T22:18:36+00:00\",\"dateModified\":\"2025-11-17T15:01:36+00:00\",\"breadcrumb\":{\"@id\":\"https:\/\/happyinaknit.com\/produktas\/lantern-moon-fiksuotas-valas-prisukamiems-virbalams\/#breadcrumb\"},\"inLanguage\":\"lt-LT\",\"potentialAction\":[{\"@type\":\"ReadAction\",\"target\":[\"https:\/\/happyinaknit.com\/produktas\/lantern-moon-fiksuotas-valas-prisukamiems-virbalams\/\"]}]},{\"@type\":\"ImageObject\",\"inLanguage\":\"lt-LT\",\"@id\":\"https:\/\/happyinaknit.com\/produktas\/lantern-moon-fiksuotas-valas-prisukamiems-virbalams\/#primaryimage\",\"url\":\"https:\/\/happyinaknit.com\/wp-content\/uploads\/2025\/10\/KP350601_800x800.jpg.webp\",\"contentUrl\":\"https:\/\/happyinaknit.com\/wp-content\/uploads\/2025\/10\/KP350601_800x800.jpg.webp\",\"width\":800,\"height\":800},{\"@type\":\"BreadcrumbList\",\"@id\":\"https:\/\/happyinaknit.com\/produktas\/lantern-moon-fiksuotas-valas-prisukamiems-virbalams\/#breadcrumb\",\"itemListElement\":[{\"@type\":\"ListItem\",\"position\":1,\"name\":\"Home\",\"item\":\"https:\/\/happyinaknit.com\/lt\/\"},{\"@type\":\"ListItem\",\"position\":2,\"name\":\"Parduotuv\u0117\",\"item\":\"https:\/\/happyinaknit.com\/lt\/parduotuve\/\"},{\"@type\":\"ListItem\",\"position\":3,\"name\":\"Lantern Moon Valas Prisukamiems Virbalams\"}]},{\"@type\":\"WebSite\",\"@id\":\"https:\/\/happyinaknit.com\/lt\/#website\",\"url\":\"https:\/\/happyinaknit.com\/lt\/\",\"name\":\"Happyinaknit.com\",\"description\":\"\",\"potentialAction\":[{\"@type\":\"SearchAction\",\"target\":{\"@type\":\"EntryPoint\",\"urlTemplate\":\"https:\/\/happyinaknit.com\/lt\/?s={search_term_string}\"},\"query-input\":{\"@type\":\"PropertyValueSpecification\",\"valueRequired\":true,\"valueName\":\"search_term_string\"}}],\"inLanguage\":\"lt-LT\"}]}<\/script>\n<!-- \/ Yoast SEO plugin. -->","yoast_head_json":{"title":"Lantern Moon Valas Prisukamiems Virbalams - Happyinaknit.com","robots":{"index":"index","follow":"follow","max-snippet":"max-snippet:-1","max-image-preview":"max-image-preview:large","max-video-preview":"max-video-preview:-1"},"canonical":"https:\/\/happyinaknit.com\/lt\/produktas\/lantern-moon-fiksuotas-valas-prisukamiems-virbalams\/","og_locale":"lt_LT","og_type":"article","og_title":"Lantern Moon Valas Prisukamiems Virbalams - Happyinaknit.com","og_description":"Lantern Moon valai pagaminti i\u0161 ner\u016bdijan\u010dio plieno su nailono danga \u2013 jie lengvai i\u0161sivynioja, nesusisuka ir u\u017etikrina tolyg\u0173 si\u016bl\u0173 slydim\u0105 mezgant. Jungtis i\u0161 tvirtos \u017ealvario su 24 karat\u0173 auksu padengtu pavir\u0161iumi turi srieg\u012f, kuris u\u017etikrina patikim\u0105 ir stabil\u0173 sujungim\u0105 su virbalais. Rinkin\u012f sudaro viskas, ko reikia patogiam naudojimui ir saugiam laikymui. Rinkinyje: \u20222 \u00a0valai \u20222 [&hellip;]","og_url":"https:\/\/happyinaknit.com\/lt\/produktas\/lantern-moon-fiksuotas-valas-prisukamiems-virbalams\/","og_site_name":"Happyinaknit.com","article_modified_time":"2025-11-17T15:01:36+00:00","og_image":[{"width":800,"height":800,"url":"https:\/\/happyinaknit.com\/wp-content\/uploads\/2025\/10\/KP350601_800x800.jpg.webp","type":"image\/webp"}],"twitter_card":"summary_large_image","schema":{"@context":"https:\/\/schema.org","@graph":[{"@type":"WebPage","@id":"https:\/\/happyinaknit.com\/produktas\/lantern-moon-fiksuotas-valas-prisukamiems-virbalams\/","url":"https:\/\/happyinaknit.com\/produktas\/lantern-moon-fiksuotas-valas-prisukamiems-virbalams\/","name":"Lantern Moon Valas Prisukamiems Virbalams - Happyinaknit.com","isPartOf":{"@id":"https:\/\/happyinaknit.com\/lt\/#website"},"primaryImageOfPage":{"@id":"https:\/\/happyinaknit.com\/produktas\/lantern-moon-fiksuotas-valas-prisukamiems-virbalams\/#primaryimage"},"image":{"@id":"https:\/\/happyinaknit.com\/produktas\/lantern-moon-fiksuotas-valas-prisukamiems-virbalams\/#primaryimage"},"thumbnailUrl":"https:\/\/happyinaknit.com\/wp-content\/uploads\/2025\/10\/KP350601_800x800.jpg.webp","datePublished":"2025-10-18T22:18:36+00:00","dateModified":"2025-11-17T15:01:36+00:00","breadcrumb":{"@id":"https:\/\/happyinaknit.com\/produktas\/lantern-moon-fiksuotas-valas-prisukamiems-virbalams\/#breadcrumb"},"inLanguage":"lt-LT","potentialAction":[{"@type":"ReadAction","target":["https:\/\/happyinaknit.com\/produktas\/lantern-moon-fiksuotas-valas-prisukamiems-virbalams\/"]}]},{"@type":"ImageObject","inLanguage":"lt-LT","@id":"https:\/\/happyinaknit.com\/produktas\/lantern-moon-fiksuotas-valas-prisukamiems-virbalams\/#primaryimage","url":"https:\/\/happyinaknit.com\/wp-content\/uploads\/2025\/10\/KP350601_800x800.jpg.webp","contentUrl":"https:\/\/happyinaknit.com\/wp-content\/uploads\/2025\/10\/KP350601_800x800.jpg.webp","width":800,"height":800},{"@type":"BreadcrumbList","@id":"https:\/\/happyinaknit.com\/produktas\/lantern-moon-fiksuotas-valas-prisukamiems-virbalams\/#breadcrumb","itemListElement":[{"@type":"ListItem","position":1,"name":"Home","item":"https:\/\/happyinaknit.com\/lt\/"},{"@type":"ListItem","position":2,"name":"Parduotuv\u0117","item":"https:\/\/happyinaknit.com\/lt\/parduotuve\/"},{"@type":"ListItem","position":3,"name":"Lantern Moon Valas Prisukamiems Virbalams"}]},{"@type":"WebSite","@id":"https:\/\/happyinaknit.com\/lt\/#website","url":"https:\/\/happyinaknit.com\/lt\/","name":"Happyinaknit.com","description":"","potentialAction":[{"@type":"SearchAction","target":{"@type":"EntryPoint","urlTemplate":"https:\/\/happyinaknit.com\/lt\/?s={search_term_string}"},"query-input":{"@type":"PropertyValueSpecification","valueRequired":true,"valueName":"search_term_string"}}],"inLanguage":"lt-LT"}]}},"_links":{"self":[{"href":"https:\/\/happyinaknit.com\/lt\/wp-json\/wp\/v2\/product\/6090","targetHints":{"allow":["GET"]}}],"collection":[{"href":"https:\/\/happyinaknit.com\/lt\/wp-json\/wp\/v2\/product"}],"about":[{"href":"https:\/\/happyinaknit.com\/lt\/wp-json\/wp\/v2\/types\/product"}],"replies":[{"embeddable":true,"href":"https:\/\/happyinaknit.com\/lt\/wp-json\/wp\/v2\/comments?post=6090"}],"wp:featuredmedia":[{"embeddable":true,"href":"https:\/\/happyinaknit.com\/lt\/wp-json\/wp\/v2\/media\/6095"}],"wp:attachment":[{"href":"https:\/\/happyinaknit.com\/lt\/wp-json\/wp\/v2\/media?parent=6090"}],"wp:term":[{"taxonomy":"product_brand","embeddable":true,"href":"https:\/\/happyinaknit.com\/lt\/wp-json\/wp\/v2\/product_brand?post=6090"},{"taxonomy":"product_cat","embeddable":true,"href":"https:\/\/happyinaknit.com\/lt\/wp-json\/wp\/v2\/product_cat?post=6090"},{"taxonomy":"product_tag","embeddable":true,"href":"https:\/\/happyinaknit.com\/lt\/wp-json\/wp\/v2\/product_tag?post=6090"},{"taxonomy":"pro-kategorijos","embeddable":true,"href":"https:\/\/happyinaknit.com\/lt\/wp-json\/wp\/v2\/pro-kategorijos?post=6090"}],"curies":[{"name":"wp","href":"https:\/\/api.w.org\/{rel}","templated":true}]}}