{"id":6051,"date":"2025-10-18T21:44:48","date_gmt":"2025-10-18T21:44:48","guid":{"rendered":"https:\/\/happyinaknit.com\/?post_type=product&#038;p=6051"},"modified":"2025-10-24T22:19:57","modified_gmt":"2025-10-24T22:19:57","slug":"lantern-moon-virbalai-su-valu-80-cm","status":"publish","type":"product","link":"https:\/\/happyinaknit.com\/lt\/produktas\/lantern-moon-virbalai-su-valu-80-cm\/","title":{"rendered":"Lantern Moon Virbalai Su Valu 80 cm"},"content":{"rendered":"<p><i>Lantern Moon<\/i> virbalai su valu pagaminti i\u0161 nat\u016bralios, auk\u0161\u010diausios kokyb\u0117s med\u017eiagos \u2013 ebeno med\u017eio (juodmed\u017eio), kuris laikomas viena i\u0161 vertingiausi\u0173 ir brangiausi\u0173 medienos r\u016b\u0161i\u0173 pasaulyje. Tai itin tvirta, glotni ir ilgaam\u017e\u0117 mediena, naudojama kuriant virbalus, v\u0105\u0161elius ir kitus mezgimo aksesuarus.<\/p>\n<p>\u0160ie virbalai u\u017etikrina skland\u0173 mezgim\u0105 \u2013 si\u016blai lengvai slysta pavir\u0161iumi, o lankstus, patvarus valas suteikia patogumo mezgant.<\/p>\n<p><b>Bendras ilgis:<\/b> 80 cm<\/p>\n<p><b>Med\u017eiaga:<\/b> ebeno medis (juodmedis)<\/p>\n<p><b>Kilm\u0117s \u0161alis:<\/b> Indija<\/p>\n<p>Pastaba: spalv\u0173 atspalviai gali \u0161iek tiek skirtis priklausomai nuo \u012frenginio ekrano.<\/p>\n","protected":false},"excerpt":{"rendered":"<p>Lantern Moon virbalai su valu pagaminti i\u0161 nat\u016bralios, auk\u0161\u010diausios kokyb\u0117s med\u017eiagos \u2013 ebeno med\u017eio (juodmed\u017eio), kuris laikomas viena i\u0161 vertingiausi\u0173 ir brangiausi\u0173 medienos r\u016b\u0161i\u0173 pasaulyje. Tai itin tvirta, glotni ir ilgaam\u017e\u0117 mediena, naudojama kuriant virbalus, v\u0105\u0161elius ir kitus mezgimo aksesuarus. \u0160ie virbalai u\u017etikrina skland\u0173 mezgim\u0105 \u2013 si\u016blai lengvai slysta pavir\u0161iumi, o lankstus, patvarus valas suteikia [&hellip;]<\/p>\n","protected":false},"featured_media":6050,"comment_status":"open","ping_status":"closed","template":"","meta":{"_acf_changed":false},"product_brand":[787],"product_cat":[15,19,862],"product_tag":[],"pro-kategorijos":[],"class_list":{"0":"post-6051","1":"product","2":"type-product","3":"status-publish","4":"has-post-thumbnail","6":"product_brand-lantern-moon","7":"product_cat-visi-produktai","8":"product_cat-mezgimo-priemones","9":"product_cat-virbalai-su-valu","11":"first","12":"instock","13":"shipping-taxable","14":"purchasable","15":"product-type-variable"},"acf":[],"yoast_head":"<!-- This site is optimized with the Yoast SEO plugin v26.8 - https:\/\/yoast.com\/product\/yoast-seo-wordpress\/ -->\n<title>Lantern Moon Virbalai Su Valu 80 cm - Happyinaknit.com<\/title>\n<meta name=\"robots\" content=\"index, follow, max-snippet:-1, max-image-preview:large, max-video-preview:-1\" \/>\n<link rel=\"canonical\" href=\"https:\/\/happyinaknit.com\/lt\/produktas\/lantern-moon-virbalai-su-valu-80-cm\/\" \/>\n<meta property=\"og:locale\" content=\"lt_LT\" \/>\n<meta property=\"og:type\" content=\"article\" \/>\n<meta property=\"og:title\" content=\"Lantern Moon Virbalai Su Valu 80 cm - Happyinaknit.com\" \/>\n<meta property=\"og:description\" content=\"Lantern Moon virbalai su valu pagaminti i\u0161 nat\u016bralios, auk\u0161\u010diausios kokyb\u0117s med\u017eiagos \u2013 ebeno med\u017eio (juodmed\u017eio), kuris laikomas viena i\u0161 vertingiausi\u0173 ir brangiausi\u0173 medienos r\u016b\u0161i\u0173 pasaulyje. Tai itin tvirta, glotni ir ilgaam\u017e\u0117 mediena, naudojama kuriant virbalus, v\u0105\u0161elius ir kitus mezgimo aksesuarus. \u0160ie virbalai u\u017etikrina skland\u0173 mezgim\u0105 \u2013 si\u016blai lengvai slysta pavir\u0161iumi, o lankstus, patvarus valas suteikia [&hellip;]\" \/>\n<meta property=\"og:url\" content=\"https:\/\/happyinaknit.com\/lt\/produktas\/lantern-moon-virbalai-su-valu-80-cm\/\" \/>\n<meta property=\"og:site_name\" content=\"Happyinaknit.com\" \/>\n<meta property=\"article:modified_time\" content=\"2025-10-24T22:19:57+00:00\" \/>\n<meta property=\"og:image\" content=\"https:\/\/happyinaknit.com\/wp-content\/uploads\/2025\/10\/s-l500.jpg\" \/>\n\t<meta property=\"og:image:width\" content=\"500\" \/>\n\t<meta property=\"og:image:height\" content=\"500\" \/>\n\t<meta property=\"og:image:type\" content=\"image\/jpeg\" \/>\n<meta name=\"twitter:card\" content=\"summary_large_image\" \/>\n<script type=\"application\/ld+json\" class=\"yoast-schema-graph\">{\"@context\":\"https:\/\/schema.org\",\"@graph\":[{\"@type\":\"WebPage\",\"@id\":\"https:\/\/happyinaknit.com\/produktas\/lantern-moon-virbalai-su-valu-80-cm\/\",\"url\":\"https:\/\/happyinaknit.com\/produktas\/lantern-moon-virbalai-su-valu-80-cm\/\",\"name\":\"Lantern Moon Virbalai Su Valu 80 cm - Happyinaknit.com\",\"isPartOf\":{\"@id\":\"https:\/\/happyinaknit.com\/lt\/#website\"},\"primaryImageOfPage\":{\"@id\":\"https:\/\/happyinaknit.com\/produktas\/lantern-moon-virbalai-su-valu-80-cm\/#primaryimage\"},\"image\":{\"@id\":\"https:\/\/happyinaknit.com\/produktas\/lantern-moon-virbalai-su-valu-80-cm\/#primaryimage\"},\"thumbnailUrl\":\"https:\/\/happyinaknit.com\/wp-content\/uploads\/2025\/10\/s-l500.jpg\",\"datePublished\":\"2025-10-18T21:44:48+00:00\",\"dateModified\":\"2025-10-24T22:19:57+00:00\",\"breadcrumb\":{\"@id\":\"https:\/\/happyinaknit.com\/produktas\/lantern-moon-virbalai-su-valu-80-cm\/#breadcrumb\"},\"inLanguage\":\"lt-LT\",\"potentialAction\":[{\"@type\":\"ReadAction\",\"target\":[\"https:\/\/happyinaknit.com\/produktas\/lantern-moon-virbalai-su-valu-80-cm\/\"]}]},{\"@type\":\"ImageObject\",\"inLanguage\":\"lt-LT\",\"@id\":\"https:\/\/happyinaknit.com\/produktas\/lantern-moon-virbalai-su-valu-80-cm\/#primaryimage\",\"url\":\"https:\/\/happyinaknit.com\/wp-content\/uploads\/2025\/10\/s-l500.jpg\",\"contentUrl\":\"https:\/\/happyinaknit.com\/wp-content\/uploads\/2025\/10\/s-l500.jpg\",\"width\":500,\"height\":500},{\"@type\":\"BreadcrumbList\",\"@id\":\"https:\/\/happyinaknit.com\/produktas\/lantern-moon-virbalai-su-valu-80-cm\/#breadcrumb\",\"itemListElement\":[{\"@type\":\"ListItem\",\"position\":1,\"name\":\"Home\",\"item\":\"https:\/\/happyinaknit.com\/lt\/\"},{\"@type\":\"ListItem\",\"position\":2,\"name\":\"Parduotuv\u0117\",\"item\":\"https:\/\/happyinaknit.com\/lt\/parduotuve\/\"},{\"@type\":\"ListItem\",\"position\":3,\"name\":\"Lantern Moon Virbalai Su Valu 80 cm\"}]},{\"@type\":\"WebSite\",\"@id\":\"https:\/\/happyinaknit.com\/lt\/#website\",\"url\":\"https:\/\/happyinaknit.com\/lt\/\",\"name\":\"Happyinaknit.com\",\"description\":\"\",\"potentialAction\":[{\"@type\":\"SearchAction\",\"target\":{\"@type\":\"EntryPoint\",\"urlTemplate\":\"https:\/\/happyinaknit.com\/lt\/?s={search_term_string}\"},\"query-input\":{\"@type\":\"PropertyValueSpecification\",\"valueRequired\":true,\"valueName\":\"search_term_string\"}}],\"inLanguage\":\"lt-LT\"}]}<\/script>\n<!-- \/ Yoast SEO plugin. -->","yoast_head_json":{"title":"Lantern Moon Virbalai Su Valu 80 cm - Happyinaknit.com","robots":{"index":"index","follow":"follow","max-snippet":"max-snippet:-1","max-image-preview":"max-image-preview:large","max-video-preview":"max-video-preview:-1"},"canonical":"https:\/\/happyinaknit.com\/lt\/produktas\/lantern-moon-virbalai-su-valu-80-cm\/","og_locale":"lt_LT","og_type":"article","og_title":"Lantern Moon Virbalai Su Valu 80 cm - Happyinaknit.com","og_description":"Lantern Moon virbalai su valu pagaminti i\u0161 nat\u016bralios, auk\u0161\u010diausios kokyb\u0117s med\u017eiagos \u2013 ebeno med\u017eio (juodmed\u017eio), kuris laikomas viena i\u0161 vertingiausi\u0173 ir brangiausi\u0173 medienos r\u016b\u0161i\u0173 pasaulyje. Tai itin tvirta, glotni ir ilgaam\u017e\u0117 mediena, naudojama kuriant virbalus, v\u0105\u0161elius ir kitus mezgimo aksesuarus. \u0160ie virbalai u\u017etikrina skland\u0173 mezgim\u0105 \u2013 si\u016blai lengvai slysta pavir\u0161iumi, o lankstus, patvarus valas suteikia [&hellip;]","og_url":"https:\/\/happyinaknit.com\/lt\/produktas\/lantern-moon-virbalai-su-valu-80-cm\/","og_site_name":"Happyinaknit.com","article_modified_time":"2025-10-24T22:19:57+00:00","og_image":[{"width":500,"height":500,"url":"https:\/\/happyinaknit.com\/wp-content\/uploads\/2025\/10\/s-l500.jpg","type":"image\/jpeg"}],"twitter_card":"summary_large_image","schema":{"@context":"https:\/\/schema.org","@graph":[{"@type":"WebPage","@id":"https:\/\/happyinaknit.com\/produktas\/lantern-moon-virbalai-su-valu-80-cm\/","url":"https:\/\/happyinaknit.com\/produktas\/lantern-moon-virbalai-su-valu-80-cm\/","name":"Lantern Moon Virbalai Su Valu 80 cm - Happyinaknit.com","isPartOf":{"@id":"https:\/\/happyinaknit.com\/lt\/#website"},"primaryImageOfPage":{"@id":"https:\/\/happyinaknit.com\/produktas\/lantern-moon-virbalai-su-valu-80-cm\/#primaryimage"},"image":{"@id":"https:\/\/happyinaknit.com\/produktas\/lantern-moon-virbalai-su-valu-80-cm\/#primaryimage"},"thumbnailUrl":"https:\/\/happyinaknit.com\/wp-content\/uploads\/2025\/10\/s-l500.jpg","datePublished":"2025-10-18T21:44:48+00:00","dateModified":"2025-10-24T22:19:57+00:00","breadcrumb":{"@id":"https:\/\/happyinaknit.com\/produktas\/lantern-moon-virbalai-su-valu-80-cm\/#breadcrumb"},"inLanguage":"lt-LT","potentialAction":[{"@type":"ReadAction","target":["https:\/\/happyinaknit.com\/produktas\/lantern-moon-virbalai-su-valu-80-cm\/"]}]},{"@type":"ImageObject","inLanguage":"lt-LT","@id":"https:\/\/happyinaknit.com\/produktas\/lantern-moon-virbalai-su-valu-80-cm\/#primaryimage","url":"https:\/\/happyinaknit.com\/wp-content\/uploads\/2025\/10\/s-l500.jpg","contentUrl":"https:\/\/happyinaknit.com\/wp-content\/uploads\/2025\/10\/s-l500.jpg","width":500,"height":500},{"@type":"BreadcrumbList","@id":"https:\/\/happyinaknit.com\/produktas\/lantern-moon-virbalai-su-valu-80-cm\/#breadcrumb","itemListElement":[{"@type":"ListItem","position":1,"name":"Home","item":"https:\/\/happyinaknit.com\/lt\/"},{"@type":"ListItem","position":2,"name":"Parduotuv\u0117","item":"https:\/\/happyinaknit.com\/lt\/parduotuve\/"},{"@type":"ListItem","position":3,"name":"Lantern Moon Virbalai Su Valu 80 cm"}]},{"@type":"WebSite","@id":"https:\/\/happyinaknit.com\/lt\/#website","url":"https:\/\/happyinaknit.com\/lt\/","name":"Happyinaknit.com","description":"","potentialAction":[{"@type":"SearchAction","target":{"@type":"EntryPoint","urlTemplate":"https:\/\/happyinaknit.com\/lt\/?s={search_term_string}"},"query-input":{"@type":"PropertyValueSpecification","valueRequired":true,"valueName":"search_term_string"}}],"inLanguage":"lt-LT"}]}},"_links":{"self":[{"href":"https:\/\/happyinaknit.com\/lt\/wp-json\/wp\/v2\/product\/6051","targetHints":{"allow":["GET"]}}],"collection":[{"href":"https:\/\/happyinaknit.com\/lt\/wp-json\/wp\/v2\/product"}],"about":[{"href":"https:\/\/happyinaknit.com\/lt\/wp-json\/wp\/v2\/types\/product"}],"replies":[{"embeddable":true,"href":"https:\/\/happyinaknit.com\/lt\/wp-json\/wp\/v2\/comments?post=6051"}],"wp:featuredmedia":[{"embeddable":true,"href":"https:\/\/happyinaknit.com\/lt\/wp-json\/wp\/v2\/media\/6050"}],"wp:attachment":[{"href":"https:\/\/happyinaknit.com\/lt\/wp-json\/wp\/v2\/media?parent=6051"}],"wp:term":[{"taxonomy":"product_brand","embeddable":true,"href":"https:\/\/happyinaknit.com\/lt\/wp-json\/wp\/v2\/product_brand?post=6051"},{"taxonomy":"product_cat","embeddable":true,"href":"https:\/\/happyinaknit.com\/lt\/wp-json\/wp\/v2\/product_cat?post=6051"},{"taxonomy":"product_tag","embeddable":true,"href":"https:\/\/happyinaknit.com\/lt\/wp-json\/wp\/v2\/product_tag?post=6051"},{"taxonomy":"pro-kategorijos","embeddable":true,"href":"https:\/\/happyinaknit.com\/lt\/wp-json\/wp\/v2\/pro-kategorijos?post=6051"}],"curies":[{"name":"wp","href":"https:\/\/api.w.org\/{rel}","templated":true}]}}