{"id":6036,"date":"2025-10-18T21:15:21","date_gmt":"2025-10-18T21:15:21","guid":{"rendered":"https:\/\/happyinaknit.com\/?post_type=product&#038;p=6036"},"modified":"2026-03-13T12:40:44","modified_gmt":"2026-03-13T12:40:44","slug":"tulip-adatos-rinkinys-melynas","status":"publish","type":"product","link":"https:\/\/happyinaknit.com\/lt\/produktas\/tulip-adatos-rinkinys-melynas\/","title":{"rendered":"Tulip Adatos Rinkinys M\u0117lynas"},"content":{"rendered":"<p>Auk\u0161tos kokyb\u0117s stor\u0173 gobelenini\u0173 adat\u0173 rinkinys, skirtas si\u016blams ir mezginiams si\u016bti. Adatos pagamintos i\u0161 nikeliuoto plieno, turi pla\u010di\u0105, pailg\u0105 akut\u0119 su paauksuotu pavir\u0161iumi ir buk\u0105 galiuk\u0105, tod\u0117l lengvai slysta tarp kilp\u0173 nepa\u017eeisdamos si\u016bl\u0173. Patogus, kompakti\u0161kas d\u0117kliukas su magnetiniu u\u017esegimu leid\u017eia saugiai laikyti adatas.<\/p>\n<p><b>Rinkinyje:<\/b><b><\/b><\/p>\n<p>\u2022Nr. 13 (2,40 \u00d7 70 mm)<\/p>\n<p>\u2022Nr. 14 (2,10 \u00d7 65 mm)<\/p>\n<p>\u2022Nr. 15 (1,81 \u00d7 60 mm)<\/p>\n<p>\u2022Nr. 16 (1,60 \u00d7 60 mm)<\/p>\n<p><b>Med\u017eiaga:<\/b> nikeliuotas plienas, paauksuota akut\u0117<\/p>\n<p><b>Pakuot\u0117:<\/b> d\u0117kliukas su magnetiniu u\u017esegimu<\/p>\n<p><b>Kilm\u0117s \u0161alis:<\/b> Japonija<\/p>\n<p>Pastaba: spalv\u0173 atspalviai gali \u0161iek tiek skirtis priklausomai nuo \u012frenginio ekrano.<\/p>\n","protected":false},"excerpt":{"rendered":"<p>Auk\u0161tos kokyb\u0117s stor\u0173 gobelenini\u0173 adat\u0173 rinkinys, skirtas si\u016blams ir mezginiams si\u016bti. Adatos pagamintos i\u0161 nikeliuoto plieno, turi pla\u010di\u0105, pailg\u0105 akut\u0119 su paauksuotu pavir\u0161iumi ir buk\u0105 galiuk\u0105, tod\u0117l lengvai slysta tarp kilp\u0173 nepa\u017eeisdamos si\u016bl\u0173. Patogus, kompakti\u0161kas d\u0117kliukas su magnetiniu u\u017esegimu leid\u017eia saugiai laikyti adatas. Rinkinyje: \u2022Nr. 13 (2,40 \u00d7 70 mm) \u2022Nr. 14 (2,10 \u00d7 65 [&hellip;]<\/p>\n","protected":false},"featured_media":6028,"comment_status":"open","ping_status":"closed","template":"","meta":{"_acf_changed":false},"product_brand":[757],"product_cat":[15,1080,20],"product_tag":[],"pro-kategorijos":[],"class_list":{"0":"post-6036","1":"product","2":"type-product","3":"status-publish","4":"has-post-thumbnail","6":"product_brand-tulip","7":"product_cat-visi-produktai","8":"product_cat-adatos","9":"product_cat-priedai-mezgimui","11":"first","12":"instock","13":"shipping-taxable","14":"purchasable","15":"product-type-simple"},"acf":[],"yoast_head":"<!-- This site is optimized with the Yoast SEO plugin v26.8 - https:\/\/yoast.com\/product\/yoast-seo-wordpress\/ -->\n<title>Tulip Adatos Rinkinys M\u0117lynas - Happyinaknit.com<\/title>\n<meta name=\"robots\" content=\"index, follow, max-snippet:-1, max-image-preview:large, max-video-preview:-1\" \/>\n<link rel=\"canonical\" href=\"https:\/\/happyinaknit.com\/lt\/produktas\/tulip-adatos-rinkinys-melynas\/\" \/>\n<meta property=\"og:locale\" content=\"lt_LT\" \/>\n<meta property=\"og:type\" content=\"article\" \/>\n<meta property=\"og:title\" content=\"Tulip Adatos Rinkinys M\u0117lynas - Happyinaknit.com\" \/>\n<meta property=\"og:description\" content=\"Auk\u0161tos kokyb\u0117s stor\u0173 gobelenini\u0173 adat\u0173 rinkinys, skirtas si\u016blams ir mezginiams si\u016bti. Adatos pagamintos i\u0161 nikeliuoto plieno, turi pla\u010di\u0105, pailg\u0105 akut\u0119 su paauksuotu pavir\u0161iumi ir buk\u0105 galiuk\u0105, tod\u0117l lengvai slysta tarp kilp\u0173 nepa\u017eeisdamos si\u016bl\u0173. Patogus, kompakti\u0161kas d\u0117kliukas su magnetiniu u\u017esegimu leid\u017eia saugiai laikyti adatas. Rinkinyje: \u2022Nr. 13 (2,40 \u00d7 70 mm) \u2022Nr. 14 (2,10 \u00d7 65 [&hellip;]\" \/>\n<meta property=\"og:url\" content=\"https:\/\/happyinaknit.com\/lt\/produktas\/tulip-adatos-rinkinys-melynas\/\" \/>\n<meta property=\"og:site_name\" content=\"Happyinaknit.com\" \/>\n<meta property=\"article:modified_time\" content=\"2026-03-13T12:40:44+00:00\" \/>\n<meta property=\"og:image\" content=\"https:\/\/happyinaknit.com\/wp-content\/uploads\/2025\/10\/tulip_tapestry_needles_assorted_2000x.jpg.webp\" \/>\n\t<meta property=\"og:image:width\" content=\"1920\" \/>\n\t<meta property=\"og:image:height\" content=\"1920\" \/>\n\t<meta property=\"og:image:type\" content=\"image\/webp\" \/>\n<meta name=\"twitter:card\" content=\"summary_large_image\" \/>\n<script type=\"application\/ld+json\" class=\"yoast-schema-graph\">{\"@context\":\"https:\/\/schema.org\",\"@graph\":[{\"@type\":\"WebPage\",\"@id\":\"https:\/\/happyinaknit.com\/produktas\/tulip-adatos-rinkinys-melynas\/\",\"url\":\"https:\/\/happyinaknit.com\/produktas\/tulip-adatos-rinkinys-melynas\/\",\"name\":\"Tulip Adatos Rinkinys M\u0117lynas - Happyinaknit.com\",\"isPartOf\":{\"@id\":\"https:\/\/happyinaknit.com\/lt\/#website\"},\"primaryImageOfPage\":{\"@id\":\"https:\/\/happyinaknit.com\/produktas\/tulip-adatos-rinkinys-melynas\/#primaryimage\"},\"image\":{\"@id\":\"https:\/\/happyinaknit.com\/produktas\/tulip-adatos-rinkinys-melynas\/#primaryimage\"},\"thumbnailUrl\":\"https:\/\/happyinaknit.com\/wp-content\/uploads\/2025\/10\/tulip_tapestry_needles_assorted_2000x.jpg.webp\",\"datePublished\":\"2025-10-18T21:15:21+00:00\",\"dateModified\":\"2026-03-13T12:40:44+00:00\",\"breadcrumb\":{\"@id\":\"https:\/\/happyinaknit.com\/produktas\/tulip-adatos-rinkinys-melynas\/#breadcrumb\"},\"inLanguage\":\"lt-LT\",\"potentialAction\":[{\"@type\":\"ReadAction\",\"target\":[\"https:\/\/happyinaknit.com\/produktas\/tulip-adatos-rinkinys-melynas\/\"]}]},{\"@type\":\"ImageObject\",\"inLanguage\":\"lt-LT\",\"@id\":\"https:\/\/happyinaknit.com\/produktas\/tulip-adatos-rinkinys-melynas\/#primaryimage\",\"url\":\"https:\/\/happyinaknit.com\/wp-content\/uploads\/2025\/10\/tulip_tapestry_needles_assorted_2000x.jpg.webp\",\"contentUrl\":\"https:\/\/happyinaknit.com\/wp-content\/uploads\/2025\/10\/tulip_tapestry_needles_assorted_2000x.jpg.webp\",\"width\":1920,\"height\":1920},{\"@type\":\"BreadcrumbList\",\"@id\":\"https:\/\/happyinaknit.com\/produktas\/tulip-adatos-rinkinys-melynas\/#breadcrumb\",\"itemListElement\":[{\"@type\":\"ListItem\",\"position\":1,\"name\":\"Home\",\"item\":\"https:\/\/happyinaknit.com\/lt\/\"},{\"@type\":\"ListItem\",\"position\":2,\"name\":\"Parduotuv\u0117\",\"item\":\"https:\/\/happyinaknit.com\/lt\/parduotuve\/\"},{\"@type\":\"ListItem\",\"position\":3,\"name\":\"Tulip Adatos Rinkinys M\u0117lynas\"}]},{\"@type\":\"WebSite\",\"@id\":\"https:\/\/happyinaknit.com\/lt\/#website\",\"url\":\"https:\/\/happyinaknit.com\/lt\/\",\"name\":\"Happyinaknit.com\",\"description\":\"\",\"potentialAction\":[{\"@type\":\"SearchAction\",\"target\":{\"@type\":\"EntryPoint\",\"urlTemplate\":\"https:\/\/happyinaknit.com\/lt\/?s={search_term_string}\"},\"query-input\":{\"@type\":\"PropertyValueSpecification\",\"valueRequired\":true,\"valueName\":\"search_term_string\"}}],\"inLanguage\":\"lt-LT\"}]}<\/script>\n<!-- \/ Yoast SEO plugin. -->","yoast_head_json":{"title":"Tulip Adatos Rinkinys M\u0117lynas - Happyinaknit.com","robots":{"index":"index","follow":"follow","max-snippet":"max-snippet:-1","max-image-preview":"max-image-preview:large","max-video-preview":"max-video-preview:-1"},"canonical":"https:\/\/happyinaknit.com\/lt\/produktas\/tulip-adatos-rinkinys-melynas\/","og_locale":"lt_LT","og_type":"article","og_title":"Tulip Adatos Rinkinys M\u0117lynas - Happyinaknit.com","og_description":"Auk\u0161tos kokyb\u0117s stor\u0173 gobelenini\u0173 adat\u0173 rinkinys, skirtas si\u016blams ir mezginiams si\u016bti. Adatos pagamintos i\u0161 nikeliuoto plieno, turi pla\u010di\u0105, pailg\u0105 akut\u0119 su paauksuotu pavir\u0161iumi ir buk\u0105 galiuk\u0105, tod\u0117l lengvai slysta tarp kilp\u0173 nepa\u017eeisdamos si\u016bl\u0173. Patogus, kompakti\u0161kas d\u0117kliukas su magnetiniu u\u017esegimu leid\u017eia saugiai laikyti adatas. Rinkinyje: \u2022Nr. 13 (2,40 \u00d7 70 mm) \u2022Nr. 14 (2,10 \u00d7 65 [&hellip;]","og_url":"https:\/\/happyinaknit.com\/lt\/produktas\/tulip-adatos-rinkinys-melynas\/","og_site_name":"Happyinaknit.com","article_modified_time":"2026-03-13T12:40:44+00:00","og_image":[{"width":1920,"height":1920,"url":"https:\/\/happyinaknit.com\/wp-content\/uploads\/2025\/10\/tulip_tapestry_needles_assorted_2000x.jpg.webp","type":"image\/webp"}],"twitter_card":"summary_large_image","schema":{"@context":"https:\/\/schema.org","@graph":[{"@type":"WebPage","@id":"https:\/\/happyinaknit.com\/produktas\/tulip-adatos-rinkinys-melynas\/","url":"https:\/\/happyinaknit.com\/produktas\/tulip-adatos-rinkinys-melynas\/","name":"Tulip Adatos Rinkinys M\u0117lynas - Happyinaknit.com","isPartOf":{"@id":"https:\/\/happyinaknit.com\/lt\/#website"},"primaryImageOfPage":{"@id":"https:\/\/happyinaknit.com\/produktas\/tulip-adatos-rinkinys-melynas\/#primaryimage"},"image":{"@id":"https:\/\/happyinaknit.com\/produktas\/tulip-adatos-rinkinys-melynas\/#primaryimage"},"thumbnailUrl":"https:\/\/happyinaknit.com\/wp-content\/uploads\/2025\/10\/tulip_tapestry_needles_assorted_2000x.jpg.webp","datePublished":"2025-10-18T21:15:21+00:00","dateModified":"2026-03-13T12:40:44+00:00","breadcrumb":{"@id":"https:\/\/happyinaknit.com\/produktas\/tulip-adatos-rinkinys-melynas\/#breadcrumb"},"inLanguage":"lt-LT","potentialAction":[{"@type":"ReadAction","target":["https:\/\/happyinaknit.com\/produktas\/tulip-adatos-rinkinys-melynas\/"]}]},{"@type":"ImageObject","inLanguage":"lt-LT","@id":"https:\/\/happyinaknit.com\/produktas\/tulip-adatos-rinkinys-melynas\/#primaryimage","url":"https:\/\/happyinaknit.com\/wp-content\/uploads\/2025\/10\/tulip_tapestry_needles_assorted_2000x.jpg.webp","contentUrl":"https:\/\/happyinaknit.com\/wp-content\/uploads\/2025\/10\/tulip_tapestry_needles_assorted_2000x.jpg.webp","width":1920,"height":1920},{"@type":"BreadcrumbList","@id":"https:\/\/happyinaknit.com\/produktas\/tulip-adatos-rinkinys-melynas\/#breadcrumb","itemListElement":[{"@type":"ListItem","position":1,"name":"Home","item":"https:\/\/happyinaknit.com\/lt\/"},{"@type":"ListItem","position":2,"name":"Parduotuv\u0117","item":"https:\/\/happyinaknit.com\/lt\/parduotuve\/"},{"@type":"ListItem","position":3,"name":"Tulip Adatos Rinkinys M\u0117lynas"}]},{"@type":"WebSite","@id":"https:\/\/happyinaknit.com\/lt\/#website","url":"https:\/\/happyinaknit.com\/lt\/","name":"Happyinaknit.com","description":"","potentialAction":[{"@type":"SearchAction","target":{"@type":"EntryPoint","urlTemplate":"https:\/\/happyinaknit.com\/lt\/?s={search_term_string}"},"query-input":{"@type":"PropertyValueSpecification","valueRequired":true,"valueName":"search_term_string"}}],"inLanguage":"lt-LT"}]}},"_links":{"self":[{"href":"https:\/\/happyinaknit.com\/lt\/wp-json\/wp\/v2\/product\/6036","targetHints":{"allow":["GET"]}}],"collection":[{"href":"https:\/\/happyinaknit.com\/lt\/wp-json\/wp\/v2\/product"}],"about":[{"href":"https:\/\/happyinaknit.com\/lt\/wp-json\/wp\/v2\/types\/product"}],"replies":[{"embeddable":true,"href":"https:\/\/happyinaknit.com\/lt\/wp-json\/wp\/v2\/comments?post=6036"}],"wp:featuredmedia":[{"embeddable":true,"href":"https:\/\/happyinaknit.com\/lt\/wp-json\/wp\/v2\/media\/6028"}],"wp:attachment":[{"href":"https:\/\/happyinaknit.com\/lt\/wp-json\/wp\/v2\/media?parent=6036"}],"wp:term":[{"taxonomy":"product_brand","embeddable":true,"href":"https:\/\/happyinaknit.com\/lt\/wp-json\/wp\/v2\/product_brand?post=6036"},{"taxonomy":"product_cat","embeddable":true,"href":"https:\/\/happyinaknit.com\/lt\/wp-json\/wp\/v2\/product_cat?post=6036"},{"taxonomy":"product_tag","embeddable":true,"href":"https:\/\/happyinaknit.com\/lt\/wp-json\/wp\/v2\/product_tag?post=6036"},{"taxonomy":"pro-kategorijos","embeddable":true,"href":"https:\/\/happyinaknit.com\/lt\/wp-json\/wp\/v2\/pro-kategorijos?post=6036"}],"curies":[{"name":"wp","href":"https:\/\/api.w.org\/{rel}","templated":true}]}}