{"id":6033,"date":"2025-10-18T21:07:50","date_gmt":"2025-10-18T21:07:50","guid":{"rendered":"https:\/\/happyinaknit.com\/?post_type=product&#038;p=6033"},"modified":"2025-10-18T21:07:51","modified_gmt":"2025-10-18T21:07:51","slug":"tulip-adatos-rinkinys-rudas","status":"publish","type":"product","link":"https:\/\/happyinaknit.com\/lt\/produktas\/tulip-adatos-rinkinys-rudas\/","title":{"rendered":"Tulip Adatos Rinkinys Rudas"},"content":{"rendered":"<p>Gobelenin\u0117s adatos su paauksuota akut\u0117, skirtos si\u016blams ir trikota\u017einiams gaminiams si\u016bti. Pagamintos i\u0161 nikeliuoto plieno, jos turi plat\u0173, pailg\u0105 akut\u0119 ir a\u0161tr\u0173 galiuk\u0105, tod\u0117l lengvai prasiskverbia pro audin\u012f bei u\u017etikrina \u0161varius, tikslius dygsnius. Rinkinys supakuotas \u012f kompakti\u0161k\u0105 d\u0117kliuk\u0105 su magnetiniu u\u017esegimu \u2013 patogus laikymui ir kelion\u0117ms.<\/p>\n<p><b>Rinkinyje:<\/b><b><\/b><\/p>\n<p>\u2022Nr. 17 (1,35 \u00d7 54,5 mm)<\/p>\n<p>\u2022Nr. 18 (1,24 \u00d7 48,5 mm)<\/p>\n<p>\u2022Nr. 20 (1,07 \u00d7 45,5 mm)<\/p>\n<p>\u2022Nr. 23 (0,89 \u00d7 39,5 mm)<\/p>\n<p><b>Med\u017eiaga:<\/b> nikeliuotas plienas, paauksuota akut\u0117<\/p>\n<p><b>Pakuot\u0117:<\/b> d\u0117kliukas su magnetiniu u\u017esegimu<\/p>\n<p><b>Kilm\u0117s \u0161alis:<\/b> Japonija<\/p>\n<p>Pastaba: spalv\u0173 atspalviai gali \u0161iek tiek skirtis priklausomai nuo \u012frenginio ekrano.<\/p>\n","protected":false},"excerpt":{"rendered":"<p>Gobelenin\u0117s adatos su paauksuota akut\u0117, skirtos si\u016blams ir trikota\u017einiams gaminiams si\u016bti. Pagamintos i\u0161 nikeliuoto plieno, jos turi plat\u0173, pailg\u0105 akut\u0119 ir a\u0161tr\u0173 galiuk\u0105, tod\u0117l lengvai prasiskverbia pro audin\u012f bei u\u017etikrina \u0161varius, tikslius dygsnius. Rinkinys supakuotas \u012f kompakti\u0161k\u0105 d\u0117kliuk\u0105 su magnetiniu u\u017esegimu \u2013 patogus laikymui ir kelion\u0117ms. Rinkinyje: \u2022Nr. 17 (1,35 \u00d7 54,5 mm) \u2022Nr. 18 [&hellip;]<\/p>\n","protected":false},"featured_media":6024,"comment_status":"open","ping_status":"closed","template":"","meta":{"_acf_changed":false},"product_brand":[757],"product_cat":[15,1080,20],"product_tag":[],"pro-kategorijos":[],"class_list":{"0":"post-6033","1":"product","2":"type-product","3":"status-publish","4":"has-post-thumbnail","6":"product_brand-tulip","7":"product_cat-visi-produktai","8":"product_cat-adatos","9":"product_cat-priedai-mezgimui","11":"first","12":"instock","13":"shipping-taxable","14":"purchasable","15":"product-type-simple"},"acf":[],"yoast_head":"<!-- This site is optimized with the Yoast SEO plugin v26.8 - https:\/\/yoast.com\/product\/yoast-seo-wordpress\/ -->\n<title>Tulip Adatos Rinkinys Rudas - Happyinaknit.com<\/title>\n<meta name=\"robots\" content=\"index, follow, max-snippet:-1, max-image-preview:large, max-video-preview:-1\" \/>\n<link rel=\"canonical\" href=\"https:\/\/happyinaknit.com\/lt\/produktas\/tulip-adatos-rinkinys-rudas\/\" \/>\n<meta property=\"og:locale\" content=\"lt_LT\" \/>\n<meta property=\"og:type\" content=\"article\" \/>\n<meta property=\"og:title\" content=\"Tulip Adatos Rinkinys Rudas - Happyinaknit.com\" \/>\n<meta property=\"og:description\" content=\"Gobelenin\u0117s adatos su paauksuota akut\u0117, skirtos si\u016blams ir trikota\u017einiams gaminiams si\u016bti. Pagamintos i\u0161 nikeliuoto plieno, jos turi plat\u0173, pailg\u0105 akut\u0119 ir a\u0161tr\u0173 galiuk\u0105, tod\u0117l lengvai prasiskverbia pro audin\u012f bei u\u017etikrina \u0161varius, tikslius dygsnius. Rinkinys supakuotas \u012f kompakti\u0161k\u0105 d\u0117kliuk\u0105 su magnetiniu u\u017esegimu \u2013 patogus laikymui ir kelion\u0117ms. Rinkinyje: \u2022Nr. 17 (1,35 \u00d7 54,5 mm) \u2022Nr. 18 [&hellip;]\" \/>\n<meta property=\"og:url\" content=\"https:\/\/happyinaknit.com\/lt\/produktas\/tulip-adatos-rinkinys-rudas\/\" \/>\n<meta property=\"og:site_name\" content=\"Happyinaknit.com\" \/>\n<meta property=\"article:modified_time\" content=\"2025-10-18T21:07:51+00:00\" \/>\n<meta property=\"og:image\" content=\"https:\/\/happyinaknit.com\/wp-content\/uploads\/2025\/10\/4e82dcc0f87d37c9c1e8cfea40b09b4c_aa9b31ab-ab40-4cc6-8671-a73a3661cd40.jpg.webp\" \/>\n\t<meta property=\"og:image:width\" content=\"1024\" \/>\n\t<meta property=\"og:image:height\" content=\"1024\" \/>\n\t<meta property=\"og:image:type\" content=\"image\/webp\" \/>\n<meta name=\"twitter:card\" content=\"summary_large_image\" \/>\n<script type=\"application\/ld+json\" class=\"yoast-schema-graph\">{\"@context\":\"https:\/\/schema.org\",\"@graph\":[{\"@type\":\"WebPage\",\"@id\":\"https:\/\/happyinaknit.com\/produktas\/tulip-adatos-rinkinys-rudas\/\",\"url\":\"https:\/\/happyinaknit.com\/produktas\/tulip-adatos-rinkinys-rudas\/\",\"name\":\"Tulip Adatos Rinkinys Rudas - Happyinaknit.com\",\"isPartOf\":{\"@id\":\"https:\/\/happyinaknit.com\/lt\/#website\"},\"primaryImageOfPage\":{\"@id\":\"https:\/\/happyinaknit.com\/produktas\/tulip-adatos-rinkinys-rudas\/#primaryimage\"},\"image\":{\"@id\":\"https:\/\/happyinaknit.com\/produktas\/tulip-adatos-rinkinys-rudas\/#primaryimage\"},\"thumbnailUrl\":\"https:\/\/happyinaknit.com\/wp-content\/uploads\/2025\/10\/4e82dcc0f87d37c9c1e8cfea40b09b4c_aa9b31ab-ab40-4cc6-8671-a73a3661cd40.jpg.webp\",\"datePublished\":\"2025-10-18T21:07:50+00:00\",\"dateModified\":\"2025-10-18T21:07:51+00:00\",\"breadcrumb\":{\"@id\":\"https:\/\/happyinaknit.com\/produktas\/tulip-adatos-rinkinys-rudas\/#breadcrumb\"},\"inLanguage\":\"lt-LT\",\"potentialAction\":[{\"@type\":\"ReadAction\",\"target\":[\"https:\/\/happyinaknit.com\/produktas\/tulip-adatos-rinkinys-rudas\/\"]}]},{\"@type\":\"ImageObject\",\"inLanguage\":\"lt-LT\",\"@id\":\"https:\/\/happyinaknit.com\/produktas\/tulip-adatos-rinkinys-rudas\/#primaryimage\",\"url\":\"https:\/\/happyinaknit.com\/wp-content\/uploads\/2025\/10\/4e82dcc0f87d37c9c1e8cfea40b09b4c_aa9b31ab-ab40-4cc6-8671-a73a3661cd40.jpg.webp\",\"contentUrl\":\"https:\/\/happyinaknit.com\/wp-content\/uploads\/2025\/10\/4e82dcc0f87d37c9c1e8cfea40b09b4c_aa9b31ab-ab40-4cc6-8671-a73a3661cd40.jpg.webp\",\"width\":1024,\"height\":1024},{\"@type\":\"BreadcrumbList\",\"@id\":\"https:\/\/happyinaknit.com\/produktas\/tulip-adatos-rinkinys-rudas\/#breadcrumb\",\"itemListElement\":[{\"@type\":\"ListItem\",\"position\":1,\"name\":\"Home\",\"item\":\"https:\/\/happyinaknit.com\/lt\/\"},{\"@type\":\"ListItem\",\"position\":2,\"name\":\"Parduotuv\u0117\",\"item\":\"https:\/\/happyinaknit.com\/lt\/parduotuve\/\"},{\"@type\":\"ListItem\",\"position\":3,\"name\":\"Tulip Adatos Rinkinys Rudas\"}]},{\"@type\":\"WebSite\",\"@id\":\"https:\/\/happyinaknit.com\/lt\/#website\",\"url\":\"https:\/\/happyinaknit.com\/lt\/\",\"name\":\"Happyinaknit.com\",\"description\":\"\",\"potentialAction\":[{\"@type\":\"SearchAction\",\"target\":{\"@type\":\"EntryPoint\",\"urlTemplate\":\"https:\/\/happyinaknit.com\/lt\/?s={search_term_string}\"},\"query-input\":{\"@type\":\"PropertyValueSpecification\",\"valueRequired\":true,\"valueName\":\"search_term_string\"}}],\"inLanguage\":\"lt-LT\"}]}<\/script>\n<!-- \/ Yoast SEO plugin. -->","yoast_head_json":{"title":"Tulip Adatos Rinkinys Rudas - Happyinaknit.com","robots":{"index":"index","follow":"follow","max-snippet":"max-snippet:-1","max-image-preview":"max-image-preview:large","max-video-preview":"max-video-preview:-1"},"canonical":"https:\/\/happyinaknit.com\/lt\/produktas\/tulip-adatos-rinkinys-rudas\/","og_locale":"lt_LT","og_type":"article","og_title":"Tulip Adatos Rinkinys Rudas - Happyinaknit.com","og_description":"Gobelenin\u0117s adatos su paauksuota akut\u0117, skirtos si\u016blams ir trikota\u017einiams gaminiams si\u016bti. Pagamintos i\u0161 nikeliuoto plieno, jos turi plat\u0173, pailg\u0105 akut\u0119 ir a\u0161tr\u0173 galiuk\u0105, tod\u0117l lengvai prasiskverbia pro audin\u012f bei u\u017etikrina \u0161varius, tikslius dygsnius. Rinkinys supakuotas \u012f kompakti\u0161k\u0105 d\u0117kliuk\u0105 su magnetiniu u\u017esegimu \u2013 patogus laikymui ir kelion\u0117ms. Rinkinyje: \u2022Nr. 17 (1,35 \u00d7 54,5 mm) \u2022Nr. 18 [&hellip;]","og_url":"https:\/\/happyinaknit.com\/lt\/produktas\/tulip-adatos-rinkinys-rudas\/","og_site_name":"Happyinaknit.com","article_modified_time":"2025-10-18T21:07:51+00:00","og_image":[{"width":1024,"height":1024,"url":"https:\/\/happyinaknit.com\/wp-content\/uploads\/2025\/10\/4e82dcc0f87d37c9c1e8cfea40b09b4c_aa9b31ab-ab40-4cc6-8671-a73a3661cd40.jpg.webp","type":"image\/webp"}],"twitter_card":"summary_large_image","schema":{"@context":"https:\/\/schema.org","@graph":[{"@type":"WebPage","@id":"https:\/\/happyinaknit.com\/produktas\/tulip-adatos-rinkinys-rudas\/","url":"https:\/\/happyinaknit.com\/produktas\/tulip-adatos-rinkinys-rudas\/","name":"Tulip Adatos Rinkinys Rudas - Happyinaknit.com","isPartOf":{"@id":"https:\/\/happyinaknit.com\/lt\/#website"},"primaryImageOfPage":{"@id":"https:\/\/happyinaknit.com\/produktas\/tulip-adatos-rinkinys-rudas\/#primaryimage"},"image":{"@id":"https:\/\/happyinaknit.com\/produktas\/tulip-adatos-rinkinys-rudas\/#primaryimage"},"thumbnailUrl":"https:\/\/happyinaknit.com\/wp-content\/uploads\/2025\/10\/4e82dcc0f87d37c9c1e8cfea40b09b4c_aa9b31ab-ab40-4cc6-8671-a73a3661cd40.jpg.webp","datePublished":"2025-10-18T21:07:50+00:00","dateModified":"2025-10-18T21:07:51+00:00","breadcrumb":{"@id":"https:\/\/happyinaknit.com\/produktas\/tulip-adatos-rinkinys-rudas\/#breadcrumb"},"inLanguage":"lt-LT","potentialAction":[{"@type":"ReadAction","target":["https:\/\/happyinaknit.com\/produktas\/tulip-adatos-rinkinys-rudas\/"]}]},{"@type":"ImageObject","inLanguage":"lt-LT","@id":"https:\/\/happyinaknit.com\/produktas\/tulip-adatos-rinkinys-rudas\/#primaryimage","url":"https:\/\/happyinaknit.com\/wp-content\/uploads\/2025\/10\/4e82dcc0f87d37c9c1e8cfea40b09b4c_aa9b31ab-ab40-4cc6-8671-a73a3661cd40.jpg.webp","contentUrl":"https:\/\/happyinaknit.com\/wp-content\/uploads\/2025\/10\/4e82dcc0f87d37c9c1e8cfea40b09b4c_aa9b31ab-ab40-4cc6-8671-a73a3661cd40.jpg.webp","width":1024,"height":1024},{"@type":"BreadcrumbList","@id":"https:\/\/happyinaknit.com\/produktas\/tulip-adatos-rinkinys-rudas\/#breadcrumb","itemListElement":[{"@type":"ListItem","position":1,"name":"Home","item":"https:\/\/happyinaknit.com\/lt\/"},{"@type":"ListItem","position":2,"name":"Parduotuv\u0117","item":"https:\/\/happyinaknit.com\/lt\/parduotuve\/"},{"@type":"ListItem","position":3,"name":"Tulip Adatos Rinkinys Rudas"}]},{"@type":"WebSite","@id":"https:\/\/happyinaknit.com\/lt\/#website","url":"https:\/\/happyinaknit.com\/lt\/","name":"Happyinaknit.com","description":"","potentialAction":[{"@type":"SearchAction","target":{"@type":"EntryPoint","urlTemplate":"https:\/\/happyinaknit.com\/lt\/?s={search_term_string}"},"query-input":{"@type":"PropertyValueSpecification","valueRequired":true,"valueName":"search_term_string"}}],"inLanguage":"lt-LT"}]}},"_links":{"self":[{"href":"https:\/\/happyinaknit.com\/lt\/wp-json\/wp\/v2\/product\/6033","targetHints":{"allow":["GET"]}}],"collection":[{"href":"https:\/\/happyinaknit.com\/lt\/wp-json\/wp\/v2\/product"}],"about":[{"href":"https:\/\/happyinaknit.com\/lt\/wp-json\/wp\/v2\/types\/product"}],"replies":[{"embeddable":true,"href":"https:\/\/happyinaknit.com\/lt\/wp-json\/wp\/v2\/comments?post=6033"}],"wp:featuredmedia":[{"embeddable":true,"href":"https:\/\/happyinaknit.com\/lt\/wp-json\/wp\/v2\/media\/6024"}],"wp:attachment":[{"href":"https:\/\/happyinaknit.com\/lt\/wp-json\/wp\/v2\/media?parent=6033"}],"wp:term":[{"taxonomy":"product_brand","embeddable":true,"href":"https:\/\/happyinaknit.com\/lt\/wp-json\/wp\/v2\/product_brand?post=6033"},{"taxonomy":"product_cat","embeddable":true,"href":"https:\/\/happyinaknit.com\/lt\/wp-json\/wp\/v2\/product_cat?post=6033"},{"taxonomy":"product_tag","embeddable":true,"href":"https:\/\/happyinaknit.com\/lt\/wp-json\/wp\/v2\/product_tag?post=6033"},{"taxonomy":"pro-kategorijos","embeddable":true,"href":"https:\/\/happyinaknit.com\/lt\/wp-json\/wp\/v2\/pro-kategorijos?post=6033"}],"curies":[{"name":"wp","href":"https:\/\/api.w.org\/{rel}","templated":true}]}}