{"id":6002,"date":"2025-10-18T20:19:15","date_gmt":"2025-10-18T20:19:15","guid":{"rendered":"https:\/\/happyinaknit.com\/?post_type=product&#038;p=6002"},"modified":"2025-10-28T12:10:39","modified_gmt":"2025-10-28T12:10:39","slug":"tulip-etimo-grey-vaselis","status":"publish","type":"product","link":"https:\/\/happyinaknit.com\/lt\/produktas\/tulip-etimo-grey-vaselis\/","title":{"rendered":"Tulip Etimo Grey  v\u0105\u0161elis"},"content":{"rendered":"<p>Tulip Etimo Gray serijos v\u0105\u0161eliai sukurti taip, kad nat\u016braliai priglust\u0173 prie rankos ir u\u017etikrint\u0173 itin skland\u0173 mezgim\u0105. D\u0117l ergonomi\u0161kos silikonin\u0117s rankenos su specialiu \u012fdubimu nyk\u0161\u010diui suma\u017einamas rankos nuovargis, tod\u0117l \u0161is v\u0105\u0161elis puikiai tinka tiek pradedantiesiems, tiek profesionalams. Precizi\u0161kai \u0161lifuota galvut\u0117, pagaminta naudojant originalius <i>Tulip<\/i> metodus, leid\u017eia lengvai paimti si\u016bl\u0105 ir palaikyti tolyg\u0173 tempim\u0105.<\/p>\n<p><b>Ilgis:<\/b> 13,5 cm<\/p>\n<p><b>Med\u017eiaga:<\/b> plienas<\/p>\n<p><b>Rankena:<\/b> silikonas<\/p>\n<p><b>Kilm\u0117s \u0161alis:<\/b> Japonija<\/p>\n<p>Pastaba: spalv\u0173 atspalviai gali \u0161iek tiek skirtis priklausomai nuo \u012frenginio ekrano.<\/p>\n","protected":false},"excerpt":{"rendered":"<p>Tulip Etimo Gray serijos v\u0105\u0161eliai sukurti taip, kad nat\u016braliai priglust\u0173 prie rankos ir u\u017etikrint\u0173 itin skland\u0173 mezgim\u0105. D\u0117l ergonomi\u0161kos silikonin\u0117s rankenos su specialiu \u012fdubimu nyk\u0161\u010diui suma\u017einamas rankos nuovargis, tod\u0117l \u0161is v\u0105\u0161elis puikiai tinka tiek pradedantiesiems, tiek profesionalams. Precizi\u0161kai \u0161lifuota galvut\u0117, pagaminta naudojant originalius Tulip metodus, leid\u017eia lengvai paimti si\u016bl\u0105 ir palaikyti tolyg\u0173 tempim\u0105. Ilgis: 13,5 [&hellip;]<\/p>\n","protected":false},"featured_media":6003,"comment_status":"open","ping_status":"closed","template":"","meta":{"_acf_changed":false},"product_brand":[757],"product_cat":[15,19,870],"product_tag":[],"pro-kategorijos":[],"class_list":{"0":"post-6002","1":"product","2":"type-product","3":"status-publish","4":"has-post-thumbnail","6":"product_brand-tulip","7":"product_cat-visi-produktai","8":"product_cat-mezgimo-priemones","9":"product_cat-nerimo-vaseliai","11":"first","12":"instock","13":"shipping-taxable","14":"purchasable","15":"product-type-variable"},"acf":[],"yoast_head":"<!-- This site is optimized with the Yoast SEO plugin v26.8 - https:\/\/yoast.com\/product\/yoast-seo-wordpress\/ -->\n<title>Tulip Etimo Grey v\u0105\u0161elis - Happyinaknit.com<\/title>\n<meta name=\"robots\" content=\"index, follow, max-snippet:-1, max-image-preview:large, max-video-preview:-1\" \/>\n<link rel=\"canonical\" href=\"https:\/\/happyinaknit.com\/lt\/produktas\/tulip-etimo-grey-vaselis\/\" \/>\n<meta property=\"og:locale\" content=\"lt_LT\" \/>\n<meta property=\"og:type\" content=\"article\" \/>\n<meta property=\"og:title\" content=\"Tulip Etimo Grey v\u0105\u0161elis - Happyinaknit.com\" \/>\n<meta property=\"og:description\" content=\"Tulip Etimo Gray serijos v\u0105\u0161eliai sukurti taip, kad nat\u016braliai priglust\u0173 prie rankos ir u\u017etikrint\u0173 itin skland\u0173 mezgim\u0105. D\u0117l ergonomi\u0161kos silikonin\u0117s rankenos su specialiu \u012fdubimu nyk\u0161\u010diui suma\u017einamas rankos nuovargis, tod\u0117l \u0161is v\u0105\u0161elis puikiai tinka tiek pradedantiesiems, tiek profesionalams. Precizi\u0161kai \u0161lifuota galvut\u0117, pagaminta naudojant originalius Tulip metodus, leid\u017eia lengvai paimti si\u016bl\u0105 ir palaikyti tolyg\u0173 tempim\u0105. Ilgis: 13,5 [&hellip;]\" \/>\n<meta property=\"og:url\" content=\"https:\/\/happyinaknit.com\/lt\/produktas\/tulip-etimo-grey-vaselis\/\" \/>\n<meta property=\"og:site_name\" content=\"Happyinaknit.com\" \/>\n<meta property=\"article:modified_time\" content=\"2025-10-28T12:10:39+00:00\" \/>\n<meta property=\"og:image\" content=\"https:\/\/happyinaknit.com\/wp-content\/uploads\/2025\/10\/1-3.png.webp\" \/>\n\t<meta property=\"og:image:width\" content=\"299\" \/>\n\t<meta property=\"og:image:height\" content=\"536\" \/>\n\t<meta property=\"og:image:type\" content=\"image\/webp\" \/>\n<meta name=\"twitter:card\" content=\"summary_large_image\" \/>\n<script type=\"application\/ld+json\" class=\"yoast-schema-graph\">{\"@context\":\"https:\/\/schema.org\",\"@graph\":[{\"@type\":\"WebPage\",\"@id\":\"https:\/\/happyinaknit.com\/produktas\/tulip-etimo-grey-vaselis\/\",\"url\":\"https:\/\/happyinaknit.com\/produktas\/tulip-etimo-grey-vaselis\/\",\"name\":\"Tulip Etimo Grey v\u0105\u0161elis - Happyinaknit.com\",\"isPartOf\":{\"@id\":\"https:\/\/happyinaknit.com\/lt\/#website\"},\"primaryImageOfPage\":{\"@id\":\"https:\/\/happyinaknit.com\/produktas\/tulip-etimo-grey-vaselis\/#primaryimage\"},\"image\":{\"@id\":\"https:\/\/happyinaknit.com\/produktas\/tulip-etimo-grey-vaselis\/#primaryimage\"},\"thumbnailUrl\":\"https:\/\/happyinaknit.com\/wp-content\/uploads\/2025\/10\/1-3.png.webp\",\"datePublished\":\"2025-10-18T20:19:15+00:00\",\"dateModified\":\"2025-10-28T12:10:39+00:00\",\"breadcrumb\":{\"@id\":\"https:\/\/happyinaknit.com\/produktas\/tulip-etimo-grey-vaselis\/#breadcrumb\"},\"inLanguage\":\"lt-LT\",\"potentialAction\":[{\"@type\":\"ReadAction\",\"target\":[\"https:\/\/happyinaknit.com\/produktas\/tulip-etimo-grey-vaselis\/\"]}]},{\"@type\":\"ImageObject\",\"inLanguage\":\"lt-LT\",\"@id\":\"https:\/\/happyinaknit.com\/produktas\/tulip-etimo-grey-vaselis\/#primaryimage\",\"url\":\"https:\/\/happyinaknit.com\/wp-content\/uploads\/2025\/10\/1-3.png.webp\",\"contentUrl\":\"https:\/\/happyinaknit.com\/wp-content\/uploads\/2025\/10\/1-3.png.webp\",\"width\":299,\"height\":536},{\"@type\":\"BreadcrumbList\",\"@id\":\"https:\/\/happyinaknit.com\/produktas\/tulip-etimo-grey-vaselis\/#breadcrumb\",\"itemListElement\":[{\"@type\":\"ListItem\",\"position\":1,\"name\":\"Home\",\"item\":\"https:\/\/happyinaknit.com\/lt\/\"},{\"@type\":\"ListItem\",\"position\":2,\"name\":\"Parduotuv\u0117\",\"item\":\"https:\/\/happyinaknit.com\/lt\/parduotuve\/\"},{\"@type\":\"ListItem\",\"position\":3,\"name\":\"Tulip Etimo Grey v\u0105\u0161elis\"}]},{\"@type\":\"WebSite\",\"@id\":\"https:\/\/happyinaknit.com\/lt\/#website\",\"url\":\"https:\/\/happyinaknit.com\/lt\/\",\"name\":\"Happyinaknit.com\",\"description\":\"\",\"potentialAction\":[{\"@type\":\"SearchAction\",\"target\":{\"@type\":\"EntryPoint\",\"urlTemplate\":\"https:\/\/happyinaknit.com\/lt\/?s={search_term_string}\"},\"query-input\":{\"@type\":\"PropertyValueSpecification\",\"valueRequired\":true,\"valueName\":\"search_term_string\"}}],\"inLanguage\":\"lt-LT\"}]}<\/script>\n<!-- \/ Yoast SEO plugin. -->","yoast_head_json":{"title":"Tulip Etimo Grey v\u0105\u0161elis - Happyinaknit.com","robots":{"index":"index","follow":"follow","max-snippet":"max-snippet:-1","max-image-preview":"max-image-preview:large","max-video-preview":"max-video-preview:-1"},"canonical":"https:\/\/happyinaknit.com\/lt\/produktas\/tulip-etimo-grey-vaselis\/","og_locale":"lt_LT","og_type":"article","og_title":"Tulip Etimo Grey v\u0105\u0161elis - Happyinaknit.com","og_description":"Tulip Etimo Gray serijos v\u0105\u0161eliai sukurti taip, kad nat\u016braliai priglust\u0173 prie rankos ir u\u017etikrint\u0173 itin skland\u0173 mezgim\u0105. D\u0117l ergonomi\u0161kos silikonin\u0117s rankenos su specialiu \u012fdubimu nyk\u0161\u010diui suma\u017einamas rankos nuovargis, tod\u0117l \u0161is v\u0105\u0161elis puikiai tinka tiek pradedantiesiems, tiek profesionalams. Precizi\u0161kai \u0161lifuota galvut\u0117, pagaminta naudojant originalius Tulip metodus, leid\u017eia lengvai paimti si\u016bl\u0105 ir palaikyti tolyg\u0173 tempim\u0105. Ilgis: 13,5 [&hellip;]","og_url":"https:\/\/happyinaknit.com\/lt\/produktas\/tulip-etimo-grey-vaselis\/","og_site_name":"Happyinaknit.com","article_modified_time":"2025-10-28T12:10:39+00:00","og_image":[{"width":299,"height":536,"url":"https:\/\/happyinaknit.com\/wp-content\/uploads\/2025\/10\/1-3.png.webp","type":"image\/webp"}],"twitter_card":"summary_large_image","schema":{"@context":"https:\/\/schema.org","@graph":[{"@type":"WebPage","@id":"https:\/\/happyinaknit.com\/produktas\/tulip-etimo-grey-vaselis\/","url":"https:\/\/happyinaknit.com\/produktas\/tulip-etimo-grey-vaselis\/","name":"Tulip Etimo Grey v\u0105\u0161elis - Happyinaknit.com","isPartOf":{"@id":"https:\/\/happyinaknit.com\/lt\/#website"},"primaryImageOfPage":{"@id":"https:\/\/happyinaknit.com\/produktas\/tulip-etimo-grey-vaselis\/#primaryimage"},"image":{"@id":"https:\/\/happyinaknit.com\/produktas\/tulip-etimo-grey-vaselis\/#primaryimage"},"thumbnailUrl":"https:\/\/happyinaknit.com\/wp-content\/uploads\/2025\/10\/1-3.png.webp","datePublished":"2025-10-18T20:19:15+00:00","dateModified":"2025-10-28T12:10:39+00:00","breadcrumb":{"@id":"https:\/\/happyinaknit.com\/produktas\/tulip-etimo-grey-vaselis\/#breadcrumb"},"inLanguage":"lt-LT","potentialAction":[{"@type":"ReadAction","target":["https:\/\/happyinaknit.com\/produktas\/tulip-etimo-grey-vaselis\/"]}]},{"@type":"ImageObject","inLanguage":"lt-LT","@id":"https:\/\/happyinaknit.com\/produktas\/tulip-etimo-grey-vaselis\/#primaryimage","url":"https:\/\/happyinaknit.com\/wp-content\/uploads\/2025\/10\/1-3.png.webp","contentUrl":"https:\/\/happyinaknit.com\/wp-content\/uploads\/2025\/10\/1-3.png.webp","width":299,"height":536},{"@type":"BreadcrumbList","@id":"https:\/\/happyinaknit.com\/produktas\/tulip-etimo-grey-vaselis\/#breadcrumb","itemListElement":[{"@type":"ListItem","position":1,"name":"Home","item":"https:\/\/happyinaknit.com\/lt\/"},{"@type":"ListItem","position":2,"name":"Parduotuv\u0117","item":"https:\/\/happyinaknit.com\/lt\/parduotuve\/"},{"@type":"ListItem","position":3,"name":"Tulip Etimo Grey v\u0105\u0161elis"}]},{"@type":"WebSite","@id":"https:\/\/happyinaknit.com\/lt\/#website","url":"https:\/\/happyinaknit.com\/lt\/","name":"Happyinaknit.com","description":"","potentialAction":[{"@type":"SearchAction","target":{"@type":"EntryPoint","urlTemplate":"https:\/\/happyinaknit.com\/lt\/?s={search_term_string}"},"query-input":{"@type":"PropertyValueSpecification","valueRequired":true,"valueName":"search_term_string"}}],"inLanguage":"lt-LT"}]}},"_links":{"self":[{"href":"https:\/\/happyinaknit.com\/lt\/wp-json\/wp\/v2\/product\/6002","targetHints":{"allow":["GET"]}}],"collection":[{"href":"https:\/\/happyinaknit.com\/lt\/wp-json\/wp\/v2\/product"}],"about":[{"href":"https:\/\/happyinaknit.com\/lt\/wp-json\/wp\/v2\/types\/product"}],"replies":[{"embeddable":true,"href":"https:\/\/happyinaknit.com\/lt\/wp-json\/wp\/v2\/comments?post=6002"}],"wp:featuredmedia":[{"embeddable":true,"href":"https:\/\/happyinaknit.com\/lt\/wp-json\/wp\/v2\/media\/6003"}],"wp:attachment":[{"href":"https:\/\/happyinaknit.com\/lt\/wp-json\/wp\/v2\/media?parent=6002"}],"wp:term":[{"taxonomy":"product_brand","embeddable":true,"href":"https:\/\/happyinaknit.com\/lt\/wp-json\/wp\/v2\/product_brand?post=6002"},{"taxonomy":"product_cat","embeddable":true,"href":"https:\/\/happyinaknit.com\/lt\/wp-json\/wp\/v2\/product_cat?post=6002"},{"taxonomy":"product_tag","embeddable":true,"href":"https:\/\/happyinaknit.com\/lt\/wp-json\/wp\/v2\/product_tag?post=6002"},{"taxonomy":"pro-kategorijos","embeddable":true,"href":"https:\/\/happyinaknit.com\/lt\/wp-json\/wp\/v2\/pro-kategorijos?post=6002"}],"curies":[{"name":"wp","href":"https:\/\/api.w.org\/{rel}","templated":true}]}}