{"id":5941,"date":"2025-10-18T18:03:17","date_gmt":"2025-10-18T18:03:17","guid":{"rendered":"https:\/\/happyinaknit.com\/?post_type=product&#038;p=5941"},"modified":"2025-11-24T15:25:45","modified_gmt":"2025-11-24T15:25:45","slug":"tulip-bambukiniai-virbalai-su-valu-100-cm","status":"publish","type":"product","link":"https:\/\/happyinaknit.com\/lt\/produktas\/tulip-bambukiniai-virbalai-su-valu-100-cm\/","title":{"rendered":"Tulip Bambukiniai Virbalai Su Valu 100 cm"},"content":{"rendered":"<p>Auk\u0161tos kokyb\u0117s <b>Tulip<\/b> bambukiniai virbalai su valu \u2013 itin patog\u016bs ir ilgaam\u017eiai. Bambuko virbalai yra lengvi, \u0161veln\u016bs ir \u0161ilti lie\u010diant, o valas \u2013 elastingas, tvirtas bei nesusisukantis.<\/p>\n<p>\u0160io ilgio virbalai puikiai tinka didesniems mezginiams: megztiniams, liemen\u0117ms, pledams ar kitoms didel\u0117ms detal\u0117ms.<\/p>\n<p><b>Bendras ilgis<\/b><b>:<\/b> 100 cm<\/p>\n<p><b>Med\u017eiaga:<\/b> bambukas, plastikinis valas<\/p>\n<p><b>Gamintojas:<\/b> Tulip (Japonija)<\/p>\n<p><b>Pastaba:<\/b> spalv\u0173 atspalviai gali \u0161iek tiek skirtis priklausomai nuo \u012frenginio ekrano.<\/p>\n","protected":false},"excerpt":{"rendered":"<p>Auk\u0161tos kokyb\u0117s Tulip bambukiniai virbalai su valu \u2013 itin patog\u016bs ir ilgaam\u017eiai. Bambuko virbalai yra lengvi, \u0161veln\u016bs ir \u0161ilti lie\u010diant, o valas \u2013 elastingas, tvirtas bei nesusisukantis. \u0160io ilgio virbalai puikiai tinka didesniems mezginiams: megztiniams, liemen\u0117ms, pledams ar kitoms didel\u0117ms detal\u0117ms. Bendras ilgis: 100 cm Med\u017eiaga: bambukas, plastikinis valas Gamintojas: Tulip (Japonija) Pastaba: spalv\u0173 atspalviai [&hellip;]<\/p>\n","protected":false},"featured_media":5915,"comment_status":"open","ping_status":"closed","template":"","meta":{"_acf_changed":false},"product_brand":[757],"product_cat":[15,19,862],"product_tag":[],"pro-kategorijos":[],"class_list":{"0":"post-5941","1":"product","2":"type-product","3":"status-publish","4":"has-post-thumbnail","6":"product_brand-tulip","7":"product_cat-visi-produktai","8":"product_cat-mezgimo-priemones","9":"product_cat-virbalai-su-valu","11":"first","12":"instock","13":"shipping-taxable","14":"purchasable","15":"product-type-variable"},"acf":[],"yoast_head":"<!-- This site is optimized with the Yoast SEO plugin v26.8 - https:\/\/yoast.com\/product\/yoast-seo-wordpress\/ -->\n<title>Tulip Bambukiniai Virbalai Su Valu 100 cm - Happyinaknit.com<\/title>\n<meta name=\"robots\" content=\"index, follow, max-snippet:-1, max-image-preview:large, max-video-preview:-1\" \/>\n<link rel=\"canonical\" href=\"https:\/\/happyinaknit.com\/lt\/produktas\/tulip-bambukiniai-virbalai-su-valu-100-cm\/\" \/>\n<meta property=\"og:locale\" content=\"lt_LT\" \/>\n<meta property=\"og:type\" content=\"article\" \/>\n<meta property=\"og:title\" content=\"Tulip Bambukiniai Virbalai Su Valu 100 cm - Happyinaknit.com\" \/>\n<meta property=\"og:description\" content=\"Auk\u0161tos kokyb\u0117s Tulip bambukiniai virbalai su valu \u2013 itin patog\u016bs ir ilgaam\u017eiai. Bambuko virbalai yra lengvi, \u0161veln\u016bs ir \u0161ilti lie\u010diant, o valas \u2013 elastingas, tvirtas bei nesusisukantis. \u0160io ilgio virbalai puikiai tinka didesniems mezginiams: megztiniams, liemen\u0117ms, pledams ar kitoms didel\u0117ms detal\u0117ms. Bendras ilgis: 100 cm Med\u017eiaga: bambukas, plastikinis valas Gamintojas: Tulip (Japonija) Pastaba: spalv\u0173 atspalviai [&hellip;]\" \/>\n<meta property=\"og:url\" content=\"https:\/\/happyinaknit.com\/lt\/produktas\/tulip-bambukiniai-virbalai-su-valu-100-cm\/\" \/>\n<meta property=\"og:site_name\" content=\"Happyinaknit.com\" \/>\n<meta property=\"article:modified_time\" content=\"2025-11-24T15:25:45+00:00\" \/>\n<meta property=\"og:image\" content=\"https:\/\/happyinaknit.com\/wp-content\/uploads\/2025\/10\/51Dd8b9cvUS._UF8941000_QL80_.jpg\" \/>\n\t<meta property=\"og:image:width\" content=\"894\" \/>\n\t<meta property=\"og:image:height\" content=\"894\" \/>\n\t<meta property=\"og:image:type\" content=\"image\/jpeg\" \/>\n<meta name=\"twitter:card\" content=\"summary_large_image\" \/>\n<script type=\"application\/ld+json\" class=\"yoast-schema-graph\">{\"@context\":\"https:\/\/schema.org\",\"@graph\":[{\"@type\":\"WebPage\",\"@id\":\"https:\/\/happyinaknit.com\/produktas\/tulip-bambukiniai-virbalai-su-valu-100-cm\/\",\"url\":\"https:\/\/happyinaknit.com\/produktas\/tulip-bambukiniai-virbalai-su-valu-100-cm\/\",\"name\":\"Tulip Bambukiniai Virbalai Su Valu 100 cm - Happyinaknit.com\",\"isPartOf\":{\"@id\":\"https:\/\/happyinaknit.com\/lt\/#website\"},\"primaryImageOfPage\":{\"@id\":\"https:\/\/happyinaknit.com\/produktas\/tulip-bambukiniai-virbalai-su-valu-100-cm\/#primaryimage\"},\"image\":{\"@id\":\"https:\/\/happyinaknit.com\/produktas\/tulip-bambukiniai-virbalai-su-valu-100-cm\/#primaryimage\"},\"thumbnailUrl\":\"https:\/\/happyinaknit.com\/wp-content\/uploads\/2025\/10\/51Dd8b9cvUS._UF8941000_QL80_.jpg\",\"datePublished\":\"2025-10-18T18:03:17+00:00\",\"dateModified\":\"2025-11-24T15:25:45+00:00\",\"breadcrumb\":{\"@id\":\"https:\/\/happyinaknit.com\/produktas\/tulip-bambukiniai-virbalai-su-valu-100-cm\/#breadcrumb\"},\"inLanguage\":\"lt-LT\",\"potentialAction\":[{\"@type\":\"ReadAction\",\"target\":[\"https:\/\/happyinaknit.com\/produktas\/tulip-bambukiniai-virbalai-su-valu-100-cm\/\"]}]},{\"@type\":\"ImageObject\",\"inLanguage\":\"lt-LT\",\"@id\":\"https:\/\/happyinaknit.com\/produktas\/tulip-bambukiniai-virbalai-su-valu-100-cm\/#primaryimage\",\"url\":\"https:\/\/happyinaknit.com\/wp-content\/uploads\/2025\/10\/51Dd8b9cvUS._UF8941000_QL80_.jpg\",\"contentUrl\":\"https:\/\/happyinaknit.com\/wp-content\/uploads\/2025\/10\/51Dd8b9cvUS._UF8941000_QL80_.jpg\",\"width\":894,\"height\":894},{\"@type\":\"BreadcrumbList\",\"@id\":\"https:\/\/happyinaknit.com\/produktas\/tulip-bambukiniai-virbalai-su-valu-100-cm\/#breadcrumb\",\"itemListElement\":[{\"@type\":\"ListItem\",\"position\":1,\"name\":\"Home\",\"item\":\"https:\/\/happyinaknit.com\/lt\/\"},{\"@type\":\"ListItem\",\"position\":2,\"name\":\"Parduotuv\u0117\",\"item\":\"https:\/\/happyinaknit.com\/lt\/parduotuve\/\"},{\"@type\":\"ListItem\",\"position\":3,\"name\":\"Tulip Bambukiniai Virbalai Su Valu 100 cm\"}]},{\"@type\":\"WebSite\",\"@id\":\"https:\/\/happyinaknit.com\/lt\/#website\",\"url\":\"https:\/\/happyinaknit.com\/lt\/\",\"name\":\"Happyinaknit.com\",\"description\":\"\",\"potentialAction\":[{\"@type\":\"SearchAction\",\"target\":{\"@type\":\"EntryPoint\",\"urlTemplate\":\"https:\/\/happyinaknit.com\/lt\/?s={search_term_string}\"},\"query-input\":{\"@type\":\"PropertyValueSpecification\",\"valueRequired\":true,\"valueName\":\"search_term_string\"}}],\"inLanguage\":\"lt-LT\"}]}<\/script>\n<!-- \/ Yoast SEO plugin. -->","yoast_head_json":{"title":"Tulip Bambukiniai Virbalai Su Valu 100 cm - Happyinaknit.com","robots":{"index":"index","follow":"follow","max-snippet":"max-snippet:-1","max-image-preview":"max-image-preview:large","max-video-preview":"max-video-preview:-1"},"canonical":"https:\/\/happyinaknit.com\/lt\/produktas\/tulip-bambukiniai-virbalai-su-valu-100-cm\/","og_locale":"lt_LT","og_type":"article","og_title":"Tulip Bambukiniai Virbalai Su Valu 100 cm - Happyinaknit.com","og_description":"Auk\u0161tos kokyb\u0117s Tulip bambukiniai virbalai su valu \u2013 itin patog\u016bs ir ilgaam\u017eiai. Bambuko virbalai yra lengvi, \u0161veln\u016bs ir \u0161ilti lie\u010diant, o valas \u2013 elastingas, tvirtas bei nesusisukantis. \u0160io ilgio virbalai puikiai tinka didesniems mezginiams: megztiniams, liemen\u0117ms, pledams ar kitoms didel\u0117ms detal\u0117ms. Bendras ilgis: 100 cm Med\u017eiaga: bambukas, plastikinis valas Gamintojas: Tulip (Japonija) Pastaba: spalv\u0173 atspalviai [&hellip;]","og_url":"https:\/\/happyinaknit.com\/lt\/produktas\/tulip-bambukiniai-virbalai-su-valu-100-cm\/","og_site_name":"Happyinaknit.com","article_modified_time":"2025-11-24T15:25:45+00:00","og_image":[{"width":894,"height":894,"url":"https:\/\/happyinaknit.com\/wp-content\/uploads\/2025\/10\/51Dd8b9cvUS._UF8941000_QL80_.jpg","type":"image\/jpeg"}],"twitter_card":"summary_large_image","schema":{"@context":"https:\/\/schema.org","@graph":[{"@type":"WebPage","@id":"https:\/\/happyinaknit.com\/produktas\/tulip-bambukiniai-virbalai-su-valu-100-cm\/","url":"https:\/\/happyinaknit.com\/produktas\/tulip-bambukiniai-virbalai-su-valu-100-cm\/","name":"Tulip Bambukiniai Virbalai Su Valu 100 cm - Happyinaknit.com","isPartOf":{"@id":"https:\/\/happyinaknit.com\/lt\/#website"},"primaryImageOfPage":{"@id":"https:\/\/happyinaknit.com\/produktas\/tulip-bambukiniai-virbalai-su-valu-100-cm\/#primaryimage"},"image":{"@id":"https:\/\/happyinaknit.com\/produktas\/tulip-bambukiniai-virbalai-su-valu-100-cm\/#primaryimage"},"thumbnailUrl":"https:\/\/happyinaknit.com\/wp-content\/uploads\/2025\/10\/51Dd8b9cvUS._UF8941000_QL80_.jpg","datePublished":"2025-10-18T18:03:17+00:00","dateModified":"2025-11-24T15:25:45+00:00","breadcrumb":{"@id":"https:\/\/happyinaknit.com\/produktas\/tulip-bambukiniai-virbalai-su-valu-100-cm\/#breadcrumb"},"inLanguage":"lt-LT","potentialAction":[{"@type":"ReadAction","target":["https:\/\/happyinaknit.com\/produktas\/tulip-bambukiniai-virbalai-su-valu-100-cm\/"]}]},{"@type":"ImageObject","inLanguage":"lt-LT","@id":"https:\/\/happyinaknit.com\/produktas\/tulip-bambukiniai-virbalai-su-valu-100-cm\/#primaryimage","url":"https:\/\/happyinaknit.com\/wp-content\/uploads\/2025\/10\/51Dd8b9cvUS._UF8941000_QL80_.jpg","contentUrl":"https:\/\/happyinaknit.com\/wp-content\/uploads\/2025\/10\/51Dd8b9cvUS._UF8941000_QL80_.jpg","width":894,"height":894},{"@type":"BreadcrumbList","@id":"https:\/\/happyinaknit.com\/produktas\/tulip-bambukiniai-virbalai-su-valu-100-cm\/#breadcrumb","itemListElement":[{"@type":"ListItem","position":1,"name":"Home","item":"https:\/\/happyinaknit.com\/lt\/"},{"@type":"ListItem","position":2,"name":"Parduotuv\u0117","item":"https:\/\/happyinaknit.com\/lt\/parduotuve\/"},{"@type":"ListItem","position":3,"name":"Tulip Bambukiniai Virbalai Su Valu 100 cm"}]},{"@type":"WebSite","@id":"https:\/\/happyinaknit.com\/lt\/#website","url":"https:\/\/happyinaknit.com\/lt\/","name":"Happyinaknit.com","description":"","potentialAction":[{"@type":"SearchAction","target":{"@type":"EntryPoint","urlTemplate":"https:\/\/happyinaknit.com\/lt\/?s={search_term_string}"},"query-input":{"@type":"PropertyValueSpecification","valueRequired":true,"valueName":"search_term_string"}}],"inLanguage":"lt-LT"}]}},"_links":{"self":[{"href":"https:\/\/happyinaknit.com\/lt\/wp-json\/wp\/v2\/product\/5941","targetHints":{"allow":["GET"]}}],"collection":[{"href":"https:\/\/happyinaknit.com\/lt\/wp-json\/wp\/v2\/product"}],"about":[{"href":"https:\/\/happyinaknit.com\/lt\/wp-json\/wp\/v2\/types\/product"}],"replies":[{"embeddable":true,"href":"https:\/\/happyinaknit.com\/lt\/wp-json\/wp\/v2\/comments?post=5941"}],"wp:featuredmedia":[{"embeddable":true,"href":"https:\/\/happyinaknit.com\/lt\/wp-json\/wp\/v2\/media\/5915"}],"wp:attachment":[{"href":"https:\/\/happyinaknit.com\/lt\/wp-json\/wp\/v2\/media?parent=5941"}],"wp:term":[{"taxonomy":"product_brand","embeddable":true,"href":"https:\/\/happyinaknit.com\/lt\/wp-json\/wp\/v2\/product_brand?post=5941"},{"taxonomy":"product_cat","embeddable":true,"href":"https:\/\/happyinaknit.com\/lt\/wp-json\/wp\/v2\/product_cat?post=5941"},{"taxonomy":"product_tag","embeddable":true,"href":"https:\/\/happyinaknit.com\/lt\/wp-json\/wp\/v2\/product_tag?post=5941"},{"taxonomy":"pro-kategorijos","embeddable":true,"href":"https:\/\/happyinaknit.com\/lt\/wp-json\/wp\/v2\/pro-kategorijos?post=5941"}],"curies":[{"name":"wp","href":"https:\/\/api.w.org\/{rel}","templated":true}]}}