{"id":5900,"date":"2025-10-18T16:29:47","date_gmt":"2025-10-18T16:29:47","guid":{"rendered":"https:\/\/happyinaknit.com\/?post_type=product&#038;p=5900"},"modified":"2025-10-28T12:24:15","modified_gmt":"2025-10-28T12:24:15","slug":"tulip-mezgimo-zymekliai-tulpes-%f0%9f%8c%b7","status":"publish","type":"product","link":"https:\/\/happyinaknit.com\/lt\/produktas\/tulip-mezgimo-zymekliai-tulpes-%f0%9f%8c%b7\/","title":{"rendered":"Tulip Mezgimo \u017dymekliai \u201eTulp\u0117s\u201c \ud83c\udf37"},"content":{"rendered":"<p>\u017dav\u016bs \u201eTulip\u201c plastikiniai mezgimo \u017eymekliai tulp\u0117s formos pad\u0117s patogiai \u017eym\u0117ti eiles, ra\u0161t\u0173 pasikartojimus ar tam tikras mezginio vietas. \u017dymekliai turi u\u017erakt\u0105, tod\u0117l tvirtai laikosi ir lengvai u\u017esifiksuoja ant mezginio.<\/p>\n<p>Rinkinyje yra trij\u0173 spalv\u0173 \u017eymekliai \u2013 ro\u017einiai, \u017eali ir melsvi \u2013 kurie suteikia j\u016bs\u0173 mezgimui spalvingumo ir tvarkos.<\/p>\n<p><b>Rinkin\u012f sudaro:<\/b> 7 \u017eymekliai<\/p>\n<p><b>Spalvos:<\/b> ro\u017ein\u0117, \u017ealia, melsva<\/p>\n<p><b>Med\u017eiaga:<\/b> plastikas<\/p>\n<p><b>Savyb\u0117s:<\/b><b><\/b><\/p>\n<p>\u2022Patog\u016bs u\u017esegami \u017eymekliai<\/p>\n<p>\u2022Tinka tiek mezgimui, tiek n\u0117rimui<\/p>\n<p>\u2022Lengvi ir daugkartinio naudojimo<\/p>\n<p>\u2022Ry\u0161kios, d\u017eiuginan\u010dios spalvos<\/p>\n<p><b>Pastaba:<\/b> spalv\u0173 atspalviai gali \u0161iek tiek skirtis priklausomai nuo \u012frenginio ekrano.<\/p>\n","protected":false},"excerpt":{"rendered":"<p>\u017dav\u016bs \u201eTulip\u201c plastikiniai mezgimo \u017eymekliai tulp\u0117s formos pad\u0117s patogiai \u017eym\u0117ti eiles, ra\u0161t\u0173 pasikartojimus ar tam tikras mezginio vietas. \u017dymekliai turi u\u017erakt\u0105, tod\u0117l tvirtai laikosi ir lengvai u\u017esifiksuoja ant mezginio. Rinkinyje yra trij\u0173 spalv\u0173 \u017eymekliai \u2013 ro\u017einiai, \u017eali ir melsvi \u2013 kurie suteikia j\u016bs\u0173 mezgimui spalvingumo ir tvarkos. Rinkin\u012f sudaro: 7 \u017eymekliai Spalvos: ro\u017ein\u0117, \u017ealia, melsva [&hellip;]<\/p>\n","protected":false},"featured_media":7084,"comment_status":"open","ping_status":"closed","template":"","meta":{"_acf_changed":false},"product_brand":[757],"product_cat":[15,20,1081],"product_tag":[],"pro-kategorijos":[],"class_list":{"0":"post-5900","1":"product","2":"type-product","3":"status-publish","4":"has-post-thumbnail","6":"product_brand-tulip","7":"product_cat-visi-produktai","8":"product_cat-priedai-mezgimui","9":"product_cat-zymekliai","11":"first","12":"instock","13":"shipping-taxable","14":"purchasable","15":"product-type-variable"},"acf":[],"yoast_head":"<!-- This site is optimized with the Yoast SEO plugin v26.8 - https:\/\/yoast.com\/product\/yoast-seo-wordpress\/ -->\n<title>Tulip Mezgimo \u017dymekliai \u201eTulp\u0117s\u201c \ud83c\udf37 - Happyinaknit.com<\/title>\n<meta name=\"robots\" content=\"index, follow, max-snippet:-1, max-image-preview:large, max-video-preview:-1\" \/>\n<link rel=\"canonical\" href=\"https:\/\/happyinaknit.com\/lt\/produktas\/tulip-mezgimo-zymekliai-tulpes-\ud83c\udf37\/\" \/>\n<meta property=\"og:locale\" content=\"lt_LT\" \/>\n<meta property=\"og:type\" content=\"article\" \/>\n<meta property=\"og:title\" content=\"Tulip Mezgimo \u017dymekliai \u201eTulp\u0117s\u201c \ud83c\udf37 - Happyinaknit.com\" \/>\n<meta property=\"og:description\" content=\"\u017dav\u016bs \u201eTulip\u201c plastikiniai mezgimo \u017eymekliai tulp\u0117s formos pad\u0117s patogiai \u017eym\u0117ti eiles, ra\u0161t\u0173 pasikartojimus ar tam tikras mezginio vietas. \u017dymekliai turi u\u017erakt\u0105, tod\u0117l tvirtai laikosi ir lengvai u\u017esifiksuoja ant mezginio. Rinkinyje yra trij\u0173 spalv\u0173 \u017eymekliai \u2013 ro\u017einiai, \u017eali ir melsvi \u2013 kurie suteikia j\u016bs\u0173 mezgimui spalvingumo ir tvarkos. Rinkin\u012f sudaro: 7 \u017eymekliai Spalvos: ro\u017ein\u0117, \u017ealia, melsva [&hellip;]\" \/>\n<meta property=\"og:url\" content=\"https:\/\/happyinaknit.com\/lt\/produktas\/tulip-mezgimo-zymekliai-tulpes-\ud83c\udf37\/\" \/>\n<meta property=\"og:site_name\" content=\"Happyinaknit.com\" \/>\n<meta property=\"article:modified_time\" content=\"2025-10-28T12:24:15+00:00\" \/>\n<meta property=\"og:image\" content=\"https:\/\/happyinaknit.com\/wp-content\/uploads\/2025\/10\/AC-080E-2_grande.webp.jpeg\" \/>\n\t<meta property=\"og:image:width\" content=\"583\" \/>\n\t<meta property=\"og:image:height\" content=\"583\" \/>\n\t<meta property=\"og:image:type\" content=\"image\/jpeg\" \/>\n<meta name=\"twitter:card\" content=\"summary_large_image\" \/>\n<meta name=\"twitter:label1\" content=\"Est. reading time\" \/>\n\t<meta name=\"twitter:data1\" content=\"1 minut\u0117\" \/>\n<script type=\"application\/ld+json\" class=\"yoast-schema-graph\">{\"@context\":\"https:\/\/schema.org\",\"@graph\":[{\"@type\":\"WebPage\",\"@id\":\"https:\/\/happyinaknit.com\/produktas\/tulip-mezgimo-zymekliai-tulpes-%f0%9f%8c%b7\/\",\"url\":\"https:\/\/happyinaknit.com\/produktas\/tulip-mezgimo-zymekliai-tulpes-%f0%9f%8c%b7\/\",\"name\":\"Tulip Mezgimo \u017dymekliai \u201eTulp\u0117s\u201c \ud83c\udf37 - Happyinaknit.com\",\"isPartOf\":{\"@id\":\"https:\/\/happyinaknit.com\/lt\/#website\"},\"primaryImageOfPage\":{\"@id\":\"https:\/\/happyinaknit.com\/produktas\/tulip-mezgimo-zymekliai-tulpes-%f0%9f%8c%b7\/#primaryimage\"},\"image\":{\"@id\":\"https:\/\/happyinaknit.com\/produktas\/tulip-mezgimo-zymekliai-tulpes-%f0%9f%8c%b7\/#primaryimage\"},\"thumbnailUrl\":\"https:\/\/happyinaknit.com\/wp-content\/uploads\/2025\/10\/AC-080E-2_grande.webp.jpeg\",\"datePublished\":\"2025-10-18T16:29:47+00:00\",\"dateModified\":\"2025-10-28T12:24:15+00:00\",\"breadcrumb\":{\"@id\":\"https:\/\/happyinaknit.com\/produktas\/tulip-mezgimo-zymekliai-tulpes-%f0%9f%8c%b7\/#breadcrumb\"},\"inLanguage\":\"lt-LT\",\"potentialAction\":[{\"@type\":\"ReadAction\",\"target\":[\"https:\/\/happyinaknit.com\/produktas\/tulip-mezgimo-zymekliai-tulpes-%f0%9f%8c%b7\/\"]}]},{\"@type\":\"ImageObject\",\"inLanguage\":\"lt-LT\",\"@id\":\"https:\/\/happyinaknit.com\/produktas\/tulip-mezgimo-zymekliai-tulpes-%f0%9f%8c%b7\/#primaryimage\",\"url\":\"https:\/\/happyinaknit.com\/wp-content\/uploads\/2025\/10\/AC-080E-2_grande.webp.jpeg\",\"contentUrl\":\"https:\/\/happyinaknit.com\/wp-content\/uploads\/2025\/10\/AC-080E-2_grande.webp.jpeg\",\"width\":583,\"height\":583},{\"@type\":\"BreadcrumbList\",\"@id\":\"https:\/\/happyinaknit.com\/produktas\/tulip-mezgimo-zymekliai-tulpes-%f0%9f%8c%b7\/#breadcrumb\",\"itemListElement\":[{\"@type\":\"ListItem\",\"position\":1,\"name\":\"Home\",\"item\":\"https:\/\/happyinaknit.com\/lt\/\"},{\"@type\":\"ListItem\",\"position\":2,\"name\":\"Parduotuv\u0117\",\"item\":\"https:\/\/happyinaknit.com\/lt\/parduotuve\/\"},{\"@type\":\"ListItem\",\"position\":3,\"name\":\"Tulip Mezgimo \u017dymekliai \u201eTulp\u0117s\u201c \ud83c\udf37\"}]},{\"@type\":\"WebSite\",\"@id\":\"https:\/\/happyinaknit.com\/lt\/#website\",\"url\":\"https:\/\/happyinaknit.com\/lt\/\",\"name\":\"Happyinaknit.com\",\"description\":\"\",\"potentialAction\":[{\"@type\":\"SearchAction\",\"target\":{\"@type\":\"EntryPoint\",\"urlTemplate\":\"https:\/\/happyinaknit.com\/lt\/?s={search_term_string}\"},\"query-input\":{\"@type\":\"PropertyValueSpecification\",\"valueRequired\":true,\"valueName\":\"search_term_string\"}}],\"inLanguage\":\"lt-LT\"}]}<\/script>\n<!-- \/ Yoast SEO plugin. -->","yoast_head_json":{"title":"Tulip Mezgimo \u017dymekliai \u201eTulp\u0117s\u201c \ud83c\udf37 - Happyinaknit.com","robots":{"index":"index","follow":"follow","max-snippet":"max-snippet:-1","max-image-preview":"max-image-preview:large","max-video-preview":"max-video-preview:-1"},"canonical":"https:\/\/happyinaknit.com\/lt\/produktas\/tulip-mezgimo-zymekliai-tulpes-\ud83c\udf37\/","og_locale":"lt_LT","og_type":"article","og_title":"Tulip Mezgimo \u017dymekliai \u201eTulp\u0117s\u201c \ud83c\udf37 - Happyinaknit.com","og_description":"\u017dav\u016bs \u201eTulip\u201c plastikiniai mezgimo \u017eymekliai tulp\u0117s formos pad\u0117s patogiai \u017eym\u0117ti eiles, ra\u0161t\u0173 pasikartojimus ar tam tikras mezginio vietas. \u017dymekliai turi u\u017erakt\u0105, tod\u0117l tvirtai laikosi ir lengvai u\u017esifiksuoja ant mezginio. Rinkinyje yra trij\u0173 spalv\u0173 \u017eymekliai \u2013 ro\u017einiai, \u017eali ir melsvi \u2013 kurie suteikia j\u016bs\u0173 mezgimui spalvingumo ir tvarkos. Rinkin\u012f sudaro: 7 \u017eymekliai Spalvos: ro\u017ein\u0117, \u017ealia, melsva [&hellip;]","og_url":"https:\/\/happyinaknit.com\/lt\/produktas\/tulip-mezgimo-zymekliai-tulpes-\ud83c\udf37\/","og_site_name":"Happyinaknit.com","article_modified_time":"2025-10-28T12:24:15+00:00","og_image":[{"width":583,"height":583,"url":"https:\/\/happyinaknit.com\/wp-content\/uploads\/2025\/10\/AC-080E-2_grande.webp.jpeg","type":"image\/jpeg"}],"twitter_card":"summary_large_image","twitter_misc":{"Est. reading time":"1 minut\u0117"},"schema":{"@context":"https:\/\/schema.org","@graph":[{"@type":"WebPage","@id":"https:\/\/happyinaknit.com\/produktas\/tulip-mezgimo-zymekliai-tulpes-%f0%9f%8c%b7\/","url":"https:\/\/happyinaknit.com\/produktas\/tulip-mezgimo-zymekliai-tulpes-%f0%9f%8c%b7\/","name":"Tulip Mezgimo \u017dymekliai \u201eTulp\u0117s\u201c \ud83c\udf37 - Happyinaknit.com","isPartOf":{"@id":"https:\/\/happyinaknit.com\/lt\/#website"},"primaryImageOfPage":{"@id":"https:\/\/happyinaknit.com\/produktas\/tulip-mezgimo-zymekliai-tulpes-%f0%9f%8c%b7\/#primaryimage"},"image":{"@id":"https:\/\/happyinaknit.com\/produktas\/tulip-mezgimo-zymekliai-tulpes-%f0%9f%8c%b7\/#primaryimage"},"thumbnailUrl":"https:\/\/happyinaknit.com\/wp-content\/uploads\/2025\/10\/AC-080E-2_grande.webp.jpeg","datePublished":"2025-10-18T16:29:47+00:00","dateModified":"2025-10-28T12:24:15+00:00","breadcrumb":{"@id":"https:\/\/happyinaknit.com\/produktas\/tulip-mezgimo-zymekliai-tulpes-%f0%9f%8c%b7\/#breadcrumb"},"inLanguage":"lt-LT","potentialAction":[{"@type":"ReadAction","target":["https:\/\/happyinaknit.com\/produktas\/tulip-mezgimo-zymekliai-tulpes-%f0%9f%8c%b7\/"]}]},{"@type":"ImageObject","inLanguage":"lt-LT","@id":"https:\/\/happyinaknit.com\/produktas\/tulip-mezgimo-zymekliai-tulpes-%f0%9f%8c%b7\/#primaryimage","url":"https:\/\/happyinaknit.com\/wp-content\/uploads\/2025\/10\/AC-080E-2_grande.webp.jpeg","contentUrl":"https:\/\/happyinaknit.com\/wp-content\/uploads\/2025\/10\/AC-080E-2_grande.webp.jpeg","width":583,"height":583},{"@type":"BreadcrumbList","@id":"https:\/\/happyinaknit.com\/produktas\/tulip-mezgimo-zymekliai-tulpes-%f0%9f%8c%b7\/#breadcrumb","itemListElement":[{"@type":"ListItem","position":1,"name":"Home","item":"https:\/\/happyinaknit.com\/lt\/"},{"@type":"ListItem","position":2,"name":"Parduotuv\u0117","item":"https:\/\/happyinaknit.com\/lt\/parduotuve\/"},{"@type":"ListItem","position":3,"name":"Tulip Mezgimo \u017dymekliai \u201eTulp\u0117s\u201c \ud83c\udf37"}]},{"@type":"WebSite","@id":"https:\/\/happyinaknit.com\/lt\/#website","url":"https:\/\/happyinaknit.com\/lt\/","name":"Happyinaknit.com","description":"","potentialAction":[{"@type":"SearchAction","target":{"@type":"EntryPoint","urlTemplate":"https:\/\/happyinaknit.com\/lt\/?s={search_term_string}"},"query-input":{"@type":"PropertyValueSpecification","valueRequired":true,"valueName":"search_term_string"}}],"inLanguage":"lt-LT"}]}},"_links":{"self":[{"href":"https:\/\/happyinaknit.com\/lt\/wp-json\/wp\/v2\/product\/5900","targetHints":{"allow":["GET"]}}],"collection":[{"href":"https:\/\/happyinaknit.com\/lt\/wp-json\/wp\/v2\/product"}],"about":[{"href":"https:\/\/happyinaknit.com\/lt\/wp-json\/wp\/v2\/types\/product"}],"replies":[{"embeddable":true,"href":"https:\/\/happyinaknit.com\/lt\/wp-json\/wp\/v2\/comments?post=5900"}],"wp:featuredmedia":[{"embeddable":true,"href":"https:\/\/happyinaknit.com\/lt\/wp-json\/wp\/v2\/media\/7084"}],"wp:attachment":[{"href":"https:\/\/happyinaknit.com\/lt\/wp-json\/wp\/v2\/media?parent=5900"}],"wp:term":[{"taxonomy":"product_brand","embeddable":true,"href":"https:\/\/happyinaknit.com\/lt\/wp-json\/wp\/v2\/product_brand?post=5900"},{"taxonomy":"product_cat","embeddable":true,"href":"https:\/\/happyinaknit.com\/lt\/wp-json\/wp\/v2\/product_cat?post=5900"},{"taxonomy":"product_tag","embeddable":true,"href":"https:\/\/happyinaknit.com\/lt\/wp-json\/wp\/v2\/product_tag?post=5900"},{"taxonomy":"pro-kategorijos","embeddable":true,"href":"https:\/\/happyinaknit.com\/lt\/wp-json\/wp\/v2\/pro-kategorijos?post=5900"}],"curies":[{"name":"wp","href":"https:\/\/api.w.org\/{rel}","templated":true}]}}