{"id":5878,"date":"2025-10-18T15:14:09","date_gmt":"2025-10-18T15:14:09","guid":{"rendered":"https:\/\/happyinaknit.com\/?post_type=product&#038;p=5878"},"modified":"2026-04-15T19:36:40","modified_gmt":"2026-04-15T19:36:40","slug":"tulip-projektine-rankdarbiu-krepsys","status":"publish","type":"product","link":"https:\/\/happyinaknit.com\/lt\/produktas\/tulip-projektine-rankdarbiu-krepsys\/","title":{"rendered":"Tulip Projektin\u0117 Rankdarbi\u0173 Krep\u0161ys"},"content":{"rendered":"<p>Stilinga ir funkcionali \u201eTulip\u201c projektin\u0117 rankdarbi\u0173 kuprin\u0117\u2013krep\u0161ys pagaminta i\u0161 lengvo, patvaraus poliesterio. Med\u017eiaga greitai d\u017ei\u016bsta, tod\u0117l \u0161i rankin\u0117 idealiai tinka naudoti tiek namuose, tiek lauke. Rinkinyje yra pagrindin\u0117 rankin\u0117 ir atskiras si\u016bl\u0173 mai\u0161elis.<\/p>\n<p><b>Pagrindin\u0117 rankin\u0117<\/b><b><\/b><\/p>\n<p><b>Dydis:<\/b> 240 \u00d7 220 \u00d7 145 mm<\/p>\n<p>\u2022Talpina visk\u0105, ko reikia mezgimui ar n\u0117rimui: si\u016blus, nebaigtus darbus, virbalus, v\u0105\u0161elius ir \u012fvairius aksesuarus.<\/p>\n<p>\u2022Viduje yra daug ma\u017e\u0173 ki\u0161en\u0117li\u0173 smulkmenoms.<\/p>\n<p>\u2022Didelis i\u0161orinis ki\u0161en\u0117s skyrius puikiai tinka mezgimo schemai ar asmeniniams daiktams laikyti.<\/p>\n<p><b>Si\u016bl\u0173 mai\u0161elis<\/b><b><\/b><\/p>\n<p><b>Dydis:<\/b> 200 \u00d7 200 \u00d7 120 mm<\/p>\n<p>\u2022Vidiniai ki\u0161en\u0117liai \u012frankiams laikyti.<\/p>\n<p>\u2022Su karabinu \u2013 galima pritvirtinti prie dir\u017eo kilpos ar pakabinti bet kur.<\/p>\n<p>\u2022Galima ne\u0161ioti ant peties kaip atskir\u0105 krep\u0161el\u012f si\u016blams.<\/p>\n<p>\u2022Patogus naudoti mezgant \u2013 pad\u0117jus ant stalo, si\u016bl\u0173 kamuolys nei\u0161sisuka.<\/p>\n<p><b>Spalvos:<\/b><b><\/b><\/p>\n<p>\u2022M\u0117lyna , Garsty\u010di\u0173, Fuksijos<\/p>\n<p><b>Savyb\u0117s:<\/b><b><\/b><\/p>\n<p>\u2022Lengvas, tvirtas ir greitai d\u017ei\u016bstantis audinys<\/p>\n<p>\u2022Daugyb\u0117 ki\u0161en\u0117li\u0173 ir patogus vidaus i\u0161d\u0117stymas<\/p>\n<p>\u2022Ideali kelion\u0117ms ir mezgimui lauke<\/p>\n<p>\u2022Stilingas japoni\u0161kas dizainas<\/p>\n<p><b>Pastaba:<\/b> spalv\u0173 atspalviai gali \u0161iek tiek skirtis priklausomai nuo \u012frenginio ekrano.<\/p>\n","protected":false},"excerpt":{"rendered":"<p>Stilinga ir funkcionali \u201eTulip\u201c projektin\u0117 rankdarbi\u0173 kuprin\u0117\u2013krep\u0161ys pagaminta i\u0161 lengvo, patvaraus poliesterio. Med\u017eiaga greitai d\u017ei\u016bsta, tod\u0117l \u0161i rankin\u0117 idealiai tinka naudoti tiek namuose, tiek lauke. Rinkinyje yra pagrindin\u0117 rankin\u0117 ir atskiras si\u016bl\u0173 mai\u0161elis. Pagrindin\u0117 rankin\u0117 Dydis: 240 \u00d7 220 \u00d7 145 mm \u2022Talpina visk\u0105, ko reikia mezgimui ar n\u0117rimui: si\u016blus, nebaigtus darbus, virbalus, v\u0105\u0161elius ir [&hellip;]<\/p>\n","protected":false},"featured_media":5877,"comment_status":"open","ping_status":"closed","template":"","meta":{"_acf_changed":false},"product_brand":[757],"product_cat":[15,1079,20],"product_tag":[],"pro-kategorijos":[],"class_list":{"0":"post-5878","1":"product","2":"type-product","3":"status-publish","4":"has-post-thumbnail","6":"product_brand-tulip","7":"product_cat-visi-produktai","8":"product_cat-deklai","9":"product_cat-priedai-mezgimui","11":"first","12":"instock","13":"shipping-taxable","14":"purchasable","15":"product-type-variable"},"acf":[],"yoast_head":"<!-- This site is optimized with the Yoast SEO plugin v26.8 - https:\/\/yoast.com\/product\/yoast-seo-wordpress\/ -->\n<title>Tulip Projektin\u0117 Rankdarbi\u0173 Krep\u0161ys - Happyinaknit.com<\/title>\n<meta name=\"robots\" content=\"index, follow, max-snippet:-1, max-image-preview:large, max-video-preview:-1\" \/>\n<link rel=\"canonical\" href=\"https:\/\/happyinaknit.com\/lt\/produktas\/tulip-projektine-rankdarbiu-krepsys\/\" \/>\n<meta property=\"og:locale\" content=\"lt_LT\" \/>\n<meta property=\"og:type\" content=\"article\" \/>\n<meta property=\"og:title\" content=\"Tulip Projektin\u0117 Rankdarbi\u0173 Krep\u0161ys - Happyinaknit.com\" \/>\n<meta property=\"og:description\" content=\"Stilinga ir funkcionali \u201eTulip\u201c projektin\u0117 rankdarbi\u0173 kuprin\u0117\u2013krep\u0161ys pagaminta i\u0161 lengvo, patvaraus poliesterio. Med\u017eiaga greitai d\u017ei\u016bsta, tod\u0117l \u0161i rankin\u0117 idealiai tinka naudoti tiek namuose, tiek lauke. Rinkinyje yra pagrindin\u0117 rankin\u0117 ir atskiras si\u016bl\u0173 mai\u0161elis. Pagrindin\u0117 rankin\u0117 Dydis: 240 \u00d7 220 \u00d7 145 mm \u2022Talpina visk\u0105, ko reikia mezgimui ar n\u0117rimui: si\u016blus, nebaigtus darbus, virbalus, v\u0105\u0161elius ir [&hellip;]\" \/>\n<meta property=\"og:url\" content=\"https:\/\/happyinaknit.com\/lt\/produktas\/tulip-projektine-rankdarbiu-krepsys\/\" \/>\n<meta property=\"og:site_name\" content=\"Happyinaknit.com\" \/>\n<meta property=\"article:modified_time\" content=\"2026-04-15T19:36:40+00:00\" \/>\n<meta property=\"og:image\" content=\"https:\/\/happyinaknit.com\/wp-content\/uploads\/2025\/10\/tulip-project-bag-navy-400x400.png.webp\" \/>\n\t<meta property=\"og:image:width\" content=\"400\" \/>\n\t<meta property=\"og:image:height\" content=\"400\" \/>\n\t<meta property=\"og:image:type\" content=\"image\/webp\" \/>\n<meta name=\"twitter:card\" content=\"summary_large_image\" \/>\n<meta name=\"twitter:label1\" content=\"Est. reading time\" \/>\n\t<meta name=\"twitter:data1\" content=\"1 minut\u0117\" \/>\n<script type=\"application\/ld+json\" class=\"yoast-schema-graph\">{\"@context\":\"https:\/\/schema.org\",\"@graph\":[{\"@type\":\"WebPage\",\"@id\":\"https:\/\/happyinaknit.com\/produktas\/tulip-projektine-rankdarbiu-krepsys\/\",\"url\":\"https:\/\/happyinaknit.com\/produktas\/tulip-projektine-rankdarbiu-krepsys\/\",\"name\":\"Tulip Projektin\u0117 Rankdarbi\u0173 Krep\u0161ys - Happyinaknit.com\",\"isPartOf\":{\"@id\":\"https:\/\/happyinaknit.com\/lt\/#website\"},\"primaryImageOfPage\":{\"@id\":\"https:\/\/happyinaknit.com\/produktas\/tulip-projektine-rankdarbiu-krepsys\/#primaryimage\"},\"image\":{\"@id\":\"https:\/\/happyinaknit.com\/produktas\/tulip-projektine-rankdarbiu-krepsys\/#primaryimage\"},\"thumbnailUrl\":\"https:\/\/happyinaknit.com\/wp-content\/uploads\/2025\/10\/tulip-project-bag-navy-400x400.png.webp\",\"datePublished\":\"2025-10-18T15:14:09+00:00\",\"dateModified\":\"2026-04-15T19:36:40+00:00\",\"breadcrumb\":{\"@id\":\"https:\/\/happyinaknit.com\/produktas\/tulip-projektine-rankdarbiu-krepsys\/#breadcrumb\"},\"inLanguage\":\"lt-LT\",\"potentialAction\":[{\"@type\":\"ReadAction\",\"target\":[\"https:\/\/happyinaknit.com\/produktas\/tulip-projektine-rankdarbiu-krepsys\/\"]}]},{\"@type\":\"ImageObject\",\"inLanguage\":\"lt-LT\",\"@id\":\"https:\/\/happyinaknit.com\/produktas\/tulip-projektine-rankdarbiu-krepsys\/#primaryimage\",\"url\":\"https:\/\/happyinaknit.com\/wp-content\/uploads\/2025\/10\/tulip-project-bag-navy-400x400.png.webp\",\"contentUrl\":\"https:\/\/happyinaknit.com\/wp-content\/uploads\/2025\/10\/tulip-project-bag-navy-400x400.png.webp\",\"width\":400,\"height\":400},{\"@type\":\"BreadcrumbList\",\"@id\":\"https:\/\/happyinaknit.com\/produktas\/tulip-projektine-rankdarbiu-krepsys\/#breadcrumb\",\"itemListElement\":[{\"@type\":\"ListItem\",\"position\":1,\"name\":\"Home\",\"item\":\"https:\/\/happyinaknit.com\/lt\/\"},{\"@type\":\"ListItem\",\"position\":2,\"name\":\"Parduotuv\u0117\",\"item\":\"https:\/\/happyinaknit.com\/lt\/parduotuve\/\"},{\"@type\":\"ListItem\",\"position\":3,\"name\":\"Tulip Projektin\u0117 Rankdarbi\u0173 Krep\u0161ys\"}]},{\"@type\":\"WebSite\",\"@id\":\"https:\/\/happyinaknit.com\/lt\/#website\",\"url\":\"https:\/\/happyinaknit.com\/lt\/\",\"name\":\"Happyinaknit.com\",\"description\":\"\",\"potentialAction\":[{\"@type\":\"SearchAction\",\"target\":{\"@type\":\"EntryPoint\",\"urlTemplate\":\"https:\/\/happyinaknit.com\/lt\/?s={search_term_string}\"},\"query-input\":{\"@type\":\"PropertyValueSpecification\",\"valueRequired\":true,\"valueName\":\"search_term_string\"}}],\"inLanguage\":\"lt-LT\"}]}<\/script>\n<!-- \/ Yoast SEO plugin. -->","yoast_head_json":{"title":"Tulip Projektin\u0117 Rankdarbi\u0173 Krep\u0161ys - Happyinaknit.com","robots":{"index":"index","follow":"follow","max-snippet":"max-snippet:-1","max-image-preview":"max-image-preview:large","max-video-preview":"max-video-preview:-1"},"canonical":"https:\/\/happyinaknit.com\/lt\/produktas\/tulip-projektine-rankdarbiu-krepsys\/","og_locale":"lt_LT","og_type":"article","og_title":"Tulip Projektin\u0117 Rankdarbi\u0173 Krep\u0161ys - Happyinaknit.com","og_description":"Stilinga ir funkcionali \u201eTulip\u201c projektin\u0117 rankdarbi\u0173 kuprin\u0117\u2013krep\u0161ys pagaminta i\u0161 lengvo, patvaraus poliesterio. Med\u017eiaga greitai d\u017ei\u016bsta, tod\u0117l \u0161i rankin\u0117 idealiai tinka naudoti tiek namuose, tiek lauke. Rinkinyje yra pagrindin\u0117 rankin\u0117 ir atskiras si\u016bl\u0173 mai\u0161elis. Pagrindin\u0117 rankin\u0117 Dydis: 240 \u00d7 220 \u00d7 145 mm \u2022Talpina visk\u0105, ko reikia mezgimui ar n\u0117rimui: si\u016blus, nebaigtus darbus, virbalus, v\u0105\u0161elius ir [&hellip;]","og_url":"https:\/\/happyinaknit.com\/lt\/produktas\/tulip-projektine-rankdarbiu-krepsys\/","og_site_name":"Happyinaknit.com","article_modified_time":"2026-04-15T19:36:40+00:00","og_image":[{"width":400,"height":400,"url":"https:\/\/happyinaknit.com\/wp-content\/uploads\/2025\/10\/tulip-project-bag-navy-400x400.png.webp","type":"image\/webp"}],"twitter_card":"summary_large_image","twitter_misc":{"Est. reading time":"1 minut\u0117"},"schema":{"@context":"https:\/\/schema.org","@graph":[{"@type":"WebPage","@id":"https:\/\/happyinaknit.com\/produktas\/tulip-projektine-rankdarbiu-krepsys\/","url":"https:\/\/happyinaknit.com\/produktas\/tulip-projektine-rankdarbiu-krepsys\/","name":"Tulip Projektin\u0117 Rankdarbi\u0173 Krep\u0161ys - Happyinaknit.com","isPartOf":{"@id":"https:\/\/happyinaknit.com\/lt\/#website"},"primaryImageOfPage":{"@id":"https:\/\/happyinaknit.com\/produktas\/tulip-projektine-rankdarbiu-krepsys\/#primaryimage"},"image":{"@id":"https:\/\/happyinaknit.com\/produktas\/tulip-projektine-rankdarbiu-krepsys\/#primaryimage"},"thumbnailUrl":"https:\/\/happyinaknit.com\/wp-content\/uploads\/2025\/10\/tulip-project-bag-navy-400x400.png.webp","datePublished":"2025-10-18T15:14:09+00:00","dateModified":"2026-04-15T19:36:40+00:00","breadcrumb":{"@id":"https:\/\/happyinaknit.com\/produktas\/tulip-projektine-rankdarbiu-krepsys\/#breadcrumb"},"inLanguage":"lt-LT","potentialAction":[{"@type":"ReadAction","target":["https:\/\/happyinaknit.com\/produktas\/tulip-projektine-rankdarbiu-krepsys\/"]}]},{"@type":"ImageObject","inLanguage":"lt-LT","@id":"https:\/\/happyinaknit.com\/produktas\/tulip-projektine-rankdarbiu-krepsys\/#primaryimage","url":"https:\/\/happyinaknit.com\/wp-content\/uploads\/2025\/10\/tulip-project-bag-navy-400x400.png.webp","contentUrl":"https:\/\/happyinaknit.com\/wp-content\/uploads\/2025\/10\/tulip-project-bag-navy-400x400.png.webp","width":400,"height":400},{"@type":"BreadcrumbList","@id":"https:\/\/happyinaknit.com\/produktas\/tulip-projektine-rankdarbiu-krepsys\/#breadcrumb","itemListElement":[{"@type":"ListItem","position":1,"name":"Home","item":"https:\/\/happyinaknit.com\/lt\/"},{"@type":"ListItem","position":2,"name":"Parduotuv\u0117","item":"https:\/\/happyinaknit.com\/lt\/parduotuve\/"},{"@type":"ListItem","position":3,"name":"Tulip Projektin\u0117 Rankdarbi\u0173 Krep\u0161ys"}]},{"@type":"WebSite","@id":"https:\/\/happyinaknit.com\/lt\/#website","url":"https:\/\/happyinaknit.com\/lt\/","name":"Happyinaknit.com","description":"","potentialAction":[{"@type":"SearchAction","target":{"@type":"EntryPoint","urlTemplate":"https:\/\/happyinaknit.com\/lt\/?s={search_term_string}"},"query-input":{"@type":"PropertyValueSpecification","valueRequired":true,"valueName":"search_term_string"}}],"inLanguage":"lt-LT"}]}},"_links":{"self":[{"href":"https:\/\/happyinaknit.com\/lt\/wp-json\/wp\/v2\/product\/5878","targetHints":{"allow":["GET"]}}],"collection":[{"href":"https:\/\/happyinaknit.com\/lt\/wp-json\/wp\/v2\/product"}],"about":[{"href":"https:\/\/happyinaknit.com\/lt\/wp-json\/wp\/v2\/types\/product"}],"replies":[{"embeddable":true,"href":"https:\/\/happyinaknit.com\/lt\/wp-json\/wp\/v2\/comments?post=5878"}],"wp:featuredmedia":[{"embeddable":true,"href":"https:\/\/happyinaknit.com\/lt\/wp-json\/wp\/v2\/media\/5877"}],"wp:attachment":[{"href":"https:\/\/happyinaknit.com\/lt\/wp-json\/wp\/v2\/media?parent=5878"}],"wp:term":[{"taxonomy":"product_brand","embeddable":true,"href":"https:\/\/happyinaknit.com\/lt\/wp-json\/wp\/v2\/product_brand?post=5878"},{"taxonomy":"product_cat","embeddable":true,"href":"https:\/\/happyinaknit.com\/lt\/wp-json\/wp\/v2\/product_cat?post=5878"},{"taxonomy":"product_tag","embeddable":true,"href":"https:\/\/happyinaknit.com\/lt\/wp-json\/wp\/v2\/product_tag?post=5878"},{"taxonomy":"pro-kategorijos","embeddable":true,"href":"https:\/\/happyinaknit.com\/lt\/wp-json\/wp\/v2\/pro-kategorijos?post=5878"}],"curies":[{"name":"wp","href":"https:\/\/api.w.org\/{rel}","templated":true}]}}