{"id":5867,"date":"2025-10-18T14:43:19","date_gmt":"2025-10-18T14:43:19","guid":{"rendered":"https:\/\/happyinaknit.com\/?post_type=product&#038;p=5867"},"modified":"2025-11-10T13:34:59","modified_gmt":"2025-11-10T13:34:59","slug":"katia-smeigtukai","status":"publish","type":"product","link":"https:\/\/happyinaknit.com\/lt\/produktas\/katia-smeigtukai\/","title":{"rendered":"Katia Smeigtukai"},"content":{"rendered":"<p>Patog\u016bs \u201eKatia\u201c smeigtukai puikiai tinka siuvimui, mezgini\u0173 blokavimui ar \u012fvairiems rankdarbiams. \u0160velni\u0173 pastelini\u0173 spalv\u0173 rinkinys suteikia j\u016bs\u0173 darbui tvarkingumo ir estetikos.<\/p>\n<p>Smeigtukai supakuoti \u012f daili\u0105 kartonin\u0119 kraft d\u0117\u017eut\u0119 \u2013 tai ne tik prakti\u0161kas, bet ir stilingas aksesuaras j\u016bs\u0173 rankdarbi\u0173 rinkiniui.<\/p>\n<p><b>Rinkin\u012f sudaro:<\/b><b><\/b><\/p>\n<p>\u202260 smeigtuk\u0173 (po 10 vnt. kiekvienos i\u0161 6 pastelini\u0173 spalv\u0173)<\/p>\n<p><b>D\u0117\u017eut\u0117s dydis:<\/b> 6 \u00d7 4 cm<\/p>\n<p><b>Savyb\u0117s:<\/b><b><\/b><\/p>\n<p>\u2022Tinka siuvimui ir mezgini\u0173 blokavimui<\/p>\n<p>\u2022\u0160velnios pastelini\u0173 ton\u0173 spalvos<\/p>\n<p>\u2022Patogi ir gra\u017ei pakuot\u0117<\/p>\n<p>\u2022Lengva laikyti ir naudoti<\/p>\n<p><b>Pastaba:<\/b> spalv\u0173 atspalviai gali \u0161iek tiek skirtis priklausomai nuo \u012frenginio ekrano.<\/p>\n","protected":false},"excerpt":{"rendered":"<p>Patog\u016bs \u201eKatia\u201c smeigtukai puikiai tinka siuvimui, mezgini\u0173 blokavimui ar \u012fvairiems rankdarbiams. \u0160velni\u0173 pastelini\u0173 spalv\u0173 rinkinys suteikia j\u016bs\u0173 darbui tvarkingumo ir estetikos. Smeigtukai supakuoti \u012f daili\u0105 kartonin\u0119 kraft d\u0117\u017eut\u0119 \u2013 tai ne tik prakti\u0161kas, bet ir stilingas aksesuaras j\u016bs\u0173 rankdarbi\u0173 rinkiniui. Rinkin\u012f sudaro: \u202260 smeigtuk\u0173 (po 10 vnt. kiekvienos i\u0161 6 pastelini\u0173 spalv\u0173) D\u0117\u017eut\u0117s dydis: 6 [&hellip;]<\/p>\n","protected":false},"featured_media":5849,"comment_status":"open","ping_status":"closed","template":"","meta":{"_acf_changed":false},"product_brand":[69],"product_cat":[15,1080,1082,52,20],"product_tag":[],"pro-kategorijos":[],"class_list":{"0":"post-5867","1":"product","2":"type-product","3":"status-publish","4":"has-post-thumbnail","6":"product_brand-concept-by-katia","7":"product_cat-visi-produktai","8":"product_cat-adatos","9":"product_cat-blokavimo-priemones","10":"product_cat-kiti-mezgimo-reikmenys","11":"product_cat-priedai-mezgimui","13":"first","14":"instock","15":"shipping-taxable","16":"purchasable","17":"product-type-simple"},"acf":[],"yoast_head":"<!-- This site is optimized with the Yoast SEO plugin v26.8 - https:\/\/yoast.com\/product\/yoast-seo-wordpress\/ -->\n<title>Katia Smeigtukai - Happyinaknit.com<\/title>\n<meta name=\"robots\" content=\"index, follow, max-snippet:-1, max-image-preview:large, max-video-preview:-1\" \/>\n<link rel=\"canonical\" href=\"https:\/\/happyinaknit.com\/lt\/produktas\/katia-smeigtukai\/\" \/>\n<meta property=\"og:locale\" content=\"lt_LT\" \/>\n<meta property=\"og:type\" content=\"article\" \/>\n<meta property=\"og:title\" content=\"Katia Smeigtukai - Happyinaknit.com\" \/>\n<meta property=\"og:description\" content=\"Patog\u016bs \u201eKatia\u201c smeigtukai puikiai tinka siuvimui, mezgini\u0173 blokavimui ar \u012fvairiems rankdarbiams. \u0160velni\u0173 pastelini\u0173 spalv\u0173 rinkinys suteikia j\u016bs\u0173 darbui tvarkingumo ir estetikos. Smeigtukai supakuoti \u012f daili\u0105 kartonin\u0119 kraft d\u0117\u017eut\u0119 \u2013 tai ne tik prakti\u0161kas, bet ir stilingas aksesuaras j\u016bs\u0173 rankdarbi\u0173 rinkiniui. Rinkin\u012f sudaro: \u202260 smeigtuk\u0173 (po 10 vnt. kiekvienos i\u0161 6 pastelini\u0173 spalv\u0173) D\u0117\u017eut\u0117s dydis: 6 [&hellip;]\" \/>\n<meta property=\"og:url\" content=\"https:\/\/happyinaknit.com\/lt\/produktas\/katia-smeigtukai\/\" \/>\n<meta property=\"og:site_name\" content=\"Happyinaknit.com\" \/>\n<meta property=\"article:modified_time\" content=\"2025-11-10T13:34:59+00:00\" \/>\n<meta property=\"og:image\" content=\"https:\/\/happyinaknit.com\/wp-content\/uploads\/2025\/10\/articulo-box-with-60-sewing-pins-in-6-colors-7477-a-c-01-katia-n.jpg\" \/>\n\t<meta property=\"og:image:width\" content=\"600\" \/>\n\t<meta property=\"og:image:height\" content=\"600\" \/>\n\t<meta property=\"og:image:type\" content=\"image\/jpeg\" \/>\n<meta name=\"twitter:card\" content=\"summary_large_image\" \/>\n<script type=\"application\/ld+json\" class=\"yoast-schema-graph\">{\"@context\":\"https:\/\/schema.org\",\"@graph\":[{\"@type\":\"WebPage\",\"@id\":\"https:\/\/happyinaknit.com\/produktas\/katia-smeigtukai\/\",\"url\":\"https:\/\/happyinaknit.com\/produktas\/katia-smeigtukai\/\",\"name\":\"Katia Smeigtukai - Happyinaknit.com\",\"isPartOf\":{\"@id\":\"https:\/\/happyinaknit.com\/lt\/#website\"},\"primaryImageOfPage\":{\"@id\":\"https:\/\/happyinaknit.com\/produktas\/katia-smeigtukai\/#primaryimage\"},\"image\":{\"@id\":\"https:\/\/happyinaknit.com\/produktas\/katia-smeigtukai\/#primaryimage\"},\"thumbnailUrl\":\"https:\/\/happyinaknit.com\/wp-content\/uploads\/2025\/10\/articulo-box-with-60-sewing-pins-in-6-colors-7477-a-c-01-katia-n.jpg\",\"datePublished\":\"2025-10-18T14:43:19+00:00\",\"dateModified\":\"2025-11-10T13:34:59+00:00\",\"breadcrumb\":{\"@id\":\"https:\/\/happyinaknit.com\/produktas\/katia-smeigtukai\/#breadcrumb\"},\"inLanguage\":\"lt-LT\",\"potentialAction\":[{\"@type\":\"ReadAction\",\"target\":[\"https:\/\/happyinaknit.com\/produktas\/katia-smeigtukai\/\"]}]},{\"@type\":\"ImageObject\",\"inLanguage\":\"lt-LT\",\"@id\":\"https:\/\/happyinaknit.com\/produktas\/katia-smeigtukai\/#primaryimage\",\"url\":\"https:\/\/happyinaknit.com\/wp-content\/uploads\/2025\/10\/articulo-box-with-60-sewing-pins-in-6-colors-7477-a-c-01-katia-n.jpg\",\"contentUrl\":\"https:\/\/happyinaknit.com\/wp-content\/uploads\/2025\/10\/articulo-box-with-60-sewing-pins-in-6-colors-7477-a-c-01-katia-n.jpg\",\"width\":600,\"height\":600},{\"@type\":\"BreadcrumbList\",\"@id\":\"https:\/\/happyinaknit.com\/produktas\/katia-smeigtukai\/#breadcrumb\",\"itemListElement\":[{\"@type\":\"ListItem\",\"position\":1,\"name\":\"Home\",\"item\":\"https:\/\/happyinaknit.com\/lt\/\"},{\"@type\":\"ListItem\",\"position\":2,\"name\":\"Parduotuv\u0117\",\"item\":\"https:\/\/happyinaknit.com\/lt\/parduotuve\/\"},{\"@type\":\"ListItem\",\"position\":3,\"name\":\"Katia Smeigtukai\"}]},{\"@type\":\"WebSite\",\"@id\":\"https:\/\/happyinaknit.com\/lt\/#website\",\"url\":\"https:\/\/happyinaknit.com\/lt\/\",\"name\":\"Happyinaknit.com\",\"description\":\"\",\"potentialAction\":[{\"@type\":\"SearchAction\",\"target\":{\"@type\":\"EntryPoint\",\"urlTemplate\":\"https:\/\/happyinaknit.com\/lt\/?s={search_term_string}\"},\"query-input\":{\"@type\":\"PropertyValueSpecification\",\"valueRequired\":true,\"valueName\":\"search_term_string\"}}],\"inLanguage\":\"lt-LT\"}]}<\/script>\n<!-- \/ Yoast SEO plugin. -->","yoast_head_json":{"title":"Katia Smeigtukai - Happyinaknit.com","robots":{"index":"index","follow":"follow","max-snippet":"max-snippet:-1","max-image-preview":"max-image-preview:large","max-video-preview":"max-video-preview:-1"},"canonical":"https:\/\/happyinaknit.com\/lt\/produktas\/katia-smeigtukai\/","og_locale":"lt_LT","og_type":"article","og_title":"Katia Smeigtukai - Happyinaknit.com","og_description":"Patog\u016bs \u201eKatia\u201c smeigtukai puikiai tinka siuvimui, mezgini\u0173 blokavimui ar \u012fvairiems rankdarbiams. \u0160velni\u0173 pastelini\u0173 spalv\u0173 rinkinys suteikia j\u016bs\u0173 darbui tvarkingumo ir estetikos. Smeigtukai supakuoti \u012f daili\u0105 kartonin\u0119 kraft d\u0117\u017eut\u0119 \u2013 tai ne tik prakti\u0161kas, bet ir stilingas aksesuaras j\u016bs\u0173 rankdarbi\u0173 rinkiniui. Rinkin\u012f sudaro: \u202260 smeigtuk\u0173 (po 10 vnt. kiekvienos i\u0161 6 pastelini\u0173 spalv\u0173) D\u0117\u017eut\u0117s dydis: 6 [&hellip;]","og_url":"https:\/\/happyinaknit.com\/lt\/produktas\/katia-smeigtukai\/","og_site_name":"Happyinaknit.com","article_modified_time":"2025-11-10T13:34:59+00:00","og_image":[{"width":600,"height":600,"url":"https:\/\/happyinaknit.com\/wp-content\/uploads\/2025\/10\/articulo-box-with-60-sewing-pins-in-6-colors-7477-a-c-01-katia-n.jpg","type":"image\/jpeg"}],"twitter_card":"summary_large_image","schema":{"@context":"https:\/\/schema.org","@graph":[{"@type":"WebPage","@id":"https:\/\/happyinaknit.com\/produktas\/katia-smeigtukai\/","url":"https:\/\/happyinaknit.com\/produktas\/katia-smeigtukai\/","name":"Katia Smeigtukai - Happyinaknit.com","isPartOf":{"@id":"https:\/\/happyinaknit.com\/lt\/#website"},"primaryImageOfPage":{"@id":"https:\/\/happyinaknit.com\/produktas\/katia-smeigtukai\/#primaryimage"},"image":{"@id":"https:\/\/happyinaknit.com\/produktas\/katia-smeigtukai\/#primaryimage"},"thumbnailUrl":"https:\/\/happyinaknit.com\/wp-content\/uploads\/2025\/10\/articulo-box-with-60-sewing-pins-in-6-colors-7477-a-c-01-katia-n.jpg","datePublished":"2025-10-18T14:43:19+00:00","dateModified":"2025-11-10T13:34:59+00:00","breadcrumb":{"@id":"https:\/\/happyinaknit.com\/produktas\/katia-smeigtukai\/#breadcrumb"},"inLanguage":"lt-LT","potentialAction":[{"@type":"ReadAction","target":["https:\/\/happyinaknit.com\/produktas\/katia-smeigtukai\/"]}]},{"@type":"ImageObject","inLanguage":"lt-LT","@id":"https:\/\/happyinaknit.com\/produktas\/katia-smeigtukai\/#primaryimage","url":"https:\/\/happyinaknit.com\/wp-content\/uploads\/2025\/10\/articulo-box-with-60-sewing-pins-in-6-colors-7477-a-c-01-katia-n.jpg","contentUrl":"https:\/\/happyinaknit.com\/wp-content\/uploads\/2025\/10\/articulo-box-with-60-sewing-pins-in-6-colors-7477-a-c-01-katia-n.jpg","width":600,"height":600},{"@type":"BreadcrumbList","@id":"https:\/\/happyinaknit.com\/produktas\/katia-smeigtukai\/#breadcrumb","itemListElement":[{"@type":"ListItem","position":1,"name":"Home","item":"https:\/\/happyinaknit.com\/lt\/"},{"@type":"ListItem","position":2,"name":"Parduotuv\u0117","item":"https:\/\/happyinaknit.com\/lt\/parduotuve\/"},{"@type":"ListItem","position":3,"name":"Katia Smeigtukai"}]},{"@type":"WebSite","@id":"https:\/\/happyinaknit.com\/lt\/#website","url":"https:\/\/happyinaknit.com\/lt\/","name":"Happyinaknit.com","description":"","potentialAction":[{"@type":"SearchAction","target":{"@type":"EntryPoint","urlTemplate":"https:\/\/happyinaknit.com\/lt\/?s={search_term_string}"},"query-input":{"@type":"PropertyValueSpecification","valueRequired":true,"valueName":"search_term_string"}}],"inLanguage":"lt-LT"}]}},"_links":{"self":[{"href":"https:\/\/happyinaknit.com\/lt\/wp-json\/wp\/v2\/product\/5867","targetHints":{"allow":["GET"]}}],"collection":[{"href":"https:\/\/happyinaknit.com\/lt\/wp-json\/wp\/v2\/product"}],"about":[{"href":"https:\/\/happyinaknit.com\/lt\/wp-json\/wp\/v2\/types\/product"}],"replies":[{"embeddable":true,"href":"https:\/\/happyinaknit.com\/lt\/wp-json\/wp\/v2\/comments?post=5867"}],"wp:featuredmedia":[{"embeddable":true,"href":"https:\/\/happyinaknit.com\/lt\/wp-json\/wp\/v2\/media\/5849"}],"wp:attachment":[{"href":"https:\/\/happyinaknit.com\/lt\/wp-json\/wp\/v2\/media?parent=5867"}],"wp:term":[{"taxonomy":"product_brand","embeddable":true,"href":"https:\/\/happyinaknit.com\/lt\/wp-json\/wp\/v2\/product_brand?post=5867"},{"taxonomy":"product_cat","embeddable":true,"href":"https:\/\/happyinaknit.com\/lt\/wp-json\/wp\/v2\/product_cat?post=5867"},{"taxonomy":"product_tag","embeddable":true,"href":"https:\/\/happyinaknit.com\/lt\/wp-json\/wp\/v2\/product_tag?post=5867"},{"taxonomy":"pro-kategorijos","embeddable":true,"href":"https:\/\/happyinaknit.com\/lt\/wp-json\/wp\/v2\/pro-kategorijos?post=5867"}],"curies":[{"name":"wp","href":"https:\/\/api.w.org\/{rel}","templated":true}]}}