{"id":5866,"date":"2025-10-18T14:40:46","date_gmt":"2025-10-18T14:40:46","guid":{"rendered":"https:\/\/happyinaknit.com\/?post_type=product&#038;p=5866"},"modified":"2025-11-30T08:58:18","modified_gmt":"2025-11-30T08:58:18","slug":"katia","status":"publish","type":"product","link":"https:\/\/happyinaknit.com\/lt\/produktas\/katia\/","title":{"rendered":"Katia Virbal\u0173 Antgali\u0173 Rinkinys (24 vnt.)"},"content":{"rendered":"<p data-start=\"0\" data-end=\"47\">Spalvingi ir prakti\u0161ki <strong data-start=\"72\" data-end=\"103\">EVA gumos virbal\u0173 antgaliai<\/strong> \u2013 tai puikus b\u016bdas apsaugoti j\u016bs\u0173 mezginius ir suteikti jiems \u017eaismingumo. Antgaliai apsaugo akis nuo nuslydimo nuo virbal\u0173, kai mezginys paliekamas ar transportuojamas.<\/p>\n<p data-start=\"277\" data-end=\"578\">Tiesiog \u012fstatykite virbalo galiuk\u0105 \u012f antgalio centr\u0105 ir lengvai u\u017emaukite \u2013 d\u0117l elastingos med\u017eiagos jie tvirtai laikosi vietoje.<br data-start=\"406\" data-end=\"409\" \/>Rinkin\u012f sudaro <strong data-start=\"424\" data-end=\"440\">24 antgaliai<\/strong>, po <strong data-start=\"445\" data-end=\"467\">4 kiekvieno dyd\u017eio<\/strong> (i\u0161 viso <strong data-start=\"477\" data-end=\"490\">6 dyd\u017eiai<\/strong>). Kiekvienai dyd\u017ei\u0173 grupei priskirta skirtinga spalva, tod\u0117l juos lengvai atskirsite.<\/p>\n<p data-start=\"580\" data-end=\"676\">Tinka <strong data-start=\"586\" data-end=\"609\">vis\u0173 tip\u0173 virbalams<\/strong> \u2013 tiesiems, apskritiems ir kojininiams \u2013 <strong data-start=\"651\" data-end=\"673\">nuo 2 mm iki 12 mm<\/strong>.<\/p>\n<p data-start=\"678\" data-end=\"692\"><strong data-start=\"678\" data-end=\"690\">Savyb\u0117s:<\/strong><\/p>\n<ul data-start=\"693\" data-end=\"978\">\n<li data-start=\"693\" data-end=\"733\">\n<p data-start=\"695\" data-end=\"733\">Kiekis: 24 vnt. (6 dyd\u017eiai \u00d7 4 vnt.)<\/p>\n<\/li>\n<li data-start=\"734\" data-end=\"756\">\n<p data-start=\"736\" data-end=\"756\">Med\u017eiaga: EVA guma<\/p>\n<\/li>\n<li data-start=\"757\" data-end=\"816\">\n<p data-start=\"759\" data-end=\"816\">Spalvos: \u012fvairios (kiekvienas dydis \u2013 skirtinga spalva)<\/p>\n<\/li>\n<li data-start=\"817\" data-end=\"855\">\n<p data-start=\"819\" data-end=\"855\">Tinka virbalams nuo 2 mm iki 12 mm<\/p>\n<\/li>\n<li data-start=\"856\" data-end=\"912\">\n<p data-start=\"858\" data-end=\"912\">Tinka tiesiems, apskritiems ir kojininiams virbalams<\/p>\n<\/li>\n<li data-start=\"913\" data-end=\"943\">\n<p data-start=\"915\" data-end=\"943\">Apsaugo nuo aki\u0173 nuslydimo<\/p>\n<\/li>\n<li data-start=\"944\" data-end=\"978\">\n<p data-start=\"946\" data-end=\"978\">Supakuota kartonin\u0117je d\u0117\u017eut\u0117je<\/p>\n<\/li>\n<\/ul>\n<p data-start=\"1015\" data-end=\"1103\" data-is-last-node=\"\" data-is-only-node=\"\"><strong data-start=\"1015\" data-end=\"1027\">Pastaba:<\/strong> spalv\u0173 atspalviai gali \u0161iek tiek skirtis priklausomai nuo \u012frenginio ekrano.<\/p>\n","protected":false},"excerpt":{"rendered":"<p>Spalvingi ir prakti\u0161ki EVA gumos virbal\u0173 antgaliai \u2013 tai puikus b\u016bdas apsaugoti j\u016bs\u0173 mezginius ir suteikti jiems \u017eaismingumo. Antgaliai apsaugo akis nuo nuslydimo nuo virbal\u0173, kai mezginys paliekamas ar transportuojamas. Tiesiog \u012fstatykite virbalo galiuk\u0105 \u012f antgalio centr\u0105 ir lengvai u\u017emaukite \u2013 d\u0117l elastingos med\u017eiagos jie tvirtai laikosi vietoje.Rinkin\u012f sudaro 24 antgaliai, po 4 kiekvieno dyd\u017eio [&hellip;]<\/p>\n","protected":false},"featured_media":5850,"comment_status":"open","ping_status":"closed","template":"","meta":{"_acf_changed":false},"product_brand":[69],"product_cat":[15,868,20],"product_tag":[],"pro-kategorijos":[],"class_list":{"0":"post-5866","1":"product","2":"type-product","3":"status-publish","4":"has-post-thumbnail","6":"product_brand-concept-by-katia","7":"product_cat-visi-produktai","8":"product_cat-antgaliaistabdziukai","9":"product_cat-priedai-mezgimui","11":"first","12":"instock","13":"shipping-taxable","14":"purchasable","15":"product-type-simple"},"acf":[],"yoast_head":"<!-- This site is optimized with the Yoast SEO plugin v26.8 - https:\/\/yoast.com\/product\/yoast-seo-wordpress\/ -->\n<title>Katia Virbal\u0173 Antgali\u0173 Rinkinys (24 vnt.) - Happyinaknit.com<\/title>\n<meta name=\"robots\" content=\"index, follow, max-snippet:-1, max-image-preview:large, max-video-preview:-1\" \/>\n<link rel=\"canonical\" href=\"https:\/\/happyinaknit.com\/lt\/produktas\/katia\/\" \/>\n<meta property=\"og:locale\" content=\"lt_LT\" \/>\n<meta property=\"og:type\" content=\"article\" \/>\n<meta property=\"og:title\" content=\"Katia Virbal\u0173 Antgali\u0173 Rinkinys (24 vnt.) - Happyinaknit.com\" \/>\n<meta property=\"og:description\" content=\"Spalvingi ir prakti\u0161ki EVA gumos virbal\u0173 antgaliai \u2013 tai puikus b\u016bdas apsaugoti j\u016bs\u0173 mezginius ir suteikti jiems \u017eaismingumo. Antgaliai apsaugo akis nuo nuslydimo nuo virbal\u0173, kai mezginys paliekamas ar transportuojamas. Tiesiog \u012fstatykite virbalo galiuk\u0105 \u012f antgalio centr\u0105 ir lengvai u\u017emaukite \u2013 d\u0117l elastingos med\u017eiagos jie tvirtai laikosi vietoje.Rinkin\u012f sudaro 24 antgaliai, po 4 kiekvieno dyd\u017eio [&hellip;]\" \/>\n<meta property=\"og:url\" content=\"https:\/\/happyinaknit.com\/lt\/produktas\/katia\/\" \/>\n<meta property=\"og:site_name\" content=\"Happyinaknit.com\" \/>\n<meta property=\"article:modified_time\" content=\"2025-11-30T08:58:18+00:00\" \/>\n<meta property=\"og:image\" content=\"https:\/\/happyinaknit.com\/wp-content\/uploads\/2025\/10\/articulo-24-needle-stoppers-7095-a-c-katia-n.jpg\" \/>\n\t<meta property=\"og:image:width\" content=\"600\" \/>\n\t<meta property=\"og:image:height\" content=\"600\" \/>\n\t<meta property=\"og:image:type\" content=\"image\/jpeg\" \/>\n<meta name=\"twitter:card\" content=\"summary_large_image\" \/>\n<meta name=\"twitter:label1\" content=\"Est. reading time\" \/>\n\t<meta name=\"twitter:data1\" content=\"1 minut\u0117\" \/>\n<script type=\"application\/ld+json\" class=\"yoast-schema-graph\">{\"@context\":\"https:\/\/schema.org\",\"@graph\":[{\"@type\":\"WebPage\",\"@id\":\"https:\/\/happyinaknit.com\/produktas\/katia\/\",\"url\":\"https:\/\/happyinaknit.com\/produktas\/katia\/\",\"name\":\"Katia Virbal\u0173 Antgali\u0173 Rinkinys (24 vnt.) - Happyinaknit.com\",\"isPartOf\":{\"@id\":\"https:\/\/happyinaknit.com\/lt\/#website\"},\"primaryImageOfPage\":{\"@id\":\"https:\/\/happyinaknit.com\/produktas\/katia\/#primaryimage\"},\"image\":{\"@id\":\"https:\/\/happyinaknit.com\/produktas\/katia\/#primaryimage\"},\"thumbnailUrl\":\"https:\/\/happyinaknit.com\/wp-content\/uploads\/2025\/10\/articulo-24-needle-stoppers-7095-a-c-katia-n.jpg\",\"datePublished\":\"2025-10-18T14:40:46+00:00\",\"dateModified\":\"2025-11-30T08:58:18+00:00\",\"breadcrumb\":{\"@id\":\"https:\/\/happyinaknit.com\/produktas\/katia\/#breadcrumb\"},\"inLanguage\":\"lt-LT\",\"potentialAction\":[{\"@type\":\"ReadAction\",\"target\":[\"https:\/\/happyinaknit.com\/produktas\/katia\/\"]}]},{\"@type\":\"ImageObject\",\"inLanguage\":\"lt-LT\",\"@id\":\"https:\/\/happyinaknit.com\/produktas\/katia\/#primaryimage\",\"url\":\"https:\/\/happyinaknit.com\/wp-content\/uploads\/2025\/10\/articulo-24-needle-stoppers-7095-a-c-katia-n.jpg\",\"contentUrl\":\"https:\/\/happyinaknit.com\/wp-content\/uploads\/2025\/10\/articulo-24-needle-stoppers-7095-a-c-katia-n.jpg\",\"width\":600,\"height\":600},{\"@type\":\"BreadcrumbList\",\"@id\":\"https:\/\/happyinaknit.com\/produktas\/katia\/#breadcrumb\",\"itemListElement\":[{\"@type\":\"ListItem\",\"position\":1,\"name\":\"Home\",\"item\":\"https:\/\/happyinaknit.com\/lt\/\"},{\"@type\":\"ListItem\",\"position\":2,\"name\":\"Parduotuv\u0117\",\"item\":\"https:\/\/happyinaknit.com\/lt\/parduotuve\/\"},{\"@type\":\"ListItem\",\"position\":3,\"name\":\"Katia Virbal\u0173 Antgali\u0173 Rinkinys (24 vnt.)\"}]},{\"@type\":\"WebSite\",\"@id\":\"https:\/\/happyinaknit.com\/lt\/#website\",\"url\":\"https:\/\/happyinaknit.com\/lt\/\",\"name\":\"Happyinaknit.com\",\"description\":\"\",\"potentialAction\":[{\"@type\":\"SearchAction\",\"target\":{\"@type\":\"EntryPoint\",\"urlTemplate\":\"https:\/\/happyinaknit.com\/lt\/?s={search_term_string}\"},\"query-input\":{\"@type\":\"PropertyValueSpecification\",\"valueRequired\":true,\"valueName\":\"search_term_string\"}}],\"inLanguage\":\"lt-LT\"}]}<\/script>\n<!-- \/ Yoast SEO plugin. -->","yoast_head_json":{"title":"Katia Virbal\u0173 Antgali\u0173 Rinkinys (24 vnt.) - Happyinaknit.com","robots":{"index":"index","follow":"follow","max-snippet":"max-snippet:-1","max-image-preview":"max-image-preview:large","max-video-preview":"max-video-preview:-1"},"canonical":"https:\/\/happyinaknit.com\/lt\/produktas\/katia\/","og_locale":"lt_LT","og_type":"article","og_title":"Katia Virbal\u0173 Antgali\u0173 Rinkinys (24 vnt.) - Happyinaknit.com","og_description":"Spalvingi ir prakti\u0161ki EVA gumos virbal\u0173 antgaliai \u2013 tai puikus b\u016bdas apsaugoti j\u016bs\u0173 mezginius ir suteikti jiems \u017eaismingumo. Antgaliai apsaugo akis nuo nuslydimo nuo virbal\u0173, kai mezginys paliekamas ar transportuojamas. Tiesiog \u012fstatykite virbalo galiuk\u0105 \u012f antgalio centr\u0105 ir lengvai u\u017emaukite \u2013 d\u0117l elastingos med\u017eiagos jie tvirtai laikosi vietoje.Rinkin\u012f sudaro 24 antgaliai, po 4 kiekvieno dyd\u017eio [&hellip;]","og_url":"https:\/\/happyinaknit.com\/lt\/produktas\/katia\/","og_site_name":"Happyinaknit.com","article_modified_time":"2025-11-30T08:58:18+00:00","og_image":[{"width":600,"height":600,"url":"https:\/\/happyinaknit.com\/wp-content\/uploads\/2025\/10\/articulo-24-needle-stoppers-7095-a-c-katia-n.jpg","type":"image\/jpeg"}],"twitter_card":"summary_large_image","twitter_misc":{"Est. reading time":"1 minut\u0117"},"schema":{"@context":"https:\/\/schema.org","@graph":[{"@type":"WebPage","@id":"https:\/\/happyinaknit.com\/produktas\/katia\/","url":"https:\/\/happyinaknit.com\/produktas\/katia\/","name":"Katia Virbal\u0173 Antgali\u0173 Rinkinys (24 vnt.) - Happyinaknit.com","isPartOf":{"@id":"https:\/\/happyinaknit.com\/lt\/#website"},"primaryImageOfPage":{"@id":"https:\/\/happyinaknit.com\/produktas\/katia\/#primaryimage"},"image":{"@id":"https:\/\/happyinaknit.com\/produktas\/katia\/#primaryimage"},"thumbnailUrl":"https:\/\/happyinaknit.com\/wp-content\/uploads\/2025\/10\/articulo-24-needle-stoppers-7095-a-c-katia-n.jpg","datePublished":"2025-10-18T14:40:46+00:00","dateModified":"2025-11-30T08:58:18+00:00","breadcrumb":{"@id":"https:\/\/happyinaknit.com\/produktas\/katia\/#breadcrumb"},"inLanguage":"lt-LT","potentialAction":[{"@type":"ReadAction","target":["https:\/\/happyinaknit.com\/produktas\/katia\/"]}]},{"@type":"ImageObject","inLanguage":"lt-LT","@id":"https:\/\/happyinaknit.com\/produktas\/katia\/#primaryimage","url":"https:\/\/happyinaknit.com\/wp-content\/uploads\/2025\/10\/articulo-24-needle-stoppers-7095-a-c-katia-n.jpg","contentUrl":"https:\/\/happyinaknit.com\/wp-content\/uploads\/2025\/10\/articulo-24-needle-stoppers-7095-a-c-katia-n.jpg","width":600,"height":600},{"@type":"BreadcrumbList","@id":"https:\/\/happyinaknit.com\/produktas\/katia\/#breadcrumb","itemListElement":[{"@type":"ListItem","position":1,"name":"Home","item":"https:\/\/happyinaknit.com\/lt\/"},{"@type":"ListItem","position":2,"name":"Parduotuv\u0117","item":"https:\/\/happyinaknit.com\/lt\/parduotuve\/"},{"@type":"ListItem","position":3,"name":"Katia Virbal\u0173 Antgali\u0173 Rinkinys (24 vnt.)"}]},{"@type":"WebSite","@id":"https:\/\/happyinaknit.com\/lt\/#website","url":"https:\/\/happyinaknit.com\/lt\/","name":"Happyinaknit.com","description":"","potentialAction":[{"@type":"SearchAction","target":{"@type":"EntryPoint","urlTemplate":"https:\/\/happyinaknit.com\/lt\/?s={search_term_string}"},"query-input":{"@type":"PropertyValueSpecification","valueRequired":true,"valueName":"search_term_string"}}],"inLanguage":"lt-LT"}]}},"_links":{"self":[{"href":"https:\/\/happyinaknit.com\/lt\/wp-json\/wp\/v2\/product\/5866","targetHints":{"allow":["GET"]}}],"collection":[{"href":"https:\/\/happyinaknit.com\/lt\/wp-json\/wp\/v2\/product"}],"about":[{"href":"https:\/\/happyinaknit.com\/lt\/wp-json\/wp\/v2\/types\/product"}],"replies":[{"embeddable":true,"href":"https:\/\/happyinaknit.com\/lt\/wp-json\/wp\/v2\/comments?post=5866"}],"wp:featuredmedia":[{"embeddable":true,"href":"https:\/\/happyinaknit.com\/lt\/wp-json\/wp\/v2\/media\/5850"}],"wp:attachment":[{"href":"https:\/\/happyinaknit.com\/lt\/wp-json\/wp\/v2\/media?parent=5866"}],"wp:term":[{"taxonomy":"product_brand","embeddable":true,"href":"https:\/\/happyinaknit.com\/lt\/wp-json\/wp\/v2\/product_brand?post=5866"},{"taxonomy":"product_cat","embeddable":true,"href":"https:\/\/happyinaknit.com\/lt\/wp-json\/wp\/v2\/product_cat?post=5866"},{"taxonomy":"product_tag","embeddable":true,"href":"https:\/\/happyinaknit.com\/lt\/wp-json\/wp\/v2\/product_tag?post=5866"},{"taxonomy":"pro-kategorijos","embeddable":true,"href":"https:\/\/happyinaknit.com\/lt\/wp-json\/wp\/v2\/pro-kategorijos?post=5866"}],"curies":[{"name":"wp","href":"https:\/\/api.w.org\/{rel}","templated":true}]}}