{"id":5829,"date":"2025-10-18T13:59:23","date_gmt":"2025-10-18T13:59:23","guid":{"rendered":"https:\/\/happyinaknit.com\/?post_type=product&#038;p=5829"},"modified":"2025-10-25T12:05:06","modified_gmt":"2025-10-25T12:05:06","slug":"katia-rankdarbiu-zirkles","status":"publish","type":"product","link":"https:\/\/happyinaknit.com\/lt\/produktas\/katia-rankdarbiu-zirkles\/","title":{"rendered":"Katia Rankdarbi\u0173 \u017dirkl\u0117s"},"content":{"rendered":"<p>Kompakti\u0161kos ir stilingos \u201eKatia\u201c rankdarbi\u0173 \u017eirkl\u0117s \u2013 b\u016btinas \u012frankis kiekvienai mezg\u0117jai ar siuv\u0117jai. Pagamintos i\u0161 auk\u0161tos kokyb\u0117s plieno, jos turi tikslius, a\u0161trius galiukus, leid\u017eian\u010dius lengvai ir \u0161variai kirpti si\u016blus bei audinius. Juodos spalvos dizainas suteikia eleganti\u0161kumo ir profesionalumo \u012fsp\u016bd\u012f.<\/p>\n<p><b>Savyb\u0117s:<\/b><b><\/b><\/p>\n<p>\u2022Auk\u0161tos kokyb\u0117s plienas<\/p>\n<p>\u2022A\u0161tr\u016bs, tiksl\u016bs galiukai<\/p>\n<p>\u2022Patogios naudoti smulkiems darbams<\/p>\n<p>\u2022Juodos spalvos, stilingas dizainas<\/p>\n<p><b>Pastaba:<\/b> spalv\u0173 atspalviai gali \u0161iek tiek skirtis priklausomai nuo \u012frenginio ekrano.<\/p>\n","protected":false},"excerpt":{"rendered":"<p>Kompakti\u0161kos ir stilingos \u201eKatia\u201c rankdarbi\u0173 \u017eirkl\u0117s \u2013 b\u016btinas \u012frankis kiekvienai mezg\u0117jai ar siuv\u0117jai. Pagamintos i\u0161 auk\u0161tos kokyb\u0117s plieno, jos turi tikslius, a\u0161trius galiukus, leid\u017eian\u010dius lengvai ir \u0161variai kirpti si\u016blus bei audinius. Juodos spalvos dizainas suteikia eleganti\u0161kumo ir profesionalumo \u012fsp\u016bd\u012f. Savyb\u0117s: \u2022Auk\u0161tos kokyb\u0117s plienas \u2022A\u0161tr\u016bs, tiksl\u016bs galiukai \u2022Patogios naudoti smulkiems darbams \u2022Juodos spalvos, stilingas dizainas Pastaba: [&hellip;]<\/p>\n","protected":false},"featured_media":5830,"comment_status":"open","ping_status":"closed","template":"","meta":{"_acf_changed":false},"product_brand":[69],"product_cat":[15,20,90],"product_tag":[],"pro-kategorijos":[],"class_list":{"0":"post-5829","1":"product","2":"type-product","3":"status-publish","4":"has-post-thumbnail","6":"product_brand-concept-by-katia","7":"product_cat-visi-produktai","8":"product_cat-priedai-mezgimui","9":"product_cat-zirkles","11":"first","12":"outofstock","13":"shipping-taxable","14":"purchasable","15":"product-type-simple"},"acf":[],"yoast_head":"<!-- This site is optimized with the Yoast SEO plugin v26.8 - https:\/\/yoast.com\/product\/yoast-seo-wordpress\/ -->\n<title>Katia Rankdarbi\u0173 \u017dirkl\u0117s - Happyinaknit.com<\/title>\n<meta name=\"robots\" content=\"index, follow, max-snippet:-1, max-image-preview:large, max-video-preview:-1\" \/>\n<link rel=\"canonical\" href=\"https:\/\/happyinaknit.com\/lt\/produktas\/katia-rankdarbiu-zirkles\/\" \/>\n<meta property=\"og:locale\" content=\"lt_LT\" \/>\n<meta property=\"og:type\" content=\"article\" \/>\n<meta property=\"og:title\" content=\"Katia Rankdarbi\u0173 \u017dirkl\u0117s - Happyinaknit.com\" \/>\n<meta property=\"og:description\" content=\"Kompakti\u0161kos ir stilingos \u201eKatia\u201c rankdarbi\u0173 \u017eirkl\u0117s \u2013 b\u016btinas \u012frankis kiekvienai mezg\u0117jai ar siuv\u0117jai. Pagamintos i\u0161 auk\u0161tos kokyb\u0117s plieno, jos turi tikslius, a\u0161trius galiukus, leid\u017eian\u010dius lengvai ir \u0161variai kirpti si\u016blus bei audinius. Juodos spalvos dizainas suteikia eleganti\u0161kumo ir profesionalumo \u012fsp\u016bd\u012f. Savyb\u0117s: \u2022Auk\u0161tos kokyb\u0117s plienas \u2022A\u0161tr\u016bs, tiksl\u016bs galiukai \u2022Patogios naudoti smulkiems darbams \u2022Juodos spalvos, stilingas dizainas Pastaba: [&hellip;]\" \/>\n<meta property=\"og:url\" content=\"https:\/\/happyinaknit.com\/lt\/produktas\/katia-rankdarbiu-zirkles\/\" \/>\n<meta property=\"og:site_name\" content=\"Happyinaknit.com\" \/>\n<meta property=\"article:modified_time\" content=\"2025-10-25T12:05:06+00:00\" \/>\n<meta property=\"og:image\" content=\"https:\/\/happyinaknit.com\/wp-content\/uploads\/2025\/10\/articulo-small-scissors-7104-a-c-katia-g.jpeg\" \/>\n\t<meta property=\"og:image:width\" content=\"265\" \/>\n\t<meta property=\"og:image:height\" content=\"265\" \/>\n\t<meta property=\"og:image:type\" content=\"image\/jpeg\" \/>\n<meta name=\"twitter:card\" content=\"summary_large_image\" \/>\n<script type=\"application\/ld+json\" class=\"yoast-schema-graph\">{\"@context\":\"https:\/\/schema.org\",\"@graph\":[{\"@type\":\"WebPage\",\"@id\":\"https:\/\/happyinaknit.com\/produktas\/katia-rankdarbiu-zirkles\/\",\"url\":\"https:\/\/happyinaknit.com\/produktas\/katia-rankdarbiu-zirkles\/\",\"name\":\"Katia Rankdarbi\u0173 \u017dirkl\u0117s - Happyinaknit.com\",\"isPartOf\":{\"@id\":\"https:\/\/happyinaknit.com\/lt\/#website\"},\"primaryImageOfPage\":{\"@id\":\"https:\/\/happyinaknit.com\/produktas\/katia-rankdarbiu-zirkles\/#primaryimage\"},\"image\":{\"@id\":\"https:\/\/happyinaknit.com\/produktas\/katia-rankdarbiu-zirkles\/#primaryimage\"},\"thumbnailUrl\":\"https:\/\/happyinaknit.com\/wp-content\/uploads\/2025\/10\/articulo-small-scissors-7104-a-c-katia-g.jpeg\",\"datePublished\":\"2025-10-18T13:59:23+00:00\",\"dateModified\":\"2025-10-25T12:05:06+00:00\",\"breadcrumb\":{\"@id\":\"https:\/\/happyinaknit.com\/produktas\/katia-rankdarbiu-zirkles\/#breadcrumb\"},\"inLanguage\":\"lt-LT\",\"potentialAction\":[{\"@type\":\"ReadAction\",\"target\":[\"https:\/\/happyinaknit.com\/produktas\/katia-rankdarbiu-zirkles\/\"]}]},{\"@type\":\"ImageObject\",\"inLanguage\":\"lt-LT\",\"@id\":\"https:\/\/happyinaknit.com\/produktas\/katia-rankdarbiu-zirkles\/#primaryimage\",\"url\":\"https:\/\/happyinaknit.com\/wp-content\/uploads\/2025\/10\/articulo-small-scissors-7104-a-c-katia-g.jpeg\",\"contentUrl\":\"https:\/\/happyinaknit.com\/wp-content\/uploads\/2025\/10\/articulo-small-scissors-7104-a-c-katia-g.jpeg\",\"width\":265,\"height\":265},{\"@type\":\"BreadcrumbList\",\"@id\":\"https:\/\/happyinaknit.com\/produktas\/katia-rankdarbiu-zirkles\/#breadcrumb\",\"itemListElement\":[{\"@type\":\"ListItem\",\"position\":1,\"name\":\"Home\",\"item\":\"https:\/\/happyinaknit.com\/lt\/\"},{\"@type\":\"ListItem\",\"position\":2,\"name\":\"Parduotuv\u0117\",\"item\":\"https:\/\/happyinaknit.com\/lt\/parduotuve\/\"},{\"@type\":\"ListItem\",\"position\":3,\"name\":\"Katia Rankdarbi\u0173 \u017dirkl\u0117s\"}]},{\"@type\":\"WebSite\",\"@id\":\"https:\/\/happyinaknit.com\/lt\/#website\",\"url\":\"https:\/\/happyinaknit.com\/lt\/\",\"name\":\"Happyinaknit.com\",\"description\":\"\",\"potentialAction\":[{\"@type\":\"SearchAction\",\"target\":{\"@type\":\"EntryPoint\",\"urlTemplate\":\"https:\/\/happyinaknit.com\/lt\/?s={search_term_string}\"},\"query-input\":{\"@type\":\"PropertyValueSpecification\",\"valueRequired\":true,\"valueName\":\"search_term_string\"}}],\"inLanguage\":\"lt-LT\"}]}<\/script>\n<!-- \/ Yoast SEO plugin. -->","yoast_head_json":{"title":"Katia Rankdarbi\u0173 \u017dirkl\u0117s - Happyinaknit.com","robots":{"index":"index","follow":"follow","max-snippet":"max-snippet:-1","max-image-preview":"max-image-preview:large","max-video-preview":"max-video-preview:-1"},"canonical":"https:\/\/happyinaknit.com\/lt\/produktas\/katia-rankdarbiu-zirkles\/","og_locale":"lt_LT","og_type":"article","og_title":"Katia Rankdarbi\u0173 \u017dirkl\u0117s - Happyinaknit.com","og_description":"Kompakti\u0161kos ir stilingos \u201eKatia\u201c rankdarbi\u0173 \u017eirkl\u0117s \u2013 b\u016btinas \u012frankis kiekvienai mezg\u0117jai ar siuv\u0117jai. Pagamintos i\u0161 auk\u0161tos kokyb\u0117s plieno, jos turi tikslius, a\u0161trius galiukus, leid\u017eian\u010dius lengvai ir \u0161variai kirpti si\u016blus bei audinius. Juodos spalvos dizainas suteikia eleganti\u0161kumo ir profesionalumo \u012fsp\u016bd\u012f. Savyb\u0117s: \u2022Auk\u0161tos kokyb\u0117s plienas \u2022A\u0161tr\u016bs, tiksl\u016bs galiukai \u2022Patogios naudoti smulkiems darbams \u2022Juodos spalvos, stilingas dizainas Pastaba: [&hellip;]","og_url":"https:\/\/happyinaknit.com\/lt\/produktas\/katia-rankdarbiu-zirkles\/","og_site_name":"Happyinaknit.com","article_modified_time":"2025-10-25T12:05:06+00:00","og_image":[{"width":265,"height":265,"url":"https:\/\/happyinaknit.com\/wp-content\/uploads\/2025\/10\/articulo-small-scissors-7104-a-c-katia-g.jpeg","type":"image\/jpeg"}],"twitter_card":"summary_large_image","schema":{"@context":"https:\/\/schema.org","@graph":[{"@type":"WebPage","@id":"https:\/\/happyinaknit.com\/produktas\/katia-rankdarbiu-zirkles\/","url":"https:\/\/happyinaknit.com\/produktas\/katia-rankdarbiu-zirkles\/","name":"Katia Rankdarbi\u0173 \u017dirkl\u0117s - Happyinaknit.com","isPartOf":{"@id":"https:\/\/happyinaknit.com\/lt\/#website"},"primaryImageOfPage":{"@id":"https:\/\/happyinaknit.com\/produktas\/katia-rankdarbiu-zirkles\/#primaryimage"},"image":{"@id":"https:\/\/happyinaknit.com\/produktas\/katia-rankdarbiu-zirkles\/#primaryimage"},"thumbnailUrl":"https:\/\/happyinaknit.com\/wp-content\/uploads\/2025\/10\/articulo-small-scissors-7104-a-c-katia-g.jpeg","datePublished":"2025-10-18T13:59:23+00:00","dateModified":"2025-10-25T12:05:06+00:00","breadcrumb":{"@id":"https:\/\/happyinaknit.com\/produktas\/katia-rankdarbiu-zirkles\/#breadcrumb"},"inLanguage":"lt-LT","potentialAction":[{"@type":"ReadAction","target":["https:\/\/happyinaknit.com\/produktas\/katia-rankdarbiu-zirkles\/"]}]},{"@type":"ImageObject","inLanguage":"lt-LT","@id":"https:\/\/happyinaknit.com\/produktas\/katia-rankdarbiu-zirkles\/#primaryimage","url":"https:\/\/happyinaknit.com\/wp-content\/uploads\/2025\/10\/articulo-small-scissors-7104-a-c-katia-g.jpeg","contentUrl":"https:\/\/happyinaknit.com\/wp-content\/uploads\/2025\/10\/articulo-small-scissors-7104-a-c-katia-g.jpeg","width":265,"height":265},{"@type":"BreadcrumbList","@id":"https:\/\/happyinaknit.com\/produktas\/katia-rankdarbiu-zirkles\/#breadcrumb","itemListElement":[{"@type":"ListItem","position":1,"name":"Home","item":"https:\/\/happyinaknit.com\/lt\/"},{"@type":"ListItem","position":2,"name":"Parduotuv\u0117","item":"https:\/\/happyinaknit.com\/lt\/parduotuve\/"},{"@type":"ListItem","position":3,"name":"Katia Rankdarbi\u0173 \u017dirkl\u0117s"}]},{"@type":"WebSite","@id":"https:\/\/happyinaknit.com\/lt\/#website","url":"https:\/\/happyinaknit.com\/lt\/","name":"Happyinaknit.com","description":"","potentialAction":[{"@type":"SearchAction","target":{"@type":"EntryPoint","urlTemplate":"https:\/\/happyinaknit.com\/lt\/?s={search_term_string}"},"query-input":{"@type":"PropertyValueSpecification","valueRequired":true,"valueName":"search_term_string"}}],"inLanguage":"lt-LT"}]}},"_links":{"self":[{"href":"https:\/\/happyinaknit.com\/lt\/wp-json\/wp\/v2\/product\/5829","targetHints":{"allow":["GET"]}}],"collection":[{"href":"https:\/\/happyinaknit.com\/lt\/wp-json\/wp\/v2\/product"}],"about":[{"href":"https:\/\/happyinaknit.com\/lt\/wp-json\/wp\/v2\/types\/product"}],"replies":[{"embeddable":true,"href":"https:\/\/happyinaknit.com\/lt\/wp-json\/wp\/v2\/comments?post=5829"}],"wp:featuredmedia":[{"embeddable":true,"href":"https:\/\/happyinaknit.com\/lt\/wp-json\/wp\/v2\/media\/5830"}],"wp:attachment":[{"href":"https:\/\/happyinaknit.com\/lt\/wp-json\/wp\/v2\/media?parent=5829"}],"wp:term":[{"taxonomy":"product_brand","embeddable":true,"href":"https:\/\/happyinaknit.com\/lt\/wp-json\/wp\/v2\/product_brand?post=5829"},{"taxonomy":"product_cat","embeddable":true,"href":"https:\/\/happyinaknit.com\/lt\/wp-json\/wp\/v2\/product_cat?post=5829"},{"taxonomy":"product_tag","embeddable":true,"href":"https:\/\/happyinaknit.com\/lt\/wp-json\/wp\/v2\/product_tag?post=5829"},{"taxonomy":"pro-kategorijos","embeddable":true,"href":"https:\/\/happyinaknit.com\/lt\/wp-json\/wp\/v2\/pro-kategorijos?post=5829"}],"curies":[{"name":"wp","href":"https:\/\/api.w.org\/{rel}","templated":true}]}}