{"id":5816,"date":"2025-10-18T13:01:19","date_gmt":"2025-10-18T13:01:19","guid":{"rendered":"https:\/\/happyinaknit.com\/?post_type=product&#038;p=5816"},"modified":"2025-10-18T13:01:20","modified_gmt":"2025-10-18T13:01:20","slug":"prym-permatomi-siuvimo-siulai-nr-70","status":"publish","type":"product","link":"https:\/\/happyinaknit.com\/lt\/produktas\/prym-permatomi-siuvimo-siulai-nr-70\/","title":{"rendered":"Prym permatomi siuvimo si\u016blai Nr. 70"},"content":{"rendered":"<p data-start=\"44\" data-end=\"219\">\u0160ie <strong data-start=\"48\" data-end=\"79\">ypa\u010d ploni ir tvirti si\u016blai<\/strong> idealiai tinka si\u016bti ploniems audiniams \u2013 \u0161ilkui, permatomiems arba margiems audiniams, kai reikia, kad si\u016bl\u0117s b\u016bt\u0173 beveik <strong data-start=\"203\" data-end=\"216\">nematomos<\/strong>.<\/p>\n<p data-start=\"221\" data-end=\"431\">Permatomi si\u016blai gali b\u016bti <strong data-start=\"248\" data-end=\"271\">\u0161vies\u016bs arba tams\u016bs<\/strong>, tod\u0117l juos lengva priderinti prie audinio spalvos. Jie tiekiami <strong data-start=\"337\" data-end=\"353\">200 m rit\u0117je<\/strong>, tinkami tiek <strong data-start=\"368\" data-end=\"390\">rankiniam siuvimui<\/strong>, tiek <strong data-start=\"397\" data-end=\"428\">naudojimui siuvimo ma\u0161inoje<\/strong>.<\/p>\n<p data-start=\"433\" data-end=\"675\">Pagaminti i\u0161 <strong data-start=\"446\" data-end=\"475\">100 % nailono (poliamido)<\/strong>, \u0161ie si\u016blai pasi\u017eymi <strong data-start=\"497\" data-end=\"548\">ypatingu tamprumu ir didele tempiam\u0105ja stiprybe<\/strong>. Galima skalbti skalbykl\u0117je iki <strong data-start=\"581\" data-end=\"590\">95 \u00b0C<\/strong>. Rit\u0117s dangtelio \u012fdubimas leid\u017eia patogiai u\u017efiksuoti si\u016bl\u0105, kai jis nenaudojamas.<\/p>\n<p data-start=\"677\" data-end=\"691\"><strong data-start=\"677\" data-end=\"689\">Savyb\u0117s:<\/strong><\/p>\n<ul data-start=\"692\" data-end=\"908\">\n<li data-start=\"692\" data-end=\"732\">\n<p data-start=\"694\" data-end=\"732\">Sud\u0117tis: 100 % nailonas (poliamidas)<\/p>\n<\/li>\n<li data-start=\"733\" data-end=\"749\">\n<p data-start=\"735\" data-end=\"749\">Ilgis: 200 m<\/p>\n<\/li>\n<li data-start=\"750\" data-end=\"768\">\n<p data-start=\"752\" data-end=\"768\">Storis: Nr. 70<\/p>\n<\/li>\n<li data-start=\"769\" data-end=\"808\">\n<p data-start=\"771\" data-end=\"808\">Spalva: skaidri (\u0161viesi arba tamsi)<\/p>\n<\/li>\n<li data-start=\"809\" data-end=\"835\">\n<p data-start=\"811\" data-end=\"835\">Tinka siuvimo ma\u0161inoms<\/p>\n<\/li>\n<li data-start=\"836\" data-end=\"880\">\n<p data-start=\"838\" data-end=\"880\">Atspari auk\u0161tai temperat\u016brai (iki 95 \u00b0C)<\/p>\n<\/li>\n<li data-start=\"881\" data-end=\"908\">\n<p data-start=\"883\" data-end=\"908\">Labai tampr\u016bs ir tvirti<\/p>\n<\/li>\n<\/ul>\n<p data-start=\"910\" data-end=\"943\"><strong data-start=\"910\" data-end=\"925\">Gamintojas:<\/strong> Prym, Vokietija<\/p>\n<p data-start=\"945\" data-end=\"1033\" data-is-last-node=\"\" data-is-only-node=\"\"><strong data-start=\"945\" data-end=\"957\">Pastaba:<\/strong> spalv\u0173 atspalviai gali \u0161iek tiek skirtis priklausomai nuo \u012frenginio ekrano.<\/p>\n","protected":false},"excerpt":{"rendered":"<p>\u0160ie ypa\u010d ploni ir tvirti si\u016blai idealiai tinka si\u016bti ploniems audiniams \u2013 \u0161ilkui, permatomiems arba margiems audiniams, kai reikia, kad si\u016bl\u0117s b\u016bt\u0173 beveik nematomos. Permatomi si\u016blai gali b\u016bti \u0161vies\u016bs arba tams\u016bs, tod\u0117l juos lengva priderinti prie audinio spalvos. Jie tiekiami 200 m rit\u0117je, tinkami tiek rankiniam siuvimui, tiek naudojimui siuvimo ma\u0161inoje. Pagaminti i\u0161 100 % [&hellip;]<\/p>\n","protected":false},"featured_media":5817,"comment_status":"open","ping_status":"closed","template":"","meta":{"_acf_changed":false},"product_brand":[1072],"product_cat":[15,52],"product_tag":[],"pro-kategorijos":[],"class_list":{"0":"post-5816","1":"product","2":"type-product","3":"status-publish","4":"has-post-thumbnail","6":"product_brand-prym","7":"product_cat-visi-produktai","8":"product_cat-kiti-mezgimo-reikmenys","10":"first","11":"instock","12":"shipping-taxable","13":"purchasable","14":"product-type-simple"},"acf":[],"yoast_head":"<!-- This site is optimized with the Yoast SEO plugin v26.8 - https:\/\/yoast.com\/product\/yoast-seo-wordpress\/ -->\n<title>Prym permatomi siuvimo si\u016blai Nr. 70 - Happyinaknit.com<\/title>\n<meta name=\"robots\" content=\"index, follow, max-snippet:-1, max-image-preview:large, max-video-preview:-1\" \/>\n<link rel=\"canonical\" href=\"https:\/\/happyinaknit.com\/lt\/produktas\/prym-permatomi-siuvimo-siulai-nr-70\/\" \/>\n<meta property=\"og:locale\" content=\"lt_LT\" \/>\n<meta property=\"og:type\" content=\"article\" \/>\n<meta property=\"og:title\" content=\"Prym permatomi siuvimo si\u016blai Nr. 70 - Happyinaknit.com\" \/>\n<meta property=\"og:description\" content=\"\u0160ie ypa\u010d ploni ir tvirti si\u016blai idealiai tinka si\u016bti ploniems audiniams \u2013 \u0161ilkui, permatomiems arba margiems audiniams, kai reikia, kad si\u016bl\u0117s b\u016bt\u0173 beveik nematomos. Permatomi si\u016blai gali b\u016bti \u0161vies\u016bs arba tams\u016bs, tod\u0117l juos lengva priderinti prie audinio spalvos. Jie tiekiami 200 m rit\u0117je, tinkami tiek rankiniam siuvimui, tiek naudojimui siuvimo ma\u0161inoje. Pagaminti i\u0161 100 % [&hellip;]\" \/>\n<meta property=\"og:url\" content=\"https:\/\/happyinaknit.com\/lt\/produktas\/prym-permatomi-siuvimo-siulai-nr-70\/\" \/>\n<meta property=\"og:site_name\" content=\"Happyinaknit.com\" \/>\n<meta property=\"article:modified_time\" content=\"2025-10-18T13:01:20+00:00\" \/>\n<meta property=\"og:image\" content=\"https:\/\/happyinaknit.com\/wp-content\/uploads\/2025\/10\/elastic-naehfaden-schwarz_970010_2.jpg\" \/>\n\t<meta property=\"og:image:width\" content=\"1200\" \/>\n\t<meta property=\"og:image:height\" content=\"1200\" \/>\n\t<meta property=\"og:image:type\" content=\"image\/jpeg\" \/>\n<meta name=\"twitter:card\" content=\"summary_large_image\" \/>\n<meta name=\"twitter:label1\" content=\"Est. reading time\" \/>\n\t<meta name=\"twitter:data1\" content=\"1 minut\u0117\" \/>\n<script type=\"application\/ld+json\" class=\"yoast-schema-graph\">{\"@context\":\"https:\/\/schema.org\",\"@graph\":[{\"@type\":\"WebPage\",\"@id\":\"https:\/\/happyinaknit.com\/produktas\/prym-permatomi-siuvimo-siulai-nr-70\/\",\"url\":\"https:\/\/happyinaknit.com\/produktas\/prym-permatomi-siuvimo-siulai-nr-70\/\",\"name\":\"Prym permatomi siuvimo si\u016blai Nr. 70 - Happyinaknit.com\",\"isPartOf\":{\"@id\":\"https:\/\/happyinaknit.com\/lt\/#website\"},\"primaryImageOfPage\":{\"@id\":\"https:\/\/happyinaknit.com\/produktas\/prym-permatomi-siuvimo-siulai-nr-70\/#primaryimage\"},\"image\":{\"@id\":\"https:\/\/happyinaknit.com\/produktas\/prym-permatomi-siuvimo-siulai-nr-70\/#primaryimage\"},\"thumbnailUrl\":\"https:\/\/happyinaknit.com\/wp-content\/uploads\/2025\/10\/elastic-naehfaden-schwarz_970010_2.jpg\",\"datePublished\":\"2025-10-18T13:01:19+00:00\",\"dateModified\":\"2025-10-18T13:01:20+00:00\",\"breadcrumb\":{\"@id\":\"https:\/\/happyinaknit.com\/produktas\/prym-permatomi-siuvimo-siulai-nr-70\/#breadcrumb\"},\"inLanguage\":\"lt-LT\",\"potentialAction\":[{\"@type\":\"ReadAction\",\"target\":[\"https:\/\/happyinaknit.com\/produktas\/prym-permatomi-siuvimo-siulai-nr-70\/\"]}]},{\"@type\":\"ImageObject\",\"inLanguage\":\"lt-LT\",\"@id\":\"https:\/\/happyinaknit.com\/produktas\/prym-permatomi-siuvimo-siulai-nr-70\/#primaryimage\",\"url\":\"https:\/\/happyinaknit.com\/wp-content\/uploads\/2025\/10\/elastic-naehfaden-schwarz_970010_2.jpg\",\"contentUrl\":\"https:\/\/happyinaknit.com\/wp-content\/uploads\/2025\/10\/elastic-naehfaden-schwarz_970010_2.jpg\",\"width\":1200,\"height\":1200},{\"@type\":\"BreadcrumbList\",\"@id\":\"https:\/\/happyinaknit.com\/produktas\/prym-permatomi-siuvimo-siulai-nr-70\/#breadcrumb\",\"itemListElement\":[{\"@type\":\"ListItem\",\"position\":1,\"name\":\"Home\",\"item\":\"https:\/\/happyinaknit.com\/lt\/\"},{\"@type\":\"ListItem\",\"position\":2,\"name\":\"Parduotuv\u0117\",\"item\":\"https:\/\/happyinaknit.com\/lt\/parduotuve\/\"},{\"@type\":\"ListItem\",\"position\":3,\"name\":\"Prym permatomi siuvimo si\u016blai Nr. 70\"}]},{\"@type\":\"WebSite\",\"@id\":\"https:\/\/happyinaknit.com\/lt\/#website\",\"url\":\"https:\/\/happyinaknit.com\/lt\/\",\"name\":\"Happyinaknit.com\",\"description\":\"\",\"potentialAction\":[{\"@type\":\"SearchAction\",\"target\":{\"@type\":\"EntryPoint\",\"urlTemplate\":\"https:\/\/happyinaknit.com\/lt\/?s={search_term_string}\"},\"query-input\":{\"@type\":\"PropertyValueSpecification\",\"valueRequired\":true,\"valueName\":\"search_term_string\"}}],\"inLanguage\":\"lt-LT\"}]}<\/script>\n<!-- \/ Yoast SEO plugin. -->","yoast_head_json":{"title":"Prym permatomi siuvimo si\u016blai Nr. 70 - Happyinaknit.com","robots":{"index":"index","follow":"follow","max-snippet":"max-snippet:-1","max-image-preview":"max-image-preview:large","max-video-preview":"max-video-preview:-1"},"canonical":"https:\/\/happyinaknit.com\/lt\/produktas\/prym-permatomi-siuvimo-siulai-nr-70\/","og_locale":"lt_LT","og_type":"article","og_title":"Prym permatomi siuvimo si\u016blai Nr. 70 - Happyinaknit.com","og_description":"\u0160ie ypa\u010d ploni ir tvirti si\u016blai idealiai tinka si\u016bti ploniems audiniams \u2013 \u0161ilkui, permatomiems arba margiems audiniams, kai reikia, kad si\u016bl\u0117s b\u016bt\u0173 beveik nematomos. Permatomi si\u016blai gali b\u016bti \u0161vies\u016bs arba tams\u016bs, tod\u0117l juos lengva priderinti prie audinio spalvos. Jie tiekiami 200 m rit\u0117je, tinkami tiek rankiniam siuvimui, tiek naudojimui siuvimo ma\u0161inoje. Pagaminti i\u0161 100 % [&hellip;]","og_url":"https:\/\/happyinaknit.com\/lt\/produktas\/prym-permatomi-siuvimo-siulai-nr-70\/","og_site_name":"Happyinaknit.com","article_modified_time":"2025-10-18T13:01:20+00:00","og_image":[{"width":1200,"height":1200,"url":"https:\/\/happyinaknit.com\/wp-content\/uploads\/2025\/10\/elastic-naehfaden-schwarz_970010_2.jpg","type":"image\/jpeg"}],"twitter_card":"summary_large_image","twitter_misc":{"Est. reading time":"1 minut\u0117"},"schema":{"@context":"https:\/\/schema.org","@graph":[{"@type":"WebPage","@id":"https:\/\/happyinaknit.com\/produktas\/prym-permatomi-siuvimo-siulai-nr-70\/","url":"https:\/\/happyinaknit.com\/produktas\/prym-permatomi-siuvimo-siulai-nr-70\/","name":"Prym permatomi siuvimo si\u016blai Nr. 70 - Happyinaknit.com","isPartOf":{"@id":"https:\/\/happyinaknit.com\/lt\/#website"},"primaryImageOfPage":{"@id":"https:\/\/happyinaknit.com\/produktas\/prym-permatomi-siuvimo-siulai-nr-70\/#primaryimage"},"image":{"@id":"https:\/\/happyinaknit.com\/produktas\/prym-permatomi-siuvimo-siulai-nr-70\/#primaryimage"},"thumbnailUrl":"https:\/\/happyinaknit.com\/wp-content\/uploads\/2025\/10\/elastic-naehfaden-schwarz_970010_2.jpg","datePublished":"2025-10-18T13:01:19+00:00","dateModified":"2025-10-18T13:01:20+00:00","breadcrumb":{"@id":"https:\/\/happyinaknit.com\/produktas\/prym-permatomi-siuvimo-siulai-nr-70\/#breadcrumb"},"inLanguage":"lt-LT","potentialAction":[{"@type":"ReadAction","target":["https:\/\/happyinaknit.com\/produktas\/prym-permatomi-siuvimo-siulai-nr-70\/"]}]},{"@type":"ImageObject","inLanguage":"lt-LT","@id":"https:\/\/happyinaknit.com\/produktas\/prym-permatomi-siuvimo-siulai-nr-70\/#primaryimage","url":"https:\/\/happyinaknit.com\/wp-content\/uploads\/2025\/10\/elastic-naehfaden-schwarz_970010_2.jpg","contentUrl":"https:\/\/happyinaknit.com\/wp-content\/uploads\/2025\/10\/elastic-naehfaden-schwarz_970010_2.jpg","width":1200,"height":1200},{"@type":"BreadcrumbList","@id":"https:\/\/happyinaknit.com\/produktas\/prym-permatomi-siuvimo-siulai-nr-70\/#breadcrumb","itemListElement":[{"@type":"ListItem","position":1,"name":"Home","item":"https:\/\/happyinaknit.com\/lt\/"},{"@type":"ListItem","position":2,"name":"Parduotuv\u0117","item":"https:\/\/happyinaknit.com\/lt\/parduotuve\/"},{"@type":"ListItem","position":3,"name":"Prym permatomi siuvimo si\u016blai Nr. 70"}]},{"@type":"WebSite","@id":"https:\/\/happyinaknit.com\/lt\/#website","url":"https:\/\/happyinaknit.com\/lt\/","name":"Happyinaknit.com","description":"","potentialAction":[{"@type":"SearchAction","target":{"@type":"EntryPoint","urlTemplate":"https:\/\/happyinaknit.com\/lt\/?s={search_term_string}"},"query-input":{"@type":"PropertyValueSpecification","valueRequired":true,"valueName":"search_term_string"}}],"inLanguage":"lt-LT"}]}},"_links":{"self":[{"href":"https:\/\/happyinaknit.com\/lt\/wp-json\/wp\/v2\/product\/5816","targetHints":{"allow":["GET"]}}],"collection":[{"href":"https:\/\/happyinaknit.com\/lt\/wp-json\/wp\/v2\/product"}],"about":[{"href":"https:\/\/happyinaknit.com\/lt\/wp-json\/wp\/v2\/types\/product"}],"replies":[{"embeddable":true,"href":"https:\/\/happyinaknit.com\/lt\/wp-json\/wp\/v2\/comments?post=5816"}],"wp:featuredmedia":[{"embeddable":true,"href":"https:\/\/happyinaknit.com\/lt\/wp-json\/wp\/v2\/media\/5817"}],"wp:attachment":[{"href":"https:\/\/happyinaknit.com\/lt\/wp-json\/wp\/v2\/media?parent=5816"}],"wp:term":[{"taxonomy":"product_brand","embeddable":true,"href":"https:\/\/happyinaknit.com\/lt\/wp-json\/wp\/v2\/product_brand?post=5816"},{"taxonomy":"product_cat","embeddable":true,"href":"https:\/\/happyinaknit.com\/lt\/wp-json\/wp\/v2\/product_cat?post=5816"},{"taxonomy":"product_tag","embeddable":true,"href":"https:\/\/happyinaknit.com\/lt\/wp-json\/wp\/v2\/product_tag?post=5816"},{"taxonomy":"pro-kategorijos","embeddable":true,"href":"https:\/\/happyinaknit.com\/lt\/wp-json\/wp\/v2\/pro-kategorijos?post=5816"}],"curies":[{"name":"wp","href":"https:\/\/api.w.org\/{rel}","templated":true}]}}