{"id":5789,"date":"2025-10-18T12:18:35","date_gmt":"2025-10-18T12:18:35","guid":{"rendered":"https:\/\/happyinaknit.com\/?post_type=product&#038;p=5789"},"modified":"2025-10-28T12:04:16","modified_gmt":"2025-10-28T12:04:16","slug":"prym-zirkles-gandras","status":"publish","type":"product","link":"https:\/\/happyinaknit.com\/lt\/produktas\/prym-zirkles-gandras\/","title":{"rendered":"Prym \u017eirkl\u0117s \u201eGandras\u201c"},"content":{"rendered":"<p data-start=\"30\" data-end=\"279\">Eleganti\u0161kos \u00a0<strong data-start=\"60\" data-end=\"68\">Prym<\/strong> siuvimo \u017eirkl\u0117s \u201eGandras\u201c \u2013 klasikinis pasirinkimas rankdarbi\u0173 m\u0117g\u0117joms. Ploni, a\u0161tr\u016bs a\u0161menys leid\u017eia kirpti iki pat galiuko, tod\u0117l idealiai tinka si\u016bl\u0173, si\u016blini\u0173 kilpeli\u0173 ar smulki\u0173 detali\u0173 apdorojimui.<\/p>\n<p data-start=\"281\" data-end=\"397\">Be to, j\u0173 <strong data-start=\"291\" data-end=\"329\">ornamentuota forma gandro pavidalu<\/strong> suteikia \u012frankiui ne tik prakti\u0161kumo, bet ir i\u0161skirtinio \u017eavesio.<\/p>\n<p data-start=\"399\" data-end=\"413\"><strong data-start=\"399\" data-end=\"411\">Savyb\u0117s:<\/strong><\/p>\n<ul data-start=\"414\" data-end=\"553\">\n<li data-start=\"414\" data-end=\"429\">\n<p data-start=\"416\" data-end=\"429\">Ilgis: 9 cm<\/p>\n<\/li>\n<li data-start=\"430\" data-end=\"478\">\n<p data-start=\"432\" data-end=\"478\">Ploni, a\u0161tr\u016bs a\u0161menys \u2013 precizi\u0161kam kirpimui<\/p>\n<\/li>\n<li data-start=\"479\" data-end=\"520\">\n<p data-start=\"481\" data-end=\"520\">Patogios ranken\u0117l\u0117s ir lengvas svoris<\/p>\n<\/li>\n<li data-start=\"521\" data-end=\"553\">\n<p data-start=\"523\" data-end=\"553\">Klasikinis \u201egandro\u201c dizainas<\/p>\n<\/li>\n<\/ul>\n<p data-start=\"555\" data-end=\"588\"><strong data-start=\"555\" data-end=\"570\">Gamintojas:<\/strong> Prym, Vokietija<\/p>\n<p data-start=\"590\" data-end=\"678\" data-is-last-node=\"\" data-is-only-node=\"\"><strong data-start=\"590\" data-end=\"602\">Pastaba:<\/strong> spalv\u0173 atspalviai gali \u0161iek tiek skirtis priklausomai nuo \u012frenginio ekrano.<\/p>\n","protected":false},"excerpt":{"rendered":"<p>Eleganti\u0161kos \u00a0Prym siuvimo \u017eirkl\u0117s \u201eGandras\u201c \u2013 klasikinis pasirinkimas rankdarbi\u0173 m\u0117g\u0117joms. Ploni, a\u0161tr\u016bs a\u0161menys leid\u017eia kirpti iki pat galiuko, tod\u0117l idealiai tinka si\u016bl\u0173, si\u016blini\u0173 kilpeli\u0173 ar smulki\u0173 detali\u0173 apdorojimui. Be to, j\u0173 ornamentuota forma gandro pavidalu suteikia \u012frankiui ne tik prakti\u0161kumo, bet ir i\u0161skirtinio \u017eavesio. Savyb\u0117s: Ilgis: 9 cm Ploni, a\u0161tr\u016bs a\u0161menys \u2013 precizi\u0161kam kirpimui Patogios [&hellip;]<\/p>\n","protected":false},"featured_media":5790,"comment_status":"open","ping_status":"closed","template":"","meta":{"_acf_changed":false},"product_brand":[1072],"product_cat":[15,20,90],"product_tag":[],"pro-kategorijos":[],"class_list":{"0":"post-5789","1":"product","2":"type-product","3":"status-publish","4":"has-post-thumbnail","6":"product_brand-prym","7":"product_cat-visi-produktai","8":"product_cat-priedai-mezgimui","9":"product_cat-zirkles","11":"first","12":"instock","13":"shipping-taxable","14":"purchasable","15":"product-type-simple"},"acf":[],"yoast_head":"<!-- This site is optimized with the Yoast SEO plugin v26.8 - https:\/\/yoast.com\/product\/yoast-seo-wordpress\/ -->\n<title>Prym \u017eirkl\u0117s \u201eGandras\u201c - Happyinaknit.com<\/title>\n<meta name=\"robots\" content=\"index, follow, max-snippet:-1, max-image-preview:large, max-video-preview:-1\" \/>\n<link rel=\"canonical\" href=\"https:\/\/happyinaknit.com\/lt\/produktas\/prym-zirkles-gandras\/\" \/>\n<meta property=\"og:locale\" content=\"lt_LT\" \/>\n<meta property=\"og:type\" content=\"article\" \/>\n<meta property=\"og:title\" content=\"Prym \u017eirkl\u0117s \u201eGandras\u201c - Happyinaknit.com\" \/>\n<meta property=\"og:description\" content=\"Eleganti\u0161kos \u00a0Prym siuvimo \u017eirkl\u0117s \u201eGandras\u201c \u2013 klasikinis pasirinkimas rankdarbi\u0173 m\u0117g\u0117joms. Ploni, a\u0161tr\u016bs a\u0161menys leid\u017eia kirpti iki pat galiuko, tod\u0117l idealiai tinka si\u016bl\u0173, si\u016blini\u0173 kilpeli\u0173 ar smulki\u0173 detali\u0173 apdorojimui. Be to, j\u0173 ornamentuota forma gandro pavidalu suteikia \u012frankiui ne tik prakti\u0161kumo, bet ir i\u0161skirtinio \u017eavesio. Savyb\u0117s: Ilgis: 9 cm Ploni, a\u0161tr\u016bs a\u0161menys \u2013 precizi\u0161kam kirpimui Patogios [&hellip;]\" \/>\n<meta property=\"og:url\" content=\"https:\/\/happyinaknit.com\/lt\/produktas\/prym-zirkles-gandras\/\" \/>\n<meta property=\"og:site_name\" content=\"Happyinaknit.com\" \/>\n<meta property=\"article:modified_time\" content=\"2025-10-28T12:04:16+00:00\" \/>\n<meta property=\"og:image\" content=\"https:\/\/happyinaknit.com\/wp-content\/uploads\/2025\/10\/\u03a8\u03b1\u03bb\u03af\u03b4\u03b9-\u039a\u03b5\u03bd\u03c4\u03ae\u03bc\u03b1\u03c4\u03bf\u03c2-9cm-\u03a0\u03b5\u03bb\u03b1\u03c1\u03b3\u03cc\u03c2-Prym-611445-2.jpg\" \/>\n\t<meta property=\"og:image:width\" content=\"800\" \/>\n\t<meta property=\"og:image:height\" content=\"800\" \/>\n\t<meta property=\"og:image:type\" content=\"image\/jpeg\" \/>\n<meta name=\"twitter:card\" content=\"summary_large_image\" \/>\n<script type=\"application\/ld+json\" class=\"yoast-schema-graph\">{\"@context\":\"https:\/\/schema.org\",\"@graph\":[{\"@type\":\"WebPage\",\"@id\":\"https:\/\/happyinaknit.com\/produktas\/prym-zirkles-gandras\/\",\"url\":\"https:\/\/happyinaknit.com\/produktas\/prym-zirkles-gandras\/\",\"name\":\"Prym \u017eirkl\u0117s \u201eGandras\u201c - Happyinaknit.com\",\"isPartOf\":{\"@id\":\"https:\/\/happyinaknit.com\/lt\/#website\"},\"primaryImageOfPage\":{\"@id\":\"https:\/\/happyinaknit.com\/produktas\/prym-zirkles-gandras\/#primaryimage\"},\"image\":{\"@id\":\"https:\/\/happyinaknit.com\/produktas\/prym-zirkles-gandras\/#primaryimage\"},\"thumbnailUrl\":\"https:\/\/happyinaknit.com\/wp-content\/uploads\/2025\/10\/\u03a8\u03b1\u03bb\u03af\u03b4\u03b9-\u039a\u03b5\u03bd\u03c4\u03ae\u03bc\u03b1\u03c4\u03bf\u03c2-9cm-\u03a0\u03b5\u03bb\u03b1\u03c1\u03b3\u03cc\u03c2-Prym-611445-2.jpg\",\"datePublished\":\"2025-10-18T12:18:35+00:00\",\"dateModified\":\"2025-10-28T12:04:16+00:00\",\"breadcrumb\":{\"@id\":\"https:\/\/happyinaknit.com\/produktas\/prym-zirkles-gandras\/#breadcrumb\"},\"inLanguage\":\"lt-LT\",\"potentialAction\":[{\"@type\":\"ReadAction\",\"target\":[\"https:\/\/happyinaknit.com\/produktas\/prym-zirkles-gandras\/\"]}]},{\"@type\":\"ImageObject\",\"inLanguage\":\"lt-LT\",\"@id\":\"https:\/\/happyinaknit.com\/produktas\/prym-zirkles-gandras\/#primaryimage\",\"url\":\"https:\/\/happyinaknit.com\/wp-content\/uploads\/2025\/10\/\u03a8\u03b1\u03bb\u03af\u03b4\u03b9-\u039a\u03b5\u03bd\u03c4\u03ae\u03bc\u03b1\u03c4\u03bf\u03c2-9cm-\u03a0\u03b5\u03bb\u03b1\u03c1\u03b3\u03cc\u03c2-Prym-611445-2.jpg\",\"contentUrl\":\"https:\/\/happyinaknit.com\/wp-content\/uploads\/2025\/10\/\u03a8\u03b1\u03bb\u03af\u03b4\u03b9-\u039a\u03b5\u03bd\u03c4\u03ae\u03bc\u03b1\u03c4\u03bf\u03c2-9cm-\u03a0\u03b5\u03bb\u03b1\u03c1\u03b3\u03cc\u03c2-Prym-611445-2.jpg\",\"width\":800,\"height\":800},{\"@type\":\"BreadcrumbList\",\"@id\":\"https:\/\/happyinaknit.com\/produktas\/prym-zirkles-gandras\/#breadcrumb\",\"itemListElement\":[{\"@type\":\"ListItem\",\"position\":1,\"name\":\"Home\",\"item\":\"https:\/\/happyinaknit.com\/lt\/\"},{\"@type\":\"ListItem\",\"position\":2,\"name\":\"Parduotuv\u0117\",\"item\":\"https:\/\/happyinaknit.com\/lt\/parduotuve\/\"},{\"@type\":\"ListItem\",\"position\":3,\"name\":\"Prym \u017eirkl\u0117s \u201eGandras\u201c\"}]},{\"@type\":\"WebSite\",\"@id\":\"https:\/\/happyinaknit.com\/lt\/#website\",\"url\":\"https:\/\/happyinaknit.com\/lt\/\",\"name\":\"Happyinaknit.com\",\"description\":\"\",\"potentialAction\":[{\"@type\":\"SearchAction\",\"target\":{\"@type\":\"EntryPoint\",\"urlTemplate\":\"https:\/\/happyinaknit.com\/lt\/?s={search_term_string}\"},\"query-input\":{\"@type\":\"PropertyValueSpecification\",\"valueRequired\":true,\"valueName\":\"search_term_string\"}}],\"inLanguage\":\"lt-LT\"}]}<\/script>\n<!-- \/ Yoast SEO plugin. -->","yoast_head_json":{"title":"Prym \u017eirkl\u0117s \u201eGandras\u201c - Happyinaknit.com","robots":{"index":"index","follow":"follow","max-snippet":"max-snippet:-1","max-image-preview":"max-image-preview:large","max-video-preview":"max-video-preview:-1"},"canonical":"https:\/\/happyinaknit.com\/lt\/produktas\/prym-zirkles-gandras\/","og_locale":"lt_LT","og_type":"article","og_title":"Prym \u017eirkl\u0117s \u201eGandras\u201c - Happyinaknit.com","og_description":"Eleganti\u0161kos \u00a0Prym siuvimo \u017eirkl\u0117s \u201eGandras\u201c \u2013 klasikinis pasirinkimas rankdarbi\u0173 m\u0117g\u0117joms. Ploni, a\u0161tr\u016bs a\u0161menys leid\u017eia kirpti iki pat galiuko, tod\u0117l idealiai tinka si\u016bl\u0173, si\u016blini\u0173 kilpeli\u0173 ar smulki\u0173 detali\u0173 apdorojimui. Be to, j\u0173 ornamentuota forma gandro pavidalu suteikia \u012frankiui ne tik prakti\u0161kumo, bet ir i\u0161skirtinio \u017eavesio. Savyb\u0117s: Ilgis: 9 cm Ploni, a\u0161tr\u016bs a\u0161menys \u2013 precizi\u0161kam kirpimui Patogios [&hellip;]","og_url":"https:\/\/happyinaknit.com\/lt\/produktas\/prym-zirkles-gandras\/","og_site_name":"Happyinaknit.com","article_modified_time":"2025-10-28T12:04:16+00:00","og_image":[{"width":800,"height":800,"url":"https:\/\/happyinaknit.com\/wp-content\/uploads\/2025\/10\/\u03a8\u03b1\u03bb\u03af\u03b4\u03b9-\u039a\u03b5\u03bd\u03c4\u03ae\u03bc\u03b1\u03c4\u03bf\u03c2-9cm-\u03a0\u03b5\u03bb\u03b1\u03c1\u03b3\u03cc\u03c2-Prym-611445-2.jpg","type":"image\/jpeg"}],"twitter_card":"summary_large_image","schema":{"@context":"https:\/\/schema.org","@graph":[{"@type":"WebPage","@id":"https:\/\/happyinaknit.com\/produktas\/prym-zirkles-gandras\/","url":"https:\/\/happyinaknit.com\/produktas\/prym-zirkles-gandras\/","name":"Prym \u017eirkl\u0117s \u201eGandras\u201c - Happyinaknit.com","isPartOf":{"@id":"https:\/\/happyinaknit.com\/lt\/#website"},"primaryImageOfPage":{"@id":"https:\/\/happyinaknit.com\/produktas\/prym-zirkles-gandras\/#primaryimage"},"image":{"@id":"https:\/\/happyinaknit.com\/produktas\/prym-zirkles-gandras\/#primaryimage"},"thumbnailUrl":"https:\/\/happyinaknit.com\/wp-content\/uploads\/2025\/10\/\u03a8\u03b1\u03bb\u03af\u03b4\u03b9-\u039a\u03b5\u03bd\u03c4\u03ae\u03bc\u03b1\u03c4\u03bf\u03c2-9cm-\u03a0\u03b5\u03bb\u03b1\u03c1\u03b3\u03cc\u03c2-Prym-611445-2.jpg","datePublished":"2025-10-18T12:18:35+00:00","dateModified":"2025-10-28T12:04:16+00:00","breadcrumb":{"@id":"https:\/\/happyinaknit.com\/produktas\/prym-zirkles-gandras\/#breadcrumb"},"inLanguage":"lt-LT","potentialAction":[{"@type":"ReadAction","target":["https:\/\/happyinaknit.com\/produktas\/prym-zirkles-gandras\/"]}]},{"@type":"ImageObject","inLanguage":"lt-LT","@id":"https:\/\/happyinaknit.com\/produktas\/prym-zirkles-gandras\/#primaryimage","url":"https:\/\/happyinaknit.com\/wp-content\/uploads\/2025\/10\/\u03a8\u03b1\u03bb\u03af\u03b4\u03b9-\u039a\u03b5\u03bd\u03c4\u03ae\u03bc\u03b1\u03c4\u03bf\u03c2-9cm-\u03a0\u03b5\u03bb\u03b1\u03c1\u03b3\u03cc\u03c2-Prym-611445-2.jpg","contentUrl":"https:\/\/happyinaknit.com\/wp-content\/uploads\/2025\/10\/\u03a8\u03b1\u03bb\u03af\u03b4\u03b9-\u039a\u03b5\u03bd\u03c4\u03ae\u03bc\u03b1\u03c4\u03bf\u03c2-9cm-\u03a0\u03b5\u03bb\u03b1\u03c1\u03b3\u03cc\u03c2-Prym-611445-2.jpg","width":800,"height":800},{"@type":"BreadcrumbList","@id":"https:\/\/happyinaknit.com\/produktas\/prym-zirkles-gandras\/#breadcrumb","itemListElement":[{"@type":"ListItem","position":1,"name":"Home","item":"https:\/\/happyinaknit.com\/lt\/"},{"@type":"ListItem","position":2,"name":"Parduotuv\u0117","item":"https:\/\/happyinaknit.com\/lt\/parduotuve\/"},{"@type":"ListItem","position":3,"name":"Prym \u017eirkl\u0117s \u201eGandras\u201c"}]},{"@type":"WebSite","@id":"https:\/\/happyinaknit.com\/lt\/#website","url":"https:\/\/happyinaknit.com\/lt\/","name":"Happyinaknit.com","description":"","potentialAction":[{"@type":"SearchAction","target":{"@type":"EntryPoint","urlTemplate":"https:\/\/happyinaknit.com\/lt\/?s={search_term_string}"},"query-input":{"@type":"PropertyValueSpecification","valueRequired":true,"valueName":"search_term_string"}}],"inLanguage":"lt-LT"}]}},"_links":{"self":[{"href":"https:\/\/happyinaknit.com\/lt\/wp-json\/wp\/v2\/product\/5789","targetHints":{"allow":["GET"]}}],"collection":[{"href":"https:\/\/happyinaknit.com\/lt\/wp-json\/wp\/v2\/product"}],"about":[{"href":"https:\/\/happyinaknit.com\/lt\/wp-json\/wp\/v2\/types\/product"}],"replies":[{"embeddable":true,"href":"https:\/\/happyinaknit.com\/lt\/wp-json\/wp\/v2\/comments?post=5789"}],"wp:featuredmedia":[{"embeddable":true,"href":"https:\/\/happyinaknit.com\/lt\/wp-json\/wp\/v2\/media\/5790"}],"wp:attachment":[{"href":"https:\/\/happyinaknit.com\/lt\/wp-json\/wp\/v2\/media?parent=5789"}],"wp:term":[{"taxonomy":"product_brand","embeddable":true,"href":"https:\/\/happyinaknit.com\/lt\/wp-json\/wp\/v2\/product_brand?post=5789"},{"taxonomy":"product_cat","embeddable":true,"href":"https:\/\/happyinaknit.com\/lt\/wp-json\/wp\/v2\/product_cat?post=5789"},{"taxonomy":"product_tag","embeddable":true,"href":"https:\/\/happyinaknit.com\/lt\/wp-json\/wp\/v2\/product_tag?post=5789"},{"taxonomy":"pro-kategorijos","embeddable":true,"href":"https:\/\/happyinaknit.com\/lt\/wp-json\/wp\/v2\/pro-kategorijos?post=5789"}],"curies":[{"name":"wp","href":"https:\/\/api.w.org\/{rel}","templated":true}]}}